{"id":6794,"date":"2021-04-27T14:29:56","date_gmt":"2021-04-27T12:29:56","guid":{"rendered":"https:\/\/frontaliers-grandest.eu\/?page_id=6794"},"modified":"2021-05-04T11:58:26","modified_gmt":"2021-05-04T09:58:26","slug":"im-allgemeinbildenden-sekundarunterricht","status":"publish","type":"page","link":"https:\/\/frontaliers-grandest.eu\/de\/startseite\/fremdsprachen-lernen\/das-lernen-von-fremdsprachen-ab-dem-kindesalter-bis-zum-abitur\/in-luxemburg\/das-lernen-von-fremdsprachen-in-luxemburg\/im-allgemeinbildenden-sekundarunterricht\/","title":{"rendered":"Im allgemeinbildenden Sekundarunterricht"},"content":{"rendered":"\n<p>Bei den Gymnasien (Lyc\u00e9es\/Lyzeen) wird zwischen allgemeinbildenden und technischen Gymnasien unterschieden.<br>Nach dem Ende von Stufe 4 des Elementar- und Primarbereichs (10, 11 Jahre) wird eine dieser Schulformen gew\u00e4hlt. Es handelt sich mehrheitlich um \u00f6ffentliche Gymnasien (35). Die privaten Gymnasien (5) ihrerseits verfolgen dieselben Lehrpl\u00e4ne, bieten jedoch gleichzeitig spezielle Klassen an.&nbsp;Im Sekundarbereich hat&nbsp;<strong>Luxemburgisch einen marginalen Stellenwert<\/strong>.<\/p>\n\n\n\n<h4 class=\"wp-block-heading\"><strong>Unterstufe (7.-9. Klasse)<\/strong><\/h4>\n\n\n\n<p>In der Unterstufe des Sekundarbereichs (12-15 Jahre) ist&nbsp;<strong>Deutsch<\/strong>&nbsp;die Verkehrssprache f\u00fcr alle Sachf\u00e4cher, mit Ausnahme des&nbsp;<strong>Franz\u00f6sisch-<\/strong>&nbsp;und des Mathematikunterrichts. Dass zun\u00e4chst Deutsch als Verkehrssprache f\u00fcr die anderen F\u00e4cher fungiert, ist eine Vorschrift im luxemburgischen Bildungssystem: Danach wird nach und nach&nbsp;<strong>Franz\u00f6sisch<\/strong>&nbsp;zur Unterrichtssprache f\u00fcr die Sachf\u00e4cher.<br><strong>Englisch<\/strong>&nbsp;wird ab der der 8. Klasse im sogenannten \u201emodernen\u201c Zug des Sekundarbereichs und ab der 9. Klasse im \u201eklassischen\u201c Zug unterrichtet.<\/p>\n\n\n\n<h5 class=\"wp-block-heading\"><strong>Die speziellen Klassen in der Unterstufe des Sekundarbereichs:<\/strong><\/h5>\n\n\n\n<ul class=\"wp-block-list\"><li><strong>ALLET-Klassen: Verst\u00e4rkter Deutschunterricht<\/strong><br>Wenn Sch\u00fcler\/-innen \u00fcber sehr gute Franz\u00f6sisch- und Mathematikkenntnisse verf\u00fcgen, aber im Deutschen L\u00fccken haben, k\u00f6nnen sie eine Klasse mit Intensivierungsstunden f\u00fcr&nbsp;<strong>Deutsch<\/strong>&nbsp;besuchen (ALLET-Klasse). Damit die Sch\u00fcler\/-innen in der 10. Klasse den normalen Unterricht besuchen k\u00f6nnen, werden in der ALLET-Klasse zwei Deutschstunden mehr gegeben.<\/li><li><strong>\u201eFRAN\u00c7AIS+\u201c-Klassen:<\/strong><br>Wenn Sch\u00fcler\/-innen \u00fcber sehr gute Deutsch- und Mathematikkenntnisse verf\u00fcgen, aber im Franz\u00f6sischen L\u00fccken haben, k\u00f6nnen sie eine Klasse mit Intensivierungsstunden f\u00fcr&nbsp;<strong>Franz\u00f6sisch<\/strong>&nbsp;besuchen. Damit die Sch\u00fcler\/-innen in der 10. Klasse den normalen Unterricht besuchen k\u00f6nnen, gibt es in diesen Klassen einen verst\u00e4rkten Franz\u00f6sischunterricht.<\/li><li><strong>Vorbereitungsklassen f\u00fcr die internationalen Zweige:&nbsp;<\/strong><br>Die Vorbereitungsklassen f\u00fcr&nbsp;<strong>Englisch<\/strong>&nbsp;(7. bis 9. Klasse) bereiten die Sch\u00fcler\/-innen auf die internationalen Zweige (6 Wochenstunden Englisch) vor.<\/li><\/ul>\n\n\n\n<h4 class=\"wp-block-heading\"><strong>Oberstufe&nbsp;(10. bis 13. Klasse, 15 bis 18 Jahre)<\/strong><\/h4>\n\n\n\n<p>Ab der 10. Klasse&nbsp;<strong>werden alle Sachf\u00e4cher auf Franz\u00f6sisch<\/strong><strong>unterrichtet<\/strong>&nbsp;(mit Ausnahme des Deutsch- und des Englischunterrichts).<br>Ab der 11. Klasse k\u00f6nnen die Sch\u00fcler\/-innen eine vierte lebende Sprache w\u00e4hlen:&nbsp;<strong>Italienisch, Spanisch oder Portugiesisch<\/strong>.<\/p>\n\n\n\n<h5 class=\"wp-block-heading\"><strong>Die europ\u00e4ischen Zweige<\/strong>:<\/h5>\n\n\n\n<p>Einige Gymnasien bieten europ\u00e4ische Zweige an (Englisch, Spanisch oder Deutsch). Sie werden mit dem&nbsp;<strong>Abitur<\/strong>&nbsp;abgeschlossen, einhergehend mit dem Vermerk<strong>&nbsp;\u201eEurop\u00e4ischer Zweig\u201c<\/strong>, der&nbsp;<strong>ein in Europa anerkanntes Sprachniveau bescheinigt.<\/strong><br>Dieser Zweig umfasst drei Jahre und besteht aus verst\u00e4rktem Fremdsprachenunterricht und Fachunterricht in der jeweiligen Fremdsprache (zum Beispiel in Geschichte\/Geografie).<\/p>\n\n\n\n<p>Eine \u00dcbersicht \u00fcber die Gymnasien in Luxemburg finden Sie auf der Website des Ministeriums f\u00fcr Bildung, Kinder und Jugend:<br><a href=\"http:\/\/www.men.public.lu\/catalogue-publications\/fondamental\/passage-fondamental-es-est\/que-faire-apres-la-4eme\/fr.pdf\" target=\"_blank\" rel=\"noreferrer noopener\">http:\/\/www.men.public.lu\/catalogue-publications\/fondamental\/passage-fondamental-es-est\/que-faire-apres-la-4eme\/fr.pdf<\/a><\/p>\n\n\n\n<h5 class=\"wp-block-heading\"><strong>Die internationalen Schulen<\/strong><\/h5>\n\n\n\n<p>Luxemburg ist seit Beginn der europ\u00e4ischen Integration Sitz einer ganzen Reihe von europ\u00e4ischen Institutionen sowie zahlreicher Banken und internationaler Unternehmen. Neben dem \u201eklassischen\u201c Bildungssystem gibt es in Luxemburg internationale \u2013 vorwiegend&nbsp;<strong>anglophone<\/strong>&nbsp;und&nbsp;<strong>frankophone<\/strong>&nbsp;\u2013 schulische Einrichtungen, die ihr Angebot gezielt auf die Kinder von in Luxemburg lebenden Ausl\u00e4ndern ausgerichtet haben. Diese Schulen decken teilweise die gesamte Schulzeit vom Elementarbereich bis zum Sekundarbereich ab.<\/p>\n\n\n\n<ul class=\"wp-block-list\"><li><strong>Internationale Schule in Differdingen<\/strong><br>Die \u00c9cole internationale de Differdange (EIDD) wurde im September 2016 er\u00f6ffnet. Die EIDD ist die erste \u00f6ffentliche internationale Schule, deren kostenloses Bildungsangebot das gesamte Spektrum vom Elementarbereich bis zum Sekundarbereich abdeckt. An der EIDD gibt es zwei Sprachzweige,&nbsp;<strong>einen franz\u00f6sischen und einen englischen<\/strong>. Abgesehen vom Sprachunterricht werden alle Sachf\u00e4cher in der Sprache des gew\u00e4hlten Zweigs unterrichtet (Englisch oder Franz\u00f6sisch).<br><a href=\"http:\/\/portal.education.lu\/eid\/\" target=\"_blank\" rel=\"noreferrer noopener\">http:\/\/portal.education.lu\/eid\/<\/a><\/li><li><strong>Lyc\u00e9e Vauban<\/strong>:<br>Das franz\u00f6sische Gymnasium (Coll\u00e8ge (Sekundarstufe I) und Lyc\u00e9e (Sekundarstufe II)) richtet sich an franz\u00f6sischsprachige Sch\u00fcler\/-innen aus allen L\u00e4ndern. Alle Sch\u00fcler\/-innen lernen ab der 6. Klasse gleichzeitig Englisch und Deutsch. Die Schule bietet die europ\u00e4ischen Zweige \u201eEnglisch\u201c und \u201eDeutsch\u201c sowie die internationalen Zweige \u201eEnglisch\u201c und \u201eDeutsch\u201c an.<br><a href=\"https:\/\/www.vauban.lu\/\" target=\"_blank\" rel=\"noreferrer noopener\">https:\/\/www.vauban.lu<\/a>\/<\/li><li><strong>Deutsch-Luxemburgisches Schengen-Lyzeum in Perl (SLP)<\/strong>&nbsp;(Sekundarstufen I und II): <br>Das im Saarland an der deutsch-luxemburgischen Grenze liegende Schengen-Lyzeum in Perl hat die gemeinsame Unterrichtung von Sch\u00fclerinnen und Sch\u00fclern verschiedener nationaler Herkunft zum Ziel (Abkommen zwischen der Regierung des Gro\u00dfherzogtums Luxemburg und der Regierung des Saarlandes). Das SLP vereint in sich Elemente beider Schulsysteme. Die Unterrichtssprache ist in der \u00fcberwiegenden Mehrheit der F\u00e4cher&nbsp;<strong>Deutsch.<\/strong>&nbsp;Einige F\u00e4cher werden auf&nbsp;<strong>Franz\u00f6sisch<\/strong>&nbsp;unterrichtet. In den Klassenstufen 5 und 6 steht das Unterrichtsfach Luxemburgisch im Lehrplan (1 Wochenstunde). Englisch wird ab der 7. Klasse unterrichtet. Die Anerkennung der an der Schule erworbenen Zeugnisse und Abschl\u00fcsse wird von beiden L\u00e4ndern garantiert.<br><a href=\"http:\/\/www.schengenlyzeum.eu\/\" target=\"_blank\" rel=\"noreferrer noopener\">http:\/\/www.schengenlyzeum.eu\/<\/a><\/li><\/ul>\n\n\n\n<h5 class=\"wp-block-heading\"><strong>Europ\u00e4ische Schulen<\/strong><\/h5>\n\n\n\n<p>Diese Schulen f\u00fchren zum&nbsp;<strong>Europ\u00e4ischen Abitur<\/strong>.<\/p>\n\n\n\n<p>Mit dem&nbsp;<strong>Europ\u00e4ischen Abitur<\/strong>&nbsp;wird der Abschluss der Sekundarschulbildung an einer Europ\u00e4ischen Schule bescheinigt. Es ist in allen L\u00e4ndern der Europ\u00e4ischen Union und auch in einer Reihe weiterer L\u00e4nder offiziell als Zugangsqualifikation zum Hochschulstudium anerkannt.<\/p>\n\n\n\n<p>Europ\u00e4ische Schule Luxemburg&nbsp;1&nbsp;(Luxemburg-Kirchberg)<br>Europ\u00e4ische Schule Luxemburg 2&nbsp;(Bertrange-Mamer)<br>Beide Europ\u00e4ischen Schulen bieten&nbsp;<strong>englische, franz\u00f6sische und deutsche Zweige<\/strong>&nbsp;vom Kindergarten bis zum Abitur. Die Sch\u00fcler\/-innen werden entsprechend ihrer Nationalit\u00e4t automatisch entweder von der Europ\u00e4ischen Schule Luxemburg&nbsp;1 (10 Nationalit\u00e4ten) oder der Europ\u00e4ischen Schule Luxemburg&nbsp;2 (10 andere Nationalit\u00e4ten) aufgenommen.<br><a href=\"http:\/\/www.euroschool.lu\/\" target=\"_blank\" rel=\"noreferrer noopener\">http:\/\/www.euroschool.lu<\/a><\/p>\n\n\n\n<h5 class=\"wp-block-heading\"><strong>Gymnasien, die zu einem Internationalen Abitur f\u00fchren<\/strong><\/h5>\n\n\n\n<p>Beim&nbsp;<a href=\"http:\/\/www.ibo.org\/fr\/\" target=\"_blank\" rel=\"noreferrer noopener\">Internationalen Abitur<\/a>&nbsp;(International Baccalaureate \u2013 IB) handelt es sich um ein klassisches Abitur (allgemeinbildender Abschluss), das in 140 L\u00e4ndern der Welt erworben werden kann. In Luxemburg werden die Zweige&nbsp;<strong>Franz\u00f6sisch und Englisch<\/strong>&nbsp;angeboten. Das Curriculum richtet sich an junge Menschen, die vor Kurzem ins Land gekommen sind, sowie an junge Menschen, die sich f\u00fcr eine anspruchsvolle Sekundarschulbildung auf Franz\u00f6sisch oder Englisch interessieren.<\/p>\n\n\n\n<ul class=\"wp-block-list\"><li><strong>\u00d6ffentliche Schulen<\/strong><ul><li>Lyc\u00e9e Ath\u00e9n\u00e9e de Luxembourg:&nbsp;<a href=\"http:\/\/www.al.lu\/index.php\" target=\"_blank\" rel=\"noreferrer noopener\">http:\/\/www.al.lu\/index.php<\/a>&nbsp;(Englisch)<\/li><li>Lyc\u00e9e technique du Centre:&nbsp;<a href=\"https:\/\/www.ltc.lu\/index.php\" target=\"_blank\" rel=\"noreferrer noopener\">https:\/\/www.ltc.lu\/index.php<\/a>&nbsp;(Englisch)<\/li><\/ul><\/li><li><strong>Private Schulen<\/strong><ul><li>International School of Luxembourg asbl:&nbsp;<a href=\"http:\/\/www.islux.lu\/\" target=\"_blank\" rel=\"noreferrer noopener\">www.islux.lu<\/a>&nbsp;(Englisch)<\/li><li>Fr\u00e4i-\u00ebffentlech Waldorfschoul L\u00ebtzebuerg asbl:&nbsp;<a href=\"http:\/\/waldorf.lu\/index.php\" target=\"_blank\" rel=\"noreferrer noopener\">http:\/\/waldorf.lu\/index.php<\/a>&nbsp;(Deutsch-Franz\u00f6sisch)<\/li><\/ul><\/li><\/ul>\n\n\n\n<h5 class=\"wp-block-heading\"><strong>Englische A-Level-Klassen<\/strong><\/h5>\n\n\n\n<p><strong>St. George International School&nbsp;Luxembourg&nbsp;<\/strong>(Privatschule)<br>An der St. George International School werden Sch\u00fcler von 3 bis 18 Jahre unterrichtet.&nbsp;<strong>Unterrichtssprache ist Englisch<\/strong>, und als Zweit- bzw. Drittsprache stehen<strong>&nbsp;Franz\u00f6sisch und\/oder Deutsch<\/strong>&nbsp;zur Auswahl. Der Unterricht bereitet auf die Abschl\u00fcsse&nbsp;<strong>IGCSE (International General Certificate of Secondary Education) und Advanced Level (A-Level)<\/strong>&nbsp;vor, die den Zugang zu Hochschulen auf der ganzen Welt erm\u00f6glichen.<br><a href=\"http:\/\/www.st-georges.lu\/\" target=\"_blank\" rel=\"noreferrer noopener\">http:\/\/www.st-georges.lu\/<\/a>&nbsp;<\/p>\n\n\n\n<h5 class=\"wp-block-heading\"><strong>Gymnasien mit einem speziellen p\u00e4dagogischen Konzept<\/strong>:<\/h5>\n\n\n\n<p>Diese \u00f6ffentlichen Einrichtungen des allgemeinbildenden und technischen Sekundarschulbereichs haben einen besonderen Status zur Erprobung innovativer p\u00e4dagogischer Konzepte. Sie bieten dieselben Curricula an und bereiten auf die gleichen Abschl\u00fcsse vor wie die \u201eklassischen\u201c weiterf\u00fchrenden Schulen.<\/p>\n\n\n\n<ul class=\"wp-block-list\"><li><strong>Gymnasium Ermesinde Mersch:&nbsp;<\/strong><br>Das Gymnasium zeichnet sich durch sein Bildungskonzept und die partizipative Unterrichtsgestaltung aus und weniger durch die Besonderheit der an ihm unterrichteten F\u00e4cher. F\u00f6rderp\u00e4dagogik und Lernen von Fremdsprachen in Sachf\u00e4chern.<br><a href=\"http:\/\/www.lycee-ermesinde.lu\/\" target=\"_blank\" rel=\"noreferrer noopener\">http:\/\/www.lycee-ermesinde.lu\/<\/a><\/li><\/ul>\n","protected":false},"excerpt":{"rendered":"<p>Bei den Gymnasien (Lyc\u00e9es\/Lyzeen) wird zwischen allgemeinbildenden und technischen Gymnasien unterschieden.Nach dem Ende von Stufe 4 des Elementar- und Primarbereichs (10, 11 Jahre) wird eine dieser Schulformen gew\u00e4hlt. Es handelt sich mehrheitlich um \u00f6ffentliche Gymnasien (35). Die privaten Gymnasien (5) ihrerseits verfolgen dieselben Lehrpl\u00e4ne, bieten jedoch gleichzeitig spezielle Klassen an.&nbsp;Im Sekundarbereich hat&nbsp;Luxemburgisch einen marginalen Stellenwert. [&hellip;]<\/p>\n","protected":false},"author":7,"featured_media":0,"parent":6787,"menu_order":2,"comment_status":"closed","ping_status":"closed","template":"","meta":{"inline_featured_image":false,"footnotes":""},"tags":[],"frge_profile":[],"class_list":["post-6794","page","type-page","status-publish","hentry"],"yoast_head":"<!-- This site is optimized with the Yoast SEO plugin v27.1.1 - https:\/\/yoast.com\/product\/yoast-seo-wordpress\/ -->\n<title>Im allgemeinbildenden Sekundarunterricht - Frontaliers Grand Est<\/title>\n<meta name=\"robots\" content=\"index, follow, max-snippet:-1, max-image-preview:large, max-video-preview:-1\" \/>\n<link rel=\"canonical\" href=\"https:\/\/frontaliers-grandest.eu\/de\/startseite\/fremdsprachen-lernen\/das-lernen-von-fremdsprachen-ab-dem-kindesalter-bis-zum-abitur\/in-luxemburg\/das-lernen-von-fremdsprachen-in-luxemburg\/im-allgemeinbildenden-sekundarunterricht\/\" \/>\n<meta property=\"og:locale\" content=\"de_DE\" \/>\n<meta property=\"og:type\" content=\"article\" \/>\n<meta property=\"og:title\" content=\"Im allgemeinbildenden Sekundarunterricht - Frontaliers Grand Est\" \/>\n<meta property=\"og:description\" content=\"Bei den Gymnasien (Lyc\u00e9es\/Lyzeen) wird zwischen allgemeinbildenden und technischen Gymnasien unterschieden.Nach dem Ende von Stufe 4 des Elementar- und Primarbereichs (10, 11 Jahre) wird eine dieser Schulformen gew\u00e4hlt. Es handelt sich mehrheitlich um \u00f6ffentliche Gymnasien (35). Die privaten Gymnasien (5) ihrerseits verfolgen dieselben Lehrpl\u00e4ne, bieten jedoch gleichzeitig spezielle Klassen an.&nbsp;Im Sekundarbereich hat&nbsp;Luxemburgisch einen marginalen Stellenwert. [&hellip;]\" \/>\n<meta property=\"og:url\" content=\"https:\/\/frontaliers-grandest.eu\/de\/startseite\/fremdsprachen-lernen\/das-lernen-von-fremdsprachen-ab-dem-kindesalter-bis-zum-abitur\/in-luxemburg\/das-lernen-von-fremdsprachen-in-luxemburg\/im-allgemeinbildenden-sekundarunterricht\/\" \/>\n<meta property=\"og:site_name\" content=\"Frontaliers Grand Est\" \/>\n<meta property=\"article:publisher\" content=\"https:\/\/www.facebook.com\/frontaliers.GR.EST\/?locale=fr_FR\" \/>\n<meta property=\"article:modified_time\" content=\"2021-05-04T09:58:26+00:00\" \/>\n<meta name=\"twitter:card\" content=\"summary_large_image\" \/>\n<meta name=\"twitter:label1\" content=\"Gesch\u00e4tzte Lesezeit\" \/>\n\t<meta name=\"twitter:data1\" content=\"5\u00a0Minuten\" \/>\n<script type=\"application\/ld+json\" class=\"yoast-schema-graph\">{\"@context\":\"https:\/\/schema.org\",\"@graph\":[{\"@type\":\"WebPage\",\"@id\":\"https:\/\/frontaliers-grandest.eu\/de\/startseite\/fremdsprachen-lernen\/das-lernen-von-fremdsprachen-ab-dem-kindesalter-bis-zum-abitur\/in-luxemburg\/das-lernen-von-fremdsprachen-in-luxemburg\/im-allgemeinbildenden-sekundarunterricht\/\",\"url\":\"https:\/\/frontaliers-grandest.eu\/de\/startseite\/fremdsprachen-lernen\/das-lernen-von-fremdsprachen-ab-dem-kindesalter-bis-zum-abitur\/in-luxemburg\/das-lernen-von-fremdsprachen-in-luxemburg\/im-allgemeinbildenden-sekundarunterricht\/\",\"name\":\"Im allgemeinbildenden Sekundarunterricht - Frontaliers Grand Est\",\"isPartOf\":{\"@id\":\"https:\/\/frontaliers-grandest.eu\/de\/#website\"},\"datePublished\":\"2021-04-27T12:29:56+00:00\",\"dateModified\":\"2021-05-04T09:58:26+00:00\",\"breadcrumb\":{\"@id\":\"https:\/\/frontaliers-grandest.eu\/de\/startseite\/fremdsprachen-lernen\/das-lernen-von-fremdsprachen-ab-dem-kindesalter-bis-zum-abitur\/in-luxemburg\/das-lernen-von-fremdsprachen-in-luxemburg\/im-allgemeinbildenden-sekundarunterricht\/#breadcrumb\"},\"inLanguage\":\"de\",\"potentialAction\":[{\"@type\":\"ReadAction\",\"target\":[\"https:\/\/frontaliers-grandest.eu\/de\/startseite\/fremdsprachen-lernen\/das-lernen-von-fremdsprachen-ab-dem-kindesalter-bis-zum-abitur\/in-luxemburg\/das-lernen-von-fremdsprachen-in-luxemburg\/im-allgemeinbildenden-sekundarunterricht\/\"]}]},{\"@type\":\"BreadcrumbList\",\"@id\":\"https:\/\/frontaliers-grandest.eu\/de\/startseite\/fremdsprachen-lernen\/das-lernen-von-fremdsprachen-ab-dem-kindesalter-bis-zum-abitur\/in-luxemburg\/das-lernen-von-fremdsprachen-in-luxemburg\/im-allgemeinbildenden-sekundarunterricht\/#breadcrumb\",\"itemListElement\":[{\"@type\":\"ListItem\",\"position\":1,\"name\":\"Startseite\",\"item\":\"https:\/\/frontaliers-grandest.eu\/de\/\"},{\"@type\":\"ListItem\",\"position\":2,\"name\":\"Fremdsprachen Lernen\",\"item\":\"https:\/\/frontaliers-grandest.eu\/de\/startseite\/fremdsprachen-lernen\/\"},{\"@type\":\"ListItem\",\"position\":3,\"name\":\"Das lernen von fremdsprachen ab dem kindesalter bis zum abitur\",\"item\":\"https:\/\/frontaliers-grandest.eu\/de\/startseite\/fremdsprachen-lernen\/das-lernen-von-fremdsprachen-ab-dem-kindesalter-bis-zum-abitur\/\"},{\"@type\":\"ListItem\",\"position\":4,\"name\":\"In Luxemburg\",\"item\":\"https:\/\/frontaliers-grandest.eu\/de\/startseite\/fremdsprachen-lernen\/das-lernen-von-fremdsprachen-ab-dem-kindesalter-bis-zum-abitur\/in-luxemburg\/\"},{\"@type\":\"ListItem\",\"position\":5,\"name\":\"Das Lernen von Fremdsprachen in Luxemburg\",\"item\":\"https:\/\/frontaliers-grandest.eu\/de\/startseite\/fremdsprachen-lernen\/das-lernen-von-fremdsprachen-ab-dem-kindesalter-bis-zum-abitur\/in-luxemburg\/das-lernen-von-fremdsprachen-in-luxemburg\/\"},{\"@type\":\"ListItem\",\"position\":6,\"name\":\"Im allgemeinbildenden Sekundarunterricht\"}]},{\"@type\":\"WebSite\",\"@id\":\"https:\/\/frontaliers-grandest.eu\/de\/#website\",\"url\":\"https:\/\/frontaliers-grandest.eu\/de\/\",\"name\":\"Frontaliers Grand Est\",\"description\":\"Le site ressource du travail frontalier\",\"publisher\":{\"@id\":\"https:\/\/frontaliers-grandest.eu\/de\/#organization\"},\"alternateName\":\"Frontaliers Grand Est\",\"potentialAction\":[{\"@type\":\"SearchAction\",\"target\":{\"@type\":\"EntryPoint\",\"urlTemplate\":\"https:\/\/frontaliers-grandest.eu\/de\/?s={search_term_string}\"},\"query-input\":{\"@type\":\"PropertyValueSpecification\",\"valueRequired\":true,\"valueName\":\"search_term_string\"}}],\"inLanguage\":\"de\"},{\"@type\":\"Organization\",\"@id\":\"https:\/\/frontaliers-grandest.eu\/de\/#organization\",\"name\":\"Frontaliers Grand Est\",\"alternateName\":\"Frontaliers Grand Est\",\"url\":\"https:\/\/frontaliers-grandest.eu\/de\/\",\"logo\":{\"@type\":\"ImageObject\",\"inLanguage\":\"de\",\"@id\":\"https:\/\/frontaliers-grandest.eu\/de\/#\/schema\/logo\/image\/\",\"url\":\"https:\/\/frontaliers-grandest.eu\/wp-content\/uploads\/2025\/07\/260328234_2966785176920310_3332838526503858160_n.jpg\",\"contentUrl\":\"https:\/\/frontaliers-grandest.eu\/wp-content\/uploads\/2025\/07\/260328234_2966785176920310_3332838526503858160_n.jpg\",\"width\":396,\"height\":396,\"caption\":\"Frontaliers Grand Est\"},\"image\":{\"@id\":\"https:\/\/frontaliers-grandest.eu\/de\/#\/schema\/logo\/image\/\"},\"sameAs\":[\"https:\/\/www.facebook.com\/frontaliers.GR.EST\/?locale=fr_FR\"]}]}<\/script>\n<!-- \/ Yoast SEO plugin. -->","yoast_head_json":{"title":"Im allgemeinbildenden Sekundarunterricht - Frontaliers Grand Est","robots":{"index":"index","follow":"follow","max-snippet":"max-snippet:-1","max-image-preview":"max-image-preview:large","max-video-preview":"max-video-preview:-1"},"canonical":"https:\/\/frontaliers-grandest.eu\/de\/startseite\/fremdsprachen-lernen\/das-lernen-von-fremdsprachen-ab-dem-kindesalter-bis-zum-abitur\/in-luxemburg\/das-lernen-von-fremdsprachen-in-luxemburg\/im-allgemeinbildenden-sekundarunterricht\/","og_locale":"de_DE","og_type":"article","og_title":"Im allgemeinbildenden Sekundarunterricht - Frontaliers Grand Est","og_description":"Bei den Gymnasien (Lyc\u00e9es\/Lyzeen) wird zwischen allgemeinbildenden und technischen Gymnasien unterschieden.Nach dem Ende von Stufe 4 des Elementar- und Primarbereichs (10, 11 Jahre) wird eine dieser Schulformen gew\u00e4hlt. Es handelt sich mehrheitlich um \u00f6ffentliche Gymnasien (35). Die privaten Gymnasien (5) ihrerseits verfolgen dieselben Lehrpl\u00e4ne, bieten jedoch gleichzeitig spezielle Klassen an.&nbsp;Im Sekundarbereich hat&nbsp;Luxemburgisch einen marginalen Stellenwert. [&hellip;]","og_url":"https:\/\/frontaliers-grandest.eu\/de\/startseite\/fremdsprachen-lernen\/das-lernen-von-fremdsprachen-ab-dem-kindesalter-bis-zum-abitur\/in-luxemburg\/das-lernen-von-fremdsprachen-in-luxemburg\/im-allgemeinbildenden-sekundarunterricht\/","og_site_name":"Frontaliers Grand Est","article_publisher":"https:\/\/www.facebook.com\/frontaliers.GR.EST\/?locale=fr_FR","article_modified_time":"2021-05-04T09:58:26+00:00","twitter_card":"summary_large_image","twitter_misc":{"Gesch\u00e4tzte Lesezeit":"5\u00a0Minuten"},"schema":{"@context":"https:\/\/schema.org","@graph":[{"@type":"WebPage","@id":"https:\/\/frontaliers-grandest.eu\/de\/startseite\/fremdsprachen-lernen\/das-lernen-von-fremdsprachen-ab-dem-kindesalter-bis-zum-abitur\/in-luxemburg\/das-lernen-von-fremdsprachen-in-luxemburg\/im-allgemeinbildenden-sekundarunterricht\/","url":"https:\/\/frontaliers-grandest.eu\/de\/startseite\/fremdsprachen-lernen\/das-lernen-von-fremdsprachen-ab-dem-kindesalter-bis-zum-abitur\/in-luxemburg\/das-lernen-von-fremdsprachen-in-luxemburg\/im-allgemeinbildenden-sekundarunterricht\/","name":"Im allgemeinbildenden Sekundarunterricht - Frontaliers Grand Est","isPartOf":{"@id":"https:\/\/frontaliers-grandest.eu\/de\/#website"},"datePublished":"2021-04-27T12:29:56+00:00","dateModified":"2021-05-04T09:58:26+00:00","breadcrumb":{"@id":"https:\/\/frontaliers-grandest.eu\/de\/startseite\/fremdsprachen-lernen\/das-lernen-von-fremdsprachen-ab-dem-kindesalter-bis-zum-abitur\/in-luxemburg\/das-lernen-von-fremdsprachen-in-luxemburg\/im-allgemeinbildenden-sekundarunterricht\/#breadcrumb"},"inLanguage":"de","potentialAction":[{"@type":"ReadAction","target":["https:\/\/frontaliers-grandest.eu\/de\/startseite\/fremdsprachen-lernen\/das-lernen-von-fremdsprachen-ab-dem-kindesalter-bis-zum-abitur\/in-luxemburg\/das-lernen-von-fremdsprachen-in-luxemburg\/im-allgemeinbildenden-sekundarunterricht\/"]}]},{"@type":"BreadcrumbList","@id":"https:\/\/frontaliers-grandest.eu\/de\/startseite\/fremdsprachen-lernen\/das-lernen-von-fremdsprachen-ab-dem-kindesalter-bis-zum-abitur\/in-luxemburg\/das-lernen-von-fremdsprachen-in-luxemburg\/im-allgemeinbildenden-sekundarunterricht\/#breadcrumb","itemListElement":[{"@type":"ListItem","position":1,"name":"Startseite","item":"https:\/\/frontaliers-grandest.eu\/de\/"},{"@type":"ListItem","position":2,"name":"Fremdsprachen Lernen","item":"https:\/\/frontaliers-grandest.eu\/de\/startseite\/fremdsprachen-lernen\/"},{"@type":"ListItem","position":3,"name":"Das lernen von fremdsprachen ab dem kindesalter bis zum abitur","item":"https:\/\/frontaliers-grandest.eu\/de\/startseite\/fremdsprachen-lernen\/das-lernen-von-fremdsprachen-ab-dem-kindesalter-bis-zum-abitur\/"},{"@type":"ListItem","position":4,"name":"In Luxemburg","item":"https:\/\/frontaliers-grandest.eu\/de\/startseite\/fremdsprachen-lernen\/das-lernen-von-fremdsprachen-ab-dem-kindesalter-bis-zum-abitur\/in-luxemburg\/"},{"@type":"ListItem","position":5,"name":"Das Lernen von Fremdsprachen in Luxemburg","item":"https:\/\/frontaliers-grandest.eu\/de\/startseite\/fremdsprachen-lernen\/das-lernen-von-fremdsprachen-ab-dem-kindesalter-bis-zum-abitur\/in-luxemburg\/das-lernen-von-fremdsprachen-in-luxemburg\/"},{"@type":"ListItem","position":6,"name":"Im allgemeinbildenden Sekundarunterricht"}]},{"@type":"WebSite","@id":"https:\/\/frontaliers-grandest.eu\/de\/#website","url":"https:\/\/frontaliers-grandest.eu\/de\/","name":"Frontaliers Grand Est","description":"Le site ressource du travail frontalier","publisher":{"@id":"https:\/\/frontaliers-grandest.eu\/de\/#organization"},"alternateName":"Frontaliers Grand Est","potentialAction":[{"@type":"SearchAction","target":{"@type":"EntryPoint","urlTemplate":"https:\/\/frontaliers-grandest.eu\/de\/?s={search_term_string}"},"query-input":{"@type":"PropertyValueSpecification","valueRequired":true,"valueName":"search_term_string"}}],"inLanguage":"de"},{"@type":"Organization","@id":"https:\/\/frontaliers-grandest.eu\/de\/#organization","name":"Frontaliers Grand Est","alternateName":"Frontaliers Grand Est","url":"https:\/\/frontaliers-grandest.eu\/de\/","logo":{"@type":"ImageObject","inLanguage":"de","@id":"https:\/\/frontaliers-grandest.eu\/de\/#\/schema\/logo\/image\/","url":"https:\/\/frontaliers-grandest.eu\/wp-content\/uploads\/2025\/07\/260328234_2966785176920310_3332838526503858160_n.jpg","contentUrl":"https:\/\/frontaliers-grandest.eu\/wp-content\/uploads\/2025\/07\/260328234_2966785176920310_3332838526503858160_n.jpg","width":396,"height":396,"caption":"Frontaliers Grand Est"},"image":{"@id":"https:\/\/frontaliers-grandest.eu\/de\/#\/schema\/logo\/image\/"},"sameAs":["https:\/\/www.facebook.com\/frontaliers.GR.EST\/?locale=fr_FR"]}]}},"frge_page_order":0,"_links":{"self":[{"href":"https:\/\/frontaliers-grandest.eu\/de\/wp-json\/wp\/v2\/pages\/6794","targetHints":{"allow":["GET"]}}],"collection":[{"href":"https:\/\/frontaliers-grandest.eu\/de\/wp-json\/wp\/v2\/pages"}],"about":[{"href":"https:\/\/frontaliers-grandest.eu\/de\/wp-json\/wp\/v2\/types\/page"}],"author":[{"embeddable":true,"href":"https:\/\/frontaliers-grandest.eu\/de\/wp-json\/wp\/v2\/users\/7"}],"replies":[{"embeddable":true,"href":"https:\/\/frontaliers-grandest.eu\/de\/wp-json\/wp\/v2\/comments?post=6794"}],"version-history":[{"count":2,"href":"https:\/\/frontaliers-grandest.eu\/de\/wp-json\/wp\/v2\/pages\/6794\/revisions"}],"predecessor-version":[{"id":7031,"href":"https:\/\/frontaliers-grandest.eu\/de\/wp-json\/wp\/v2\/pages\/6794\/revisions\/7031"}],"up":[{"embeddable":true,"href":"https:\/\/frontaliers-grandest.eu\/de\/wp-json\/wp\/v2\/pages\/6787"}],"wp:attachment":[{"href":"https:\/\/frontaliers-grandest.eu\/de\/wp-json\/wp\/v2\/media?parent=6794"}],"wp:term":[{"taxonomy":"post_tag","embeddable":true,"href":"https:\/\/frontaliers-grandest.eu\/de\/wp-json\/wp\/v2\/tags?post=6794"},{"taxonomy":"frge_profile","embeddable":true,"href":"https:\/\/frontaliers-grandest.eu\/de\/wp-json\/wp\/v2\/frge_profile?post=6794"}],"curies":[{"name":"wp","href":"https:\/\/api.w.org\/{rel}","templated":true}]}}