{"id":6789,"date":"2021-04-27T14:13:27","date_gmt":"2021-04-27T12:13:27","guid":{"rendered":"https:\/\/frontaliers-grandest.eu\/?page_id=6789"},"modified":"2021-05-04T11:58:16","modified_gmt":"2021-05-04T09:58:16","slug":"fruhkindliche-bildung","status":"publish","type":"page","link":"https:\/\/frontaliers-grandest.eu\/de\/startseite\/fremdsprachen-lernen\/das-lernen-von-fremdsprachen-ab-dem-kindesalter-bis-zum-abitur\/in-luxemburg\/das-lernen-von-fremdsprachen-in-luxemburg\/fruhkindliche-bildung\/","title":{"rendered":"Fr\u00fchkindliche Bildung"},"content":{"rendered":"\n<h4 class=\"wp-block-heading\">Die mehrsprachige Erziehung im Kleinkindalter<\/h4>\n\n\n\n<p>In der Kinderbetreuung und im Schulwesen werden alle drei Sprachen des Landes gesprochen und in der vom zust\u00e4ndigen Ministerium vorgegebenen Reihenfolge gelernt: zuerst Luxemburgisch und dann Deutsch und Franz\u00f6sisch.<\/p>\n\n\n\n<p>Die Betreuung in den Kinderkrippen \u00fcbernehmen haupts\u00e4chlich Betreuer\/-innen, die&nbsp;<strong>Luxemburgisch<\/strong>&nbsp;sprechen. So k\u00f6nnen sich die nicht luxemburgischsprachigen Kinder mit dieser Sprache vertraut machen, bevor sie in die Schule kommen.<\/p>\n\n\n\n<p>Bei den Kinderkrippen handelt es sich&nbsp;<strong>im Wesentlichen um staatlich gef\u00f6rderte Betreuungseinrichtungen<\/strong>, die sogenannten Services d\u2019\u00e9ducation et d\u2019accueil (Einrichtungen der Kindertagesbetreuung im Bereich der non-formalen Bildung \u2013 SEA). Daneben gibt es noch zahlreiche private, nicht staatlich gef\u00f6rderte Betreuungseinrichtungen, in denen h\u00e4ufig Franz\u00f6sisch gesprochen wird.<\/p>\n\n\n\n<h5 class=\"wp-block-heading\"><strong>Franz\u00f6sisch in den Kinderkrippen<\/strong><\/h5>\n\n\n\n<p>Die Regierung hat sich zum Ziel gesetzt, die Mehrsprachigkeit bereits im Kleinkindalter zu f\u00f6rdern, um die Kinder auf das Leben in der luxemburgischen Gesellschaft vorzubereiten. In den Kinderkrippen geht es darum, die Kinder im Alter von 1 bis 4 Jahren neben Luxemburgisch mit&nbsp;<strong>Franz\u00f6sisch<\/strong>&nbsp;vertraut zu machen. Die Betreuung \u00fcbernehmen p\u00e4dagogische Fachkr\u00e4fte, die Luxemburgisch und\/oder Franz\u00f6sisch sprechen. Diese Infrastruktur ist mit dem System des&nbsp;<strong>Gutscheins f\u00fcr au\u00dferschulische Kinderbetreuung (Ch\u00e8que service-accueil \u2013 CSA)<\/strong>&nbsp;verbunden. Genutzt werden kann dieses Angebot sowohl f\u00fcr die staatlich gef\u00f6rderten Krippen als auch f\u00fcr die Kinderkrippen privat-gewerblicher Tr\u00e4ger.<\/p>\n\n\n\n<ul class=\"wp-block-list\"><li><strong>Gutschein f\u00fcr au\u00dferschulische Kinderbetreuung<\/strong> (Ch\u00e8que service-accueil \u2013 CSA)<br><a href=\"http:\/\/www.cheque-service.lu\/\" target=\"_blank\" rel=\"noreferrer noopener\">www.cheque-service.lu<\/a><\/li><li><strong>Leitfaden der Betreuungseinrichtungen in Luxemburg&nbsp;<\/strong>(Krippen, Sch\u00fclerhorte, Kindertagesst\u00e4tten, Kinderg\u00e4rten)<strong>:&nbsp;<\/strong><br><a href=\"https:\/\/guidedescreches.lu\/\" target=\"_blank\" rel=\"noreferrer noopener\">https:\/\/guidedescreches.lu<\/a><\/li><li><strong>Beispiele f\u00fcr private Einrichtungen:<\/strong><ul><li>Kinderbetreuungseinrichtungen \u201eLa Luciole\u201c (Krippen, Sch\u00fclerhorte, Kindertagesst\u00e4tten):&nbsp;<br><a href=\"http:\/\/www.luciole.lu\/\" target=\"_blank\" rel=\"noreferrer noopener\">http:\/\/www.luciole.lu<\/a><\/li><li>\u201eKideaz\u201c-Kinderbetreuungseinrichtungen (Krippen, Kindertagesst\u00e4tten):&nbsp;<br><a href=\"https:\/\/www.kideaz.com\/\" target=\"_blank\" rel=\"noreferrer noopener\">https:\/\/www.kideaz.com<\/a><\/li><li>Kinderbetreuungseinrichtungen \u201eLa colline aux enfants\u201c&nbsp;(bilinguale franz\u00f6sisch-luxemburgische Krippen):&nbsp;<br><a href=\"http:\/\/lacolline.lu\/accueil\" target=\"_blank\" rel=\"noreferrer noopener\">www.lacolline.lu<\/a>;&nbsp;<a href=\"https:\/\/www.lenfant-roi.lu\/\" target=\"_blank\" rel=\"noreferrer noopener\">https:\/\/www.lenfant-roi.lu&nbsp;<\/a>(Montessori-Kinderbetreuungseinrichtungen)<\/li><\/ul><\/li><\/ul>\n","protected":false},"excerpt":{"rendered":"<p>Die mehrsprachige Erziehung im Kleinkindalter In der Kinderbetreuung und im Schulwesen werden alle drei Sprachen des Landes gesprochen und in der vom zust\u00e4ndigen Ministerium vorgegebenen Reihenfolge gelernt: zuerst Luxemburgisch und dann Deutsch und Franz\u00f6sisch. Die Betreuung in den Kinderkrippen \u00fcbernehmen haupts\u00e4chlich Betreuer\/-innen, die&nbsp;Luxemburgisch&nbsp;sprechen. So k\u00f6nnen sich die nicht luxemburgischsprachigen Kinder mit dieser Sprache vertraut machen, [&hellip;]<\/p>\n","protected":false},"author":7,"featured_media":0,"parent":6787,"menu_order":0,"comment_status":"closed","ping_status":"closed","template":"","meta":{"inline_featured_image":false,"footnotes":""},"tags":[],"frge_profile":[],"class_list":["post-6789","page","type-page","status-publish","hentry"],"yoast_head":"<!-- This site is optimized with the Yoast SEO plugin v27.1.1 - https:\/\/yoast.com\/product\/yoast-seo-wordpress\/ -->\n<title>Fr\u00fchkindliche Bildung - Frontaliers Grand Est<\/title>\n<meta name=\"robots\" content=\"index, follow, max-snippet:-1, max-image-preview:large, max-video-preview:-1\" \/>\n<link rel=\"canonical\" href=\"https:\/\/frontaliers-grandest.eu\/de\/startseite\/fremdsprachen-lernen\/das-lernen-von-fremdsprachen-ab-dem-kindesalter-bis-zum-abitur\/in-luxemburg\/das-lernen-von-fremdsprachen-in-luxemburg\/fruhkindliche-bildung\/\" \/>\n<meta property=\"og:locale\" content=\"de_DE\" \/>\n<meta property=\"og:type\" content=\"article\" \/>\n<meta property=\"og:title\" content=\"Fr\u00fchkindliche Bildung - Frontaliers Grand Est\" \/>\n<meta property=\"og:description\" content=\"Die mehrsprachige Erziehung im Kleinkindalter In der Kinderbetreuung und im Schulwesen werden alle drei Sprachen des Landes gesprochen und in der vom zust\u00e4ndigen Ministerium vorgegebenen Reihenfolge gelernt: zuerst Luxemburgisch und dann Deutsch und Franz\u00f6sisch. Die Betreuung in den Kinderkrippen \u00fcbernehmen haupts\u00e4chlich Betreuer\/-innen, die&nbsp;Luxemburgisch&nbsp;sprechen. So k\u00f6nnen sich die nicht luxemburgischsprachigen Kinder mit dieser Sprache vertraut machen, [&hellip;]\" \/>\n<meta property=\"og:url\" content=\"https:\/\/frontaliers-grandest.eu\/de\/startseite\/fremdsprachen-lernen\/das-lernen-von-fremdsprachen-ab-dem-kindesalter-bis-zum-abitur\/in-luxemburg\/das-lernen-von-fremdsprachen-in-luxemburg\/fruhkindliche-bildung\/\" \/>\n<meta property=\"og:site_name\" content=\"Frontaliers Grand Est\" \/>\n<meta property=\"article:publisher\" content=\"https:\/\/www.facebook.com\/frontaliers.GR.EST\/?locale=fr_FR\" \/>\n<meta property=\"article:modified_time\" content=\"2021-05-04T09:58:16+00:00\" \/>\n<meta name=\"twitter:card\" content=\"summary_large_image\" \/>\n<meta name=\"twitter:label1\" content=\"Gesch\u00e4tzte Lesezeit\" \/>\n\t<meta name=\"twitter:data1\" content=\"2\u00a0Minuten\" \/>\n<script type=\"application\/ld+json\" class=\"yoast-schema-graph\">{\"@context\":\"https:\/\/schema.org\",\"@graph\":[{\"@type\":\"WebPage\",\"@id\":\"https:\/\/frontaliers-grandest.eu\/de\/startseite\/fremdsprachen-lernen\/das-lernen-von-fremdsprachen-ab-dem-kindesalter-bis-zum-abitur\/in-luxemburg\/das-lernen-von-fremdsprachen-in-luxemburg\/fruhkindliche-bildung\/\",\"url\":\"https:\/\/frontaliers-grandest.eu\/de\/startseite\/fremdsprachen-lernen\/das-lernen-von-fremdsprachen-ab-dem-kindesalter-bis-zum-abitur\/in-luxemburg\/das-lernen-von-fremdsprachen-in-luxemburg\/fruhkindliche-bildung\/\",\"name\":\"Fr\u00fchkindliche Bildung - Frontaliers Grand Est\",\"isPartOf\":{\"@id\":\"https:\/\/frontaliers-grandest.eu\/de\/#website\"},\"datePublished\":\"2021-04-27T12:13:27+00:00\",\"dateModified\":\"2021-05-04T09:58:16+00:00\",\"breadcrumb\":{\"@id\":\"https:\/\/frontaliers-grandest.eu\/de\/startseite\/fremdsprachen-lernen\/das-lernen-von-fremdsprachen-ab-dem-kindesalter-bis-zum-abitur\/in-luxemburg\/das-lernen-von-fremdsprachen-in-luxemburg\/fruhkindliche-bildung\/#breadcrumb\"},\"inLanguage\":\"de\",\"potentialAction\":[{\"@type\":\"ReadAction\",\"target\":[\"https:\/\/frontaliers-grandest.eu\/de\/startseite\/fremdsprachen-lernen\/das-lernen-von-fremdsprachen-ab-dem-kindesalter-bis-zum-abitur\/in-luxemburg\/das-lernen-von-fremdsprachen-in-luxemburg\/fruhkindliche-bildung\/\"]}]},{\"@type\":\"BreadcrumbList\",\"@id\":\"https:\/\/frontaliers-grandest.eu\/de\/startseite\/fremdsprachen-lernen\/das-lernen-von-fremdsprachen-ab-dem-kindesalter-bis-zum-abitur\/in-luxemburg\/das-lernen-von-fremdsprachen-in-luxemburg\/fruhkindliche-bildung\/#breadcrumb\",\"itemListElement\":[{\"@type\":\"ListItem\",\"position\":1,\"name\":\"Startseite\",\"item\":\"https:\/\/frontaliers-grandest.eu\/de\/\"},{\"@type\":\"ListItem\",\"position\":2,\"name\":\"Fremdsprachen Lernen\",\"item\":\"https:\/\/frontaliers-grandest.eu\/de\/startseite\/fremdsprachen-lernen\/\"},{\"@type\":\"ListItem\",\"position\":3,\"name\":\"Das lernen von fremdsprachen ab dem kindesalter bis zum abitur\",\"item\":\"https:\/\/frontaliers-grandest.eu\/de\/startseite\/fremdsprachen-lernen\/das-lernen-von-fremdsprachen-ab-dem-kindesalter-bis-zum-abitur\/\"},{\"@type\":\"ListItem\",\"position\":4,\"name\":\"In Luxemburg\",\"item\":\"https:\/\/frontaliers-grandest.eu\/de\/startseite\/fremdsprachen-lernen\/das-lernen-von-fremdsprachen-ab-dem-kindesalter-bis-zum-abitur\/in-luxemburg\/\"},{\"@type\":\"ListItem\",\"position\":5,\"name\":\"Das Lernen von Fremdsprachen in Luxemburg\",\"item\":\"https:\/\/frontaliers-grandest.eu\/de\/startseite\/fremdsprachen-lernen\/das-lernen-von-fremdsprachen-ab-dem-kindesalter-bis-zum-abitur\/in-luxemburg\/das-lernen-von-fremdsprachen-in-luxemburg\/\"},{\"@type\":\"ListItem\",\"position\":6,\"name\":\"Fr\u00fchkindliche Bildung\"}]},{\"@type\":\"WebSite\",\"@id\":\"https:\/\/frontaliers-grandest.eu\/de\/#website\",\"url\":\"https:\/\/frontaliers-grandest.eu\/de\/\",\"name\":\"Frontaliers Grand Est\",\"description\":\"Le site ressource du travail frontalier\",\"publisher\":{\"@id\":\"https:\/\/frontaliers-grandest.eu\/de\/#organization\"},\"alternateName\":\"Frontaliers Grand Est\",\"potentialAction\":[{\"@type\":\"SearchAction\",\"target\":{\"@type\":\"EntryPoint\",\"urlTemplate\":\"https:\/\/frontaliers-grandest.eu\/de\/?s={search_term_string}\"},\"query-input\":{\"@type\":\"PropertyValueSpecification\",\"valueRequired\":true,\"valueName\":\"search_term_string\"}}],\"inLanguage\":\"de\"},{\"@type\":\"Organization\",\"@id\":\"https:\/\/frontaliers-grandest.eu\/de\/#organization\",\"name\":\"Frontaliers Grand Est\",\"alternateName\":\"Frontaliers Grand Est\",\"url\":\"https:\/\/frontaliers-grandest.eu\/de\/\",\"logo\":{\"@type\":\"ImageObject\",\"inLanguage\":\"de\",\"@id\":\"https:\/\/frontaliers-grandest.eu\/de\/#\/schema\/logo\/image\/\",\"url\":\"https:\/\/frontaliers-grandest.eu\/wp-content\/uploads\/2025\/07\/260328234_2966785176920310_3332838526503858160_n.jpg\",\"contentUrl\":\"https:\/\/frontaliers-grandest.eu\/wp-content\/uploads\/2025\/07\/260328234_2966785176920310_3332838526503858160_n.jpg\",\"width\":396,\"height\":396,\"caption\":\"Frontaliers Grand Est\"},\"image\":{\"@id\":\"https:\/\/frontaliers-grandest.eu\/de\/#\/schema\/logo\/image\/\"},\"sameAs\":[\"https:\/\/www.facebook.com\/frontaliers.GR.EST\/?locale=fr_FR\"]}]}<\/script>\n<!-- \/ Yoast SEO plugin. -->","yoast_head_json":{"title":"Fr\u00fchkindliche Bildung - Frontaliers Grand Est","robots":{"index":"index","follow":"follow","max-snippet":"max-snippet:-1","max-image-preview":"max-image-preview:large","max-video-preview":"max-video-preview:-1"},"canonical":"https:\/\/frontaliers-grandest.eu\/de\/startseite\/fremdsprachen-lernen\/das-lernen-von-fremdsprachen-ab-dem-kindesalter-bis-zum-abitur\/in-luxemburg\/das-lernen-von-fremdsprachen-in-luxemburg\/fruhkindliche-bildung\/","og_locale":"de_DE","og_type":"article","og_title":"Fr\u00fchkindliche Bildung - Frontaliers Grand Est","og_description":"Die mehrsprachige Erziehung im Kleinkindalter In der Kinderbetreuung und im Schulwesen werden alle drei Sprachen des Landes gesprochen und in der vom zust\u00e4ndigen Ministerium vorgegebenen Reihenfolge gelernt: zuerst Luxemburgisch und dann Deutsch und Franz\u00f6sisch. Die Betreuung in den Kinderkrippen \u00fcbernehmen haupts\u00e4chlich Betreuer\/-innen, die&nbsp;Luxemburgisch&nbsp;sprechen. So k\u00f6nnen sich die nicht luxemburgischsprachigen Kinder mit dieser Sprache vertraut machen, [&hellip;]","og_url":"https:\/\/frontaliers-grandest.eu\/de\/startseite\/fremdsprachen-lernen\/das-lernen-von-fremdsprachen-ab-dem-kindesalter-bis-zum-abitur\/in-luxemburg\/das-lernen-von-fremdsprachen-in-luxemburg\/fruhkindliche-bildung\/","og_site_name":"Frontaliers Grand Est","article_publisher":"https:\/\/www.facebook.com\/frontaliers.GR.EST\/?locale=fr_FR","article_modified_time":"2021-05-04T09:58:16+00:00","twitter_card":"summary_large_image","twitter_misc":{"Gesch\u00e4tzte Lesezeit":"2\u00a0Minuten"},"schema":{"@context":"https:\/\/schema.org","@graph":[{"@type":"WebPage","@id":"https:\/\/frontaliers-grandest.eu\/de\/startseite\/fremdsprachen-lernen\/das-lernen-von-fremdsprachen-ab-dem-kindesalter-bis-zum-abitur\/in-luxemburg\/das-lernen-von-fremdsprachen-in-luxemburg\/fruhkindliche-bildung\/","url":"https:\/\/frontaliers-grandest.eu\/de\/startseite\/fremdsprachen-lernen\/das-lernen-von-fremdsprachen-ab-dem-kindesalter-bis-zum-abitur\/in-luxemburg\/das-lernen-von-fremdsprachen-in-luxemburg\/fruhkindliche-bildung\/","name":"Fr\u00fchkindliche Bildung - Frontaliers Grand Est","isPartOf":{"@id":"https:\/\/frontaliers-grandest.eu\/de\/#website"},"datePublished":"2021-04-27T12:13:27+00:00","dateModified":"2021-05-04T09:58:16+00:00","breadcrumb":{"@id":"https:\/\/frontaliers-grandest.eu\/de\/startseite\/fremdsprachen-lernen\/das-lernen-von-fremdsprachen-ab-dem-kindesalter-bis-zum-abitur\/in-luxemburg\/das-lernen-von-fremdsprachen-in-luxemburg\/fruhkindliche-bildung\/#breadcrumb"},"inLanguage":"de","potentialAction":[{"@type":"ReadAction","target":["https:\/\/frontaliers-grandest.eu\/de\/startseite\/fremdsprachen-lernen\/das-lernen-von-fremdsprachen-ab-dem-kindesalter-bis-zum-abitur\/in-luxemburg\/das-lernen-von-fremdsprachen-in-luxemburg\/fruhkindliche-bildung\/"]}]},{"@type":"BreadcrumbList","@id":"https:\/\/frontaliers-grandest.eu\/de\/startseite\/fremdsprachen-lernen\/das-lernen-von-fremdsprachen-ab-dem-kindesalter-bis-zum-abitur\/in-luxemburg\/das-lernen-von-fremdsprachen-in-luxemburg\/fruhkindliche-bildung\/#breadcrumb","itemListElement":[{"@type":"ListItem","position":1,"name":"Startseite","item":"https:\/\/frontaliers-grandest.eu\/de\/"},{"@type":"ListItem","position":2,"name":"Fremdsprachen Lernen","item":"https:\/\/frontaliers-grandest.eu\/de\/startseite\/fremdsprachen-lernen\/"},{"@type":"ListItem","position":3,"name":"Das lernen von fremdsprachen ab dem kindesalter bis zum abitur","item":"https:\/\/frontaliers-grandest.eu\/de\/startseite\/fremdsprachen-lernen\/das-lernen-von-fremdsprachen-ab-dem-kindesalter-bis-zum-abitur\/"},{"@type":"ListItem","position":4,"name":"In Luxemburg","item":"https:\/\/frontaliers-grandest.eu\/de\/startseite\/fremdsprachen-lernen\/das-lernen-von-fremdsprachen-ab-dem-kindesalter-bis-zum-abitur\/in-luxemburg\/"},{"@type":"ListItem","position":5,"name":"Das Lernen von Fremdsprachen in Luxemburg","item":"https:\/\/frontaliers-grandest.eu\/de\/startseite\/fremdsprachen-lernen\/das-lernen-von-fremdsprachen-ab-dem-kindesalter-bis-zum-abitur\/in-luxemburg\/das-lernen-von-fremdsprachen-in-luxemburg\/"},{"@type":"ListItem","position":6,"name":"Fr\u00fchkindliche Bildung"}]},{"@type":"WebSite","@id":"https:\/\/frontaliers-grandest.eu\/de\/#website","url":"https:\/\/frontaliers-grandest.eu\/de\/","name":"Frontaliers Grand Est","description":"Le site ressource du travail frontalier","publisher":{"@id":"https:\/\/frontaliers-grandest.eu\/de\/#organization"},"alternateName":"Frontaliers Grand Est","potentialAction":[{"@type":"SearchAction","target":{"@type":"EntryPoint","urlTemplate":"https:\/\/frontaliers-grandest.eu\/de\/?s={search_term_string}"},"query-input":{"@type":"PropertyValueSpecification","valueRequired":true,"valueName":"search_term_string"}}],"inLanguage":"de"},{"@type":"Organization","@id":"https:\/\/frontaliers-grandest.eu\/de\/#organization","name":"Frontaliers Grand Est","alternateName":"Frontaliers Grand Est","url":"https:\/\/frontaliers-grandest.eu\/de\/","logo":{"@type":"ImageObject","inLanguage":"de","@id":"https:\/\/frontaliers-grandest.eu\/de\/#\/schema\/logo\/image\/","url":"https:\/\/frontaliers-grandest.eu\/wp-content\/uploads\/2025\/07\/260328234_2966785176920310_3332838526503858160_n.jpg","contentUrl":"https:\/\/frontaliers-grandest.eu\/wp-content\/uploads\/2025\/07\/260328234_2966785176920310_3332838526503858160_n.jpg","width":396,"height":396,"caption":"Frontaliers Grand Est"},"image":{"@id":"https:\/\/frontaliers-grandest.eu\/de\/#\/schema\/logo\/image\/"},"sameAs":["https:\/\/www.facebook.com\/frontaliers.GR.EST\/?locale=fr_FR"]}]}},"frge_page_order":0,"_links":{"self":[{"href":"https:\/\/frontaliers-grandest.eu\/de\/wp-json\/wp\/v2\/pages\/6789","targetHints":{"allow":["GET"]}}],"collection":[{"href":"https:\/\/frontaliers-grandest.eu\/de\/wp-json\/wp\/v2\/pages"}],"about":[{"href":"https:\/\/frontaliers-grandest.eu\/de\/wp-json\/wp\/v2\/types\/page"}],"author":[{"embeddable":true,"href":"https:\/\/frontaliers-grandest.eu\/de\/wp-json\/wp\/v2\/users\/7"}],"replies":[{"embeddable":true,"href":"https:\/\/frontaliers-grandest.eu\/de\/wp-json\/wp\/v2\/comments?post=6789"}],"version-history":[{"count":3,"href":"https:\/\/frontaliers-grandest.eu\/de\/wp-json\/wp\/v2\/pages\/6789\/revisions"}],"predecessor-version":[{"id":7029,"href":"https:\/\/frontaliers-grandest.eu\/de\/wp-json\/wp\/v2\/pages\/6789\/revisions\/7029"}],"up":[{"embeddable":true,"href":"https:\/\/frontaliers-grandest.eu\/de\/wp-json\/wp\/v2\/pages\/6787"}],"wp:attachment":[{"href":"https:\/\/frontaliers-grandest.eu\/de\/wp-json\/wp\/v2\/media?parent=6789"}],"wp:term":[{"taxonomy":"post_tag","embeddable":true,"href":"https:\/\/frontaliers-grandest.eu\/de\/wp-json\/wp\/v2\/tags?post=6789"},{"taxonomy":"frge_profile","embeddable":true,"href":"https:\/\/frontaliers-grandest.eu\/de\/wp-json\/wp\/v2\/frge_profile?post=6789"}],"curies":[{"name":"wp","href":"https:\/\/api.w.org\/{rel}","templated":true}]}}