{"id":6781,"date":"2021-04-27T12:43:37","date_gmt":"2021-04-27T10:43:37","guid":{"rendered":"https:\/\/frontaliers-grandest.eu\/?page_id=6781"},"modified":"2021-05-04T11:57:23","modified_gmt":"2021-05-04T09:57:23","slug":"in-der-schule","status":"publish","type":"page","link":"https:\/\/frontaliers-grandest.eu\/de\/startseite\/fremdsprachen-lernen\/das-lernen-von-fremdsprachen-ab-dem-kindesalter-bis-zum-abitur\/in-frankreich\/das-lernen-von-fremdsprachen-im-departement-ardennes\/in-der-schule\/","title":{"rendered":"In der Schule"},"content":{"rendered":"\n<h3 class=\"wp-block-heading\"><strong>Lernen von Fremdsprachen in der Grundschule<\/strong><\/h3>\n\n\n\n<p>Das Lernen von Fremdsprachen im Departement Ardennes wird von der Schulverwaltungsbeh\u00f6rde Acad\u00e9mie de Reims organisiert.<\/p>\n\n\n\n<p>Mit dem Lernen lebender Sprachen beginnen alle Sch\u00fcler\/-innen in den&nbsp;<strong>ersten drei Grundschuljahren&nbsp;<\/strong>(CP, CE1, CE2) in einem Unterricht, der im Hinblick auf die Vermittlung m\u00fcndlicher Sprachkenntnisse der Niveaustufe A1 des Gemeinsamen Europ\u00e4ischen Referenzrahmens f\u00fcr Sprachen (GER) entspricht.<\/p>\n\n\n\n<p>Sprachenwahl im&nbsp;<strong>vierten und f\u00fcnften Grundschuljahr&nbsp;<\/strong>(CM1 und CM2) im Rahmen der 54 Stunden Sprachunterricht pro Jahr: 99,5 % der Sch\u00fcler\/-innen w\u00e4hlen&nbsp;<strong>Englisch<\/strong>, 0,5 %&nbsp;<strong>Deutsch<\/strong>. Mit dem Unterricht in der lebenden Fremdsprache bzw. Regionalsprache sollen Kompetenzen und Kenntnisse vermittelt werden, die eine sicherere und effizientere Verwendung einer anderen Sprache als Franz\u00f6sisch erm\u00f6glichen (Niveaustufe A1 des Gemeinsamen Europ\u00e4ischen Referenzrahmens f\u00fcr Sprachen \u2013 GER).<\/p>\n\n\n\n<h3 class=\"wp-block-heading\"><strong>Lernen von Fremdsprachen im Coll\u00e8ge (Sekundarstufe I)<\/strong><\/h3>\n\n\n\n<p>Im Departement Ardennes&nbsp;<strong>bieten von 40 Coll\u00e8ges im Rahmen von europ\u00e4ischen Zweigen 8 Deutsch und 2 Englisch an<\/strong>.<br>Dar\u00fcber hinaus wird im Departement Ardennes am Lyc\u00e9e Monge in Charleville-M\u00e9zi\u00e8res ein binationaler AbiBac-Zweig angeboten.<\/p>\n\n\n\n<p>Englisch ist nach wie vor die Sprache, die von den meisten Sch\u00fclerinnen und Sch\u00fclern an den Coll\u00e8ges und den Lyc\u00e9es gew\u00e4hlt wird, vor Deutsch und Spanisch, f\u00fcr die sich die Sch\u00fcler\/-innen mehrheitlich als zweite lebende Fremdsprache entscheiden.&nbsp;In der 6. Klassenstufe w\u00e4hlen 83,1 % der Sch\u00fcler\/-innen Englisch als einzige lebende Fremdsprache und 16,0 % kombinieren diese Fremdsprache im Rahmen der Klassen mit zwei Fremdsprachen (classes bilangues) mit einer weiteren. Als zweite lebende Fremdsprache w\u00e4hlen in diesem Schulverwaltungsbezirk 59 % der Sch\u00fcler\/-innen an Coll\u00e8ges Spanisch (gegen\u00fcber 74 % in ganz Frankreich) und 24 % Deutsch (und damit 11 Prozentpunkte mehr als im Landesdurchschnitt).<\/p>\n\n\n\n<p>Die Sch\u00fcler\/-innen an Coll\u00e8ges und Lyc\u00e9es haben die M\u00f6glichkeit,&nbsp;<strong>Zweige mit zwei Fremdsprachen (sections bilangues)<\/strong>,&nbsp;<strong>europ\u00e4ische<\/strong>&nbsp;oder&nbsp;<strong>internationale&nbsp;Zweige&nbsp;<\/strong>oder aber binationale Zweige zu w\u00e4hlen, mit denen f\u00fcr jedes der beiden L\u00e4nder ein Zeugnis \u00fcber die Hochschulreife erworben werden kann.<\/p>\n\n\n\n<h4 class=\"wp-block-heading\">Zweig mit zwei Fremdsprachen (Englisch-Deutsch)<\/h4>\n\n\n\n<p>In diesem Zweig sieht die Stundentafel in der 6. Klasse<strong>&nbsp;3 Wochenstunden Englisch und 2 Wochenstunden Deutsch vor (statt wie im normalen Curriculum 4 Wochenstunden Englisch)<\/strong>. In der 7. Klasse gibt es pro Woche 3 Englisch- und 2,5 Deutschstunden.<\/p>\n\n\n\n<p>Coll\u00e8ges, an denen eine \u201esection bilangue\u201c gew\u00e4hlt werden kann:&nbsp;<strong>Coll\u00e8ge Bayard in Charleville-M\u00e9zi\u00e8res, Coll\u00e8ge Fred Scamaroni in Charleville-M\u00e9zi\u00e8res, Coll\u00e8ge Liard in Signy-le-Petit, Coll\u00e8ge multisite Asfeld-Chateau Porcien in Asfeld sowie die Coll\u00e8ges in Douzy, Fumay, Juniville und Rocroi.<\/strong><\/p>\n\n\n\n<h4 class=\"wp-block-heading\">Europ\u00e4ischer Zweig Deutsch<\/h4>\n\n\n\n<p>Im Departement Ardennes bieten von 40 Coll\u00e8ges im Rahmen von europ\u00e4ischen Zweigen 8 Deutsch und 2 Englisch an.<\/p>\n\n\n\n<p>Die Sch\u00fcler\/-innen, die in der 6. und 7. Klasse den Zweig mit zwei Fremdsprachen (section bilangue) gew\u00e4hlt haben,&nbsp;k\u00f6nnen in der 8. und 9. Klasse mit dem europ\u00e4ischen Zweig Deutsch hieran ankn\u00fcpfen. Sie erhalten dann zus\u00e4tzlich zu den normalerweise in der 8. und 9. Klasse erteilten 3 Unterrichtsstunden pro Woche 2 zus\u00e4tzliche Wochenstunden Deutsch.<\/p>\n\n\n\n<h3 class=\"wp-block-heading\"><strong>Lernen von Fremdsprachen im Lyc\u00e9e<\/strong><\/h3>\n\n\n\n<h4 class=\"wp-block-heading\">Die europ\u00e4ischen Zweige am Lyc\u00e9e<\/h4>\n\n\n\n<p>Zus\u00e4tzlich zum normalen Curriculum stehen zwei weitere Unterrichtsstunden in einer Fremdsprache in der Stundentafel. Eine Stunde Fremdsprache\/Sozialkunde und eine Stunde Geschichte\/Geografie. Die europ\u00e4ischen Zweige werden mehrheitlich f\u00fcr Englisch angeboten.<\/p>\n\n\n\n<h5 class=\"wp-block-heading\">Europ\u00e4ischer Zweig Englisch<\/h5>\n\n\n\n<ul class=\"wp-block-list\"><li>Lyc\u00e9e Chancy&nbsp;(Charlevilles M\u00e9zi\u00e8res)<br><a href=\"http:\/\/www.chanzy.net\/lycee\/\" target=\"_blank\" rel=\"noreferrer noopener\">http:\/\/www.chanzy.net\/lycee\/<\/a><\/li><li>Lyc\u00e9e Pierre Bayle&nbsp;(Sedan)&nbsp;<br>Europ\u00e4ischer Zweig Englisch in der 11. und der Abschlussklasse<br><a href=\"https:\/\/sepia.ac-reims.fr\/lyc-bayle\/-joomla-\/\" target=\"_blank\" rel=\"noreferrer noopener\">https:\/\/sepia.ac-reims.fr\/lyc-bayle\/-joomla-\/<\/a><\/li><li>Lyc\u00e9e Bazin&nbsp;(Charleville M\u00e9zi\u00e8res)&nbsp;<br>Europ\u00e4ischer Zweig Englisch in der 10. Klasse<br><a href=\"https:\/\/sepia.ac-reims.fr\/lyc-bazin\/-joomla-\/index.php\" target=\"_blank\" rel=\"noreferrer noopener\">https:\/\/sepia.ac-reims.fr\/lyc-bazin\/-joomla-\/index.php<\/a><\/li><li>Lyc\u00e9e Vauban&nbsp;(Givet)<br>Europ\u00e4ischer Zweig Englisch in der 10. und der 11. Klasse<br>Tel. 03 24 42 09 42<\/li><\/ul>\n\n\n\n<h5 class=\"wp-block-heading\">Europ\u00e4ischer Zweig Spanisch<\/h5>\n\n\n\n<ul class=\"wp-block-list\"><li>Lyc\u00e9e St Paul&nbsp;(Charleville M\u00e9zi\u00e8res)<br>Zweige mit zwei Fremdsprachen (sections bilangues): Englisch + Spanisch und Englisch + Deutsch<br><a href=\"https:\/\/www.lycee-saint-paul.com\/accueil\" target=\"_blank\" rel=\"noreferrer noopener\">https:\/\/www.lycee-saint-paul.com\/accueil<\/a><\/li><li>Lyc\u00e9e S\u00e9vign\u00e9&nbsp;(Charleville M\u00e9zi\u00e8res)<br>Europ\u00e4ischer Zweig Spanisch nur in der 10. Klasse<\/li><\/ul>\n\n\n\n<h5 class=\"wp-block-heading\">Europ\u00e4ischer Zweig Deutsch<\/h5>\n\n\n\n<ul class=\"wp-block-list\"><li>Lyc\u00e9e Monge&nbsp;(Charleville M\u00e9zi\u00e8res)<br>Europ\u00e4ischer Zweig Deutsch von der 10. bis zur Abschlussklasse. Angeboten wird auch ein AbiBac-Zweig.<\/li><\/ul>\n","protected":false},"excerpt":{"rendered":"<p>Lernen von Fremdsprachen in der Grundschule Das Lernen von Fremdsprachen im Departement Ardennes wird von der Schulverwaltungsbeh\u00f6rde Acad\u00e9mie de Reims organisiert. Mit dem Lernen lebender Sprachen beginnen alle Sch\u00fcler\/-innen in den&nbsp;ersten drei Grundschuljahren&nbsp;(CP, CE1, CE2) in einem Unterricht, der im Hinblick auf die Vermittlung m\u00fcndlicher Sprachkenntnisse der Niveaustufe A1 des Gemeinsamen Europ\u00e4ischen Referenzrahmens f\u00fcr Sprachen [&hellip;]<\/p>\n","protected":false},"author":7,"featured_media":0,"parent":6779,"menu_order":0,"comment_status":"closed","ping_status":"closed","template":"","meta":{"inline_featured_image":false,"footnotes":""},"tags":[],"frge_profile":[],"class_list":["post-6781","page","type-page","status-publish","hentry"],"yoast_head":"<!-- This site is optimized with the Yoast SEO plugin v27.1.1 - https:\/\/yoast.com\/product\/yoast-seo-wordpress\/ -->\n<title>In der Schule - Frontaliers Grand Est<\/title>\n<meta name=\"robots\" content=\"index, follow, max-snippet:-1, max-image-preview:large, max-video-preview:-1\" \/>\n<link rel=\"canonical\" href=\"https:\/\/frontaliers-grandest.eu\/de\/startseite\/fremdsprachen-lernen\/das-lernen-von-fremdsprachen-ab-dem-kindesalter-bis-zum-abitur\/in-frankreich\/das-lernen-von-fremdsprachen-im-departement-ardennes\/in-der-schule\/\" \/>\n<meta property=\"og:locale\" content=\"de_DE\" \/>\n<meta property=\"og:type\" content=\"article\" \/>\n<meta property=\"og:title\" content=\"In der Schule - Frontaliers Grand Est\" \/>\n<meta property=\"og:description\" content=\"Lernen von Fremdsprachen in der Grundschule Das Lernen von Fremdsprachen im Departement Ardennes wird von der Schulverwaltungsbeh\u00f6rde Acad\u00e9mie de Reims organisiert. Mit dem Lernen lebender Sprachen beginnen alle Sch\u00fcler\/-innen in den&nbsp;ersten drei Grundschuljahren&nbsp;(CP, CE1, CE2) in einem Unterricht, der im Hinblick auf die Vermittlung m\u00fcndlicher Sprachkenntnisse der Niveaustufe A1 des Gemeinsamen Europ\u00e4ischen Referenzrahmens f\u00fcr Sprachen [&hellip;]\" \/>\n<meta property=\"og:url\" content=\"https:\/\/frontaliers-grandest.eu\/de\/startseite\/fremdsprachen-lernen\/das-lernen-von-fremdsprachen-ab-dem-kindesalter-bis-zum-abitur\/in-frankreich\/das-lernen-von-fremdsprachen-im-departement-ardennes\/in-der-schule\/\" \/>\n<meta property=\"og:site_name\" content=\"Frontaliers Grand Est\" \/>\n<meta property=\"article:publisher\" content=\"https:\/\/www.facebook.com\/frontaliers.GR.EST\/?locale=fr_FR\" \/>\n<meta property=\"article:modified_time\" content=\"2021-05-04T09:57:23+00:00\" \/>\n<meta name=\"twitter:card\" content=\"summary_large_image\" \/>\n<meta name=\"twitter:label1\" content=\"Gesch\u00e4tzte Lesezeit\" \/>\n\t<meta name=\"twitter:data1\" content=\"3\u00a0Minuten\" \/>\n<script type=\"application\/ld+json\" class=\"yoast-schema-graph\">{\"@context\":\"https:\/\/schema.org\",\"@graph\":[{\"@type\":\"WebPage\",\"@id\":\"https:\/\/frontaliers-grandest.eu\/de\/startseite\/fremdsprachen-lernen\/das-lernen-von-fremdsprachen-ab-dem-kindesalter-bis-zum-abitur\/in-frankreich\/das-lernen-von-fremdsprachen-im-departement-ardennes\/in-der-schule\/\",\"url\":\"https:\/\/frontaliers-grandest.eu\/de\/startseite\/fremdsprachen-lernen\/das-lernen-von-fremdsprachen-ab-dem-kindesalter-bis-zum-abitur\/in-frankreich\/das-lernen-von-fremdsprachen-im-departement-ardennes\/in-der-schule\/\",\"name\":\"In der Schule - Frontaliers Grand Est\",\"isPartOf\":{\"@id\":\"https:\/\/frontaliers-grandest.eu\/de\/#website\"},\"datePublished\":\"2021-04-27T10:43:37+00:00\",\"dateModified\":\"2021-05-04T09:57:23+00:00\",\"breadcrumb\":{\"@id\":\"https:\/\/frontaliers-grandest.eu\/de\/startseite\/fremdsprachen-lernen\/das-lernen-von-fremdsprachen-ab-dem-kindesalter-bis-zum-abitur\/in-frankreich\/das-lernen-von-fremdsprachen-im-departement-ardennes\/in-der-schule\/#breadcrumb\"},\"inLanguage\":\"de\",\"potentialAction\":[{\"@type\":\"ReadAction\",\"target\":[\"https:\/\/frontaliers-grandest.eu\/de\/startseite\/fremdsprachen-lernen\/das-lernen-von-fremdsprachen-ab-dem-kindesalter-bis-zum-abitur\/in-frankreich\/das-lernen-von-fremdsprachen-im-departement-ardennes\/in-der-schule\/\"]}]},{\"@type\":\"BreadcrumbList\",\"@id\":\"https:\/\/frontaliers-grandest.eu\/de\/startseite\/fremdsprachen-lernen\/das-lernen-von-fremdsprachen-ab-dem-kindesalter-bis-zum-abitur\/in-frankreich\/das-lernen-von-fremdsprachen-im-departement-ardennes\/in-der-schule\/#breadcrumb\",\"itemListElement\":[{\"@type\":\"ListItem\",\"position\":1,\"name\":\"Startseite\",\"item\":\"https:\/\/frontaliers-grandest.eu\/de\/\"},{\"@type\":\"ListItem\",\"position\":2,\"name\":\"Fremdsprachen Lernen\",\"item\":\"https:\/\/frontaliers-grandest.eu\/de\/startseite\/fremdsprachen-lernen\/\"},{\"@type\":\"ListItem\",\"position\":3,\"name\":\"Das lernen von fremdsprachen ab dem kindesalter bis zum abitur\",\"item\":\"https:\/\/frontaliers-grandest.eu\/de\/startseite\/fremdsprachen-lernen\/das-lernen-von-fremdsprachen-ab-dem-kindesalter-bis-zum-abitur\/\"},{\"@type\":\"ListItem\",\"position\":4,\"name\":\"In Frankreich\",\"item\":\"https:\/\/frontaliers-grandest.eu\/de\/startseite\/fremdsprachen-lernen\/das-lernen-von-fremdsprachen-ab-dem-kindesalter-bis-zum-abitur\/in-frankreich\/\"},{\"@type\":\"ListItem\",\"position\":5,\"name\":\"Das Lernen von Fremdsprachen im Departement Ardennes\",\"item\":\"https:\/\/frontaliers-grandest.eu\/de\/startseite\/fremdsprachen-lernen\/das-lernen-von-fremdsprachen-ab-dem-kindesalter-bis-zum-abitur\/in-frankreich\/das-lernen-von-fremdsprachen-im-departement-ardennes\/\"},{\"@type\":\"ListItem\",\"position\":6,\"name\":\"In der Schule\"}]},{\"@type\":\"WebSite\",\"@id\":\"https:\/\/frontaliers-grandest.eu\/de\/#website\",\"url\":\"https:\/\/frontaliers-grandest.eu\/de\/\",\"name\":\"Frontaliers Grand Est\",\"description\":\"Le site ressource du travail frontalier\",\"publisher\":{\"@id\":\"https:\/\/frontaliers-grandest.eu\/de\/#organization\"},\"alternateName\":\"Frontaliers Grand Est\",\"potentialAction\":[{\"@type\":\"SearchAction\",\"target\":{\"@type\":\"EntryPoint\",\"urlTemplate\":\"https:\/\/frontaliers-grandest.eu\/de\/?s={search_term_string}\"},\"query-input\":{\"@type\":\"PropertyValueSpecification\",\"valueRequired\":true,\"valueName\":\"search_term_string\"}}],\"inLanguage\":\"de\"},{\"@type\":\"Organization\",\"@id\":\"https:\/\/frontaliers-grandest.eu\/de\/#organization\",\"name\":\"Frontaliers Grand Est\",\"alternateName\":\"Frontaliers Grand Est\",\"url\":\"https:\/\/frontaliers-grandest.eu\/de\/\",\"logo\":{\"@type\":\"ImageObject\",\"inLanguage\":\"de\",\"@id\":\"https:\/\/frontaliers-grandest.eu\/de\/#\/schema\/logo\/image\/\",\"url\":\"https:\/\/frontaliers-grandest.eu\/wp-content\/uploads\/2025\/07\/260328234_2966785176920310_3332838526503858160_n.jpg\",\"contentUrl\":\"https:\/\/frontaliers-grandest.eu\/wp-content\/uploads\/2025\/07\/260328234_2966785176920310_3332838526503858160_n.jpg\",\"width\":396,\"height\":396,\"caption\":\"Frontaliers Grand Est\"},\"image\":{\"@id\":\"https:\/\/frontaliers-grandest.eu\/de\/#\/schema\/logo\/image\/\"},\"sameAs\":[\"https:\/\/www.facebook.com\/frontaliers.GR.EST\/?locale=fr_FR\"]}]}<\/script>\n<!-- \/ Yoast SEO plugin. -->","yoast_head_json":{"title":"In der Schule - Frontaliers Grand Est","robots":{"index":"index","follow":"follow","max-snippet":"max-snippet:-1","max-image-preview":"max-image-preview:large","max-video-preview":"max-video-preview:-1"},"canonical":"https:\/\/frontaliers-grandest.eu\/de\/startseite\/fremdsprachen-lernen\/das-lernen-von-fremdsprachen-ab-dem-kindesalter-bis-zum-abitur\/in-frankreich\/das-lernen-von-fremdsprachen-im-departement-ardennes\/in-der-schule\/","og_locale":"de_DE","og_type":"article","og_title":"In der Schule - Frontaliers Grand Est","og_description":"Lernen von Fremdsprachen in der Grundschule Das Lernen von Fremdsprachen im Departement Ardennes wird von der Schulverwaltungsbeh\u00f6rde Acad\u00e9mie de Reims organisiert. Mit dem Lernen lebender Sprachen beginnen alle Sch\u00fcler\/-innen in den&nbsp;ersten drei Grundschuljahren&nbsp;(CP, CE1, CE2) in einem Unterricht, der im Hinblick auf die Vermittlung m\u00fcndlicher Sprachkenntnisse der Niveaustufe A1 des Gemeinsamen Europ\u00e4ischen Referenzrahmens f\u00fcr Sprachen [&hellip;]","og_url":"https:\/\/frontaliers-grandest.eu\/de\/startseite\/fremdsprachen-lernen\/das-lernen-von-fremdsprachen-ab-dem-kindesalter-bis-zum-abitur\/in-frankreich\/das-lernen-von-fremdsprachen-im-departement-ardennes\/in-der-schule\/","og_site_name":"Frontaliers Grand Est","article_publisher":"https:\/\/www.facebook.com\/frontaliers.GR.EST\/?locale=fr_FR","article_modified_time":"2021-05-04T09:57:23+00:00","twitter_card":"summary_large_image","twitter_misc":{"Gesch\u00e4tzte Lesezeit":"3\u00a0Minuten"},"schema":{"@context":"https:\/\/schema.org","@graph":[{"@type":"WebPage","@id":"https:\/\/frontaliers-grandest.eu\/de\/startseite\/fremdsprachen-lernen\/das-lernen-von-fremdsprachen-ab-dem-kindesalter-bis-zum-abitur\/in-frankreich\/das-lernen-von-fremdsprachen-im-departement-ardennes\/in-der-schule\/","url":"https:\/\/frontaliers-grandest.eu\/de\/startseite\/fremdsprachen-lernen\/das-lernen-von-fremdsprachen-ab-dem-kindesalter-bis-zum-abitur\/in-frankreich\/das-lernen-von-fremdsprachen-im-departement-ardennes\/in-der-schule\/","name":"In der Schule - Frontaliers Grand Est","isPartOf":{"@id":"https:\/\/frontaliers-grandest.eu\/de\/#website"},"datePublished":"2021-04-27T10:43:37+00:00","dateModified":"2021-05-04T09:57:23+00:00","breadcrumb":{"@id":"https:\/\/frontaliers-grandest.eu\/de\/startseite\/fremdsprachen-lernen\/das-lernen-von-fremdsprachen-ab-dem-kindesalter-bis-zum-abitur\/in-frankreich\/das-lernen-von-fremdsprachen-im-departement-ardennes\/in-der-schule\/#breadcrumb"},"inLanguage":"de","potentialAction":[{"@type":"ReadAction","target":["https:\/\/frontaliers-grandest.eu\/de\/startseite\/fremdsprachen-lernen\/das-lernen-von-fremdsprachen-ab-dem-kindesalter-bis-zum-abitur\/in-frankreich\/das-lernen-von-fremdsprachen-im-departement-ardennes\/in-der-schule\/"]}]},{"@type":"BreadcrumbList","@id":"https:\/\/frontaliers-grandest.eu\/de\/startseite\/fremdsprachen-lernen\/das-lernen-von-fremdsprachen-ab-dem-kindesalter-bis-zum-abitur\/in-frankreich\/das-lernen-von-fremdsprachen-im-departement-ardennes\/in-der-schule\/#breadcrumb","itemListElement":[{"@type":"ListItem","position":1,"name":"Startseite","item":"https:\/\/frontaliers-grandest.eu\/de\/"},{"@type":"ListItem","position":2,"name":"Fremdsprachen Lernen","item":"https:\/\/frontaliers-grandest.eu\/de\/startseite\/fremdsprachen-lernen\/"},{"@type":"ListItem","position":3,"name":"Das lernen von fremdsprachen ab dem kindesalter bis zum abitur","item":"https:\/\/frontaliers-grandest.eu\/de\/startseite\/fremdsprachen-lernen\/das-lernen-von-fremdsprachen-ab-dem-kindesalter-bis-zum-abitur\/"},{"@type":"ListItem","position":4,"name":"In Frankreich","item":"https:\/\/frontaliers-grandest.eu\/de\/startseite\/fremdsprachen-lernen\/das-lernen-von-fremdsprachen-ab-dem-kindesalter-bis-zum-abitur\/in-frankreich\/"},{"@type":"ListItem","position":5,"name":"Das Lernen von Fremdsprachen im Departement Ardennes","item":"https:\/\/frontaliers-grandest.eu\/de\/startseite\/fremdsprachen-lernen\/das-lernen-von-fremdsprachen-ab-dem-kindesalter-bis-zum-abitur\/in-frankreich\/das-lernen-von-fremdsprachen-im-departement-ardennes\/"},{"@type":"ListItem","position":6,"name":"In der Schule"}]},{"@type":"WebSite","@id":"https:\/\/frontaliers-grandest.eu\/de\/#website","url":"https:\/\/frontaliers-grandest.eu\/de\/","name":"Frontaliers Grand Est","description":"Le site ressource du travail frontalier","publisher":{"@id":"https:\/\/frontaliers-grandest.eu\/de\/#organization"},"alternateName":"Frontaliers Grand Est","potentialAction":[{"@type":"SearchAction","target":{"@type":"EntryPoint","urlTemplate":"https:\/\/frontaliers-grandest.eu\/de\/?s={search_term_string}"},"query-input":{"@type":"PropertyValueSpecification","valueRequired":true,"valueName":"search_term_string"}}],"inLanguage":"de"},{"@type":"Organization","@id":"https:\/\/frontaliers-grandest.eu\/de\/#organization","name":"Frontaliers Grand Est","alternateName":"Frontaliers Grand Est","url":"https:\/\/frontaliers-grandest.eu\/de\/","logo":{"@type":"ImageObject","inLanguage":"de","@id":"https:\/\/frontaliers-grandest.eu\/de\/#\/schema\/logo\/image\/","url":"https:\/\/frontaliers-grandest.eu\/wp-content\/uploads\/2025\/07\/260328234_2966785176920310_3332838526503858160_n.jpg","contentUrl":"https:\/\/frontaliers-grandest.eu\/wp-content\/uploads\/2025\/07\/260328234_2966785176920310_3332838526503858160_n.jpg","width":396,"height":396,"caption":"Frontaliers Grand Est"},"image":{"@id":"https:\/\/frontaliers-grandest.eu\/de\/#\/schema\/logo\/image\/"},"sameAs":["https:\/\/www.facebook.com\/frontaliers.GR.EST\/?locale=fr_FR"]}]}},"frge_page_order":0,"_links":{"self":[{"href":"https:\/\/frontaliers-grandest.eu\/de\/wp-json\/wp\/v2\/pages\/6781","targetHints":{"allow":["GET"]}}],"collection":[{"href":"https:\/\/frontaliers-grandest.eu\/de\/wp-json\/wp\/v2\/pages"}],"about":[{"href":"https:\/\/frontaliers-grandest.eu\/de\/wp-json\/wp\/v2\/types\/page"}],"author":[{"embeddable":true,"href":"https:\/\/frontaliers-grandest.eu\/de\/wp-json\/wp\/v2\/users\/7"}],"replies":[{"embeddable":true,"href":"https:\/\/frontaliers-grandest.eu\/de\/wp-json\/wp\/v2\/comments?post=6781"}],"version-history":[{"count":2,"href":"https:\/\/frontaliers-grandest.eu\/de\/wp-json\/wp\/v2\/pages\/6781\/revisions"}],"predecessor-version":[{"id":7028,"href":"https:\/\/frontaliers-grandest.eu\/de\/wp-json\/wp\/v2\/pages\/6781\/revisions\/7028"}],"up":[{"embeddable":true,"href":"https:\/\/frontaliers-grandest.eu\/de\/wp-json\/wp\/v2\/pages\/6779"}],"wp:attachment":[{"href":"https:\/\/frontaliers-grandest.eu\/de\/wp-json\/wp\/v2\/media?parent=6781"}],"wp:term":[{"taxonomy":"post_tag","embeddable":true,"href":"https:\/\/frontaliers-grandest.eu\/de\/wp-json\/wp\/v2\/tags?post=6781"},{"taxonomy":"frge_profile","embeddable":true,"href":"https:\/\/frontaliers-grandest.eu\/de\/wp-json\/wp\/v2\/frge_profile?post=6781"}],"curies":[{"name":"wp","href":"https:\/\/api.w.org\/{rel}","templated":true}]}}