{"id":6777,"date":"2021-04-27T12:32:41","date_gmt":"2021-04-27T10:32:41","guid":{"rendered":"https:\/\/frontaliers-grandest.eu\/?page_id=6777"},"modified":"2024-03-13T11:44:08","modified_gmt":"2024-03-13T10:44:08","slug":"im-college-und-im-lycee","status":"publish","type":"page","link":"https:\/\/frontaliers-grandest.eu\/de\/startseite\/fremdsprachen-lernen\/das-lernen-von-fremdsprachen-ab-dem-kindesalter-bis-zum-abitur\/in-frankreich\/das-lernen-von-fremdsprachen-in-der-schule-im-elsass\/im-college-und-im-lycee\/","title":{"rendered":"Im Coll\u00e8ge und im Lyc\u00e9e"},"content":{"rendered":"\n<h4 class=\"wp-block-heading\"><strong>Die bilingualen Coll\u00e8ges<\/strong><\/h4>\n\n\n\n<p>F\u00fcr die Sch\u00fcler\/-innen, die auf einer bilingualen Grundschule mit parit\u00e4tischem Unterricht waren, wird beim deutsch-franz\u00f6sischen Unterricht Kontinuit\u00e4t gew\u00e4hrleistet, indem sie auf ein Coll\u00e8ge mit einem bilingualen Curriculum im selben Schulverwaltungsbezirk wechseln. Von der 6. bis zur 9. Klasse variiert die Zahl der Unterrichtsstunden auf Deutsch im bilingualen Curriculum je nach Einrichtung, wobei im Prinzip 4 Stunden Deutschunterricht und 2 Stunden Fachunterricht (Mathematik, Geschichte\/Geografie, Biologie\/Naturkunde, Sport) auf Deutsch vorgesehen sind.<\/p>\n\n\n\n<p>Dar\u00fcber hinaus sind in der 6. Klasse 99 % der bilingual unterrichteten Sch\u00fcler\/-innen auch in einer \u201eclasse bilangue\u201c, in der bereits ab dieser Jahrgangsstufe als zweite Fremdsprache&nbsp;<strong>Englisch<\/strong>&nbsp;gelernt wird.<\/p>\n\n\n\n<figure class=\"wp-block-pullquote\"><blockquote><p><strong>Coll\u00e8ges mit parit\u00e4tischem bilingualem Zweig<\/strong><br>33 Coll\u00e8ges im Departement Bas-Rhin (67)<br>37 Coll\u00e8ges im Departement Haut-Rhin (68)<\/p><\/blockquote><\/figure>\n\n\n\n<p>Eine \u00dcbersicht \u00fcber die Coll\u00e8ges mit parit\u00e4tischem bilingualem Zweig finden Sie auf der Website der Schulverwaltungsbeh\u00f6rde Acad\u00e9mie de Strasbourg:<br><a href=\"https:\/\/www.ac-strasbourg.fr\/fileadmin\/public\/De_l_ecole_au_superieur\/langues\/bilingue_paritaire\/Colleges_bilingues_2017_2018.pdf\" target=\"_blank\" rel=\"noreferrer noopener\">https:\/\/www.ac-strasbourg.fr\/fileadmin\/public\/De_l_ecole_au_superieur\/langues\/bilingue_paritaire\/Colleges_bilingues_2017_2018.pdf<\/a><\/p>\n\n\n\n<h4 class=\"wp-block-heading\"><strong>Fremdsprachenunterricht im Lyc\u00e9e<\/strong><\/h4>\n\n\n\n<p>Im Lyc\u00e9e gibt es keinen zweisprachigen Unterricht mit gleicher Stundenzahl mehr. Allerdings werden im Lyc\u00e9e verschiedene M\u00f6glichkeiten zur Fortsetzung eines bilingualen Curriculums angeboten, und zwar vor allem in einem \u201eeurop\u00e4ischen Zweig\u201c oder einem \u201ebinationalen Zweig\u201c.<\/p>\n\n\n\n<h5 class=\"wp-block-heading\">Die \u201eeurop\u00e4ischen Zweige\u201c (Deutsch, Englisch, Spanisch)<\/h5>\n\n\n\n<p>Ein Sachfach (Mathematik, Geschichte\/Geografie etc.) wird mit zwei Wochenstunden auf Deutsch unterrichtet. Auf dem Abiturzeugnis (Baccalaur\u00e9at) wird vermerkt, dass der Sch\u00fcler\/die Sch\u00fclerin die \u201esection europ\u00e9enne\u201c (europ\u00e4ischer Zweig) absolviert hat. Die Sch\u00fcler\/-innen, die sich f\u00fcr die europ\u00e4ischen Zweige \u201eEnglisch\u201c und \u201eSpanisch\u201c entscheiden, k\u00f6nnen in der 10. Klasse ein Sprachzertifikat f\u00fcr die Niveaustufe B1 erwerben.<\/p>\n\n\n\n<p><strong>Eine \u00dcbersicht \u00fcber die schulischen Einrichtungen mit einem europ\u00e4ischen Zweig finden Sie unter<\/strong><br><a href=\"http:\/\/www.ac-strasbourg.fr\/delecoleausuperieur\/sections-europeennes-et-orientales\/\" target=\"_blank\" rel=\"noreferrer noopener\">http:\/\/www.ac-strasbourg.fr\/delecoleausuperieur\/sections-europeennes-et-orientales\/<\/a><\/p>\n\n\n\n<h5 class=\"wp-block-heading\">Section Europ\u00e9enne scientifique Allemand (SESA)<\/h5>\n\n\n\n<p>Der naturwissenschaftliche europ\u00e4ische Zweig Deutsch&nbsp;<strong>SESA<\/strong>&nbsp;wurde 2008 am&nbsp;<strong>Lyc\u00e9e Albert Schweitzer in Mulhouse<\/strong>&nbsp;eingef\u00fchrt. Die Sch\u00fcler\/-innen, die sich besonders f\u00fcr die Naturwissenschaften und f\u00fcr Deutsch interessieren, w\u00e4hlen diesen Zweig von der 10. Klasse bis zur Abschlussklasse, mit dem Ziel, ein naturwissenschaftliches Abitur (Baccalaur\u00e9at S) mit dem Vermerk \u201eEurop\u00e4ischer Zweig\u201c zu machen.<br><a href=\"http:\/\/las.websco.fr\/\">http:\/\/las.websco.fr\/<\/a><\/p>\n\n\n\n<h5 class=\"wp-block-heading\">Die binationalen Zweige<\/h5>\n\n\n\n<p>Mit der Wahl eines solchen Zweigs kann das AbiBac erworben werden, mit dem die Sch\u00fcler\/-innen sowohl das franz\u00f6sische Baccalaur\u00e9at als auch das deutsche Abitur erhalten. In diesem Zweig werden die F\u00e4cher Geschichte, Literatur und Sozialkunde auf Deutsch unterrichtet.<\/p>\n\n\n\n<ul class=\"wp-block-list\">\n<li>Lyc\u00e9es mit AbiBac<br>10 Lyc\u00e9es mit einem AbiBac-Zweig im Departement Bas-Rhin<br>6 \u00f6ffentliche Lyc\u00e9es und 2 private Lyc\u00e9es mit einem AbiBac-Zweig im Departement Haut-Rhin<br>Eine \u00dcbersicht \u00fcber die Schulen im Schulverwaltungsbezirk Acad\u00e9mie de Strasbourg, die einen AbiBac-Zweig anbieten, finden Sie unter<br><a href=\"http:\/\/www.ac-strasbourg.fr\/delecoleausuperieur\/sections-binationales\/\" target=\"_blank\" rel=\"noreferrer noopener\">http:\/\/www.ac-strasbourg.fr\/delecoleausuperieur\/sections-binationales\/<\/a><\/li>\n\n\n\n<li>Lyc\u00e9e mit BachiBac<br>Mit dem BachiBac erwerben die Sch\u00fcler\/-innen gleichzeitig das franz\u00f6sische Baccalaur\u00e9at und das spanische Bachillerato. Dieser Abschluss kann am Lyc\u00e9e Kl\u00e9ber in Stra\u00dfburg gemacht werden.<br><a href=\"http:\/\/www.lycee-kleber.com.fr\/index.htm\" target=\"_blank\" rel=\"noreferrer noopener\">http:\/\/www.lycee-kleber.com.fr\/index.htm<\/a><\/li>\n<\/ul>\n\n\n\n<h5 class=\"wp-block-heading\">Das \u201eEurop\u00e4ische Abitur\u201c<\/h5>\n\n\n\n<p>Im Schulverwaltungsbezirk Acad\u00e9mie de Strasbourg ist mit der \u00c9cole europ\u00e9enne de Strasbourg (EES) eine in Frankreich einzigartige Schule ans\u00e4ssig, die im Europaviertel der Stadt Stra\u00dfburg liegt. Bei der EES handelt es sich um eine \u201eanerkannte\u201c Europ\u00e4ische Schule, da sie sich nach dem gesamten Regelwerk und s\u00e4mtlichen Lehrpl\u00e4nen der Europ\u00e4ischen Schulen richtet.<br>Sie ist ausgelegt f\u00fcr 15 Klassen: 5 franz\u00f6sischsprachige, 5 englischsprachige und 5 deutschsprachige.<br>Die EES wird mit dem \u201eEurop\u00e4ischen Abitur\u201c abgeschlossen.<br><a href=\"https:\/\/www.ee-strasbourg.eu\/secondaire\/baccalaureat-europeen\/\">https:\/\/www.ee-strasbourg.eu\/secondaire\/baccalaureat-europeen\/<\/a><\/p>\n\n\n\n<h5 class=\"wp-block-heading\">Die internationalen Zweige<\/h5>\n\n\n\n<p>Internationale Zweige gibt es an Grundschulen, Coll\u00e8ges und allgemeinbildenden Lyc\u00e9es in Frankreich sowie im Netzwerk der Einrichtungen des franz\u00f6sischen Schulwesens im Ausland.<br><strong>Im Schulverwaltungsbezirk Acad\u00e9mie de Strasbourg werden acht internationale Zweige angeboten: Deutsch, Englisch, Koreanisch, Spanisch, Italienisch, Portugiesisch, Polnisch und Russisch.<\/strong><\/p>\n\n\n\n<ul class=\"wp-block-list\">\n<li>\u00c9cole Internationale Robert Schuman (Kindergarten und Grundschule)<br>http:\/\/www.ec-internationale-schuman-strasbourg.ac-strasbourg.fr\/wp\/<\/li>\n\n\n\n<li>\u00c9cole \u00e9l\u00e9mentaire Conseil des XV (Grundschule)<br><a href=\"http:\/\/www.ec-conseil-xv-strasbourg.ac-strasbourg.fr\/\" target=\"_blank\" rel=\"noreferrer noopener\">http:\/\/www.ec-conseil-xv-strasbourg.ac-strasbourg.fr\/<\/a><\/li>\n\n\n\n<li>Coll\u00e8ge international de l\u2019Esplanade<br>Tel. 03 88 45 33 50<\/li>\n\n\n\n<li>Lyc\u00e9e des Pontonniers.<br><a href=\"http:\/\/www.lyc-sections-internationales-strasbourg.ac-strasbourg.fr\/\" target=\"_blank\" rel=\"noreferrer noopener\">http:\/\/www.lyc-sections-internationales-strasbourg.ac-strasbourg.fr\/<\/a><\/li>\n<\/ul>\n","protected":false},"excerpt":{"rendered":"<p>Die bilingualen Coll\u00e8ges F\u00fcr die Sch\u00fcler\/-innen, die auf einer bilingualen Grundschule mit parit\u00e4tischem Unterricht waren, wird beim deutsch-franz\u00f6sischen Unterricht Kontinuit\u00e4t gew\u00e4hrleistet, indem sie auf ein Coll\u00e8ge mit einem bilingualen Curriculum im selben Schulverwaltungsbezirk wechseln. Von der 6. bis zur 9. Klasse variiert die Zahl der Unterrichtsstunden auf Deutsch im bilingualen Curriculum je nach Einrichtung, wobei [&hellip;]<\/p>\n","protected":false},"author":7,"featured_media":0,"parent":6770,"menu_order":2,"comment_status":"closed","ping_status":"closed","template":"","meta":{"inline_featured_image":false,"footnotes":""},"tags":[],"frge_profile":[],"class_list":["post-6777","page","type-page","status-publish","hentry"],"yoast_head":"<!-- This site is optimized with the Yoast SEO plugin v27.1.1 - https:\/\/yoast.com\/product\/yoast-seo-wordpress\/ -->\n<title>Im Coll\u00e8ge und im Lyc\u00e9e - Frontaliers Grand Est<\/title>\n<meta name=\"robots\" content=\"index, follow, max-snippet:-1, max-image-preview:large, max-video-preview:-1\" \/>\n<link rel=\"canonical\" href=\"https:\/\/frontaliers-grandest.eu\/de\/startseite\/fremdsprachen-lernen\/das-lernen-von-fremdsprachen-ab-dem-kindesalter-bis-zum-abitur\/in-frankreich\/das-lernen-von-fremdsprachen-in-der-schule-im-elsass\/im-college-und-im-lycee\/\" \/>\n<meta property=\"og:locale\" content=\"de_DE\" \/>\n<meta property=\"og:type\" content=\"article\" \/>\n<meta property=\"og:title\" content=\"Im Coll\u00e8ge und im Lyc\u00e9e - Frontaliers Grand Est\" \/>\n<meta property=\"og:description\" content=\"Die bilingualen Coll\u00e8ges F\u00fcr die Sch\u00fcler\/-innen, die auf einer bilingualen Grundschule mit parit\u00e4tischem Unterricht waren, wird beim deutsch-franz\u00f6sischen Unterricht Kontinuit\u00e4t gew\u00e4hrleistet, indem sie auf ein Coll\u00e8ge mit einem bilingualen Curriculum im selben Schulverwaltungsbezirk wechseln. Von der 6. bis zur 9. Klasse variiert die Zahl der Unterrichtsstunden auf Deutsch im bilingualen Curriculum je nach Einrichtung, wobei [&hellip;]\" \/>\n<meta property=\"og:url\" content=\"https:\/\/frontaliers-grandest.eu\/de\/startseite\/fremdsprachen-lernen\/das-lernen-von-fremdsprachen-ab-dem-kindesalter-bis-zum-abitur\/in-frankreich\/das-lernen-von-fremdsprachen-in-der-schule-im-elsass\/im-college-und-im-lycee\/\" \/>\n<meta property=\"og:site_name\" content=\"Frontaliers Grand Est\" \/>\n<meta property=\"article:publisher\" content=\"https:\/\/www.facebook.com\/frontaliers.GR.EST\/?locale=fr_FR\" \/>\n<meta property=\"article:modified_time\" content=\"2024-03-13T10:44:08+00:00\" \/>\n<meta name=\"twitter:card\" content=\"summary_large_image\" \/>\n<meta name=\"twitter:label1\" content=\"Gesch\u00e4tzte Lesezeit\" \/>\n\t<meta name=\"twitter:data1\" content=\"3\u00a0Minuten\" \/>\n<script type=\"application\/ld+json\" class=\"yoast-schema-graph\">{\"@context\":\"https:\/\/schema.org\",\"@graph\":[{\"@type\":\"WebPage\",\"@id\":\"https:\/\/frontaliers-grandest.eu\/de\/startseite\/fremdsprachen-lernen\/das-lernen-von-fremdsprachen-ab-dem-kindesalter-bis-zum-abitur\/in-frankreich\/das-lernen-von-fremdsprachen-in-der-schule-im-elsass\/im-college-und-im-lycee\/\",\"url\":\"https:\/\/frontaliers-grandest.eu\/de\/startseite\/fremdsprachen-lernen\/das-lernen-von-fremdsprachen-ab-dem-kindesalter-bis-zum-abitur\/in-frankreich\/das-lernen-von-fremdsprachen-in-der-schule-im-elsass\/im-college-und-im-lycee\/\",\"name\":\"Im Coll\u00e8ge und im Lyc\u00e9e - Frontaliers Grand Est\",\"isPartOf\":{\"@id\":\"https:\/\/frontaliers-grandest.eu\/de\/#website\"},\"datePublished\":\"2021-04-27T10:32:41+00:00\",\"dateModified\":\"2024-03-13T10:44:08+00:00\",\"breadcrumb\":{\"@id\":\"https:\/\/frontaliers-grandest.eu\/de\/startseite\/fremdsprachen-lernen\/das-lernen-von-fremdsprachen-ab-dem-kindesalter-bis-zum-abitur\/in-frankreich\/das-lernen-von-fremdsprachen-in-der-schule-im-elsass\/im-college-und-im-lycee\/#breadcrumb\"},\"inLanguage\":\"de\",\"potentialAction\":[{\"@type\":\"ReadAction\",\"target\":[\"https:\/\/frontaliers-grandest.eu\/de\/startseite\/fremdsprachen-lernen\/das-lernen-von-fremdsprachen-ab-dem-kindesalter-bis-zum-abitur\/in-frankreich\/das-lernen-von-fremdsprachen-in-der-schule-im-elsass\/im-college-und-im-lycee\/\"]}]},{\"@type\":\"BreadcrumbList\",\"@id\":\"https:\/\/frontaliers-grandest.eu\/de\/startseite\/fremdsprachen-lernen\/das-lernen-von-fremdsprachen-ab-dem-kindesalter-bis-zum-abitur\/in-frankreich\/das-lernen-von-fremdsprachen-in-der-schule-im-elsass\/im-college-und-im-lycee\/#breadcrumb\",\"itemListElement\":[{\"@type\":\"ListItem\",\"position\":1,\"name\":\"Startseite\",\"item\":\"https:\/\/frontaliers-grandest.eu\/de\/\"},{\"@type\":\"ListItem\",\"position\":2,\"name\":\"Fremdsprachen Lernen\",\"item\":\"https:\/\/frontaliers-grandest.eu\/de\/startseite\/fremdsprachen-lernen\/\"},{\"@type\":\"ListItem\",\"position\":3,\"name\":\"Das lernen von fremdsprachen ab dem kindesalter bis zum abitur\",\"item\":\"https:\/\/frontaliers-grandest.eu\/de\/startseite\/fremdsprachen-lernen\/das-lernen-von-fremdsprachen-ab-dem-kindesalter-bis-zum-abitur\/\"},{\"@type\":\"ListItem\",\"position\":4,\"name\":\"In Frankreich\",\"item\":\"https:\/\/frontaliers-grandest.eu\/de\/startseite\/fremdsprachen-lernen\/das-lernen-von-fremdsprachen-ab-dem-kindesalter-bis-zum-abitur\/in-frankreich\/\"},{\"@type\":\"ListItem\",\"position\":5,\"name\":\"Das Lernen von Fremdsprachen in der Schule im Elsass\",\"item\":\"https:\/\/frontaliers-grandest.eu\/de\/startseite\/fremdsprachen-lernen\/das-lernen-von-fremdsprachen-ab-dem-kindesalter-bis-zum-abitur\/in-frankreich\/das-lernen-von-fremdsprachen-in-der-schule-im-elsass\/\"},{\"@type\":\"ListItem\",\"position\":6,\"name\":\"Im Coll\u00e8ge und im Lyc\u00e9e\"}]},{\"@type\":\"WebSite\",\"@id\":\"https:\/\/frontaliers-grandest.eu\/de\/#website\",\"url\":\"https:\/\/frontaliers-grandest.eu\/de\/\",\"name\":\"Frontaliers Grand Est\",\"description\":\"Le site ressource du travail frontalier\",\"publisher\":{\"@id\":\"https:\/\/frontaliers-grandest.eu\/de\/#organization\"},\"alternateName\":\"Frontaliers Grand Est\",\"potentialAction\":[{\"@type\":\"SearchAction\",\"target\":{\"@type\":\"EntryPoint\",\"urlTemplate\":\"https:\/\/frontaliers-grandest.eu\/de\/?s={search_term_string}\"},\"query-input\":{\"@type\":\"PropertyValueSpecification\",\"valueRequired\":true,\"valueName\":\"search_term_string\"}}],\"inLanguage\":\"de\"},{\"@type\":\"Organization\",\"@id\":\"https:\/\/frontaliers-grandest.eu\/de\/#organization\",\"name\":\"Frontaliers Grand Est\",\"alternateName\":\"Frontaliers Grand Est\",\"url\":\"https:\/\/frontaliers-grandest.eu\/de\/\",\"logo\":{\"@type\":\"ImageObject\",\"inLanguage\":\"de\",\"@id\":\"https:\/\/frontaliers-grandest.eu\/de\/#\/schema\/logo\/image\/\",\"url\":\"https:\/\/frontaliers-grandest.eu\/wp-content\/uploads\/2025\/07\/260328234_2966785176920310_3332838526503858160_n.jpg\",\"contentUrl\":\"https:\/\/frontaliers-grandest.eu\/wp-content\/uploads\/2025\/07\/260328234_2966785176920310_3332838526503858160_n.jpg\",\"width\":396,\"height\":396,\"caption\":\"Frontaliers Grand Est\"},\"image\":{\"@id\":\"https:\/\/frontaliers-grandest.eu\/de\/#\/schema\/logo\/image\/\"},\"sameAs\":[\"https:\/\/www.facebook.com\/frontaliers.GR.EST\/?locale=fr_FR\"]}]}<\/script>\n<!-- \/ Yoast SEO plugin. -->","yoast_head_json":{"title":"Im Coll\u00e8ge und im Lyc\u00e9e - Frontaliers Grand Est","robots":{"index":"index","follow":"follow","max-snippet":"max-snippet:-1","max-image-preview":"max-image-preview:large","max-video-preview":"max-video-preview:-1"},"canonical":"https:\/\/frontaliers-grandest.eu\/de\/startseite\/fremdsprachen-lernen\/das-lernen-von-fremdsprachen-ab-dem-kindesalter-bis-zum-abitur\/in-frankreich\/das-lernen-von-fremdsprachen-in-der-schule-im-elsass\/im-college-und-im-lycee\/","og_locale":"de_DE","og_type":"article","og_title":"Im Coll\u00e8ge und im Lyc\u00e9e - Frontaliers Grand Est","og_description":"Die bilingualen Coll\u00e8ges F\u00fcr die Sch\u00fcler\/-innen, die auf einer bilingualen Grundschule mit parit\u00e4tischem Unterricht waren, wird beim deutsch-franz\u00f6sischen Unterricht Kontinuit\u00e4t gew\u00e4hrleistet, indem sie auf ein Coll\u00e8ge mit einem bilingualen Curriculum im selben Schulverwaltungsbezirk wechseln. Von der 6. bis zur 9. Klasse variiert die Zahl der Unterrichtsstunden auf Deutsch im bilingualen Curriculum je nach Einrichtung, wobei [&hellip;]","og_url":"https:\/\/frontaliers-grandest.eu\/de\/startseite\/fremdsprachen-lernen\/das-lernen-von-fremdsprachen-ab-dem-kindesalter-bis-zum-abitur\/in-frankreich\/das-lernen-von-fremdsprachen-in-der-schule-im-elsass\/im-college-und-im-lycee\/","og_site_name":"Frontaliers Grand Est","article_publisher":"https:\/\/www.facebook.com\/frontaliers.GR.EST\/?locale=fr_FR","article_modified_time":"2024-03-13T10:44:08+00:00","twitter_card":"summary_large_image","twitter_misc":{"Gesch\u00e4tzte Lesezeit":"3\u00a0Minuten"},"schema":{"@context":"https:\/\/schema.org","@graph":[{"@type":"WebPage","@id":"https:\/\/frontaliers-grandest.eu\/de\/startseite\/fremdsprachen-lernen\/das-lernen-von-fremdsprachen-ab-dem-kindesalter-bis-zum-abitur\/in-frankreich\/das-lernen-von-fremdsprachen-in-der-schule-im-elsass\/im-college-und-im-lycee\/","url":"https:\/\/frontaliers-grandest.eu\/de\/startseite\/fremdsprachen-lernen\/das-lernen-von-fremdsprachen-ab-dem-kindesalter-bis-zum-abitur\/in-frankreich\/das-lernen-von-fremdsprachen-in-der-schule-im-elsass\/im-college-und-im-lycee\/","name":"Im Coll\u00e8ge und im Lyc\u00e9e - Frontaliers Grand Est","isPartOf":{"@id":"https:\/\/frontaliers-grandest.eu\/de\/#website"},"datePublished":"2021-04-27T10:32:41+00:00","dateModified":"2024-03-13T10:44:08+00:00","breadcrumb":{"@id":"https:\/\/frontaliers-grandest.eu\/de\/startseite\/fremdsprachen-lernen\/das-lernen-von-fremdsprachen-ab-dem-kindesalter-bis-zum-abitur\/in-frankreich\/das-lernen-von-fremdsprachen-in-der-schule-im-elsass\/im-college-und-im-lycee\/#breadcrumb"},"inLanguage":"de","potentialAction":[{"@type":"ReadAction","target":["https:\/\/frontaliers-grandest.eu\/de\/startseite\/fremdsprachen-lernen\/das-lernen-von-fremdsprachen-ab-dem-kindesalter-bis-zum-abitur\/in-frankreich\/das-lernen-von-fremdsprachen-in-der-schule-im-elsass\/im-college-und-im-lycee\/"]}]},{"@type":"BreadcrumbList","@id":"https:\/\/frontaliers-grandest.eu\/de\/startseite\/fremdsprachen-lernen\/das-lernen-von-fremdsprachen-ab-dem-kindesalter-bis-zum-abitur\/in-frankreich\/das-lernen-von-fremdsprachen-in-der-schule-im-elsass\/im-college-und-im-lycee\/#breadcrumb","itemListElement":[{"@type":"ListItem","position":1,"name":"Startseite","item":"https:\/\/frontaliers-grandest.eu\/de\/"},{"@type":"ListItem","position":2,"name":"Fremdsprachen Lernen","item":"https:\/\/frontaliers-grandest.eu\/de\/startseite\/fremdsprachen-lernen\/"},{"@type":"ListItem","position":3,"name":"Das lernen von fremdsprachen ab dem kindesalter bis zum abitur","item":"https:\/\/frontaliers-grandest.eu\/de\/startseite\/fremdsprachen-lernen\/das-lernen-von-fremdsprachen-ab-dem-kindesalter-bis-zum-abitur\/"},{"@type":"ListItem","position":4,"name":"In Frankreich","item":"https:\/\/frontaliers-grandest.eu\/de\/startseite\/fremdsprachen-lernen\/das-lernen-von-fremdsprachen-ab-dem-kindesalter-bis-zum-abitur\/in-frankreich\/"},{"@type":"ListItem","position":5,"name":"Das Lernen von Fremdsprachen in der Schule im Elsass","item":"https:\/\/frontaliers-grandest.eu\/de\/startseite\/fremdsprachen-lernen\/das-lernen-von-fremdsprachen-ab-dem-kindesalter-bis-zum-abitur\/in-frankreich\/das-lernen-von-fremdsprachen-in-der-schule-im-elsass\/"},{"@type":"ListItem","position":6,"name":"Im Coll\u00e8ge und im Lyc\u00e9e"}]},{"@type":"WebSite","@id":"https:\/\/frontaliers-grandest.eu\/de\/#website","url":"https:\/\/frontaliers-grandest.eu\/de\/","name":"Frontaliers Grand Est","description":"Le site ressource du travail frontalier","publisher":{"@id":"https:\/\/frontaliers-grandest.eu\/de\/#organization"},"alternateName":"Frontaliers Grand Est","potentialAction":[{"@type":"SearchAction","target":{"@type":"EntryPoint","urlTemplate":"https:\/\/frontaliers-grandest.eu\/de\/?s={search_term_string}"},"query-input":{"@type":"PropertyValueSpecification","valueRequired":true,"valueName":"search_term_string"}}],"inLanguage":"de"},{"@type":"Organization","@id":"https:\/\/frontaliers-grandest.eu\/de\/#organization","name":"Frontaliers Grand Est","alternateName":"Frontaliers Grand Est","url":"https:\/\/frontaliers-grandest.eu\/de\/","logo":{"@type":"ImageObject","inLanguage":"de","@id":"https:\/\/frontaliers-grandest.eu\/de\/#\/schema\/logo\/image\/","url":"https:\/\/frontaliers-grandest.eu\/wp-content\/uploads\/2025\/07\/260328234_2966785176920310_3332838526503858160_n.jpg","contentUrl":"https:\/\/frontaliers-grandest.eu\/wp-content\/uploads\/2025\/07\/260328234_2966785176920310_3332838526503858160_n.jpg","width":396,"height":396,"caption":"Frontaliers Grand Est"},"image":{"@id":"https:\/\/frontaliers-grandest.eu\/de\/#\/schema\/logo\/image\/"},"sameAs":["https:\/\/www.facebook.com\/frontaliers.GR.EST\/?locale=fr_FR"]}]}},"frge_page_order":0,"_links":{"self":[{"href":"https:\/\/frontaliers-grandest.eu\/de\/wp-json\/wp\/v2\/pages\/6777","targetHints":{"allow":["GET"]}}],"collection":[{"href":"https:\/\/frontaliers-grandest.eu\/de\/wp-json\/wp\/v2\/pages"}],"about":[{"href":"https:\/\/frontaliers-grandest.eu\/de\/wp-json\/wp\/v2\/types\/page"}],"author":[{"embeddable":true,"href":"https:\/\/frontaliers-grandest.eu\/de\/wp-json\/wp\/v2\/users\/7"}],"replies":[{"embeddable":true,"href":"https:\/\/frontaliers-grandest.eu\/de\/wp-json\/wp\/v2\/comments?post=6777"}],"version-history":[{"count":4,"href":"https:\/\/frontaliers-grandest.eu\/de\/wp-json\/wp\/v2\/pages\/6777\/revisions"}],"predecessor-version":[{"id":34598,"href":"https:\/\/frontaliers-grandest.eu\/de\/wp-json\/wp\/v2\/pages\/6777\/revisions\/34598"}],"up":[{"embeddable":true,"href":"https:\/\/frontaliers-grandest.eu\/de\/wp-json\/wp\/v2\/pages\/6770"}],"wp:attachment":[{"href":"https:\/\/frontaliers-grandest.eu\/de\/wp-json\/wp\/v2\/media?parent=6777"}],"wp:term":[{"taxonomy":"post_tag","embeddable":true,"href":"https:\/\/frontaliers-grandest.eu\/de\/wp-json\/wp\/v2\/tags?post=6777"},{"taxonomy":"frge_profile","embeddable":true,"href":"https:\/\/frontaliers-grandest.eu\/de\/wp-json\/wp\/v2\/frge_profile?post=6777"}],"curies":[{"name":"wp","href":"https:\/\/api.w.org\/{rel}","templated":true}]}}