{"id":6770,"date":"2021-04-27T12:14:04","date_gmt":"2021-04-27T10:14:04","guid":{"rendered":"https:\/\/frontaliers-grandest.eu\/?page_id=6770"},"modified":"2021-05-04T11:56:42","modified_gmt":"2021-05-04T09:56:42","slug":"das-lernen-von-fremdsprachen-in-der-schule-im-elsass","status":"publish","type":"page","link":"https:\/\/frontaliers-grandest.eu\/de\/startseite\/fremdsprachen-lernen\/das-lernen-von-fremdsprachen-ab-dem-kindesalter-bis-zum-abitur\/in-frankreich\/das-lernen-von-fremdsprachen-in-der-schule-im-elsass\/","title":{"rendered":"Das Lernen von Fremdsprachen in der Schule im Elsass"},"content":{"rendered":"\n<p>An das Elsass grenzen Baden-W\u00fcrttemberg und im S\u00fcden die drei Schweizer Kantone Jura, Basel-Stadt und Basel-Landschaft. An einer Gesamtzahl von 22 000 Grenzg\u00e4ngern, die im Departement Bas-Rhin leben, l\u00e4sst sich ablesen, dass es umfangreiche Grenzg\u00e4ngerstr\u00f6me nach Deutschland gibt. F\u00fcr die Arbeitnehmer in der R\u00e9gion Grand Est scheinen nach Luxemburg auch die beiden Basler Kantone besonders attraktiv zu sein. Im Departement Haut-Rhin bel\u00e4uft sich die Zahl der Grenzg\u00e4nger insgesamt auf 40&nbsp;400. Neben der Bewahrung des els\u00e4ssischen Dialekts wird in den beiden Departements vor allem den Deutschkenntnissen gro\u00dfe Bedeutung beigemessen. Neben Englisch wird im Grenzgebiet vom Kleinkindalter an und w\u00e4hrend der gesamten Schulzeit das Lernen von Deutsch als erstrebenswertes Ziel angesehen.<\/p>\n\n\n\n<p><strong>Zur F\u00f6rderung des Austauschs zwischen den Grenzgebieten wurden konkret folgende Kooperationen ins Leben gerufen:<\/strong><\/p>\n\n\n\n<ul class=\"wp-block-list\"><li><strong>Der&nbsp;Eurodistrikt Strasbourg-Ortenau<\/strong>, der vor allem die Eurom\u00e9tropole de Strasbourg und den Ortenaukreis umfasst, ist ein 2010 geschaffener Kooperationsraum. Da eines der wichtigen Themen in diesem Eurodistrikt die Mehrsprachigkeit ist, wurde folgerichtig ein Fonds zur Unterst\u00fctzung der deutsch-franz\u00f6sischen Zweisprachigkeit eingerichtet. Ziel ist es, Projekte zu f\u00f6rdern, die auf das Lernen der Sprache des Nachbarn im Gebiet des Eurodistrikts ausgerichtet sind. Mit dem Fonds werden die Fahrtkosten im Rahmen der Austausche zwischen deutschen und franz\u00f6sischen Sch\u00fclerinnen und Sch\u00fclern zu 100 % erstattet.<br><\/li><li><strong>Die&nbsp;Oberrheinkonferenz<\/strong>, die als institutioneller Rahmen der grenz\u00fcberschreitenden Zusammenarbeit an der Grenze zwischen Frankreich, der Schweiz und Deutschland fungiert, f\u00fchrt seit 30 Jahren in allen diesen drei L\u00e4ndern entsprechende Kooperationsprojekte durch. 2013 wurde eine Oberrhein-Charta zur F\u00f6rderung der Mehrsprachigkeit unterzeichnet. In ihr wird empfohlen, dem Erwerb der Sprache des Nachbarn in der Vor- und Grundschule sowie in den Sekundarstufen I und II besondere Bedeutung zu schenken. Um die Ergebnisse der eingeleiteten Ma\u00dfnahmen im Sinne einer gemeinsamen Bildungspolitik zu pr\u00fcfen, finden regelm\u00e4\u00dfige Treffen zwischen deutschen, franz\u00f6sischen und Schweizer Partnern und Bildungsverantwortlichen statt.<\/li><\/ul>\n","protected":false},"excerpt":{"rendered":"<p>An das Elsass grenzen Baden-W\u00fcrttemberg und im S\u00fcden die drei Schweizer Kantone Jura, Basel-Stadt und Basel-Landschaft. An einer Gesamtzahl von 22 000 Grenzg\u00e4ngern, die im Departement Bas-Rhin leben, l\u00e4sst sich ablesen, dass es umfangreiche Grenzg\u00e4ngerstr\u00f6me nach Deutschland gibt. F\u00fcr die Arbeitnehmer in der R\u00e9gion Grand Est scheinen nach Luxemburg auch die beiden Basler Kantone besonders [&hellip;]<\/p>\n","protected":false},"author":7,"featured_media":0,"parent":6757,"menu_order":1,"comment_status":"closed","ping_status":"closed","template":"","meta":{"inline_featured_image":false,"footnotes":""},"tags":[],"frge_profile":[],"class_list":["post-6770","page","type-page","status-publish","hentry"],"yoast_head":"<!-- This site is optimized with the Yoast SEO plugin v27.1.1 - https:\/\/yoast.com\/product\/yoast-seo-wordpress\/ -->\n<title>Das Lernen von Fremdsprachen in der Schule im Elsass - Frontaliers Grand Est<\/title>\n<meta name=\"robots\" content=\"index, follow, max-snippet:-1, max-image-preview:large, max-video-preview:-1\" \/>\n<link rel=\"canonical\" href=\"https:\/\/frontaliers-grandest.eu\/de\/startseite\/fremdsprachen-lernen\/das-lernen-von-fremdsprachen-ab-dem-kindesalter-bis-zum-abitur\/in-frankreich\/das-lernen-von-fremdsprachen-in-der-schule-im-elsass\/\" \/>\n<meta property=\"og:locale\" content=\"de_DE\" \/>\n<meta property=\"og:type\" content=\"article\" \/>\n<meta property=\"og:title\" content=\"Das Lernen von Fremdsprachen in der Schule im Elsass - Frontaliers Grand Est\" \/>\n<meta property=\"og:description\" content=\"An das Elsass grenzen Baden-W\u00fcrttemberg und im S\u00fcden die drei Schweizer Kantone Jura, Basel-Stadt und Basel-Landschaft. An einer Gesamtzahl von 22 000 Grenzg\u00e4ngern, die im Departement Bas-Rhin leben, l\u00e4sst sich ablesen, dass es umfangreiche Grenzg\u00e4ngerstr\u00f6me nach Deutschland gibt. F\u00fcr die Arbeitnehmer in der R\u00e9gion Grand Est scheinen nach Luxemburg auch die beiden Basler Kantone besonders [&hellip;]\" \/>\n<meta property=\"og:url\" content=\"https:\/\/frontaliers-grandest.eu\/de\/startseite\/fremdsprachen-lernen\/das-lernen-von-fremdsprachen-ab-dem-kindesalter-bis-zum-abitur\/in-frankreich\/das-lernen-von-fremdsprachen-in-der-schule-im-elsass\/\" \/>\n<meta property=\"og:site_name\" content=\"Frontaliers Grand Est\" \/>\n<meta property=\"article:publisher\" content=\"https:\/\/www.facebook.com\/frontaliers.GR.EST\/?locale=fr_FR\" \/>\n<meta property=\"article:modified_time\" content=\"2021-05-04T09:56:42+00:00\" \/>\n<meta name=\"twitter:card\" content=\"summary_large_image\" \/>\n<meta name=\"twitter:label1\" content=\"Gesch\u00e4tzte Lesezeit\" \/>\n\t<meta name=\"twitter:data1\" content=\"2\u00a0Minuten\" \/>\n<script type=\"application\/ld+json\" class=\"yoast-schema-graph\">{\"@context\":\"https:\/\/schema.org\",\"@graph\":[{\"@type\":\"WebPage\",\"@id\":\"https:\/\/frontaliers-grandest.eu\/de\/startseite\/fremdsprachen-lernen\/das-lernen-von-fremdsprachen-ab-dem-kindesalter-bis-zum-abitur\/in-frankreich\/das-lernen-von-fremdsprachen-in-der-schule-im-elsass\/\",\"url\":\"https:\/\/frontaliers-grandest.eu\/de\/startseite\/fremdsprachen-lernen\/das-lernen-von-fremdsprachen-ab-dem-kindesalter-bis-zum-abitur\/in-frankreich\/das-lernen-von-fremdsprachen-in-der-schule-im-elsass\/\",\"name\":\"Das Lernen von Fremdsprachen in der Schule im Elsass - Frontaliers Grand Est\",\"isPartOf\":{\"@id\":\"https:\/\/frontaliers-grandest.eu\/de\/#website\"},\"datePublished\":\"2021-04-27T10:14:04+00:00\",\"dateModified\":\"2021-05-04T09:56:42+00:00\",\"breadcrumb\":{\"@id\":\"https:\/\/frontaliers-grandest.eu\/de\/startseite\/fremdsprachen-lernen\/das-lernen-von-fremdsprachen-ab-dem-kindesalter-bis-zum-abitur\/in-frankreich\/das-lernen-von-fremdsprachen-in-der-schule-im-elsass\/#breadcrumb\"},\"inLanguage\":\"de\",\"potentialAction\":[{\"@type\":\"ReadAction\",\"target\":[\"https:\/\/frontaliers-grandest.eu\/de\/startseite\/fremdsprachen-lernen\/das-lernen-von-fremdsprachen-ab-dem-kindesalter-bis-zum-abitur\/in-frankreich\/das-lernen-von-fremdsprachen-in-der-schule-im-elsass\/\"]}]},{\"@type\":\"BreadcrumbList\",\"@id\":\"https:\/\/frontaliers-grandest.eu\/de\/startseite\/fremdsprachen-lernen\/das-lernen-von-fremdsprachen-ab-dem-kindesalter-bis-zum-abitur\/in-frankreich\/das-lernen-von-fremdsprachen-in-der-schule-im-elsass\/#breadcrumb\",\"itemListElement\":[{\"@type\":\"ListItem\",\"position\":1,\"name\":\"Startseite\",\"item\":\"https:\/\/frontaliers-grandest.eu\/de\/\"},{\"@type\":\"ListItem\",\"position\":2,\"name\":\"Fremdsprachen Lernen\",\"item\":\"https:\/\/frontaliers-grandest.eu\/de\/startseite\/fremdsprachen-lernen\/\"},{\"@type\":\"ListItem\",\"position\":3,\"name\":\"Das lernen von fremdsprachen ab dem kindesalter bis zum abitur\",\"item\":\"https:\/\/frontaliers-grandest.eu\/de\/startseite\/fremdsprachen-lernen\/das-lernen-von-fremdsprachen-ab-dem-kindesalter-bis-zum-abitur\/\"},{\"@type\":\"ListItem\",\"position\":4,\"name\":\"In Frankreich\",\"item\":\"https:\/\/frontaliers-grandest.eu\/de\/startseite\/fremdsprachen-lernen\/das-lernen-von-fremdsprachen-ab-dem-kindesalter-bis-zum-abitur\/in-frankreich\/\"},{\"@type\":\"ListItem\",\"position\":5,\"name\":\"Das Lernen von Fremdsprachen in der Schule im Elsass\"}]},{\"@type\":\"WebSite\",\"@id\":\"https:\/\/frontaliers-grandest.eu\/de\/#website\",\"url\":\"https:\/\/frontaliers-grandest.eu\/de\/\",\"name\":\"Frontaliers Grand Est\",\"description\":\"Le site ressource du travail frontalier\",\"publisher\":{\"@id\":\"https:\/\/frontaliers-grandest.eu\/de\/#organization\"},\"alternateName\":\"Frontaliers Grand Est\",\"potentialAction\":[{\"@type\":\"SearchAction\",\"target\":{\"@type\":\"EntryPoint\",\"urlTemplate\":\"https:\/\/frontaliers-grandest.eu\/de\/?s={search_term_string}\"},\"query-input\":{\"@type\":\"PropertyValueSpecification\",\"valueRequired\":true,\"valueName\":\"search_term_string\"}}],\"inLanguage\":\"de\"},{\"@type\":\"Organization\",\"@id\":\"https:\/\/frontaliers-grandest.eu\/de\/#organization\",\"name\":\"Frontaliers Grand Est\",\"alternateName\":\"Frontaliers Grand Est\",\"url\":\"https:\/\/frontaliers-grandest.eu\/de\/\",\"logo\":{\"@type\":\"ImageObject\",\"inLanguage\":\"de\",\"@id\":\"https:\/\/frontaliers-grandest.eu\/de\/#\/schema\/logo\/image\/\",\"url\":\"https:\/\/frontaliers-grandest.eu\/wp-content\/uploads\/2025\/07\/260328234_2966785176920310_3332838526503858160_n.jpg\",\"contentUrl\":\"https:\/\/frontaliers-grandest.eu\/wp-content\/uploads\/2025\/07\/260328234_2966785176920310_3332838526503858160_n.jpg\",\"width\":396,\"height\":396,\"caption\":\"Frontaliers Grand Est\"},\"image\":{\"@id\":\"https:\/\/frontaliers-grandest.eu\/de\/#\/schema\/logo\/image\/\"},\"sameAs\":[\"https:\/\/www.facebook.com\/frontaliers.GR.EST\/?locale=fr_FR\"]}]}<\/script>\n<!-- \/ Yoast SEO plugin. -->","yoast_head_json":{"title":"Das Lernen von Fremdsprachen in der Schule im Elsass - Frontaliers Grand Est","robots":{"index":"index","follow":"follow","max-snippet":"max-snippet:-1","max-image-preview":"max-image-preview:large","max-video-preview":"max-video-preview:-1"},"canonical":"https:\/\/frontaliers-grandest.eu\/de\/startseite\/fremdsprachen-lernen\/das-lernen-von-fremdsprachen-ab-dem-kindesalter-bis-zum-abitur\/in-frankreich\/das-lernen-von-fremdsprachen-in-der-schule-im-elsass\/","og_locale":"de_DE","og_type":"article","og_title":"Das Lernen von Fremdsprachen in der Schule im Elsass - Frontaliers Grand Est","og_description":"An das Elsass grenzen Baden-W\u00fcrttemberg und im S\u00fcden die drei Schweizer Kantone Jura, Basel-Stadt und Basel-Landschaft. An einer Gesamtzahl von 22 000 Grenzg\u00e4ngern, die im Departement Bas-Rhin leben, l\u00e4sst sich ablesen, dass es umfangreiche Grenzg\u00e4ngerstr\u00f6me nach Deutschland gibt. F\u00fcr die Arbeitnehmer in der R\u00e9gion Grand Est scheinen nach Luxemburg auch die beiden Basler Kantone besonders [&hellip;]","og_url":"https:\/\/frontaliers-grandest.eu\/de\/startseite\/fremdsprachen-lernen\/das-lernen-von-fremdsprachen-ab-dem-kindesalter-bis-zum-abitur\/in-frankreich\/das-lernen-von-fremdsprachen-in-der-schule-im-elsass\/","og_site_name":"Frontaliers Grand Est","article_publisher":"https:\/\/www.facebook.com\/frontaliers.GR.EST\/?locale=fr_FR","article_modified_time":"2021-05-04T09:56:42+00:00","twitter_card":"summary_large_image","twitter_misc":{"Gesch\u00e4tzte Lesezeit":"2\u00a0Minuten"},"schema":{"@context":"https:\/\/schema.org","@graph":[{"@type":"WebPage","@id":"https:\/\/frontaliers-grandest.eu\/de\/startseite\/fremdsprachen-lernen\/das-lernen-von-fremdsprachen-ab-dem-kindesalter-bis-zum-abitur\/in-frankreich\/das-lernen-von-fremdsprachen-in-der-schule-im-elsass\/","url":"https:\/\/frontaliers-grandest.eu\/de\/startseite\/fremdsprachen-lernen\/das-lernen-von-fremdsprachen-ab-dem-kindesalter-bis-zum-abitur\/in-frankreich\/das-lernen-von-fremdsprachen-in-der-schule-im-elsass\/","name":"Das Lernen von Fremdsprachen in der Schule im Elsass - Frontaliers Grand Est","isPartOf":{"@id":"https:\/\/frontaliers-grandest.eu\/de\/#website"},"datePublished":"2021-04-27T10:14:04+00:00","dateModified":"2021-05-04T09:56:42+00:00","breadcrumb":{"@id":"https:\/\/frontaliers-grandest.eu\/de\/startseite\/fremdsprachen-lernen\/das-lernen-von-fremdsprachen-ab-dem-kindesalter-bis-zum-abitur\/in-frankreich\/das-lernen-von-fremdsprachen-in-der-schule-im-elsass\/#breadcrumb"},"inLanguage":"de","potentialAction":[{"@type":"ReadAction","target":["https:\/\/frontaliers-grandest.eu\/de\/startseite\/fremdsprachen-lernen\/das-lernen-von-fremdsprachen-ab-dem-kindesalter-bis-zum-abitur\/in-frankreich\/das-lernen-von-fremdsprachen-in-der-schule-im-elsass\/"]}]},{"@type":"BreadcrumbList","@id":"https:\/\/frontaliers-grandest.eu\/de\/startseite\/fremdsprachen-lernen\/das-lernen-von-fremdsprachen-ab-dem-kindesalter-bis-zum-abitur\/in-frankreich\/das-lernen-von-fremdsprachen-in-der-schule-im-elsass\/#breadcrumb","itemListElement":[{"@type":"ListItem","position":1,"name":"Startseite","item":"https:\/\/frontaliers-grandest.eu\/de\/"},{"@type":"ListItem","position":2,"name":"Fremdsprachen Lernen","item":"https:\/\/frontaliers-grandest.eu\/de\/startseite\/fremdsprachen-lernen\/"},{"@type":"ListItem","position":3,"name":"Das lernen von fremdsprachen ab dem kindesalter bis zum abitur","item":"https:\/\/frontaliers-grandest.eu\/de\/startseite\/fremdsprachen-lernen\/das-lernen-von-fremdsprachen-ab-dem-kindesalter-bis-zum-abitur\/"},{"@type":"ListItem","position":4,"name":"In Frankreich","item":"https:\/\/frontaliers-grandest.eu\/de\/startseite\/fremdsprachen-lernen\/das-lernen-von-fremdsprachen-ab-dem-kindesalter-bis-zum-abitur\/in-frankreich\/"},{"@type":"ListItem","position":5,"name":"Das Lernen von Fremdsprachen in der Schule im Elsass"}]},{"@type":"WebSite","@id":"https:\/\/frontaliers-grandest.eu\/de\/#website","url":"https:\/\/frontaliers-grandest.eu\/de\/","name":"Frontaliers Grand Est","description":"Le site ressource du travail frontalier","publisher":{"@id":"https:\/\/frontaliers-grandest.eu\/de\/#organization"},"alternateName":"Frontaliers Grand Est","potentialAction":[{"@type":"SearchAction","target":{"@type":"EntryPoint","urlTemplate":"https:\/\/frontaliers-grandest.eu\/de\/?s={search_term_string}"},"query-input":{"@type":"PropertyValueSpecification","valueRequired":true,"valueName":"search_term_string"}}],"inLanguage":"de"},{"@type":"Organization","@id":"https:\/\/frontaliers-grandest.eu\/de\/#organization","name":"Frontaliers Grand Est","alternateName":"Frontaliers Grand Est","url":"https:\/\/frontaliers-grandest.eu\/de\/","logo":{"@type":"ImageObject","inLanguage":"de","@id":"https:\/\/frontaliers-grandest.eu\/de\/#\/schema\/logo\/image\/","url":"https:\/\/frontaliers-grandest.eu\/wp-content\/uploads\/2025\/07\/260328234_2966785176920310_3332838526503858160_n.jpg","contentUrl":"https:\/\/frontaliers-grandest.eu\/wp-content\/uploads\/2025\/07\/260328234_2966785176920310_3332838526503858160_n.jpg","width":396,"height":396,"caption":"Frontaliers Grand Est"},"image":{"@id":"https:\/\/frontaliers-grandest.eu\/de\/#\/schema\/logo\/image\/"},"sameAs":["https:\/\/www.facebook.com\/frontaliers.GR.EST\/?locale=fr_FR"]}]}},"frge_page_order":0,"_links":{"self":[{"href":"https:\/\/frontaliers-grandest.eu\/de\/wp-json\/wp\/v2\/pages\/6770","targetHints":{"allow":["GET"]}}],"collection":[{"href":"https:\/\/frontaliers-grandest.eu\/de\/wp-json\/wp\/v2\/pages"}],"about":[{"href":"https:\/\/frontaliers-grandest.eu\/de\/wp-json\/wp\/v2\/types\/page"}],"author":[{"embeddable":true,"href":"https:\/\/frontaliers-grandest.eu\/de\/wp-json\/wp\/v2\/users\/7"}],"replies":[{"embeddable":true,"href":"https:\/\/frontaliers-grandest.eu\/de\/wp-json\/wp\/v2\/comments?post=6770"}],"version-history":[{"count":2,"href":"https:\/\/frontaliers-grandest.eu\/de\/wp-json\/wp\/v2\/pages\/6770\/revisions"}],"predecessor-version":[{"id":7023,"href":"https:\/\/frontaliers-grandest.eu\/de\/wp-json\/wp\/v2\/pages\/6770\/revisions\/7023"}],"up":[{"embeddable":true,"href":"https:\/\/frontaliers-grandest.eu\/de\/wp-json\/wp\/v2\/pages\/6757"}],"wp:attachment":[{"href":"https:\/\/frontaliers-grandest.eu\/de\/wp-json\/wp\/v2\/media?parent=6770"}],"wp:term":[{"taxonomy":"post_tag","embeddable":true,"href":"https:\/\/frontaliers-grandest.eu\/de\/wp-json\/wp\/v2\/tags?post=6770"},{"taxonomy":"frge_profile","embeddable":true,"href":"https:\/\/frontaliers-grandest.eu\/de\/wp-json\/wp\/v2\/frge_profile?post=6770"}],"curies":[{"name":"wp","href":"https:\/\/api.w.org\/{rel}","templated":true}]}}