{"id":6768,"date":"2021-04-27T12:11:13","date_gmt":"2021-04-27T10:11:13","guid":{"rendered":"https:\/\/frontaliers-grandest.eu\/?page_id=6768"},"modified":"2021-05-04T11:55:16","modified_gmt":"2021-05-04T09:55:16","slug":"an-den-lycees-weiterfuhrende-schulen-fur-die-sekundarstufe-ii","status":"publish","type":"page","link":"https:\/\/frontaliers-grandest.eu\/de\/startseite\/fremdsprachen-lernen\/das-lernen-von-fremdsprachen-ab-dem-kindesalter-bis-zum-abitur\/in-frankreich\/das-lernen-von-fremdsprachen-in-lothringen\/an-den-lycees-weiterfuhrende-schulen-fur-die-sekundarstufe-ii\/","title":{"rendered":"An den Lyc\u00e9es (weiterf\u00fchrende Schulen f\u00fcr die Sekundarstufe II)"},"content":{"rendered":"\n<p class=\"has-darkbleu-color has-text-color\"><strong>W\u00e4hrend im \u00f6ffentlichen Schulwesen Deutsch in den Coll\u00e8ges immer h\u00e4ufiger als erste lebende Fremdsprache gew\u00e4hlt wird, setzt sich in den Lyc\u00e9es der Trend fort, dass Deutsch hier an Bedeutung verliert.<\/strong><\/p>\n\n\n\n<h5 class=\"wp-block-heading\"><strong>Die bilingualen Zweige \u201eSections europ\u00e9ennes ou de langues orientales\u201c<\/strong>&nbsp;<strong>(SELO)<\/strong><\/h5>\n\n\n\n<p>Die europ\u00e4ischen Zweige&nbsp;<strong>werden in den Lyc\u00e9es f\u00fcr die allgemeinbildenden, technischen und berufsbildenden Ausrichtungen von der 10. Klasse bis zur jeweiligen Abschlussklasse angeboten<\/strong>.<\/p>\n\n\n\n<p>In diesen bilingualen Zweigen werden&nbsp;<strong>einige Sachf\u00e4cher des Lehrplans in der jeweiligen Fremdsprache<\/strong>&nbsp;unterrichtet. Diese Sachf\u00e4cher werden von der Einrichtung selbst gew\u00e4hlt: Geschichte\/Geografie, Biologie\/Naturkunde, Mathematik, Sport, Naturwissenschaften\/Physik oder ein beliebiges anderes Sachfach.<\/p>\n\n\n\n<p>Der SELO-Zweig erm\u00f6glicht es, im Abiturzeugnis (Baccalaur\u00e9at) den Vermerk \u201e<strong>Section europ\u00e9enne<\/strong>\u201c oder \u201e<strong>Langues orientales<\/strong>\u201c zu erhalten.<\/p>\n\n\n\n<p>Die europ\u00e4ischen Zweige werden f\u00fcr 8 Sprachen angeboten (Deutsch, Englisch, Spanisch, Italienisch, Niederl\u00e4ndisch, Polnisch, Portugiesisch, Russisch). In den Zweigen f\u00fcr orientalische Sprachen stehen Arabisch, Chinesisch, Japanisch und Vietnamesisch zur Auswahl.<\/p>\n\n\n\n<p><strong>Der Plan de r\u00e9novation de l&#8217;enseignement des langues vivantes (Plan zur Modernisierung des Fremdsprachenunterrichts f\u00fcr lebende Sprachen)<\/strong>: Eine der Ma\u00dfnahmen dieses Plans bestand darin, den Sch\u00fclerinnen und Sch\u00fclern im europ\u00e4ischen Zweig f\u00fcr Englisch und Spanisch sowie den Sch\u00fclerinnen und Sch\u00fclern der 9. und 10. Klasse f\u00fcr Deutsch&nbsp;<strong>eine Zertifizierung f\u00fcr die entsprechende lebende Fremdsprache<\/strong>&nbsp;anzubieten. Das entsprechende Zertifikat lehnt sich an die Niveaustufe B1 des Gemeinsamen Europ\u00e4ischen Referenzrahmens f\u00fcr Sprachen (GER) an, wobei je nach Ergebnis auch die Niveaustufe A2 erreicht werden kann.<\/p>\n\n\n\n<h5 class=\"wp-block-heading\"><strong>Die binationalen Zweige<\/strong><\/h5>\n\n\n\n<p>In den Lyc\u00e9es bestehen M\u00f6glichkeiten, den Fremdsprachenunterricht in speziellen Zweigen zu verst\u00e4rken. Die entsprechenden Bildungsg\u00e4nge werden zusammen mit einem Partnerland (Deutschland, Italien oder Spanien) erarbeitet und erm\u00f6glichen es den Sch\u00fclerinnen und Sch\u00fclern, einen binationalen Doppelabschluss zu erreichen.<\/p>\n\n\n\n<p>Es gibt drei Zweige dieser Art:<\/p>\n\n\n\n<ul class=\"wp-block-list\"><li>AbiBac-Zweig&nbsp;(Deutsch-Franz\u00f6sisch): Mit dem AbiBac (franz\u00f6sisches Baccalaur\u00e9at und deutsches Abitur) erwerben die Sch\u00fcler\/-innen die Hochschulreife als Zugangsberechtigung f\u00fcr deutsche und franz\u00f6sische Universit\u00e4ten. Im Schulverwaltungsbezirk Acad\u00e9mie de Nancy-Metz wird dieser Zweig an sechs Einrichtungen angeboten: 4 im Departement Moselle (Metz, Saint-Avold, Sarreguemines, Thionville) und 2 im Departement Meurthe-et-Moselle (Nancy)<\/li><li>EsaBac-Zweig&nbsp;(Franz\u00f6sisch-Italienisch): Mit dem von Frankreich und Italien f\u00fcr das EsaBac entwickelten Bildungsgang erwerben die Sch\u00fcler\/-innen das italienische Esame di Stato und das franz\u00f6sische Baccalaur\u00e9at. Diesen Zweig bieten in Lothringen zwei Lyc\u00e9es an: das Lyc\u00e9e Alfred M\u00e9zi\u00e8res in Longwy (<a href=\"http:\/\/www4.ac-nancy-metz.fr\/lyc-alfred-mezieres-longwy\/\" target=\"_blank\" rel=\"noreferrer noopener\">http:\/\/www.lycee-alfred-mezieres.fr\/<\/a>) und das Lyc\u00e9e Fr\u00e9d\u00e9ric Chopin in Nancy (<a href=\"http:\/\/www.lycee-chopin.fr\/\">http:\/\/www.lycee-chopin.fr\/<\/a>).<\/li><li>BachiBac-Zweig: Dieser Doppelabschuss basiert auf einer Zusammenarbeit zwischen Frankreich und Spanien.<br>Die Sch\u00fcler\/-innen erwerben das spanische Bachillerato und das franz\u00f6sische Baccalaur\u00e9at. Dieser Zweig wird nur vom Lyc\u00e9e Jeanne d\u2019Arc in Nancy angeboten (<a href=\"https:\/\/www.lyceejeannedarcnancy.com\/\" target=\"_blank\" rel=\"noreferrer noopener\">http:\/\/www4.ac-nancy-metz.fr\/lyc-jeanne-d-arc-nancy\/<\/a>).<\/li><\/ul>\n\n\n\n<h5 class=\"wp-block-heading\"><strong>Die internationalen Zweige<\/strong><\/h5>\n\n\n\n<p>Internationale Zweige k\u00f6nnen in&nbsp;Grundschulen und weiterf\u00fchrenden Schulen (Coll\u00e8ges und Lyc\u00e9es)&nbsp;angeboten werden. Mit ihnen wird das Ziel verfolgt, die Eingliederung ausl\u00e4ndischer Sch\u00fcler\/-innen in das franz\u00f6sische System zu erleichtern und zugleich einen geeigneten Rahmen f\u00fcr die franz\u00f6sischen Sch\u00fcler\/-innen zu schaffen, um eine lebende Sprache auf einer hohen Niveaustufe zu lernen. Im Schulverwaltungsbezirk Acad\u00e9mie de Nancy-Metz gibt es&nbsp;<strong>nur einen internationalen Zweig an einem Lyc\u00e9e<\/strong>&nbsp;f\u00fcr britisches Englisch, und zwar am Lyc\u00e9e Jeanne d\u2019Arc in Nancy (<a href=\"https:\/\/www.lyceejeannedarcnancy.com\/\" target=\"_blank\" rel=\"noreferrer noopener\">http:\/\/www4.ac-nancy-metz.fr\/lyc-jeanne-d-arc-nancy\/<\/a>).<br>Der Bildungsgang f\u00fchrt zur allgemeinen Hochschulreife (Baccalaur\u00e9at g\u00e9n\u00e9ral) mit der \u201eOption internationale\u201c.<\/p>\n\n\n\n<h5 class=\"wp-block-heading\"><strong>F\u00f6rderung der individuellen Mobilit\u00e4t<\/strong><\/h5>\n\n\n\n<p>Die Mobilit\u00e4t der Sch\u00fcler\/-innen im Schulverwaltungsbezirk Acad\u00e9mie de Nancy-Metz wird durch vier Programme gef\u00f6rdert, die ihnen M\u00f6glichkeiten f\u00fcr Lernaufenthalte im Ausland er\u00f6ffnen:<\/p>\n\n\n\n<ul class=\"wp-block-list\"><li><strong>Das Schuman-Programm f\u00fcr die Coll\u00e8ges<\/strong><br>Individuelle Austausche mit Hin- und R\u00fcckbesuch f\u00fcr&nbsp;<strong>2 Wochen<\/strong>&nbsp;zwischen dem Schulverwaltungsbezirk Acad\u00e9mie de Nancy-Metz und dem Saarland, Rheinland-Pfalz, der franz\u00f6sischsprachigen Gemeinschaft Belgiens und Luxemburg.<br>Antragsunterlagen sind in den Sekretariaten der schulischen Einrichtungen erh\u00e4ltlich.<\/li><li><strong>Das Schuman-Programm f\u00fcr die Lyc\u00e9es<\/strong><br>Individuelle Austausche mit Hin- und R\u00fcckbesuch f\u00fcr&nbsp;<strong>4 Wochen<\/strong>&nbsp;zwischen dem Schulverwaltungsbezirk Acad\u00e9mie de Nancy-Metz und dem Saarland, Rheinland-Pfalz, der franz\u00f6sischsprachigen Gemeinschaft Belgiens und Luxemburg.<br>Antragsunterlagen sind in den Sekretariaten der schulischen Einrichtungen erh\u00e4ltlich.<\/li><li><strong>Das Brigitte-Sauzay-Programm<\/strong><br>F\u00fcr Sch\u00fcler\/-innen der 8. bis 10. Klasse; ein dreimonatiger Aufenthalt in einer deutschen Gastfamilie.&nbsp;<br>Informationen erhalten Sie beim Schulamt des Schulverwaltungsbezirks (Rectorat de l\u2019Acad\u00e9mie).<\/li><li><strong>Das Voltaire-Programm<\/strong><br>Programme f\u00fcr einen individuellen Sch\u00fcleraustausch: Nach dem Prinzip der Gegenseitigkeit leben die franz\u00f6sischen Austauschsch\u00fcler\/-innen sechs Monate in deutschen Gastfamilien, und dann nehmen die Gastfamilien in Frankreich die Teilnehmenden aus Deutschland ebenfalls f\u00fcr sechs Monate auf.<br>F\u00fcr Sch\u00fcler\/-innen der 9. und 10. Klasse.<br>Kontaktaufnahme \u00fcber das Deutsch-Franz\u00f6sische Jugendwerk:&nbsp;<a href=\"mailto:voltaire@ofaj.org\" target=\"_blank\" rel=\"noreferrer noopener\">voltaire@ofaj.org<\/a><\/li><\/ul>\n","protected":false},"excerpt":{"rendered":"<p>W\u00e4hrend im \u00f6ffentlichen Schulwesen Deutsch in den Coll\u00e8ges immer h\u00e4ufiger als erste lebende Fremdsprache gew\u00e4hlt wird, setzt sich in den Lyc\u00e9es der Trend fort, dass Deutsch hier an Bedeutung verliert. Die bilingualen Zweige \u201eSections europ\u00e9ennes ou de langues orientales\u201c&nbsp;(SELO) Die europ\u00e4ischen Zweige&nbsp;werden in den Lyc\u00e9es f\u00fcr die allgemeinbildenden, technischen und berufsbildenden Ausrichtungen von der 10. [&hellip;]<\/p>\n","protected":false},"author":7,"featured_media":0,"parent":6759,"menu_order":3,"comment_status":"closed","ping_status":"closed","template":"","meta":{"inline_featured_image":false,"footnotes":""},"tags":[],"frge_profile":[],"class_list":["post-6768","page","type-page","status-publish","hentry"],"yoast_head":"<!-- This site is optimized with the Yoast SEO plugin v27.1.1 - https:\/\/yoast.com\/product\/yoast-seo-wordpress\/ -->\n<title>An den Lyc\u00e9es (weiterf\u00fchrende Schulen f\u00fcr die Sekundarstufe II) - Frontaliers Grand Est<\/title>\n<meta name=\"robots\" content=\"index, follow, max-snippet:-1, max-image-preview:large, max-video-preview:-1\" \/>\n<link rel=\"canonical\" href=\"https:\/\/frontaliers-grandest.eu\/de\/startseite\/fremdsprachen-lernen\/das-lernen-von-fremdsprachen-ab-dem-kindesalter-bis-zum-abitur\/in-frankreich\/das-lernen-von-fremdsprachen-in-lothringen\/an-den-lycees-weiterfuhrende-schulen-fur-die-sekundarstufe-ii\/\" \/>\n<meta property=\"og:locale\" content=\"de_DE\" \/>\n<meta property=\"og:type\" content=\"article\" \/>\n<meta property=\"og:title\" content=\"An den Lyc\u00e9es (weiterf\u00fchrende Schulen f\u00fcr die Sekundarstufe II) - Frontaliers Grand Est\" \/>\n<meta property=\"og:description\" content=\"W\u00e4hrend im \u00f6ffentlichen Schulwesen Deutsch in den Coll\u00e8ges immer h\u00e4ufiger als erste lebende Fremdsprache gew\u00e4hlt wird, setzt sich in den Lyc\u00e9es der Trend fort, dass Deutsch hier an Bedeutung verliert. Die bilingualen Zweige \u201eSections europ\u00e9ennes ou de langues orientales\u201c&nbsp;(SELO) Die europ\u00e4ischen Zweige&nbsp;werden in den Lyc\u00e9es f\u00fcr die allgemeinbildenden, technischen und berufsbildenden Ausrichtungen von der 10. [&hellip;]\" \/>\n<meta property=\"og:url\" content=\"https:\/\/frontaliers-grandest.eu\/de\/startseite\/fremdsprachen-lernen\/das-lernen-von-fremdsprachen-ab-dem-kindesalter-bis-zum-abitur\/in-frankreich\/das-lernen-von-fremdsprachen-in-lothringen\/an-den-lycees-weiterfuhrende-schulen-fur-die-sekundarstufe-ii\/\" \/>\n<meta property=\"og:site_name\" content=\"Frontaliers Grand Est\" \/>\n<meta property=\"article:publisher\" content=\"https:\/\/www.facebook.com\/frontaliers.GR.EST\/?locale=fr_FR\" \/>\n<meta property=\"article:modified_time\" content=\"2021-05-04T09:55:16+00:00\" \/>\n<meta name=\"twitter:card\" content=\"summary_large_image\" \/>\n<meta name=\"twitter:label1\" content=\"Gesch\u00e4tzte Lesezeit\" \/>\n\t<meta name=\"twitter:data1\" content=\"3\u00a0Minuten\" \/>\n<script type=\"application\/ld+json\" class=\"yoast-schema-graph\">{\"@context\":\"https:\/\/schema.org\",\"@graph\":[{\"@type\":\"WebPage\",\"@id\":\"https:\/\/frontaliers-grandest.eu\/de\/startseite\/fremdsprachen-lernen\/das-lernen-von-fremdsprachen-ab-dem-kindesalter-bis-zum-abitur\/in-frankreich\/das-lernen-von-fremdsprachen-in-lothringen\/an-den-lycees-weiterfuhrende-schulen-fur-die-sekundarstufe-ii\/\",\"url\":\"https:\/\/frontaliers-grandest.eu\/de\/startseite\/fremdsprachen-lernen\/das-lernen-von-fremdsprachen-ab-dem-kindesalter-bis-zum-abitur\/in-frankreich\/das-lernen-von-fremdsprachen-in-lothringen\/an-den-lycees-weiterfuhrende-schulen-fur-die-sekundarstufe-ii\/\",\"name\":\"An den Lyc\u00e9es (weiterf\u00fchrende Schulen f\u00fcr die Sekundarstufe II) - Frontaliers Grand Est\",\"isPartOf\":{\"@id\":\"https:\/\/frontaliers-grandest.eu\/de\/#website\"},\"datePublished\":\"2021-04-27T10:11:13+00:00\",\"dateModified\":\"2021-05-04T09:55:16+00:00\",\"breadcrumb\":{\"@id\":\"https:\/\/frontaliers-grandest.eu\/de\/startseite\/fremdsprachen-lernen\/das-lernen-von-fremdsprachen-ab-dem-kindesalter-bis-zum-abitur\/in-frankreich\/das-lernen-von-fremdsprachen-in-lothringen\/an-den-lycees-weiterfuhrende-schulen-fur-die-sekundarstufe-ii\/#breadcrumb\"},\"inLanguage\":\"de\",\"potentialAction\":[{\"@type\":\"ReadAction\",\"target\":[\"https:\/\/frontaliers-grandest.eu\/de\/startseite\/fremdsprachen-lernen\/das-lernen-von-fremdsprachen-ab-dem-kindesalter-bis-zum-abitur\/in-frankreich\/das-lernen-von-fremdsprachen-in-lothringen\/an-den-lycees-weiterfuhrende-schulen-fur-die-sekundarstufe-ii\/\"]}]},{\"@type\":\"BreadcrumbList\",\"@id\":\"https:\/\/frontaliers-grandest.eu\/de\/startseite\/fremdsprachen-lernen\/das-lernen-von-fremdsprachen-ab-dem-kindesalter-bis-zum-abitur\/in-frankreich\/das-lernen-von-fremdsprachen-in-lothringen\/an-den-lycees-weiterfuhrende-schulen-fur-die-sekundarstufe-ii\/#breadcrumb\",\"itemListElement\":[{\"@type\":\"ListItem\",\"position\":1,\"name\":\"Startseite\",\"item\":\"https:\/\/frontaliers-grandest.eu\/de\/\"},{\"@type\":\"ListItem\",\"position\":2,\"name\":\"Fremdsprachen Lernen\",\"item\":\"https:\/\/frontaliers-grandest.eu\/de\/startseite\/fremdsprachen-lernen\/\"},{\"@type\":\"ListItem\",\"position\":3,\"name\":\"Das lernen von fremdsprachen ab dem kindesalter bis zum abitur\",\"item\":\"https:\/\/frontaliers-grandest.eu\/de\/startseite\/fremdsprachen-lernen\/das-lernen-von-fremdsprachen-ab-dem-kindesalter-bis-zum-abitur\/\"},{\"@type\":\"ListItem\",\"position\":4,\"name\":\"In Frankreich\",\"item\":\"https:\/\/frontaliers-grandest.eu\/de\/startseite\/fremdsprachen-lernen\/das-lernen-von-fremdsprachen-ab-dem-kindesalter-bis-zum-abitur\/in-frankreich\/\"},{\"@type\":\"ListItem\",\"position\":5,\"name\":\"Das Lernen von Fremdsprachen in Lothringen\",\"item\":\"https:\/\/frontaliers-grandest.eu\/de\/startseite\/fremdsprachen-lernen\/das-lernen-von-fremdsprachen-ab-dem-kindesalter-bis-zum-abitur\/in-frankreich\/das-lernen-von-fremdsprachen-in-lothringen\/\"},{\"@type\":\"ListItem\",\"position\":6,\"name\":\"An den Lyc\u00e9es (weiterf\u00fchrende Schulen f\u00fcr die Sekundarstufe II)\"}]},{\"@type\":\"WebSite\",\"@id\":\"https:\/\/frontaliers-grandest.eu\/de\/#website\",\"url\":\"https:\/\/frontaliers-grandest.eu\/de\/\",\"name\":\"Frontaliers Grand Est\",\"description\":\"Le site ressource du travail frontalier\",\"publisher\":{\"@id\":\"https:\/\/frontaliers-grandest.eu\/de\/#organization\"},\"alternateName\":\"Frontaliers Grand Est\",\"potentialAction\":[{\"@type\":\"SearchAction\",\"target\":{\"@type\":\"EntryPoint\",\"urlTemplate\":\"https:\/\/frontaliers-grandest.eu\/de\/?s={search_term_string}\"},\"query-input\":{\"@type\":\"PropertyValueSpecification\",\"valueRequired\":true,\"valueName\":\"search_term_string\"}}],\"inLanguage\":\"de\"},{\"@type\":\"Organization\",\"@id\":\"https:\/\/frontaliers-grandest.eu\/de\/#organization\",\"name\":\"Frontaliers Grand Est\",\"alternateName\":\"Frontaliers Grand Est\",\"url\":\"https:\/\/frontaliers-grandest.eu\/de\/\",\"logo\":{\"@type\":\"ImageObject\",\"inLanguage\":\"de\",\"@id\":\"https:\/\/frontaliers-grandest.eu\/de\/#\/schema\/logo\/image\/\",\"url\":\"https:\/\/frontaliers-grandest.eu\/wp-content\/uploads\/2025\/07\/260328234_2966785176920310_3332838526503858160_n.jpg\",\"contentUrl\":\"https:\/\/frontaliers-grandest.eu\/wp-content\/uploads\/2025\/07\/260328234_2966785176920310_3332838526503858160_n.jpg\",\"width\":396,\"height\":396,\"caption\":\"Frontaliers Grand Est\"},\"image\":{\"@id\":\"https:\/\/frontaliers-grandest.eu\/de\/#\/schema\/logo\/image\/\"},\"sameAs\":[\"https:\/\/www.facebook.com\/frontaliers.GR.EST\/?locale=fr_FR\"]}]}<\/script>\n<!-- \/ Yoast SEO plugin. -->","yoast_head_json":{"title":"An den Lyc\u00e9es (weiterf\u00fchrende Schulen f\u00fcr die Sekundarstufe II) - Frontaliers Grand Est","robots":{"index":"index","follow":"follow","max-snippet":"max-snippet:-1","max-image-preview":"max-image-preview:large","max-video-preview":"max-video-preview:-1"},"canonical":"https:\/\/frontaliers-grandest.eu\/de\/startseite\/fremdsprachen-lernen\/das-lernen-von-fremdsprachen-ab-dem-kindesalter-bis-zum-abitur\/in-frankreich\/das-lernen-von-fremdsprachen-in-lothringen\/an-den-lycees-weiterfuhrende-schulen-fur-die-sekundarstufe-ii\/","og_locale":"de_DE","og_type":"article","og_title":"An den Lyc\u00e9es (weiterf\u00fchrende Schulen f\u00fcr die Sekundarstufe II) - Frontaliers Grand Est","og_description":"W\u00e4hrend im \u00f6ffentlichen Schulwesen Deutsch in den Coll\u00e8ges immer h\u00e4ufiger als erste lebende Fremdsprache gew\u00e4hlt wird, setzt sich in den Lyc\u00e9es der Trend fort, dass Deutsch hier an Bedeutung verliert. Die bilingualen Zweige \u201eSections europ\u00e9ennes ou de langues orientales\u201c&nbsp;(SELO) Die europ\u00e4ischen Zweige&nbsp;werden in den Lyc\u00e9es f\u00fcr die allgemeinbildenden, technischen und berufsbildenden Ausrichtungen von der 10. [&hellip;]","og_url":"https:\/\/frontaliers-grandest.eu\/de\/startseite\/fremdsprachen-lernen\/das-lernen-von-fremdsprachen-ab-dem-kindesalter-bis-zum-abitur\/in-frankreich\/das-lernen-von-fremdsprachen-in-lothringen\/an-den-lycees-weiterfuhrende-schulen-fur-die-sekundarstufe-ii\/","og_site_name":"Frontaliers Grand Est","article_publisher":"https:\/\/www.facebook.com\/frontaliers.GR.EST\/?locale=fr_FR","article_modified_time":"2021-05-04T09:55:16+00:00","twitter_card":"summary_large_image","twitter_misc":{"Gesch\u00e4tzte Lesezeit":"3\u00a0Minuten"},"schema":{"@context":"https:\/\/schema.org","@graph":[{"@type":"WebPage","@id":"https:\/\/frontaliers-grandest.eu\/de\/startseite\/fremdsprachen-lernen\/das-lernen-von-fremdsprachen-ab-dem-kindesalter-bis-zum-abitur\/in-frankreich\/das-lernen-von-fremdsprachen-in-lothringen\/an-den-lycees-weiterfuhrende-schulen-fur-die-sekundarstufe-ii\/","url":"https:\/\/frontaliers-grandest.eu\/de\/startseite\/fremdsprachen-lernen\/das-lernen-von-fremdsprachen-ab-dem-kindesalter-bis-zum-abitur\/in-frankreich\/das-lernen-von-fremdsprachen-in-lothringen\/an-den-lycees-weiterfuhrende-schulen-fur-die-sekundarstufe-ii\/","name":"An den Lyc\u00e9es (weiterf\u00fchrende Schulen f\u00fcr die Sekundarstufe II) - Frontaliers Grand Est","isPartOf":{"@id":"https:\/\/frontaliers-grandest.eu\/de\/#website"},"datePublished":"2021-04-27T10:11:13+00:00","dateModified":"2021-05-04T09:55:16+00:00","breadcrumb":{"@id":"https:\/\/frontaliers-grandest.eu\/de\/startseite\/fremdsprachen-lernen\/das-lernen-von-fremdsprachen-ab-dem-kindesalter-bis-zum-abitur\/in-frankreich\/das-lernen-von-fremdsprachen-in-lothringen\/an-den-lycees-weiterfuhrende-schulen-fur-die-sekundarstufe-ii\/#breadcrumb"},"inLanguage":"de","potentialAction":[{"@type":"ReadAction","target":["https:\/\/frontaliers-grandest.eu\/de\/startseite\/fremdsprachen-lernen\/das-lernen-von-fremdsprachen-ab-dem-kindesalter-bis-zum-abitur\/in-frankreich\/das-lernen-von-fremdsprachen-in-lothringen\/an-den-lycees-weiterfuhrende-schulen-fur-die-sekundarstufe-ii\/"]}]},{"@type":"BreadcrumbList","@id":"https:\/\/frontaliers-grandest.eu\/de\/startseite\/fremdsprachen-lernen\/das-lernen-von-fremdsprachen-ab-dem-kindesalter-bis-zum-abitur\/in-frankreich\/das-lernen-von-fremdsprachen-in-lothringen\/an-den-lycees-weiterfuhrende-schulen-fur-die-sekundarstufe-ii\/#breadcrumb","itemListElement":[{"@type":"ListItem","position":1,"name":"Startseite","item":"https:\/\/frontaliers-grandest.eu\/de\/"},{"@type":"ListItem","position":2,"name":"Fremdsprachen Lernen","item":"https:\/\/frontaliers-grandest.eu\/de\/startseite\/fremdsprachen-lernen\/"},{"@type":"ListItem","position":3,"name":"Das lernen von fremdsprachen ab dem kindesalter bis zum abitur","item":"https:\/\/frontaliers-grandest.eu\/de\/startseite\/fremdsprachen-lernen\/das-lernen-von-fremdsprachen-ab-dem-kindesalter-bis-zum-abitur\/"},{"@type":"ListItem","position":4,"name":"In Frankreich","item":"https:\/\/frontaliers-grandest.eu\/de\/startseite\/fremdsprachen-lernen\/das-lernen-von-fremdsprachen-ab-dem-kindesalter-bis-zum-abitur\/in-frankreich\/"},{"@type":"ListItem","position":5,"name":"Das Lernen von Fremdsprachen in Lothringen","item":"https:\/\/frontaliers-grandest.eu\/de\/startseite\/fremdsprachen-lernen\/das-lernen-von-fremdsprachen-ab-dem-kindesalter-bis-zum-abitur\/in-frankreich\/das-lernen-von-fremdsprachen-in-lothringen\/"},{"@type":"ListItem","position":6,"name":"An den Lyc\u00e9es (weiterf\u00fchrende Schulen f\u00fcr die Sekundarstufe II)"}]},{"@type":"WebSite","@id":"https:\/\/frontaliers-grandest.eu\/de\/#website","url":"https:\/\/frontaliers-grandest.eu\/de\/","name":"Frontaliers Grand Est","description":"Le site ressource du travail frontalier","publisher":{"@id":"https:\/\/frontaliers-grandest.eu\/de\/#organization"},"alternateName":"Frontaliers Grand Est","potentialAction":[{"@type":"SearchAction","target":{"@type":"EntryPoint","urlTemplate":"https:\/\/frontaliers-grandest.eu\/de\/?s={search_term_string}"},"query-input":{"@type":"PropertyValueSpecification","valueRequired":true,"valueName":"search_term_string"}}],"inLanguage":"de"},{"@type":"Organization","@id":"https:\/\/frontaliers-grandest.eu\/de\/#organization","name":"Frontaliers Grand Est","alternateName":"Frontaliers Grand Est","url":"https:\/\/frontaliers-grandest.eu\/de\/","logo":{"@type":"ImageObject","inLanguage":"de","@id":"https:\/\/frontaliers-grandest.eu\/de\/#\/schema\/logo\/image\/","url":"https:\/\/frontaliers-grandest.eu\/wp-content\/uploads\/2025\/07\/260328234_2966785176920310_3332838526503858160_n.jpg","contentUrl":"https:\/\/frontaliers-grandest.eu\/wp-content\/uploads\/2025\/07\/260328234_2966785176920310_3332838526503858160_n.jpg","width":396,"height":396,"caption":"Frontaliers Grand Est"},"image":{"@id":"https:\/\/frontaliers-grandest.eu\/de\/#\/schema\/logo\/image\/"},"sameAs":["https:\/\/www.facebook.com\/frontaliers.GR.EST\/?locale=fr_FR"]}]}},"frge_page_order":0,"_links":{"self":[{"href":"https:\/\/frontaliers-grandest.eu\/de\/wp-json\/wp\/v2\/pages\/6768","targetHints":{"allow":["GET"]}}],"collection":[{"href":"https:\/\/frontaliers-grandest.eu\/de\/wp-json\/wp\/v2\/pages"}],"about":[{"href":"https:\/\/frontaliers-grandest.eu\/de\/wp-json\/wp\/v2\/types\/page"}],"author":[{"embeddable":true,"href":"https:\/\/frontaliers-grandest.eu\/de\/wp-json\/wp\/v2\/users\/7"}],"replies":[{"embeddable":true,"href":"https:\/\/frontaliers-grandest.eu\/de\/wp-json\/wp\/v2\/comments?post=6768"}],"version-history":[{"count":2,"href":"https:\/\/frontaliers-grandest.eu\/de\/wp-json\/wp\/v2\/pages\/6768\/revisions"}],"predecessor-version":[{"id":7022,"href":"https:\/\/frontaliers-grandest.eu\/de\/wp-json\/wp\/v2\/pages\/6768\/revisions\/7022"}],"up":[{"embeddable":true,"href":"https:\/\/frontaliers-grandest.eu\/de\/wp-json\/wp\/v2\/pages\/6759"}],"wp:attachment":[{"href":"https:\/\/frontaliers-grandest.eu\/de\/wp-json\/wp\/v2\/media?parent=6768"}],"wp:term":[{"taxonomy":"post_tag","embeddable":true,"href":"https:\/\/frontaliers-grandest.eu\/de\/wp-json\/wp\/v2\/tags?post=6768"},{"taxonomy":"frge_profile","embeddable":true,"href":"https:\/\/frontaliers-grandest.eu\/de\/wp-json\/wp\/v2\/frge_profile?post=6768"}],"curies":[{"name":"wp","href":"https:\/\/api.w.org\/{rel}","templated":true}]}}