{"id":6765,"date":"2021-04-27T12:03:34","date_gmt":"2021-04-27T10:03:34","guid":{"rendered":"https:\/\/frontaliers-grandest.eu\/?page_id=6765"},"modified":"2021-05-04T11:55:08","modified_gmt":"2021-05-04T09:55:08","slug":"an-den-colleges-weiterfuhrende-schulen-fur-die-sekundarstufe-i","status":"publish","type":"page","link":"https:\/\/frontaliers-grandest.eu\/de\/startseite\/fremdsprachen-lernen\/das-lernen-von-fremdsprachen-ab-dem-kindesalter-bis-zum-abitur\/in-frankreich\/das-lernen-von-fremdsprachen-in-lothringen\/an-den-colleges-weiterfuhrende-schulen-fur-die-sekundarstufe-i\/","title":{"rendered":"An den Coll\u00e8ges (weiterf\u00fchrende Schulen f\u00fcr die Sekundarstufe I)"},"content":{"rendered":"\n<p class=\"has-darkbleu-color has-text-color\"><strong>In Lothringen liegt bei den Sprachen, die im Sekundarbereich gew\u00e4hlt werden, Englisch an erster Stelle (63,7 % der Sch\u00fcler\/-innen), gefolgt von Deutsch auf dem zweiten Platz mit einem Anteil von 35,4 %. Im Departement Moselle ist allerdings ein umgekehrtes Verh\u00e4ltnis zu verzeichnen (hier haben sich ca. 60 % der Sch\u00fcler\/-innen f\u00fcr Deutsch und mehr als 30 % f\u00fcr Englisch entschieden).<\/strong><\/p>\n\n\n\n<p class=\"has-darkbleu-color has-text-color\"><strong>Mit der Reform der Coll\u00e8ges im Jahr 2016 wurde die Einf\u00fchrung einer zweiten lebenden Sprache (mit 2,5 Wochenstunden) von der 8. Klasse (5<sup>\u00e8me<\/sup>) in die 7. Klasse (4<sup>\u00e8me<\/sup>) vorgezogen.<\/strong><\/p>\n\n\n\n<ul class=\"wp-block-list\"><li><strong>Die Klassen mit zwei Fremdsprachen (classes bilangues):<\/strong><br>In diesen Klassen wurden ab dem ersten Jahr der Sekundarstufe I (6<sup>\u00e8me<\/sup>) zwei lebende Fremdsprachen unterrichtet. Im Zuge der Reform der Coll\u00e8ges wurden die meisten dieser Klassen abgeschafft. Allerdings besteht auch nach der Reform die M\u00f6glichkeit, Klassen mit zwei Fremdsprachen f\u00fcr diejenigen Sch\u00fcler\/-innen anzubieten, die im Primarbereich eine andere Sprache als Englisch gelernt haben. Diese Regelung kommt der Fremdsprache Deutsch zugute.<\/li><li><strong>Verst\u00e4rkter Deutschunterricht in den \u00f6ffentlichen Coll\u00e8ges im Departement Moselle<\/strong><br>Ankn\u00fcpfend an den verst\u00e4rkten Deutschunterricht in den Kinderg\u00e4rten und Grundschulen bieten die bikulturellen Coll\u00e8ges im Departement Moselle ebenfalls einen verst\u00e4rkten Deutschunterricht an:<ul><li><strong>von der 6. bis zur 9. Klasse 3 Wochenstunden Deutsch, zu denen die Sch\u00fcler\/-innen noch Englischunterricht hinzu w\u00e4hlen k\u00f6nnen.<\/strong><\/li><li>Unterricht in&nbsp;<strong>zwei Sachf\u00e4chern auf Deutsch<\/strong>Alle Sch\u00fclerinnen und Sch\u00fcler der bikulturellen Zweige haben die M\u00f6glichkeit,&nbsp;<strong>kostenlos das Sprachzertifikat A2-B1 zu erwerben, das es ihnen erm\u00f6glicht, ihre Ergebnisse und Kenntnisse nachzuweisen.<\/strong>Im Departement Moselle gibt es 7 bikulturelle Coll\u00e8ges: in Bitche, Creutzwald, Freyming-Merlebach, Metz, Sarrebourg, Stiring-Wendel und Sarreguemines.<br>Eine \u00dcbersicht \u00fcber die Einrichtungen finden Sie auf der Website des Bildungsportals<a href=\"http:\/\/www4.ac-nancy-metz.fr\/ctf57\/\" target=\"_blank\" rel=\"noreferrer noopener\">Centre Transfrontalier der Schulverwaltungsbeh\u00f6rde Acad\u00e9mie de Metz-Nancy.<\/a><\/li><\/ul><\/li><\/ul>\n","protected":false},"excerpt":{"rendered":"<p>In Lothringen liegt bei den Sprachen, die im Sekundarbereich gew\u00e4hlt werden, Englisch an erster Stelle (63,7 % der Sch\u00fcler\/-innen), gefolgt von Deutsch auf dem zweiten Platz mit einem Anteil von 35,4 %. Im Departement Moselle ist allerdings ein umgekehrtes Verh\u00e4ltnis zu verzeichnen (hier haben sich ca. 60 % der Sch\u00fcler\/-innen f\u00fcr Deutsch und mehr als [&hellip;]<\/p>\n","protected":false},"author":7,"featured_media":0,"parent":6759,"menu_order":2,"comment_status":"closed","ping_status":"closed","template":"","meta":{"inline_featured_image":false,"footnotes":""},"tags":[],"frge_profile":[],"class_list":["post-6765","page","type-page","status-publish","hentry"],"yoast_head":"<!-- This site is optimized with the Yoast SEO plugin v27.1.1 - https:\/\/yoast.com\/product\/yoast-seo-wordpress\/ -->\n<title>An den Coll\u00e8ges (weiterf\u00fchrende Schulen f\u00fcr die Sekundarstufe I) - Frontaliers Grand Est<\/title>\n<meta name=\"robots\" content=\"index, follow, max-snippet:-1, max-image-preview:large, max-video-preview:-1\" \/>\n<link rel=\"canonical\" href=\"https:\/\/frontaliers-grandest.eu\/de\/startseite\/fremdsprachen-lernen\/das-lernen-von-fremdsprachen-ab-dem-kindesalter-bis-zum-abitur\/in-frankreich\/das-lernen-von-fremdsprachen-in-lothringen\/an-den-colleges-weiterfuhrende-schulen-fur-die-sekundarstufe-i\/\" \/>\n<meta property=\"og:locale\" content=\"de_DE\" \/>\n<meta property=\"og:type\" content=\"article\" \/>\n<meta property=\"og:title\" content=\"An den Coll\u00e8ges (weiterf\u00fchrende Schulen f\u00fcr die Sekundarstufe I) - Frontaliers Grand Est\" \/>\n<meta property=\"og:description\" content=\"In Lothringen liegt bei den Sprachen, die im Sekundarbereich gew\u00e4hlt werden, Englisch an erster Stelle (63,7 % der Sch\u00fcler\/-innen), gefolgt von Deutsch auf dem zweiten Platz mit einem Anteil von 35,4 %. Im Departement Moselle ist allerdings ein umgekehrtes Verh\u00e4ltnis zu verzeichnen (hier haben sich ca. 60 % der Sch\u00fcler\/-innen f\u00fcr Deutsch und mehr als [&hellip;]\" \/>\n<meta property=\"og:url\" content=\"https:\/\/frontaliers-grandest.eu\/de\/startseite\/fremdsprachen-lernen\/das-lernen-von-fremdsprachen-ab-dem-kindesalter-bis-zum-abitur\/in-frankreich\/das-lernen-von-fremdsprachen-in-lothringen\/an-den-colleges-weiterfuhrende-schulen-fur-die-sekundarstufe-i\/\" \/>\n<meta property=\"og:site_name\" content=\"Frontaliers Grand Est\" \/>\n<meta property=\"article:publisher\" content=\"https:\/\/www.facebook.com\/frontaliers.GR.EST\/?locale=fr_FR\" \/>\n<meta property=\"article:modified_time\" content=\"2021-05-04T09:55:08+00:00\" \/>\n<meta name=\"twitter:card\" content=\"summary_large_image\" \/>\n<meta name=\"twitter:label1\" content=\"Gesch\u00e4tzte Lesezeit\" \/>\n\t<meta name=\"twitter:data1\" content=\"2\u00a0Minuten\" \/>\n<script type=\"application\/ld+json\" class=\"yoast-schema-graph\">{\"@context\":\"https:\/\/schema.org\",\"@graph\":[{\"@type\":\"WebPage\",\"@id\":\"https:\/\/frontaliers-grandest.eu\/de\/startseite\/fremdsprachen-lernen\/das-lernen-von-fremdsprachen-ab-dem-kindesalter-bis-zum-abitur\/in-frankreich\/das-lernen-von-fremdsprachen-in-lothringen\/an-den-colleges-weiterfuhrende-schulen-fur-die-sekundarstufe-i\/\",\"url\":\"https:\/\/frontaliers-grandest.eu\/de\/startseite\/fremdsprachen-lernen\/das-lernen-von-fremdsprachen-ab-dem-kindesalter-bis-zum-abitur\/in-frankreich\/das-lernen-von-fremdsprachen-in-lothringen\/an-den-colleges-weiterfuhrende-schulen-fur-die-sekundarstufe-i\/\",\"name\":\"An den Coll\u00e8ges (weiterf\u00fchrende Schulen f\u00fcr die Sekundarstufe I) - Frontaliers Grand Est\",\"isPartOf\":{\"@id\":\"https:\/\/frontaliers-grandest.eu\/de\/#website\"},\"datePublished\":\"2021-04-27T10:03:34+00:00\",\"dateModified\":\"2021-05-04T09:55:08+00:00\",\"breadcrumb\":{\"@id\":\"https:\/\/frontaliers-grandest.eu\/de\/startseite\/fremdsprachen-lernen\/das-lernen-von-fremdsprachen-ab-dem-kindesalter-bis-zum-abitur\/in-frankreich\/das-lernen-von-fremdsprachen-in-lothringen\/an-den-colleges-weiterfuhrende-schulen-fur-die-sekundarstufe-i\/#breadcrumb\"},\"inLanguage\":\"de\",\"potentialAction\":[{\"@type\":\"ReadAction\",\"target\":[\"https:\/\/frontaliers-grandest.eu\/de\/startseite\/fremdsprachen-lernen\/das-lernen-von-fremdsprachen-ab-dem-kindesalter-bis-zum-abitur\/in-frankreich\/das-lernen-von-fremdsprachen-in-lothringen\/an-den-colleges-weiterfuhrende-schulen-fur-die-sekundarstufe-i\/\"]}]},{\"@type\":\"BreadcrumbList\",\"@id\":\"https:\/\/frontaliers-grandest.eu\/de\/startseite\/fremdsprachen-lernen\/das-lernen-von-fremdsprachen-ab-dem-kindesalter-bis-zum-abitur\/in-frankreich\/das-lernen-von-fremdsprachen-in-lothringen\/an-den-colleges-weiterfuhrende-schulen-fur-die-sekundarstufe-i\/#breadcrumb\",\"itemListElement\":[{\"@type\":\"ListItem\",\"position\":1,\"name\":\"Startseite\",\"item\":\"https:\/\/frontaliers-grandest.eu\/de\/\"},{\"@type\":\"ListItem\",\"position\":2,\"name\":\"Fremdsprachen Lernen\",\"item\":\"https:\/\/frontaliers-grandest.eu\/de\/startseite\/fremdsprachen-lernen\/\"},{\"@type\":\"ListItem\",\"position\":3,\"name\":\"Das lernen von fremdsprachen ab dem kindesalter bis zum abitur\",\"item\":\"https:\/\/frontaliers-grandest.eu\/de\/startseite\/fremdsprachen-lernen\/das-lernen-von-fremdsprachen-ab-dem-kindesalter-bis-zum-abitur\/\"},{\"@type\":\"ListItem\",\"position\":4,\"name\":\"In Frankreich\",\"item\":\"https:\/\/frontaliers-grandest.eu\/de\/startseite\/fremdsprachen-lernen\/das-lernen-von-fremdsprachen-ab-dem-kindesalter-bis-zum-abitur\/in-frankreich\/\"},{\"@type\":\"ListItem\",\"position\":5,\"name\":\"Das Lernen von Fremdsprachen in Lothringen\",\"item\":\"https:\/\/frontaliers-grandest.eu\/de\/startseite\/fremdsprachen-lernen\/das-lernen-von-fremdsprachen-ab-dem-kindesalter-bis-zum-abitur\/in-frankreich\/das-lernen-von-fremdsprachen-in-lothringen\/\"},{\"@type\":\"ListItem\",\"position\":6,\"name\":\"An den Coll\u00e8ges (weiterf\u00fchrende Schulen f\u00fcr die Sekundarstufe I)\"}]},{\"@type\":\"WebSite\",\"@id\":\"https:\/\/frontaliers-grandest.eu\/de\/#website\",\"url\":\"https:\/\/frontaliers-grandest.eu\/de\/\",\"name\":\"Frontaliers Grand Est\",\"description\":\"Le site ressource du travail frontalier\",\"publisher\":{\"@id\":\"https:\/\/frontaliers-grandest.eu\/de\/#organization\"},\"alternateName\":\"Frontaliers Grand Est\",\"potentialAction\":[{\"@type\":\"SearchAction\",\"target\":{\"@type\":\"EntryPoint\",\"urlTemplate\":\"https:\/\/frontaliers-grandest.eu\/de\/?s={search_term_string}\"},\"query-input\":{\"@type\":\"PropertyValueSpecification\",\"valueRequired\":true,\"valueName\":\"search_term_string\"}}],\"inLanguage\":\"de\"},{\"@type\":\"Organization\",\"@id\":\"https:\/\/frontaliers-grandest.eu\/de\/#organization\",\"name\":\"Frontaliers Grand Est\",\"alternateName\":\"Frontaliers Grand Est\",\"url\":\"https:\/\/frontaliers-grandest.eu\/de\/\",\"logo\":{\"@type\":\"ImageObject\",\"inLanguage\":\"de\",\"@id\":\"https:\/\/frontaliers-grandest.eu\/de\/#\/schema\/logo\/image\/\",\"url\":\"https:\/\/frontaliers-grandest.eu\/wp-content\/uploads\/2025\/07\/260328234_2966785176920310_3332838526503858160_n.jpg\",\"contentUrl\":\"https:\/\/frontaliers-grandest.eu\/wp-content\/uploads\/2025\/07\/260328234_2966785176920310_3332838526503858160_n.jpg\",\"width\":396,\"height\":396,\"caption\":\"Frontaliers Grand Est\"},\"image\":{\"@id\":\"https:\/\/frontaliers-grandest.eu\/de\/#\/schema\/logo\/image\/\"},\"sameAs\":[\"https:\/\/www.facebook.com\/frontaliers.GR.EST\/?locale=fr_FR\"]}]}<\/script>\n<!-- \/ Yoast SEO plugin. -->","yoast_head_json":{"title":"An den Coll\u00e8ges (weiterf\u00fchrende Schulen f\u00fcr die Sekundarstufe I) - Frontaliers Grand Est","robots":{"index":"index","follow":"follow","max-snippet":"max-snippet:-1","max-image-preview":"max-image-preview:large","max-video-preview":"max-video-preview:-1"},"canonical":"https:\/\/frontaliers-grandest.eu\/de\/startseite\/fremdsprachen-lernen\/das-lernen-von-fremdsprachen-ab-dem-kindesalter-bis-zum-abitur\/in-frankreich\/das-lernen-von-fremdsprachen-in-lothringen\/an-den-colleges-weiterfuhrende-schulen-fur-die-sekundarstufe-i\/","og_locale":"de_DE","og_type":"article","og_title":"An den Coll\u00e8ges (weiterf\u00fchrende Schulen f\u00fcr die Sekundarstufe I) - Frontaliers Grand Est","og_description":"In Lothringen liegt bei den Sprachen, die im Sekundarbereich gew\u00e4hlt werden, Englisch an erster Stelle (63,7 % der Sch\u00fcler\/-innen), gefolgt von Deutsch auf dem zweiten Platz mit einem Anteil von 35,4 %. Im Departement Moselle ist allerdings ein umgekehrtes Verh\u00e4ltnis zu verzeichnen (hier haben sich ca. 60 % der Sch\u00fcler\/-innen f\u00fcr Deutsch und mehr als [&hellip;]","og_url":"https:\/\/frontaliers-grandest.eu\/de\/startseite\/fremdsprachen-lernen\/das-lernen-von-fremdsprachen-ab-dem-kindesalter-bis-zum-abitur\/in-frankreich\/das-lernen-von-fremdsprachen-in-lothringen\/an-den-colleges-weiterfuhrende-schulen-fur-die-sekundarstufe-i\/","og_site_name":"Frontaliers Grand Est","article_publisher":"https:\/\/www.facebook.com\/frontaliers.GR.EST\/?locale=fr_FR","article_modified_time":"2021-05-04T09:55:08+00:00","twitter_card":"summary_large_image","twitter_misc":{"Gesch\u00e4tzte Lesezeit":"2\u00a0Minuten"},"schema":{"@context":"https:\/\/schema.org","@graph":[{"@type":"WebPage","@id":"https:\/\/frontaliers-grandest.eu\/de\/startseite\/fremdsprachen-lernen\/das-lernen-von-fremdsprachen-ab-dem-kindesalter-bis-zum-abitur\/in-frankreich\/das-lernen-von-fremdsprachen-in-lothringen\/an-den-colleges-weiterfuhrende-schulen-fur-die-sekundarstufe-i\/","url":"https:\/\/frontaliers-grandest.eu\/de\/startseite\/fremdsprachen-lernen\/das-lernen-von-fremdsprachen-ab-dem-kindesalter-bis-zum-abitur\/in-frankreich\/das-lernen-von-fremdsprachen-in-lothringen\/an-den-colleges-weiterfuhrende-schulen-fur-die-sekundarstufe-i\/","name":"An den Coll\u00e8ges (weiterf\u00fchrende Schulen f\u00fcr die Sekundarstufe I) - Frontaliers Grand Est","isPartOf":{"@id":"https:\/\/frontaliers-grandest.eu\/de\/#website"},"datePublished":"2021-04-27T10:03:34+00:00","dateModified":"2021-05-04T09:55:08+00:00","breadcrumb":{"@id":"https:\/\/frontaliers-grandest.eu\/de\/startseite\/fremdsprachen-lernen\/das-lernen-von-fremdsprachen-ab-dem-kindesalter-bis-zum-abitur\/in-frankreich\/das-lernen-von-fremdsprachen-in-lothringen\/an-den-colleges-weiterfuhrende-schulen-fur-die-sekundarstufe-i\/#breadcrumb"},"inLanguage":"de","potentialAction":[{"@type":"ReadAction","target":["https:\/\/frontaliers-grandest.eu\/de\/startseite\/fremdsprachen-lernen\/das-lernen-von-fremdsprachen-ab-dem-kindesalter-bis-zum-abitur\/in-frankreich\/das-lernen-von-fremdsprachen-in-lothringen\/an-den-colleges-weiterfuhrende-schulen-fur-die-sekundarstufe-i\/"]}]},{"@type":"BreadcrumbList","@id":"https:\/\/frontaliers-grandest.eu\/de\/startseite\/fremdsprachen-lernen\/das-lernen-von-fremdsprachen-ab-dem-kindesalter-bis-zum-abitur\/in-frankreich\/das-lernen-von-fremdsprachen-in-lothringen\/an-den-colleges-weiterfuhrende-schulen-fur-die-sekundarstufe-i\/#breadcrumb","itemListElement":[{"@type":"ListItem","position":1,"name":"Startseite","item":"https:\/\/frontaliers-grandest.eu\/de\/"},{"@type":"ListItem","position":2,"name":"Fremdsprachen Lernen","item":"https:\/\/frontaliers-grandest.eu\/de\/startseite\/fremdsprachen-lernen\/"},{"@type":"ListItem","position":3,"name":"Das lernen von fremdsprachen ab dem kindesalter bis zum abitur","item":"https:\/\/frontaliers-grandest.eu\/de\/startseite\/fremdsprachen-lernen\/das-lernen-von-fremdsprachen-ab-dem-kindesalter-bis-zum-abitur\/"},{"@type":"ListItem","position":4,"name":"In Frankreich","item":"https:\/\/frontaliers-grandest.eu\/de\/startseite\/fremdsprachen-lernen\/das-lernen-von-fremdsprachen-ab-dem-kindesalter-bis-zum-abitur\/in-frankreich\/"},{"@type":"ListItem","position":5,"name":"Das Lernen von Fremdsprachen in Lothringen","item":"https:\/\/frontaliers-grandest.eu\/de\/startseite\/fremdsprachen-lernen\/das-lernen-von-fremdsprachen-ab-dem-kindesalter-bis-zum-abitur\/in-frankreich\/das-lernen-von-fremdsprachen-in-lothringen\/"},{"@type":"ListItem","position":6,"name":"An den Coll\u00e8ges (weiterf\u00fchrende Schulen f\u00fcr die Sekundarstufe I)"}]},{"@type":"WebSite","@id":"https:\/\/frontaliers-grandest.eu\/de\/#website","url":"https:\/\/frontaliers-grandest.eu\/de\/","name":"Frontaliers Grand Est","description":"Le site ressource du travail frontalier","publisher":{"@id":"https:\/\/frontaliers-grandest.eu\/de\/#organization"},"alternateName":"Frontaliers Grand Est","potentialAction":[{"@type":"SearchAction","target":{"@type":"EntryPoint","urlTemplate":"https:\/\/frontaliers-grandest.eu\/de\/?s={search_term_string}"},"query-input":{"@type":"PropertyValueSpecification","valueRequired":true,"valueName":"search_term_string"}}],"inLanguage":"de"},{"@type":"Organization","@id":"https:\/\/frontaliers-grandest.eu\/de\/#organization","name":"Frontaliers Grand Est","alternateName":"Frontaliers Grand Est","url":"https:\/\/frontaliers-grandest.eu\/de\/","logo":{"@type":"ImageObject","inLanguage":"de","@id":"https:\/\/frontaliers-grandest.eu\/de\/#\/schema\/logo\/image\/","url":"https:\/\/frontaliers-grandest.eu\/wp-content\/uploads\/2025\/07\/260328234_2966785176920310_3332838526503858160_n.jpg","contentUrl":"https:\/\/frontaliers-grandest.eu\/wp-content\/uploads\/2025\/07\/260328234_2966785176920310_3332838526503858160_n.jpg","width":396,"height":396,"caption":"Frontaliers Grand Est"},"image":{"@id":"https:\/\/frontaliers-grandest.eu\/de\/#\/schema\/logo\/image\/"},"sameAs":["https:\/\/www.facebook.com\/frontaliers.GR.EST\/?locale=fr_FR"]}]}},"frge_page_order":0,"_links":{"self":[{"href":"https:\/\/frontaliers-grandest.eu\/de\/wp-json\/wp\/v2\/pages\/6765","targetHints":{"allow":["GET"]}}],"collection":[{"href":"https:\/\/frontaliers-grandest.eu\/de\/wp-json\/wp\/v2\/pages"}],"about":[{"href":"https:\/\/frontaliers-grandest.eu\/de\/wp-json\/wp\/v2\/types\/page"}],"author":[{"embeddable":true,"href":"https:\/\/frontaliers-grandest.eu\/de\/wp-json\/wp\/v2\/users\/7"}],"replies":[{"embeddable":true,"href":"https:\/\/frontaliers-grandest.eu\/de\/wp-json\/wp\/v2\/comments?post=6765"}],"version-history":[{"count":2,"href":"https:\/\/frontaliers-grandest.eu\/de\/wp-json\/wp\/v2\/pages\/6765\/revisions"}],"predecessor-version":[{"id":6767,"href":"https:\/\/frontaliers-grandest.eu\/de\/wp-json\/wp\/v2\/pages\/6765\/revisions\/6767"}],"up":[{"embeddable":true,"href":"https:\/\/frontaliers-grandest.eu\/de\/wp-json\/wp\/v2\/pages\/6759"}],"wp:attachment":[{"href":"https:\/\/frontaliers-grandest.eu\/de\/wp-json\/wp\/v2\/media?parent=6765"}],"wp:term":[{"taxonomy":"post_tag","embeddable":true,"href":"https:\/\/frontaliers-grandest.eu\/de\/wp-json\/wp\/v2\/tags?post=6765"},{"taxonomy":"frge_profile","embeddable":true,"href":"https:\/\/frontaliers-grandest.eu\/de\/wp-json\/wp\/v2\/frge_profile?post=6765"}],"curies":[{"name":"wp","href":"https:\/\/api.w.org\/{rel}","templated":true}]}}