{"id":6763,"date":"2021-04-27T11:59:11","date_gmt":"2021-04-27T09:59:11","guid":{"rendered":"https:\/\/frontaliers-grandest.eu\/?page_id=6763"},"modified":"2024-06-27T10:18:38","modified_gmt":"2024-06-27T08:18:38","slug":"an-grundschulen","status":"publish","type":"page","link":"https:\/\/frontaliers-grandest.eu\/de\/startseite\/fremdsprachen-lernen\/das-lernen-von-fremdsprachen-ab-dem-kindesalter-bis-zum-abitur\/in-frankreich\/das-lernen-von-fremdsprachen-in-lothringen\/an-grundschulen\/","title":{"rendered":"An Grundschulen"},"content":{"rendered":"\n<p class=\"has-darkbleu-color has-text-color\"><strong>Mit der schrittweisen fl\u00e4chendeckenden Einf\u00fchrung von Fremdsprachenunterricht f\u00fcr lebende Sprachen in der Grundschule (Cours \u00e9l\u00e9mentaire \u2013 CE1: entspricht der 2. Klasse in Deutschland) wurde im Schuljahr 2007\/2008 begonnen. Im Schulverwaltungsbezirk Acad\u00e9mie de Nancy-Metz lernt etwas mehr als ein Viertel der Sch\u00fcler\/-innen in der Grundschule Deutsch.<\/strong><\/p>\n\n\n\n<p class=\"has-darkbleu-color has-text-color\"><strong>Im Zuge der Reform der weiterbildenden Schulen (Coll\u00e8ges) im Jahr 2016 wurde auch das Lernen einer ersten Fremdsprache auf einen fr\u00fcheren Zeitpunkt verlegt, n\u00e4mlich in die erste Stufe der Grundschule (Cours pr\u00e9paratoire) anstelle des Cours \u00e9l\u00e9mentaire (CE1).<\/strong><\/p>\n\n\n\n<p class=\"has-darkbleu-color has-text-color\"><strong>F\u00fcr die Festlegung der Kompetenzstufen wurde auf den Gemeinsamen Europ\u00e4ischen Referenzrahmen f\u00fcr Sprachen (GER) zur\u00fcckgegriffen. Am Ende der Grundschulzeit sollen die Sch\u00fcler\/-innen die Niveaustufe A1 des GER erreicht haben.<\/strong><\/p>\n\n\n\n<h5 class=\"wp-block-heading\"><strong>Verst\u00e4rkter Deutschunterricht in den Grundschulen im Departement Moselle<\/strong><\/h5>\n\n\n\n<ul class=\"wp-block-list\">\n<li>Das Curriculum sieht 3 Wochenstunden Deutsch bis zur 5. Klasse (Cours \u00e9l\u00e9mentaire 2<sup>\u00e8me<\/sup>\u00a0ann\u00e9e (Cm2)) statt 1,5 Stunden wie im nationalen Curriculum vor.<br>Dieser Lehrplan gilt an 21 Grundschulen im Schulverwaltungsbezirk\u00a0<a href=\"https:\/\/www.ac-nancy-metz.fr\/\" target=\"_blank\" rel=\"noreferrer noopener\">Acad\u00e9mie de Metz-Nancy<\/a><\/li>\n\n\n\n<li><strong>Die bikulturellen Grundschulen<\/strong>: <br>Die Stundentafel sieht 6 bis 9 Wochenstunden&nbsp;Deutschunterricht und Sachunterricht\/fachbezogene Aktivit\u00e4ten auf Deutsch vor.<br>Im Departement Moselle gibt es 9 bikulturelle Grundschulen: Bitche, Creutzwald, Freyming-Merlebach, Metz, Sarrebourg, Thionville, Sarreguemines, Spicheren und Forbach Creutzberg.<\/li>\n\n\n\n<li><strong>Parit\u00e4tischer Unterricht<\/strong><br>Der Unterricht wird&nbsp;<strong>nach dem Prinzip der Parit\u00e4t zur H\u00e4lfte auf Franz\u00f6sisch und zur anderen H\u00e4lfte auf Deutsch<\/strong>&nbsp;erteilt (13 Stunden in jeder der beiden Sprachen).\n<ul class=\"wp-block-list\">\n<li>Bikulturelle Grundschule \u00c9cole \u00e9l\u00e9mentaire biculturelle de la Blies in Sarreguemines<br><a href=\"http:\/\/www.abcm-blies.fr\/\">http:\/\/www.abcm-blies.fr\/<\/a><\/li>\n\n\n\n<li>\u00c9cole bilingue ABCM Zweisprachigkeit Beausoleil in Sarreguemines<br><a href=\"http:\/\/www.abcmzwei.eu\/\">http:\/\/www.abcmzwei.eu\/<\/a><\/li>\n<\/ul>\n<\/li>\n<\/ul>\n\n\n\n<figure class=\"wp-block-pullquote\"><blockquote><p><strong>Informationen<\/strong> zum verst\u00e4rkten Deutschunterricht:<br><a href=\"http:\/\/www4.ac-nancy-metz.fr\/ctf57\/\"><strong>Centre Transfrontalier der Schulverwaltungsbeh\u00f6rde Acad\u00e9mie de Metz-Nancy<\/strong><\/a>&nbsp;\u2013 Dokumentations- und Bildungsportal f\u00fcr Fremdsprachenerwerb und Fremdsprachenunterricht zum Erlernen der Sprache des Nachbarn (Tel. 03 87 17 95 87).<\/p><\/blockquote><\/figure>\n\n\n\n<h5 class=\"wp-block-heading\"><strong>Projekt SESAM&#8217;GR<\/strong><\/h5>\n\n\n\n<p>Das Projekt SESAM&#8217;GR f\u00f6rdert den Austausch&nbsp;<strong>von p\u00e4dagogischen Fachkr\u00e4ften\/Muttersprachlerinnen und Muttersprachlern<\/strong>&nbsp;zwischen Kinderg\u00e4rten (\u00c9coles Maternelles) und Grundschulen (\u00c9coles \u00c9l\u00e9mentaires) im Departement Moselle und Freiwilligen Ganztagsschulen im Saarland. Auf diese Weise soll die Dreisprachigkeit in den Sprachen Franz\u00f6sisch, Deutsch und Englisch gef\u00f6rdert werden.<\/p>\n\n\n\n<p>\u00c9coles \u00c9l\u00e9mentaires im Departement Moselle, die eine Partnerschaft mit dem Saarland haben:<br>St\u00e4dte, in denen es Einrichtungen gibt, die Teil der Partnerschaft sind: Apach, Bitche, Bouzonville, Cattenom, Creutzwald, Forbach, Frauenberg, Bliesebersing, Metz, Remling, Sarreguemines, Spicheren, Wiesviller\/Wolfling etc.<\/p>\n","protected":false},"excerpt":{"rendered":"<p>Mit der schrittweisen fl\u00e4chendeckenden Einf\u00fchrung von Fremdsprachenunterricht f\u00fcr lebende Sprachen in der Grundschule (Cours \u00e9l\u00e9mentaire \u2013 CE1: entspricht der 2. Klasse in Deutschland) wurde im Schuljahr 2007\/2008 begonnen. Im Schulverwaltungsbezirk Acad\u00e9mie de Nancy-Metz lernt etwas mehr als ein Viertel der Sch\u00fcler\/-innen in der Grundschule Deutsch. Im Zuge der Reform der weiterbildenden Schulen (Coll\u00e8ges) im Jahr [&hellip;]<\/p>\n","protected":false},"author":7,"featured_media":0,"parent":6759,"menu_order":1,"comment_status":"closed","ping_status":"closed","template":"","meta":{"inline_featured_image":false,"footnotes":""},"tags":[],"frge_profile":[],"class_list":["post-6763","page","type-page","status-publish","hentry"],"yoast_head":"<!-- This site is optimized with the Yoast SEO plugin v27.1.1 - https:\/\/yoast.com\/product\/yoast-seo-wordpress\/ -->\n<title>An Grundschulen - Frontaliers Grand Est<\/title>\n<meta name=\"robots\" content=\"index, follow, max-snippet:-1, max-image-preview:large, max-video-preview:-1\" \/>\n<link rel=\"canonical\" href=\"https:\/\/frontaliers-grandest.eu\/de\/startseite\/fremdsprachen-lernen\/das-lernen-von-fremdsprachen-ab-dem-kindesalter-bis-zum-abitur\/in-frankreich\/das-lernen-von-fremdsprachen-in-lothringen\/an-grundschulen\/\" \/>\n<meta property=\"og:locale\" content=\"de_DE\" \/>\n<meta property=\"og:type\" content=\"article\" \/>\n<meta property=\"og:title\" content=\"An Grundschulen - Frontaliers Grand Est\" \/>\n<meta property=\"og:description\" content=\"Mit der schrittweisen fl\u00e4chendeckenden Einf\u00fchrung von Fremdsprachenunterricht f\u00fcr lebende Sprachen in der Grundschule (Cours \u00e9l\u00e9mentaire \u2013 CE1: entspricht der 2. Klasse in Deutschland) wurde im Schuljahr 2007\/2008 begonnen. Im Schulverwaltungsbezirk Acad\u00e9mie de Nancy-Metz lernt etwas mehr als ein Viertel der Sch\u00fcler\/-innen in der Grundschule Deutsch. Im Zuge der Reform der weiterbildenden Schulen (Coll\u00e8ges) im Jahr [&hellip;]\" \/>\n<meta property=\"og:url\" content=\"https:\/\/frontaliers-grandest.eu\/de\/startseite\/fremdsprachen-lernen\/das-lernen-von-fremdsprachen-ab-dem-kindesalter-bis-zum-abitur\/in-frankreich\/das-lernen-von-fremdsprachen-in-lothringen\/an-grundschulen\/\" \/>\n<meta property=\"og:site_name\" content=\"Frontaliers Grand Est\" \/>\n<meta property=\"article:publisher\" content=\"https:\/\/www.facebook.com\/frontaliers.GR.EST\/?locale=fr_FR\" \/>\n<meta property=\"article:modified_time\" content=\"2024-06-27T08:18:38+00:00\" \/>\n<meta name=\"twitter:card\" content=\"summary_large_image\" \/>\n<meta name=\"twitter:label1\" content=\"Gesch\u00e4tzte Lesezeit\" \/>\n\t<meta name=\"twitter:data1\" content=\"2\u00a0Minuten\" \/>\n<script type=\"application\/ld+json\" class=\"yoast-schema-graph\">{\"@context\":\"https:\/\/schema.org\",\"@graph\":[{\"@type\":\"WebPage\",\"@id\":\"https:\/\/frontaliers-grandest.eu\/de\/startseite\/fremdsprachen-lernen\/das-lernen-von-fremdsprachen-ab-dem-kindesalter-bis-zum-abitur\/in-frankreich\/das-lernen-von-fremdsprachen-in-lothringen\/an-grundschulen\/\",\"url\":\"https:\/\/frontaliers-grandest.eu\/de\/startseite\/fremdsprachen-lernen\/das-lernen-von-fremdsprachen-ab-dem-kindesalter-bis-zum-abitur\/in-frankreich\/das-lernen-von-fremdsprachen-in-lothringen\/an-grundschulen\/\",\"name\":\"An Grundschulen - Frontaliers Grand Est\",\"isPartOf\":{\"@id\":\"https:\/\/frontaliers-grandest.eu\/de\/#website\"},\"datePublished\":\"2021-04-27T09:59:11+00:00\",\"dateModified\":\"2024-06-27T08:18:38+00:00\",\"breadcrumb\":{\"@id\":\"https:\/\/frontaliers-grandest.eu\/de\/startseite\/fremdsprachen-lernen\/das-lernen-von-fremdsprachen-ab-dem-kindesalter-bis-zum-abitur\/in-frankreich\/das-lernen-von-fremdsprachen-in-lothringen\/an-grundschulen\/#breadcrumb\"},\"inLanguage\":\"de\",\"potentialAction\":[{\"@type\":\"ReadAction\",\"target\":[\"https:\/\/frontaliers-grandest.eu\/de\/startseite\/fremdsprachen-lernen\/das-lernen-von-fremdsprachen-ab-dem-kindesalter-bis-zum-abitur\/in-frankreich\/das-lernen-von-fremdsprachen-in-lothringen\/an-grundschulen\/\"]}]},{\"@type\":\"BreadcrumbList\",\"@id\":\"https:\/\/frontaliers-grandest.eu\/de\/startseite\/fremdsprachen-lernen\/das-lernen-von-fremdsprachen-ab-dem-kindesalter-bis-zum-abitur\/in-frankreich\/das-lernen-von-fremdsprachen-in-lothringen\/an-grundschulen\/#breadcrumb\",\"itemListElement\":[{\"@type\":\"ListItem\",\"position\":1,\"name\":\"Startseite\",\"item\":\"https:\/\/frontaliers-grandest.eu\/de\/\"},{\"@type\":\"ListItem\",\"position\":2,\"name\":\"Fremdsprachen Lernen\",\"item\":\"https:\/\/frontaliers-grandest.eu\/de\/startseite\/fremdsprachen-lernen\/\"},{\"@type\":\"ListItem\",\"position\":3,\"name\":\"Das lernen von fremdsprachen ab dem kindesalter bis zum abitur\",\"item\":\"https:\/\/frontaliers-grandest.eu\/de\/startseite\/fremdsprachen-lernen\/das-lernen-von-fremdsprachen-ab-dem-kindesalter-bis-zum-abitur\/\"},{\"@type\":\"ListItem\",\"position\":4,\"name\":\"In Frankreich\",\"item\":\"https:\/\/frontaliers-grandest.eu\/de\/startseite\/fremdsprachen-lernen\/das-lernen-von-fremdsprachen-ab-dem-kindesalter-bis-zum-abitur\/in-frankreich\/\"},{\"@type\":\"ListItem\",\"position\":5,\"name\":\"Das Lernen von Fremdsprachen in Lothringen\",\"item\":\"https:\/\/frontaliers-grandest.eu\/de\/startseite\/fremdsprachen-lernen\/das-lernen-von-fremdsprachen-ab-dem-kindesalter-bis-zum-abitur\/in-frankreich\/das-lernen-von-fremdsprachen-in-lothringen\/\"},{\"@type\":\"ListItem\",\"position\":6,\"name\":\"An Grundschulen\"}]},{\"@type\":\"WebSite\",\"@id\":\"https:\/\/frontaliers-grandest.eu\/de\/#website\",\"url\":\"https:\/\/frontaliers-grandest.eu\/de\/\",\"name\":\"Frontaliers Grand Est\",\"description\":\"Le site ressource du travail frontalier\",\"publisher\":{\"@id\":\"https:\/\/frontaliers-grandest.eu\/de\/#organization\"},\"alternateName\":\"Frontaliers Grand Est\",\"potentialAction\":[{\"@type\":\"SearchAction\",\"target\":{\"@type\":\"EntryPoint\",\"urlTemplate\":\"https:\/\/frontaliers-grandest.eu\/de\/?s={search_term_string}\"},\"query-input\":{\"@type\":\"PropertyValueSpecification\",\"valueRequired\":true,\"valueName\":\"search_term_string\"}}],\"inLanguage\":\"de\"},{\"@type\":\"Organization\",\"@id\":\"https:\/\/frontaliers-grandest.eu\/de\/#organization\",\"name\":\"Frontaliers Grand Est\",\"alternateName\":\"Frontaliers Grand Est\",\"url\":\"https:\/\/frontaliers-grandest.eu\/de\/\",\"logo\":{\"@type\":\"ImageObject\",\"inLanguage\":\"de\",\"@id\":\"https:\/\/frontaliers-grandest.eu\/de\/#\/schema\/logo\/image\/\",\"url\":\"https:\/\/frontaliers-grandest.eu\/wp-content\/uploads\/2025\/07\/260328234_2966785176920310_3332838526503858160_n.jpg\",\"contentUrl\":\"https:\/\/frontaliers-grandest.eu\/wp-content\/uploads\/2025\/07\/260328234_2966785176920310_3332838526503858160_n.jpg\",\"width\":396,\"height\":396,\"caption\":\"Frontaliers Grand Est\"},\"image\":{\"@id\":\"https:\/\/frontaliers-grandest.eu\/de\/#\/schema\/logo\/image\/\"},\"sameAs\":[\"https:\/\/www.facebook.com\/frontaliers.GR.EST\/?locale=fr_FR\"]}]}<\/script>\n<!-- \/ Yoast SEO plugin. -->","yoast_head_json":{"title":"An Grundschulen - Frontaliers Grand Est","robots":{"index":"index","follow":"follow","max-snippet":"max-snippet:-1","max-image-preview":"max-image-preview:large","max-video-preview":"max-video-preview:-1"},"canonical":"https:\/\/frontaliers-grandest.eu\/de\/startseite\/fremdsprachen-lernen\/das-lernen-von-fremdsprachen-ab-dem-kindesalter-bis-zum-abitur\/in-frankreich\/das-lernen-von-fremdsprachen-in-lothringen\/an-grundschulen\/","og_locale":"de_DE","og_type":"article","og_title":"An Grundschulen - Frontaliers Grand Est","og_description":"Mit der schrittweisen fl\u00e4chendeckenden Einf\u00fchrung von Fremdsprachenunterricht f\u00fcr lebende Sprachen in der Grundschule (Cours \u00e9l\u00e9mentaire \u2013 CE1: entspricht der 2. Klasse in Deutschland) wurde im Schuljahr 2007\/2008 begonnen. Im Schulverwaltungsbezirk Acad\u00e9mie de Nancy-Metz lernt etwas mehr als ein Viertel der Sch\u00fcler\/-innen in der Grundschule Deutsch. Im Zuge der Reform der weiterbildenden Schulen (Coll\u00e8ges) im Jahr [&hellip;]","og_url":"https:\/\/frontaliers-grandest.eu\/de\/startseite\/fremdsprachen-lernen\/das-lernen-von-fremdsprachen-ab-dem-kindesalter-bis-zum-abitur\/in-frankreich\/das-lernen-von-fremdsprachen-in-lothringen\/an-grundschulen\/","og_site_name":"Frontaliers Grand Est","article_publisher":"https:\/\/www.facebook.com\/frontaliers.GR.EST\/?locale=fr_FR","article_modified_time":"2024-06-27T08:18:38+00:00","twitter_card":"summary_large_image","twitter_misc":{"Gesch\u00e4tzte Lesezeit":"2\u00a0Minuten"},"schema":{"@context":"https:\/\/schema.org","@graph":[{"@type":"WebPage","@id":"https:\/\/frontaliers-grandest.eu\/de\/startseite\/fremdsprachen-lernen\/das-lernen-von-fremdsprachen-ab-dem-kindesalter-bis-zum-abitur\/in-frankreich\/das-lernen-von-fremdsprachen-in-lothringen\/an-grundschulen\/","url":"https:\/\/frontaliers-grandest.eu\/de\/startseite\/fremdsprachen-lernen\/das-lernen-von-fremdsprachen-ab-dem-kindesalter-bis-zum-abitur\/in-frankreich\/das-lernen-von-fremdsprachen-in-lothringen\/an-grundschulen\/","name":"An Grundschulen - Frontaliers Grand Est","isPartOf":{"@id":"https:\/\/frontaliers-grandest.eu\/de\/#website"},"datePublished":"2021-04-27T09:59:11+00:00","dateModified":"2024-06-27T08:18:38+00:00","breadcrumb":{"@id":"https:\/\/frontaliers-grandest.eu\/de\/startseite\/fremdsprachen-lernen\/das-lernen-von-fremdsprachen-ab-dem-kindesalter-bis-zum-abitur\/in-frankreich\/das-lernen-von-fremdsprachen-in-lothringen\/an-grundschulen\/#breadcrumb"},"inLanguage":"de","potentialAction":[{"@type":"ReadAction","target":["https:\/\/frontaliers-grandest.eu\/de\/startseite\/fremdsprachen-lernen\/das-lernen-von-fremdsprachen-ab-dem-kindesalter-bis-zum-abitur\/in-frankreich\/das-lernen-von-fremdsprachen-in-lothringen\/an-grundschulen\/"]}]},{"@type":"BreadcrumbList","@id":"https:\/\/frontaliers-grandest.eu\/de\/startseite\/fremdsprachen-lernen\/das-lernen-von-fremdsprachen-ab-dem-kindesalter-bis-zum-abitur\/in-frankreich\/das-lernen-von-fremdsprachen-in-lothringen\/an-grundschulen\/#breadcrumb","itemListElement":[{"@type":"ListItem","position":1,"name":"Startseite","item":"https:\/\/frontaliers-grandest.eu\/de\/"},{"@type":"ListItem","position":2,"name":"Fremdsprachen Lernen","item":"https:\/\/frontaliers-grandest.eu\/de\/startseite\/fremdsprachen-lernen\/"},{"@type":"ListItem","position":3,"name":"Das lernen von fremdsprachen ab dem kindesalter bis zum abitur","item":"https:\/\/frontaliers-grandest.eu\/de\/startseite\/fremdsprachen-lernen\/das-lernen-von-fremdsprachen-ab-dem-kindesalter-bis-zum-abitur\/"},{"@type":"ListItem","position":4,"name":"In Frankreich","item":"https:\/\/frontaliers-grandest.eu\/de\/startseite\/fremdsprachen-lernen\/das-lernen-von-fremdsprachen-ab-dem-kindesalter-bis-zum-abitur\/in-frankreich\/"},{"@type":"ListItem","position":5,"name":"Das Lernen von Fremdsprachen in Lothringen","item":"https:\/\/frontaliers-grandest.eu\/de\/startseite\/fremdsprachen-lernen\/das-lernen-von-fremdsprachen-ab-dem-kindesalter-bis-zum-abitur\/in-frankreich\/das-lernen-von-fremdsprachen-in-lothringen\/"},{"@type":"ListItem","position":6,"name":"An Grundschulen"}]},{"@type":"WebSite","@id":"https:\/\/frontaliers-grandest.eu\/de\/#website","url":"https:\/\/frontaliers-grandest.eu\/de\/","name":"Frontaliers Grand Est","description":"Le site ressource du travail frontalier","publisher":{"@id":"https:\/\/frontaliers-grandest.eu\/de\/#organization"},"alternateName":"Frontaliers Grand Est","potentialAction":[{"@type":"SearchAction","target":{"@type":"EntryPoint","urlTemplate":"https:\/\/frontaliers-grandest.eu\/de\/?s={search_term_string}"},"query-input":{"@type":"PropertyValueSpecification","valueRequired":true,"valueName":"search_term_string"}}],"inLanguage":"de"},{"@type":"Organization","@id":"https:\/\/frontaliers-grandest.eu\/de\/#organization","name":"Frontaliers Grand Est","alternateName":"Frontaliers Grand Est","url":"https:\/\/frontaliers-grandest.eu\/de\/","logo":{"@type":"ImageObject","inLanguage":"de","@id":"https:\/\/frontaliers-grandest.eu\/de\/#\/schema\/logo\/image\/","url":"https:\/\/frontaliers-grandest.eu\/wp-content\/uploads\/2025\/07\/260328234_2966785176920310_3332838526503858160_n.jpg","contentUrl":"https:\/\/frontaliers-grandest.eu\/wp-content\/uploads\/2025\/07\/260328234_2966785176920310_3332838526503858160_n.jpg","width":396,"height":396,"caption":"Frontaliers Grand Est"},"image":{"@id":"https:\/\/frontaliers-grandest.eu\/de\/#\/schema\/logo\/image\/"},"sameAs":["https:\/\/www.facebook.com\/frontaliers.GR.EST\/?locale=fr_FR"]}]}},"frge_page_order":0,"_links":{"self":[{"href":"https:\/\/frontaliers-grandest.eu\/de\/wp-json\/wp\/v2\/pages\/6763","targetHints":{"allow":["GET"]}}],"collection":[{"href":"https:\/\/frontaliers-grandest.eu\/de\/wp-json\/wp\/v2\/pages"}],"about":[{"href":"https:\/\/frontaliers-grandest.eu\/de\/wp-json\/wp\/v2\/types\/page"}],"author":[{"embeddable":true,"href":"https:\/\/frontaliers-grandest.eu\/de\/wp-json\/wp\/v2\/users\/7"}],"replies":[{"embeddable":true,"href":"https:\/\/frontaliers-grandest.eu\/de\/wp-json\/wp\/v2\/comments?post=6763"}],"version-history":[{"count":4,"href":"https:\/\/frontaliers-grandest.eu\/de\/wp-json\/wp\/v2\/pages\/6763\/revisions"}],"predecessor-version":[{"id":39448,"href":"https:\/\/frontaliers-grandest.eu\/de\/wp-json\/wp\/v2\/pages\/6763\/revisions\/39448"}],"up":[{"embeddable":true,"href":"https:\/\/frontaliers-grandest.eu\/de\/wp-json\/wp\/v2\/pages\/6759"}],"wp:attachment":[{"href":"https:\/\/frontaliers-grandest.eu\/de\/wp-json\/wp\/v2\/media?parent=6763"}],"wp:term":[{"taxonomy":"post_tag","embeddable":true,"href":"https:\/\/frontaliers-grandest.eu\/de\/wp-json\/wp\/v2\/tags?post=6763"},{"taxonomy":"frge_profile","embeddable":true,"href":"https:\/\/frontaliers-grandest.eu\/de\/wp-json\/wp\/v2\/frge_profile?post=6763"}],"curies":[{"name":"wp","href":"https:\/\/api.w.org\/{rel}","templated":true}]}}