{"id":6750,"date":"2021-04-27T11:27:28","date_gmt":"2021-04-27T09:27:28","guid":{"rendered":"https:\/\/frontaliers-grandest.eu\/?page_id=6750"},"modified":"2021-05-04T11:53:54","modified_gmt":"2021-05-04T09:53:54","slug":"der-elementar-und-primarbereich","status":"publish","type":"page","link":"https:\/\/frontaliers-grandest.eu\/de\/startseite\/fremdsprachen-lernen\/das-lernen-von-fremdsprachen-ab-dem-kindesalter-bis-zum-abitur\/in-belgien\/das-lernen-von-fremdsprachen-in-belgien\/der-elementar-und-primarbereich\/","title":{"rendered":"Der Elementar &#8211; und Primarbereich"},"content":{"rendered":"\n<h4 class=\"wp-block-heading\"><strong>Erste Stufe : Kindergarten und Vorchule (3 bis 5 Jahre)<\/strong><\/h4>\n\n\n\n<p>In den Lehrpl\u00e4nen ist f\u00fcr diese Stufe kein Fremdsprachenunterricht vorgesehen.&nbsp;<strong>Allerdings<\/strong>&nbsp;besteht die M\u00f6glichkeit, im dritten Kindergartenjahr nach dem&nbsp;<strong>Immersionskonzept&nbsp;<\/strong>mit dem&nbsp;<strong>Lernen einer Fremdsprache zu beginnen<\/strong>. Bei der Sprachlernmethode der Immersion geht es darum, f\u00fcr einen Teil der Aktivit\u00e4ten&nbsp;<strong>nicht Franz\u00f6sisch, sondern eine andere moderne Sprache zu nutzen<\/strong>. Mit der Gestaltung des \u201eSprachbads\u201c sind in der Vorschule daf\u00fcr ausgebildete Lehrkr\u00e4fte betraut.<\/p>\n\n\n\n<h5 class=\"wp-block-heading\"><strong>Das Eintauchen in die Sprache<\/strong>&nbsp;<\/h5>\n\n\n\n<p>Um dem beinahe ausschlie\u00dflichen Gebrauch jeweils einer Sprache in den verschiedenen belgischen Gemeinschaften entgegenzuwirken, wurde mit dem Erlass vom&nbsp;<strong>11. Mai 2007<\/strong>&nbsp;das Konzept des&nbsp;<strong>Immersionsunterrichts<\/strong>&nbsp;sowohl f\u00fcr den Primar- als auch f\u00fcr den Sekundarbereich eingef\u00fchrt. Der Erlass&nbsp;<strong>trat im Januar 2008 in Kraft.&nbsp;<\/strong>Der Immersionsunterricht kommt von Jahr zu Jahr in immer mehr Schulen zum Einsatz.<\/p>\n\n\n\n<h4 class=\"wp-block-heading\"><strong>Grundschule: 1.&nbsp;bis 6.&nbsp;Klasse (6 bis 11 Jahre)<\/strong><\/h4>\n\n\n\n<p>In der Wallonie wird die&nbsp;<strong>erste lebende Fremdsprache,&nbsp;<\/strong>die als \u201emoderne Sprache\u201c bezeichnet wird (Niederl\u00e4ndisch, Englisch oder Deutsch) im&nbsp;<strong>5.&nbsp;Jahr der Grundschule<\/strong>&nbsp;(4.&nbsp;Stufe) im Alter von 10 Jahren eingef\u00fchrt. An einigen Schulen wurde der Fremdsprachenunterricht jedoch vorgezogen, indem ein fr\u00fcherer Einstieg in eine Zweitsprache mit entsprechenden Lernangeboten oder dem Konzept \u201eBegegnung mit Sprachen\u201c (\u201eEveil aux langues\u201c\/\u201eLanguage Awareness\u201c) angeboten wird. F\u00fcr den Fremdsprachenunterricht sind zwei Unterrichtsstunden pro Woche eingeplant.<\/p>\n\n\n\n<p><strong>Niederl\u00e4ndisch<\/strong>&nbsp;als Zweitsprache wird von&nbsp;<strong>zwei Dritteln<\/strong>&nbsp;der Sch\u00fcler\/-innen gelernt<strong>.&nbsp;<\/strong>Damit ist das Interesse der Lernenden an Niederl\u00e4ndisch in dieser Bildungsphase deutlich h\u00f6her als an Englisch (30,3 %), wobei Deutsch seinerseits hier weit abgeschlagen ist.<\/p>\n\n\n\n<h5 class=\"wp-block-heading\"><strong>Immersives Lernen<\/strong><\/h5>\n\n\n\n<p>Das Lernen durch Immersion kann, wenn auf diese Methode zur\u00fcckgegriffen wird, in der&nbsp;<strong>1. oder in der 3.&nbsp;Klasse der Grundschule eingef\u00fchrt werden. Ein Teil der Unterrichtsstunden<\/strong>&nbsp;und Lernaktivit\u00e4ten in der Stundentafel finden&nbsp;<strong>in der gew\u00e4hlten Fremdsprache<\/strong>&nbsp;statt, um diese schrittweise zu lernen. Ferner gilt das Prinzip, auch andere F\u00e4cher in der gew\u00e4hlten Sprache zu unterrichten.<\/p>\n\n\n\n<p>Beispiel f\u00fcr eine Stundentafel: 8 bis 21 Unterrichtsstunden vom 3. Kindergartenjahr bis zum 2. Grundschuljahr.<br>Um immersives Lernen im Primarbereich zu gew\u00e4hrleisten, wurden f\u00fcr&nbsp;<strong>Grundschullehrer<\/strong>&nbsp;und Sportlehrer eigens Stellenprofile mit einer&nbsp;<strong>Zust\u00e4ndigkeit f\u00fcr Unterrichtsstunden nach der Immersionsmethode&nbsp;<\/strong>geschaffen.<\/p>\n\n\n\n<p>Eine \u00dcbersicht \u00fcber die Schulen, die im Primarbereich (2015-2016) immersives Lernen anbieten, finden Sie auf dem Bildungsportal der F\u00f6deration Wallonie-Br\u00fcssel:&nbsp;<a href=\"http:\/\/www.enseignement.be\/index.php?page=23801\">http:\/\/www.enseignement.be\/index.php?page=23801<\/a><\/p>\n\n\n\n<h5 class=\"wp-block-heading\"><strong>Das Projekt \u201eEveil aux langues\u201c (\u201eBegegnung mit Sprachen\u201c) in der F\u00f6deration Wallonie-Br\u00fcssel<\/strong><\/h5>\n\n\n\n<p>Am 22. Mai 2003 beauftragte die Regierung der F\u00f6deration Wallonie-Br\u00fcssel den \u201eService de p\u00e9dagogie exp\u00e9rimentale\u201c (Abteilung f\u00fcr Erlebnisp\u00e4dagogik \u2013 SPE) der Universit\u00e4t L\u00fcttich damit, das Konzept \u201eBegegnung mit Sprachen\u201c in&nbsp;<strong>sechs Einrichtungen des Primarbereichs<\/strong>&nbsp;zu erproben.&nbsp;27 freiwillige Lehrkr\u00e4fte haben diesen innovativen Ansatz in ihren Klassen umgesetzt. Zur Sensibilisierung f\u00fcr andere Sprachen und Kulturen sind Unterrichtseinheiten von 27 bis 35 Minuten vorgesehen.<\/p>\n\n\n\n<p>Die Umsetzung des Projekts geht mit der Entwicklung von Materialien f\u00fcr das Konzept \u201eBegegnung mit Sprachen\u201c einher:<br>Abz\u00e4hlreime, Geschichten, Aktivit\u00e4ten. Je nach verfolgtem Ziel steht es den einzelnen Lehrkr\u00e4ften frei, die bereitgestellten Hilfsmittel anzupassen, sofern damit das erw\u00fcnschte Ziel der F\u00f6rderung von Sprachbewusstheit erreicht werden kann.<\/p>\n\n\n\n<h5 class=\"wp-block-heading\"><strong>Das Projekt \u201eOuverture aux langues et aux cultures\u201c (Entdecken von Sprachen und Kulturen) im Primar- und Sekundarbereich<\/strong><\/h5>\n\n\n\n<p>Im Rahmen einer (verbindlichen) Partnerschaft zwischen der F\u00f6deration Wallonie-Br\u00fcssel und acht L\u00e4ndern&nbsp;<strong>(China, Spanien, Griechenland, Italien, Marokko, T\u00fcrkei, Portugal und Rum\u00e4nien<\/strong>) k\u00f6nnen interessierte Schulen ihren Sch\u00fclerinnen und Sch\u00fclern im&nbsp;<strong>Primar- und Sekundarbereich das Fach \u201eOuverture aux Langues et aux Cultures\u201c (OLC)<\/strong>&nbsp;anbieten.<\/p>\n\n\n\n<p>Das Fach OLC richtet sich heute nicht mehr nur an Sch\u00fcler\/-innen mit Migrationshintergrund, sondern an alle Sch\u00fcler\/-innen im Primar- und Sekundarbereich.<\/p>\n\n\n\n<p>Das&nbsp;<strong>Projekt&nbsp;<\/strong>bietet im Fach OLC&nbsp;<strong>zwei Arten von Unterricht<\/strong>:<\/p>\n\n\n\n<ul class=\"wp-block-list\"><li><strong>DerOLC-Sprachunterrichtfindet w\u00e4hrend der Woche nach der Schule statt. Die Teilnahme ist freiwillig und steht allen Kindern offen, deren Eltern sie daf\u00fcr angemeldet haben<\/strong>. Bei diesem Unterricht geht es um das Lernen&nbsp;<strong>der Fremdsprache und die mit ihr verbundenen kulturellen Aspekte.<\/strong>&nbsp;Teilnehmen k\u00f6nnen Sch\u00fcler\/-innen aus verschiedenen schulischen Einrichtungen. Geleitet wird er ausschlie\u00dflich von einer speziell f\u00fcr das Projekt OLC zust\u00e4ndigen Lehrkraft.<\/li><li><strong>Der OLC-Unterricht zum Entdecken von Sprachen und Kulturen ist Teil des regul\u00e4ren Stundenplans.&nbsp;<\/strong>Dieser Unterricht findet auf Franz\u00f6sisch statt, erg\u00e4nzt durch Vokabular in der Fremdsprache. Adressaten dieses Angebots sind alle Kinder einer Klasse. Gestaltet wird der Unterricht gemeinsam von der OLC-Lehrkraft und der normalen Lehrkraft.<\/li><\/ul>\n","protected":false},"excerpt":{"rendered":"<p>Erste Stufe : Kindergarten und Vorchule (3 bis 5 Jahre) In den Lehrpl\u00e4nen ist f\u00fcr diese Stufe kein Fremdsprachenunterricht vorgesehen.&nbsp;Allerdings&nbsp;besteht die M\u00f6glichkeit, im dritten Kindergartenjahr nach dem&nbsp;Immersionskonzept&nbsp;mit dem&nbsp;Lernen einer Fremdsprache zu beginnen. Bei der Sprachlernmethode der Immersion geht es darum, f\u00fcr einen Teil der Aktivit\u00e4ten&nbsp;nicht Franz\u00f6sisch, sondern eine andere moderne Sprache zu nutzen. Mit der [&hellip;]<\/p>\n","protected":false},"author":7,"featured_media":0,"parent":6748,"menu_order":0,"comment_status":"closed","ping_status":"closed","template":"","meta":{"inline_featured_image":false,"footnotes":""},"tags":[],"frge_profile":[],"class_list":["post-6750","page","type-page","status-publish","hentry"],"yoast_head":"<!-- This site is optimized with the Yoast SEO plugin v27.1.1 - https:\/\/yoast.com\/product\/yoast-seo-wordpress\/ -->\n<title>Der Elementar - und Primarbereich - Frontaliers Grand Est<\/title>\n<meta name=\"robots\" content=\"index, follow, max-snippet:-1, max-image-preview:large, max-video-preview:-1\" \/>\n<link rel=\"canonical\" href=\"https:\/\/frontaliers-grandest.eu\/de\/startseite\/fremdsprachen-lernen\/das-lernen-von-fremdsprachen-ab-dem-kindesalter-bis-zum-abitur\/in-belgien\/das-lernen-von-fremdsprachen-in-belgien\/der-elementar-und-primarbereich\/\" \/>\n<meta property=\"og:locale\" content=\"de_DE\" \/>\n<meta property=\"og:type\" content=\"article\" \/>\n<meta property=\"og:title\" content=\"Der Elementar - und Primarbereich - Frontaliers Grand Est\" \/>\n<meta property=\"og:description\" content=\"Erste Stufe : Kindergarten und Vorchule (3 bis 5 Jahre) In den Lehrpl\u00e4nen ist f\u00fcr diese Stufe kein Fremdsprachenunterricht vorgesehen.&nbsp;Allerdings&nbsp;besteht die M\u00f6glichkeit, im dritten Kindergartenjahr nach dem&nbsp;Immersionskonzept&nbsp;mit dem&nbsp;Lernen einer Fremdsprache zu beginnen. Bei der Sprachlernmethode der Immersion geht es darum, f\u00fcr einen Teil der Aktivit\u00e4ten&nbsp;nicht Franz\u00f6sisch, sondern eine andere moderne Sprache zu nutzen. Mit der [&hellip;]\" \/>\n<meta property=\"og:url\" content=\"https:\/\/frontaliers-grandest.eu\/de\/startseite\/fremdsprachen-lernen\/das-lernen-von-fremdsprachen-ab-dem-kindesalter-bis-zum-abitur\/in-belgien\/das-lernen-von-fremdsprachen-in-belgien\/der-elementar-und-primarbereich\/\" \/>\n<meta property=\"og:site_name\" content=\"Frontaliers Grand Est\" \/>\n<meta property=\"article:publisher\" content=\"https:\/\/www.facebook.com\/frontaliers.GR.EST\/?locale=fr_FR\" \/>\n<meta property=\"article:modified_time\" content=\"2021-05-04T09:53:54+00:00\" \/>\n<meta name=\"twitter:card\" content=\"summary_large_image\" \/>\n<meta name=\"twitter:label1\" content=\"Gesch\u00e4tzte Lesezeit\" \/>\n\t<meta name=\"twitter:data1\" content=\"3\u00a0Minuten\" \/>\n<script type=\"application\/ld+json\" class=\"yoast-schema-graph\">{\"@context\":\"https:\/\/schema.org\",\"@graph\":[{\"@type\":\"WebPage\",\"@id\":\"https:\/\/frontaliers-grandest.eu\/de\/startseite\/fremdsprachen-lernen\/das-lernen-von-fremdsprachen-ab-dem-kindesalter-bis-zum-abitur\/in-belgien\/das-lernen-von-fremdsprachen-in-belgien\/der-elementar-und-primarbereich\/\",\"url\":\"https:\/\/frontaliers-grandest.eu\/de\/startseite\/fremdsprachen-lernen\/das-lernen-von-fremdsprachen-ab-dem-kindesalter-bis-zum-abitur\/in-belgien\/das-lernen-von-fremdsprachen-in-belgien\/der-elementar-und-primarbereich\/\",\"name\":\"Der Elementar - und Primarbereich - Frontaliers Grand Est\",\"isPartOf\":{\"@id\":\"https:\/\/frontaliers-grandest.eu\/de\/#website\"},\"datePublished\":\"2021-04-27T09:27:28+00:00\",\"dateModified\":\"2021-05-04T09:53:54+00:00\",\"breadcrumb\":{\"@id\":\"https:\/\/frontaliers-grandest.eu\/de\/startseite\/fremdsprachen-lernen\/das-lernen-von-fremdsprachen-ab-dem-kindesalter-bis-zum-abitur\/in-belgien\/das-lernen-von-fremdsprachen-in-belgien\/der-elementar-und-primarbereich\/#breadcrumb\"},\"inLanguage\":\"de\",\"potentialAction\":[{\"@type\":\"ReadAction\",\"target\":[\"https:\/\/frontaliers-grandest.eu\/de\/startseite\/fremdsprachen-lernen\/das-lernen-von-fremdsprachen-ab-dem-kindesalter-bis-zum-abitur\/in-belgien\/das-lernen-von-fremdsprachen-in-belgien\/der-elementar-und-primarbereich\/\"]}]},{\"@type\":\"BreadcrumbList\",\"@id\":\"https:\/\/frontaliers-grandest.eu\/de\/startseite\/fremdsprachen-lernen\/das-lernen-von-fremdsprachen-ab-dem-kindesalter-bis-zum-abitur\/in-belgien\/das-lernen-von-fremdsprachen-in-belgien\/der-elementar-und-primarbereich\/#breadcrumb\",\"itemListElement\":[{\"@type\":\"ListItem\",\"position\":1,\"name\":\"Startseite\",\"item\":\"https:\/\/frontaliers-grandest.eu\/de\/\"},{\"@type\":\"ListItem\",\"position\":2,\"name\":\"Fremdsprachen Lernen\",\"item\":\"https:\/\/frontaliers-grandest.eu\/de\/startseite\/fremdsprachen-lernen\/\"},{\"@type\":\"ListItem\",\"position\":3,\"name\":\"Das lernen von fremdsprachen ab dem kindesalter bis zum abitur\",\"item\":\"https:\/\/frontaliers-grandest.eu\/de\/startseite\/fremdsprachen-lernen\/das-lernen-von-fremdsprachen-ab-dem-kindesalter-bis-zum-abitur\/\"},{\"@type\":\"ListItem\",\"position\":4,\"name\":\"In Belgien\",\"item\":\"https:\/\/frontaliers-grandest.eu\/de\/startseite\/fremdsprachen-lernen\/das-lernen-von-fremdsprachen-ab-dem-kindesalter-bis-zum-abitur\/in-belgien\/\"},{\"@type\":\"ListItem\",\"position\":5,\"name\":\"Das Lernen von Fremdsprachen in Belgien\",\"item\":\"https:\/\/frontaliers-grandest.eu\/de\/startseite\/fremdsprachen-lernen\/das-lernen-von-fremdsprachen-ab-dem-kindesalter-bis-zum-abitur\/in-belgien\/das-lernen-von-fremdsprachen-in-belgien\/\"},{\"@type\":\"ListItem\",\"position\":6,\"name\":\"Der Elementar &#8211; und Primarbereich\"}]},{\"@type\":\"WebSite\",\"@id\":\"https:\/\/frontaliers-grandest.eu\/de\/#website\",\"url\":\"https:\/\/frontaliers-grandest.eu\/de\/\",\"name\":\"Frontaliers Grand Est\",\"description\":\"Le site ressource du travail frontalier\",\"publisher\":{\"@id\":\"https:\/\/frontaliers-grandest.eu\/de\/#organization\"},\"alternateName\":\"Frontaliers Grand Est\",\"potentialAction\":[{\"@type\":\"SearchAction\",\"target\":{\"@type\":\"EntryPoint\",\"urlTemplate\":\"https:\/\/frontaliers-grandest.eu\/de\/?s={search_term_string}\"},\"query-input\":{\"@type\":\"PropertyValueSpecification\",\"valueRequired\":true,\"valueName\":\"search_term_string\"}}],\"inLanguage\":\"de\"},{\"@type\":\"Organization\",\"@id\":\"https:\/\/frontaliers-grandest.eu\/de\/#organization\",\"name\":\"Frontaliers Grand Est\",\"alternateName\":\"Frontaliers Grand Est\",\"url\":\"https:\/\/frontaliers-grandest.eu\/de\/\",\"logo\":{\"@type\":\"ImageObject\",\"inLanguage\":\"de\",\"@id\":\"https:\/\/frontaliers-grandest.eu\/de\/#\/schema\/logo\/image\/\",\"url\":\"https:\/\/frontaliers-grandest.eu\/wp-content\/uploads\/2025\/07\/260328234_2966785176920310_3332838526503858160_n.jpg\",\"contentUrl\":\"https:\/\/frontaliers-grandest.eu\/wp-content\/uploads\/2025\/07\/260328234_2966785176920310_3332838526503858160_n.jpg\",\"width\":396,\"height\":396,\"caption\":\"Frontaliers Grand Est\"},\"image\":{\"@id\":\"https:\/\/frontaliers-grandest.eu\/de\/#\/schema\/logo\/image\/\"},\"sameAs\":[\"https:\/\/www.facebook.com\/frontaliers.GR.EST\/?locale=fr_FR\"]}]}<\/script>\n<!-- \/ Yoast SEO plugin. -->","yoast_head_json":{"title":"Der Elementar - und Primarbereich - Frontaliers Grand Est","robots":{"index":"index","follow":"follow","max-snippet":"max-snippet:-1","max-image-preview":"max-image-preview:large","max-video-preview":"max-video-preview:-1"},"canonical":"https:\/\/frontaliers-grandest.eu\/de\/startseite\/fremdsprachen-lernen\/das-lernen-von-fremdsprachen-ab-dem-kindesalter-bis-zum-abitur\/in-belgien\/das-lernen-von-fremdsprachen-in-belgien\/der-elementar-und-primarbereich\/","og_locale":"de_DE","og_type":"article","og_title":"Der Elementar - und Primarbereich - Frontaliers Grand Est","og_description":"Erste Stufe : Kindergarten und Vorchule (3 bis 5 Jahre) In den Lehrpl\u00e4nen ist f\u00fcr diese Stufe kein Fremdsprachenunterricht vorgesehen.&nbsp;Allerdings&nbsp;besteht die M\u00f6glichkeit, im dritten Kindergartenjahr nach dem&nbsp;Immersionskonzept&nbsp;mit dem&nbsp;Lernen einer Fremdsprache zu beginnen. Bei der Sprachlernmethode der Immersion geht es darum, f\u00fcr einen Teil der Aktivit\u00e4ten&nbsp;nicht Franz\u00f6sisch, sondern eine andere moderne Sprache zu nutzen. Mit der [&hellip;]","og_url":"https:\/\/frontaliers-grandest.eu\/de\/startseite\/fremdsprachen-lernen\/das-lernen-von-fremdsprachen-ab-dem-kindesalter-bis-zum-abitur\/in-belgien\/das-lernen-von-fremdsprachen-in-belgien\/der-elementar-und-primarbereich\/","og_site_name":"Frontaliers Grand Est","article_publisher":"https:\/\/www.facebook.com\/frontaliers.GR.EST\/?locale=fr_FR","article_modified_time":"2021-05-04T09:53:54+00:00","twitter_card":"summary_large_image","twitter_misc":{"Gesch\u00e4tzte Lesezeit":"3\u00a0Minuten"},"schema":{"@context":"https:\/\/schema.org","@graph":[{"@type":"WebPage","@id":"https:\/\/frontaliers-grandest.eu\/de\/startseite\/fremdsprachen-lernen\/das-lernen-von-fremdsprachen-ab-dem-kindesalter-bis-zum-abitur\/in-belgien\/das-lernen-von-fremdsprachen-in-belgien\/der-elementar-und-primarbereich\/","url":"https:\/\/frontaliers-grandest.eu\/de\/startseite\/fremdsprachen-lernen\/das-lernen-von-fremdsprachen-ab-dem-kindesalter-bis-zum-abitur\/in-belgien\/das-lernen-von-fremdsprachen-in-belgien\/der-elementar-und-primarbereich\/","name":"Der Elementar - und Primarbereich - Frontaliers Grand Est","isPartOf":{"@id":"https:\/\/frontaliers-grandest.eu\/de\/#website"},"datePublished":"2021-04-27T09:27:28+00:00","dateModified":"2021-05-04T09:53:54+00:00","breadcrumb":{"@id":"https:\/\/frontaliers-grandest.eu\/de\/startseite\/fremdsprachen-lernen\/das-lernen-von-fremdsprachen-ab-dem-kindesalter-bis-zum-abitur\/in-belgien\/das-lernen-von-fremdsprachen-in-belgien\/der-elementar-und-primarbereich\/#breadcrumb"},"inLanguage":"de","potentialAction":[{"@type":"ReadAction","target":["https:\/\/frontaliers-grandest.eu\/de\/startseite\/fremdsprachen-lernen\/das-lernen-von-fremdsprachen-ab-dem-kindesalter-bis-zum-abitur\/in-belgien\/das-lernen-von-fremdsprachen-in-belgien\/der-elementar-und-primarbereich\/"]}]},{"@type":"BreadcrumbList","@id":"https:\/\/frontaliers-grandest.eu\/de\/startseite\/fremdsprachen-lernen\/das-lernen-von-fremdsprachen-ab-dem-kindesalter-bis-zum-abitur\/in-belgien\/das-lernen-von-fremdsprachen-in-belgien\/der-elementar-und-primarbereich\/#breadcrumb","itemListElement":[{"@type":"ListItem","position":1,"name":"Startseite","item":"https:\/\/frontaliers-grandest.eu\/de\/"},{"@type":"ListItem","position":2,"name":"Fremdsprachen Lernen","item":"https:\/\/frontaliers-grandest.eu\/de\/startseite\/fremdsprachen-lernen\/"},{"@type":"ListItem","position":3,"name":"Das lernen von fremdsprachen ab dem kindesalter bis zum abitur","item":"https:\/\/frontaliers-grandest.eu\/de\/startseite\/fremdsprachen-lernen\/das-lernen-von-fremdsprachen-ab-dem-kindesalter-bis-zum-abitur\/"},{"@type":"ListItem","position":4,"name":"In Belgien","item":"https:\/\/frontaliers-grandest.eu\/de\/startseite\/fremdsprachen-lernen\/das-lernen-von-fremdsprachen-ab-dem-kindesalter-bis-zum-abitur\/in-belgien\/"},{"@type":"ListItem","position":5,"name":"Das Lernen von Fremdsprachen in Belgien","item":"https:\/\/frontaliers-grandest.eu\/de\/startseite\/fremdsprachen-lernen\/das-lernen-von-fremdsprachen-ab-dem-kindesalter-bis-zum-abitur\/in-belgien\/das-lernen-von-fremdsprachen-in-belgien\/"},{"@type":"ListItem","position":6,"name":"Der Elementar &#8211; und Primarbereich"}]},{"@type":"WebSite","@id":"https:\/\/frontaliers-grandest.eu\/de\/#website","url":"https:\/\/frontaliers-grandest.eu\/de\/","name":"Frontaliers Grand Est","description":"Le site ressource du travail frontalier","publisher":{"@id":"https:\/\/frontaliers-grandest.eu\/de\/#organization"},"alternateName":"Frontaliers Grand Est","potentialAction":[{"@type":"SearchAction","target":{"@type":"EntryPoint","urlTemplate":"https:\/\/frontaliers-grandest.eu\/de\/?s={search_term_string}"},"query-input":{"@type":"PropertyValueSpecification","valueRequired":true,"valueName":"search_term_string"}}],"inLanguage":"de"},{"@type":"Organization","@id":"https:\/\/frontaliers-grandest.eu\/de\/#organization","name":"Frontaliers Grand Est","alternateName":"Frontaliers Grand Est","url":"https:\/\/frontaliers-grandest.eu\/de\/","logo":{"@type":"ImageObject","inLanguage":"de","@id":"https:\/\/frontaliers-grandest.eu\/de\/#\/schema\/logo\/image\/","url":"https:\/\/frontaliers-grandest.eu\/wp-content\/uploads\/2025\/07\/260328234_2966785176920310_3332838526503858160_n.jpg","contentUrl":"https:\/\/frontaliers-grandest.eu\/wp-content\/uploads\/2025\/07\/260328234_2966785176920310_3332838526503858160_n.jpg","width":396,"height":396,"caption":"Frontaliers Grand Est"},"image":{"@id":"https:\/\/frontaliers-grandest.eu\/de\/#\/schema\/logo\/image\/"},"sameAs":["https:\/\/www.facebook.com\/frontaliers.GR.EST\/?locale=fr_FR"]}]}},"frge_page_order":0,"_links":{"self":[{"href":"https:\/\/frontaliers-grandest.eu\/de\/wp-json\/wp\/v2\/pages\/6750","targetHints":{"allow":["GET"]}}],"collection":[{"href":"https:\/\/frontaliers-grandest.eu\/de\/wp-json\/wp\/v2\/pages"}],"about":[{"href":"https:\/\/frontaliers-grandest.eu\/de\/wp-json\/wp\/v2\/types\/page"}],"author":[{"embeddable":true,"href":"https:\/\/frontaliers-grandest.eu\/de\/wp-json\/wp\/v2\/users\/7"}],"replies":[{"embeddable":true,"href":"https:\/\/frontaliers-grandest.eu\/de\/wp-json\/wp\/v2\/comments?post=6750"}],"version-history":[{"count":2,"href":"https:\/\/frontaliers-grandest.eu\/de\/wp-json\/wp\/v2\/pages\/6750\/revisions"}],"predecessor-version":[{"id":6753,"href":"https:\/\/frontaliers-grandest.eu\/de\/wp-json\/wp\/v2\/pages\/6750\/revisions\/6753"}],"up":[{"embeddable":true,"href":"https:\/\/frontaliers-grandest.eu\/de\/wp-json\/wp\/v2\/pages\/6748"}],"wp:attachment":[{"href":"https:\/\/frontaliers-grandest.eu\/de\/wp-json\/wp\/v2\/media?parent=6750"}],"wp:term":[{"taxonomy":"post_tag","embeddable":true,"href":"https:\/\/frontaliers-grandest.eu\/de\/wp-json\/wp\/v2\/tags?post=6750"},{"taxonomy":"frge_profile","embeddable":true,"href":"https:\/\/frontaliers-grandest.eu\/de\/wp-json\/wp\/v2\/frge_profile?post=6750"}],"curies":[{"name":"wp","href":"https:\/\/api.w.org\/{rel}","templated":true}]}}