{"id":6748,"date":"2021-04-27T11:22:37","date_gmt":"2021-04-27T09:22:37","guid":{"rendered":"https:\/\/frontaliers-grandest.eu\/?page_id=6748"},"modified":"2021-05-04T11:53:47","modified_gmt":"2021-05-04T09:53:47","slug":"das-lernen-von-fremdsprachen-in-belgien","status":"publish","type":"page","link":"https:\/\/frontaliers-grandest.eu\/de\/startseite\/fremdsprachen-lernen\/das-lernen-von-fremdsprachen-ab-dem-kindesalter-bis-zum-abitur\/in-belgien\/das-lernen-von-fremdsprachen-in-belgien\/","title":{"rendered":"Das Lernen von Fremdsprachen in Belgien"},"content":{"rendered":"\n<p>In Belgien hat jede Gemeinschaft ihre eigene offizielle Landesprache. In der Fl\u00e4mischen Gemeinschaft (Flandern) wird Niederl\u00e4ndisch, in der Franz\u00f6sischen Gemeinschaft (Wallonie) Franz\u00f6sisch und in der Deutschsprachigen Gemeinschaft (Ostbelgien) Deutsch gesprochen. In Br\u00fcssel, das die Hauptstadt Flanderns ist, zugleich aber auch zur Franz\u00f6sischen Gemeinschaft geh\u00f6rt, werden dementsprechend zwei Sprachen verwendet: Franz\u00f6sisch und Niederl\u00e4ndisch.<\/p>\n\n\n\n<p>Fremdsprachenunterricht wird an den belgischen Regelschulen schrittweise im Laufe der Schulzeit eingef\u00fchrt. Allerdings wird in dem zur Gro\u00dfregion geh\u00f6renden Teilgebiet Belgiens mit dem Lernen einer Fremdsprache am sp\u00e4testen begonnen. In den verschiedenen Bildungssystemen in Europa spielt der Gemeinsame Europ\u00e4ische Referenzrahmen f\u00fcr Sprachen nur in der F\u00f6deration Wallonie-Br\u00fcssel und in England keinerlei Rolle im Pflichtunterricht.<\/p>\n\n\n\n<h5 class=\"wp-block-heading\"><strong>Die Sprachgesetzgebung<\/strong><\/h5>\n\n\n\n<p>In den Gesetzen \u00fcber den Sprachengebrauch sind Vorschriften f\u00fcr den Fremdsprachenunterricht in Belgien festgelegt.<\/p>\n\n\n\n<ul class=\"wp-block-list\"><li>So ist das Unterrichten von Niederl\u00e4ndisch als Zweitsprache in den 19 Gemeinden der Region Br\u00fcssel-Hauptstadt obligatorisch.<\/li><li>Ebenfalls vorgeschrieben ist Niederl\u00e4ndischunterricht in den an der sogenannten \u201eSprachgrenze\u201c gelegenen wallonischen Gemeinden, d. h. in Comines-Warneton (Komen-Waasten), Mouscron (Moeskroen), Flobecq (Vloesberg) und Enghien (Edingen).<\/li><li>In den Gemeinden Malmedy, Waimes (Weismes), Baelen, Plombi\u00e8res (Bleyberg) und Welkenraedt (Welkenrath) kann als Zweitsprache entweder Deutsch oder Niederl\u00e4ndisch gew\u00e4hlt werden.<\/li><li>In den anderen wallonischen Gemeinden kann Niederl\u00e4ndisch, Englisch oder Deutsch die Zweitsprache sein.<\/li><\/ul>\n","protected":false},"excerpt":{"rendered":"<p>In Belgien hat jede Gemeinschaft ihre eigene offizielle Landesprache. In der Fl\u00e4mischen Gemeinschaft (Flandern) wird Niederl\u00e4ndisch, in der Franz\u00f6sischen Gemeinschaft (Wallonie) Franz\u00f6sisch und in der Deutschsprachigen Gemeinschaft (Ostbelgien) Deutsch gesprochen. In Br\u00fcssel, das die Hauptstadt Flanderns ist, zugleich aber auch zur Franz\u00f6sischen Gemeinschaft geh\u00f6rt, werden dementsprechend zwei Sprachen verwendet: Franz\u00f6sisch und Niederl\u00e4ndisch. Fremdsprachenunterricht wird an [&hellip;]<\/p>\n","protected":false},"author":7,"featured_media":0,"parent":6746,"menu_order":0,"comment_status":"closed","ping_status":"closed","template":"","meta":{"inline_featured_image":false,"footnotes":""},"tags":[],"frge_profile":[],"class_list":["post-6748","page","type-page","status-publish","hentry"],"yoast_head":"<!-- This site is optimized with the Yoast SEO plugin v27.1.1 - https:\/\/yoast.com\/product\/yoast-seo-wordpress\/ -->\n<title>Das Lernen von Fremdsprachen in Belgien - Frontaliers Grand Est<\/title>\n<meta name=\"robots\" content=\"index, follow, max-snippet:-1, max-image-preview:large, max-video-preview:-1\" \/>\n<link rel=\"canonical\" href=\"https:\/\/frontaliers-grandest.eu\/de\/startseite\/fremdsprachen-lernen\/das-lernen-von-fremdsprachen-ab-dem-kindesalter-bis-zum-abitur\/in-belgien\/das-lernen-von-fremdsprachen-in-belgien\/\" \/>\n<meta property=\"og:locale\" content=\"de_DE\" \/>\n<meta property=\"og:type\" content=\"article\" \/>\n<meta property=\"og:title\" content=\"Das Lernen von Fremdsprachen in Belgien - Frontaliers Grand Est\" \/>\n<meta property=\"og:description\" content=\"In Belgien hat jede Gemeinschaft ihre eigene offizielle Landesprache. In der Fl\u00e4mischen Gemeinschaft (Flandern) wird Niederl\u00e4ndisch, in der Franz\u00f6sischen Gemeinschaft (Wallonie) Franz\u00f6sisch und in der Deutschsprachigen Gemeinschaft (Ostbelgien) Deutsch gesprochen. In Br\u00fcssel, das die Hauptstadt Flanderns ist, zugleich aber auch zur Franz\u00f6sischen Gemeinschaft geh\u00f6rt, werden dementsprechend zwei Sprachen verwendet: Franz\u00f6sisch und Niederl\u00e4ndisch. Fremdsprachenunterricht wird an [&hellip;]\" \/>\n<meta property=\"og:url\" content=\"https:\/\/frontaliers-grandest.eu\/de\/startseite\/fremdsprachen-lernen\/das-lernen-von-fremdsprachen-ab-dem-kindesalter-bis-zum-abitur\/in-belgien\/das-lernen-von-fremdsprachen-in-belgien\/\" \/>\n<meta property=\"og:site_name\" content=\"Frontaliers Grand Est\" \/>\n<meta property=\"article:publisher\" content=\"https:\/\/www.facebook.com\/frontaliers.GR.EST\/?locale=fr_FR\" \/>\n<meta property=\"article:modified_time\" content=\"2021-05-04T09:53:47+00:00\" \/>\n<meta name=\"twitter:card\" content=\"summary_large_image\" \/>\n<meta name=\"twitter:label1\" content=\"Gesch\u00e4tzte Lesezeit\" \/>\n\t<meta name=\"twitter:data1\" content=\"1\u00a0Minute\" \/>\n<script type=\"application\/ld+json\" class=\"yoast-schema-graph\">{\"@context\":\"https:\/\/schema.org\",\"@graph\":[{\"@type\":\"WebPage\",\"@id\":\"https:\/\/frontaliers-grandest.eu\/de\/startseite\/fremdsprachen-lernen\/das-lernen-von-fremdsprachen-ab-dem-kindesalter-bis-zum-abitur\/in-belgien\/das-lernen-von-fremdsprachen-in-belgien\/\",\"url\":\"https:\/\/frontaliers-grandest.eu\/de\/startseite\/fremdsprachen-lernen\/das-lernen-von-fremdsprachen-ab-dem-kindesalter-bis-zum-abitur\/in-belgien\/das-lernen-von-fremdsprachen-in-belgien\/\",\"name\":\"Das Lernen von Fremdsprachen in Belgien - Frontaliers Grand Est\",\"isPartOf\":{\"@id\":\"https:\/\/frontaliers-grandest.eu\/de\/#website\"},\"datePublished\":\"2021-04-27T09:22:37+00:00\",\"dateModified\":\"2021-05-04T09:53:47+00:00\",\"breadcrumb\":{\"@id\":\"https:\/\/frontaliers-grandest.eu\/de\/startseite\/fremdsprachen-lernen\/das-lernen-von-fremdsprachen-ab-dem-kindesalter-bis-zum-abitur\/in-belgien\/das-lernen-von-fremdsprachen-in-belgien\/#breadcrumb\"},\"inLanguage\":\"de\",\"potentialAction\":[{\"@type\":\"ReadAction\",\"target\":[\"https:\/\/frontaliers-grandest.eu\/de\/startseite\/fremdsprachen-lernen\/das-lernen-von-fremdsprachen-ab-dem-kindesalter-bis-zum-abitur\/in-belgien\/das-lernen-von-fremdsprachen-in-belgien\/\"]}]},{\"@type\":\"BreadcrumbList\",\"@id\":\"https:\/\/frontaliers-grandest.eu\/de\/startseite\/fremdsprachen-lernen\/das-lernen-von-fremdsprachen-ab-dem-kindesalter-bis-zum-abitur\/in-belgien\/das-lernen-von-fremdsprachen-in-belgien\/#breadcrumb\",\"itemListElement\":[{\"@type\":\"ListItem\",\"position\":1,\"name\":\"Startseite\",\"item\":\"https:\/\/frontaliers-grandest.eu\/de\/\"},{\"@type\":\"ListItem\",\"position\":2,\"name\":\"Fremdsprachen Lernen\",\"item\":\"https:\/\/frontaliers-grandest.eu\/de\/startseite\/fremdsprachen-lernen\/\"},{\"@type\":\"ListItem\",\"position\":3,\"name\":\"Das lernen von fremdsprachen ab dem kindesalter bis zum abitur\",\"item\":\"https:\/\/frontaliers-grandest.eu\/de\/startseite\/fremdsprachen-lernen\/das-lernen-von-fremdsprachen-ab-dem-kindesalter-bis-zum-abitur\/\"},{\"@type\":\"ListItem\",\"position\":4,\"name\":\"In Belgien\",\"item\":\"https:\/\/frontaliers-grandest.eu\/de\/startseite\/fremdsprachen-lernen\/das-lernen-von-fremdsprachen-ab-dem-kindesalter-bis-zum-abitur\/in-belgien\/\"},{\"@type\":\"ListItem\",\"position\":5,\"name\":\"Das Lernen von Fremdsprachen in Belgien\"}]},{\"@type\":\"WebSite\",\"@id\":\"https:\/\/frontaliers-grandest.eu\/de\/#website\",\"url\":\"https:\/\/frontaliers-grandest.eu\/de\/\",\"name\":\"Frontaliers Grand Est\",\"description\":\"Le site ressource du travail frontalier\",\"publisher\":{\"@id\":\"https:\/\/frontaliers-grandest.eu\/de\/#organization\"},\"alternateName\":\"Frontaliers Grand Est\",\"potentialAction\":[{\"@type\":\"SearchAction\",\"target\":{\"@type\":\"EntryPoint\",\"urlTemplate\":\"https:\/\/frontaliers-grandest.eu\/de\/?s={search_term_string}\"},\"query-input\":{\"@type\":\"PropertyValueSpecification\",\"valueRequired\":true,\"valueName\":\"search_term_string\"}}],\"inLanguage\":\"de\"},{\"@type\":\"Organization\",\"@id\":\"https:\/\/frontaliers-grandest.eu\/de\/#organization\",\"name\":\"Frontaliers Grand Est\",\"alternateName\":\"Frontaliers Grand Est\",\"url\":\"https:\/\/frontaliers-grandest.eu\/de\/\",\"logo\":{\"@type\":\"ImageObject\",\"inLanguage\":\"de\",\"@id\":\"https:\/\/frontaliers-grandest.eu\/de\/#\/schema\/logo\/image\/\",\"url\":\"https:\/\/frontaliers-grandest.eu\/wp-content\/uploads\/2025\/07\/260328234_2966785176920310_3332838526503858160_n.jpg\",\"contentUrl\":\"https:\/\/frontaliers-grandest.eu\/wp-content\/uploads\/2025\/07\/260328234_2966785176920310_3332838526503858160_n.jpg\",\"width\":396,\"height\":396,\"caption\":\"Frontaliers Grand Est\"},\"image\":{\"@id\":\"https:\/\/frontaliers-grandest.eu\/de\/#\/schema\/logo\/image\/\"},\"sameAs\":[\"https:\/\/www.facebook.com\/frontaliers.GR.EST\/?locale=fr_FR\"]}]}<\/script>\n<!-- \/ Yoast SEO plugin. -->","yoast_head_json":{"title":"Das Lernen von Fremdsprachen in Belgien - Frontaliers Grand Est","robots":{"index":"index","follow":"follow","max-snippet":"max-snippet:-1","max-image-preview":"max-image-preview:large","max-video-preview":"max-video-preview:-1"},"canonical":"https:\/\/frontaliers-grandest.eu\/de\/startseite\/fremdsprachen-lernen\/das-lernen-von-fremdsprachen-ab-dem-kindesalter-bis-zum-abitur\/in-belgien\/das-lernen-von-fremdsprachen-in-belgien\/","og_locale":"de_DE","og_type":"article","og_title":"Das Lernen von Fremdsprachen in Belgien - Frontaliers Grand Est","og_description":"In Belgien hat jede Gemeinschaft ihre eigene offizielle Landesprache. In der Fl\u00e4mischen Gemeinschaft (Flandern) wird Niederl\u00e4ndisch, in der Franz\u00f6sischen Gemeinschaft (Wallonie) Franz\u00f6sisch und in der Deutschsprachigen Gemeinschaft (Ostbelgien) Deutsch gesprochen. In Br\u00fcssel, das die Hauptstadt Flanderns ist, zugleich aber auch zur Franz\u00f6sischen Gemeinschaft geh\u00f6rt, werden dementsprechend zwei Sprachen verwendet: Franz\u00f6sisch und Niederl\u00e4ndisch. Fremdsprachenunterricht wird an [&hellip;]","og_url":"https:\/\/frontaliers-grandest.eu\/de\/startseite\/fremdsprachen-lernen\/das-lernen-von-fremdsprachen-ab-dem-kindesalter-bis-zum-abitur\/in-belgien\/das-lernen-von-fremdsprachen-in-belgien\/","og_site_name":"Frontaliers Grand Est","article_publisher":"https:\/\/www.facebook.com\/frontaliers.GR.EST\/?locale=fr_FR","article_modified_time":"2021-05-04T09:53:47+00:00","twitter_card":"summary_large_image","twitter_misc":{"Gesch\u00e4tzte Lesezeit":"1\u00a0Minute"},"schema":{"@context":"https:\/\/schema.org","@graph":[{"@type":"WebPage","@id":"https:\/\/frontaliers-grandest.eu\/de\/startseite\/fremdsprachen-lernen\/das-lernen-von-fremdsprachen-ab-dem-kindesalter-bis-zum-abitur\/in-belgien\/das-lernen-von-fremdsprachen-in-belgien\/","url":"https:\/\/frontaliers-grandest.eu\/de\/startseite\/fremdsprachen-lernen\/das-lernen-von-fremdsprachen-ab-dem-kindesalter-bis-zum-abitur\/in-belgien\/das-lernen-von-fremdsprachen-in-belgien\/","name":"Das Lernen von Fremdsprachen in Belgien - Frontaliers Grand Est","isPartOf":{"@id":"https:\/\/frontaliers-grandest.eu\/de\/#website"},"datePublished":"2021-04-27T09:22:37+00:00","dateModified":"2021-05-04T09:53:47+00:00","breadcrumb":{"@id":"https:\/\/frontaliers-grandest.eu\/de\/startseite\/fremdsprachen-lernen\/das-lernen-von-fremdsprachen-ab-dem-kindesalter-bis-zum-abitur\/in-belgien\/das-lernen-von-fremdsprachen-in-belgien\/#breadcrumb"},"inLanguage":"de","potentialAction":[{"@type":"ReadAction","target":["https:\/\/frontaliers-grandest.eu\/de\/startseite\/fremdsprachen-lernen\/das-lernen-von-fremdsprachen-ab-dem-kindesalter-bis-zum-abitur\/in-belgien\/das-lernen-von-fremdsprachen-in-belgien\/"]}]},{"@type":"BreadcrumbList","@id":"https:\/\/frontaliers-grandest.eu\/de\/startseite\/fremdsprachen-lernen\/das-lernen-von-fremdsprachen-ab-dem-kindesalter-bis-zum-abitur\/in-belgien\/das-lernen-von-fremdsprachen-in-belgien\/#breadcrumb","itemListElement":[{"@type":"ListItem","position":1,"name":"Startseite","item":"https:\/\/frontaliers-grandest.eu\/de\/"},{"@type":"ListItem","position":2,"name":"Fremdsprachen Lernen","item":"https:\/\/frontaliers-grandest.eu\/de\/startseite\/fremdsprachen-lernen\/"},{"@type":"ListItem","position":3,"name":"Das lernen von fremdsprachen ab dem kindesalter bis zum abitur","item":"https:\/\/frontaliers-grandest.eu\/de\/startseite\/fremdsprachen-lernen\/das-lernen-von-fremdsprachen-ab-dem-kindesalter-bis-zum-abitur\/"},{"@type":"ListItem","position":4,"name":"In Belgien","item":"https:\/\/frontaliers-grandest.eu\/de\/startseite\/fremdsprachen-lernen\/das-lernen-von-fremdsprachen-ab-dem-kindesalter-bis-zum-abitur\/in-belgien\/"},{"@type":"ListItem","position":5,"name":"Das Lernen von Fremdsprachen in Belgien"}]},{"@type":"WebSite","@id":"https:\/\/frontaliers-grandest.eu\/de\/#website","url":"https:\/\/frontaliers-grandest.eu\/de\/","name":"Frontaliers Grand Est","description":"Le site ressource du travail frontalier","publisher":{"@id":"https:\/\/frontaliers-grandest.eu\/de\/#organization"},"alternateName":"Frontaliers Grand Est","potentialAction":[{"@type":"SearchAction","target":{"@type":"EntryPoint","urlTemplate":"https:\/\/frontaliers-grandest.eu\/de\/?s={search_term_string}"},"query-input":{"@type":"PropertyValueSpecification","valueRequired":true,"valueName":"search_term_string"}}],"inLanguage":"de"},{"@type":"Organization","@id":"https:\/\/frontaliers-grandest.eu\/de\/#organization","name":"Frontaliers Grand Est","alternateName":"Frontaliers Grand Est","url":"https:\/\/frontaliers-grandest.eu\/de\/","logo":{"@type":"ImageObject","inLanguage":"de","@id":"https:\/\/frontaliers-grandest.eu\/de\/#\/schema\/logo\/image\/","url":"https:\/\/frontaliers-grandest.eu\/wp-content\/uploads\/2025\/07\/260328234_2966785176920310_3332838526503858160_n.jpg","contentUrl":"https:\/\/frontaliers-grandest.eu\/wp-content\/uploads\/2025\/07\/260328234_2966785176920310_3332838526503858160_n.jpg","width":396,"height":396,"caption":"Frontaliers Grand Est"},"image":{"@id":"https:\/\/frontaliers-grandest.eu\/de\/#\/schema\/logo\/image\/"},"sameAs":["https:\/\/www.facebook.com\/frontaliers.GR.EST\/?locale=fr_FR"]}]}},"frge_page_order":0,"_links":{"self":[{"href":"https:\/\/frontaliers-grandest.eu\/de\/wp-json\/wp\/v2\/pages\/6748","targetHints":{"allow":["GET"]}}],"collection":[{"href":"https:\/\/frontaliers-grandest.eu\/de\/wp-json\/wp\/v2\/pages"}],"about":[{"href":"https:\/\/frontaliers-grandest.eu\/de\/wp-json\/wp\/v2\/types\/page"}],"author":[{"embeddable":true,"href":"https:\/\/frontaliers-grandest.eu\/de\/wp-json\/wp\/v2\/users\/7"}],"replies":[{"embeddable":true,"href":"https:\/\/frontaliers-grandest.eu\/de\/wp-json\/wp\/v2\/comments?post=6748"}],"version-history":[{"count":2,"href":"https:\/\/frontaliers-grandest.eu\/de\/wp-json\/wp\/v2\/pages\/6748\/revisions"}],"predecessor-version":[{"id":6751,"href":"https:\/\/frontaliers-grandest.eu\/de\/wp-json\/wp\/v2\/pages\/6748\/revisions\/6751"}],"up":[{"embeddable":true,"href":"https:\/\/frontaliers-grandest.eu\/de\/wp-json\/wp\/v2\/pages\/6746"}],"wp:attachment":[{"href":"https:\/\/frontaliers-grandest.eu\/de\/wp-json\/wp\/v2\/media?parent=6748"}],"wp:term":[{"taxonomy":"post_tag","embeddable":true,"href":"https:\/\/frontaliers-grandest.eu\/de\/wp-json\/wp\/v2\/tags?post=6748"},{"taxonomy":"frge_profile","embeddable":true,"href":"https:\/\/frontaliers-grandest.eu\/de\/wp-json\/wp\/v2\/frge_profile?post=6748"}],"curies":[{"name":"wp","href":"https:\/\/api.w.org\/{rel}","templated":true}]}}