{"id":6741,"date":"2021-04-27T11:07:33","date_gmt":"2021-04-27T09:07:33","guid":{"rendered":"https:\/\/frontaliers-grandest.eu\/?page_id=6741"},"modified":"2021-05-04T11:53:02","modified_gmt":"2021-05-04T09:53:02","slug":"in-der-grundschule","status":"publish","type":"page","link":"https:\/\/frontaliers-grandest.eu\/de\/startseite\/fremdsprachen-lernen\/das-lernen-von-fremdsprachen-ab-dem-kindesalter-bis-zum-abitur\/in-deutschland\/das-lernen-von-fremdsprachen-in-baden-wurttemberg\/in-der-grundschule\/","title":{"rendered":"In der Grundschule"},"content":{"rendered":"\n<h5 class=\"wp-block-heading\"><strong>Fremdsprachen in der Grundschule<\/strong><\/h5>\n\n\n\n<p>In Baden-W\u00fcrttemberg wird ab der 1. Grundschulklasse (6 Jahre) verpflichtend eine Fremdsprache mit zwei Wochenstunden unterrichtet.&nbsp;<strong>Am Oberrhein nahe der franz\u00f6sischen Grenze handelt es sich dabei um Franz\u00f6sisch<\/strong>. Im \u00fcbrigen Baden-W\u00fcrttemberg ist die erste lebende Fremdsprache Englisch.<\/p>\n\n\n\n<p>In der 1. und 2. Klasse liegt der Schwerpunkt auf dem H\u00f6rverst\u00e4ndnis. In der 3. und 4. Klasse liegt die Betonung st\u00e4rker auf dem Schreiben und Lesen. Besch\u00e4ftigung mit der Kultur des Nachbarlandes wie bereits in den Kinderg\u00e4rten (gemeinsame Ausfl\u00fcge, Treffen).<\/p>\n\n\n\n<h5 class=\"wp-block-heading\"><strong>Die bilingualen deutsch-franz\u00f6sischen Zweige: integrierte zweisprachige Zweige und parit\u00e4tisch zweisprachige Zweige<\/strong><\/h5>\n\n\n\n<ul class=\"wp-block-list\"><li><strong>Die integrierten zweisprachigen Zweige<\/strong><br>Die Grundschulen k\u00f6nnen Profile einf\u00fchren, in denen die franz\u00f6sische Sprache in bestimmte F\u00e4cher integriert wird&nbsp;(Mathematik, Sport, Sprachunterricht, Kunst\/Werken). Die Sch\u00fcler haben zwischen 6 und 10 Stunden Unterricht auf Franz\u00f6sisch.<\/li><li><strong>Falkenhausenschule&nbsp;(Kehl)<\/strong><br>Die Schule hat einen integrierten zweisprachigen Zweig, in den Kinder aus Kehl und Stra\u00dfburg aufgenommen werden k\u00f6nnen. Er ist Kindern vorbehalten, die zweisprachig aufwachsen.<br><a href=\"https:\/\/falkenhausenschule.de\/wp-falkenhausen\" target=\"_blank\" rel=\"noreferrer noopener\">https:\/\/falkenhausenschule.de\/wp-falkenhausen<\/a><\/li><li><strong>Die parit\u00e4tisch zweisprachigen Zweige<\/strong><br>Dieses Profil orientiert sich an den bilingualen \u201e13\/13 Klassen\u201c im Elsass, in denen auf jede Sprache (Deutsch und Franz\u00f6sisch) 13 Stunden entfallen.<\/li><li><strong>Grundschule Kehl-Sundheim<\/strong><br>Parit\u00e4tisch deutsch-franz\u00f6sisches Profil.<br>Die Schule bietet eine Ganztagesbetreuung.<\/li><\/ul>\n","protected":false},"excerpt":{"rendered":"<p>Fremdsprachen in der Grundschule In Baden-W\u00fcrttemberg wird ab der 1. Grundschulklasse (6 Jahre) verpflichtend eine Fremdsprache mit zwei Wochenstunden unterrichtet.&nbsp;Am Oberrhein nahe der franz\u00f6sischen Grenze handelt es sich dabei um Franz\u00f6sisch. Im \u00fcbrigen Baden-W\u00fcrttemberg ist die erste lebende Fremdsprache Englisch. In der 1. und 2. Klasse liegt der Schwerpunkt auf dem H\u00f6rverst\u00e4ndnis. In der 3. [&hellip;]<\/p>\n","protected":false},"author":7,"featured_media":0,"parent":6737,"menu_order":1,"comment_status":"closed","ping_status":"closed","template":"","meta":{"inline_featured_image":false,"footnotes":""},"tags":[],"frge_profile":[],"class_list":["post-6741","page","type-page","status-publish","hentry"],"yoast_head":"<!-- This site is optimized with the Yoast SEO plugin v27.1.1 - https:\/\/yoast.com\/product\/yoast-seo-wordpress\/ -->\n<title>In der Grundschule - Frontaliers Grand Est<\/title>\n<meta name=\"robots\" content=\"index, follow, max-snippet:-1, max-image-preview:large, max-video-preview:-1\" \/>\n<link rel=\"canonical\" href=\"https:\/\/frontaliers-grandest.eu\/de\/startseite\/fremdsprachen-lernen\/das-lernen-von-fremdsprachen-ab-dem-kindesalter-bis-zum-abitur\/in-deutschland\/das-lernen-von-fremdsprachen-in-baden-wurttemberg\/in-der-grundschule\/\" \/>\n<meta property=\"og:locale\" content=\"de_DE\" \/>\n<meta property=\"og:type\" content=\"article\" \/>\n<meta property=\"og:title\" content=\"In der Grundschule - Frontaliers Grand Est\" \/>\n<meta property=\"og:description\" content=\"Fremdsprachen in der Grundschule In Baden-W\u00fcrttemberg wird ab der 1. Grundschulklasse (6 Jahre) verpflichtend eine Fremdsprache mit zwei Wochenstunden unterrichtet.&nbsp;Am Oberrhein nahe der franz\u00f6sischen Grenze handelt es sich dabei um Franz\u00f6sisch. Im \u00fcbrigen Baden-W\u00fcrttemberg ist die erste lebende Fremdsprache Englisch. In der 1. und 2. Klasse liegt der Schwerpunkt auf dem H\u00f6rverst\u00e4ndnis. In der 3. [&hellip;]\" \/>\n<meta property=\"og:url\" content=\"https:\/\/frontaliers-grandest.eu\/de\/startseite\/fremdsprachen-lernen\/das-lernen-von-fremdsprachen-ab-dem-kindesalter-bis-zum-abitur\/in-deutschland\/das-lernen-von-fremdsprachen-in-baden-wurttemberg\/in-der-grundschule\/\" \/>\n<meta property=\"og:site_name\" content=\"Frontaliers Grand Est\" \/>\n<meta property=\"article:publisher\" content=\"https:\/\/www.facebook.com\/frontaliers.GR.EST\/?locale=fr_FR\" \/>\n<meta property=\"article:modified_time\" content=\"2021-05-04T09:53:02+00:00\" \/>\n<meta name=\"twitter:card\" content=\"summary_large_image\" \/>\n<meta name=\"twitter:label1\" content=\"Gesch\u00e4tzte Lesezeit\" \/>\n\t<meta name=\"twitter:data1\" content=\"1\u00a0Minute\" \/>\n<script type=\"application\/ld+json\" class=\"yoast-schema-graph\">{\"@context\":\"https:\/\/schema.org\",\"@graph\":[{\"@type\":\"WebPage\",\"@id\":\"https:\/\/frontaliers-grandest.eu\/de\/startseite\/fremdsprachen-lernen\/das-lernen-von-fremdsprachen-ab-dem-kindesalter-bis-zum-abitur\/in-deutschland\/das-lernen-von-fremdsprachen-in-baden-wurttemberg\/in-der-grundschule\/\",\"url\":\"https:\/\/frontaliers-grandest.eu\/de\/startseite\/fremdsprachen-lernen\/das-lernen-von-fremdsprachen-ab-dem-kindesalter-bis-zum-abitur\/in-deutschland\/das-lernen-von-fremdsprachen-in-baden-wurttemberg\/in-der-grundschule\/\",\"name\":\"In der Grundschule - Frontaliers Grand Est\",\"isPartOf\":{\"@id\":\"https:\/\/frontaliers-grandest.eu\/de\/#website\"},\"datePublished\":\"2021-04-27T09:07:33+00:00\",\"dateModified\":\"2021-05-04T09:53:02+00:00\",\"breadcrumb\":{\"@id\":\"https:\/\/frontaliers-grandest.eu\/de\/startseite\/fremdsprachen-lernen\/das-lernen-von-fremdsprachen-ab-dem-kindesalter-bis-zum-abitur\/in-deutschland\/das-lernen-von-fremdsprachen-in-baden-wurttemberg\/in-der-grundschule\/#breadcrumb\"},\"inLanguage\":\"de\",\"potentialAction\":[{\"@type\":\"ReadAction\",\"target\":[\"https:\/\/frontaliers-grandest.eu\/de\/startseite\/fremdsprachen-lernen\/das-lernen-von-fremdsprachen-ab-dem-kindesalter-bis-zum-abitur\/in-deutschland\/das-lernen-von-fremdsprachen-in-baden-wurttemberg\/in-der-grundschule\/\"]}]},{\"@type\":\"BreadcrumbList\",\"@id\":\"https:\/\/frontaliers-grandest.eu\/de\/startseite\/fremdsprachen-lernen\/das-lernen-von-fremdsprachen-ab-dem-kindesalter-bis-zum-abitur\/in-deutschland\/das-lernen-von-fremdsprachen-in-baden-wurttemberg\/in-der-grundschule\/#breadcrumb\",\"itemListElement\":[{\"@type\":\"ListItem\",\"position\":1,\"name\":\"Startseite\",\"item\":\"https:\/\/frontaliers-grandest.eu\/de\/\"},{\"@type\":\"ListItem\",\"position\":2,\"name\":\"Fremdsprachen Lernen\",\"item\":\"https:\/\/frontaliers-grandest.eu\/de\/startseite\/fremdsprachen-lernen\/\"},{\"@type\":\"ListItem\",\"position\":3,\"name\":\"Das lernen von fremdsprachen ab dem kindesalter bis zum abitur\",\"item\":\"https:\/\/frontaliers-grandest.eu\/de\/startseite\/fremdsprachen-lernen\/das-lernen-von-fremdsprachen-ab-dem-kindesalter-bis-zum-abitur\/\"},{\"@type\":\"ListItem\",\"position\":4,\"name\":\"In Deutschland\",\"item\":\"https:\/\/frontaliers-grandest.eu\/de\/startseite\/fremdsprachen-lernen\/das-lernen-von-fremdsprachen-ab-dem-kindesalter-bis-zum-abitur\/in-deutschland\/\"},{\"@type\":\"ListItem\",\"position\":5,\"name\":\"Das Lernen von Fremdsprachen in Baden-W\u00fcrttemberg\",\"item\":\"https:\/\/frontaliers-grandest.eu\/de\/startseite\/fremdsprachen-lernen\/das-lernen-von-fremdsprachen-ab-dem-kindesalter-bis-zum-abitur\/in-deutschland\/das-lernen-von-fremdsprachen-in-baden-wurttemberg\/\"},{\"@type\":\"ListItem\",\"position\":6,\"name\":\"In der Grundschule\"}]},{\"@type\":\"WebSite\",\"@id\":\"https:\/\/frontaliers-grandest.eu\/de\/#website\",\"url\":\"https:\/\/frontaliers-grandest.eu\/de\/\",\"name\":\"Frontaliers Grand Est\",\"description\":\"Le site ressource du travail frontalier\",\"publisher\":{\"@id\":\"https:\/\/frontaliers-grandest.eu\/de\/#organization\"},\"alternateName\":\"Frontaliers Grand Est\",\"potentialAction\":[{\"@type\":\"SearchAction\",\"target\":{\"@type\":\"EntryPoint\",\"urlTemplate\":\"https:\/\/frontaliers-grandest.eu\/de\/?s={search_term_string}\"},\"query-input\":{\"@type\":\"PropertyValueSpecification\",\"valueRequired\":true,\"valueName\":\"search_term_string\"}}],\"inLanguage\":\"de\"},{\"@type\":\"Organization\",\"@id\":\"https:\/\/frontaliers-grandest.eu\/de\/#organization\",\"name\":\"Frontaliers Grand Est\",\"alternateName\":\"Frontaliers Grand Est\",\"url\":\"https:\/\/frontaliers-grandest.eu\/de\/\",\"logo\":{\"@type\":\"ImageObject\",\"inLanguage\":\"de\",\"@id\":\"https:\/\/frontaliers-grandest.eu\/de\/#\/schema\/logo\/image\/\",\"url\":\"https:\/\/frontaliers-grandest.eu\/wp-content\/uploads\/2025\/07\/260328234_2966785176920310_3332838526503858160_n.jpg\",\"contentUrl\":\"https:\/\/frontaliers-grandest.eu\/wp-content\/uploads\/2025\/07\/260328234_2966785176920310_3332838526503858160_n.jpg\",\"width\":396,\"height\":396,\"caption\":\"Frontaliers Grand Est\"},\"image\":{\"@id\":\"https:\/\/frontaliers-grandest.eu\/de\/#\/schema\/logo\/image\/\"},\"sameAs\":[\"https:\/\/www.facebook.com\/frontaliers.GR.EST\/?locale=fr_FR\"]}]}<\/script>\n<!-- \/ Yoast SEO plugin. -->","yoast_head_json":{"title":"In der Grundschule - Frontaliers Grand Est","robots":{"index":"index","follow":"follow","max-snippet":"max-snippet:-1","max-image-preview":"max-image-preview:large","max-video-preview":"max-video-preview:-1"},"canonical":"https:\/\/frontaliers-grandest.eu\/de\/startseite\/fremdsprachen-lernen\/das-lernen-von-fremdsprachen-ab-dem-kindesalter-bis-zum-abitur\/in-deutschland\/das-lernen-von-fremdsprachen-in-baden-wurttemberg\/in-der-grundschule\/","og_locale":"de_DE","og_type":"article","og_title":"In der Grundschule - Frontaliers Grand Est","og_description":"Fremdsprachen in der Grundschule In Baden-W\u00fcrttemberg wird ab der 1. Grundschulklasse (6 Jahre) verpflichtend eine Fremdsprache mit zwei Wochenstunden unterrichtet.&nbsp;Am Oberrhein nahe der franz\u00f6sischen Grenze handelt es sich dabei um Franz\u00f6sisch. Im \u00fcbrigen Baden-W\u00fcrttemberg ist die erste lebende Fremdsprache Englisch. In der 1. und 2. Klasse liegt der Schwerpunkt auf dem H\u00f6rverst\u00e4ndnis. In der 3. [&hellip;]","og_url":"https:\/\/frontaliers-grandest.eu\/de\/startseite\/fremdsprachen-lernen\/das-lernen-von-fremdsprachen-ab-dem-kindesalter-bis-zum-abitur\/in-deutschland\/das-lernen-von-fremdsprachen-in-baden-wurttemberg\/in-der-grundschule\/","og_site_name":"Frontaliers Grand Est","article_publisher":"https:\/\/www.facebook.com\/frontaliers.GR.EST\/?locale=fr_FR","article_modified_time":"2021-05-04T09:53:02+00:00","twitter_card":"summary_large_image","twitter_misc":{"Gesch\u00e4tzte Lesezeit":"1\u00a0Minute"},"schema":{"@context":"https:\/\/schema.org","@graph":[{"@type":"WebPage","@id":"https:\/\/frontaliers-grandest.eu\/de\/startseite\/fremdsprachen-lernen\/das-lernen-von-fremdsprachen-ab-dem-kindesalter-bis-zum-abitur\/in-deutschland\/das-lernen-von-fremdsprachen-in-baden-wurttemberg\/in-der-grundschule\/","url":"https:\/\/frontaliers-grandest.eu\/de\/startseite\/fremdsprachen-lernen\/das-lernen-von-fremdsprachen-ab-dem-kindesalter-bis-zum-abitur\/in-deutschland\/das-lernen-von-fremdsprachen-in-baden-wurttemberg\/in-der-grundschule\/","name":"In der Grundschule - Frontaliers Grand Est","isPartOf":{"@id":"https:\/\/frontaliers-grandest.eu\/de\/#website"},"datePublished":"2021-04-27T09:07:33+00:00","dateModified":"2021-05-04T09:53:02+00:00","breadcrumb":{"@id":"https:\/\/frontaliers-grandest.eu\/de\/startseite\/fremdsprachen-lernen\/das-lernen-von-fremdsprachen-ab-dem-kindesalter-bis-zum-abitur\/in-deutschland\/das-lernen-von-fremdsprachen-in-baden-wurttemberg\/in-der-grundschule\/#breadcrumb"},"inLanguage":"de","potentialAction":[{"@type":"ReadAction","target":["https:\/\/frontaliers-grandest.eu\/de\/startseite\/fremdsprachen-lernen\/das-lernen-von-fremdsprachen-ab-dem-kindesalter-bis-zum-abitur\/in-deutschland\/das-lernen-von-fremdsprachen-in-baden-wurttemberg\/in-der-grundschule\/"]}]},{"@type":"BreadcrumbList","@id":"https:\/\/frontaliers-grandest.eu\/de\/startseite\/fremdsprachen-lernen\/das-lernen-von-fremdsprachen-ab-dem-kindesalter-bis-zum-abitur\/in-deutschland\/das-lernen-von-fremdsprachen-in-baden-wurttemberg\/in-der-grundschule\/#breadcrumb","itemListElement":[{"@type":"ListItem","position":1,"name":"Startseite","item":"https:\/\/frontaliers-grandest.eu\/de\/"},{"@type":"ListItem","position":2,"name":"Fremdsprachen Lernen","item":"https:\/\/frontaliers-grandest.eu\/de\/startseite\/fremdsprachen-lernen\/"},{"@type":"ListItem","position":3,"name":"Das lernen von fremdsprachen ab dem kindesalter bis zum abitur","item":"https:\/\/frontaliers-grandest.eu\/de\/startseite\/fremdsprachen-lernen\/das-lernen-von-fremdsprachen-ab-dem-kindesalter-bis-zum-abitur\/"},{"@type":"ListItem","position":4,"name":"In Deutschland","item":"https:\/\/frontaliers-grandest.eu\/de\/startseite\/fremdsprachen-lernen\/das-lernen-von-fremdsprachen-ab-dem-kindesalter-bis-zum-abitur\/in-deutschland\/"},{"@type":"ListItem","position":5,"name":"Das Lernen von Fremdsprachen in Baden-W\u00fcrttemberg","item":"https:\/\/frontaliers-grandest.eu\/de\/startseite\/fremdsprachen-lernen\/das-lernen-von-fremdsprachen-ab-dem-kindesalter-bis-zum-abitur\/in-deutschland\/das-lernen-von-fremdsprachen-in-baden-wurttemberg\/"},{"@type":"ListItem","position":6,"name":"In der Grundschule"}]},{"@type":"WebSite","@id":"https:\/\/frontaliers-grandest.eu\/de\/#website","url":"https:\/\/frontaliers-grandest.eu\/de\/","name":"Frontaliers Grand Est","description":"Le site ressource du travail frontalier","publisher":{"@id":"https:\/\/frontaliers-grandest.eu\/de\/#organization"},"alternateName":"Frontaliers Grand Est","potentialAction":[{"@type":"SearchAction","target":{"@type":"EntryPoint","urlTemplate":"https:\/\/frontaliers-grandest.eu\/de\/?s={search_term_string}"},"query-input":{"@type":"PropertyValueSpecification","valueRequired":true,"valueName":"search_term_string"}}],"inLanguage":"de"},{"@type":"Organization","@id":"https:\/\/frontaliers-grandest.eu\/de\/#organization","name":"Frontaliers Grand Est","alternateName":"Frontaliers Grand Est","url":"https:\/\/frontaliers-grandest.eu\/de\/","logo":{"@type":"ImageObject","inLanguage":"de","@id":"https:\/\/frontaliers-grandest.eu\/de\/#\/schema\/logo\/image\/","url":"https:\/\/frontaliers-grandest.eu\/wp-content\/uploads\/2025\/07\/260328234_2966785176920310_3332838526503858160_n.jpg","contentUrl":"https:\/\/frontaliers-grandest.eu\/wp-content\/uploads\/2025\/07\/260328234_2966785176920310_3332838526503858160_n.jpg","width":396,"height":396,"caption":"Frontaliers Grand Est"},"image":{"@id":"https:\/\/frontaliers-grandest.eu\/de\/#\/schema\/logo\/image\/"},"sameAs":["https:\/\/www.facebook.com\/frontaliers.GR.EST\/?locale=fr_FR"]}]}},"frge_page_order":0,"_links":{"self":[{"href":"https:\/\/frontaliers-grandest.eu\/de\/wp-json\/wp\/v2\/pages\/6741","targetHints":{"allow":["GET"]}}],"collection":[{"href":"https:\/\/frontaliers-grandest.eu\/de\/wp-json\/wp\/v2\/pages"}],"about":[{"href":"https:\/\/frontaliers-grandest.eu\/de\/wp-json\/wp\/v2\/types\/page"}],"author":[{"embeddable":true,"href":"https:\/\/frontaliers-grandest.eu\/de\/wp-json\/wp\/v2\/users\/7"}],"replies":[{"embeddable":true,"href":"https:\/\/frontaliers-grandest.eu\/de\/wp-json\/wp\/v2\/comments?post=6741"}],"version-history":[{"count":2,"href":"https:\/\/frontaliers-grandest.eu\/de\/wp-json\/wp\/v2\/pages\/6741\/revisions"}],"predecessor-version":[{"id":7016,"href":"https:\/\/frontaliers-grandest.eu\/de\/wp-json\/wp\/v2\/pages\/6741\/revisions\/7016"}],"up":[{"embeddable":true,"href":"https:\/\/frontaliers-grandest.eu\/de\/wp-json\/wp\/v2\/pages\/6737"}],"wp:attachment":[{"href":"https:\/\/frontaliers-grandest.eu\/de\/wp-json\/wp\/v2\/media?parent=6741"}],"wp:term":[{"taxonomy":"post_tag","embeddable":true,"href":"https:\/\/frontaliers-grandest.eu\/de\/wp-json\/wp\/v2\/tags?post=6741"},{"taxonomy":"frge_profile","embeddable":true,"href":"https:\/\/frontaliers-grandest.eu\/de\/wp-json\/wp\/v2\/frge_profile?post=6741"}],"curies":[{"name":"wp","href":"https:\/\/api.w.org\/{rel}","templated":true}]}}