{"id":6739,"date":"2021-04-27T11:04:18","date_gmt":"2021-04-27T09:04:18","guid":{"rendered":"https:\/\/frontaliers-grandest.eu\/?page_id=6739"},"modified":"2021-05-04T11:51:43","modified_gmt":"2021-05-04T09:51:43","slug":"in-der-fruhen-kindheit","status":"publish","type":"page","link":"https:\/\/frontaliers-grandest.eu\/de\/startseite\/fremdsprachen-lernen\/das-lernen-von-fremdsprachen-ab-dem-kindesalter-bis-zum-abitur\/in-deutschland\/das-lernen-von-fremdsprachen-in-baden-wurttemberg\/in-der-fruhen-kindheit\/","title":{"rendered":"In der fr\u00fchen Kindheit"},"content":{"rendered":"\n<h3 class=\"wp-block-heading\"><strong>Die Sprachf\u00f6rderung im vorschulischen Bereich in Baden-W\u00fcrttemberg<\/strong><\/h3>\n\n\n\n<p>Das Tagesbetreuungsausbaugesetz (TAG), das am 01.01.2005 in Kraft trat, erm\u00f6glichte die Schaffung zahlreicher neuer Betreuungsstrukturen und f\u00f6rdert zudem die Chancengleichheit durch fr\u00fchkindliche Bildung. Mit diesem Gesetz wurde das Recht auf einen Kindergartenplatz und auf Ganztagesbetreuung (statt nur am Vormittag) eingef\u00fchrt.<\/p>\n\n\n\n<h4 class=\"wp-block-heading\"><strong>Deutsch lernen ab dem fr\u00fchen Kindesalter<\/strong><\/h4>\n\n\n\n<p>Es wurden Instrumente eingef\u00fchrt, um die Betreuung von ausl\u00e4ndischen Mitb\u00fcrgern zu verbessern, die Unterst\u00fctzungsbedarf beim Lernen der deutschen Sprache haben. Diese F\u00f6rderma\u00dfnahmen richten sich an Kinder mit schlechten oder gar nicht vorhandenen Deutschkenntnissen.<\/p>\n\n\n\n<h5 class=\"has-darkbleu-color has-text-color wp-block-heading\"><strong>Sprachf\u00f6rderung in allen Tageseinrichtungen f\u00fcr Kinder mit Zusatzbedarf (SPATZ)<\/strong><\/h5>\n\n\n\n<p>Kinder ab dem dritten Lebensjahr, die z. B. aufgrund dessen, dass sie nicht deutschsprachig sind, einen zus\u00e4tzlichen F\u00f6rderbedarf im sprachlichen Bereich haben, k\u00f6nnen in allen Tagesbetreuungseinrichtungen eine besondere Sprachf\u00f6rderung erhalten. F\u00fcr besondere Sprachf\u00f6rderma\u00dfnahmen erhalten die Einrichtungen einen Zuschuss (2.200 \u20ac pro Einrichtung auf Antrag bei der vom Kultusministerium beauftragten Landesbank Baden-W\u00fcrttemberg).<\/p>\n\n\n\n<h5 class=\"has-darkbleu-color has-text-color wp-block-heading\"><strong>Intensive Sprachf\u00f6rderung im Kindergarten (ISF)<\/strong><\/h5>\n\n\n\n<p>Diese Ma\u00dfnahme richtet sich an Kinder ab 2 Jahren und 7 Monaten bis zum Schuleintritt und bietet eine individuelle F\u00f6rderung ab dem fr\u00fchen Kindesalter, die 120 Stunden pro Jahr umfasst und von qualifizierten Fachkr\u00e4ften \u00fcbernommen wird.<\/p>\n\n\n\n<h4 class=\"wp-block-heading\"><strong>Die einzelnen Betreuungseinrichtungen im vorschulischen Bereich<\/strong><\/h4>\n\n\n\n<h5 class=\"wp-block-heading\"><strong>Das deutsche System zeichnet sich durch eine gro\u00dfe Bandbreite an Kinderbetreuungseinrichtungen aus:<\/strong><\/h5>\n\n\n\n<ol class=\"wp-block-list\"><li><strong>Kinderkrippen <\/strong>betreuen Kinder zwischen 2 Monaten und 3 Jahren.<\/li><li><strong>Kinderg\u00e4rten<\/strong>, die in etwa den franz\u00f6sischen \u201e\u00c9coles maternelles\u201c entsprechen, nehmen Kinder zwischen 3 und 6 Jahren auf. Sie sind jedoch kostenpflichtig und nicht Teil des deutschen Schulsystems. Teilweise handelt es sich um Kinderg\u00e4rten in kirchlicher Tr\u00e4gerschaft (evangelisch oder katholisch).<\/li><li><strong>In Kindertagesst\u00e4tten <\/strong>(Kitas) werden Kinder unterschiedlichen Alters betreut \u2013 h\u00e4ufig ab 1 oder 2 Jahren (teilweise bereits ab 2 Monaten) und bis zum Alter von 6 Jahren.<\/li><\/ol>\n\n\n\n<h4 class=\"wp-block-heading\"><strong>Bilinguale Betreuungseinrichtungen im vorschulischen Bereich im Grenzgebiet Baden-W\u00fcrttembergs<\/strong><\/h4>\n\n\n\n<p>Das fr\u00fche Lernen einer zweiten Sprache wird gef\u00f6rdert, da es bei sehr jungen Kindern die kognitive Entwicklung anregt und das Sprachverst\u00e4ndnis ganz allgemein verbessert. Unterrichtsangebote f\u00fcr eine zweite Sprache (hier vor allem Franz\u00f6sisch) sind teilweise kostenpflichtig (rund 10 \u20ac pro Monat).<br>Die bilingualen Einrichtungen verfolgen allesamt mehrere p\u00e4dagogische Konzepte:<\/p>\n\n\n\n<ul class=\"wp-block-list\"><li><strong>Immersionsprinzip<\/strong>: Jeder Erzieher\/jede Erzieherin, ob deutsch oder franz\u00f6sisch, spricht nur eine Sprache (eine Person, eine Sprache). Das Kind assoziiert ein Wort mit einer Person und einer Situation.&nbsp;<\/li><li><strong>Interkultureller Austausch<\/strong>: Das Lernen der Fremdsprache ist nicht nur auf sprachliche Aspekte ausgerichtet, sondern durch Kontakte zu franz\u00f6sischen Kindern und Partnerschaften zwischen den Einrichtungen auch auf die Kultur des anderen Landes.<\/li><li><strong>Offene Arbeit als p\u00e4dagogisches Konzept<\/strong>&nbsp;(in einigen Einrichtungen):&nbsp;Das Kind entscheidet ohne vorgegebene Abl\u00e4ufe selbst, was es tun will.<\/li><\/ul>\n\n\n\n<h5 class=\"wp-block-heading\"><strong>Das Label \u201eElys\u00e9e 2020\u201c<\/strong><\/h5>\n\n\n\n<p>Einige deutsch-franz\u00f6sische Kinderbetreuungseinrichtungen auf beiden Seiten der Grenze (Kitas in Deutschland und \u00c9coles maternelles in Frankreich) wurden mit dem Qualit\u00e4tslabel \u201eElys\u00e9e 2020\u201c ausgezeichnet.<br>F\u00fcr diese Einrichtungen gilt eine deutsch-franz\u00f6sische Qualit\u00e4tscharta.&nbsp;Ziel ist es, neben der Sprache des jeweiligen Schulsystems (Deutsch in Deutschland und Franz\u00f6sisch in Frankreich) die regelm\u00e4\u00dfige Verwendung der Sprache des Partnerlandes als Kommunikationssprache zwischen Erwachsenen und Kindern durch Immersion zu erreichen.<\/p>\n\n\n\n<p>Link zur Liste der Elys\u00e9e-2020-Kitas in Baden-W\u00fcrttemberg:&nbsp;<a href=\"https:\/\/www.institutfrancais.de\/sites\/default\/files\/Federal\/liste_elysee_kitas_in_deutschland_2014-2016_-_copie.pdf\" target=\"_blank\" rel=\"noreferrer noopener\">https:\/\/www.institutfrancais.de\/sites\/default\/files\/Federal\/liste_elysee_kitas_in_deutschland_2014-2016_-_copie.pdf<\/a><\/p>\n\n\n\n<h5 class=\"wp-block-heading\"><strong><strong>Bilinguale Betreuungseinrichtungen f\u00fcr Kinder<\/strong><\/strong><\/h5>\n\n\n\n<p>Die Betreuungseinrichtungen entlang der Rheinschiene an der els\u00e4ssischen Grenze sind zumeist deutsch-franz\u00f6sisch, es gibt jedoch auch deutsch-englische Einrichtungen. Die Betreuungseinrichtungen pflegen Kontakte zu den \u00c9coles maternelles im Elsass (Austausch von Personal, Treffen) und sorgen f\u00fcr einen reibungslosen \u00dcbergang zwischen Kindergarten und Grundschule. Das Personal ist zweisprachig.<\/p>\n\n\n\n<h5 class=\"wp-block-heading\"><strong><strong>Liste der Einrichtungen (nicht vollst\u00e4ndig)<\/strong><\/strong><\/h5>\n\n\n\n<ul class=\"wp-block-list\"><li><strong><strong>Baden-W\u00fcrttemberg Nord<\/strong><\/strong><ul><li><strong><strong>Kindergarten \u201eLe petit Prince\u201c&nbsp;(Baden-Baden)<\/strong><\/strong><br>Deutsch-franz\u00f6sischer Kindergarten (Label Elys\u00e9e 2020). Kontakte zur \u00c9cole maternelle \u201eLa Capucine\u201c in Seltz im Elsass, die ebenfalls ein bilinguales Konzept verfolgt. Weiterf\u00fchrung des Konzepts in einer bilingualen Klasse an der Grundschule Baden-Oos.<br><a href=\"http:\/\/awo-baden-baden.de\/kinder-jugendliche\/deutsch-franzoesischer-kindergarten\/\" target=\"_blank\" rel=\"noreferrer noopener\">http:\/\/awo-baden-baden.de\/kinder-jugendliche\/deutsch-franzoesischer-kindergarten\/<\/a><\/li><li><strong><strong>Kath. Kindergarten St. Michael&nbsp;(Rastatt-Wintersdorf)<\/strong><\/strong><br>Mehrere Gruppen: 1 Gruppe f\u00fcr Kinder zwischen 1 und 3 Jahren, 3 Gruppen f\u00fcr Kinder ab 2 Jahren bis zum Schuleintritt, 1 Ganztagesgruppe f\u00fcr Kinder ab 2 Jahren bis zum Schuleintritt. Deutsch und Franz\u00f6sisch werden nach dem Immersionsprinzip gelernt.<\/li><li><strong><strong>Kindertagest\u00e4tte Kleine Riesen&nbsp;(Esslingen)<\/strong><\/strong><br>Bilinguale deutsch-englische Kindertagesst\u00e4tte in privater Tr\u00e4gerschaft (Unternehmen, das Einrichtungen in 14 deutschen St\u00e4dten betreibt).<br>Alle Aktivit\u00e4ten werden auch auf Englisch angeboten.<br><a href=\"https:\/\/www.littlegiants.de\/en\/\" target=\"_blank\" rel=\"noreferrer noopener\">https:\/\/www.littlegiants.de\/en\/<\/a><\/li><\/ul><\/li><li><strong><strong>Baden-W\u00fcrttemberg Mitte&nbsp;(Kehl und Offenburg):<\/strong><\/strong><ul><li><strong>Kindergarten St. Joseph&nbsp;(Kehl)<\/strong><br>Bilinguale deutsch-franz\u00f6sische Kindertagesst\u00e4tte&nbsp;f\u00fcr Kinder zwischen 1 und 6 Jahren.&nbsp;Die Einrichtung geh\u00f6rt zu den \u201eElys\u00e9e 2020-Kitas\u201c. Mit Ganztagesgruppe.<br>Enge Zusammenarbeit mit der Falkenhausenschule.&nbsp;Interkultureller Austausch: Kontakte zu franz\u00f6sischen Kindern, Ausfl\u00fcge in die Oper oder die Bibliothek in Stra\u00dfburg. Kochen mit einem franz\u00f6sischen Koch.<\/li><li><strong><strong>Kindertageseinrichtung Vogesenallee&nbsp;(Kehl)<\/strong><\/strong><br>Au\u00dfenstelle: Deutsch-franz\u00f6sische Kinderkrippe\/cr\u00e8che franco-allemande in Stra\u00dfburg. Die Kinderkrippe in Stra\u00dfburg hat eine deutsche, die Kindertageseinrichtung in Kehl eine franz\u00f6sische Leiterin. Offene Arbeit als p\u00e4dagogisches Konzept. Austausch zwischen dem franz\u00f6sischen Personal in Stra\u00dfburg und dem deutschen Personal in Kehl. Veranstaltung von Festen und Treffen.&nbsp;Betreuung von Kindern zwischen 1 und 6 Jahren. Mit Ganztagesgruppe.Eine Liste der Kitas und Kinderg\u00e4rten finden Sie auf der Website der Stadt Kehl:<br><a href=\"https:\/\/www.kehl.de\/media-stadt\/docs\/kindertageseinrichtungen_kehl.pdf\" target=\"_blank\" rel=\"noreferrer noopener\">https:\/\/www.kehl.de\/media-stadt\/docs\/kindertageseinrichtungen_kehl.pdf<\/a><\/li><li><strong>Stadtteil- und Familienzentrum Oststadt (Offenburg)<\/strong><br><a href=\"http:\/\/www.kita.de\/kitas\/baden-wuerttemberg\/kehl\" target=\"_blank\" rel=\"noreferrer noopener\">http:\/\/www.kita.de\/kitas\/baden-wuerttemberg\/kehl<\/a><br>Tel. 0781 93292 11<\/li><\/ul><\/li><li><strong><strong>Baden-W\u00fcrttemberg S\u00fcd&nbsp;<\/strong><\/strong><br>Der s\u00fcdliche Teil Baden-W\u00fcrttembergs ist gepr\u00e4gt von der N\u00e4he zur Schweizer Grenze. Hier gibt es zahlreiche deutsch-englische Einrichtungen.<ul><li><strong><strong>Kita Am B\u00e4chle&nbsp;(L\u00f6rrach)<\/strong><\/strong><br>Deutsch-englische Einrichtung<br><a href=\"https:\/\/kita-am-baechle.de\/\">http:\/\/www.kita-am-baechle.de\/<\/a><\/li><li><strong><strong>ideenReich&nbsp;(Grenzach-Wyhlen)<\/strong><\/strong><br>Kindertagesst\u00e4tte des Pharmaunternehmens Roche (Basel).<br>Bilinguale deutsch-englische Kindertagesst\u00e4tte mit englischsprachigen Erziehern<br><a href=\"https:\/\/kita-ideenreich.de\/\">http:\/\/www.roche-kita-ideenreich.de\/<\/a><\/li><\/ul><\/li><\/ul>\n","protected":false},"excerpt":{"rendered":"<p>Die Sprachf\u00f6rderung im vorschulischen Bereich in Baden-W\u00fcrttemberg Das Tagesbetreuungsausbaugesetz (TAG), das am 01.01.2005 in Kraft trat, erm\u00f6glichte die Schaffung zahlreicher neuer Betreuungsstrukturen und f\u00f6rdert zudem die Chancengleichheit durch fr\u00fchkindliche Bildung. Mit diesem Gesetz wurde das Recht auf einen Kindergartenplatz und auf Ganztagesbetreuung (statt nur am Vormittag) eingef\u00fchrt. Deutsch lernen ab dem fr\u00fchen Kindesalter Es wurden [&hellip;]<\/p>\n","protected":false},"author":7,"featured_media":0,"parent":6737,"menu_order":0,"comment_status":"closed","ping_status":"closed","template":"","meta":{"inline_featured_image":false,"footnotes":""},"tags":[],"frge_profile":[],"class_list":["post-6739","page","type-page","status-publish","hentry"],"yoast_head":"<!-- This site is optimized with the Yoast SEO plugin v27.1.1 - https:\/\/yoast.com\/product\/yoast-seo-wordpress\/ -->\n<title>In der fr\u00fchen Kindheit - Frontaliers Grand Est<\/title>\n<meta name=\"robots\" content=\"index, follow, max-snippet:-1, max-image-preview:large, max-video-preview:-1\" \/>\n<link rel=\"canonical\" href=\"https:\/\/frontaliers-grandest.eu\/de\/startseite\/fremdsprachen-lernen\/das-lernen-von-fremdsprachen-ab-dem-kindesalter-bis-zum-abitur\/in-deutschland\/das-lernen-von-fremdsprachen-in-baden-wurttemberg\/in-der-fruhen-kindheit\/\" \/>\n<meta property=\"og:locale\" content=\"de_DE\" \/>\n<meta property=\"og:type\" content=\"article\" \/>\n<meta property=\"og:title\" content=\"In der fr\u00fchen Kindheit - Frontaliers Grand Est\" \/>\n<meta property=\"og:description\" content=\"Die Sprachf\u00f6rderung im vorschulischen Bereich in Baden-W\u00fcrttemberg Das Tagesbetreuungsausbaugesetz (TAG), das am 01.01.2005 in Kraft trat, erm\u00f6glichte die Schaffung zahlreicher neuer Betreuungsstrukturen und f\u00f6rdert zudem die Chancengleichheit durch fr\u00fchkindliche Bildung. Mit diesem Gesetz wurde das Recht auf einen Kindergartenplatz und auf Ganztagesbetreuung (statt nur am Vormittag) eingef\u00fchrt. Deutsch lernen ab dem fr\u00fchen Kindesalter Es wurden [&hellip;]\" \/>\n<meta property=\"og:url\" content=\"https:\/\/frontaliers-grandest.eu\/de\/startseite\/fremdsprachen-lernen\/das-lernen-von-fremdsprachen-ab-dem-kindesalter-bis-zum-abitur\/in-deutschland\/das-lernen-von-fremdsprachen-in-baden-wurttemberg\/in-der-fruhen-kindheit\/\" \/>\n<meta property=\"og:site_name\" content=\"Frontaliers Grand Est\" \/>\n<meta property=\"article:publisher\" content=\"https:\/\/www.facebook.com\/frontaliers.GR.EST\/?locale=fr_FR\" \/>\n<meta property=\"article:modified_time\" content=\"2021-05-04T09:51:43+00:00\" \/>\n<meta name=\"twitter:card\" content=\"summary_large_image\" \/>\n<meta name=\"twitter:label1\" content=\"Gesch\u00e4tzte Lesezeit\" \/>\n\t<meta name=\"twitter:data1\" content=\"4\u00a0Minuten\" \/>\n<script type=\"application\/ld+json\" class=\"yoast-schema-graph\">{\"@context\":\"https:\/\/schema.org\",\"@graph\":[{\"@type\":\"WebPage\",\"@id\":\"https:\/\/frontaliers-grandest.eu\/de\/startseite\/fremdsprachen-lernen\/das-lernen-von-fremdsprachen-ab-dem-kindesalter-bis-zum-abitur\/in-deutschland\/das-lernen-von-fremdsprachen-in-baden-wurttemberg\/in-der-fruhen-kindheit\/\",\"url\":\"https:\/\/frontaliers-grandest.eu\/de\/startseite\/fremdsprachen-lernen\/das-lernen-von-fremdsprachen-ab-dem-kindesalter-bis-zum-abitur\/in-deutschland\/das-lernen-von-fremdsprachen-in-baden-wurttemberg\/in-der-fruhen-kindheit\/\",\"name\":\"In der fr\u00fchen Kindheit - Frontaliers Grand Est\",\"isPartOf\":{\"@id\":\"https:\/\/frontaliers-grandest.eu\/de\/#website\"},\"datePublished\":\"2021-04-27T09:04:18+00:00\",\"dateModified\":\"2021-05-04T09:51:43+00:00\",\"breadcrumb\":{\"@id\":\"https:\/\/frontaliers-grandest.eu\/de\/startseite\/fremdsprachen-lernen\/das-lernen-von-fremdsprachen-ab-dem-kindesalter-bis-zum-abitur\/in-deutschland\/das-lernen-von-fremdsprachen-in-baden-wurttemberg\/in-der-fruhen-kindheit\/#breadcrumb\"},\"inLanguage\":\"de\",\"potentialAction\":[{\"@type\":\"ReadAction\",\"target\":[\"https:\/\/frontaliers-grandest.eu\/de\/startseite\/fremdsprachen-lernen\/das-lernen-von-fremdsprachen-ab-dem-kindesalter-bis-zum-abitur\/in-deutschland\/das-lernen-von-fremdsprachen-in-baden-wurttemberg\/in-der-fruhen-kindheit\/\"]}]},{\"@type\":\"BreadcrumbList\",\"@id\":\"https:\/\/frontaliers-grandest.eu\/de\/startseite\/fremdsprachen-lernen\/das-lernen-von-fremdsprachen-ab-dem-kindesalter-bis-zum-abitur\/in-deutschland\/das-lernen-von-fremdsprachen-in-baden-wurttemberg\/in-der-fruhen-kindheit\/#breadcrumb\",\"itemListElement\":[{\"@type\":\"ListItem\",\"position\":1,\"name\":\"Startseite\",\"item\":\"https:\/\/frontaliers-grandest.eu\/de\/\"},{\"@type\":\"ListItem\",\"position\":2,\"name\":\"Fremdsprachen Lernen\",\"item\":\"https:\/\/frontaliers-grandest.eu\/de\/startseite\/fremdsprachen-lernen\/\"},{\"@type\":\"ListItem\",\"position\":3,\"name\":\"Das lernen von fremdsprachen ab dem kindesalter bis zum abitur\",\"item\":\"https:\/\/frontaliers-grandest.eu\/de\/startseite\/fremdsprachen-lernen\/das-lernen-von-fremdsprachen-ab-dem-kindesalter-bis-zum-abitur\/\"},{\"@type\":\"ListItem\",\"position\":4,\"name\":\"In Deutschland\",\"item\":\"https:\/\/frontaliers-grandest.eu\/de\/startseite\/fremdsprachen-lernen\/das-lernen-von-fremdsprachen-ab-dem-kindesalter-bis-zum-abitur\/in-deutschland\/\"},{\"@type\":\"ListItem\",\"position\":5,\"name\":\"Das Lernen von Fremdsprachen in Baden-W\u00fcrttemberg\",\"item\":\"https:\/\/frontaliers-grandest.eu\/de\/startseite\/fremdsprachen-lernen\/das-lernen-von-fremdsprachen-ab-dem-kindesalter-bis-zum-abitur\/in-deutschland\/das-lernen-von-fremdsprachen-in-baden-wurttemberg\/\"},{\"@type\":\"ListItem\",\"position\":6,\"name\":\"In der fr\u00fchen Kindheit\"}]},{\"@type\":\"WebSite\",\"@id\":\"https:\/\/frontaliers-grandest.eu\/de\/#website\",\"url\":\"https:\/\/frontaliers-grandest.eu\/de\/\",\"name\":\"Frontaliers Grand Est\",\"description\":\"Le site ressource du travail frontalier\",\"publisher\":{\"@id\":\"https:\/\/frontaliers-grandest.eu\/de\/#organization\"},\"alternateName\":\"Frontaliers Grand Est\",\"potentialAction\":[{\"@type\":\"SearchAction\",\"target\":{\"@type\":\"EntryPoint\",\"urlTemplate\":\"https:\/\/frontaliers-grandest.eu\/de\/?s={search_term_string}\"},\"query-input\":{\"@type\":\"PropertyValueSpecification\",\"valueRequired\":true,\"valueName\":\"search_term_string\"}}],\"inLanguage\":\"de\"},{\"@type\":\"Organization\",\"@id\":\"https:\/\/frontaliers-grandest.eu\/de\/#organization\",\"name\":\"Frontaliers Grand Est\",\"alternateName\":\"Frontaliers Grand Est\",\"url\":\"https:\/\/frontaliers-grandest.eu\/de\/\",\"logo\":{\"@type\":\"ImageObject\",\"inLanguage\":\"de\",\"@id\":\"https:\/\/frontaliers-grandest.eu\/de\/#\/schema\/logo\/image\/\",\"url\":\"https:\/\/frontaliers-grandest.eu\/wp-content\/uploads\/2025\/07\/260328234_2966785176920310_3332838526503858160_n.jpg\",\"contentUrl\":\"https:\/\/frontaliers-grandest.eu\/wp-content\/uploads\/2025\/07\/260328234_2966785176920310_3332838526503858160_n.jpg\",\"width\":396,\"height\":396,\"caption\":\"Frontaliers Grand Est\"},\"image\":{\"@id\":\"https:\/\/frontaliers-grandest.eu\/de\/#\/schema\/logo\/image\/\"},\"sameAs\":[\"https:\/\/www.facebook.com\/frontaliers.GR.EST\/?locale=fr_FR\"]}]}<\/script>\n<!-- \/ Yoast SEO plugin. -->","yoast_head_json":{"title":"In der fr\u00fchen Kindheit - Frontaliers Grand Est","robots":{"index":"index","follow":"follow","max-snippet":"max-snippet:-1","max-image-preview":"max-image-preview:large","max-video-preview":"max-video-preview:-1"},"canonical":"https:\/\/frontaliers-grandest.eu\/de\/startseite\/fremdsprachen-lernen\/das-lernen-von-fremdsprachen-ab-dem-kindesalter-bis-zum-abitur\/in-deutschland\/das-lernen-von-fremdsprachen-in-baden-wurttemberg\/in-der-fruhen-kindheit\/","og_locale":"de_DE","og_type":"article","og_title":"In der fr\u00fchen Kindheit - Frontaliers Grand Est","og_description":"Die Sprachf\u00f6rderung im vorschulischen Bereich in Baden-W\u00fcrttemberg Das Tagesbetreuungsausbaugesetz (TAG), das am 01.01.2005 in Kraft trat, erm\u00f6glichte die Schaffung zahlreicher neuer Betreuungsstrukturen und f\u00f6rdert zudem die Chancengleichheit durch fr\u00fchkindliche Bildung. Mit diesem Gesetz wurde das Recht auf einen Kindergartenplatz und auf Ganztagesbetreuung (statt nur am Vormittag) eingef\u00fchrt. Deutsch lernen ab dem fr\u00fchen Kindesalter Es wurden [&hellip;]","og_url":"https:\/\/frontaliers-grandest.eu\/de\/startseite\/fremdsprachen-lernen\/das-lernen-von-fremdsprachen-ab-dem-kindesalter-bis-zum-abitur\/in-deutschland\/das-lernen-von-fremdsprachen-in-baden-wurttemberg\/in-der-fruhen-kindheit\/","og_site_name":"Frontaliers Grand Est","article_publisher":"https:\/\/www.facebook.com\/frontaliers.GR.EST\/?locale=fr_FR","article_modified_time":"2021-05-04T09:51:43+00:00","twitter_card":"summary_large_image","twitter_misc":{"Gesch\u00e4tzte Lesezeit":"4\u00a0Minuten"},"schema":{"@context":"https:\/\/schema.org","@graph":[{"@type":"WebPage","@id":"https:\/\/frontaliers-grandest.eu\/de\/startseite\/fremdsprachen-lernen\/das-lernen-von-fremdsprachen-ab-dem-kindesalter-bis-zum-abitur\/in-deutschland\/das-lernen-von-fremdsprachen-in-baden-wurttemberg\/in-der-fruhen-kindheit\/","url":"https:\/\/frontaliers-grandest.eu\/de\/startseite\/fremdsprachen-lernen\/das-lernen-von-fremdsprachen-ab-dem-kindesalter-bis-zum-abitur\/in-deutschland\/das-lernen-von-fremdsprachen-in-baden-wurttemberg\/in-der-fruhen-kindheit\/","name":"In der fr\u00fchen Kindheit - Frontaliers Grand Est","isPartOf":{"@id":"https:\/\/frontaliers-grandest.eu\/de\/#website"},"datePublished":"2021-04-27T09:04:18+00:00","dateModified":"2021-05-04T09:51:43+00:00","breadcrumb":{"@id":"https:\/\/frontaliers-grandest.eu\/de\/startseite\/fremdsprachen-lernen\/das-lernen-von-fremdsprachen-ab-dem-kindesalter-bis-zum-abitur\/in-deutschland\/das-lernen-von-fremdsprachen-in-baden-wurttemberg\/in-der-fruhen-kindheit\/#breadcrumb"},"inLanguage":"de","potentialAction":[{"@type":"ReadAction","target":["https:\/\/frontaliers-grandest.eu\/de\/startseite\/fremdsprachen-lernen\/das-lernen-von-fremdsprachen-ab-dem-kindesalter-bis-zum-abitur\/in-deutschland\/das-lernen-von-fremdsprachen-in-baden-wurttemberg\/in-der-fruhen-kindheit\/"]}]},{"@type":"BreadcrumbList","@id":"https:\/\/frontaliers-grandest.eu\/de\/startseite\/fremdsprachen-lernen\/das-lernen-von-fremdsprachen-ab-dem-kindesalter-bis-zum-abitur\/in-deutschland\/das-lernen-von-fremdsprachen-in-baden-wurttemberg\/in-der-fruhen-kindheit\/#breadcrumb","itemListElement":[{"@type":"ListItem","position":1,"name":"Startseite","item":"https:\/\/frontaliers-grandest.eu\/de\/"},{"@type":"ListItem","position":2,"name":"Fremdsprachen Lernen","item":"https:\/\/frontaliers-grandest.eu\/de\/startseite\/fremdsprachen-lernen\/"},{"@type":"ListItem","position":3,"name":"Das lernen von fremdsprachen ab dem kindesalter bis zum abitur","item":"https:\/\/frontaliers-grandest.eu\/de\/startseite\/fremdsprachen-lernen\/das-lernen-von-fremdsprachen-ab-dem-kindesalter-bis-zum-abitur\/"},{"@type":"ListItem","position":4,"name":"In Deutschland","item":"https:\/\/frontaliers-grandest.eu\/de\/startseite\/fremdsprachen-lernen\/das-lernen-von-fremdsprachen-ab-dem-kindesalter-bis-zum-abitur\/in-deutschland\/"},{"@type":"ListItem","position":5,"name":"Das Lernen von Fremdsprachen in Baden-W\u00fcrttemberg","item":"https:\/\/frontaliers-grandest.eu\/de\/startseite\/fremdsprachen-lernen\/das-lernen-von-fremdsprachen-ab-dem-kindesalter-bis-zum-abitur\/in-deutschland\/das-lernen-von-fremdsprachen-in-baden-wurttemberg\/"},{"@type":"ListItem","position":6,"name":"In der fr\u00fchen Kindheit"}]},{"@type":"WebSite","@id":"https:\/\/frontaliers-grandest.eu\/de\/#website","url":"https:\/\/frontaliers-grandest.eu\/de\/","name":"Frontaliers Grand Est","description":"Le site ressource du travail frontalier","publisher":{"@id":"https:\/\/frontaliers-grandest.eu\/de\/#organization"},"alternateName":"Frontaliers Grand Est","potentialAction":[{"@type":"SearchAction","target":{"@type":"EntryPoint","urlTemplate":"https:\/\/frontaliers-grandest.eu\/de\/?s={search_term_string}"},"query-input":{"@type":"PropertyValueSpecification","valueRequired":true,"valueName":"search_term_string"}}],"inLanguage":"de"},{"@type":"Organization","@id":"https:\/\/frontaliers-grandest.eu\/de\/#organization","name":"Frontaliers Grand Est","alternateName":"Frontaliers Grand Est","url":"https:\/\/frontaliers-grandest.eu\/de\/","logo":{"@type":"ImageObject","inLanguage":"de","@id":"https:\/\/frontaliers-grandest.eu\/de\/#\/schema\/logo\/image\/","url":"https:\/\/frontaliers-grandest.eu\/wp-content\/uploads\/2025\/07\/260328234_2966785176920310_3332838526503858160_n.jpg","contentUrl":"https:\/\/frontaliers-grandest.eu\/wp-content\/uploads\/2025\/07\/260328234_2966785176920310_3332838526503858160_n.jpg","width":396,"height":396,"caption":"Frontaliers Grand Est"},"image":{"@id":"https:\/\/frontaliers-grandest.eu\/de\/#\/schema\/logo\/image\/"},"sameAs":["https:\/\/www.facebook.com\/frontaliers.GR.EST\/?locale=fr_FR"]}]}},"frge_page_order":0,"_links":{"self":[{"href":"https:\/\/frontaliers-grandest.eu\/de\/wp-json\/wp\/v2\/pages\/6739","targetHints":{"allow":["GET"]}}],"collection":[{"href":"https:\/\/frontaliers-grandest.eu\/de\/wp-json\/wp\/v2\/pages"}],"about":[{"href":"https:\/\/frontaliers-grandest.eu\/de\/wp-json\/wp\/v2\/types\/page"}],"author":[{"embeddable":true,"href":"https:\/\/frontaliers-grandest.eu\/de\/wp-json\/wp\/v2\/users\/7"}],"replies":[{"embeddable":true,"href":"https:\/\/frontaliers-grandest.eu\/de\/wp-json\/wp\/v2\/comments?post=6739"}],"version-history":[{"count":3,"href":"https:\/\/frontaliers-grandest.eu\/de\/wp-json\/wp\/v2\/pages\/6739\/revisions"}],"predecessor-version":[{"id":7015,"href":"https:\/\/frontaliers-grandest.eu\/de\/wp-json\/wp\/v2\/pages\/6739\/revisions\/7015"}],"up":[{"embeddable":true,"href":"https:\/\/frontaliers-grandest.eu\/de\/wp-json\/wp\/v2\/pages\/6737"}],"wp:attachment":[{"href":"https:\/\/frontaliers-grandest.eu\/de\/wp-json\/wp\/v2\/media?parent=6739"}],"wp:term":[{"taxonomy":"post_tag","embeddable":true,"href":"https:\/\/frontaliers-grandest.eu\/de\/wp-json\/wp\/v2\/tags?post=6739"},{"taxonomy":"frge_profile","embeddable":true,"href":"https:\/\/frontaliers-grandest.eu\/de\/wp-json\/wp\/v2\/frge_profile?post=6739"}],"curies":[{"name":"wp","href":"https:\/\/api.w.org\/{rel}","templated":true}]}}