{"id":6737,"date":"2021-04-27T10:51:47","date_gmt":"2021-04-27T08:51:47","guid":{"rendered":"https:\/\/frontaliers-grandest.eu\/?page_id=6737"},"modified":"2021-05-04T11:51:33","modified_gmt":"2021-05-04T09:51:33","slug":"das-lernen-von-fremdsprachen-in-baden-wurttemberg","status":"publish","type":"page","link":"https:\/\/frontaliers-grandest.eu\/de\/startseite\/fremdsprachen-lernen\/das-lernen-von-fremdsprachen-ab-dem-kindesalter-bis-zum-abitur\/in-deutschland\/das-lernen-von-fremdsprachen-in-baden-wurttemberg\/","title":{"rendered":"Das Lernen von Fremdsprachen in Baden-W\u00fcrttemberg"},"content":{"rendered":"\n<p>Baden-W\u00fcrttemberg grenzt im Westen entlang der Rheinschiene an das Elsass. Das Bundesland verfolgt eine Politik der intensiven Sprachf\u00f6rderung ab dem fr\u00fchen Kindesalter. Der baden-w\u00fcrttembergische Ortenaukreis, der im Westen nur durch den Rhein getrennt an Stra\u00dfburg grenzt, geht bedingt durch seine Grenzlage beim Fremdsprachenunterricht einen Sonderweg, da hier die deutsch-franz\u00f6sische Zweisprachigkeit gef\u00f6rdert wird. Ganz allgemein stellt das Lernen der Sprache des Nachbarn im Grenzraum Baden-W\u00fcrttembergs eine Priorit\u00e4t bereits ab dem Kleinkindalter und w\u00e4hrend der gesamten Schulzeit dar, auch wenn dem Englischunterricht im gesamten Bundesland ein recht gro\u00dfer Stellenwert einger\u00e4umt wird.<\/p>\n","protected":false},"excerpt":{"rendered":"<p>Baden-W\u00fcrttemberg grenzt im Westen entlang der Rheinschiene an das Elsass. Das Bundesland verfolgt eine Politik der intensiven Sprachf\u00f6rderung ab dem fr\u00fchen Kindesalter. Der baden-w\u00fcrttembergische Ortenaukreis, der im Westen nur durch den Rhein getrennt an Stra\u00dfburg grenzt, geht bedingt durch seine Grenzlage beim Fremdsprachenunterricht einen Sonderweg, da hier die deutsch-franz\u00f6sische Zweisprachigkeit gef\u00f6rdert wird. Ganz allgemein stellt [&hellip;]<\/p>\n","protected":false},"author":7,"featured_media":0,"parent":6722,"menu_order":1,"comment_status":"closed","ping_status":"closed","template":"","meta":{"inline_featured_image":false,"footnotes":""},"tags":[],"frge_profile":[],"class_list":["post-6737","page","type-page","status-publish","hentry"],"yoast_head":"<!-- This site is optimized with the Yoast SEO plugin v27.1.1 - https:\/\/yoast.com\/product\/yoast-seo-wordpress\/ -->\n<title>Das Lernen von Fremdsprachen in Baden-W\u00fcrttemberg - Frontaliers Grand Est<\/title>\n<meta name=\"robots\" content=\"index, follow, max-snippet:-1, max-image-preview:large, max-video-preview:-1\" \/>\n<link rel=\"canonical\" href=\"https:\/\/frontaliers-grandest.eu\/de\/startseite\/fremdsprachen-lernen\/das-lernen-von-fremdsprachen-ab-dem-kindesalter-bis-zum-abitur\/in-deutschland\/das-lernen-von-fremdsprachen-in-baden-wurttemberg\/\" \/>\n<meta property=\"og:locale\" content=\"de_DE\" \/>\n<meta property=\"og:type\" content=\"article\" \/>\n<meta property=\"og:title\" content=\"Das Lernen von Fremdsprachen in Baden-W\u00fcrttemberg - Frontaliers Grand Est\" \/>\n<meta property=\"og:description\" content=\"Baden-W\u00fcrttemberg grenzt im Westen entlang der Rheinschiene an das Elsass. Das Bundesland verfolgt eine Politik der intensiven Sprachf\u00f6rderung ab dem fr\u00fchen Kindesalter. Der baden-w\u00fcrttembergische Ortenaukreis, der im Westen nur durch den Rhein getrennt an Stra\u00dfburg grenzt, geht bedingt durch seine Grenzlage beim Fremdsprachenunterricht einen Sonderweg, da hier die deutsch-franz\u00f6sische Zweisprachigkeit gef\u00f6rdert wird. Ganz allgemein stellt [&hellip;]\" \/>\n<meta property=\"og:url\" content=\"https:\/\/frontaliers-grandest.eu\/de\/startseite\/fremdsprachen-lernen\/das-lernen-von-fremdsprachen-ab-dem-kindesalter-bis-zum-abitur\/in-deutschland\/das-lernen-von-fremdsprachen-in-baden-wurttemberg\/\" \/>\n<meta property=\"og:site_name\" content=\"Frontaliers Grand Est\" \/>\n<meta property=\"article:publisher\" content=\"https:\/\/www.facebook.com\/frontaliers.GR.EST\/?locale=fr_FR\" \/>\n<meta property=\"article:modified_time\" content=\"2021-05-04T09:51:33+00:00\" \/>\n<meta name=\"twitter:card\" content=\"summary_large_image\" \/>\n<meta name=\"twitter:label1\" content=\"Gesch\u00e4tzte Lesezeit\" \/>\n\t<meta name=\"twitter:data1\" content=\"1\u00a0Minute\" \/>\n<script type=\"application\/ld+json\" class=\"yoast-schema-graph\">{\"@context\":\"https:\/\/schema.org\",\"@graph\":[{\"@type\":\"WebPage\",\"@id\":\"https:\/\/frontaliers-grandest.eu\/de\/startseite\/fremdsprachen-lernen\/das-lernen-von-fremdsprachen-ab-dem-kindesalter-bis-zum-abitur\/in-deutschland\/das-lernen-von-fremdsprachen-in-baden-wurttemberg\/\",\"url\":\"https:\/\/frontaliers-grandest.eu\/de\/startseite\/fremdsprachen-lernen\/das-lernen-von-fremdsprachen-ab-dem-kindesalter-bis-zum-abitur\/in-deutschland\/das-lernen-von-fremdsprachen-in-baden-wurttemberg\/\",\"name\":\"Das Lernen von Fremdsprachen in Baden-W\u00fcrttemberg - Frontaliers Grand Est\",\"isPartOf\":{\"@id\":\"https:\/\/frontaliers-grandest.eu\/de\/#website\"},\"datePublished\":\"2021-04-27T08:51:47+00:00\",\"dateModified\":\"2021-05-04T09:51:33+00:00\",\"breadcrumb\":{\"@id\":\"https:\/\/frontaliers-grandest.eu\/de\/startseite\/fremdsprachen-lernen\/das-lernen-von-fremdsprachen-ab-dem-kindesalter-bis-zum-abitur\/in-deutschland\/das-lernen-von-fremdsprachen-in-baden-wurttemberg\/#breadcrumb\"},\"inLanguage\":\"de\",\"potentialAction\":[{\"@type\":\"ReadAction\",\"target\":[\"https:\/\/frontaliers-grandest.eu\/de\/startseite\/fremdsprachen-lernen\/das-lernen-von-fremdsprachen-ab-dem-kindesalter-bis-zum-abitur\/in-deutschland\/das-lernen-von-fremdsprachen-in-baden-wurttemberg\/\"]}]},{\"@type\":\"BreadcrumbList\",\"@id\":\"https:\/\/frontaliers-grandest.eu\/de\/startseite\/fremdsprachen-lernen\/das-lernen-von-fremdsprachen-ab-dem-kindesalter-bis-zum-abitur\/in-deutschland\/das-lernen-von-fremdsprachen-in-baden-wurttemberg\/#breadcrumb\",\"itemListElement\":[{\"@type\":\"ListItem\",\"position\":1,\"name\":\"Startseite\",\"item\":\"https:\/\/frontaliers-grandest.eu\/de\/\"},{\"@type\":\"ListItem\",\"position\":2,\"name\":\"Fremdsprachen Lernen\",\"item\":\"https:\/\/frontaliers-grandest.eu\/de\/startseite\/fremdsprachen-lernen\/\"},{\"@type\":\"ListItem\",\"position\":3,\"name\":\"Das lernen von fremdsprachen ab dem kindesalter bis zum abitur\",\"item\":\"https:\/\/frontaliers-grandest.eu\/de\/startseite\/fremdsprachen-lernen\/das-lernen-von-fremdsprachen-ab-dem-kindesalter-bis-zum-abitur\/\"},{\"@type\":\"ListItem\",\"position\":4,\"name\":\"In Deutschland\",\"item\":\"https:\/\/frontaliers-grandest.eu\/de\/startseite\/fremdsprachen-lernen\/das-lernen-von-fremdsprachen-ab-dem-kindesalter-bis-zum-abitur\/in-deutschland\/\"},{\"@type\":\"ListItem\",\"position\":5,\"name\":\"Das Lernen von Fremdsprachen in Baden-W\u00fcrttemberg\"}]},{\"@type\":\"WebSite\",\"@id\":\"https:\/\/frontaliers-grandest.eu\/de\/#website\",\"url\":\"https:\/\/frontaliers-grandest.eu\/de\/\",\"name\":\"Frontaliers Grand Est\",\"description\":\"Le site ressource du travail frontalier\",\"publisher\":{\"@id\":\"https:\/\/frontaliers-grandest.eu\/de\/#organization\"},\"alternateName\":\"Frontaliers Grand Est\",\"potentialAction\":[{\"@type\":\"SearchAction\",\"target\":{\"@type\":\"EntryPoint\",\"urlTemplate\":\"https:\/\/frontaliers-grandest.eu\/de\/?s={search_term_string}\"},\"query-input\":{\"@type\":\"PropertyValueSpecification\",\"valueRequired\":true,\"valueName\":\"search_term_string\"}}],\"inLanguage\":\"de\"},{\"@type\":\"Organization\",\"@id\":\"https:\/\/frontaliers-grandest.eu\/de\/#organization\",\"name\":\"Frontaliers Grand Est\",\"alternateName\":\"Frontaliers Grand Est\",\"url\":\"https:\/\/frontaliers-grandest.eu\/de\/\",\"logo\":{\"@type\":\"ImageObject\",\"inLanguage\":\"de\",\"@id\":\"https:\/\/frontaliers-grandest.eu\/de\/#\/schema\/logo\/image\/\",\"url\":\"https:\/\/frontaliers-grandest.eu\/wp-content\/uploads\/2025\/07\/260328234_2966785176920310_3332838526503858160_n.jpg\",\"contentUrl\":\"https:\/\/frontaliers-grandest.eu\/wp-content\/uploads\/2025\/07\/260328234_2966785176920310_3332838526503858160_n.jpg\",\"width\":396,\"height\":396,\"caption\":\"Frontaliers Grand Est\"},\"image\":{\"@id\":\"https:\/\/frontaliers-grandest.eu\/de\/#\/schema\/logo\/image\/\"},\"sameAs\":[\"https:\/\/www.facebook.com\/frontaliers.GR.EST\/?locale=fr_FR\"]}]}<\/script>\n<!-- \/ Yoast SEO plugin. -->","yoast_head_json":{"title":"Das Lernen von Fremdsprachen in Baden-W\u00fcrttemberg - Frontaliers Grand Est","robots":{"index":"index","follow":"follow","max-snippet":"max-snippet:-1","max-image-preview":"max-image-preview:large","max-video-preview":"max-video-preview:-1"},"canonical":"https:\/\/frontaliers-grandest.eu\/de\/startseite\/fremdsprachen-lernen\/das-lernen-von-fremdsprachen-ab-dem-kindesalter-bis-zum-abitur\/in-deutschland\/das-lernen-von-fremdsprachen-in-baden-wurttemberg\/","og_locale":"de_DE","og_type":"article","og_title":"Das Lernen von Fremdsprachen in Baden-W\u00fcrttemberg - Frontaliers Grand Est","og_description":"Baden-W\u00fcrttemberg grenzt im Westen entlang der Rheinschiene an das Elsass. Das Bundesland verfolgt eine Politik der intensiven Sprachf\u00f6rderung ab dem fr\u00fchen Kindesalter. Der baden-w\u00fcrttembergische Ortenaukreis, der im Westen nur durch den Rhein getrennt an Stra\u00dfburg grenzt, geht bedingt durch seine Grenzlage beim Fremdsprachenunterricht einen Sonderweg, da hier die deutsch-franz\u00f6sische Zweisprachigkeit gef\u00f6rdert wird. Ganz allgemein stellt [&hellip;]","og_url":"https:\/\/frontaliers-grandest.eu\/de\/startseite\/fremdsprachen-lernen\/das-lernen-von-fremdsprachen-ab-dem-kindesalter-bis-zum-abitur\/in-deutschland\/das-lernen-von-fremdsprachen-in-baden-wurttemberg\/","og_site_name":"Frontaliers Grand Est","article_publisher":"https:\/\/www.facebook.com\/frontaliers.GR.EST\/?locale=fr_FR","article_modified_time":"2021-05-04T09:51:33+00:00","twitter_card":"summary_large_image","twitter_misc":{"Gesch\u00e4tzte Lesezeit":"1\u00a0Minute"},"schema":{"@context":"https:\/\/schema.org","@graph":[{"@type":"WebPage","@id":"https:\/\/frontaliers-grandest.eu\/de\/startseite\/fremdsprachen-lernen\/das-lernen-von-fremdsprachen-ab-dem-kindesalter-bis-zum-abitur\/in-deutschland\/das-lernen-von-fremdsprachen-in-baden-wurttemberg\/","url":"https:\/\/frontaliers-grandest.eu\/de\/startseite\/fremdsprachen-lernen\/das-lernen-von-fremdsprachen-ab-dem-kindesalter-bis-zum-abitur\/in-deutschland\/das-lernen-von-fremdsprachen-in-baden-wurttemberg\/","name":"Das Lernen von Fremdsprachen in Baden-W\u00fcrttemberg - Frontaliers Grand Est","isPartOf":{"@id":"https:\/\/frontaliers-grandest.eu\/de\/#website"},"datePublished":"2021-04-27T08:51:47+00:00","dateModified":"2021-05-04T09:51:33+00:00","breadcrumb":{"@id":"https:\/\/frontaliers-grandest.eu\/de\/startseite\/fremdsprachen-lernen\/das-lernen-von-fremdsprachen-ab-dem-kindesalter-bis-zum-abitur\/in-deutschland\/das-lernen-von-fremdsprachen-in-baden-wurttemberg\/#breadcrumb"},"inLanguage":"de","potentialAction":[{"@type":"ReadAction","target":["https:\/\/frontaliers-grandest.eu\/de\/startseite\/fremdsprachen-lernen\/das-lernen-von-fremdsprachen-ab-dem-kindesalter-bis-zum-abitur\/in-deutschland\/das-lernen-von-fremdsprachen-in-baden-wurttemberg\/"]}]},{"@type":"BreadcrumbList","@id":"https:\/\/frontaliers-grandest.eu\/de\/startseite\/fremdsprachen-lernen\/das-lernen-von-fremdsprachen-ab-dem-kindesalter-bis-zum-abitur\/in-deutschland\/das-lernen-von-fremdsprachen-in-baden-wurttemberg\/#breadcrumb","itemListElement":[{"@type":"ListItem","position":1,"name":"Startseite","item":"https:\/\/frontaliers-grandest.eu\/de\/"},{"@type":"ListItem","position":2,"name":"Fremdsprachen Lernen","item":"https:\/\/frontaliers-grandest.eu\/de\/startseite\/fremdsprachen-lernen\/"},{"@type":"ListItem","position":3,"name":"Das lernen von fremdsprachen ab dem kindesalter bis zum abitur","item":"https:\/\/frontaliers-grandest.eu\/de\/startseite\/fremdsprachen-lernen\/das-lernen-von-fremdsprachen-ab-dem-kindesalter-bis-zum-abitur\/"},{"@type":"ListItem","position":4,"name":"In Deutschland","item":"https:\/\/frontaliers-grandest.eu\/de\/startseite\/fremdsprachen-lernen\/das-lernen-von-fremdsprachen-ab-dem-kindesalter-bis-zum-abitur\/in-deutschland\/"},{"@type":"ListItem","position":5,"name":"Das Lernen von Fremdsprachen in Baden-W\u00fcrttemberg"}]},{"@type":"WebSite","@id":"https:\/\/frontaliers-grandest.eu\/de\/#website","url":"https:\/\/frontaliers-grandest.eu\/de\/","name":"Frontaliers Grand Est","description":"Le site ressource du travail frontalier","publisher":{"@id":"https:\/\/frontaliers-grandest.eu\/de\/#organization"},"alternateName":"Frontaliers Grand Est","potentialAction":[{"@type":"SearchAction","target":{"@type":"EntryPoint","urlTemplate":"https:\/\/frontaliers-grandest.eu\/de\/?s={search_term_string}"},"query-input":{"@type":"PropertyValueSpecification","valueRequired":true,"valueName":"search_term_string"}}],"inLanguage":"de"},{"@type":"Organization","@id":"https:\/\/frontaliers-grandest.eu\/de\/#organization","name":"Frontaliers Grand Est","alternateName":"Frontaliers Grand Est","url":"https:\/\/frontaliers-grandest.eu\/de\/","logo":{"@type":"ImageObject","inLanguage":"de","@id":"https:\/\/frontaliers-grandest.eu\/de\/#\/schema\/logo\/image\/","url":"https:\/\/frontaliers-grandest.eu\/wp-content\/uploads\/2025\/07\/260328234_2966785176920310_3332838526503858160_n.jpg","contentUrl":"https:\/\/frontaliers-grandest.eu\/wp-content\/uploads\/2025\/07\/260328234_2966785176920310_3332838526503858160_n.jpg","width":396,"height":396,"caption":"Frontaliers Grand Est"},"image":{"@id":"https:\/\/frontaliers-grandest.eu\/de\/#\/schema\/logo\/image\/"},"sameAs":["https:\/\/www.facebook.com\/frontaliers.GR.EST\/?locale=fr_FR"]}]}},"frge_page_order":0,"_links":{"self":[{"href":"https:\/\/frontaliers-grandest.eu\/de\/wp-json\/wp\/v2\/pages\/6737","targetHints":{"allow":["GET"]}}],"collection":[{"href":"https:\/\/frontaliers-grandest.eu\/de\/wp-json\/wp\/v2\/pages"}],"about":[{"href":"https:\/\/frontaliers-grandest.eu\/de\/wp-json\/wp\/v2\/types\/page"}],"author":[{"embeddable":true,"href":"https:\/\/frontaliers-grandest.eu\/de\/wp-json\/wp\/v2\/users\/7"}],"replies":[{"embeddable":true,"href":"https:\/\/frontaliers-grandest.eu\/de\/wp-json\/wp\/v2\/comments?post=6737"}],"version-history":[{"count":2,"href":"https:\/\/frontaliers-grandest.eu\/de\/wp-json\/wp\/v2\/pages\/6737\/revisions"}],"predecessor-version":[{"id":7013,"href":"https:\/\/frontaliers-grandest.eu\/de\/wp-json\/wp\/v2\/pages\/6737\/revisions\/7013"}],"up":[{"embeddable":true,"href":"https:\/\/frontaliers-grandest.eu\/de\/wp-json\/wp\/v2\/pages\/6722"}],"wp:attachment":[{"href":"https:\/\/frontaliers-grandest.eu\/de\/wp-json\/wp\/v2\/media?parent=6737"}],"wp:term":[{"taxonomy":"post_tag","embeddable":true,"href":"https:\/\/frontaliers-grandest.eu\/de\/wp-json\/wp\/v2\/tags?post=6737"},{"taxonomy":"frge_profile","embeddable":true,"href":"https:\/\/frontaliers-grandest.eu\/de\/wp-json\/wp\/v2\/frge_profile?post=6737"}],"curies":[{"name":"wp","href":"https:\/\/api.w.org\/{rel}","templated":true}]}}