{"id":6699,"date":"2021-04-26T16:56:30","date_gmt":"2021-04-26T14:56:30","guid":{"rendered":"https:\/\/frontaliers-grandest.eu\/?page_id=6699"},"modified":"2021-05-04T11:47:17","modified_gmt":"2021-05-04T09:47:17","slug":"definition-une-rechtliche-grundlagen-in-belgien","status":"publish","type":"page","link":"https:\/\/frontaliers-grandest.eu\/de\/startseite\/arbeitgeber\/die-telearbeit-in-der-grosregion\/in-belgien\/definition-une-rechtliche-grundlagen-in-belgien\/","title":{"rendered":"Definition une rechtliche Grundlagen in Belgien"},"content":{"rendered":"\n<p>In Belgien ist die Telearbeit durch das Arbeitsgesetz geregelt, welches eine Kategorie &#8222;Heimarbeiter&#8220; vorsieht. Des Weiteren wird der Manteltarfivertrag NR.85 bez\u00fcglich der Telearbeit vom 09. November 2005 angewendet, welcher durch den Manteltarfivertrag NR85a vom 27. Februar 2008 ge\u00e4ndert und durch k\u00f6niglichen Erlass vom 19. M\u00e4rz 2008 verpflichten geworden ist. Ein Gesetz vom 5. M\u00e4rz 2017 \u00fcber &#8222;machbare Arbeit&#8220; bereichert das belgien Telearbeitsgesetz um das Konzept der gelegentlich Telearbeit. Es gibt also 2 Formen der Telearbeit.&nbsp;<\/p>\n\n\n\n<p>Gem\u00e4\u00df letzerem ist die Telearbeit&nbsp;&#8222;eine Form der Arbeitsorganisation&nbsp;und\/oder -realisierung, bei welcher&nbsp;Informationstechnologien&nbsp;im Rahmen des Arbeitsvertrags benutzt werden und eine T\u00e4tigkeit, die auch in den R\u00e4umen des Arbeitgebers h\u00e4tte ausge\u00fcbt werden k\u00f6nnen,&nbsp;au\u00dferhalb dieser R\u00e4umlichkeiten&nbsp;&#8222;regelm\u00e4\u00dfig und nicht nur gelegentlich ausge\u00fcbt wird&#8220; (klassische Telearbeit) und &#8222;nicht regelm\u00e4\u00dfig aber nur gelegentlich ausge\u00fcbt wird&#8220; (gelegentlich Telearbeit).&nbsp;<\/p>\n","protected":false},"excerpt":{"rendered":"<p>In Belgien ist die Telearbeit durch das Arbeitsgesetz geregelt, welches eine Kategorie &#8222;Heimarbeiter&#8220; vorsieht. Des Weiteren wird der Manteltarfivertrag NR.85 bez\u00fcglich der Telearbeit vom 09. November 2005 angewendet, welcher durch den Manteltarfivertrag NR85a vom 27. Februar 2008 ge\u00e4ndert und durch k\u00f6niglichen Erlass vom 19. M\u00e4rz 2008 verpflichten geworden ist. Ein Gesetz vom 5. M\u00e4rz 2017 [&hellip;]<\/p>\n","protected":false},"author":7,"featured_media":0,"parent":6697,"menu_order":0,"comment_status":"closed","ping_status":"closed","template":"","meta":{"inline_featured_image":false,"footnotes":""},"tags":[],"frge_profile":[],"class_list":["post-6699","page","type-page","status-publish","hentry"],"yoast_head":"<!-- This site is optimized with the Yoast SEO plugin v27.1.1 - https:\/\/yoast.com\/product\/yoast-seo-wordpress\/ -->\n<title>Definition une rechtliche Grundlagen in Belgien - Frontaliers Grand Est<\/title>\n<meta name=\"robots\" content=\"index, follow, max-snippet:-1, max-image-preview:large, max-video-preview:-1\" \/>\n<link rel=\"canonical\" href=\"https:\/\/frontaliers-grandest.eu\/de\/startseite\/arbeitgeber\/die-telearbeit-in-der-grosregion\/in-belgien\/definition-une-rechtliche-grundlagen-in-belgien\/\" \/>\n<meta property=\"og:locale\" content=\"de_DE\" \/>\n<meta property=\"og:type\" content=\"article\" \/>\n<meta property=\"og:title\" content=\"Definition une rechtliche Grundlagen in Belgien - Frontaliers Grand Est\" \/>\n<meta property=\"og:description\" content=\"In Belgien ist die Telearbeit durch das Arbeitsgesetz geregelt, welches eine Kategorie &#8222;Heimarbeiter&#8220; vorsieht. Des Weiteren wird der Manteltarfivertrag NR.85 bez\u00fcglich der Telearbeit vom 09. November 2005 angewendet, welcher durch den Manteltarfivertrag NR85a vom 27. Februar 2008 ge\u00e4ndert und durch k\u00f6niglichen Erlass vom 19. M\u00e4rz 2008 verpflichten geworden ist. Ein Gesetz vom 5. M\u00e4rz 2017 [&hellip;]\" \/>\n<meta property=\"og:url\" content=\"https:\/\/frontaliers-grandest.eu\/de\/startseite\/arbeitgeber\/die-telearbeit-in-der-grosregion\/in-belgien\/definition-une-rechtliche-grundlagen-in-belgien\/\" \/>\n<meta property=\"og:site_name\" content=\"Frontaliers Grand Est\" \/>\n<meta property=\"article:publisher\" content=\"https:\/\/www.facebook.com\/frontaliers.GR.EST\/?locale=fr_FR\" \/>\n<meta property=\"article:modified_time\" content=\"2021-05-04T09:47:17+00:00\" \/>\n<meta name=\"twitter:card\" content=\"summary_large_image\" \/>\n<meta name=\"twitter:label1\" content=\"Gesch\u00e4tzte Lesezeit\" \/>\n\t<meta name=\"twitter:data1\" content=\"1\u00a0Minute\" \/>\n<script type=\"application\/ld+json\" class=\"yoast-schema-graph\">{\"@context\":\"https:\/\/schema.org\",\"@graph\":[{\"@type\":\"WebPage\",\"@id\":\"https:\/\/frontaliers-grandest.eu\/de\/startseite\/arbeitgeber\/die-telearbeit-in-der-grosregion\/in-belgien\/definition-une-rechtliche-grundlagen-in-belgien\/\",\"url\":\"https:\/\/frontaliers-grandest.eu\/de\/startseite\/arbeitgeber\/die-telearbeit-in-der-grosregion\/in-belgien\/definition-une-rechtliche-grundlagen-in-belgien\/\",\"name\":\"Definition une rechtliche Grundlagen in Belgien - Frontaliers Grand Est\",\"isPartOf\":{\"@id\":\"https:\/\/frontaliers-grandest.eu\/de\/#website\"},\"datePublished\":\"2021-04-26T14:56:30+00:00\",\"dateModified\":\"2021-05-04T09:47:17+00:00\",\"breadcrumb\":{\"@id\":\"https:\/\/frontaliers-grandest.eu\/de\/startseite\/arbeitgeber\/die-telearbeit-in-der-grosregion\/in-belgien\/definition-une-rechtliche-grundlagen-in-belgien\/#breadcrumb\"},\"inLanguage\":\"de\",\"potentialAction\":[{\"@type\":\"ReadAction\",\"target\":[\"https:\/\/frontaliers-grandest.eu\/de\/startseite\/arbeitgeber\/die-telearbeit-in-der-grosregion\/in-belgien\/definition-une-rechtliche-grundlagen-in-belgien\/\"]}]},{\"@type\":\"BreadcrumbList\",\"@id\":\"https:\/\/frontaliers-grandest.eu\/de\/startseite\/arbeitgeber\/die-telearbeit-in-der-grosregion\/in-belgien\/definition-une-rechtliche-grundlagen-in-belgien\/#breadcrumb\",\"itemListElement\":[{\"@type\":\"ListItem\",\"position\":1,\"name\":\"Startseite\",\"item\":\"https:\/\/frontaliers-grandest.eu\/de\/\"},{\"@type\":\"ListItem\",\"position\":2,\"name\":\"Arbeitgeber\",\"item\":\"https:\/\/frontaliers-grandest.eu\/de\/startseite\/arbeitgeber\/\"},{\"@type\":\"ListItem\",\"position\":3,\"name\":\"Die Telearbeit in der Grossregion\",\"item\":\"https:\/\/frontaliers-grandest.eu\/de\/startseite\/arbeitgeber\/die-telearbeit-in-der-grosregion\/\"},{\"@type\":\"ListItem\",\"position\":4,\"name\":\"In Belgien\",\"item\":\"https:\/\/frontaliers-grandest.eu\/de\/startseite\/arbeitgeber\/die-telearbeit-in-der-grosregion\/in-belgien\/\"},{\"@type\":\"ListItem\",\"position\":5,\"name\":\"Definition une rechtliche Grundlagen in Belgien\"}]},{\"@type\":\"WebSite\",\"@id\":\"https:\/\/frontaliers-grandest.eu\/de\/#website\",\"url\":\"https:\/\/frontaliers-grandest.eu\/de\/\",\"name\":\"Frontaliers Grand Est\",\"description\":\"Le site ressource du travail frontalier\",\"publisher\":{\"@id\":\"https:\/\/frontaliers-grandest.eu\/de\/#organization\"},\"alternateName\":\"Frontaliers Grand Est\",\"potentialAction\":[{\"@type\":\"SearchAction\",\"target\":{\"@type\":\"EntryPoint\",\"urlTemplate\":\"https:\/\/frontaliers-grandest.eu\/de\/?s={search_term_string}\"},\"query-input\":{\"@type\":\"PropertyValueSpecification\",\"valueRequired\":true,\"valueName\":\"search_term_string\"}}],\"inLanguage\":\"de\"},{\"@type\":\"Organization\",\"@id\":\"https:\/\/frontaliers-grandest.eu\/de\/#organization\",\"name\":\"Frontaliers Grand Est\",\"alternateName\":\"Frontaliers Grand Est\",\"url\":\"https:\/\/frontaliers-grandest.eu\/de\/\",\"logo\":{\"@type\":\"ImageObject\",\"inLanguage\":\"de\",\"@id\":\"https:\/\/frontaliers-grandest.eu\/de\/#\/schema\/logo\/image\/\",\"url\":\"https:\/\/frontaliers-grandest.eu\/wp-content\/uploads\/2025\/07\/260328234_2966785176920310_3332838526503858160_n.jpg\",\"contentUrl\":\"https:\/\/frontaliers-grandest.eu\/wp-content\/uploads\/2025\/07\/260328234_2966785176920310_3332838526503858160_n.jpg\",\"width\":396,\"height\":396,\"caption\":\"Frontaliers Grand Est\"},\"image\":{\"@id\":\"https:\/\/frontaliers-grandest.eu\/de\/#\/schema\/logo\/image\/\"},\"sameAs\":[\"https:\/\/www.facebook.com\/frontaliers.GR.EST\/?locale=fr_FR\"]}]}<\/script>\n<!-- \/ Yoast SEO plugin. -->","yoast_head_json":{"title":"Definition une rechtliche Grundlagen in Belgien - Frontaliers Grand Est","robots":{"index":"index","follow":"follow","max-snippet":"max-snippet:-1","max-image-preview":"max-image-preview:large","max-video-preview":"max-video-preview:-1"},"canonical":"https:\/\/frontaliers-grandest.eu\/de\/startseite\/arbeitgeber\/die-telearbeit-in-der-grosregion\/in-belgien\/definition-une-rechtliche-grundlagen-in-belgien\/","og_locale":"de_DE","og_type":"article","og_title":"Definition une rechtliche Grundlagen in Belgien - Frontaliers Grand Est","og_description":"In Belgien ist die Telearbeit durch das Arbeitsgesetz geregelt, welches eine Kategorie &#8222;Heimarbeiter&#8220; vorsieht. Des Weiteren wird der Manteltarfivertrag NR.85 bez\u00fcglich der Telearbeit vom 09. November 2005 angewendet, welcher durch den Manteltarfivertrag NR85a vom 27. Februar 2008 ge\u00e4ndert und durch k\u00f6niglichen Erlass vom 19. M\u00e4rz 2008 verpflichten geworden ist. Ein Gesetz vom 5. M\u00e4rz 2017 [&hellip;]","og_url":"https:\/\/frontaliers-grandest.eu\/de\/startseite\/arbeitgeber\/die-telearbeit-in-der-grosregion\/in-belgien\/definition-une-rechtliche-grundlagen-in-belgien\/","og_site_name":"Frontaliers Grand Est","article_publisher":"https:\/\/www.facebook.com\/frontaliers.GR.EST\/?locale=fr_FR","article_modified_time":"2021-05-04T09:47:17+00:00","twitter_card":"summary_large_image","twitter_misc":{"Gesch\u00e4tzte Lesezeit":"1\u00a0Minute"},"schema":{"@context":"https:\/\/schema.org","@graph":[{"@type":"WebPage","@id":"https:\/\/frontaliers-grandest.eu\/de\/startseite\/arbeitgeber\/die-telearbeit-in-der-grosregion\/in-belgien\/definition-une-rechtliche-grundlagen-in-belgien\/","url":"https:\/\/frontaliers-grandest.eu\/de\/startseite\/arbeitgeber\/die-telearbeit-in-der-grosregion\/in-belgien\/definition-une-rechtliche-grundlagen-in-belgien\/","name":"Definition une rechtliche Grundlagen in Belgien - Frontaliers Grand Est","isPartOf":{"@id":"https:\/\/frontaliers-grandest.eu\/de\/#website"},"datePublished":"2021-04-26T14:56:30+00:00","dateModified":"2021-05-04T09:47:17+00:00","breadcrumb":{"@id":"https:\/\/frontaliers-grandest.eu\/de\/startseite\/arbeitgeber\/die-telearbeit-in-der-grosregion\/in-belgien\/definition-une-rechtliche-grundlagen-in-belgien\/#breadcrumb"},"inLanguage":"de","potentialAction":[{"@type":"ReadAction","target":["https:\/\/frontaliers-grandest.eu\/de\/startseite\/arbeitgeber\/die-telearbeit-in-der-grosregion\/in-belgien\/definition-une-rechtliche-grundlagen-in-belgien\/"]}]},{"@type":"BreadcrumbList","@id":"https:\/\/frontaliers-grandest.eu\/de\/startseite\/arbeitgeber\/die-telearbeit-in-der-grosregion\/in-belgien\/definition-une-rechtliche-grundlagen-in-belgien\/#breadcrumb","itemListElement":[{"@type":"ListItem","position":1,"name":"Startseite","item":"https:\/\/frontaliers-grandest.eu\/de\/"},{"@type":"ListItem","position":2,"name":"Arbeitgeber","item":"https:\/\/frontaliers-grandest.eu\/de\/startseite\/arbeitgeber\/"},{"@type":"ListItem","position":3,"name":"Die Telearbeit in der Grossregion","item":"https:\/\/frontaliers-grandest.eu\/de\/startseite\/arbeitgeber\/die-telearbeit-in-der-grosregion\/"},{"@type":"ListItem","position":4,"name":"In Belgien","item":"https:\/\/frontaliers-grandest.eu\/de\/startseite\/arbeitgeber\/die-telearbeit-in-der-grosregion\/in-belgien\/"},{"@type":"ListItem","position":5,"name":"Definition une rechtliche Grundlagen in Belgien"}]},{"@type":"WebSite","@id":"https:\/\/frontaliers-grandest.eu\/de\/#website","url":"https:\/\/frontaliers-grandest.eu\/de\/","name":"Frontaliers Grand Est","description":"Le site ressource du travail frontalier","publisher":{"@id":"https:\/\/frontaliers-grandest.eu\/de\/#organization"},"alternateName":"Frontaliers Grand Est","potentialAction":[{"@type":"SearchAction","target":{"@type":"EntryPoint","urlTemplate":"https:\/\/frontaliers-grandest.eu\/de\/?s={search_term_string}"},"query-input":{"@type":"PropertyValueSpecification","valueRequired":true,"valueName":"search_term_string"}}],"inLanguage":"de"},{"@type":"Organization","@id":"https:\/\/frontaliers-grandest.eu\/de\/#organization","name":"Frontaliers Grand Est","alternateName":"Frontaliers Grand Est","url":"https:\/\/frontaliers-grandest.eu\/de\/","logo":{"@type":"ImageObject","inLanguage":"de","@id":"https:\/\/frontaliers-grandest.eu\/de\/#\/schema\/logo\/image\/","url":"https:\/\/frontaliers-grandest.eu\/wp-content\/uploads\/2025\/07\/260328234_2966785176920310_3332838526503858160_n.jpg","contentUrl":"https:\/\/frontaliers-grandest.eu\/wp-content\/uploads\/2025\/07\/260328234_2966785176920310_3332838526503858160_n.jpg","width":396,"height":396,"caption":"Frontaliers Grand Est"},"image":{"@id":"https:\/\/frontaliers-grandest.eu\/de\/#\/schema\/logo\/image\/"},"sameAs":["https:\/\/www.facebook.com\/frontaliers.GR.EST\/?locale=fr_FR"]}]}},"frge_page_order":0,"_links":{"self":[{"href":"https:\/\/frontaliers-grandest.eu\/de\/wp-json\/wp\/v2\/pages\/6699","targetHints":{"allow":["GET"]}}],"collection":[{"href":"https:\/\/frontaliers-grandest.eu\/de\/wp-json\/wp\/v2\/pages"}],"about":[{"href":"https:\/\/frontaliers-grandest.eu\/de\/wp-json\/wp\/v2\/types\/page"}],"author":[{"embeddable":true,"href":"https:\/\/frontaliers-grandest.eu\/de\/wp-json\/wp\/v2\/users\/7"}],"replies":[{"embeddable":true,"href":"https:\/\/frontaliers-grandest.eu\/de\/wp-json\/wp\/v2\/comments?post=6699"}],"version-history":[{"count":1,"href":"https:\/\/frontaliers-grandest.eu\/de\/wp-json\/wp\/v2\/pages\/6699\/revisions"}],"predecessor-version":[{"id":6700,"href":"https:\/\/frontaliers-grandest.eu\/de\/wp-json\/wp\/v2\/pages\/6699\/revisions\/6700"}],"up":[{"embeddable":true,"href":"https:\/\/frontaliers-grandest.eu\/de\/wp-json\/wp\/v2\/pages\/6697"}],"wp:attachment":[{"href":"https:\/\/frontaliers-grandest.eu\/de\/wp-json\/wp\/v2\/media?parent=6699"}],"wp:term":[{"taxonomy":"post_tag","embeddable":true,"href":"https:\/\/frontaliers-grandest.eu\/de\/wp-json\/wp\/v2\/tags?post=6699"},{"taxonomy":"frge_profile","embeddable":true,"href":"https:\/\/frontaliers-grandest.eu\/de\/wp-json\/wp\/v2\/frge_profile?post=6699"}],"curies":[{"name":"wp","href":"https:\/\/api.w.org\/{rel}","templated":true}]}}