{"id":6679,"date":"2021-04-26T16:43:28","date_gmt":"2021-04-26T14:43:28","guid":{"rendered":"https:\/\/frontaliers-grandest.eu\/?page_id=6679"},"modified":"2021-05-04T11:45:25","modified_gmt":"2021-05-04T09:45:25","slug":"steuertoleranzen","status":"publish","type":"page","link":"https:\/\/frontaliers-grandest.eu\/de\/startseite\/arbeitgeber\/die-telearbeit-in-der-grosregion\/in-luxemburg\/steuertoleranzen\/","title":{"rendered":"Steuertoleranzen"},"content":{"rendered":"\n<p>Die Doppelbestzeuerungsabkommen zwischen den verschiedenen Staaten darunter die der Gro\u00dfregion, beruhen auf folgendem Prinzip :die Geh\u00e4lter, Verg\u00fctungen und andere \u00e4nhliche Entlohnungen sind einzig und allein in dem Staat zu versteuern, in dem die dem Einkommen zugrundeliegende T\u00e4tigkeit ausge\u00fcbt wird.&nbsp;<\/p>\n\n\n\n<p>Dennoch haben die Steuerverwaltungen Vereinbarungen ausgehandelt, die eine&nbsp;Toleranzschwelle&nbsp;festlegen, unter der der Arbeitnehmer im Besch\u00e4ftigungsstaat weiterhin besteuert werden kann.&nbsp;<\/p>\n\n\n\n<h5 class=\"wp-block-heading\">Zum Beispiel :&nbsp;<\/h5>\n\n\n\n<ul class=\"wp-block-list\"><li><strong>Luxemburg &#8211; Belgien<\/strong>&nbsp;: 24 Tage-Schwelle. Ein belgischer Grenzg\u00e4nger, der in Luxemburg arbeitet, kann 24 Tage au\u00dferhalb der luxemburgischen Grenze arbeiten und in Luxemburg steuerpflichtig bleiben.&nbsp;<\/li><\/ul>\n\n\n\n<ul class=\"wp-block-list\"><li><strong>Luxemburg- Deutschland<\/strong>&nbsp;: 19 Tage-Schwelle.&nbsp;Ein deutscher Grenzg\u00e4nger, der in Luxemburg arbeitet, kann 19 Tage au\u00dferhalb der luxemburgischen Grenze arbeiten und in Luxemburg steuerpflichtig bleiben.<\/li><\/ul>\n\n\n\n<ul class=\"wp-block-list\"><li><strong>Luxemburg- Frankreich<\/strong>&nbsp;:&nbsp; 29 Tage-Schwelle.&nbsp;Ein franz\u00f6sischer&nbsp;Grenzg\u00e4nger, der in Luxemburg arbeitet, kann&nbsp;29&nbsp;Tage au\u00dferhalb der luxemburgischen Grenze arbeiten und in Luxemburg steuerpflichtig bleiben.<\/li><\/ul>\n","protected":false},"excerpt":{"rendered":"<p>Die Doppelbestzeuerungsabkommen zwischen den verschiedenen Staaten darunter die der Gro\u00dfregion, beruhen auf folgendem Prinzip :die Geh\u00e4lter, Verg\u00fctungen und andere \u00e4nhliche Entlohnungen sind einzig und allein in dem Staat zu versteuern, in dem die dem Einkommen zugrundeliegende T\u00e4tigkeit ausge\u00fcbt wird.&nbsp; Dennoch haben die Steuerverwaltungen Vereinbarungen ausgehandelt, die eine&nbsp;Toleranzschwelle&nbsp;festlegen, unter der der Arbeitnehmer im Besch\u00e4ftigungsstaat weiterhin besteuert [&hellip;]<\/p>\n","protected":false},"author":7,"featured_media":0,"parent":6667,"menu_order":3,"comment_status":"closed","ping_status":"closed","template":"","meta":{"inline_featured_image":false,"footnotes":""},"tags":[],"frge_profile":[],"class_list":["post-6679","page","type-page","status-publish","hentry"],"yoast_head":"<!-- This site is optimized with the Yoast SEO plugin v27.1.1 - https:\/\/yoast.com\/product\/yoast-seo-wordpress\/ -->\n<title>Steuertoleranzen - Frontaliers Grand Est<\/title>\n<meta name=\"robots\" content=\"index, follow, max-snippet:-1, max-image-preview:large, max-video-preview:-1\" \/>\n<link rel=\"canonical\" href=\"https:\/\/frontaliers-grandest.eu\/de\/startseite\/arbeitgeber\/die-telearbeit-in-der-grosregion\/in-luxemburg\/steuertoleranzen\/\" \/>\n<meta property=\"og:locale\" content=\"de_DE\" \/>\n<meta property=\"og:type\" content=\"article\" \/>\n<meta property=\"og:title\" content=\"Steuertoleranzen - Frontaliers Grand Est\" \/>\n<meta property=\"og:description\" content=\"Die Doppelbestzeuerungsabkommen zwischen den verschiedenen Staaten darunter die der Gro\u00dfregion, beruhen auf folgendem Prinzip :die Geh\u00e4lter, Verg\u00fctungen und andere \u00e4nhliche Entlohnungen sind einzig und allein in dem Staat zu versteuern, in dem die dem Einkommen zugrundeliegende T\u00e4tigkeit ausge\u00fcbt wird.&nbsp; Dennoch haben die Steuerverwaltungen Vereinbarungen ausgehandelt, die eine&nbsp;Toleranzschwelle&nbsp;festlegen, unter der der Arbeitnehmer im Besch\u00e4ftigungsstaat weiterhin besteuert [&hellip;]\" \/>\n<meta property=\"og:url\" content=\"https:\/\/frontaliers-grandest.eu\/de\/startseite\/arbeitgeber\/die-telearbeit-in-der-grosregion\/in-luxemburg\/steuertoleranzen\/\" \/>\n<meta property=\"og:site_name\" content=\"Frontaliers Grand Est\" \/>\n<meta property=\"article:publisher\" content=\"https:\/\/www.facebook.com\/frontaliers.GR.EST\/?locale=fr_FR\" \/>\n<meta property=\"article:modified_time\" content=\"2021-05-04T09:45:25+00:00\" \/>\n<meta name=\"twitter:card\" content=\"summary_large_image\" \/>\n<meta name=\"twitter:label1\" content=\"Gesch\u00e4tzte Lesezeit\" \/>\n\t<meta name=\"twitter:data1\" content=\"1\u00a0Minute\" \/>\n<script type=\"application\/ld+json\" class=\"yoast-schema-graph\">{\"@context\":\"https:\/\/schema.org\",\"@graph\":[{\"@type\":\"WebPage\",\"@id\":\"https:\/\/frontaliers-grandest.eu\/de\/startseite\/arbeitgeber\/die-telearbeit-in-der-grosregion\/in-luxemburg\/steuertoleranzen\/\",\"url\":\"https:\/\/frontaliers-grandest.eu\/de\/startseite\/arbeitgeber\/die-telearbeit-in-der-grosregion\/in-luxemburg\/steuertoleranzen\/\",\"name\":\"Steuertoleranzen - Frontaliers Grand Est\",\"isPartOf\":{\"@id\":\"https:\/\/frontaliers-grandest.eu\/de\/#website\"},\"datePublished\":\"2021-04-26T14:43:28+00:00\",\"dateModified\":\"2021-05-04T09:45:25+00:00\",\"breadcrumb\":{\"@id\":\"https:\/\/frontaliers-grandest.eu\/de\/startseite\/arbeitgeber\/die-telearbeit-in-der-grosregion\/in-luxemburg\/steuertoleranzen\/#breadcrumb\"},\"inLanguage\":\"de\",\"potentialAction\":[{\"@type\":\"ReadAction\",\"target\":[\"https:\/\/frontaliers-grandest.eu\/de\/startseite\/arbeitgeber\/die-telearbeit-in-der-grosregion\/in-luxemburg\/steuertoleranzen\/\"]}]},{\"@type\":\"BreadcrumbList\",\"@id\":\"https:\/\/frontaliers-grandest.eu\/de\/startseite\/arbeitgeber\/die-telearbeit-in-der-grosregion\/in-luxemburg\/steuertoleranzen\/#breadcrumb\",\"itemListElement\":[{\"@type\":\"ListItem\",\"position\":1,\"name\":\"Startseite\",\"item\":\"https:\/\/frontaliers-grandest.eu\/de\/\"},{\"@type\":\"ListItem\",\"position\":2,\"name\":\"Arbeitgeber\",\"item\":\"https:\/\/frontaliers-grandest.eu\/de\/startseite\/arbeitgeber\/\"},{\"@type\":\"ListItem\",\"position\":3,\"name\":\"Die Telearbeit in der Grossregion\",\"item\":\"https:\/\/frontaliers-grandest.eu\/de\/startseite\/arbeitgeber\/die-telearbeit-in-der-grosregion\/\"},{\"@type\":\"ListItem\",\"position\":4,\"name\":\"In Luxemburg\",\"item\":\"https:\/\/frontaliers-grandest.eu\/de\/startseite\/arbeitgeber\/die-telearbeit-in-der-grosregion\/in-luxemburg\/\"},{\"@type\":\"ListItem\",\"position\":5,\"name\":\"Steuertoleranzen\"}]},{\"@type\":\"WebSite\",\"@id\":\"https:\/\/frontaliers-grandest.eu\/de\/#website\",\"url\":\"https:\/\/frontaliers-grandest.eu\/de\/\",\"name\":\"Frontaliers Grand Est\",\"description\":\"Le site ressource du travail frontalier\",\"publisher\":{\"@id\":\"https:\/\/frontaliers-grandest.eu\/de\/#organization\"},\"alternateName\":\"Frontaliers Grand Est\",\"potentialAction\":[{\"@type\":\"SearchAction\",\"target\":{\"@type\":\"EntryPoint\",\"urlTemplate\":\"https:\/\/frontaliers-grandest.eu\/de\/?s={search_term_string}\"},\"query-input\":{\"@type\":\"PropertyValueSpecification\",\"valueRequired\":true,\"valueName\":\"search_term_string\"}}],\"inLanguage\":\"de\"},{\"@type\":\"Organization\",\"@id\":\"https:\/\/frontaliers-grandest.eu\/de\/#organization\",\"name\":\"Frontaliers Grand Est\",\"alternateName\":\"Frontaliers Grand Est\",\"url\":\"https:\/\/frontaliers-grandest.eu\/de\/\",\"logo\":{\"@type\":\"ImageObject\",\"inLanguage\":\"de\",\"@id\":\"https:\/\/frontaliers-grandest.eu\/de\/#\/schema\/logo\/image\/\",\"url\":\"https:\/\/frontaliers-grandest.eu\/wp-content\/uploads\/2025\/07\/260328234_2966785176920310_3332838526503858160_n.jpg\",\"contentUrl\":\"https:\/\/frontaliers-grandest.eu\/wp-content\/uploads\/2025\/07\/260328234_2966785176920310_3332838526503858160_n.jpg\",\"width\":396,\"height\":396,\"caption\":\"Frontaliers Grand Est\"},\"image\":{\"@id\":\"https:\/\/frontaliers-grandest.eu\/de\/#\/schema\/logo\/image\/\"},\"sameAs\":[\"https:\/\/www.facebook.com\/frontaliers.GR.EST\/?locale=fr_FR\"]}]}<\/script>\n<!-- \/ Yoast SEO plugin. -->","yoast_head_json":{"title":"Steuertoleranzen - Frontaliers Grand Est","robots":{"index":"index","follow":"follow","max-snippet":"max-snippet:-1","max-image-preview":"max-image-preview:large","max-video-preview":"max-video-preview:-1"},"canonical":"https:\/\/frontaliers-grandest.eu\/de\/startseite\/arbeitgeber\/die-telearbeit-in-der-grosregion\/in-luxemburg\/steuertoleranzen\/","og_locale":"de_DE","og_type":"article","og_title":"Steuertoleranzen - Frontaliers Grand Est","og_description":"Die Doppelbestzeuerungsabkommen zwischen den verschiedenen Staaten darunter die der Gro\u00dfregion, beruhen auf folgendem Prinzip :die Geh\u00e4lter, Verg\u00fctungen und andere \u00e4nhliche Entlohnungen sind einzig und allein in dem Staat zu versteuern, in dem die dem Einkommen zugrundeliegende T\u00e4tigkeit ausge\u00fcbt wird.&nbsp; Dennoch haben die Steuerverwaltungen Vereinbarungen ausgehandelt, die eine&nbsp;Toleranzschwelle&nbsp;festlegen, unter der der Arbeitnehmer im Besch\u00e4ftigungsstaat weiterhin besteuert [&hellip;]","og_url":"https:\/\/frontaliers-grandest.eu\/de\/startseite\/arbeitgeber\/die-telearbeit-in-der-grosregion\/in-luxemburg\/steuertoleranzen\/","og_site_name":"Frontaliers Grand Est","article_publisher":"https:\/\/www.facebook.com\/frontaliers.GR.EST\/?locale=fr_FR","article_modified_time":"2021-05-04T09:45:25+00:00","twitter_card":"summary_large_image","twitter_misc":{"Gesch\u00e4tzte Lesezeit":"1\u00a0Minute"},"schema":{"@context":"https:\/\/schema.org","@graph":[{"@type":"WebPage","@id":"https:\/\/frontaliers-grandest.eu\/de\/startseite\/arbeitgeber\/die-telearbeit-in-der-grosregion\/in-luxemburg\/steuertoleranzen\/","url":"https:\/\/frontaliers-grandest.eu\/de\/startseite\/arbeitgeber\/die-telearbeit-in-der-grosregion\/in-luxemburg\/steuertoleranzen\/","name":"Steuertoleranzen - Frontaliers Grand Est","isPartOf":{"@id":"https:\/\/frontaliers-grandest.eu\/de\/#website"},"datePublished":"2021-04-26T14:43:28+00:00","dateModified":"2021-05-04T09:45:25+00:00","breadcrumb":{"@id":"https:\/\/frontaliers-grandest.eu\/de\/startseite\/arbeitgeber\/die-telearbeit-in-der-grosregion\/in-luxemburg\/steuertoleranzen\/#breadcrumb"},"inLanguage":"de","potentialAction":[{"@type":"ReadAction","target":["https:\/\/frontaliers-grandest.eu\/de\/startseite\/arbeitgeber\/die-telearbeit-in-der-grosregion\/in-luxemburg\/steuertoleranzen\/"]}]},{"@type":"BreadcrumbList","@id":"https:\/\/frontaliers-grandest.eu\/de\/startseite\/arbeitgeber\/die-telearbeit-in-der-grosregion\/in-luxemburg\/steuertoleranzen\/#breadcrumb","itemListElement":[{"@type":"ListItem","position":1,"name":"Startseite","item":"https:\/\/frontaliers-grandest.eu\/de\/"},{"@type":"ListItem","position":2,"name":"Arbeitgeber","item":"https:\/\/frontaliers-grandest.eu\/de\/startseite\/arbeitgeber\/"},{"@type":"ListItem","position":3,"name":"Die Telearbeit in der Grossregion","item":"https:\/\/frontaliers-grandest.eu\/de\/startseite\/arbeitgeber\/die-telearbeit-in-der-grosregion\/"},{"@type":"ListItem","position":4,"name":"In Luxemburg","item":"https:\/\/frontaliers-grandest.eu\/de\/startseite\/arbeitgeber\/die-telearbeit-in-der-grosregion\/in-luxemburg\/"},{"@type":"ListItem","position":5,"name":"Steuertoleranzen"}]},{"@type":"WebSite","@id":"https:\/\/frontaliers-grandest.eu\/de\/#website","url":"https:\/\/frontaliers-grandest.eu\/de\/","name":"Frontaliers Grand Est","description":"Le site ressource du travail frontalier","publisher":{"@id":"https:\/\/frontaliers-grandest.eu\/de\/#organization"},"alternateName":"Frontaliers Grand Est","potentialAction":[{"@type":"SearchAction","target":{"@type":"EntryPoint","urlTemplate":"https:\/\/frontaliers-grandest.eu\/de\/?s={search_term_string}"},"query-input":{"@type":"PropertyValueSpecification","valueRequired":true,"valueName":"search_term_string"}}],"inLanguage":"de"},{"@type":"Organization","@id":"https:\/\/frontaliers-grandest.eu\/de\/#organization","name":"Frontaliers Grand Est","alternateName":"Frontaliers Grand Est","url":"https:\/\/frontaliers-grandest.eu\/de\/","logo":{"@type":"ImageObject","inLanguage":"de","@id":"https:\/\/frontaliers-grandest.eu\/de\/#\/schema\/logo\/image\/","url":"https:\/\/frontaliers-grandest.eu\/wp-content\/uploads\/2025\/07\/260328234_2966785176920310_3332838526503858160_n.jpg","contentUrl":"https:\/\/frontaliers-grandest.eu\/wp-content\/uploads\/2025\/07\/260328234_2966785176920310_3332838526503858160_n.jpg","width":396,"height":396,"caption":"Frontaliers Grand Est"},"image":{"@id":"https:\/\/frontaliers-grandest.eu\/de\/#\/schema\/logo\/image\/"},"sameAs":["https:\/\/www.facebook.com\/frontaliers.GR.EST\/?locale=fr_FR"]}]}},"frge_page_order":0,"_links":{"self":[{"href":"https:\/\/frontaliers-grandest.eu\/de\/wp-json\/wp\/v2\/pages\/6679","targetHints":{"allow":["GET"]}}],"collection":[{"href":"https:\/\/frontaliers-grandest.eu\/de\/wp-json\/wp\/v2\/pages"}],"about":[{"href":"https:\/\/frontaliers-grandest.eu\/de\/wp-json\/wp\/v2\/types\/page"}],"author":[{"embeddable":true,"href":"https:\/\/frontaliers-grandest.eu\/de\/wp-json\/wp\/v2\/users\/7"}],"replies":[{"embeddable":true,"href":"https:\/\/frontaliers-grandest.eu\/de\/wp-json\/wp\/v2\/comments?post=6679"}],"version-history":[{"count":1,"href":"https:\/\/frontaliers-grandest.eu\/de\/wp-json\/wp\/v2\/pages\/6679\/revisions"}],"predecessor-version":[{"id":6680,"href":"https:\/\/frontaliers-grandest.eu\/de\/wp-json\/wp\/v2\/pages\/6679\/revisions\/6680"}],"up":[{"embeddable":true,"href":"https:\/\/frontaliers-grandest.eu\/de\/wp-json\/wp\/v2\/pages\/6667"}],"wp:attachment":[{"href":"https:\/\/frontaliers-grandest.eu\/de\/wp-json\/wp\/v2\/media?parent=6679"}],"wp:term":[{"taxonomy":"post_tag","embeddable":true,"href":"https:\/\/frontaliers-grandest.eu\/de\/wp-json\/wp\/v2\/tags?post=6679"},{"taxonomy":"frge_profile","embeddable":true,"href":"https:\/\/frontaliers-grandest.eu\/de\/wp-json\/wp\/v2\/frge_profile?post=6679"}],"curies":[{"name":"wp","href":"https:\/\/api.w.org\/{rel}","templated":true}]}}