{"id":6658,"date":"2021-04-26T16:31:29","date_gmt":"2021-04-26T14:31:29","guid":{"rendered":"https:\/\/frontaliers-grandest.eu\/?page_id=6658"},"modified":"2021-05-04T11:44:06","modified_gmt":"2021-05-04T09:44:06","slug":"die-steuerlichen-bestimmungen-der-telearbeit","status":"publish","type":"page","link":"https:\/\/frontaliers-grandest.eu\/de\/startseite\/arbeitgeber\/die-telearbeit-in-der-grosregion\/die-wichtigsten-regeln\/die-steuerlichen-bestimmungen-der-telearbeit\/","title":{"rendered":"Die Steuerlichen Bestimmungen der Telearbeit"},"content":{"rendered":"\n<p>Wenn ein Arbeitnehmer sich in einen anderen Staat begibt, um dort zu arbeiten, k\u00f6nnen der Wohnsitz- und der T\u00e4tigkeitsstaat entsprechend der jeweiligen nationalen Gesetzgebung beanspruchen, Einkommensteuer f\u00fcr das erhaltene Einkommen zu erhalten. Aus diesem Grund besteht ein Risiko f\u00fcr den Steuerzahler, zweimal besteuert zu werden.&nbsp;&nbsp;<\/p>\n\n\n\n<p>Da keine Regelungen im steuerlichen Bereich innerhalb der Europa\u00efschen Union besteht, die die verschiedenen nationalen Gesetzgebungen koordiniert, haben die meisten Staaten unter sich Abkommen unterzeichnet,<strong>&nbsp;um die doppelte Besteuerung zu verhindern<\/strong>.&nbsp;<\/p>\n\n\n\n<p>Um herauszufinden, welches Doppelbesteuerungsabkommen anwendbar ist, ist es notwendig die Vereinbarung zwischen :&nbsp;<\/p>\n\n\n\n<ul class=\"wp-block-list\"><li>dem Wohnsitzstaat des Arbeitnehmers und&nbsp;<\/li><li>dem Besch\u00e4ftigungsstaat des Arbeitnehmers zu betrachten.<\/li><\/ul>\n\n\n\n<p>Die Doppelbesteuerungsabkommen zwischen den verschiedenen Staaten, darunter die der Gro\u00dfregion, beruhen auf folgendem Prinzip : d<strong>ie Geh\u00e4lter Verg\u00fctungen und andere Entlohnungen<\/strong>&nbsp;(Provisonen, Pr\u00e4mien, Gratifikationen, Trinkgelder, usw.)<strong>&nbsp;sind einzig und allein in dem Staat zu versteuern, in dem die dem Einkommen zugrundeliegende T\u00e4tigkeit ausge\u00fcbt wird<\/strong>.&nbsp;<\/p>\n\n\n\n<h5 class=\"wp-block-heading\">Dieses Prinzip findet sich in folgenden Abkommen :&nbsp;<\/h5>\n\n\n\n<ul class=\"wp-block-list\"><li>Frankreich und Luxemburg, unterzeichnet am 1. April&nbsp; 1958, Artikel 14,<\/li><li>Luxemburg und Deutschland, unterzeichnet am 23. August 1958, Artikel 10,<\/li><li>Deutschland und Frankreich, unterzeichnet am 21. Juli 1959, Artikel 13,<\/li><li>Belgien und Frankreich, unterzeichnet am 10. M\u00e4rz 1964, Artikel 11,<\/li><li>Deutschland und Belgien, unterzeichnet am 11. April 1967, Artikel 15,&nbsp;<\/li><li>Belgien und Luxemburg, unterzeichnet am 17. September 1970, Artikel 15.<\/li><\/ul>\n\n\n\n<p>Im Kontext der Aus\u00fcbung einer grenz\u00fcberschreitenden geteilten T\u00e4tigkeit zwischen Telearbeit und &#8222;klassischer&#8220; T\u00e4tigkeit im Unternehmen, bedeutet die Anwendung dieser Regel,&nbsp;<strong>dass das Einkommen zugleich im Wohnsitzstaat und im Staat des Arbeitgebers zu versteuern ist<\/strong>, da die berufliche T\u00e4tigkeit in zwei verschiedenen Staaten ausge\u00fcbt wird.&nbsp;<\/p>\n\n\n\n<p>Der Arbeitgeber muss deshalb&nbsp;eine Auflistung \u00fcber die im Unternehmen gearbeiteten Tage und die am Wohnsitz des Arbeitnehmers gearbeitete Zeit f\u00fchren. Das Besteuerungsrecht wird zwischen den beiden Staaten aufgeteilt. Je nach Kontext muss der Arbeitgeber (im Falle der Erhebung einer Quellensteuer) oder der Arbeitnehmer (durch das Ausff\u00fclen einer Einkommensteuererkl\u00e4rung) die steuerlichen Regelungen des jeweiligen Staates entsprechend der Verteilung der Arbeitszeit anwenden.&nbsp;<\/p>\n","protected":false},"excerpt":{"rendered":"<p>Wenn ein Arbeitnehmer sich in einen anderen Staat begibt, um dort zu arbeiten, k\u00f6nnen der Wohnsitz- und der T\u00e4tigkeitsstaat entsprechend der jeweiligen nationalen Gesetzgebung beanspruchen, Einkommensteuer f\u00fcr das erhaltene Einkommen zu erhalten. Aus diesem Grund besteht ein Risiko f\u00fcr den Steuerzahler, zweimal besteuert zu werden.&nbsp;&nbsp; Da keine Regelungen im steuerlichen Bereich innerhalb der Europa\u00efschen Union [&hellip;]<\/p>\n","protected":false},"author":7,"featured_media":0,"parent":6644,"menu_order":1,"comment_status":"closed","ping_status":"closed","template":"","meta":{"inline_featured_image":false,"footnotes":""},"tags":[],"frge_profile":[],"class_list":["post-6658","page","type-page","status-publish","hentry"],"yoast_head":"<!-- This site is optimized with the Yoast SEO plugin v27.1.1 - https:\/\/yoast.com\/product\/yoast-seo-wordpress\/ -->\n<title>Die Steuerlichen Bestimmungen der Telearbeit - Frontaliers Grand Est<\/title>\n<meta name=\"robots\" content=\"index, follow, max-snippet:-1, max-image-preview:large, max-video-preview:-1\" \/>\n<link rel=\"canonical\" href=\"https:\/\/frontaliers-grandest.eu\/de\/startseite\/arbeitgeber\/die-telearbeit-in-der-grosregion\/die-wichtigsten-regeln\/die-steuerlichen-bestimmungen-der-telearbeit\/\" \/>\n<meta property=\"og:locale\" content=\"de_DE\" \/>\n<meta property=\"og:type\" content=\"article\" \/>\n<meta property=\"og:title\" content=\"Die Steuerlichen Bestimmungen der Telearbeit - Frontaliers Grand Est\" \/>\n<meta property=\"og:description\" content=\"Wenn ein Arbeitnehmer sich in einen anderen Staat begibt, um dort zu arbeiten, k\u00f6nnen der Wohnsitz- und der T\u00e4tigkeitsstaat entsprechend der jeweiligen nationalen Gesetzgebung beanspruchen, Einkommensteuer f\u00fcr das erhaltene Einkommen zu erhalten. Aus diesem Grund besteht ein Risiko f\u00fcr den Steuerzahler, zweimal besteuert zu werden.&nbsp;&nbsp; Da keine Regelungen im steuerlichen Bereich innerhalb der Europa\u00efschen Union [&hellip;]\" \/>\n<meta property=\"og:url\" content=\"https:\/\/frontaliers-grandest.eu\/de\/startseite\/arbeitgeber\/die-telearbeit-in-der-grosregion\/die-wichtigsten-regeln\/die-steuerlichen-bestimmungen-der-telearbeit\/\" \/>\n<meta property=\"og:site_name\" content=\"Frontaliers Grand Est\" \/>\n<meta property=\"article:publisher\" content=\"https:\/\/www.facebook.com\/frontaliers.GR.EST\/?locale=fr_FR\" \/>\n<meta property=\"article:modified_time\" content=\"2021-05-04T09:44:06+00:00\" \/>\n<meta name=\"twitter:card\" content=\"summary_large_image\" \/>\n<meta name=\"twitter:label1\" content=\"Gesch\u00e4tzte Lesezeit\" \/>\n\t<meta name=\"twitter:data1\" content=\"2\u00a0Minuten\" \/>\n<script type=\"application\/ld+json\" class=\"yoast-schema-graph\">{\"@context\":\"https:\/\/schema.org\",\"@graph\":[{\"@type\":\"WebPage\",\"@id\":\"https:\/\/frontaliers-grandest.eu\/de\/startseite\/arbeitgeber\/die-telearbeit-in-der-grosregion\/die-wichtigsten-regeln\/die-steuerlichen-bestimmungen-der-telearbeit\/\",\"url\":\"https:\/\/frontaliers-grandest.eu\/de\/startseite\/arbeitgeber\/die-telearbeit-in-der-grosregion\/die-wichtigsten-regeln\/die-steuerlichen-bestimmungen-der-telearbeit\/\",\"name\":\"Die Steuerlichen Bestimmungen der Telearbeit - Frontaliers Grand Est\",\"isPartOf\":{\"@id\":\"https:\/\/frontaliers-grandest.eu\/de\/#website\"},\"datePublished\":\"2021-04-26T14:31:29+00:00\",\"dateModified\":\"2021-05-04T09:44:06+00:00\",\"breadcrumb\":{\"@id\":\"https:\/\/frontaliers-grandest.eu\/de\/startseite\/arbeitgeber\/die-telearbeit-in-der-grosregion\/die-wichtigsten-regeln\/die-steuerlichen-bestimmungen-der-telearbeit\/#breadcrumb\"},\"inLanguage\":\"de\",\"potentialAction\":[{\"@type\":\"ReadAction\",\"target\":[\"https:\/\/frontaliers-grandest.eu\/de\/startseite\/arbeitgeber\/die-telearbeit-in-der-grosregion\/die-wichtigsten-regeln\/die-steuerlichen-bestimmungen-der-telearbeit\/\"]}]},{\"@type\":\"BreadcrumbList\",\"@id\":\"https:\/\/frontaliers-grandest.eu\/de\/startseite\/arbeitgeber\/die-telearbeit-in-der-grosregion\/die-wichtigsten-regeln\/die-steuerlichen-bestimmungen-der-telearbeit\/#breadcrumb\",\"itemListElement\":[{\"@type\":\"ListItem\",\"position\":1,\"name\":\"Startseite\",\"item\":\"https:\/\/frontaliers-grandest.eu\/de\/\"},{\"@type\":\"ListItem\",\"position\":2,\"name\":\"Arbeitgeber\",\"item\":\"https:\/\/frontaliers-grandest.eu\/de\/startseite\/arbeitgeber\/\"},{\"@type\":\"ListItem\",\"position\":3,\"name\":\"Die Telearbeit in der Grossregion\",\"item\":\"https:\/\/frontaliers-grandest.eu\/de\/startseite\/arbeitgeber\/die-telearbeit-in-der-grosregion\/\"},{\"@type\":\"ListItem\",\"position\":4,\"name\":\"Die wichtigsten regeln\",\"item\":\"https:\/\/frontaliers-grandest.eu\/de\/startseite\/arbeitgeber\/die-telearbeit-in-der-grosregion\/die-wichtigsten-regeln\/\"},{\"@type\":\"ListItem\",\"position\":5,\"name\":\"Die Steuerlichen Bestimmungen der Telearbeit\"}]},{\"@type\":\"WebSite\",\"@id\":\"https:\/\/frontaliers-grandest.eu\/de\/#website\",\"url\":\"https:\/\/frontaliers-grandest.eu\/de\/\",\"name\":\"Frontaliers Grand Est\",\"description\":\"Le site ressource du travail frontalier\",\"publisher\":{\"@id\":\"https:\/\/frontaliers-grandest.eu\/de\/#organization\"},\"alternateName\":\"Frontaliers Grand Est\",\"potentialAction\":[{\"@type\":\"SearchAction\",\"target\":{\"@type\":\"EntryPoint\",\"urlTemplate\":\"https:\/\/frontaliers-grandest.eu\/de\/?s={search_term_string}\"},\"query-input\":{\"@type\":\"PropertyValueSpecification\",\"valueRequired\":true,\"valueName\":\"search_term_string\"}}],\"inLanguage\":\"de\"},{\"@type\":\"Organization\",\"@id\":\"https:\/\/frontaliers-grandest.eu\/de\/#organization\",\"name\":\"Frontaliers Grand Est\",\"alternateName\":\"Frontaliers Grand Est\",\"url\":\"https:\/\/frontaliers-grandest.eu\/de\/\",\"logo\":{\"@type\":\"ImageObject\",\"inLanguage\":\"de\",\"@id\":\"https:\/\/frontaliers-grandest.eu\/de\/#\/schema\/logo\/image\/\",\"url\":\"https:\/\/frontaliers-grandest.eu\/wp-content\/uploads\/2025\/07\/260328234_2966785176920310_3332838526503858160_n.jpg\",\"contentUrl\":\"https:\/\/frontaliers-grandest.eu\/wp-content\/uploads\/2025\/07\/260328234_2966785176920310_3332838526503858160_n.jpg\",\"width\":396,\"height\":396,\"caption\":\"Frontaliers Grand Est\"},\"image\":{\"@id\":\"https:\/\/frontaliers-grandest.eu\/de\/#\/schema\/logo\/image\/\"},\"sameAs\":[\"https:\/\/www.facebook.com\/frontaliers.GR.EST\/?locale=fr_FR\"]}]}<\/script>\n<!-- \/ Yoast SEO plugin. -->","yoast_head_json":{"title":"Die Steuerlichen Bestimmungen der Telearbeit - Frontaliers Grand Est","robots":{"index":"index","follow":"follow","max-snippet":"max-snippet:-1","max-image-preview":"max-image-preview:large","max-video-preview":"max-video-preview:-1"},"canonical":"https:\/\/frontaliers-grandest.eu\/de\/startseite\/arbeitgeber\/die-telearbeit-in-der-grosregion\/die-wichtigsten-regeln\/die-steuerlichen-bestimmungen-der-telearbeit\/","og_locale":"de_DE","og_type":"article","og_title":"Die Steuerlichen Bestimmungen der Telearbeit - Frontaliers Grand Est","og_description":"Wenn ein Arbeitnehmer sich in einen anderen Staat begibt, um dort zu arbeiten, k\u00f6nnen der Wohnsitz- und der T\u00e4tigkeitsstaat entsprechend der jeweiligen nationalen Gesetzgebung beanspruchen, Einkommensteuer f\u00fcr das erhaltene Einkommen zu erhalten. Aus diesem Grund besteht ein Risiko f\u00fcr den Steuerzahler, zweimal besteuert zu werden.&nbsp;&nbsp; Da keine Regelungen im steuerlichen Bereich innerhalb der Europa\u00efschen Union [&hellip;]","og_url":"https:\/\/frontaliers-grandest.eu\/de\/startseite\/arbeitgeber\/die-telearbeit-in-der-grosregion\/die-wichtigsten-regeln\/die-steuerlichen-bestimmungen-der-telearbeit\/","og_site_name":"Frontaliers Grand Est","article_publisher":"https:\/\/www.facebook.com\/frontaliers.GR.EST\/?locale=fr_FR","article_modified_time":"2021-05-04T09:44:06+00:00","twitter_card":"summary_large_image","twitter_misc":{"Gesch\u00e4tzte Lesezeit":"2\u00a0Minuten"},"schema":{"@context":"https:\/\/schema.org","@graph":[{"@type":"WebPage","@id":"https:\/\/frontaliers-grandest.eu\/de\/startseite\/arbeitgeber\/die-telearbeit-in-der-grosregion\/die-wichtigsten-regeln\/die-steuerlichen-bestimmungen-der-telearbeit\/","url":"https:\/\/frontaliers-grandest.eu\/de\/startseite\/arbeitgeber\/die-telearbeit-in-der-grosregion\/die-wichtigsten-regeln\/die-steuerlichen-bestimmungen-der-telearbeit\/","name":"Die Steuerlichen Bestimmungen der Telearbeit - Frontaliers Grand Est","isPartOf":{"@id":"https:\/\/frontaliers-grandest.eu\/de\/#website"},"datePublished":"2021-04-26T14:31:29+00:00","dateModified":"2021-05-04T09:44:06+00:00","breadcrumb":{"@id":"https:\/\/frontaliers-grandest.eu\/de\/startseite\/arbeitgeber\/die-telearbeit-in-der-grosregion\/die-wichtigsten-regeln\/die-steuerlichen-bestimmungen-der-telearbeit\/#breadcrumb"},"inLanguage":"de","potentialAction":[{"@type":"ReadAction","target":["https:\/\/frontaliers-grandest.eu\/de\/startseite\/arbeitgeber\/die-telearbeit-in-der-grosregion\/die-wichtigsten-regeln\/die-steuerlichen-bestimmungen-der-telearbeit\/"]}]},{"@type":"BreadcrumbList","@id":"https:\/\/frontaliers-grandest.eu\/de\/startseite\/arbeitgeber\/die-telearbeit-in-der-grosregion\/die-wichtigsten-regeln\/die-steuerlichen-bestimmungen-der-telearbeit\/#breadcrumb","itemListElement":[{"@type":"ListItem","position":1,"name":"Startseite","item":"https:\/\/frontaliers-grandest.eu\/de\/"},{"@type":"ListItem","position":2,"name":"Arbeitgeber","item":"https:\/\/frontaliers-grandest.eu\/de\/startseite\/arbeitgeber\/"},{"@type":"ListItem","position":3,"name":"Die Telearbeit in der Grossregion","item":"https:\/\/frontaliers-grandest.eu\/de\/startseite\/arbeitgeber\/die-telearbeit-in-der-grosregion\/"},{"@type":"ListItem","position":4,"name":"Die wichtigsten regeln","item":"https:\/\/frontaliers-grandest.eu\/de\/startseite\/arbeitgeber\/die-telearbeit-in-der-grosregion\/die-wichtigsten-regeln\/"},{"@type":"ListItem","position":5,"name":"Die Steuerlichen Bestimmungen der Telearbeit"}]},{"@type":"WebSite","@id":"https:\/\/frontaliers-grandest.eu\/de\/#website","url":"https:\/\/frontaliers-grandest.eu\/de\/","name":"Frontaliers Grand Est","description":"Le site ressource du travail frontalier","publisher":{"@id":"https:\/\/frontaliers-grandest.eu\/de\/#organization"},"alternateName":"Frontaliers Grand Est","potentialAction":[{"@type":"SearchAction","target":{"@type":"EntryPoint","urlTemplate":"https:\/\/frontaliers-grandest.eu\/de\/?s={search_term_string}"},"query-input":{"@type":"PropertyValueSpecification","valueRequired":true,"valueName":"search_term_string"}}],"inLanguage":"de"},{"@type":"Organization","@id":"https:\/\/frontaliers-grandest.eu\/de\/#organization","name":"Frontaliers Grand Est","alternateName":"Frontaliers Grand Est","url":"https:\/\/frontaliers-grandest.eu\/de\/","logo":{"@type":"ImageObject","inLanguage":"de","@id":"https:\/\/frontaliers-grandest.eu\/de\/#\/schema\/logo\/image\/","url":"https:\/\/frontaliers-grandest.eu\/wp-content\/uploads\/2025\/07\/260328234_2966785176920310_3332838526503858160_n.jpg","contentUrl":"https:\/\/frontaliers-grandest.eu\/wp-content\/uploads\/2025\/07\/260328234_2966785176920310_3332838526503858160_n.jpg","width":396,"height":396,"caption":"Frontaliers Grand Est"},"image":{"@id":"https:\/\/frontaliers-grandest.eu\/de\/#\/schema\/logo\/image\/"},"sameAs":["https:\/\/www.facebook.com\/frontaliers.GR.EST\/?locale=fr_FR"]}]}},"frge_page_order":0,"_links":{"self":[{"href":"https:\/\/frontaliers-grandest.eu\/de\/wp-json\/wp\/v2\/pages\/6658","targetHints":{"allow":["GET"]}}],"collection":[{"href":"https:\/\/frontaliers-grandest.eu\/de\/wp-json\/wp\/v2\/pages"}],"about":[{"href":"https:\/\/frontaliers-grandest.eu\/de\/wp-json\/wp\/v2\/types\/page"}],"author":[{"embeddable":true,"href":"https:\/\/frontaliers-grandest.eu\/de\/wp-json\/wp\/v2\/users\/7"}],"replies":[{"embeddable":true,"href":"https:\/\/frontaliers-grandest.eu\/de\/wp-json\/wp\/v2\/comments?post=6658"}],"version-history":[{"count":1,"href":"https:\/\/frontaliers-grandest.eu\/de\/wp-json\/wp\/v2\/pages\/6658\/revisions"}],"predecessor-version":[{"id":6659,"href":"https:\/\/frontaliers-grandest.eu\/de\/wp-json\/wp\/v2\/pages\/6658\/revisions\/6659"}],"up":[{"embeddable":true,"href":"https:\/\/frontaliers-grandest.eu\/de\/wp-json\/wp\/v2\/pages\/6644"}],"wp:attachment":[{"href":"https:\/\/frontaliers-grandest.eu\/de\/wp-json\/wp\/v2\/media?parent=6658"}],"wp:term":[{"taxonomy":"post_tag","embeddable":true,"href":"https:\/\/frontaliers-grandest.eu\/de\/wp-json\/wp\/v2\/tags?post=6658"},{"taxonomy":"frge_profile","embeddable":true,"href":"https:\/\/frontaliers-grandest.eu\/de\/wp-json\/wp\/v2\/frge_profile?post=6658"}],"curies":[{"name":"wp","href":"https:\/\/api.w.org\/{rel}","templated":true}]}}