{"id":6646,"date":"2021-04-26T16:19:28","date_gmt":"2021-04-26T14:19:28","guid":{"rendered":"https:\/\/frontaliers-grandest.eu\/?page_id=6646"},"modified":"2021-05-04T11:44:12","modified_gmt":"2021-05-04T09:44:12","slug":"die-verschiedenen-formen-von-telearbeit","status":"publish","type":"page","link":"https:\/\/frontaliers-grandest.eu\/de\/startseite\/arbeitgeber\/die-telearbeit-in-der-grosregion\/die-wichtigsten-regeln\/die-verschiedenen-formen-von-telearbeit\/","title":{"rendered":"Die verschiedenen Formen von Telearbeit"},"content":{"rendered":"\n<h5 class=\"wp-block-heading\">Die Telearbeit zu Hause&nbsp;<\/h5>\n\n\n\n<p>Der Telearbeitnehmer kann seine T\u00e4tigkeit&nbsp;ausschlie\u00dflich bei sich zu Hause aus\u00fcben, in Voll -oder Teilzeit, als Nichtselbstst\u00e4ndiger Arbeitnehmer oder als Selbstst\u00e4ndiger.&nbsp;<\/p>\n\n\n\n<p>Die Telearbeit kann auch &#8222;gemischt&#8220; sein (auch &#8222;Pendler-Telearbeit&#8220; oder &#8222;abwechselnde&#8220; Telearbeit genannt). Das hei\u00dft, dass der Arbeitsort &#8222;zu Hause&#8220; und im B\u00fcro abgewechselt wird, um eine Bindung mit dem Arbeitsumfeld zu erhalten.&nbsp;<\/p>\n\n\n\n<p><em>Beispiel&nbsp;: Arbeit zu Hause an 2 Tagen pro Woche, die anderen Tage werden in der Firma abgeleistet.&nbsp;<\/em><\/p>\n\n\n\n<h5 class=\"wp-block-heading\">Die Mobile Telearbeit&nbsp;<\/h5>\n\n\n\n<p>Es wird auch &#8222;nomadenhafte Telearbeit&#8220; oder &#8222;wandernde Telearbeit&#8220; genannt.&nbsp;<\/p>\n\n\n\n<p>Bei gleichzeitiger Beibehaltung eines physischen Arbeitsplatzes im Unternehmen nutzt, der Arbeitnehmer die neuen Technologien, um bei einem Kunden, von einer Filiale oder einem Transportmittel aus zu arbeiten.&nbsp;<strong>Deutschland, Frankreich und Luxemburg erkennen die mobile Telearbeit als Form der Telearbeit an<\/strong>.&nbsp;<\/p>\n\n\n\n<p>Diese Form der Abeitsorganisation wird in Belgien nicht als Telearbeit anerkannt.&nbsp;<\/p>\n\n\n\n<h5 class=\"wp-block-heading\">Die Telearbeit im Netzwzerk<\/h5>\n\n\n\n<p>Es wird auch &#8222;dezentralisierte Telearbeit&#8220; genannt.&nbsp;<\/p>\n\n\n\n<p>Hierbei ist der Arbeitnehmer&nbsp;an einem anderen Ord besch\u00e4ftigt als dem seiner urspr\u00fcnglichen Firma. Es handelt sich hierbei um eine Niederlassung, ein sogennantes Satelittenb\u00fcro, welches die Zusammenkunft von mehreren Arbeitnehmern derselben Firma erm\u00f6glicht, um Ihnen die Zeitersparnis des Arbeitswegs zu erm\u00f6glichen. In diesem Falle beh\u00e4lt der Arbeitgeber die Kontrolle \u00fcber seine Arbeitnehmer.&nbsp;<\/p>\n\n\n\n<p>Diese Form der Abeitsorganisation wird in Belgien nicht als Telearbeit anerkannt.&nbsp;<\/p>\n\n\n\n<h5 class=\"wp-block-heading\">Die Telearbeit in einem Telearbeitszentrum<\/h5>\n\n\n\n<p>Bei dieser Form&nbsp;arbeitet der Arbeitnehmer des Unternehmens aus der Distanz in einem Telearbeitszentrum, in dem auch andere Arbeitnehmer anderer Unternehmen t\u00e4tig sind.&nbsp;<\/p>\n\n\n\n<p>Belgien sieht die Aus\u00fcbung einer T\u00e4tigkeit in einem Telearbeitszentrum nicht als Telearbeit an.&nbsp;<\/p>\n\n\n\n<h5 class=\"wp-block-heading\"><strong>ZUSAMMENFASSUNG&nbsp;<\/strong><\/h5>\n\n\n\n<p>Die verschiedenen Telearbeitsformen werden nicht alle von der verschiedenen nationalen Gesetzgebungen anerkannt, manche werden von der nationalen Definition der Telearbeit ausgeschlossen und fallen unter andere Gesetzgebungen.&nbsp;<\/p>\n\n\n<div class=\"wp-block-wptb-table-block\"><div class=\"wptb-container-legacy\" data-table-id=\"6647\">\n    <table class=\"wptb-preview-table wptb-element-main-table_setting-6647 edit-active\" style=\"border: 1px solid rgb(209, 209, 209);\" data-reconstraction=\"1\" data-wptb-table-tds-sum-max-width=\"656\" data-wptb-cells-width-auto-count=\"5\" data-wptb-extra-styles=\"LyogRW50ZXIgeW91ciBjdXN0b20gQ1NTIHJ1bGVzIGhlcmUgKi8=\" role=\"table\" data-table-columns=\"5\"><tbody><tr class=\"wptb-row\"><td class=\"wptb-cell\" data-y-index=\"0\" data-x-index=\"0\" style=\"border: 1px solid rgb(209, 209, 209);\" data-wptb-css-td-auto-width=\"true\"><div class=\"wptb-text-container wptb-ph-element wptb-element-text-1\"><div><p><\/p><\/div><\/div><\/td><td class=\"wptb-cell\" data-y-index=\"0\" data-x-index=\"1\" style=\"border: 1px solid rgb(209, 209, 209);\" data-wptb-css-td-auto-width=\"true\"><div class=\"wptb-text-container wptb-ph-element wptb-element-text-2\"><div class=\"\" style=\"position: relative;\"><p style=\"text-align: center;\"><strong>Belgien<\/strong><\/p><\/div><\/div><\/td><td class=\"wptb-cell\" data-y-index=\"0\" data-x-index=\"2\" style=\"border: 1px solid rgb(209, 209, 209);\" data-wptb-css-td-auto-width=\"true\"><div class=\"wptb-text-container wptb-ph-element wptb-element-text-3\"><div class=\"\" style=\"position: relative;\"><p style=\"text-align: center;\"><strong>Deutschland<\/strong><\/p><\/div><\/div><\/td><td class=\"wptb-cell\" data-y-index=\"0\" data-x-index=\"3\" style=\"border: 1px solid rgb(209, 209, 209);\" data-wptb-css-td-auto-width=\"true\"><div class=\"wptb-text-container wptb-ph-element wptb-element-text-4\"><div class=\"\" style=\"position: relative;\"><p style=\"text-align: center;\"><strong>Frankreich<\/strong><\/p><\/div><\/div><\/td><td class=\"wptb-cell\" data-y-index=\"0\" data-x-index=\"4\" style=\"border: 1px solid rgb(209, 209, 209);\" data-wptb-css-td-auto-width=\"true\"><div class=\"wptb-text-container wptb-ph-element wptb-element-text-5\"><div class=\"\" style=\"position: relative;\"><p style=\"text-align: center;\"><strong>Luxemburg<\/strong><\/p><\/div><\/div><\/td><\/tr><tr class=\"wptb-row\"><td class=\"wptb-cell\" data-y-index=\"1\" data-x-index=\"0\" style=\"border: 1px solid rgb(209, 209, 209);\" data-wptb-css-td-auto-width=\"true\"><div class=\"wptb-text-container wptb-ph-element wptb-element-text-6\"><div class=\"\" style=\"position: relative;\"><p><strong>Telearbeit zu Hause<\/strong><\/p><\/div><\/div><\/td><td class=\"wptb-cell\" data-y-index=\"1\" data-x-index=\"1\" style=\"border: 1px solid rgb(209, 209, 209);\" data-wptb-css-td-auto-width=\"true\"><div class=\"wptb-text-container wptb-ph-element wptb-element-text-7\"><div class=\"\" style=\"position: relative;\"><p style=\"text-align: center;\">JA<\/p><p><\/p><\/div><\/div><\/td><td class=\"wptb-cell\" data-y-index=\"1\" data-x-index=\"2\" style=\"border: 1px solid rgb(209, 209, 209);\" data-wptb-css-td-auto-width=\"true\"><div class=\"wptb-text-container wptb-ph-element wptb-element-text-8\"><div class=\"\" style=\"position: relative;\"><p style=\"text-align: center;\">JA<\/p><\/div><\/div><\/td><td class=\"wptb-cell\" data-y-index=\"1\" data-x-index=\"3\" style=\"border: 1px solid rgb(209, 209, 209);\" data-wptb-css-td-auto-width=\"true\"><div class=\"wptb-text-container wptb-ph-element wptb-element-text-9\"><div class=\"\" style=\"position: relative;\"><p style=\"text-align: center;\">JA<\/p><\/div><\/div><\/td><td class=\"wptb-cell\" data-y-index=\"1\" data-x-index=\"4\" style=\"border: 1px solid rgb(209, 209, 209);\" data-wptb-css-td-auto-width=\"true\"><div class=\"wptb-text-container wptb-ph-element wptb-element-text-10\"><div class=\"\" style=\"position: relative;\"><p style=\"text-align: center;\">JA<\/p><\/div><\/div><\/td><\/tr><tr class=\"wptb-row\"><td class=\"wptb-cell\" data-y-index=\"2\" data-x-index=\"0\" style=\"border: 1px solid rgb(209, 209, 209);\" data-wptb-css-td-auto-width=\"true\"><div class=\"wptb-text-container wptb-ph-element wptb-element-text-11\"><div class=\"\" style=\"position: relative;\"><p><strong>Mobile Telearbeit<\/strong><\/p><\/div><\/div><\/td><td class=\"wptb-cell\" data-y-index=\"2\" data-x-index=\"1\" style=\"border: 1px solid rgb(209, 209, 209);\" data-wptb-css-td-auto-width=\"true\"><div class=\"wptb-text-container wptb-ph-element wptb-element-text-12\"><div class=\"\" style=\"position: relative;\"><p style=\"text-align: center;\">NEIN<\/p><p><\/p><\/div><\/div><\/td><td class=\"wptb-cell\" data-y-index=\"2\" data-x-index=\"2\" style=\"border: 1px solid rgb(209, 209, 209);\" data-wptb-css-td-auto-width=\"true\"><div class=\"wptb-text-container wptb-ph-element wptb-element-text-13\"><div class=\"\" style=\"position: relative;\"><p style=\"text-align: center;\">JA<\/p><\/div><\/div><\/td><td class=\"wptb-cell\" data-y-index=\"2\" data-x-index=\"3\" style=\"border: 1px solid rgb(209, 209, 209);\" data-wptb-css-td-auto-width=\"true\"><div class=\"wptb-text-container wptb-ph-element wptb-element-text-14\"><div class=\"\" style=\"position: relative;\"><p style=\"text-align: center;\">JA<\/p><\/div><\/div><\/td><td class=\"wptb-cell\" data-y-index=\"2\" data-x-index=\"4\" style=\"border: 1px solid rgb(209, 209, 209);\" data-wptb-css-td-auto-width=\"true\"><div class=\"wptb-text-container wptb-ph-element wptb-element-text-15\"><div class=\"\" style=\"position: relative;\"><p style=\"text-align: center;\">JA<\/p><\/div><\/div><\/td><\/tr><tr class=\"wptb-row\"><td class=\"wptb-cell\" data-y-index=\"3\" data-x-index=\"0\" style=\"border: 1px solid rgb(209, 209, 209);\" data-wptb-css-td-auto-width=\"true\"><div class=\"wptb-text-container wptb-ph-element wptb-element-text-16\"><div class=\"\" style=\"position: relative;\"><p class=\"\"><strong>Dezentralisierte Telearbeit&nbsp;<\/strong><\/p><\/div><\/div><\/td><td class=\"wptb-cell\" data-y-index=\"3\" data-x-index=\"1\" style=\"border: 1px solid rgb(209, 209, 209);\" data-wptb-css-td-auto-width=\"true\"><div class=\"wptb-text-container wptb-ph-element wptb-element-text-17\"><div class=\"\" style=\"position: relative;\"><p style=\"text-align: center;\">NEIN<\/p><p><\/p><\/div><\/div><\/td><td class=\"wptb-cell\" data-y-index=\"3\" data-x-index=\"2\" style=\"border: 1px solid rgb(209, 209, 209);\" data-wptb-css-td-auto-width=\"true\"><div class=\"wptb-text-container wptb-ph-element wptb-element-text-18\"><div class=\"\" style=\"position: relative;\"><p style=\"text-align: center;\">JA<\/p><\/div><\/div><\/td><td class=\"wptb-cell\" data-y-index=\"3\" data-x-index=\"3\" style=\"border: 1px solid rgb(209, 209, 209);\" data-wptb-css-td-auto-width=\"true\"><div class=\"wptb-text-container wptb-ph-element wptb-element-text-19\"><div class=\"\" style=\"position: relative;\"><p style=\"text-align: center;\">JA<\/p><\/div><\/div><\/td><td class=\"wptb-cell\" data-y-index=\"3\" data-x-index=\"4\" style=\"border: 1px solid rgb(209, 209, 209);\" data-wptb-css-td-auto-width=\"true\"><div class=\"wptb-text-container wptb-ph-element wptb-element-text-20\"><div class=\"\" style=\"position: relative;\"><p style=\"text-align: center;\">JA<\/p><\/div><\/div><\/td><\/tr><tr class=\"wptb-row\"><td class=\"wptb-cell\" data-y-index=\"4\" data-x-index=\"0\" style=\"border: 1px solid rgb(209, 209, 209);\" data-wptb-css-td-auto-width=\"true\"><div class=\"wptb-text-container wptb-ph-element wptb-element-text-21\"><div class=\"\" style=\"position: relative;\"><p><strong>Telearbeitszentrum&nbsp;<\/strong><\/p><\/div><\/div><\/td><td class=\"wptb-cell\" data-y-index=\"4\" data-x-index=\"1\" style=\"border: 1px solid rgb(209, 209, 209);\" data-wptb-css-td-auto-width=\"true\"><div class=\"wptb-text-container wptb-ph-element wptb-element-text-22\"><div class=\"\" style=\"position: relative;\"><p style=\"text-align: center;\">NEIN<\/p><p style=\"text-align: center;\"><\/p><\/div><\/div><\/td><td class=\"wptb-cell\" data-y-index=\"4\" data-x-index=\"2\" style=\"border: 1px solid rgb(209, 209, 209);\" data-wptb-css-td-auto-width=\"true\"><div class=\"wptb-text-container wptb-ph-element wptb-element-text-23\"><div class=\"\" style=\"position: relative;\"><p style=\"text-align: center;\">JA<\/p><\/div><\/div><\/td><td class=\"wptb-cell\" data-y-index=\"4\" data-x-index=\"3\" style=\"border: 1px solid rgb(209, 209, 209);\" data-wptb-css-td-auto-width=\"true\"><div class=\"wptb-text-container wptb-ph-element wptb-element-text-24\"><div class=\"\" style=\"position: relative;\"><p style=\"text-align: center;\">JA<\/p><\/div><\/div><\/td><td class=\"wptb-cell\" data-y-index=\"4\" data-x-index=\"4\" style=\"border: 1px solid rgb(209, 209, 209);\" data-wptb-css-td-auto-width=\"true\"><div class=\"wptb-text-container wptb-ph-element wptb-element-text-25\"><div class=\"\" style=\"position: relative;\"><p style=\"text-align: center;\">JA<\/p><\/div><\/div><\/td><\/tr><\/tbody><\/table>\n<\/div>\n<\/div>","protected":false},"excerpt":{"rendered":"<p>Die Telearbeit zu Hause&nbsp; Der Telearbeitnehmer kann seine T\u00e4tigkeit&nbsp;ausschlie\u00dflich bei sich zu Hause aus\u00fcben, in Voll -oder Teilzeit, als Nichtselbstst\u00e4ndiger Arbeitnehmer oder als Selbstst\u00e4ndiger.&nbsp; Die Telearbeit kann auch &#8222;gemischt&#8220; sein (auch &#8222;Pendler-Telearbeit&#8220; oder &#8222;abwechselnde&#8220; Telearbeit genannt). Das hei\u00dft, dass der Arbeitsort &#8222;zu Hause&#8220; und im B\u00fcro abgewechselt wird, um eine Bindung mit dem Arbeitsumfeld zu [&hellip;]<\/p>\n","protected":false},"author":7,"featured_media":0,"parent":6644,"menu_order":2,"comment_status":"closed","ping_status":"closed","template":"","meta":{"inline_featured_image":false,"footnotes":""},"tags":[],"frge_profile":[],"class_list":["post-6646","page","type-page","status-publish","hentry"],"yoast_head":"<!-- This site is optimized with the Yoast SEO plugin v27.1.1 - https:\/\/yoast.com\/product\/yoast-seo-wordpress\/ -->\n<title>Die verschiedenen Formen von Telearbeit - Frontaliers Grand Est<\/title>\n<meta name=\"robots\" content=\"index, follow, max-snippet:-1, max-image-preview:large, max-video-preview:-1\" \/>\n<link rel=\"canonical\" href=\"https:\/\/frontaliers-grandest.eu\/de\/startseite\/arbeitgeber\/die-telearbeit-in-der-grosregion\/die-wichtigsten-regeln\/die-verschiedenen-formen-von-telearbeit\/\" \/>\n<meta property=\"og:locale\" content=\"de_DE\" \/>\n<meta property=\"og:type\" content=\"article\" \/>\n<meta property=\"og:title\" content=\"Die verschiedenen Formen von Telearbeit - Frontaliers Grand Est\" \/>\n<meta property=\"og:description\" content=\"Die Telearbeit zu Hause&nbsp; Der Telearbeitnehmer kann seine T\u00e4tigkeit&nbsp;ausschlie\u00dflich bei sich zu Hause aus\u00fcben, in Voll -oder Teilzeit, als Nichtselbstst\u00e4ndiger Arbeitnehmer oder als Selbstst\u00e4ndiger.&nbsp; Die Telearbeit kann auch &#8222;gemischt&#8220; sein (auch &#8222;Pendler-Telearbeit&#8220; oder &#8222;abwechselnde&#8220; Telearbeit genannt). Das hei\u00dft, dass der Arbeitsort &#8222;zu Hause&#8220; und im B\u00fcro abgewechselt wird, um eine Bindung mit dem Arbeitsumfeld zu [&hellip;]\" \/>\n<meta property=\"og:url\" content=\"https:\/\/frontaliers-grandest.eu\/de\/startseite\/arbeitgeber\/die-telearbeit-in-der-grosregion\/die-wichtigsten-regeln\/die-verschiedenen-formen-von-telearbeit\/\" \/>\n<meta property=\"og:site_name\" content=\"Frontaliers Grand Est\" \/>\n<meta property=\"article:publisher\" content=\"https:\/\/www.facebook.com\/frontaliers.GR.EST\/?locale=fr_FR\" \/>\n<meta property=\"article:modified_time\" content=\"2021-05-04T09:44:12+00:00\" \/>\n<meta name=\"twitter:card\" content=\"summary_large_image\" \/>\n<meta name=\"twitter:label1\" content=\"Gesch\u00e4tzte Lesezeit\" \/>\n\t<meta name=\"twitter:data1\" content=\"2\u00a0Minuten\" \/>\n<script type=\"application\/ld+json\" class=\"yoast-schema-graph\">{\"@context\":\"https:\/\/schema.org\",\"@graph\":[{\"@type\":\"WebPage\",\"@id\":\"https:\/\/frontaliers-grandest.eu\/de\/startseite\/arbeitgeber\/die-telearbeit-in-der-grosregion\/die-wichtigsten-regeln\/die-verschiedenen-formen-von-telearbeit\/\",\"url\":\"https:\/\/frontaliers-grandest.eu\/de\/startseite\/arbeitgeber\/die-telearbeit-in-der-grosregion\/die-wichtigsten-regeln\/die-verschiedenen-formen-von-telearbeit\/\",\"name\":\"Die verschiedenen Formen von Telearbeit - Frontaliers Grand Est\",\"isPartOf\":{\"@id\":\"https:\/\/frontaliers-grandest.eu\/de\/#website\"},\"datePublished\":\"2021-04-26T14:19:28+00:00\",\"dateModified\":\"2021-05-04T09:44:12+00:00\",\"breadcrumb\":{\"@id\":\"https:\/\/frontaliers-grandest.eu\/de\/startseite\/arbeitgeber\/die-telearbeit-in-der-grosregion\/die-wichtigsten-regeln\/die-verschiedenen-formen-von-telearbeit\/#breadcrumb\"},\"inLanguage\":\"de\",\"potentialAction\":[{\"@type\":\"ReadAction\",\"target\":[\"https:\/\/frontaliers-grandest.eu\/de\/startseite\/arbeitgeber\/die-telearbeit-in-der-grosregion\/die-wichtigsten-regeln\/die-verschiedenen-formen-von-telearbeit\/\"]}]},{\"@type\":\"BreadcrumbList\",\"@id\":\"https:\/\/frontaliers-grandest.eu\/de\/startseite\/arbeitgeber\/die-telearbeit-in-der-grosregion\/die-wichtigsten-regeln\/die-verschiedenen-formen-von-telearbeit\/#breadcrumb\",\"itemListElement\":[{\"@type\":\"ListItem\",\"position\":1,\"name\":\"Startseite\",\"item\":\"https:\/\/frontaliers-grandest.eu\/de\/\"},{\"@type\":\"ListItem\",\"position\":2,\"name\":\"Arbeitgeber\",\"item\":\"https:\/\/frontaliers-grandest.eu\/de\/startseite\/arbeitgeber\/\"},{\"@type\":\"ListItem\",\"position\":3,\"name\":\"Die Telearbeit in der Grossregion\",\"item\":\"https:\/\/frontaliers-grandest.eu\/de\/startseite\/arbeitgeber\/die-telearbeit-in-der-grosregion\/\"},{\"@type\":\"ListItem\",\"position\":4,\"name\":\"Die wichtigsten regeln\",\"item\":\"https:\/\/frontaliers-grandest.eu\/de\/startseite\/arbeitgeber\/die-telearbeit-in-der-grosregion\/die-wichtigsten-regeln\/\"},{\"@type\":\"ListItem\",\"position\":5,\"name\":\"Die verschiedenen Formen von Telearbeit\"}]},{\"@type\":\"WebSite\",\"@id\":\"https:\/\/frontaliers-grandest.eu\/de\/#website\",\"url\":\"https:\/\/frontaliers-grandest.eu\/de\/\",\"name\":\"Frontaliers Grand Est\",\"description\":\"Le site ressource du travail frontalier\",\"publisher\":{\"@id\":\"https:\/\/frontaliers-grandest.eu\/de\/#organization\"},\"alternateName\":\"Frontaliers Grand Est\",\"potentialAction\":[{\"@type\":\"SearchAction\",\"target\":{\"@type\":\"EntryPoint\",\"urlTemplate\":\"https:\/\/frontaliers-grandest.eu\/de\/?s={search_term_string}\"},\"query-input\":{\"@type\":\"PropertyValueSpecification\",\"valueRequired\":true,\"valueName\":\"search_term_string\"}}],\"inLanguage\":\"de\"},{\"@type\":\"Organization\",\"@id\":\"https:\/\/frontaliers-grandest.eu\/de\/#organization\",\"name\":\"Frontaliers Grand Est\",\"alternateName\":\"Frontaliers Grand Est\",\"url\":\"https:\/\/frontaliers-grandest.eu\/de\/\",\"logo\":{\"@type\":\"ImageObject\",\"inLanguage\":\"de\",\"@id\":\"https:\/\/frontaliers-grandest.eu\/de\/#\/schema\/logo\/image\/\",\"url\":\"https:\/\/frontaliers-grandest.eu\/wp-content\/uploads\/2025\/07\/260328234_2966785176920310_3332838526503858160_n.jpg\",\"contentUrl\":\"https:\/\/frontaliers-grandest.eu\/wp-content\/uploads\/2025\/07\/260328234_2966785176920310_3332838526503858160_n.jpg\",\"width\":396,\"height\":396,\"caption\":\"Frontaliers Grand Est\"},\"image\":{\"@id\":\"https:\/\/frontaliers-grandest.eu\/de\/#\/schema\/logo\/image\/\"},\"sameAs\":[\"https:\/\/www.facebook.com\/frontaliers.GR.EST\/?locale=fr_FR\"]}]}<\/script>\n<!-- \/ Yoast SEO plugin. -->","yoast_head_json":{"title":"Die verschiedenen Formen von Telearbeit - Frontaliers Grand Est","robots":{"index":"index","follow":"follow","max-snippet":"max-snippet:-1","max-image-preview":"max-image-preview:large","max-video-preview":"max-video-preview:-1"},"canonical":"https:\/\/frontaliers-grandest.eu\/de\/startseite\/arbeitgeber\/die-telearbeit-in-der-grosregion\/die-wichtigsten-regeln\/die-verschiedenen-formen-von-telearbeit\/","og_locale":"de_DE","og_type":"article","og_title":"Die verschiedenen Formen von Telearbeit - Frontaliers Grand Est","og_description":"Die Telearbeit zu Hause&nbsp; Der Telearbeitnehmer kann seine T\u00e4tigkeit&nbsp;ausschlie\u00dflich bei sich zu Hause aus\u00fcben, in Voll -oder Teilzeit, als Nichtselbstst\u00e4ndiger Arbeitnehmer oder als Selbstst\u00e4ndiger.&nbsp; Die Telearbeit kann auch &#8222;gemischt&#8220; sein (auch &#8222;Pendler-Telearbeit&#8220; oder &#8222;abwechselnde&#8220; Telearbeit genannt). Das hei\u00dft, dass der Arbeitsort &#8222;zu Hause&#8220; und im B\u00fcro abgewechselt wird, um eine Bindung mit dem Arbeitsumfeld zu [&hellip;]","og_url":"https:\/\/frontaliers-grandest.eu\/de\/startseite\/arbeitgeber\/die-telearbeit-in-der-grosregion\/die-wichtigsten-regeln\/die-verschiedenen-formen-von-telearbeit\/","og_site_name":"Frontaliers Grand Est","article_publisher":"https:\/\/www.facebook.com\/frontaliers.GR.EST\/?locale=fr_FR","article_modified_time":"2021-05-04T09:44:12+00:00","twitter_card":"summary_large_image","twitter_misc":{"Gesch\u00e4tzte Lesezeit":"2\u00a0Minuten"},"schema":{"@context":"https:\/\/schema.org","@graph":[{"@type":"WebPage","@id":"https:\/\/frontaliers-grandest.eu\/de\/startseite\/arbeitgeber\/die-telearbeit-in-der-grosregion\/die-wichtigsten-regeln\/die-verschiedenen-formen-von-telearbeit\/","url":"https:\/\/frontaliers-grandest.eu\/de\/startseite\/arbeitgeber\/die-telearbeit-in-der-grosregion\/die-wichtigsten-regeln\/die-verschiedenen-formen-von-telearbeit\/","name":"Die verschiedenen Formen von Telearbeit - Frontaliers Grand Est","isPartOf":{"@id":"https:\/\/frontaliers-grandest.eu\/de\/#website"},"datePublished":"2021-04-26T14:19:28+00:00","dateModified":"2021-05-04T09:44:12+00:00","breadcrumb":{"@id":"https:\/\/frontaliers-grandest.eu\/de\/startseite\/arbeitgeber\/die-telearbeit-in-der-grosregion\/die-wichtigsten-regeln\/die-verschiedenen-formen-von-telearbeit\/#breadcrumb"},"inLanguage":"de","potentialAction":[{"@type":"ReadAction","target":["https:\/\/frontaliers-grandest.eu\/de\/startseite\/arbeitgeber\/die-telearbeit-in-der-grosregion\/die-wichtigsten-regeln\/die-verschiedenen-formen-von-telearbeit\/"]}]},{"@type":"BreadcrumbList","@id":"https:\/\/frontaliers-grandest.eu\/de\/startseite\/arbeitgeber\/die-telearbeit-in-der-grosregion\/die-wichtigsten-regeln\/die-verschiedenen-formen-von-telearbeit\/#breadcrumb","itemListElement":[{"@type":"ListItem","position":1,"name":"Startseite","item":"https:\/\/frontaliers-grandest.eu\/de\/"},{"@type":"ListItem","position":2,"name":"Arbeitgeber","item":"https:\/\/frontaliers-grandest.eu\/de\/startseite\/arbeitgeber\/"},{"@type":"ListItem","position":3,"name":"Die Telearbeit in der Grossregion","item":"https:\/\/frontaliers-grandest.eu\/de\/startseite\/arbeitgeber\/die-telearbeit-in-der-grosregion\/"},{"@type":"ListItem","position":4,"name":"Die wichtigsten regeln","item":"https:\/\/frontaliers-grandest.eu\/de\/startseite\/arbeitgeber\/die-telearbeit-in-der-grosregion\/die-wichtigsten-regeln\/"},{"@type":"ListItem","position":5,"name":"Die verschiedenen Formen von Telearbeit"}]},{"@type":"WebSite","@id":"https:\/\/frontaliers-grandest.eu\/de\/#website","url":"https:\/\/frontaliers-grandest.eu\/de\/","name":"Frontaliers Grand Est","description":"Le site ressource du travail frontalier","publisher":{"@id":"https:\/\/frontaliers-grandest.eu\/de\/#organization"},"alternateName":"Frontaliers Grand Est","potentialAction":[{"@type":"SearchAction","target":{"@type":"EntryPoint","urlTemplate":"https:\/\/frontaliers-grandest.eu\/de\/?s={search_term_string}"},"query-input":{"@type":"PropertyValueSpecification","valueRequired":true,"valueName":"search_term_string"}}],"inLanguage":"de"},{"@type":"Organization","@id":"https:\/\/frontaliers-grandest.eu\/de\/#organization","name":"Frontaliers Grand Est","alternateName":"Frontaliers Grand Est","url":"https:\/\/frontaliers-grandest.eu\/de\/","logo":{"@type":"ImageObject","inLanguage":"de","@id":"https:\/\/frontaliers-grandest.eu\/de\/#\/schema\/logo\/image\/","url":"https:\/\/frontaliers-grandest.eu\/wp-content\/uploads\/2025\/07\/260328234_2966785176920310_3332838526503858160_n.jpg","contentUrl":"https:\/\/frontaliers-grandest.eu\/wp-content\/uploads\/2025\/07\/260328234_2966785176920310_3332838526503858160_n.jpg","width":396,"height":396,"caption":"Frontaliers Grand Est"},"image":{"@id":"https:\/\/frontaliers-grandest.eu\/de\/#\/schema\/logo\/image\/"},"sameAs":["https:\/\/www.facebook.com\/frontaliers.GR.EST\/?locale=fr_FR"]}]}},"frge_page_order":0,"_links":{"self":[{"href":"https:\/\/frontaliers-grandest.eu\/de\/wp-json\/wp\/v2\/pages\/6646","targetHints":{"allow":["GET"]}}],"collection":[{"href":"https:\/\/frontaliers-grandest.eu\/de\/wp-json\/wp\/v2\/pages"}],"about":[{"href":"https:\/\/frontaliers-grandest.eu\/de\/wp-json\/wp\/v2\/types\/page"}],"author":[{"embeddable":true,"href":"https:\/\/frontaliers-grandest.eu\/de\/wp-json\/wp\/v2\/users\/7"}],"replies":[{"embeddable":true,"href":"https:\/\/frontaliers-grandest.eu\/de\/wp-json\/wp\/v2\/comments?post=6646"}],"version-history":[{"count":2,"href":"https:\/\/frontaliers-grandest.eu\/de\/wp-json\/wp\/v2\/pages\/6646\/revisions"}],"predecessor-version":[{"id":6650,"href":"https:\/\/frontaliers-grandest.eu\/de\/wp-json\/wp\/v2\/pages\/6646\/revisions\/6650"}],"up":[{"embeddable":true,"href":"https:\/\/frontaliers-grandest.eu\/de\/wp-json\/wp\/v2\/pages\/6644"}],"wp:attachment":[{"href":"https:\/\/frontaliers-grandest.eu\/de\/wp-json\/wp\/v2\/media?parent=6646"}],"wp:term":[{"taxonomy":"post_tag","embeddable":true,"href":"https:\/\/frontaliers-grandest.eu\/de\/wp-json\/wp\/v2\/tags?post=6646"},{"taxonomy":"frge_profile","embeddable":true,"href":"https:\/\/frontaliers-grandest.eu\/de\/wp-json\/wp\/v2\/frge_profile?post=6646"}],"curies":[{"name":"wp","href":"https:\/\/api.w.org\/{rel}","templated":true}]}}