{"id":6644,"date":"2021-04-26T16:13:52","date_gmt":"2021-04-26T14:13:52","guid":{"rendered":"https:\/\/frontaliers-grandest.eu\/?page_id=6644"},"modified":"2021-07-20T15:12:29","modified_gmt":"2021-07-20T13:12:29","slug":"die-wichtigsten-regeln","status":"publish","type":"page","link":"https:\/\/frontaliers-grandest.eu\/de\/startseite\/arbeitgeber\/die-telearbeit-in-der-grosregion\/die-wichtigsten-regeln\/","title":{"rendered":"Die wichtigsten regeln"},"content":{"rendered":"\n<p>Im Rahmen der europa\u00efschen Besch\u00e4ftigungsstrategie hat der Europa\u00efsche Rat die europa\u00efschen Sozialpartner eingeladen, um \u00fcber Vereinbarungen &#8222;hinsichtlich der Modernisierung der Abeitsorganisation&#8220; zu verhandeln. Aus diesen Verhandlungen ist eine Rahmenvereinbarung der Telearbeit entstanden, die von allen europa\u00efschen Sozialpartner am 16.Juli 2002 unterzeichnet worden ist.<\/p>\n\n\n\n<p>Gem\u00e4\u00df dieser Rahmenvereinbahrung ist &#8222;die Telearbeit eine Organisations- und\/oder Realisierungsform der Arbeit,&nbsp;<strong>bei welcher Informationstechnologien im Rahmen&nbsp; eines Vetrages oder eines Besch\u00e4ftigungsverh\u00e4ltnisses verwendet<\/strong>&nbsp;werden und eine T\u00e4tigkeit, die ebenfalls in den R\u00e4umen des Arbeitgerbers h\u00e4tte ausgef\u00fchrt werden k\u00f6nnen, regelm\u00e4\u00dfig au\u00dferhalb dieser R\u00e4umlichkeiten ausge\u00fcbt wird&#8220;.&nbsp;<\/p>\n","protected":false},"excerpt":{"rendered":"<p>Im Rahmen der europa\u00efschen Besch\u00e4ftigungsstrategie hat der Europa\u00efsche Rat die europa\u00efschen Sozialpartner eingeladen, um \u00fcber Vereinbarungen &#8222;hinsichtlich der Modernisierung der Abeitsorganisation&#8220; zu verhandeln. Aus diesen Verhandlungen ist eine Rahmenvereinbarung der Telearbeit entstanden, die von allen europa\u00efschen Sozialpartner am 16.Juli 2002 unterzeichnet worden ist. Gem\u00e4\u00df dieser Rahmenvereinbahrung ist &#8222;die Telearbeit eine Organisations- und\/oder Realisierungsform der Arbeit,&nbsp;bei [&hellip;]<\/p>\n","protected":false},"author":7,"featured_media":10165,"parent":6641,"menu_order":0,"comment_status":"closed","ping_status":"closed","template":"","meta":{"inline_featured_image":false,"footnotes":""},"tags":[],"frge_profile":[],"class_list":["post-6644","page","type-page","status-publish","has-post-thumbnail","hentry"],"yoast_head":"<!-- This site is optimized with the Yoast SEO plugin v27.1.1 - https:\/\/yoast.com\/product\/yoast-seo-wordpress\/ -->\n<title>Die wichtigsten regeln - Frontaliers Grand Est<\/title>\n<meta name=\"robots\" content=\"index, follow, max-snippet:-1, max-image-preview:large, max-video-preview:-1\" \/>\n<link rel=\"canonical\" href=\"https:\/\/frontaliers-grandest.eu\/de\/startseite\/arbeitgeber\/die-telearbeit-in-der-grosregion\/die-wichtigsten-regeln\/\" \/>\n<meta property=\"og:locale\" content=\"de_DE\" \/>\n<meta property=\"og:type\" content=\"article\" \/>\n<meta property=\"og:title\" content=\"Die wichtigsten regeln - Frontaliers Grand Est\" \/>\n<meta property=\"og:description\" content=\"Im Rahmen der europa\u00efschen Besch\u00e4ftigungsstrategie hat der Europa\u00efsche Rat die europa\u00efschen Sozialpartner eingeladen, um \u00fcber Vereinbarungen &#8222;hinsichtlich der Modernisierung der Abeitsorganisation&#8220; zu verhandeln. Aus diesen Verhandlungen ist eine Rahmenvereinbarung der Telearbeit entstanden, die von allen europa\u00efschen Sozialpartner am 16.Juli 2002 unterzeichnet worden ist. Gem\u00e4\u00df dieser Rahmenvereinbahrung ist &#8222;die Telearbeit eine Organisations- und\/oder Realisierungsform der Arbeit,&nbsp;bei [&hellip;]\" \/>\n<meta property=\"og:url\" content=\"https:\/\/frontaliers-grandest.eu\/de\/startseite\/arbeitgeber\/die-telearbeit-in-der-grosregion\/die-wichtigsten-regeln\/\" \/>\n<meta property=\"og:site_name\" content=\"Frontaliers Grand Est\" \/>\n<meta property=\"article:publisher\" content=\"https:\/\/www.facebook.com\/frontaliers.GR.EST\/?locale=fr_FR\" \/>\n<meta property=\"article:modified_time\" content=\"2021-07-20T13:12:29+00:00\" \/>\n<meta property=\"og:image\" content=\"https:\/\/frontaliers-grandest.eu\/wp-content\/uploads\/2021\/07\/Principes-generaux_Regles-principales-1.jpg\" \/>\n\t<meta property=\"og:image:width\" content=\"1920\" \/>\n\t<meta property=\"og:image:height\" content=\"1280\" \/>\n\t<meta property=\"og:image:type\" content=\"image\/jpeg\" \/>\n<meta name=\"twitter:card\" content=\"summary_large_image\" \/>\n<meta name=\"twitter:label1\" content=\"Gesch\u00e4tzte Lesezeit\" \/>\n\t<meta name=\"twitter:data1\" content=\"1\u00a0Minute\" \/>\n<script type=\"application\/ld+json\" class=\"yoast-schema-graph\">{\"@context\":\"https:\/\/schema.org\",\"@graph\":[{\"@type\":\"WebPage\",\"@id\":\"https:\/\/frontaliers-grandest.eu\/de\/startseite\/arbeitgeber\/die-telearbeit-in-der-grosregion\/die-wichtigsten-regeln\/\",\"url\":\"https:\/\/frontaliers-grandest.eu\/de\/startseite\/arbeitgeber\/die-telearbeit-in-der-grosregion\/die-wichtigsten-regeln\/\",\"name\":\"Die wichtigsten regeln - Frontaliers Grand Est\",\"isPartOf\":{\"@id\":\"https:\/\/frontaliers-grandest.eu\/de\/#website\"},\"primaryImageOfPage\":{\"@id\":\"https:\/\/frontaliers-grandest.eu\/de\/startseite\/arbeitgeber\/die-telearbeit-in-der-grosregion\/die-wichtigsten-regeln\/#primaryimage\"},\"image\":{\"@id\":\"https:\/\/frontaliers-grandest.eu\/de\/startseite\/arbeitgeber\/die-telearbeit-in-der-grosregion\/die-wichtigsten-regeln\/#primaryimage\"},\"thumbnailUrl\":\"https:\/\/frontaliers-grandest.eu\/wp-content\/uploads\/2021\/07\/Principes-generaux_Regles-principales-1.jpg\",\"datePublished\":\"2021-04-26T14:13:52+00:00\",\"dateModified\":\"2021-07-20T13:12:29+00:00\",\"breadcrumb\":{\"@id\":\"https:\/\/frontaliers-grandest.eu\/de\/startseite\/arbeitgeber\/die-telearbeit-in-der-grosregion\/die-wichtigsten-regeln\/#breadcrumb\"},\"inLanguage\":\"de\",\"potentialAction\":[{\"@type\":\"ReadAction\",\"target\":[\"https:\/\/frontaliers-grandest.eu\/de\/startseite\/arbeitgeber\/die-telearbeit-in-der-grosregion\/die-wichtigsten-regeln\/\"]}]},{\"@type\":\"ImageObject\",\"inLanguage\":\"de\",\"@id\":\"https:\/\/frontaliers-grandest.eu\/de\/startseite\/arbeitgeber\/die-telearbeit-in-der-grosregion\/die-wichtigsten-regeln\/#primaryimage\",\"url\":\"https:\/\/frontaliers-grandest.eu\/wp-content\/uploads\/2021\/07\/Principes-generaux_Regles-principales-1.jpg\",\"contentUrl\":\"https:\/\/frontaliers-grandest.eu\/wp-content\/uploads\/2021\/07\/Principes-generaux_Regles-principales-1.jpg\",\"width\":1920,\"height\":1280},{\"@type\":\"BreadcrumbList\",\"@id\":\"https:\/\/frontaliers-grandest.eu\/de\/startseite\/arbeitgeber\/die-telearbeit-in-der-grosregion\/die-wichtigsten-regeln\/#breadcrumb\",\"itemListElement\":[{\"@type\":\"ListItem\",\"position\":1,\"name\":\"Startseite\",\"item\":\"https:\/\/frontaliers-grandest.eu\/de\/\"},{\"@type\":\"ListItem\",\"position\":2,\"name\":\"Arbeitgeber\",\"item\":\"https:\/\/frontaliers-grandest.eu\/de\/startseite\/arbeitgeber\/\"},{\"@type\":\"ListItem\",\"position\":3,\"name\":\"Die Telearbeit in der Grossregion\",\"item\":\"https:\/\/frontaliers-grandest.eu\/de\/startseite\/arbeitgeber\/die-telearbeit-in-der-grosregion\/\"},{\"@type\":\"ListItem\",\"position\":4,\"name\":\"Die wichtigsten regeln\"}]},{\"@type\":\"WebSite\",\"@id\":\"https:\/\/frontaliers-grandest.eu\/de\/#website\",\"url\":\"https:\/\/frontaliers-grandest.eu\/de\/\",\"name\":\"Frontaliers Grand Est\",\"description\":\"Le site ressource du travail frontalier\",\"publisher\":{\"@id\":\"https:\/\/frontaliers-grandest.eu\/de\/#organization\"},\"alternateName\":\"Frontaliers Grand Est\",\"potentialAction\":[{\"@type\":\"SearchAction\",\"target\":{\"@type\":\"EntryPoint\",\"urlTemplate\":\"https:\/\/frontaliers-grandest.eu\/de\/?s={search_term_string}\"},\"query-input\":{\"@type\":\"PropertyValueSpecification\",\"valueRequired\":true,\"valueName\":\"search_term_string\"}}],\"inLanguage\":\"de\"},{\"@type\":\"Organization\",\"@id\":\"https:\/\/frontaliers-grandest.eu\/de\/#organization\",\"name\":\"Frontaliers Grand Est\",\"alternateName\":\"Frontaliers Grand Est\",\"url\":\"https:\/\/frontaliers-grandest.eu\/de\/\",\"logo\":{\"@type\":\"ImageObject\",\"inLanguage\":\"de\",\"@id\":\"https:\/\/frontaliers-grandest.eu\/de\/#\/schema\/logo\/image\/\",\"url\":\"https:\/\/frontaliers-grandest.eu\/wp-content\/uploads\/2025\/07\/260328234_2966785176920310_3332838526503858160_n.jpg\",\"contentUrl\":\"https:\/\/frontaliers-grandest.eu\/wp-content\/uploads\/2025\/07\/260328234_2966785176920310_3332838526503858160_n.jpg\",\"width\":396,\"height\":396,\"caption\":\"Frontaliers Grand Est\"},\"image\":{\"@id\":\"https:\/\/frontaliers-grandest.eu\/de\/#\/schema\/logo\/image\/\"},\"sameAs\":[\"https:\/\/www.facebook.com\/frontaliers.GR.EST\/?locale=fr_FR\"]}]}<\/script>\n<!-- \/ Yoast SEO plugin. -->","yoast_head_json":{"title":"Die wichtigsten regeln - Frontaliers Grand Est","robots":{"index":"index","follow":"follow","max-snippet":"max-snippet:-1","max-image-preview":"max-image-preview:large","max-video-preview":"max-video-preview:-1"},"canonical":"https:\/\/frontaliers-grandest.eu\/de\/startseite\/arbeitgeber\/die-telearbeit-in-der-grosregion\/die-wichtigsten-regeln\/","og_locale":"de_DE","og_type":"article","og_title":"Die wichtigsten regeln - Frontaliers Grand Est","og_description":"Im Rahmen der europa\u00efschen Besch\u00e4ftigungsstrategie hat der Europa\u00efsche Rat die europa\u00efschen Sozialpartner eingeladen, um \u00fcber Vereinbarungen &#8222;hinsichtlich der Modernisierung der Abeitsorganisation&#8220; zu verhandeln. Aus diesen Verhandlungen ist eine Rahmenvereinbarung der Telearbeit entstanden, die von allen europa\u00efschen Sozialpartner am 16.Juli 2002 unterzeichnet worden ist. Gem\u00e4\u00df dieser Rahmenvereinbahrung ist &#8222;die Telearbeit eine Organisations- und\/oder Realisierungsform der Arbeit,&nbsp;bei [&hellip;]","og_url":"https:\/\/frontaliers-grandest.eu\/de\/startseite\/arbeitgeber\/die-telearbeit-in-der-grosregion\/die-wichtigsten-regeln\/","og_site_name":"Frontaliers Grand Est","article_publisher":"https:\/\/www.facebook.com\/frontaliers.GR.EST\/?locale=fr_FR","article_modified_time":"2021-07-20T13:12:29+00:00","og_image":[{"width":1920,"height":1280,"url":"https:\/\/frontaliers-grandest.eu\/wp-content\/uploads\/2021\/07\/Principes-generaux_Regles-principales-1.jpg","type":"image\/jpeg"}],"twitter_card":"summary_large_image","twitter_misc":{"Gesch\u00e4tzte Lesezeit":"1\u00a0Minute"},"schema":{"@context":"https:\/\/schema.org","@graph":[{"@type":"WebPage","@id":"https:\/\/frontaliers-grandest.eu\/de\/startseite\/arbeitgeber\/die-telearbeit-in-der-grosregion\/die-wichtigsten-regeln\/","url":"https:\/\/frontaliers-grandest.eu\/de\/startseite\/arbeitgeber\/die-telearbeit-in-der-grosregion\/die-wichtigsten-regeln\/","name":"Die wichtigsten regeln - Frontaliers Grand Est","isPartOf":{"@id":"https:\/\/frontaliers-grandest.eu\/de\/#website"},"primaryImageOfPage":{"@id":"https:\/\/frontaliers-grandest.eu\/de\/startseite\/arbeitgeber\/die-telearbeit-in-der-grosregion\/die-wichtigsten-regeln\/#primaryimage"},"image":{"@id":"https:\/\/frontaliers-grandest.eu\/de\/startseite\/arbeitgeber\/die-telearbeit-in-der-grosregion\/die-wichtigsten-regeln\/#primaryimage"},"thumbnailUrl":"https:\/\/frontaliers-grandest.eu\/wp-content\/uploads\/2021\/07\/Principes-generaux_Regles-principales-1.jpg","datePublished":"2021-04-26T14:13:52+00:00","dateModified":"2021-07-20T13:12:29+00:00","breadcrumb":{"@id":"https:\/\/frontaliers-grandest.eu\/de\/startseite\/arbeitgeber\/die-telearbeit-in-der-grosregion\/die-wichtigsten-regeln\/#breadcrumb"},"inLanguage":"de","potentialAction":[{"@type":"ReadAction","target":["https:\/\/frontaliers-grandest.eu\/de\/startseite\/arbeitgeber\/die-telearbeit-in-der-grosregion\/die-wichtigsten-regeln\/"]}]},{"@type":"ImageObject","inLanguage":"de","@id":"https:\/\/frontaliers-grandest.eu\/de\/startseite\/arbeitgeber\/die-telearbeit-in-der-grosregion\/die-wichtigsten-regeln\/#primaryimage","url":"https:\/\/frontaliers-grandest.eu\/wp-content\/uploads\/2021\/07\/Principes-generaux_Regles-principales-1.jpg","contentUrl":"https:\/\/frontaliers-grandest.eu\/wp-content\/uploads\/2021\/07\/Principes-generaux_Regles-principales-1.jpg","width":1920,"height":1280},{"@type":"BreadcrumbList","@id":"https:\/\/frontaliers-grandest.eu\/de\/startseite\/arbeitgeber\/die-telearbeit-in-der-grosregion\/die-wichtigsten-regeln\/#breadcrumb","itemListElement":[{"@type":"ListItem","position":1,"name":"Startseite","item":"https:\/\/frontaliers-grandest.eu\/de\/"},{"@type":"ListItem","position":2,"name":"Arbeitgeber","item":"https:\/\/frontaliers-grandest.eu\/de\/startseite\/arbeitgeber\/"},{"@type":"ListItem","position":3,"name":"Die Telearbeit in der Grossregion","item":"https:\/\/frontaliers-grandest.eu\/de\/startseite\/arbeitgeber\/die-telearbeit-in-der-grosregion\/"},{"@type":"ListItem","position":4,"name":"Die wichtigsten regeln"}]},{"@type":"WebSite","@id":"https:\/\/frontaliers-grandest.eu\/de\/#website","url":"https:\/\/frontaliers-grandest.eu\/de\/","name":"Frontaliers Grand Est","description":"Le site ressource du travail frontalier","publisher":{"@id":"https:\/\/frontaliers-grandest.eu\/de\/#organization"},"alternateName":"Frontaliers Grand Est","potentialAction":[{"@type":"SearchAction","target":{"@type":"EntryPoint","urlTemplate":"https:\/\/frontaliers-grandest.eu\/de\/?s={search_term_string}"},"query-input":{"@type":"PropertyValueSpecification","valueRequired":true,"valueName":"search_term_string"}}],"inLanguage":"de"},{"@type":"Organization","@id":"https:\/\/frontaliers-grandest.eu\/de\/#organization","name":"Frontaliers Grand Est","alternateName":"Frontaliers Grand Est","url":"https:\/\/frontaliers-grandest.eu\/de\/","logo":{"@type":"ImageObject","inLanguage":"de","@id":"https:\/\/frontaliers-grandest.eu\/de\/#\/schema\/logo\/image\/","url":"https:\/\/frontaliers-grandest.eu\/wp-content\/uploads\/2025\/07\/260328234_2966785176920310_3332838526503858160_n.jpg","contentUrl":"https:\/\/frontaliers-grandest.eu\/wp-content\/uploads\/2025\/07\/260328234_2966785176920310_3332838526503858160_n.jpg","width":396,"height":396,"caption":"Frontaliers Grand Est"},"image":{"@id":"https:\/\/frontaliers-grandest.eu\/de\/#\/schema\/logo\/image\/"},"sameAs":["https:\/\/www.facebook.com\/frontaliers.GR.EST\/?locale=fr_FR"]}]}},"frge_page_order":0,"_links":{"self":[{"href":"https:\/\/frontaliers-grandest.eu\/de\/wp-json\/wp\/v2\/pages\/6644","targetHints":{"allow":["GET"]}}],"collection":[{"href":"https:\/\/frontaliers-grandest.eu\/de\/wp-json\/wp\/v2\/pages"}],"about":[{"href":"https:\/\/frontaliers-grandest.eu\/de\/wp-json\/wp\/v2\/types\/page"}],"author":[{"embeddable":true,"href":"https:\/\/frontaliers-grandest.eu\/de\/wp-json\/wp\/v2\/users\/7"}],"replies":[{"embeddable":true,"href":"https:\/\/frontaliers-grandest.eu\/de\/wp-json\/wp\/v2\/comments?post=6644"}],"version-history":[{"count":2,"href":"https:\/\/frontaliers-grandest.eu\/de\/wp-json\/wp\/v2\/pages\/6644\/revisions"}],"predecessor-version":[{"id":6653,"href":"https:\/\/frontaliers-grandest.eu\/de\/wp-json\/wp\/v2\/pages\/6644\/revisions\/6653"}],"up":[{"embeddable":true,"href":"https:\/\/frontaliers-grandest.eu\/de\/wp-json\/wp\/v2\/pages\/6641"}],"wp:featuredmedia":[{"embeddable":true,"href":"https:\/\/frontaliers-grandest.eu\/de\/wp-json\/wp\/v2\/media\/10165"}],"wp:attachment":[{"href":"https:\/\/frontaliers-grandest.eu\/de\/wp-json\/wp\/v2\/media?parent=6644"}],"wp:term":[{"taxonomy":"post_tag","embeddable":true,"href":"https:\/\/frontaliers-grandest.eu\/de\/wp-json\/wp\/v2\/tags?post=6644"},{"taxonomy":"frge_profile","embeddable":true,"href":"https:\/\/frontaliers-grandest.eu\/de\/wp-json\/wp\/v2\/frge_profile?post=6644"}],"curies":[{"name":"wp","href":"https:\/\/api.w.org\/{rel}","templated":true}]}}