{"id":6627,"date":"2021-04-26T15:59:44","date_gmt":"2021-04-26T13:59:44","guid":{"rendered":"https:\/\/frontaliers-grandest.eu\/?page_id=6627"},"modified":"2021-05-04T11:42:26","modified_gmt":"2021-05-04T09:42:26","slug":"die-entsendeerklarung-in-belgien","status":"publish","type":"page","link":"https:\/\/frontaliers-grandest.eu\/de\/startseite\/arbeitgeber\/die-entsendung-in-der-grossregion\/in-belgien\/die-entsendeerklarung-in-belgien\/","title":{"rendered":"Die Entsendeerkl\u00e4rung in Belgien"},"content":{"rendered":"\n<p>Vor der Erbringung einer Leistung auf dem belgischen Hoheitsgebiet ist der ausl\u00e4ndische Arbeitgeber verpflichtet, sich auf der Website&nbsp;<a href=\"https:\/\/www.limosa.be\/\" target=\"_blank\" rel=\"noreferrer noopener\">www.limosa.be<\/a>&nbsp;einzuschreiben und ein Konto zu er\u00f6ffnen. Diese Plattform erm\u00f6glicht die Erfassung aller Arbeitnehmer, die in Belgien entsendet sind.<\/p>\n\n\n\n<p>F\u00fcr einen abh\u00e4ngig Besch\u00e4ftigten oder einen Selbstst\u00e4ndigen sind die nachstehenden Daten zu erfassen :<\/p>\n\n\n\n<ul class=\"wp-block-list\"><li><strong>Ort, an dem die Leistungen in Belgien erbracht werden<\/strong>&nbsp;(bis zu f\u00fcnf Besch\u00e4ftigungsorten in einer Erkl\u00e4rung),<\/li><li><strong>Identifikationsdaten des belgischen Kunden oder Auftraggebers<\/strong>&nbsp;(bis zu zehn belgische Kunden in einer Erkl\u00e4rung),<\/li><li><strong>Entsendezeitraum<\/strong>&nbsp;(maximal 24 Monate pro Erkl\u00e4rung),<\/li><li><strong>Identifikationsdaten des Arbeitnehmers oder Selbstst\u00e4ndigen<\/strong>&nbsp;(bis zu zehn Arbeitnehmer in einer Erkl\u00e4rung),<\/li><li><strong>Arbeitszeit<\/strong><\/li><\/ul>\n\n\n\n<h4 class=\"wp-block-heading\"><strong>Zus\u00e4tzliche Daten f\u00fcr einen abh\u00e4ngigen Arbeitnehmer<\/strong><\/h4>\n\n\n\n<p>F\u00fcr einen abh\u00e4ngigen Arbeitnehmer werden die zus\u00e4tzliche Angaben gefordert&nbsp;:<\/p>\n\n\n\n<ul class=\"wp-block-list\"><li><strong>Identifikationsdaten des Arbeitgebers<\/strong>,<\/li><li><strong>Kontaktdaten und Identifizierung der Verbindungsperson<\/strong>&nbsp;(ihr Name, Vorname, Geburtsdatum, ihre Anschrift und E-Mail-Adresse, Telefonnummer und die Eigenschaft, in der diese Verbindungsperson t\u00e4tig wird). Diese Person wird mit der Gew\u00e4hrleistung der Verbindung mit den belgischen Beh\u00f6rden beauftragt und kann im Bedarfsfall Unterlagen \u00fcbermitteln und Stellungnahmen erhalten. Wurde eine Erkl\u00e4rung bereits f\u00fcr diesen Arbeitgeber eingereicht, \u00fcbernimmt das System die Daten der letzten Verbindungsperson, Sie k\u00f6nnen sie best\u00e4tigen oder \u00e4ndern.<\/li><li>im Fall der Zeitarbeit die&nbsp;<strong>Zulassungsnummer des ausl\u00e4ndischen Zeitarbeitsunternehmens<\/strong>. Der zu meldende Arbeitgeber ist der gesetzliche Arbeitgeber. Folglich muss das Zeitarbeitsunternehmens, das einen Zeitarbeitsvertrag mit dem entsendeten Zeitarbeiter schloss, gemeldet werden.<\/li><li>Zum Zwecke der Entsendung von Arbeitnehmern in Belgien muss ein&nbsp;<strong>ausl\u00e4ndisches Zeitarbeitsunternehmen \u00fcber eine Zulassung der Region verf\u00fcgen<\/strong>, in der die Leistung erbracht wird.<\/li><li>die&nbsp;<strong>Art der Leistungen<\/strong>&nbsp;(Liste der Sektoren: Bau \u2013 Fleischverarbeitung \u2013 Landwirtschaft \u2013 Reinigung &#8211; ICT \u2013 Finanzinstitute und Versicherungen \u2013 Strom-, Gas- und Wasserproduktion und -versorgung \u2013 Gesundheitsversorgung und soziale Dienste \u2013 Hotel- und Gastst\u00e4ttengewerbe \u2013 Instandhaltungspersonal \u2013 Metallbauten \u2013 elektrische Anlagen \u2013 Petrochemie \u2013 Transport und Vertrieb \u2013 Holz- und M\u00f6belindustrie &#8211; Handel mit anderen Konsumg\u00fctern \u2013 sonstige)<\/li><\/ul>\n\n\n\n<p>F\u00fcr die Aktivit\u00e4ten in der Baubranche (CP Nr. 124) ist der Arbeitgeber verpflichtet mitzuteilen, ob er seinen Arbeitnehmern eine Pr\u00e4mie zahlt, die mit \u201eTimbres Fid\u00e9lit\u00e9&#8220; (Treuepr\u00e4mien) in Belgien vergleichbar ist.<\/p>\n","protected":false},"excerpt":{"rendered":"<p>Vor der Erbringung einer Leistung auf dem belgischen Hoheitsgebiet ist der ausl\u00e4ndische Arbeitgeber verpflichtet, sich auf der Website&nbsp;www.limosa.be&nbsp;einzuschreiben und ein Konto zu er\u00f6ffnen. Diese Plattform erm\u00f6glicht die Erfassung aller Arbeitnehmer, die in Belgien entsendet sind. F\u00fcr einen abh\u00e4ngig Besch\u00e4ftigten oder einen Selbstst\u00e4ndigen sind die nachstehenden Daten zu erfassen : Ort, an dem die Leistungen in [&hellip;]<\/p>\n","protected":false},"author":7,"featured_media":0,"parent":6623,"menu_order":1,"comment_status":"closed","ping_status":"closed","template":"","meta":{"inline_featured_image":false,"footnotes":""},"tags":[],"frge_profile":[],"class_list":["post-6627","page","type-page","status-publish","hentry"],"yoast_head":"<!-- This site is optimized with the Yoast SEO plugin v27.1.1 - https:\/\/yoast.com\/product\/yoast-seo-wordpress\/ -->\n<title>Die Entsendeerkl\u00e4rung in Belgien - Frontaliers Grand Est<\/title>\n<meta name=\"robots\" content=\"index, follow, max-snippet:-1, max-image-preview:large, max-video-preview:-1\" \/>\n<link rel=\"canonical\" href=\"https:\/\/frontaliers-grandest.eu\/de\/startseite\/arbeitgeber\/die-entsendung-in-der-grossregion\/in-belgien\/die-entsendeerklarung-in-belgien\/\" \/>\n<meta property=\"og:locale\" content=\"de_DE\" \/>\n<meta property=\"og:type\" content=\"article\" \/>\n<meta property=\"og:title\" content=\"Die Entsendeerkl\u00e4rung in Belgien - Frontaliers Grand Est\" \/>\n<meta property=\"og:description\" content=\"Vor der Erbringung einer Leistung auf dem belgischen Hoheitsgebiet ist der ausl\u00e4ndische Arbeitgeber verpflichtet, sich auf der Website&nbsp;www.limosa.be&nbsp;einzuschreiben und ein Konto zu er\u00f6ffnen. Diese Plattform erm\u00f6glicht die Erfassung aller Arbeitnehmer, die in Belgien entsendet sind. F\u00fcr einen abh\u00e4ngig Besch\u00e4ftigten oder einen Selbstst\u00e4ndigen sind die nachstehenden Daten zu erfassen : Ort, an dem die Leistungen in [&hellip;]\" \/>\n<meta property=\"og:url\" content=\"https:\/\/frontaliers-grandest.eu\/de\/startseite\/arbeitgeber\/die-entsendung-in-der-grossregion\/in-belgien\/die-entsendeerklarung-in-belgien\/\" \/>\n<meta property=\"og:site_name\" content=\"Frontaliers Grand Est\" \/>\n<meta property=\"article:publisher\" content=\"https:\/\/www.facebook.com\/frontaliers.GR.EST\/?locale=fr_FR\" \/>\n<meta property=\"article:modified_time\" content=\"2021-05-04T09:42:26+00:00\" \/>\n<meta name=\"twitter:card\" content=\"summary_large_image\" \/>\n<meta name=\"twitter:label1\" content=\"Gesch\u00e4tzte Lesezeit\" \/>\n\t<meta name=\"twitter:data1\" content=\"2\u00a0Minuten\" \/>\n<script type=\"application\/ld+json\" class=\"yoast-schema-graph\">{\"@context\":\"https:\/\/schema.org\",\"@graph\":[{\"@type\":\"WebPage\",\"@id\":\"https:\/\/frontaliers-grandest.eu\/de\/startseite\/arbeitgeber\/die-entsendung-in-der-grossregion\/in-belgien\/die-entsendeerklarung-in-belgien\/\",\"url\":\"https:\/\/frontaliers-grandest.eu\/de\/startseite\/arbeitgeber\/die-entsendung-in-der-grossregion\/in-belgien\/die-entsendeerklarung-in-belgien\/\",\"name\":\"Die Entsendeerkl\u00e4rung in Belgien - Frontaliers Grand Est\",\"isPartOf\":{\"@id\":\"https:\/\/frontaliers-grandest.eu\/de\/#website\"},\"datePublished\":\"2021-04-26T13:59:44+00:00\",\"dateModified\":\"2021-05-04T09:42:26+00:00\",\"breadcrumb\":{\"@id\":\"https:\/\/frontaliers-grandest.eu\/de\/startseite\/arbeitgeber\/die-entsendung-in-der-grossregion\/in-belgien\/die-entsendeerklarung-in-belgien\/#breadcrumb\"},\"inLanguage\":\"de\",\"potentialAction\":[{\"@type\":\"ReadAction\",\"target\":[\"https:\/\/frontaliers-grandest.eu\/de\/startseite\/arbeitgeber\/die-entsendung-in-der-grossregion\/in-belgien\/die-entsendeerklarung-in-belgien\/\"]}]},{\"@type\":\"BreadcrumbList\",\"@id\":\"https:\/\/frontaliers-grandest.eu\/de\/startseite\/arbeitgeber\/die-entsendung-in-der-grossregion\/in-belgien\/die-entsendeerklarung-in-belgien\/#breadcrumb\",\"itemListElement\":[{\"@type\":\"ListItem\",\"position\":1,\"name\":\"Startseite\",\"item\":\"https:\/\/frontaliers-grandest.eu\/de\/\"},{\"@type\":\"ListItem\",\"position\":2,\"name\":\"Arbeitgeber\",\"item\":\"https:\/\/frontaliers-grandest.eu\/de\/startseite\/arbeitgeber\/\"},{\"@type\":\"ListItem\",\"position\":3,\"name\":\"Die Entsendung in der Grossregion\",\"item\":\"https:\/\/frontaliers-grandest.eu\/de\/startseite\/arbeitgeber\/die-entsendung-in-der-grossregion\/\"},{\"@type\":\"ListItem\",\"position\":4,\"name\":\"In Belgien\",\"item\":\"https:\/\/frontaliers-grandest.eu\/de\/startseite\/arbeitgeber\/die-entsendung-in-der-grossregion\/in-belgien\/\"},{\"@type\":\"ListItem\",\"position\":5,\"name\":\"Die Entsendeerkl\u00e4rung in Belgien\"}]},{\"@type\":\"WebSite\",\"@id\":\"https:\/\/frontaliers-grandest.eu\/de\/#website\",\"url\":\"https:\/\/frontaliers-grandest.eu\/de\/\",\"name\":\"Frontaliers Grand Est\",\"description\":\"Le site ressource du travail frontalier\",\"publisher\":{\"@id\":\"https:\/\/frontaliers-grandest.eu\/de\/#organization\"},\"alternateName\":\"Frontaliers Grand Est\",\"potentialAction\":[{\"@type\":\"SearchAction\",\"target\":{\"@type\":\"EntryPoint\",\"urlTemplate\":\"https:\/\/frontaliers-grandest.eu\/de\/?s={search_term_string}\"},\"query-input\":{\"@type\":\"PropertyValueSpecification\",\"valueRequired\":true,\"valueName\":\"search_term_string\"}}],\"inLanguage\":\"de\"},{\"@type\":\"Organization\",\"@id\":\"https:\/\/frontaliers-grandest.eu\/de\/#organization\",\"name\":\"Frontaliers Grand Est\",\"alternateName\":\"Frontaliers Grand Est\",\"url\":\"https:\/\/frontaliers-grandest.eu\/de\/\",\"logo\":{\"@type\":\"ImageObject\",\"inLanguage\":\"de\",\"@id\":\"https:\/\/frontaliers-grandest.eu\/de\/#\/schema\/logo\/image\/\",\"url\":\"https:\/\/frontaliers-grandest.eu\/wp-content\/uploads\/2025\/07\/260328234_2966785176920310_3332838526503858160_n.jpg\",\"contentUrl\":\"https:\/\/frontaliers-grandest.eu\/wp-content\/uploads\/2025\/07\/260328234_2966785176920310_3332838526503858160_n.jpg\",\"width\":396,\"height\":396,\"caption\":\"Frontaliers Grand Est\"},\"image\":{\"@id\":\"https:\/\/frontaliers-grandest.eu\/de\/#\/schema\/logo\/image\/\"},\"sameAs\":[\"https:\/\/www.facebook.com\/frontaliers.GR.EST\/?locale=fr_FR\"]}]}<\/script>\n<!-- \/ Yoast SEO plugin. -->","yoast_head_json":{"title":"Die Entsendeerkl\u00e4rung in Belgien - Frontaliers Grand Est","robots":{"index":"index","follow":"follow","max-snippet":"max-snippet:-1","max-image-preview":"max-image-preview:large","max-video-preview":"max-video-preview:-1"},"canonical":"https:\/\/frontaliers-grandest.eu\/de\/startseite\/arbeitgeber\/die-entsendung-in-der-grossregion\/in-belgien\/die-entsendeerklarung-in-belgien\/","og_locale":"de_DE","og_type":"article","og_title":"Die Entsendeerkl\u00e4rung in Belgien - Frontaliers Grand Est","og_description":"Vor der Erbringung einer Leistung auf dem belgischen Hoheitsgebiet ist der ausl\u00e4ndische Arbeitgeber verpflichtet, sich auf der Website&nbsp;www.limosa.be&nbsp;einzuschreiben und ein Konto zu er\u00f6ffnen. Diese Plattform erm\u00f6glicht die Erfassung aller Arbeitnehmer, die in Belgien entsendet sind. F\u00fcr einen abh\u00e4ngig Besch\u00e4ftigten oder einen Selbstst\u00e4ndigen sind die nachstehenden Daten zu erfassen : Ort, an dem die Leistungen in [&hellip;]","og_url":"https:\/\/frontaliers-grandest.eu\/de\/startseite\/arbeitgeber\/die-entsendung-in-der-grossregion\/in-belgien\/die-entsendeerklarung-in-belgien\/","og_site_name":"Frontaliers Grand Est","article_publisher":"https:\/\/www.facebook.com\/frontaliers.GR.EST\/?locale=fr_FR","article_modified_time":"2021-05-04T09:42:26+00:00","twitter_card":"summary_large_image","twitter_misc":{"Gesch\u00e4tzte Lesezeit":"2\u00a0Minuten"},"schema":{"@context":"https:\/\/schema.org","@graph":[{"@type":"WebPage","@id":"https:\/\/frontaliers-grandest.eu\/de\/startseite\/arbeitgeber\/die-entsendung-in-der-grossregion\/in-belgien\/die-entsendeerklarung-in-belgien\/","url":"https:\/\/frontaliers-grandest.eu\/de\/startseite\/arbeitgeber\/die-entsendung-in-der-grossregion\/in-belgien\/die-entsendeerklarung-in-belgien\/","name":"Die Entsendeerkl\u00e4rung in Belgien - Frontaliers Grand Est","isPartOf":{"@id":"https:\/\/frontaliers-grandest.eu\/de\/#website"},"datePublished":"2021-04-26T13:59:44+00:00","dateModified":"2021-05-04T09:42:26+00:00","breadcrumb":{"@id":"https:\/\/frontaliers-grandest.eu\/de\/startseite\/arbeitgeber\/die-entsendung-in-der-grossregion\/in-belgien\/die-entsendeerklarung-in-belgien\/#breadcrumb"},"inLanguage":"de","potentialAction":[{"@type":"ReadAction","target":["https:\/\/frontaliers-grandest.eu\/de\/startseite\/arbeitgeber\/die-entsendung-in-der-grossregion\/in-belgien\/die-entsendeerklarung-in-belgien\/"]}]},{"@type":"BreadcrumbList","@id":"https:\/\/frontaliers-grandest.eu\/de\/startseite\/arbeitgeber\/die-entsendung-in-der-grossregion\/in-belgien\/die-entsendeerklarung-in-belgien\/#breadcrumb","itemListElement":[{"@type":"ListItem","position":1,"name":"Startseite","item":"https:\/\/frontaliers-grandest.eu\/de\/"},{"@type":"ListItem","position":2,"name":"Arbeitgeber","item":"https:\/\/frontaliers-grandest.eu\/de\/startseite\/arbeitgeber\/"},{"@type":"ListItem","position":3,"name":"Die Entsendung in der Grossregion","item":"https:\/\/frontaliers-grandest.eu\/de\/startseite\/arbeitgeber\/die-entsendung-in-der-grossregion\/"},{"@type":"ListItem","position":4,"name":"In Belgien","item":"https:\/\/frontaliers-grandest.eu\/de\/startseite\/arbeitgeber\/die-entsendung-in-der-grossregion\/in-belgien\/"},{"@type":"ListItem","position":5,"name":"Die Entsendeerkl\u00e4rung in Belgien"}]},{"@type":"WebSite","@id":"https:\/\/frontaliers-grandest.eu\/de\/#website","url":"https:\/\/frontaliers-grandest.eu\/de\/","name":"Frontaliers Grand Est","description":"Le site ressource du travail frontalier","publisher":{"@id":"https:\/\/frontaliers-grandest.eu\/de\/#organization"},"alternateName":"Frontaliers Grand Est","potentialAction":[{"@type":"SearchAction","target":{"@type":"EntryPoint","urlTemplate":"https:\/\/frontaliers-grandest.eu\/de\/?s={search_term_string}"},"query-input":{"@type":"PropertyValueSpecification","valueRequired":true,"valueName":"search_term_string"}}],"inLanguage":"de"},{"@type":"Organization","@id":"https:\/\/frontaliers-grandest.eu\/de\/#organization","name":"Frontaliers Grand Est","alternateName":"Frontaliers Grand Est","url":"https:\/\/frontaliers-grandest.eu\/de\/","logo":{"@type":"ImageObject","inLanguage":"de","@id":"https:\/\/frontaliers-grandest.eu\/de\/#\/schema\/logo\/image\/","url":"https:\/\/frontaliers-grandest.eu\/wp-content\/uploads\/2025\/07\/260328234_2966785176920310_3332838526503858160_n.jpg","contentUrl":"https:\/\/frontaliers-grandest.eu\/wp-content\/uploads\/2025\/07\/260328234_2966785176920310_3332838526503858160_n.jpg","width":396,"height":396,"caption":"Frontaliers Grand Est"},"image":{"@id":"https:\/\/frontaliers-grandest.eu\/de\/#\/schema\/logo\/image\/"},"sameAs":["https:\/\/www.facebook.com\/frontaliers.GR.EST\/?locale=fr_FR"]}]}},"frge_page_order":0,"_links":{"self":[{"href":"https:\/\/frontaliers-grandest.eu\/de\/wp-json\/wp\/v2\/pages\/6627","targetHints":{"allow":["GET"]}}],"collection":[{"href":"https:\/\/frontaliers-grandest.eu\/de\/wp-json\/wp\/v2\/pages"}],"about":[{"href":"https:\/\/frontaliers-grandest.eu\/de\/wp-json\/wp\/v2\/types\/page"}],"author":[{"embeddable":true,"href":"https:\/\/frontaliers-grandest.eu\/de\/wp-json\/wp\/v2\/users\/7"}],"replies":[{"embeddable":true,"href":"https:\/\/frontaliers-grandest.eu\/de\/wp-json\/wp\/v2\/comments?post=6627"}],"version-history":[{"count":1,"href":"https:\/\/frontaliers-grandest.eu\/de\/wp-json\/wp\/v2\/pages\/6627\/revisions"}],"predecessor-version":[{"id":6628,"href":"https:\/\/frontaliers-grandest.eu\/de\/wp-json\/wp\/v2\/pages\/6627\/revisions\/6628"}],"up":[{"embeddable":true,"href":"https:\/\/frontaliers-grandest.eu\/de\/wp-json\/wp\/v2\/pages\/6623"}],"wp:attachment":[{"href":"https:\/\/frontaliers-grandest.eu\/de\/wp-json\/wp\/v2\/media?parent=6627"}],"wp:term":[{"taxonomy":"post_tag","embeddable":true,"href":"https:\/\/frontaliers-grandest.eu\/de\/wp-json\/wp\/v2\/tags?post=6627"},{"taxonomy":"frge_profile","embeddable":true,"href":"https:\/\/frontaliers-grandest.eu\/de\/wp-json\/wp\/v2\/frge_profile?post=6627"}],"curies":[{"name":"wp","href":"https:\/\/api.w.org\/{rel}","templated":true}]}}