{"id":6610,"date":"2021-04-26T15:40:39","date_gmt":"2021-04-26T13:40:39","guid":{"rendered":"https:\/\/frontaliers-grandest.eu\/?page_id=6610"},"modified":"2021-05-04T11:41:34","modified_gmt":"2021-05-04T09:41:34","slug":"die-entsendeerklarung-in-luxemburg","status":"publish","type":"page","link":"https:\/\/frontaliers-grandest.eu\/de\/startseite\/arbeitgeber\/die-entsendung-in-der-grossregion\/in-luxemburg\/die-entsendeerklarung-in-luxemburg\/","title":{"rendered":"Die Entsendeerkl\u00e4rung in Luxemburg"},"content":{"rendered":"\n<p>Das entsendende Unternehmen ist ab dem Beginn der Leistungen auf dem luxemburgischen Hoheitsgebiet verpflichtet, die&nbsp;<strong>Gewerbeaufsicht (ITM)<\/strong>&nbsp;zu unterrichten, indem \u00fcber die zu diesem Zweck vorgesehene elektronische Plattform&nbsp;<strong><a href=\"https:\/\/edetach.itm.lu\/edetach\/\" target=\"_blank\" rel=\"noreferrer noopener\">https:\/\/edetach.itm.lu\/edetach<\/a>\/<\/strong>&nbsp;alle f\u00fcr die Erlangung des Arbeitsausweises \u2013 ID des entsendeten Arbeitnehmers \u2013 und die gesetzliche Kontrolle durch die ITM erforderlichen Elemente eingereicht werden:<\/p>\n\n\n\n<ul class=\"wp-block-list\"><li>Identifikationsdaten des entsendenden Arbeitgebers und seines effektiven Vertreters;<\/li><li>Name und Anschrift der nat\u00fcrlichen oder juristischen Person, die auf dem luxemburgischen Territorium ans\u00e4ssig und als Ansprechpartner f\u00fcr den Austausch mit der ITM und den \u00fcbrigen zust\u00e4ndigen Beh\u00f6rden auf dem Gebiet der Einhaltung der Entsendebedingungen betrachtet wird;<\/li><li>Datum des Beginns und voraussichtliche Dauer der Entsendung;<\/li><li>Name und Anschrift des Bauherrn oder Auftraggebers, f\u00fcr den die Leistung erbracht wird;<\/li><li>Arbeitsort(e) in Luxemburg und voraussichtliche Dauer der Arbeiten;<\/li><li>Namen, Vornamen, Geburtsdaten, Staatsangeh\u00f6rigkeiten und Berufe der Arbeitnehmer;<\/li><li>Eigenschaft, in der die Arbeitnehmer vom Unternehmen eingestellt wurden und Beruf oder Besch\u00e4ftigung, dem\/der sie regelm\u00e4\u00dfig zugewiesen werden, sowie die T\u00e4tigkeit, die sie anl\u00e4sslich der Entsendung in Luxemburg \u00fcbernehmen.<\/li><\/ul>\n\n\n\n<p><strong>Das entsendende Unternehmen ist verpflichtet, der ITM auf der elektronischen Plattform&nbsp;<a href=\"https:\/\/edetach.itm.lu\/edetach\/\" target=\"_blank\" rel=\"noreferrer noopener\">https:\/\/edetach.itm.lu\/edetach\/<\/a>&nbsp;ab dem Tag des Beginns der Entsendung die nachstehenden erforderlichen Unterlagen zur Verf\u00fcgung zu stellen:<\/strong><\/p>\n\n\n\n<ul class=\"wp-block-list\"><li>ggf. Kopie des Bereitstellungsvertrags;<\/li><li>Bescheinigung \u00fcber die Voranmeldung oder die dieselbe ersetzende Bescheinigung, die von der Direction G\u00e9n\u00e9rale PME et Entrepreneuriat (Generaldirektion KMU und Unternehmertum) beim Wirtschaftsministerium ausgestellt wurde,<\/li><li><strong>Original oder beglaubigte Abschrift des Formulars A1 (ehemals E 101) oder ggf. die genaue Angabe der Sozialversicherungstr\u00e4ger,&nbsp;<\/strong>denen die Arbeitnehmer w\u00e4hrend ihres Aufenthalts auf dem luxemburgischen Hoheitsgebiet zugeordnet sind;<\/li><li>Umsatzsteuerbescheinigung, die von der Administration de l\u2019Enregistrement et des Domaines (Eintragungsbeh\u00f6rde) ausgestellt wird;<\/li><li>Kopie des Arbeitsvertrags oder eine Konformit\u00e4tsbescheinigung mit der Richtlinie 91\/533\/EWG vom 14. Oktober 1991 \u00fcber die Pflicht des Arbeitgebers zur Unterrichtung des Arbeitnehmers \u00fcber die f\u00fcr seinen Arbeitsvertrag oder sein Arbeitsverh\u00e4ltnis geltenden Bedingungen in ihrer in der Gesetzgebung des zust\u00e4ndigen Staates umgesetzten Form, die von der zust\u00e4ndigen Aufsichtsbeh\u00f6rde des Landes ausgestellt wurde, in dem das entsendende Unternehmen seinen Gesch\u00e4ftssitz hat oder gew\u00f6hnlich seine Leistungen erbringt;<\/li><li>Konformit\u00e4tsbescheinigung, die von der zust\u00e4ndigen Aufsichtsbeh\u00f6rde des Landes ausgestellt wurde, in dem das entsendende Unternehmen seinen Gesch\u00e4ftssitz hat oder gew\u00f6hnlich seine Leistungen erbringt, des Arbeitsverh\u00e4ltnisses der entsendeten Arbeitnehmer zum Zeitpunkt ihrer Entsendung in Bezug auf die geltenden Rechtsvorschriften, mit denen die Richtlinien 97\/81\/EG \u00fcber Teilzeitarbeit und 1999\/70\/EG \u00fcber befristete Arbeitsvertr\u00e4ge umgesetzt wurden;<\/li><li>Amtliche Unterlagen zur Bescheinigung der Berufsqualifikationen der Arbeitnehmer;<\/li><li>Lohn- und Gehaltsscheine der Arbeitnehmer sowie der Zahlungsbeleg \u00fcber die gesamte Entsendedauer;<\/li><li>Stechkartensysteme, die den Beginn, das Ende und die Dauer des Arbeitstages w\u00e4hrend der gesamten Entsendedauer auf dem luxemburgischen Territorium angeben;<\/li><li>Kopie der Aufenthaltsgenehmigungen oder einer Aufenthaltskarte f\u00fcr B\u00fcrger von Drittstaaten, die auf dem luxemburgischen Hoheitsgebiet entsendet sind;<\/li><li>Kopie der medizinischen Einstellungsbescheinigung, die von den im Sektor zust\u00e4ndigen Gesundheitsdiensten ausgefertigt wurde.<\/li><\/ul>\n\n\n\n<p>Etwaige sp\u00e4tere \u00c4nderungen insbesondere des Orts und des Gegenstands der Arbeit sind ITM unbeschadet der Notwendigkeit eines neuen Dienstleistungsvertrags, der sich einem anderen Gegenstand widmet, auf demselben Weg mitzuteilen. Anzumerken ist ferner, dass die Unterlagen&nbsp;<strong>in die franz\u00f6sische oder deutsche Sprache zu \u00fcbersetzen sind, sofern sie nicht in einer dieser Sprachen ausgefertigt wurden<\/strong>.<\/p>\n","protected":false},"excerpt":{"rendered":"<p>Das entsendende Unternehmen ist ab dem Beginn der Leistungen auf dem luxemburgischen Hoheitsgebiet verpflichtet, die&nbsp;Gewerbeaufsicht (ITM)&nbsp;zu unterrichten, indem \u00fcber die zu diesem Zweck vorgesehene elektronische Plattform&nbsp;https:\/\/edetach.itm.lu\/edetach\/&nbsp;alle f\u00fcr die Erlangung des Arbeitsausweises \u2013 ID des entsendeten Arbeitnehmers \u2013 und die gesetzliche Kontrolle durch die ITM erforderlichen Elemente eingereicht werden: Identifikationsdaten des entsendenden Arbeitgebers und seines effektiven [&hellip;]<\/p>\n","protected":false},"author":7,"featured_media":0,"parent":6604,"menu_order":2,"comment_status":"closed","ping_status":"closed","template":"","meta":{"inline_featured_image":false,"footnotes":""},"tags":[],"frge_profile":[],"class_list":["post-6610","page","type-page","status-publish","hentry"],"yoast_head":"<!-- This site is optimized with the Yoast SEO plugin v27.1.1 - https:\/\/yoast.com\/product\/yoast-seo-wordpress\/ -->\n<title>Die Entsendeerkl\u00e4rung in Luxemburg - Frontaliers Grand Est<\/title>\n<meta name=\"robots\" content=\"index, follow, max-snippet:-1, max-image-preview:large, max-video-preview:-1\" \/>\n<link rel=\"canonical\" href=\"https:\/\/frontaliers-grandest.eu\/de\/startseite\/arbeitgeber\/die-entsendung-in-der-grossregion\/in-luxemburg\/die-entsendeerklarung-in-luxemburg\/\" \/>\n<meta property=\"og:locale\" content=\"de_DE\" \/>\n<meta property=\"og:type\" content=\"article\" \/>\n<meta property=\"og:title\" content=\"Die Entsendeerkl\u00e4rung in Luxemburg - Frontaliers Grand Est\" \/>\n<meta property=\"og:description\" content=\"Das entsendende Unternehmen ist ab dem Beginn der Leistungen auf dem luxemburgischen Hoheitsgebiet verpflichtet, die&nbsp;Gewerbeaufsicht (ITM)&nbsp;zu unterrichten, indem \u00fcber die zu diesem Zweck vorgesehene elektronische Plattform&nbsp;https:\/\/edetach.itm.lu\/edetach\/&nbsp;alle f\u00fcr die Erlangung des Arbeitsausweises \u2013 ID des entsendeten Arbeitnehmers \u2013 und die gesetzliche Kontrolle durch die ITM erforderlichen Elemente eingereicht werden: Identifikationsdaten des entsendenden Arbeitgebers und seines effektiven [&hellip;]\" \/>\n<meta property=\"og:url\" content=\"https:\/\/frontaliers-grandest.eu\/de\/startseite\/arbeitgeber\/die-entsendung-in-der-grossregion\/in-luxemburg\/die-entsendeerklarung-in-luxemburg\/\" \/>\n<meta property=\"og:site_name\" content=\"Frontaliers Grand Est\" \/>\n<meta property=\"article:publisher\" content=\"https:\/\/www.facebook.com\/frontaliers.GR.EST\/?locale=fr_FR\" \/>\n<meta property=\"article:modified_time\" content=\"2021-05-04T09:41:34+00:00\" \/>\n<meta name=\"twitter:card\" content=\"summary_large_image\" \/>\n<meta name=\"twitter:label1\" content=\"Gesch\u00e4tzte Lesezeit\" \/>\n\t<meta name=\"twitter:data1\" content=\"3\u00a0Minuten\" \/>\n<script type=\"application\/ld+json\" class=\"yoast-schema-graph\">{\"@context\":\"https:\/\/schema.org\",\"@graph\":[{\"@type\":\"WebPage\",\"@id\":\"https:\/\/frontaliers-grandest.eu\/de\/startseite\/arbeitgeber\/die-entsendung-in-der-grossregion\/in-luxemburg\/die-entsendeerklarung-in-luxemburg\/\",\"url\":\"https:\/\/frontaliers-grandest.eu\/de\/startseite\/arbeitgeber\/die-entsendung-in-der-grossregion\/in-luxemburg\/die-entsendeerklarung-in-luxemburg\/\",\"name\":\"Die Entsendeerkl\u00e4rung in Luxemburg - Frontaliers Grand Est\",\"isPartOf\":{\"@id\":\"https:\/\/frontaliers-grandest.eu\/de\/#website\"},\"datePublished\":\"2021-04-26T13:40:39+00:00\",\"dateModified\":\"2021-05-04T09:41:34+00:00\",\"breadcrumb\":{\"@id\":\"https:\/\/frontaliers-grandest.eu\/de\/startseite\/arbeitgeber\/die-entsendung-in-der-grossregion\/in-luxemburg\/die-entsendeerklarung-in-luxemburg\/#breadcrumb\"},\"inLanguage\":\"de\",\"potentialAction\":[{\"@type\":\"ReadAction\",\"target\":[\"https:\/\/frontaliers-grandest.eu\/de\/startseite\/arbeitgeber\/die-entsendung-in-der-grossregion\/in-luxemburg\/die-entsendeerklarung-in-luxemburg\/\"]}]},{\"@type\":\"BreadcrumbList\",\"@id\":\"https:\/\/frontaliers-grandest.eu\/de\/startseite\/arbeitgeber\/die-entsendung-in-der-grossregion\/in-luxemburg\/die-entsendeerklarung-in-luxemburg\/#breadcrumb\",\"itemListElement\":[{\"@type\":\"ListItem\",\"position\":1,\"name\":\"Startseite\",\"item\":\"https:\/\/frontaliers-grandest.eu\/de\/\"},{\"@type\":\"ListItem\",\"position\":2,\"name\":\"Arbeitgeber\",\"item\":\"https:\/\/frontaliers-grandest.eu\/de\/startseite\/arbeitgeber\/\"},{\"@type\":\"ListItem\",\"position\":3,\"name\":\"Die Entsendung in der Grossregion\",\"item\":\"https:\/\/frontaliers-grandest.eu\/de\/startseite\/arbeitgeber\/die-entsendung-in-der-grossregion\/\"},{\"@type\":\"ListItem\",\"position\":4,\"name\":\"In Luxemburg\",\"item\":\"https:\/\/frontaliers-grandest.eu\/de\/startseite\/arbeitgeber\/die-entsendung-in-der-grossregion\/in-luxemburg\/\"},{\"@type\":\"ListItem\",\"position\":5,\"name\":\"Die Entsendeerkl\u00e4rung in Luxemburg\"}]},{\"@type\":\"WebSite\",\"@id\":\"https:\/\/frontaliers-grandest.eu\/de\/#website\",\"url\":\"https:\/\/frontaliers-grandest.eu\/de\/\",\"name\":\"Frontaliers Grand Est\",\"description\":\"Le site ressource du travail frontalier\",\"publisher\":{\"@id\":\"https:\/\/frontaliers-grandest.eu\/de\/#organization\"},\"alternateName\":\"Frontaliers Grand Est\",\"potentialAction\":[{\"@type\":\"SearchAction\",\"target\":{\"@type\":\"EntryPoint\",\"urlTemplate\":\"https:\/\/frontaliers-grandest.eu\/de\/?s={search_term_string}\"},\"query-input\":{\"@type\":\"PropertyValueSpecification\",\"valueRequired\":true,\"valueName\":\"search_term_string\"}}],\"inLanguage\":\"de\"},{\"@type\":\"Organization\",\"@id\":\"https:\/\/frontaliers-grandest.eu\/de\/#organization\",\"name\":\"Frontaliers Grand Est\",\"alternateName\":\"Frontaliers Grand Est\",\"url\":\"https:\/\/frontaliers-grandest.eu\/de\/\",\"logo\":{\"@type\":\"ImageObject\",\"inLanguage\":\"de\",\"@id\":\"https:\/\/frontaliers-grandest.eu\/de\/#\/schema\/logo\/image\/\",\"url\":\"https:\/\/frontaliers-grandest.eu\/wp-content\/uploads\/2025\/07\/260328234_2966785176920310_3332838526503858160_n.jpg\",\"contentUrl\":\"https:\/\/frontaliers-grandest.eu\/wp-content\/uploads\/2025\/07\/260328234_2966785176920310_3332838526503858160_n.jpg\",\"width\":396,\"height\":396,\"caption\":\"Frontaliers Grand Est\"},\"image\":{\"@id\":\"https:\/\/frontaliers-grandest.eu\/de\/#\/schema\/logo\/image\/\"},\"sameAs\":[\"https:\/\/www.facebook.com\/frontaliers.GR.EST\/?locale=fr_FR\"]}]}<\/script>\n<!-- \/ Yoast SEO plugin. -->","yoast_head_json":{"title":"Die Entsendeerkl\u00e4rung in Luxemburg - Frontaliers Grand Est","robots":{"index":"index","follow":"follow","max-snippet":"max-snippet:-1","max-image-preview":"max-image-preview:large","max-video-preview":"max-video-preview:-1"},"canonical":"https:\/\/frontaliers-grandest.eu\/de\/startseite\/arbeitgeber\/die-entsendung-in-der-grossregion\/in-luxemburg\/die-entsendeerklarung-in-luxemburg\/","og_locale":"de_DE","og_type":"article","og_title":"Die Entsendeerkl\u00e4rung in Luxemburg - Frontaliers Grand Est","og_description":"Das entsendende Unternehmen ist ab dem Beginn der Leistungen auf dem luxemburgischen Hoheitsgebiet verpflichtet, die&nbsp;Gewerbeaufsicht (ITM)&nbsp;zu unterrichten, indem \u00fcber die zu diesem Zweck vorgesehene elektronische Plattform&nbsp;https:\/\/edetach.itm.lu\/edetach\/&nbsp;alle f\u00fcr die Erlangung des Arbeitsausweises \u2013 ID des entsendeten Arbeitnehmers \u2013 und die gesetzliche Kontrolle durch die ITM erforderlichen Elemente eingereicht werden: Identifikationsdaten des entsendenden Arbeitgebers und seines effektiven [&hellip;]","og_url":"https:\/\/frontaliers-grandest.eu\/de\/startseite\/arbeitgeber\/die-entsendung-in-der-grossregion\/in-luxemburg\/die-entsendeerklarung-in-luxemburg\/","og_site_name":"Frontaliers Grand Est","article_publisher":"https:\/\/www.facebook.com\/frontaliers.GR.EST\/?locale=fr_FR","article_modified_time":"2021-05-04T09:41:34+00:00","twitter_card":"summary_large_image","twitter_misc":{"Gesch\u00e4tzte Lesezeit":"3\u00a0Minuten"},"schema":{"@context":"https:\/\/schema.org","@graph":[{"@type":"WebPage","@id":"https:\/\/frontaliers-grandest.eu\/de\/startseite\/arbeitgeber\/die-entsendung-in-der-grossregion\/in-luxemburg\/die-entsendeerklarung-in-luxemburg\/","url":"https:\/\/frontaliers-grandest.eu\/de\/startseite\/arbeitgeber\/die-entsendung-in-der-grossregion\/in-luxemburg\/die-entsendeerklarung-in-luxemburg\/","name":"Die Entsendeerkl\u00e4rung in Luxemburg - Frontaliers Grand Est","isPartOf":{"@id":"https:\/\/frontaliers-grandest.eu\/de\/#website"},"datePublished":"2021-04-26T13:40:39+00:00","dateModified":"2021-05-04T09:41:34+00:00","breadcrumb":{"@id":"https:\/\/frontaliers-grandest.eu\/de\/startseite\/arbeitgeber\/die-entsendung-in-der-grossregion\/in-luxemburg\/die-entsendeerklarung-in-luxemburg\/#breadcrumb"},"inLanguage":"de","potentialAction":[{"@type":"ReadAction","target":["https:\/\/frontaliers-grandest.eu\/de\/startseite\/arbeitgeber\/die-entsendung-in-der-grossregion\/in-luxemburg\/die-entsendeerklarung-in-luxemburg\/"]}]},{"@type":"BreadcrumbList","@id":"https:\/\/frontaliers-grandest.eu\/de\/startseite\/arbeitgeber\/die-entsendung-in-der-grossregion\/in-luxemburg\/die-entsendeerklarung-in-luxemburg\/#breadcrumb","itemListElement":[{"@type":"ListItem","position":1,"name":"Startseite","item":"https:\/\/frontaliers-grandest.eu\/de\/"},{"@type":"ListItem","position":2,"name":"Arbeitgeber","item":"https:\/\/frontaliers-grandest.eu\/de\/startseite\/arbeitgeber\/"},{"@type":"ListItem","position":3,"name":"Die Entsendung in der Grossregion","item":"https:\/\/frontaliers-grandest.eu\/de\/startseite\/arbeitgeber\/die-entsendung-in-der-grossregion\/"},{"@type":"ListItem","position":4,"name":"In Luxemburg","item":"https:\/\/frontaliers-grandest.eu\/de\/startseite\/arbeitgeber\/die-entsendung-in-der-grossregion\/in-luxemburg\/"},{"@type":"ListItem","position":5,"name":"Die Entsendeerkl\u00e4rung in Luxemburg"}]},{"@type":"WebSite","@id":"https:\/\/frontaliers-grandest.eu\/de\/#website","url":"https:\/\/frontaliers-grandest.eu\/de\/","name":"Frontaliers Grand Est","description":"Le site ressource du travail frontalier","publisher":{"@id":"https:\/\/frontaliers-grandest.eu\/de\/#organization"},"alternateName":"Frontaliers Grand Est","potentialAction":[{"@type":"SearchAction","target":{"@type":"EntryPoint","urlTemplate":"https:\/\/frontaliers-grandest.eu\/de\/?s={search_term_string}"},"query-input":{"@type":"PropertyValueSpecification","valueRequired":true,"valueName":"search_term_string"}}],"inLanguage":"de"},{"@type":"Organization","@id":"https:\/\/frontaliers-grandest.eu\/de\/#organization","name":"Frontaliers Grand Est","alternateName":"Frontaliers Grand Est","url":"https:\/\/frontaliers-grandest.eu\/de\/","logo":{"@type":"ImageObject","inLanguage":"de","@id":"https:\/\/frontaliers-grandest.eu\/de\/#\/schema\/logo\/image\/","url":"https:\/\/frontaliers-grandest.eu\/wp-content\/uploads\/2025\/07\/260328234_2966785176920310_3332838526503858160_n.jpg","contentUrl":"https:\/\/frontaliers-grandest.eu\/wp-content\/uploads\/2025\/07\/260328234_2966785176920310_3332838526503858160_n.jpg","width":396,"height":396,"caption":"Frontaliers Grand Est"},"image":{"@id":"https:\/\/frontaliers-grandest.eu\/de\/#\/schema\/logo\/image\/"},"sameAs":["https:\/\/www.facebook.com\/frontaliers.GR.EST\/?locale=fr_FR"]}]}},"frge_page_order":0,"_links":{"self":[{"href":"https:\/\/frontaliers-grandest.eu\/de\/wp-json\/wp\/v2\/pages\/6610","targetHints":{"allow":["GET"]}}],"collection":[{"href":"https:\/\/frontaliers-grandest.eu\/de\/wp-json\/wp\/v2\/pages"}],"about":[{"href":"https:\/\/frontaliers-grandest.eu\/de\/wp-json\/wp\/v2\/types\/page"}],"author":[{"embeddable":true,"href":"https:\/\/frontaliers-grandest.eu\/de\/wp-json\/wp\/v2\/users\/7"}],"replies":[{"embeddable":true,"href":"https:\/\/frontaliers-grandest.eu\/de\/wp-json\/wp\/v2\/comments?post=6610"}],"version-history":[{"count":1,"href":"https:\/\/frontaliers-grandest.eu\/de\/wp-json\/wp\/v2\/pages\/6610\/revisions"}],"predecessor-version":[{"id":6611,"href":"https:\/\/frontaliers-grandest.eu\/de\/wp-json\/wp\/v2\/pages\/6610\/revisions\/6611"}],"up":[{"embeddable":true,"href":"https:\/\/frontaliers-grandest.eu\/de\/wp-json\/wp\/v2\/pages\/6604"}],"wp:attachment":[{"href":"https:\/\/frontaliers-grandest.eu\/de\/wp-json\/wp\/v2\/media?parent=6610"}],"wp:term":[{"taxonomy":"post_tag","embeddable":true,"href":"https:\/\/frontaliers-grandest.eu\/de\/wp-json\/wp\/v2\/tags?post=6610"},{"taxonomy":"frge_profile","embeddable":true,"href":"https:\/\/frontaliers-grandest.eu\/de\/wp-json\/wp\/v2\/frge_profile?post=6610"}],"curies":[{"name":"wp","href":"https:\/\/api.w.org\/{rel}","templated":true}]}}