{"id":6606,"date":"2021-04-26T15:38:05","date_gmt":"2021-04-26T13:38:05","guid":{"rendered":"https:\/\/frontaliers-grandest.eu\/?page_id=6606"},"modified":"2024-03-13T11:42:16","modified_gmt":"2024-03-13T10:42:16","slug":"die-vorausgehenden-behordlichen-formalitaten","status":"publish","type":"page","link":"https:\/\/frontaliers-grandest.eu\/de\/startseite\/arbeitgeber\/die-entsendung-in-der-grossregion\/in-luxemburg\/die-vorausgehenden-behordlichen-formalitaten\/","title":{"rendered":"Die vorausgehenden beh\u00f6rdlichen Formalit\u00e4ten"},"content":{"rendered":"\n<h4 class=\"wp-block-heading\"><strong>Voranmeldung<\/strong><\/h4>\n\n\n\n<p>Seit dem 20. Oktober 2007 sind&nbsp;<strong>Handwerker und Unternehmen, die in einem anderen Mitgliedstaat der Europ\u00e4ischen Union niedergelassen sind, verpflichtet, die luxemburgischen Beh\u00f6rden \u00fcber ihre Absicht zu informieren, eine Dienstleistung in Luxemburg zu erbringen<\/strong>.<\/p>\n\n\n\n<p>Diese Mitteilung muss ein Beleg daf\u00fcr beigef\u00fcgt werden, dass der Erkl\u00e4rende f\u00fcr dieselbe T\u00e4tigkeit in seinem Herkunftsland ordnungsgem\u00e4\u00df niedergelassen ist. Die EG-Bescheinigung, die von den Handels- und Handwerkskammern ausgestellt wird, wird als Beweis angenommen.<\/p>\n\n\n\n<h5 class=\"wp-block-heading\"><strong>Sie muss an die nachstehende Adresse beim Wirtschaftsministerium gesandt werden<\/strong><\/h5>\n\n\n\n<figure class=\"wp-block-pullquote\"><blockquote><p><strong>Direction g\u00e9n\u00e9rale PME et entrepreneuriat<\/strong><br>Minist\u00e8re de l\u2019\u00c9conomie<br>19-21 Boulevard Royal<br>L &#8211; 2449 Luxembourg<\/p><p>Tel. :00 352&nbsp;247&nbsp;847 15<\/p><\/blockquote><\/figure>\n\n\n\n<p>Formulare :&nbsp;<a href=\"http:\/\/www.guichet.public.lu\/entreprises\/fr\/formulaires\/autorisation-etablissement\/index.html\" target=\"_blank\" rel=\"noreferrer noopener\">www.guichet.public.lu\/entreprises\/fr\/formulaires\/autorisation-etablissement\/index.html<\/a><\/p>\n\n\n\n<h5 class=\"wp-block-heading\"><strong>Dieser Information sind die nachstehenden Unterlagen beizuf\u00fcgen :EG-Bescheinigung;<\/strong><\/h5>\n\n\n\n<ul class=\"wp-block-list\"><li>Zahlungsbeleg der Geb\u00fchren, n\u00e4mlich:<\/li><li>Entweder eine Steuermarke von 24 \u20ac, die bei Administration de l&#8217;Enregistrement et des Domaines (AED &#8211; Eintragungsbeh\u00f6rde) erh\u00e4ltlich ist,<\/li><li>Oder der Beleg f\u00fcr die \u00dcberweisung eines Betrags von 24 \u20ac auf das Konto der AED,<\/li><li>Ausweiskopie des oder der Gesch\u00e4ftsf\u00fchrer<\/li><\/ul>\n\n\n\n<p><strong>Die Mitteilung ist 12 Monate g\u00fcltig und kann in der Folge verl\u00e4ngert werden.<\/strong><\/p>\n\n\n\n<h4 class=\"wp-block-heading\"><strong>Beantragung einer Umsatzsteuernummer<\/strong><\/h4>\n\n\n\n<p>Da die Leistung auf dem luxemburgischen Hoheitsgebiet erbracht wird, ist das entsendende Unternehmen ggf. verpflichtet, die&nbsp;<strong>luxemburgische Umsatzsteuer abzuf\u00fchren<\/strong>. Vergessen Sie also nicht, per Einschreiben mit R\u00fcckschein oder per E-Mail eine Umsatzsteuernummer zu erfragen.<br>Der&nbsp;<strong>normale Umsatzsteuersatz<\/strong>&nbsp;in Luxemburg betr\u00e4gt&nbsp;<strong>17 %<\/strong>, der&nbsp;<strong>erm\u00e4\u00dfigt Steuersatz<\/strong>&nbsp;liegt bei&nbsp;<strong>8 %<\/strong>&nbsp;und der&nbsp;<strong>s<\/strong>tark erm\u00e4\u00dfigte Steuersatz f\u00fcr Sanierungsarbeiten von Geb\u00e4uden bei&nbsp;<strong>3 %<\/strong>.<br>Die luxemburgisch Umsatzsteuer wird von der Administration de l\u2019Enregistrement et des Domaines&nbsp;<a href=\"http:\/\/www.aed.public.lu\/index.php\" target=\"_blank\" rel=\"noreferrer noopener\">www.aed.public.lu<\/a><\/p>\n\n\n\n<figure class=\"wp-block-pullquote\"><blockquote><p><strong>Administration de l&#8217;Enregistrement et des Domaines<\/strong><br>Bureau d&#8217;Imposition Luxembourg X<br>B.P. 31, L-2010 Luxembourg<br>Tel. : +352 44 90 56 09<\/p><\/blockquote><\/figure>\n","protected":false},"excerpt":{"rendered":"<p>Voranmeldung Seit dem 20. Oktober 2007 sind&nbsp;Handwerker und Unternehmen, die in einem anderen Mitgliedstaat der Europ\u00e4ischen Union niedergelassen sind, verpflichtet, die luxemburgischen Beh\u00f6rden \u00fcber ihre Absicht zu informieren, eine Dienstleistung in Luxemburg zu erbringen. Diese Mitteilung muss ein Beleg daf\u00fcr beigef\u00fcgt werden, dass der Erkl\u00e4rende f\u00fcr dieselbe T\u00e4tigkeit in seinem Herkunftsland ordnungsgem\u00e4\u00df niedergelassen ist. Die [&hellip;]<\/p>\n","protected":false},"author":7,"featured_media":0,"parent":6604,"menu_order":0,"comment_status":"closed","ping_status":"closed","template":"","meta":{"inline_featured_image":false,"footnotes":""},"tags":[],"frge_profile":[],"class_list":["post-6606","page","type-page","status-publish","hentry"],"yoast_head":"<!-- This site is optimized with the Yoast SEO plugin v27.1.1 - https:\/\/yoast.com\/product\/yoast-seo-wordpress\/ -->\n<title>Die vorausgehenden beh\u00f6rdlichen Formalit\u00e4ten - Frontaliers Grand Est<\/title>\n<meta name=\"robots\" content=\"index, follow, max-snippet:-1, max-image-preview:large, max-video-preview:-1\" \/>\n<link rel=\"canonical\" href=\"https:\/\/frontaliers-grandest.eu\/de\/startseite\/arbeitgeber\/die-entsendung-in-der-grossregion\/in-luxemburg\/die-vorausgehenden-behordlichen-formalitaten\/\" \/>\n<meta property=\"og:locale\" content=\"de_DE\" \/>\n<meta property=\"og:type\" content=\"article\" \/>\n<meta property=\"og:title\" content=\"Die vorausgehenden beh\u00f6rdlichen Formalit\u00e4ten - Frontaliers Grand Est\" \/>\n<meta property=\"og:description\" content=\"Voranmeldung Seit dem 20. Oktober 2007 sind&nbsp;Handwerker und Unternehmen, die in einem anderen Mitgliedstaat der Europ\u00e4ischen Union niedergelassen sind, verpflichtet, die luxemburgischen Beh\u00f6rden \u00fcber ihre Absicht zu informieren, eine Dienstleistung in Luxemburg zu erbringen. Diese Mitteilung muss ein Beleg daf\u00fcr beigef\u00fcgt werden, dass der Erkl\u00e4rende f\u00fcr dieselbe T\u00e4tigkeit in seinem Herkunftsland ordnungsgem\u00e4\u00df niedergelassen ist. Die [&hellip;]\" \/>\n<meta property=\"og:url\" content=\"https:\/\/frontaliers-grandest.eu\/de\/startseite\/arbeitgeber\/die-entsendung-in-der-grossregion\/in-luxemburg\/die-vorausgehenden-behordlichen-formalitaten\/\" \/>\n<meta property=\"og:site_name\" content=\"Frontaliers Grand Est\" \/>\n<meta property=\"article:publisher\" content=\"https:\/\/www.facebook.com\/frontaliers.GR.EST\/?locale=fr_FR\" \/>\n<meta property=\"article:modified_time\" content=\"2024-03-13T10:42:16+00:00\" \/>\n<meta name=\"twitter:card\" content=\"summary_large_image\" \/>\n<meta name=\"twitter:label1\" content=\"Gesch\u00e4tzte Lesezeit\" \/>\n\t<meta name=\"twitter:data1\" content=\"2\u00a0Minuten\" \/>\n<script type=\"application\/ld+json\" class=\"yoast-schema-graph\">{\"@context\":\"https:\/\/schema.org\",\"@graph\":[{\"@type\":\"WebPage\",\"@id\":\"https:\/\/frontaliers-grandest.eu\/de\/startseite\/arbeitgeber\/die-entsendung-in-der-grossregion\/in-luxemburg\/die-vorausgehenden-behordlichen-formalitaten\/\",\"url\":\"https:\/\/frontaliers-grandest.eu\/de\/startseite\/arbeitgeber\/die-entsendung-in-der-grossregion\/in-luxemburg\/die-vorausgehenden-behordlichen-formalitaten\/\",\"name\":\"Die vorausgehenden beh\u00f6rdlichen Formalit\u00e4ten - Frontaliers Grand Est\",\"isPartOf\":{\"@id\":\"https:\/\/frontaliers-grandest.eu\/de\/#website\"},\"datePublished\":\"2021-04-26T13:38:05+00:00\",\"dateModified\":\"2024-03-13T10:42:16+00:00\",\"breadcrumb\":{\"@id\":\"https:\/\/frontaliers-grandest.eu\/de\/startseite\/arbeitgeber\/die-entsendung-in-der-grossregion\/in-luxemburg\/die-vorausgehenden-behordlichen-formalitaten\/#breadcrumb\"},\"inLanguage\":\"de\",\"potentialAction\":[{\"@type\":\"ReadAction\",\"target\":[\"https:\/\/frontaliers-grandest.eu\/de\/startseite\/arbeitgeber\/die-entsendung-in-der-grossregion\/in-luxemburg\/die-vorausgehenden-behordlichen-formalitaten\/\"]}]},{\"@type\":\"BreadcrumbList\",\"@id\":\"https:\/\/frontaliers-grandest.eu\/de\/startseite\/arbeitgeber\/die-entsendung-in-der-grossregion\/in-luxemburg\/die-vorausgehenden-behordlichen-formalitaten\/#breadcrumb\",\"itemListElement\":[{\"@type\":\"ListItem\",\"position\":1,\"name\":\"Startseite\",\"item\":\"https:\/\/frontaliers-grandest.eu\/de\/\"},{\"@type\":\"ListItem\",\"position\":2,\"name\":\"Arbeitgeber\",\"item\":\"https:\/\/frontaliers-grandest.eu\/de\/startseite\/arbeitgeber\/\"},{\"@type\":\"ListItem\",\"position\":3,\"name\":\"Die Entsendung in der Grossregion\",\"item\":\"https:\/\/frontaliers-grandest.eu\/de\/startseite\/arbeitgeber\/die-entsendung-in-der-grossregion\/\"},{\"@type\":\"ListItem\",\"position\":4,\"name\":\"In Luxemburg\",\"item\":\"https:\/\/frontaliers-grandest.eu\/de\/startseite\/arbeitgeber\/die-entsendung-in-der-grossregion\/in-luxemburg\/\"},{\"@type\":\"ListItem\",\"position\":5,\"name\":\"Die vorausgehenden beh\u00f6rdlichen Formalit\u00e4ten\"}]},{\"@type\":\"WebSite\",\"@id\":\"https:\/\/frontaliers-grandest.eu\/de\/#website\",\"url\":\"https:\/\/frontaliers-grandest.eu\/de\/\",\"name\":\"Frontaliers Grand Est\",\"description\":\"Le site ressource du travail frontalier\",\"publisher\":{\"@id\":\"https:\/\/frontaliers-grandest.eu\/de\/#organization\"},\"alternateName\":\"Frontaliers Grand Est\",\"potentialAction\":[{\"@type\":\"SearchAction\",\"target\":{\"@type\":\"EntryPoint\",\"urlTemplate\":\"https:\/\/frontaliers-grandest.eu\/de\/?s={search_term_string}\"},\"query-input\":{\"@type\":\"PropertyValueSpecification\",\"valueRequired\":true,\"valueName\":\"search_term_string\"}}],\"inLanguage\":\"de\"},{\"@type\":\"Organization\",\"@id\":\"https:\/\/frontaliers-grandest.eu\/de\/#organization\",\"name\":\"Frontaliers Grand Est\",\"alternateName\":\"Frontaliers Grand Est\",\"url\":\"https:\/\/frontaliers-grandest.eu\/de\/\",\"logo\":{\"@type\":\"ImageObject\",\"inLanguage\":\"de\",\"@id\":\"https:\/\/frontaliers-grandest.eu\/de\/#\/schema\/logo\/image\/\",\"url\":\"https:\/\/frontaliers-grandest.eu\/wp-content\/uploads\/2025\/07\/260328234_2966785176920310_3332838526503858160_n.jpg\",\"contentUrl\":\"https:\/\/frontaliers-grandest.eu\/wp-content\/uploads\/2025\/07\/260328234_2966785176920310_3332838526503858160_n.jpg\",\"width\":396,\"height\":396,\"caption\":\"Frontaliers Grand Est\"},\"image\":{\"@id\":\"https:\/\/frontaliers-grandest.eu\/de\/#\/schema\/logo\/image\/\"},\"sameAs\":[\"https:\/\/www.facebook.com\/frontaliers.GR.EST\/?locale=fr_FR\"]}]}<\/script>\n<!-- \/ Yoast SEO plugin. -->","yoast_head_json":{"title":"Die vorausgehenden beh\u00f6rdlichen Formalit\u00e4ten - Frontaliers Grand Est","robots":{"index":"index","follow":"follow","max-snippet":"max-snippet:-1","max-image-preview":"max-image-preview:large","max-video-preview":"max-video-preview:-1"},"canonical":"https:\/\/frontaliers-grandest.eu\/de\/startseite\/arbeitgeber\/die-entsendung-in-der-grossregion\/in-luxemburg\/die-vorausgehenden-behordlichen-formalitaten\/","og_locale":"de_DE","og_type":"article","og_title":"Die vorausgehenden beh\u00f6rdlichen Formalit\u00e4ten - Frontaliers Grand Est","og_description":"Voranmeldung Seit dem 20. Oktober 2007 sind&nbsp;Handwerker und Unternehmen, die in einem anderen Mitgliedstaat der Europ\u00e4ischen Union niedergelassen sind, verpflichtet, die luxemburgischen Beh\u00f6rden \u00fcber ihre Absicht zu informieren, eine Dienstleistung in Luxemburg zu erbringen. Diese Mitteilung muss ein Beleg daf\u00fcr beigef\u00fcgt werden, dass der Erkl\u00e4rende f\u00fcr dieselbe T\u00e4tigkeit in seinem Herkunftsland ordnungsgem\u00e4\u00df niedergelassen ist. Die [&hellip;]","og_url":"https:\/\/frontaliers-grandest.eu\/de\/startseite\/arbeitgeber\/die-entsendung-in-der-grossregion\/in-luxemburg\/die-vorausgehenden-behordlichen-formalitaten\/","og_site_name":"Frontaliers Grand Est","article_publisher":"https:\/\/www.facebook.com\/frontaliers.GR.EST\/?locale=fr_FR","article_modified_time":"2024-03-13T10:42:16+00:00","twitter_card":"summary_large_image","twitter_misc":{"Gesch\u00e4tzte Lesezeit":"2\u00a0Minuten"},"schema":{"@context":"https:\/\/schema.org","@graph":[{"@type":"WebPage","@id":"https:\/\/frontaliers-grandest.eu\/de\/startseite\/arbeitgeber\/die-entsendung-in-der-grossregion\/in-luxemburg\/die-vorausgehenden-behordlichen-formalitaten\/","url":"https:\/\/frontaliers-grandest.eu\/de\/startseite\/arbeitgeber\/die-entsendung-in-der-grossregion\/in-luxemburg\/die-vorausgehenden-behordlichen-formalitaten\/","name":"Die vorausgehenden beh\u00f6rdlichen Formalit\u00e4ten - Frontaliers Grand Est","isPartOf":{"@id":"https:\/\/frontaliers-grandest.eu\/de\/#website"},"datePublished":"2021-04-26T13:38:05+00:00","dateModified":"2024-03-13T10:42:16+00:00","breadcrumb":{"@id":"https:\/\/frontaliers-grandest.eu\/de\/startseite\/arbeitgeber\/die-entsendung-in-der-grossregion\/in-luxemburg\/die-vorausgehenden-behordlichen-formalitaten\/#breadcrumb"},"inLanguage":"de","potentialAction":[{"@type":"ReadAction","target":["https:\/\/frontaliers-grandest.eu\/de\/startseite\/arbeitgeber\/die-entsendung-in-der-grossregion\/in-luxemburg\/die-vorausgehenden-behordlichen-formalitaten\/"]}]},{"@type":"BreadcrumbList","@id":"https:\/\/frontaliers-grandest.eu\/de\/startseite\/arbeitgeber\/die-entsendung-in-der-grossregion\/in-luxemburg\/die-vorausgehenden-behordlichen-formalitaten\/#breadcrumb","itemListElement":[{"@type":"ListItem","position":1,"name":"Startseite","item":"https:\/\/frontaliers-grandest.eu\/de\/"},{"@type":"ListItem","position":2,"name":"Arbeitgeber","item":"https:\/\/frontaliers-grandest.eu\/de\/startseite\/arbeitgeber\/"},{"@type":"ListItem","position":3,"name":"Die Entsendung in der Grossregion","item":"https:\/\/frontaliers-grandest.eu\/de\/startseite\/arbeitgeber\/die-entsendung-in-der-grossregion\/"},{"@type":"ListItem","position":4,"name":"In Luxemburg","item":"https:\/\/frontaliers-grandest.eu\/de\/startseite\/arbeitgeber\/die-entsendung-in-der-grossregion\/in-luxemburg\/"},{"@type":"ListItem","position":5,"name":"Die vorausgehenden beh\u00f6rdlichen Formalit\u00e4ten"}]},{"@type":"WebSite","@id":"https:\/\/frontaliers-grandest.eu\/de\/#website","url":"https:\/\/frontaliers-grandest.eu\/de\/","name":"Frontaliers Grand Est","description":"Le site ressource du travail frontalier","publisher":{"@id":"https:\/\/frontaliers-grandest.eu\/de\/#organization"},"alternateName":"Frontaliers Grand Est","potentialAction":[{"@type":"SearchAction","target":{"@type":"EntryPoint","urlTemplate":"https:\/\/frontaliers-grandest.eu\/de\/?s={search_term_string}"},"query-input":{"@type":"PropertyValueSpecification","valueRequired":true,"valueName":"search_term_string"}}],"inLanguage":"de"},{"@type":"Organization","@id":"https:\/\/frontaliers-grandest.eu\/de\/#organization","name":"Frontaliers Grand Est","alternateName":"Frontaliers Grand Est","url":"https:\/\/frontaliers-grandest.eu\/de\/","logo":{"@type":"ImageObject","inLanguage":"de","@id":"https:\/\/frontaliers-grandest.eu\/de\/#\/schema\/logo\/image\/","url":"https:\/\/frontaliers-grandest.eu\/wp-content\/uploads\/2025\/07\/260328234_2966785176920310_3332838526503858160_n.jpg","contentUrl":"https:\/\/frontaliers-grandest.eu\/wp-content\/uploads\/2025\/07\/260328234_2966785176920310_3332838526503858160_n.jpg","width":396,"height":396,"caption":"Frontaliers Grand Est"},"image":{"@id":"https:\/\/frontaliers-grandest.eu\/de\/#\/schema\/logo\/image\/"},"sameAs":["https:\/\/www.facebook.com\/frontaliers.GR.EST\/?locale=fr_FR"]}]}},"frge_page_order":0,"_links":{"self":[{"href":"https:\/\/frontaliers-grandest.eu\/de\/wp-json\/wp\/v2\/pages\/6606","targetHints":{"allow":["GET"]}}],"collection":[{"href":"https:\/\/frontaliers-grandest.eu\/de\/wp-json\/wp\/v2\/pages"}],"about":[{"href":"https:\/\/frontaliers-grandest.eu\/de\/wp-json\/wp\/v2\/types\/page"}],"author":[{"embeddable":true,"href":"https:\/\/frontaliers-grandest.eu\/de\/wp-json\/wp\/v2\/users\/7"}],"replies":[{"embeddable":true,"href":"https:\/\/frontaliers-grandest.eu\/de\/wp-json\/wp\/v2\/comments?post=6606"}],"version-history":[{"count":3,"href":"https:\/\/frontaliers-grandest.eu\/de\/wp-json\/wp\/v2\/pages\/6606\/revisions"}],"predecessor-version":[{"id":34593,"href":"https:\/\/frontaliers-grandest.eu\/de\/wp-json\/wp\/v2\/pages\/6606\/revisions\/34593"}],"up":[{"embeddable":true,"href":"https:\/\/frontaliers-grandest.eu\/de\/wp-json\/wp\/v2\/pages\/6604"}],"wp:attachment":[{"href":"https:\/\/frontaliers-grandest.eu\/de\/wp-json\/wp\/v2\/media?parent=6606"}],"wp:term":[{"taxonomy":"post_tag","embeddable":true,"href":"https:\/\/frontaliers-grandest.eu\/de\/wp-json\/wp\/v2\/tags?post=6606"},{"taxonomy":"frge_profile","embeddable":true,"href":"https:\/\/frontaliers-grandest.eu\/de\/wp-json\/wp\/v2\/frge_profile?post=6606"}],"curies":[{"name":"wp","href":"https:\/\/api.w.org\/{rel}","templated":true}]}}