{"id":6579,"date":"2021-04-26T15:06:17","date_gmt":"2021-04-26T13:06:17","guid":{"rendered":"https:\/\/frontaliers-grandest.eu\/?page_id=6579"},"modified":"2021-05-04T11:40:00","modified_gmt":"2021-05-04T09:40:00","slug":"die-besteuerung-im-fall-der-entsendung-nach-deutschland","status":"publish","type":"page","link":"https:\/\/frontaliers-grandest.eu\/de\/startseite\/arbeitgeber\/die-entsendung-in-der-grossregion\/in-deutschland\/die-besteuerung-im-fall-der-entsendung-nach-deutschland\/","title":{"rendered":"Die Besteuerung im Fall der Entsendung nach Deutschland"},"content":{"rendered":"\n<h4 class=\"wp-block-heading\"><strong>Besteuerung der entsendeten Belegschaft, die ihren steuerlichen Wohnsitz im Herkunftsland hat, bei einer Entsendedauer nach Deutschland &lt; 183 Tage.<\/strong><\/h4>\n\n\n\n<p>Wird der Arbeitnehmer f\u00fcr eine Dauer von weniger als 183 Tagen nach Deutschland entsandt (gem\u00e4\u00df der Abrechnungsmethode, die mit der anzuwendenden Steuervereinbarung vorgesehen ist), wird er&nbsp;<strong>in seinem Staat des steuerlichen Wohnsitzes auf das Einkommen besteuert<\/strong>, das er f\u00fcr seine berufliche T\u00e4tigkeit in Deutschland erzielte.<\/p>\n\n\n\n<p>Verf\u00fcgt der Arbeitgeber jedoch \u00fcber eine feste Niederlassung in dem Land, in das der Arbeitgeber entsendet wird, wird derselbe ab dem ersten Tag des Wohnsitzes gem\u00e4\u00df den steuerlichen Regeln dieses Landes besteuert.<\/p>\n\n\n\n<h4 class=\"wp-block-heading\"><strong>Besteuerung der entsendeten Belegschaft, die ihren steuerlichen Wohnsitz im Herkunftsland hat, unter Ber\u00fccksichtigung einer Entsendedauer nach Deutschland &gt; 183 Tagen.<\/strong><\/h4>\n\n\n\n<p>Die Bez\u00fcge und Geh\u00e4lter, die im Rahmen der auf dem deutschen Hoheitsgebiet ausge\u00fcbten T\u00e4tigkeit sind&nbsp;<strong>in diesem Fall gem\u00e4\u00df den in Deutschland geltenden steuerlichen Regeln besteuerbar<\/strong>.<\/p>\n\n\n\n<p>Der Arbeitnehmer ist in diesem Fall teilweise zur Zahlung seiner Steuern in Deutschland verpflichtet (einzig auf seine Bez\u00fcge und Geh\u00e4lter).<\/p>\n\n\n\n<p>Die Gesellschaft, die die Geh\u00e4lter zahlt (das Entsende- oder das Gastunternehmen) ist verpflichtet,<strong>&nbsp;die deutsche Quellenbesteuerung des Einkommens in Bezug auf die Bez\u00fcge und Geh\u00e4lter zu ber\u00fccksichtigen<\/strong>. Zu diesem Zweck muss der Arbeitnehmer eine Bescheinigung beim deutschen Finanzamt einholen, dem der Arbeitgeber zugeordnet ist.<\/p>\n\n\n\n<p>Diese Bescheinigung muss vom Arbeitnehmer erfragt werden. Sie beinhaltet unterschiedliche Informationen: die Steuerklasse, die Abzugsf\u00e4higkeit der beruflichen Kosten und au\u00dferordentlichen Ausgaben. Im Allgemeinen handelt es sich um die Steuerklasse Nr. 1. Beantragt der Arbeitnehmer diese Bescheinigung nicht oder legt er sie nicht vor, nimmt der Arbeitgeber einen Quellenabzug im Rahmen der Einkommenssteuer auf der Grundlage der Klasse VI vor, was f\u00fcr den Arbeitnehmer ung\u00fcnstiger ist.<\/p>\n\n\n\n<p><strong>Das zust\u00e4ndige Finanzamt ist das f\u00fcr den Arbeitgeber zust\u00e4ndige Finanzamt am Ort seines Gesch\u00e4ftssitzes oder seiner Gesch\u00e4ftsleitung.<\/strong><\/p>\n\n\n\n<div class=\"wp-block-buttons is-layout-flex wp-block-buttons-is-layout-flex\">\n<div class=\"wp-block-button\"><a class=\"wp-block-button__link\"><strong>Wichtiger Hinweis<\/strong>: Die Regel der 183 Tage gilt nicht f\u00fcr Zeitarbeiter, die in Frankreich ans\u00e4ssig sind und ihrer T\u00e4tigkeit in Deutschland nachgehen. Sie werden auf ihre Bez\u00fcge und Geh\u00e4lter ab dem ersten Tag ihrer T\u00e4tigkeit auf dem deutschen Hoheitsgebiet in Deutschland besteuert.&nbsp;<strong>Das Zeitarbeitsunternehmen muss in Deutschland eingetragen sein und die Quellenbesteuerung des Einkommens vornehmen.<\/strong>&nbsp;Der Arbeitnehmer ben\u00f6tigt eine Bescheinigung des deutschen Finanzamts, bei dem er gemeldet ist.<\/a><\/div>\n<\/div>\n\n\n\n<p>Die bilaterale Vereinbarung erm\u00f6glicht es in diesem Fall zu vermeiden, dass die in Deutschland gezahlten Steuern bei der Berechnung der franz\u00f6sischen Steuer auf das Gesamteinkommen in Frankreich und in Deutschland hinzugerechnet wird.<\/p>\n","protected":false},"excerpt":{"rendered":"<p>Besteuerung der entsendeten Belegschaft, die ihren steuerlichen Wohnsitz im Herkunftsland hat, bei einer Entsendedauer nach Deutschland &lt; 183 Tage. Wird der Arbeitnehmer f\u00fcr eine Dauer von weniger als 183 Tagen nach Deutschland entsandt (gem\u00e4\u00df der Abrechnungsmethode, die mit der anzuwendenden Steuervereinbarung vorgesehen ist), wird er&nbsp;in seinem Staat des steuerlichen Wohnsitzes auf das Einkommen besteuert, das [&hellip;]<\/p>\n","protected":false},"author":7,"featured_media":0,"parent":6567,"menu_order":3,"comment_status":"closed","ping_status":"closed","template":"","meta":{"inline_featured_image":false,"footnotes":""},"tags":[],"frge_profile":[],"class_list":["post-6579","page","type-page","status-publish","hentry"],"yoast_head":"<!-- This site is optimized with the Yoast SEO plugin v27.1.1 - https:\/\/yoast.com\/product\/yoast-seo-wordpress\/ -->\n<title>Die Besteuerung im Fall der Entsendung nach Deutschland - Frontaliers Grand Est<\/title>\n<meta name=\"robots\" content=\"index, follow, max-snippet:-1, max-image-preview:large, max-video-preview:-1\" \/>\n<link rel=\"canonical\" href=\"https:\/\/frontaliers-grandest.eu\/de\/startseite\/arbeitgeber\/die-entsendung-in-der-grossregion\/in-deutschland\/die-besteuerung-im-fall-der-entsendung-nach-deutschland\/\" \/>\n<meta property=\"og:locale\" content=\"de_DE\" \/>\n<meta property=\"og:type\" content=\"article\" \/>\n<meta property=\"og:title\" content=\"Die Besteuerung im Fall der Entsendung nach Deutschland - Frontaliers Grand Est\" \/>\n<meta property=\"og:description\" content=\"Besteuerung der entsendeten Belegschaft, die ihren steuerlichen Wohnsitz im Herkunftsland hat, bei einer Entsendedauer nach Deutschland &lt; 183 Tage. Wird der Arbeitnehmer f\u00fcr eine Dauer von weniger als 183 Tagen nach Deutschland entsandt (gem\u00e4\u00df der Abrechnungsmethode, die mit der anzuwendenden Steuervereinbarung vorgesehen ist), wird er&nbsp;in seinem Staat des steuerlichen Wohnsitzes auf das Einkommen besteuert, das [&hellip;]\" \/>\n<meta property=\"og:url\" content=\"https:\/\/frontaliers-grandest.eu\/de\/startseite\/arbeitgeber\/die-entsendung-in-der-grossregion\/in-deutschland\/die-besteuerung-im-fall-der-entsendung-nach-deutschland\/\" \/>\n<meta property=\"og:site_name\" content=\"Frontaliers Grand Est\" \/>\n<meta property=\"article:publisher\" content=\"https:\/\/www.facebook.com\/frontaliers.GR.EST\/?locale=fr_FR\" \/>\n<meta property=\"article:modified_time\" content=\"2021-05-04T09:40:00+00:00\" \/>\n<meta name=\"twitter:card\" content=\"summary_large_image\" \/>\n<meta name=\"twitter:label1\" content=\"Gesch\u00e4tzte Lesezeit\" \/>\n\t<meta name=\"twitter:data1\" content=\"2\u00a0Minuten\" \/>\n<script type=\"application\/ld+json\" class=\"yoast-schema-graph\">{\"@context\":\"https:\/\/schema.org\",\"@graph\":[{\"@type\":\"WebPage\",\"@id\":\"https:\/\/frontaliers-grandest.eu\/de\/startseite\/arbeitgeber\/die-entsendung-in-der-grossregion\/in-deutschland\/die-besteuerung-im-fall-der-entsendung-nach-deutschland\/\",\"url\":\"https:\/\/frontaliers-grandest.eu\/de\/startseite\/arbeitgeber\/die-entsendung-in-der-grossregion\/in-deutschland\/die-besteuerung-im-fall-der-entsendung-nach-deutschland\/\",\"name\":\"Die Besteuerung im Fall der Entsendung nach Deutschland - Frontaliers Grand Est\",\"isPartOf\":{\"@id\":\"https:\/\/frontaliers-grandest.eu\/de\/#website\"},\"datePublished\":\"2021-04-26T13:06:17+00:00\",\"dateModified\":\"2021-05-04T09:40:00+00:00\",\"breadcrumb\":{\"@id\":\"https:\/\/frontaliers-grandest.eu\/de\/startseite\/arbeitgeber\/die-entsendung-in-der-grossregion\/in-deutschland\/die-besteuerung-im-fall-der-entsendung-nach-deutschland\/#breadcrumb\"},\"inLanguage\":\"de\",\"potentialAction\":[{\"@type\":\"ReadAction\",\"target\":[\"https:\/\/frontaliers-grandest.eu\/de\/startseite\/arbeitgeber\/die-entsendung-in-der-grossregion\/in-deutschland\/die-besteuerung-im-fall-der-entsendung-nach-deutschland\/\"]}]},{\"@type\":\"BreadcrumbList\",\"@id\":\"https:\/\/frontaliers-grandest.eu\/de\/startseite\/arbeitgeber\/die-entsendung-in-der-grossregion\/in-deutschland\/die-besteuerung-im-fall-der-entsendung-nach-deutschland\/#breadcrumb\",\"itemListElement\":[{\"@type\":\"ListItem\",\"position\":1,\"name\":\"Startseite\",\"item\":\"https:\/\/frontaliers-grandest.eu\/de\/\"},{\"@type\":\"ListItem\",\"position\":2,\"name\":\"Arbeitgeber\",\"item\":\"https:\/\/frontaliers-grandest.eu\/de\/startseite\/arbeitgeber\/\"},{\"@type\":\"ListItem\",\"position\":3,\"name\":\"Die Entsendung in der Grossregion\",\"item\":\"https:\/\/frontaliers-grandest.eu\/de\/startseite\/arbeitgeber\/die-entsendung-in-der-grossregion\/\"},{\"@type\":\"ListItem\",\"position\":4,\"name\":\"In Deutschland\",\"item\":\"https:\/\/frontaliers-grandest.eu\/de\/startseite\/arbeitgeber\/die-entsendung-in-der-grossregion\/in-deutschland\/\"},{\"@type\":\"ListItem\",\"position\":5,\"name\":\"Die Besteuerung im Fall der Entsendung nach Deutschland\"}]},{\"@type\":\"WebSite\",\"@id\":\"https:\/\/frontaliers-grandest.eu\/de\/#website\",\"url\":\"https:\/\/frontaliers-grandest.eu\/de\/\",\"name\":\"Frontaliers Grand Est\",\"description\":\"Le site ressource du travail frontalier\",\"publisher\":{\"@id\":\"https:\/\/frontaliers-grandest.eu\/de\/#organization\"},\"alternateName\":\"Frontaliers Grand Est\",\"potentialAction\":[{\"@type\":\"SearchAction\",\"target\":{\"@type\":\"EntryPoint\",\"urlTemplate\":\"https:\/\/frontaliers-grandest.eu\/de\/?s={search_term_string}\"},\"query-input\":{\"@type\":\"PropertyValueSpecification\",\"valueRequired\":true,\"valueName\":\"search_term_string\"}}],\"inLanguage\":\"de\"},{\"@type\":\"Organization\",\"@id\":\"https:\/\/frontaliers-grandest.eu\/de\/#organization\",\"name\":\"Frontaliers Grand Est\",\"alternateName\":\"Frontaliers Grand Est\",\"url\":\"https:\/\/frontaliers-grandest.eu\/de\/\",\"logo\":{\"@type\":\"ImageObject\",\"inLanguage\":\"de\",\"@id\":\"https:\/\/frontaliers-grandest.eu\/de\/#\/schema\/logo\/image\/\",\"url\":\"https:\/\/frontaliers-grandest.eu\/wp-content\/uploads\/2025\/07\/260328234_2966785176920310_3332838526503858160_n.jpg\",\"contentUrl\":\"https:\/\/frontaliers-grandest.eu\/wp-content\/uploads\/2025\/07\/260328234_2966785176920310_3332838526503858160_n.jpg\",\"width\":396,\"height\":396,\"caption\":\"Frontaliers Grand Est\"},\"image\":{\"@id\":\"https:\/\/frontaliers-grandest.eu\/de\/#\/schema\/logo\/image\/\"},\"sameAs\":[\"https:\/\/www.facebook.com\/frontaliers.GR.EST\/?locale=fr_FR\"]}]}<\/script>\n<!-- \/ Yoast SEO plugin. -->","yoast_head_json":{"title":"Die Besteuerung im Fall der Entsendung nach Deutschland - Frontaliers Grand Est","robots":{"index":"index","follow":"follow","max-snippet":"max-snippet:-1","max-image-preview":"max-image-preview:large","max-video-preview":"max-video-preview:-1"},"canonical":"https:\/\/frontaliers-grandest.eu\/de\/startseite\/arbeitgeber\/die-entsendung-in-der-grossregion\/in-deutschland\/die-besteuerung-im-fall-der-entsendung-nach-deutschland\/","og_locale":"de_DE","og_type":"article","og_title":"Die Besteuerung im Fall der Entsendung nach Deutschland - Frontaliers Grand Est","og_description":"Besteuerung der entsendeten Belegschaft, die ihren steuerlichen Wohnsitz im Herkunftsland hat, bei einer Entsendedauer nach Deutschland &lt; 183 Tage. Wird der Arbeitnehmer f\u00fcr eine Dauer von weniger als 183 Tagen nach Deutschland entsandt (gem\u00e4\u00df der Abrechnungsmethode, die mit der anzuwendenden Steuervereinbarung vorgesehen ist), wird er&nbsp;in seinem Staat des steuerlichen Wohnsitzes auf das Einkommen besteuert, das [&hellip;]","og_url":"https:\/\/frontaliers-grandest.eu\/de\/startseite\/arbeitgeber\/die-entsendung-in-der-grossregion\/in-deutschland\/die-besteuerung-im-fall-der-entsendung-nach-deutschland\/","og_site_name":"Frontaliers Grand Est","article_publisher":"https:\/\/www.facebook.com\/frontaliers.GR.EST\/?locale=fr_FR","article_modified_time":"2021-05-04T09:40:00+00:00","twitter_card":"summary_large_image","twitter_misc":{"Gesch\u00e4tzte Lesezeit":"2\u00a0Minuten"},"schema":{"@context":"https:\/\/schema.org","@graph":[{"@type":"WebPage","@id":"https:\/\/frontaliers-grandest.eu\/de\/startseite\/arbeitgeber\/die-entsendung-in-der-grossregion\/in-deutschland\/die-besteuerung-im-fall-der-entsendung-nach-deutschland\/","url":"https:\/\/frontaliers-grandest.eu\/de\/startseite\/arbeitgeber\/die-entsendung-in-der-grossregion\/in-deutschland\/die-besteuerung-im-fall-der-entsendung-nach-deutschland\/","name":"Die Besteuerung im Fall der Entsendung nach Deutschland - Frontaliers Grand Est","isPartOf":{"@id":"https:\/\/frontaliers-grandest.eu\/de\/#website"},"datePublished":"2021-04-26T13:06:17+00:00","dateModified":"2021-05-04T09:40:00+00:00","breadcrumb":{"@id":"https:\/\/frontaliers-grandest.eu\/de\/startseite\/arbeitgeber\/die-entsendung-in-der-grossregion\/in-deutschland\/die-besteuerung-im-fall-der-entsendung-nach-deutschland\/#breadcrumb"},"inLanguage":"de","potentialAction":[{"@type":"ReadAction","target":["https:\/\/frontaliers-grandest.eu\/de\/startseite\/arbeitgeber\/die-entsendung-in-der-grossregion\/in-deutschland\/die-besteuerung-im-fall-der-entsendung-nach-deutschland\/"]}]},{"@type":"BreadcrumbList","@id":"https:\/\/frontaliers-grandest.eu\/de\/startseite\/arbeitgeber\/die-entsendung-in-der-grossregion\/in-deutschland\/die-besteuerung-im-fall-der-entsendung-nach-deutschland\/#breadcrumb","itemListElement":[{"@type":"ListItem","position":1,"name":"Startseite","item":"https:\/\/frontaliers-grandest.eu\/de\/"},{"@type":"ListItem","position":2,"name":"Arbeitgeber","item":"https:\/\/frontaliers-grandest.eu\/de\/startseite\/arbeitgeber\/"},{"@type":"ListItem","position":3,"name":"Die Entsendung in der Grossregion","item":"https:\/\/frontaliers-grandest.eu\/de\/startseite\/arbeitgeber\/die-entsendung-in-der-grossregion\/"},{"@type":"ListItem","position":4,"name":"In Deutschland","item":"https:\/\/frontaliers-grandest.eu\/de\/startseite\/arbeitgeber\/die-entsendung-in-der-grossregion\/in-deutschland\/"},{"@type":"ListItem","position":5,"name":"Die Besteuerung im Fall der Entsendung nach Deutschland"}]},{"@type":"WebSite","@id":"https:\/\/frontaliers-grandest.eu\/de\/#website","url":"https:\/\/frontaliers-grandest.eu\/de\/","name":"Frontaliers Grand Est","description":"Le site ressource du travail frontalier","publisher":{"@id":"https:\/\/frontaliers-grandest.eu\/de\/#organization"},"alternateName":"Frontaliers Grand Est","potentialAction":[{"@type":"SearchAction","target":{"@type":"EntryPoint","urlTemplate":"https:\/\/frontaliers-grandest.eu\/de\/?s={search_term_string}"},"query-input":{"@type":"PropertyValueSpecification","valueRequired":true,"valueName":"search_term_string"}}],"inLanguage":"de"},{"@type":"Organization","@id":"https:\/\/frontaliers-grandest.eu\/de\/#organization","name":"Frontaliers Grand Est","alternateName":"Frontaliers Grand Est","url":"https:\/\/frontaliers-grandest.eu\/de\/","logo":{"@type":"ImageObject","inLanguage":"de","@id":"https:\/\/frontaliers-grandest.eu\/de\/#\/schema\/logo\/image\/","url":"https:\/\/frontaliers-grandest.eu\/wp-content\/uploads\/2025\/07\/260328234_2966785176920310_3332838526503858160_n.jpg","contentUrl":"https:\/\/frontaliers-grandest.eu\/wp-content\/uploads\/2025\/07\/260328234_2966785176920310_3332838526503858160_n.jpg","width":396,"height":396,"caption":"Frontaliers Grand Est"},"image":{"@id":"https:\/\/frontaliers-grandest.eu\/de\/#\/schema\/logo\/image\/"},"sameAs":["https:\/\/www.facebook.com\/frontaliers.GR.EST\/?locale=fr_FR"]}]}},"frge_page_order":0,"_links":{"self":[{"href":"https:\/\/frontaliers-grandest.eu\/de\/wp-json\/wp\/v2\/pages\/6579","targetHints":{"allow":["GET"]}}],"collection":[{"href":"https:\/\/frontaliers-grandest.eu\/de\/wp-json\/wp\/v2\/pages"}],"about":[{"href":"https:\/\/frontaliers-grandest.eu\/de\/wp-json\/wp\/v2\/types\/page"}],"author":[{"embeddable":true,"href":"https:\/\/frontaliers-grandest.eu\/de\/wp-json\/wp\/v2\/users\/7"}],"replies":[{"embeddable":true,"href":"https:\/\/frontaliers-grandest.eu\/de\/wp-json\/wp\/v2\/comments?post=6579"}],"version-history":[{"count":2,"href":"https:\/\/frontaliers-grandest.eu\/de\/wp-json\/wp\/v2\/pages\/6579\/revisions"}],"predecessor-version":[{"id":6995,"href":"https:\/\/frontaliers-grandest.eu\/de\/wp-json\/wp\/v2\/pages\/6579\/revisions\/6995"}],"up":[{"embeddable":true,"href":"https:\/\/frontaliers-grandest.eu\/de\/wp-json\/wp\/v2\/pages\/6567"}],"wp:attachment":[{"href":"https:\/\/frontaliers-grandest.eu\/de\/wp-json\/wp\/v2\/media?parent=6579"}],"wp:term":[{"taxonomy":"post_tag","embeddable":true,"href":"https:\/\/frontaliers-grandest.eu\/de\/wp-json\/wp\/v2\/tags?post=6579"},{"taxonomy":"frge_profile","embeddable":true,"href":"https:\/\/frontaliers-grandest.eu\/de\/wp-json\/wp\/v2\/frge_profile?post=6579"}],"curies":[{"name":"wp","href":"https:\/\/api.w.org\/{rel}","templated":true}]}}