{"id":6569,"date":"2021-04-26T14:57:27","date_gmt":"2021-04-26T12:57:27","guid":{"rendered":"https:\/\/frontaliers-grandest.eu\/?page_id=6569"},"modified":"2024-03-13T11:41:32","modified_gmt":"2024-03-13T10:41:32","slug":"die-vorausgehenden-behordlichen-formalitaten","status":"publish","type":"page","link":"https:\/\/frontaliers-grandest.eu\/de\/startseite\/arbeitgeber\/die-entsendung-in-der-grossregion\/in-deutschland\/die-vorausgehenden-behordlichen-formalitaten\/","title":{"rendered":"Die vorausgehenden beh\u00f6rdlichen Formalit\u00e4ten"},"content":{"rendered":"\n<p>Wurde Ihre T\u00e4tigkeit in die Anlage A der deutschen Handwerksordnung aufgenommen,&nbsp;<strong>ist eine Voranmeldung bei der zust\u00e4ndigen Handwerkskammer erforderlich<\/strong>.<\/p>\n\n\n\n<p>Sie k\u00f6nnen die Anlage A der deutschen Handwerksordnung \u00fcber den nachstehenden Link einsehen:<\/p>\n\n\n\n<p><a href=\"https:\/\/www.zdh.de\/fileadmin\/user_upload\/ZDH\/0725-Berufe_franz_sisch.pdf\" target=\"_blank\" rel=\"noreferrer noopener\">www.zdh.de\/fileadmin\/user_upload\/ZDH\/0725-Berufe_franz_sisch.pdf<\/a><\/p>\n\n\n\n<p>Die Handwerker sind verpflichtet, der Handwerkskammer des Bundeslandes, in dem die Leistung erbracht wird, in eine Reihe von Schriftst\u00fccken zu \u00fcbermitteln, um diese Genehmigung zu erhalten (eine EG-Bescheinigung \u00fcber die auszu\u00fcbenden T\u00e4tigkeiten, ein Auszug aus dem Strafregister, eine Bescheinigung \u00fcber die Konkursfreiheit):<\/p>\n\n\n\n<h5 class=\"wp-block-heading\"><strong>Beispiel f\u00fcr eine Entsendung nach Rheinland-Pfalz<\/strong>:<\/h5>\n\n\n\n<figure class=\"wp-block-pullquote\"><blockquote><p><strong>HANDWERKSKAMMER Trier<\/strong><br>Loebstra\u00dfe 18<br>D- 54 292 Trier<br>Tel.: +49 651 2070<\/p><\/blockquote><\/figure>\n\n\n\n<p>Die zust\u00e4ndige Handelskammer finden Sie auf der Website der Handelskammern in Deutschland:&nbsp;<a href=\"https:\/\/www.handwerkskammer.de\/\" target=\"_blank\" rel=\"noreferrer noopener\">www.handwerkskammer.de<\/a><\/p>\n\n\n\n<p><strong>Die deutsche Beh\u00f6rde wird Ihnen binnen einer Frist von einem Monat antworten<\/strong>&nbsp;und darauf verwiesen, dass Sie Ihre T\u00e4tigkeit \u00fcberall in Deutschland aus\u00fcben k\u00f6nnen.&nbsp;<strong>Dieser Titel ist ein Jahr g\u00fcltig und verl\u00e4ngerbar.<\/strong><\/p>\n\n\n\n<h4 class=\"wp-block-heading\"><strong>Beantragung einer Umsatzsteuernummer<\/strong><\/h4>\n\n\n\n<p>Jedes Unternehmen muss beim Finanzamt des betreffenden Landes eine Umsatzsteuernummer beantragen.<\/p>\n\n\n\n<h5 class=\"wp-block-heading\"><strong>Die luxemburgischen Unternehmen m\u00fcssen sich beispielsweise an das Finanzamt Saarbr\u00fccken wenden, um eine Umsatzsteuernummer zu erhalten<\/strong> :<\/h5>\n\n\n\n<figure class=\"wp-block-pullquote\"><blockquote><p><strong>FINANZAMT SAARBR\u00dcCKEN<\/strong><br>Am Stadtgraben 2-4<br>D- 66111 Saarbr\u00fccken<br>Tel.: +49 681 3000 434<br><a href=\"mailto:Poststelle@fasb.saarland.de\" target=\"_blank\" rel=\"noreferrer noopener\">Poststelle@fasb.saarland.de<\/a><\/p><\/blockquote><\/figure>\n\n\n\n<h5 class=\"wp-block-heading\">&nbsp;<strong>F\u00fcr franz\u00f6sische Unternehmen<\/strong>:<\/h5>\n\n\n\n<figure class=\"wp-block-pullquote\"><blockquote><p><strong>FINANZAMT OFFENBURG<\/strong><br>Carl-Blos-Stra\u00dfe 2a<br>77654 Offenburg D-77 694 Kehl<br>Tel.: +49 781 12026 0<br><a href=\"mailto:poststelle-14@finanzamt.bwl.de\" target=\"_blank\" rel=\"noreferrer noopener\">poststelle-14@finanzamt.bwl.de<\/a><\/p><\/blockquote><\/figure>\n\n\n\n<h5 class=\"wp-block-heading\">&nbsp;<strong>F\u00fcr belgische Unternehmen<\/strong>:<\/h5>\n\n\n\n<figure class=\"wp-block-pullquote\"><blockquote><p><strong>FINANZAMT TRIER<\/strong><br>Hubert Neuerburg Stra\u00dfe 1<br>D-54290 Trier<br>Tel.: +49 651 936 00<br><a href=\"mailto:poststelle@fa-tr.fin-rlp.de\" target=\"_blank\" rel=\"noreferrer noopener\">poststelle@fa-tr.fin-rlp.de<\/a><\/p><\/blockquote><\/figure>\n\n\n\n<p><strong>An dieser Stelle soll darauf verwiesen werden, dass die Umsatzsteuer in Deutschland seit dem 1. Januar 2017 19% betr\u00e4gt. Der erm\u00e4\u00dfigte Steuersatz liegt bei 7%.<\/strong><\/p>\n","protected":false},"excerpt":{"rendered":"<p>Wurde Ihre T\u00e4tigkeit in die Anlage A der deutschen Handwerksordnung aufgenommen,&nbsp;ist eine Voranmeldung bei der zust\u00e4ndigen Handwerkskammer erforderlich. Sie k\u00f6nnen die Anlage A der deutschen Handwerksordnung \u00fcber den nachstehenden Link einsehen: www.zdh.de\/fileadmin\/user_upload\/ZDH\/0725-Berufe_franz_sisch.pdf Die Handwerker sind verpflichtet, der Handwerkskammer des Bundeslandes, in dem die Leistung erbracht wird, in eine Reihe von Schriftst\u00fccken zu \u00fcbermitteln, um diese [&hellip;]<\/p>\n","protected":false},"author":7,"featured_media":0,"parent":6567,"menu_order":0,"comment_status":"closed","ping_status":"closed","template":"","meta":{"inline_featured_image":false,"footnotes":""},"tags":[],"frge_profile":[],"class_list":["post-6569","page","type-page","status-publish","hentry"],"yoast_head":"<!-- This site is optimized with the Yoast SEO plugin v27.1.1 - https:\/\/yoast.com\/product\/yoast-seo-wordpress\/ -->\n<title>Die vorausgehenden beh\u00f6rdlichen Formalit\u00e4ten - Frontaliers Grand Est<\/title>\n<meta name=\"robots\" content=\"index, follow, max-snippet:-1, max-image-preview:large, max-video-preview:-1\" \/>\n<link rel=\"canonical\" href=\"https:\/\/frontaliers-grandest.eu\/de\/startseite\/arbeitgeber\/die-entsendung-in-der-grossregion\/in-deutschland\/die-vorausgehenden-behordlichen-formalitaten\/\" \/>\n<meta property=\"og:locale\" content=\"de_DE\" \/>\n<meta property=\"og:type\" content=\"article\" \/>\n<meta property=\"og:title\" content=\"Die vorausgehenden beh\u00f6rdlichen Formalit\u00e4ten - Frontaliers Grand Est\" \/>\n<meta property=\"og:description\" content=\"Wurde Ihre T\u00e4tigkeit in die Anlage A der deutschen Handwerksordnung aufgenommen,&nbsp;ist eine Voranmeldung bei der zust\u00e4ndigen Handwerkskammer erforderlich. Sie k\u00f6nnen die Anlage A der deutschen Handwerksordnung \u00fcber den nachstehenden Link einsehen: www.zdh.de\/fileadmin\/user_upload\/ZDH\/0725-Berufe_franz_sisch.pdf Die Handwerker sind verpflichtet, der Handwerkskammer des Bundeslandes, in dem die Leistung erbracht wird, in eine Reihe von Schriftst\u00fccken zu \u00fcbermitteln, um diese [&hellip;]\" \/>\n<meta property=\"og:url\" content=\"https:\/\/frontaliers-grandest.eu\/de\/startseite\/arbeitgeber\/die-entsendung-in-der-grossregion\/in-deutschland\/die-vorausgehenden-behordlichen-formalitaten\/\" \/>\n<meta property=\"og:site_name\" content=\"Frontaliers Grand Est\" \/>\n<meta property=\"article:publisher\" content=\"https:\/\/www.facebook.com\/frontaliers.GR.EST\/?locale=fr_FR\" \/>\n<meta property=\"article:modified_time\" content=\"2024-03-13T10:41:32+00:00\" \/>\n<meta name=\"twitter:card\" content=\"summary_large_image\" \/>\n<meta name=\"twitter:label1\" content=\"Gesch\u00e4tzte Lesezeit\" \/>\n\t<meta name=\"twitter:data1\" content=\"1\u00a0Minute\" \/>\n<script type=\"application\/ld+json\" class=\"yoast-schema-graph\">{\"@context\":\"https:\/\/schema.org\",\"@graph\":[{\"@type\":\"WebPage\",\"@id\":\"https:\/\/frontaliers-grandest.eu\/de\/startseite\/arbeitgeber\/die-entsendung-in-der-grossregion\/in-deutschland\/die-vorausgehenden-behordlichen-formalitaten\/\",\"url\":\"https:\/\/frontaliers-grandest.eu\/de\/startseite\/arbeitgeber\/die-entsendung-in-der-grossregion\/in-deutschland\/die-vorausgehenden-behordlichen-formalitaten\/\",\"name\":\"Die vorausgehenden beh\u00f6rdlichen Formalit\u00e4ten - Frontaliers Grand Est\",\"isPartOf\":{\"@id\":\"https:\/\/frontaliers-grandest.eu\/de\/#website\"},\"datePublished\":\"2021-04-26T12:57:27+00:00\",\"dateModified\":\"2024-03-13T10:41:32+00:00\",\"breadcrumb\":{\"@id\":\"https:\/\/frontaliers-grandest.eu\/de\/startseite\/arbeitgeber\/die-entsendung-in-der-grossregion\/in-deutschland\/die-vorausgehenden-behordlichen-formalitaten\/#breadcrumb\"},\"inLanguage\":\"de\",\"potentialAction\":[{\"@type\":\"ReadAction\",\"target\":[\"https:\/\/frontaliers-grandest.eu\/de\/startseite\/arbeitgeber\/die-entsendung-in-der-grossregion\/in-deutschland\/die-vorausgehenden-behordlichen-formalitaten\/\"]}]},{\"@type\":\"BreadcrumbList\",\"@id\":\"https:\/\/frontaliers-grandest.eu\/de\/startseite\/arbeitgeber\/die-entsendung-in-der-grossregion\/in-deutschland\/die-vorausgehenden-behordlichen-formalitaten\/#breadcrumb\",\"itemListElement\":[{\"@type\":\"ListItem\",\"position\":1,\"name\":\"Startseite\",\"item\":\"https:\/\/frontaliers-grandest.eu\/de\/\"},{\"@type\":\"ListItem\",\"position\":2,\"name\":\"Arbeitgeber\",\"item\":\"https:\/\/frontaliers-grandest.eu\/de\/startseite\/arbeitgeber\/\"},{\"@type\":\"ListItem\",\"position\":3,\"name\":\"Die Entsendung in der Grossregion\",\"item\":\"https:\/\/frontaliers-grandest.eu\/de\/startseite\/arbeitgeber\/die-entsendung-in-der-grossregion\/\"},{\"@type\":\"ListItem\",\"position\":4,\"name\":\"In Deutschland\",\"item\":\"https:\/\/frontaliers-grandest.eu\/de\/startseite\/arbeitgeber\/die-entsendung-in-der-grossregion\/in-deutschland\/\"},{\"@type\":\"ListItem\",\"position\":5,\"name\":\"Die vorausgehenden beh\u00f6rdlichen Formalit\u00e4ten\"}]},{\"@type\":\"WebSite\",\"@id\":\"https:\/\/frontaliers-grandest.eu\/de\/#website\",\"url\":\"https:\/\/frontaliers-grandest.eu\/de\/\",\"name\":\"Frontaliers Grand Est\",\"description\":\"Le site ressource du travail frontalier\",\"publisher\":{\"@id\":\"https:\/\/frontaliers-grandest.eu\/de\/#organization\"},\"alternateName\":\"Frontaliers Grand Est\",\"potentialAction\":[{\"@type\":\"SearchAction\",\"target\":{\"@type\":\"EntryPoint\",\"urlTemplate\":\"https:\/\/frontaliers-grandest.eu\/de\/?s={search_term_string}\"},\"query-input\":{\"@type\":\"PropertyValueSpecification\",\"valueRequired\":true,\"valueName\":\"search_term_string\"}}],\"inLanguage\":\"de\"},{\"@type\":\"Organization\",\"@id\":\"https:\/\/frontaliers-grandest.eu\/de\/#organization\",\"name\":\"Frontaliers Grand Est\",\"alternateName\":\"Frontaliers Grand Est\",\"url\":\"https:\/\/frontaliers-grandest.eu\/de\/\",\"logo\":{\"@type\":\"ImageObject\",\"inLanguage\":\"de\",\"@id\":\"https:\/\/frontaliers-grandest.eu\/de\/#\/schema\/logo\/image\/\",\"url\":\"https:\/\/frontaliers-grandest.eu\/wp-content\/uploads\/2025\/07\/260328234_2966785176920310_3332838526503858160_n.jpg\",\"contentUrl\":\"https:\/\/frontaliers-grandest.eu\/wp-content\/uploads\/2025\/07\/260328234_2966785176920310_3332838526503858160_n.jpg\",\"width\":396,\"height\":396,\"caption\":\"Frontaliers Grand Est\"},\"image\":{\"@id\":\"https:\/\/frontaliers-grandest.eu\/de\/#\/schema\/logo\/image\/\"},\"sameAs\":[\"https:\/\/www.facebook.com\/frontaliers.GR.EST\/?locale=fr_FR\"]}]}<\/script>\n<!-- \/ Yoast SEO plugin. -->","yoast_head_json":{"title":"Die vorausgehenden beh\u00f6rdlichen Formalit\u00e4ten - Frontaliers Grand Est","robots":{"index":"index","follow":"follow","max-snippet":"max-snippet:-1","max-image-preview":"max-image-preview:large","max-video-preview":"max-video-preview:-1"},"canonical":"https:\/\/frontaliers-grandest.eu\/de\/startseite\/arbeitgeber\/die-entsendung-in-der-grossregion\/in-deutschland\/die-vorausgehenden-behordlichen-formalitaten\/","og_locale":"de_DE","og_type":"article","og_title":"Die vorausgehenden beh\u00f6rdlichen Formalit\u00e4ten - Frontaliers Grand Est","og_description":"Wurde Ihre T\u00e4tigkeit in die Anlage A der deutschen Handwerksordnung aufgenommen,&nbsp;ist eine Voranmeldung bei der zust\u00e4ndigen Handwerkskammer erforderlich. Sie k\u00f6nnen die Anlage A der deutschen Handwerksordnung \u00fcber den nachstehenden Link einsehen: www.zdh.de\/fileadmin\/user_upload\/ZDH\/0725-Berufe_franz_sisch.pdf Die Handwerker sind verpflichtet, der Handwerkskammer des Bundeslandes, in dem die Leistung erbracht wird, in eine Reihe von Schriftst\u00fccken zu \u00fcbermitteln, um diese [&hellip;]","og_url":"https:\/\/frontaliers-grandest.eu\/de\/startseite\/arbeitgeber\/die-entsendung-in-der-grossregion\/in-deutschland\/die-vorausgehenden-behordlichen-formalitaten\/","og_site_name":"Frontaliers Grand Est","article_publisher":"https:\/\/www.facebook.com\/frontaliers.GR.EST\/?locale=fr_FR","article_modified_time":"2024-03-13T10:41:32+00:00","twitter_card":"summary_large_image","twitter_misc":{"Gesch\u00e4tzte Lesezeit":"1\u00a0Minute"},"schema":{"@context":"https:\/\/schema.org","@graph":[{"@type":"WebPage","@id":"https:\/\/frontaliers-grandest.eu\/de\/startseite\/arbeitgeber\/die-entsendung-in-der-grossregion\/in-deutschland\/die-vorausgehenden-behordlichen-formalitaten\/","url":"https:\/\/frontaliers-grandest.eu\/de\/startseite\/arbeitgeber\/die-entsendung-in-der-grossregion\/in-deutschland\/die-vorausgehenden-behordlichen-formalitaten\/","name":"Die vorausgehenden beh\u00f6rdlichen Formalit\u00e4ten - Frontaliers Grand Est","isPartOf":{"@id":"https:\/\/frontaliers-grandest.eu\/de\/#website"},"datePublished":"2021-04-26T12:57:27+00:00","dateModified":"2024-03-13T10:41:32+00:00","breadcrumb":{"@id":"https:\/\/frontaliers-grandest.eu\/de\/startseite\/arbeitgeber\/die-entsendung-in-der-grossregion\/in-deutschland\/die-vorausgehenden-behordlichen-formalitaten\/#breadcrumb"},"inLanguage":"de","potentialAction":[{"@type":"ReadAction","target":["https:\/\/frontaliers-grandest.eu\/de\/startseite\/arbeitgeber\/die-entsendung-in-der-grossregion\/in-deutschland\/die-vorausgehenden-behordlichen-formalitaten\/"]}]},{"@type":"BreadcrumbList","@id":"https:\/\/frontaliers-grandest.eu\/de\/startseite\/arbeitgeber\/die-entsendung-in-der-grossregion\/in-deutschland\/die-vorausgehenden-behordlichen-formalitaten\/#breadcrumb","itemListElement":[{"@type":"ListItem","position":1,"name":"Startseite","item":"https:\/\/frontaliers-grandest.eu\/de\/"},{"@type":"ListItem","position":2,"name":"Arbeitgeber","item":"https:\/\/frontaliers-grandest.eu\/de\/startseite\/arbeitgeber\/"},{"@type":"ListItem","position":3,"name":"Die Entsendung in der Grossregion","item":"https:\/\/frontaliers-grandest.eu\/de\/startseite\/arbeitgeber\/die-entsendung-in-der-grossregion\/"},{"@type":"ListItem","position":4,"name":"In Deutschland","item":"https:\/\/frontaliers-grandest.eu\/de\/startseite\/arbeitgeber\/die-entsendung-in-der-grossregion\/in-deutschland\/"},{"@type":"ListItem","position":5,"name":"Die vorausgehenden beh\u00f6rdlichen Formalit\u00e4ten"}]},{"@type":"WebSite","@id":"https:\/\/frontaliers-grandest.eu\/de\/#website","url":"https:\/\/frontaliers-grandest.eu\/de\/","name":"Frontaliers Grand Est","description":"Le site ressource du travail frontalier","publisher":{"@id":"https:\/\/frontaliers-grandest.eu\/de\/#organization"},"alternateName":"Frontaliers Grand Est","potentialAction":[{"@type":"SearchAction","target":{"@type":"EntryPoint","urlTemplate":"https:\/\/frontaliers-grandest.eu\/de\/?s={search_term_string}"},"query-input":{"@type":"PropertyValueSpecification","valueRequired":true,"valueName":"search_term_string"}}],"inLanguage":"de"},{"@type":"Organization","@id":"https:\/\/frontaliers-grandest.eu\/de\/#organization","name":"Frontaliers Grand Est","alternateName":"Frontaliers Grand Est","url":"https:\/\/frontaliers-grandest.eu\/de\/","logo":{"@type":"ImageObject","inLanguage":"de","@id":"https:\/\/frontaliers-grandest.eu\/de\/#\/schema\/logo\/image\/","url":"https:\/\/frontaliers-grandest.eu\/wp-content\/uploads\/2025\/07\/260328234_2966785176920310_3332838526503858160_n.jpg","contentUrl":"https:\/\/frontaliers-grandest.eu\/wp-content\/uploads\/2025\/07\/260328234_2966785176920310_3332838526503858160_n.jpg","width":396,"height":396,"caption":"Frontaliers Grand Est"},"image":{"@id":"https:\/\/frontaliers-grandest.eu\/de\/#\/schema\/logo\/image\/"},"sameAs":["https:\/\/www.facebook.com\/frontaliers.GR.EST\/?locale=fr_FR"]}]}},"frge_page_order":0,"_links":{"self":[{"href":"https:\/\/frontaliers-grandest.eu\/de\/wp-json\/wp\/v2\/pages\/6569","targetHints":{"allow":["GET"]}}],"collection":[{"href":"https:\/\/frontaliers-grandest.eu\/de\/wp-json\/wp\/v2\/pages"}],"about":[{"href":"https:\/\/frontaliers-grandest.eu\/de\/wp-json\/wp\/v2\/types\/page"}],"author":[{"embeddable":true,"href":"https:\/\/frontaliers-grandest.eu\/de\/wp-json\/wp\/v2\/users\/7"}],"replies":[{"embeddable":true,"href":"https:\/\/frontaliers-grandest.eu\/de\/wp-json\/wp\/v2\/comments?post=6569"}],"version-history":[{"count":5,"href":"https:\/\/frontaliers-grandest.eu\/de\/wp-json\/wp\/v2\/pages\/6569\/revisions"}],"predecessor-version":[{"id":34592,"href":"https:\/\/frontaliers-grandest.eu\/de\/wp-json\/wp\/v2\/pages\/6569\/revisions\/34592"}],"up":[{"embeddable":true,"href":"https:\/\/frontaliers-grandest.eu\/de\/wp-json\/wp\/v2\/pages\/6567"}],"wp:attachment":[{"href":"https:\/\/frontaliers-grandest.eu\/de\/wp-json\/wp\/v2\/media?parent=6569"}],"wp:term":[{"taxonomy":"post_tag","embeddable":true,"href":"https:\/\/frontaliers-grandest.eu\/de\/wp-json\/wp\/v2\/tags?post=6569"},{"taxonomy":"frge_profile","embeddable":true,"href":"https:\/\/frontaliers-grandest.eu\/de\/wp-json\/wp\/v2\/frge_profile?post=6569"}],"curies":[{"name":"wp","href":"https:\/\/api.w.org\/{rel}","templated":true}]}}