{"id":6560,"date":"2021-04-26T14:49:49","date_gmt":"2021-04-26T12:49:49","guid":{"rendered":"https:\/\/frontaliers-grandest.eu\/?page_id=6560"},"modified":"2021-05-04T11:38:26","modified_gmt":"2021-05-04T09:38:26","slug":"arbeitsrecht","status":"publish","type":"page","link":"https:\/\/frontaliers-grandest.eu\/de\/startseite\/arbeitgeber\/die-entsendung-in-der-grossregion\/die-allegemeinen-grundsatze\/arbeitsrecht\/","title":{"rendered":"Arbeitsrecht"},"content":{"rendered":"\n<p>Artikel 3 der \u00dcbereinkommens von Rom (19. Juni 1980) legt den Grundsatz der freien Wahl des auf den Arbeitsvertrag anzuwendenden Rechts fest : der Arbeitsvertrag unterliegt dann dem von den Parteien gew\u00e4hlten Recht. Treffen die Parteien diesbez\u00fcglich keine Wahl, so unterliegt der Arbeitsvertrag den Rechtsvortschriften des Staates, in dem der Arbeitnehmer gew\u00f6hnlich seine T\u00e4tigkeit aus\u00fcbt und dies &#8220; auch wenn er vor\u00fcbergehend in ein anderes Land entsandt wird.&nbsp;<\/p>\n\n\n\n<p>Da die Entsendung naturgem\u00e4\u00df eine zeitlich begrenzte Situation darstellt, d\u00fcrfte sie grunds\u00e4tzlich keine \u00c4nderung dieses Prinzips mit sich bringen. Dennoch wurde ein gewisser Rechsschutz angestrebt. Dabei bestand die gr\u00f6\u00dfte juristische Swierigkeit darin, das Recht der Unternehmen auf Aus\u00fcbung ihrer Dienstleistungen in der Europa\u00efschen Union mit den Sozialrechten der entsandten Arbeitnehmer in Einklang zu bringen und somit das Wirtschaftliche mit dem Sozialen zu verbinden. Mit dieser Harmonisierung befasste sich eine europa\u00efsche Richtlinie vom 16. Dezember 1996 (Richtlinie 96\/71).&nbsp;<strong>Den Mitgliedstaaten schreibt diese Richtlinie vor &#8222;Mindestsozialvorschriften&#8220; f\u00fcr die in ihr Land entsandten Arbeitnehmer einzuf\u00fchren<\/strong>&nbsp;; das hei\u00dft, dass jedes in einem Mitgliedsstaat ans\u00e4ssige Unternehmen, das in einem anderen Mitgliedsstaat eine Dienstleistung erbringt und dazu Arbeitnehmer entsendet, die im Aufnahmeland geltenden Mindestsozialvorschriften einhalten muss.&nbsp;<\/p>\n\n\n\n<p>Die Richtlinie 96\/11 legt eine Liste der Bereiche fest, die von diesen Mindestsozialvorschriften betroffen sind.&nbsp;Es handelt sich um folgende Bereiche&nbsp;:&nbsp;<\/p>\n\n\n\n<ul class=\"wp-block-list\"><li>Die Arbeitzeit,&nbsp;<\/li><li>Die Ruhezeit und der bezahlte Urlaub,&nbsp;<\/li><li>Der Arbeitslohn,<\/li><li>Die Sicherheit, der Gesundheitsschutz und die Hygiene am Arbeitsplatz,<\/li><li>Der&nbsp;Gleichstellung&nbsp;von Frauen und M\u00e4nnern,<\/li><li>Das&nbsp;Prinzip&nbsp;der&nbsp;Nicht-Diskriminierung.<\/li><\/ul>\n\n\n\n<p>Das Ziel der Rechtlinie 96\/71 ist demnach klar&nbsp;: Sie soll den entsandten Arbeitnehmer die Anwendung bestimmter Mindestsozialvorschriften des EU-Aufnahmlandes gew\u00e4hrleisten, damit transationale Dienstleistungserbringer die durch die verschiedenen Regelungen bedingten Lohnunterschiede nicht missbrauchen.&nbsp;<\/p>\n\n\n\n<p>Die Sozialregelungen des Landes, in das der Arbeitnehmer entsandt wird, sind jedoch nur dann anwendbar, wenn diese im tats\u00e4chlich&nbsp;<strong>eine Verbesserung seines Sozialschutzes<\/strong>&nbsp;bzw. einen zu seinem Sozialschutz beitragenden Vorteil bieten. Diese Mindestlohnvorschriften des Aufnahmelandes stehen jedoch im Widerspruch zur Anwendung von g\u00fcnstiger Bestimmungen, die im Land anwenbar sind, in dem der Arbeitnehmer gew\u00f6hnlich seine T\u00e4tigkeit aus\u00fcbt.&nbsp;<\/p>\n","protected":false},"excerpt":{"rendered":"<p>Artikel 3 der \u00dcbereinkommens von Rom (19. Juni 1980) legt den Grundsatz der freien Wahl des auf den Arbeitsvertrag anzuwendenden Rechts fest : der Arbeitsvertrag unterliegt dann dem von den Parteien gew\u00e4hlten Recht. Treffen die Parteien diesbez\u00fcglich keine Wahl, so unterliegt der Arbeitsvertrag den Rechtsvortschriften des Staates, in dem der Arbeitnehmer gew\u00f6hnlich seine T\u00e4tigkeit aus\u00fcbt [&hellip;]<\/p>\n","protected":false},"author":7,"featured_media":0,"parent":6554,"menu_order":2,"comment_status":"closed","ping_status":"closed","template":"","meta":{"inline_featured_image":false,"footnotes":""},"tags":[],"frge_profile":[],"class_list":["post-6560","page","type-page","status-publish","hentry"],"yoast_head":"<!-- This site is optimized with the Yoast SEO plugin v27.1.1 - https:\/\/yoast.com\/product\/yoast-seo-wordpress\/ -->\n<title>Arbeitsrecht - Frontaliers Grand Est<\/title>\n<meta name=\"robots\" content=\"index, follow, max-snippet:-1, max-image-preview:large, max-video-preview:-1\" \/>\n<link rel=\"canonical\" href=\"https:\/\/frontaliers-grandest.eu\/de\/startseite\/arbeitgeber\/die-entsendung-in-der-grossregion\/die-allegemeinen-grundsatze\/arbeitsrecht\/\" \/>\n<meta property=\"og:locale\" content=\"de_DE\" \/>\n<meta property=\"og:type\" content=\"article\" \/>\n<meta property=\"og:title\" content=\"Arbeitsrecht - Frontaliers Grand Est\" \/>\n<meta property=\"og:description\" content=\"Artikel 3 der \u00dcbereinkommens von Rom (19. Juni 1980) legt den Grundsatz der freien Wahl des auf den Arbeitsvertrag anzuwendenden Rechts fest : der Arbeitsvertrag unterliegt dann dem von den Parteien gew\u00e4hlten Recht. Treffen die Parteien diesbez\u00fcglich keine Wahl, so unterliegt der Arbeitsvertrag den Rechtsvortschriften des Staates, in dem der Arbeitnehmer gew\u00f6hnlich seine T\u00e4tigkeit aus\u00fcbt [&hellip;]\" \/>\n<meta property=\"og:url\" content=\"https:\/\/frontaliers-grandest.eu\/de\/startseite\/arbeitgeber\/die-entsendung-in-der-grossregion\/die-allegemeinen-grundsatze\/arbeitsrecht\/\" \/>\n<meta property=\"og:site_name\" content=\"Frontaliers Grand Est\" \/>\n<meta property=\"article:publisher\" content=\"https:\/\/www.facebook.com\/frontaliers.GR.EST\/?locale=fr_FR\" \/>\n<meta property=\"article:modified_time\" content=\"2021-05-04T09:38:26+00:00\" \/>\n<meta name=\"twitter:card\" content=\"summary_large_image\" \/>\n<meta name=\"twitter:label1\" content=\"Gesch\u00e4tzte Lesezeit\" \/>\n\t<meta name=\"twitter:data1\" content=\"2\u00a0Minuten\" \/>\n<script type=\"application\/ld+json\" class=\"yoast-schema-graph\">{\"@context\":\"https:\/\/schema.org\",\"@graph\":[{\"@type\":\"WebPage\",\"@id\":\"https:\/\/frontaliers-grandest.eu\/de\/startseite\/arbeitgeber\/die-entsendung-in-der-grossregion\/die-allegemeinen-grundsatze\/arbeitsrecht\/\",\"url\":\"https:\/\/frontaliers-grandest.eu\/de\/startseite\/arbeitgeber\/die-entsendung-in-der-grossregion\/die-allegemeinen-grundsatze\/arbeitsrecht\/\",\"name\":\"Arbeitsrecht - Frontaliers Grand Est\",\"isPartOf\":{\"@id\":\"https:\/\/frontaliers-grandest.eu\/de\/#website\"},\"datePublished\":\"2021-04-26T12:49:49+00:00\",\"dateModified\":\"2021-05-04T09:38:26+00:00\",\"breadcrumb\":{\"@id\":\"https:\/\/frontaliers-grandest.eu\/de\/startseite\/arbeitgeber\/die-entsendung-in-der-grossregion\/die-allegemeinen-grundsatze\/arbeitsrecht\/#breadcrumb\"},\"inLanguage\":\"de\",\"potentialAction\":[{\"@type\":\"ReadAction\",\"target\":[\"https:\/\/frontaliers-grandest.eu\/de\/startseite\/arbeitgeber\/die-entsendung-in-der-grossregion\/die-allegemeinen-grundsatze\/arbeitsrecht\/\"]}]},{\"@type\":\"BreadcrumbList\",\"@id\":\"https:\/\/frontaliers-grandest.eu\/de\/startseite\/arbeitgeber\/die-entsendung-in-der-grossregion\/die-allegemeinen-grundsatze\/arbeitsrecht\/#breadcrumb\",\"itemListElement\":[{\"@type\":\"ListItem\",\"position\":1,\"name\":\"Startseite\",\"item\":\"https:\/\/frontaliers-grandest.eu\/de\/\"},{\"@type\":\"ListItem\",\"position\":2,\"name\":\"Arbeitgeber\",\"item\":\"https:\/\/frontaliers-grandest.eu\/de\/startseite\/arbeitgeber\/\"},{\"@type\":\"ListItem\",\"position\":3,\"name\":\"Die Entsendung in der Grossregion\",\"item\":\"https:\/\/frontaliers-grandest.eu\/de\/startseite\/arbeitgeber\/die-entsendung-in-der-grossregion\/\"},{\"@type\":\"ListItem\",\"position\":4,\"name\":\"Die allegemeinen Grunds\u00e4tze\",\"item\":\"https:\/\/frontaliers-grandest.eu\/de\/startseite\/arbeitgeber\/die-entsendung-in-der-grossregion\/die-allegemeinen-grundsatze\/\"},{\"@type\":\"ListItem\",\"position\":5,\"name\":\"Arbeitsrecht\"}]},{\"@type\":\"WebSite\",\"@id\":\"https:\/\/frontaliers-grandest.eu\/de\/#website\",\"url\":\"https:\/\/frontaliers-grandest.eu\/de\/\",\"name\":\"Frontaliers Grand Est\",\"description\":\"Le site ressource du travail frontalier\",\"publisher\":{\"@id\":\"https:\/\/frontaliers-grandest.eu\/de\/#organization\"},\"alternateName\":\"Frontaliers Grand Est\",\"potentialAction\":[{\"@type\":\"SearchAction\",\"target\":{\"@type\":\"EntryPoint\",\"urlTemplate\":\"https:\/\/frontaliers-grandest.eu\/de\/?s={search_term_string}\"},\"query-input\":{\"@type\":\"PropertyValueSpecification\",\"valueRequired\":true,\"valueName\":\"search_term_string\"}}],\"inLanguage\":\"de\"},{\"@type\":\"Organization\",\"@id\":\"https:\/\/frontaliers-grandest.eu\/de\/#organization\",\"name\":\"Frontaliers Grand Est\",\"alternateName\":\"Frontaliers Grand Est\",\"url\":\"https:\/\/frontaliers-grandest.eu\/de\/\",\"logo\":{\"@type\":\"ImageObject\",\"inLanguage\":\"de\",\"@id\":\"https:\/\/frontaliers-grandest.eu\/de\/#\/schema\/logo\/image\/\",\"url\":\"https:\/\/frontaliers-grandest.eu\/wp-content\/uploads\/2025\/07\/260328234_2966785176920310_3332838526503858160_n.jpg\",\"contentUrl\":\"https:\/\/frontaliers-grandest.eu\/wp-content\/uploads\/2025\/07\/260328234_2966785176920310_3332838526503858160_n.jpg\",\"width\":396,\"height\":396,\"caption\":\"Frontaliers Grand Est\"},\"image\":{\"@id\":\"https:\/\/frontaliers-grandest.eu\/de\/#\/schema\/logo\/image\/\"},\"sameAs\":[\"https:\/\/www.facebook.com\/frontaliers.GR.EST\/?locale=fr_FR\"]}]}<\/script>\n<!-- \/ Yoast SEO plugin. -->","yoast_head_json":{"title":"Arbeitsrecht - Frontaliers Grand Est","robots":{"index":"index","follow":"follow","max-snippet":"max-snippet:-1","max-image-preview":"max-image-preview:large","max-video-preview":"max-video-preview:-1"},"canonical":"https:\/\/frontaliers-grandest.eu\/de\/startseite\/arbeitgeber\/die-entsendung-in-der-grossregion\/die-allegemeinen-grundsatze\/arbeitsrecht\/","og_locale":"de_DE","og_type":"article","og_title":"Arbeitsrecht - Frontaliers Grand Est","og_description":"Artikel 3 der \u00dcbereinkommens von Rom (19. Juni 1980) legt den Grundsatz der freien Wahl des auf den Arbeitsvertrag anzuwendenden Rechts fest : der Arbeitsvertrag unterliegt dann dem von den Parteien gew\u00e4hlten Recht. Treffen die Parteien diesbez\u00fcglich keine Wahl, so unterliegt der Arbeitsvertrag den Rechtsvortschriften des Staates, in dem der Arbeitnehmer gew\u00f6hnlich seine T\u00e4tigkeit aus\u00fcbt [&hellip;]","og_url":"https:\/\/frontaliers-grandest.eu\/de\/startseite\/arbeitgeber\/die-entsendung-in-der-grossregion\/die-allegemeinen-grundsatze\/arbeitsrecht\/","og_site_name":"Frontaliers Grand Est","article_publisher":"https:\/\/www.facebook.com\/frontaliers.GR.EST\/?locale=fr_FR","article_modified_time":"2021-05-04T09:38:26+00:00","twitter_card":"summary_large_image","twitter_misc":{"Gesch\u00e4tzte Lesezeit":"2\u00a0Minuten"},"schema":{"@context":"https:\/\/schema.org","@graph":[{"@type":"WebPage","@id":"https:\/\/frontaliers-grandest.eu\/de\/startseite\/arbeitgeber\/die-entsendung-in-der-grossregion\/die-allegemeinen-grundsatze\/arbeitsrecht\/","url":"https:\/\/frontaliers-grandest.eu\/de\/startseite\/arbeitgeber\/die-entsendung-in-der-grossregion\/die-allegemeinen-grundsatze\/arbeitsrecht\/","name":"Arbeitsrecht - Frontaliers Grand Est","isPartOf":{"@id":"https:\/\/frontaliers-grandest.eu\/de\/#website"},"datePublished":"2021-04-26T12:49:49+00:00","dateModified":"2021-05-04T09:38:26+00:00","breadcrumb":{"@id":"https:\/\/frontaliers-grandest.eu\/de\/startseite\/arbeitgeber\/die-entsendung-in-der-grossregion\/die-allegemeinen-grundsatze\/arbeitsrecht\/#breadcrumb"},"inLanguage":"de","potentialAction":[{"@type":"ReadAction","target":["https:\/\/frontaliers-grandest.eu\/de\/startseite\/arbeitgeber\/die-entsendung-in-der-grossregion\/die-allegemeinen-grundsatze\/arbeitsrecht\/"]}]},{"@type":"BreadcrumbList","@id":"https:\/\/frontaliers-grandest.eu\/de\/startseite\/arbeitgeber\/die-entsendung-in-der-grossregion\/die-allegemeinen-grundsatze\/arbeitsrecht\/#breadcrumb","itemListElement":[{"@type":"ListItem","position":1,"name":"Startseite","item":"https:\/\/frontaliers-grandest.eu\/de\/"},{"@type":"ListItem","position":2,"name":"Arbeitgeber","item":"https:\/\/frontaliers-grandest.eu\/de\/startseite\/arbeitgeber\/"},{"@type":"ListItem","position":3,"name":"Die Entsendung in der Grossregion","item":"https:\/\/frontaliers-grandest.eu\/de\/startseite\/arbeitgeber\/die-entsendung-in-der-grossregion\/"},{"@type":"ListItem","position":4,"name":"Die allegemeinen Grunds\u00e4tze","item":"https:\/\/frontaliers-grandest.eu\/de\/startseite\/arbeitgeber\/die-entsendung-in-der-grossregion\/die-allegemeinen-grundsatze\/"},{"@type":"ListItem","position":5,"name":"Arbeitsrecht"}]},{"@type":"WebSite","@id":"https:\/\/frontaliers-grandest.eu\/de\/#website","url":"https:\/\/frontaliers-grandest.eu\/de\/","name":"Frontaliers Grand Est","description":"Le site ressource du travail frontalier","publisher":{"@id":"https:\/\/frontaliers-grandest.eu\/de\/#organization"},"alternateName":"Frontaliers Grand Est","potentialAction":[{"@type":"SearchAction","target":{"@type":"EntryPoint","urlTemplate":"https:\/\/frontaliers-grandest.eu\/de\/?s={search_term_string}"},"query-input":{"@type":"PropertyValueSpecification","valueRequired":true,"valueName":"search_term_string"}}],"inLanguage":"de"},{"@type":"Organization","@id":"https:\/\/frontaliers-grandest.eu\/de\/#organization","name":"Frontaliers Grand Est","alternateName":"Frontaliers Grand Est","url":"https:\/\/frontaliers-grandest.eu\/de\/","logo":{"@type":"ImageObject","inLanguage":"de","@id":"https:\/\/frontaliers-grandest.eu\/de\/#\/schema\/logo\/image\/","url":"https:\/\/frontaliers-grandest.eu\/wp-content\/uploads\/2025\/07\/260328234_2966785176920310_3332838526503858160_n.jpg","contentUrl":"https:\/\/frontaliers-grandest.eu\/wp-content\/uploads\/2025\/07\/260328234_2966785176920310_3332838526503858160_n.jpg","width":396,"height":396,"caption":"Frontaliers Grand Est"},"image":{"@id":"https:\/\/frontaliers-grandest.eu\/de\/#\/schema\/logo\/image\/"},"sameAs":["https:\/\/www.facebook.com\/frontaliers.GR.EST\/?locale=fr_FR"]}]}},"frge_page_order":0,"_links":{"self":[{"href":"https:\/\/frontaliers-grandest.eu\/de\/wp-json\/wp\/v2\/pages\/6560","targetHints":{"allow":["GET"]}}],"collection":[{"href":"https:\/\/frontaliers-grandest.eu\/de\/wp-json\/wp\/v2\/pages"}],"about":[{"href":"https:\/\/frontaliers-grandest.eu\/de\/wp-json\/wp\/v2\/types\/page"}],"author":[{"embeddable":true,"href":"https:\/\/frontaliers-grandest.eu\/de\/wp-json\/wp\/v2\/users\/7"}],"replies":[{"embeddable":true,"href":"https:\/\/frontaliers-grandest.eu\/de\/wp-json\/wp\/v2\/comments?post=6560"}],"version-history":[{"count":1,"href":"https:\/\/frontaliers-grandest.eu\/de\/wp-json\/wp\/v2\/pages\/6560\/revisions"}],"predecessor-version":[{"id":6561,"href":"https:\/\/frontaliers-grandest.eu\/de\/wp-json\/wp\/v2\/pages\/6560\/revisions\/6561"}],"up":[{"embeddable":true,"href":"https:\/\/frontaliers-grandest.eu\/de\/wp-json\/wp\/v2\/pages\/6554"}],"wp:attachment":[{"href":"https:\/\/frontaliers-grandest.eu\/de\/wp-json\/wp\/v2\/media?parent=6560"}],"wp:term":[{"taxonomy":"post_tag","embeddable":true,"href":"https:\/\/frontaliers-grandest.eu\/de\/wp-json\/wp\/v2\/tags?post=6560"},{"taxonomy":"frge_profile","embeddable":true,"href":"https:\/\/frontaliers-grandest.eu\/de\/wp-json\/wp\/v2\/frge_profile?post=6560"}],"curies":[{"name":"wp","href":"https:\/\/api.w.org\/{rel}","templated":true}]}}