{"id":6556,"date":"2021-04-26T14:46:05","date_gmt":"2021-04-26T12:46:05","guid":{"rendered":"https:\/\/frontaliers-grandest.eu\/?page_id=6556"},"modified":"2021-05-04T11:38:15","modified_gmt":"2021-05-04T09:38:15","slug":"formalitaten-vor-der-entsendung","status":"publish","type":"page","link":"https:\/\/frontaliers-grandest.eu\/de\/startseite\/arbeitgeber\/die-entsendung-in-der-grossregion\/die-allegemeinen-grundsatze\/formalitaten-vor-der-entsendung\/","title":{"rendered":"Formalit\u00e4ten vor der Entsendung"},"content":{"rendered":"\n<p>Die freie Dienstleistungsverkehr ist eine der vier EG-Vetrag garantierten Grundfreiheiten f\u00fcr nat\u00fcrliche Personen mit Staatsangeh\u00f6rigkeit eines EWR-Mitgliedstaates oder der Schweiz und f\u00fcr Dienstleistungserbringer mit Standort in einem EWR-Mitgliedstaaten. Der Dienstleistungserbringer kann in einem anderen Staat einreisen, um dort eine Dienstleistung zu gewerblichen, kommerziellen, handwerklichen oder freiberuflichen Zwecken zu erbringen, wobei er zu diesem Zweck auch sein Personal entsenden kann. Es bleibt festzuhalten, dass der freie Dienstleistungsverkehr einem bestimmten gesetzlichen Rahmen und gewissen Formalit\u00e4ten unterliegt.&nbsp;<\/p>\n\n\n\n<p>Die Vorschriften und Fristen sind von Land zu Land verschieden.&nbsp;<\/p>\n\n\n\n<p>Im Rahmen der Richtlinie 2006\/123 vom 12. Dezember 2006 wurden in jedem Mitgliedstaat One-Stop-Shops eingerichtet, so dass die Dienstleistungserbringer einfach klare Informationen \u00fcber die Formalit\u00e4ten erhalten und alle Anforderungen erf\u00fcllen konnten (auch auf elektronischem Wege).&nbsp;<\/p>\n","protected":false},"excerpt":{"rendered":"<p>Die freie Dienstleistungsverkehr ist eine der vier EG-Vetrag garantierten Grundfreiheiten f\u00fcr nat\u00fcrliche Personen mit Staatsangeh\u00f6rigkeit eines EWR-Mitgliedstaates oder der Schweiz und f\u00fcr Dienstleistungserbringer mit Standort in einem EWR-Mitgliedstaaten. Der Dienstleistungserbringer kann in einem anderen Staat einreisen, um dort eine Dienstleistung zu gewerblichen, kommerziellen, handwerklichen oder freiberuflichen Zwecken zu erbringen, wobei er zu diesem Zweck auch [&hellip;]<\/p>\n","protected":false},"author":7,"featured_media":0,"parent":6554,"menu_order":0,"comment_status":"closed","ping_status":"closed","template":"","meta":{"inline_featured_image":false,"footnotes":""},"tags":[],"frge_profile":[],"class_list":["post-6556","page","type-page","status-publish","hentry"],"yoast_head":"<!-- This site is optimized with the Yoast SEO plugin v27.1.1 - https:\/\/yoast.com\/product\/yoast-seo-wordpress\/ -->\n<title>Formalit\u00e4ten vor der Entsendung - Frontaliers Grand Est<\/title>\n<meta name=\"robots\" content=\"index, follow, max-snippet:-1, max-image-preview:large, max-video-preview:-1\" \/>\n<link rel=\"canonical\" href=\"https:\/\/frontaliers-grandest.eu\/de\/startseite\/arbeitgeber\/die-entsendung-in-der-grossregion\/die-allegemeinen-grundsatze\/formalitaten-vor-der-entsendung\/\" \/>\n<meta property=\"og:locale\" content=\"de_DE\" \/>\n<meta property=\"og:type\" content=\"article\" \/>\n<meta property=\"og:title\" content=\"Formalit\u00e4ten vor der Entsendung - Frontaliers Grand Est\" \/>\n<meta property=\"og:description\" content=\"Die freie Dienstleistungsverkehr ist eine der vier EG-Vetrag garantierten Grundfreiheiten f\u00fcr nat\u00fcrliche Personen mit Staatsangeh\u00f6rigkeit eines EWR-Mitgliedstaates oder der Schweiz und f\u00fcr Dienstleistungserbringer mit Standort in einem EWR-Mitgliedstaaten. Der Dienstleistungserbringer kann in einem anderen Staat einreisen, um dort eine Dienstleistung zu gewerblichen, kommerziellen, handwerklichen oder freiberuflichen Zwecken zu erbringen, wobei er zu diesem Zweck auch [&hellip;]\" \/>\n<meta property=\"og:url\" content=\"https:\/\/frontaliers-grandest.eu\/de\/startseite\/arbeitgeber\/die-entsendung-in-der-grossregion\/die-allegemeinen-grundsatze\/formalitaten-vor-der-entsendung\/\" \/>\n<meta property=\"og:site_name\" content=\"Frontaliers Grand Est\" \/>\n<meta property=\"article:publisher\" content=\"https:\/\/www.facebook.com\/frontaliers.GR.EST\/?locale=fr_FR\" \/>\n<meta property=\"article:modified_time\" content=\"2021-05-04T09:38:15+00:00\" \/>\n<meta name=\"twitter:card\" content=\"summary_large_image\" \/>\n<meta name=\"twitter:label1\" content=\"Gesch\u00e4tzte Lesezeit\" \/>\n\t<meta name=\"twitter:data1\" content=\"1\u00a0Minute\" \/>\n<script type=\"application\/ld+json\" class=\"yoast-schema-graph\">{\"@context\":\"https:\/\/schema.org\",\"@graph\":[{\"@type\":\"WebPage\",\"@id\":\"https:\/\/frontaliers-grandest.eu\/de\/startseite\/arbeitgeber\/die-entsendung-in-der-grossregion\/die-allegemeinen-grundsatze\/formalitaten-vor-der-entsendung\/\",\"url\":\"https:\/\/frontaliers-grandest.eu\/de\/startseite\/arbeitgeber\/die-entsendung-in-der-grossregion\/die-allegemeinen-grundsatze\/formalitaten-vor-der-entsendung\/\",\"name\":\"Formalit\u00e4ten vor der Entsendung - Frontaliers Grand Est\",\"isPartOf\":{\"@id\":\"https:\/\/frontaliers-grandest.eu\/de\/#website\"},\"datePublished\":\"2021-04-26T12:46:05+00:00\",\"dateModified\":\"2021-05-04T09:38:15+00:00\",\"breadcrumb\":{\"@id\":\"https:\/\/frontaliers-grandest.eu\/de\/startseite\/arbeitgeber\/die-entsendung-in-der-grossregion\/die-allegemeinen-grundsatze\/formalitaten-vor-der-entsendung\/#breadcrumb\"},\"inLanguage\":\"de\",\"potentialAction\":[{\"@type\":\"ReadAction\",\"target\":[\"https:\/\/frontaliers-grandest.eu\/de\/startseite\/arbeitgeber\/die-entsendung-in-der-grossregion\/die-allegemeinen-grundsatze\/formalitaten-vor-der-entsendung\/\"]}]},{\"@type\":\"BreadcrumbList\",\"@id\":\"https:\/\/frontaliers-grandest.eu\/de\/startseite\/arbeitgeber\/die-entsendung-in-der-grossregion\/die-allegemeinen-grundsatze\/formalitaten-vor-der-entsendung\/#breadcrumb\",\"itemListElement\":[{\"@type\":\"ListItem\",\"position\":1,\"name\":\"Startseite\",\"item\":\"https:\/\/frontaliers-grandest.eu\/de\/\"},{\"@type\":\"ListItem\",\"position\":2,\"name\":\"Arbeitgeber\",\"item\":\"https:\/\/frontaliers-grandest.eu\/de\/startseite\/arbeitgeber\/\"},{\"@type\":\"ListItem\",\"position\":3,\"name\":\"Die Entsendung in der Grossregion\",\"item\":\"https:\/\/frontaliers-grandest.eu\/de\/startseite\/arbeitgeber\/die-entsendung-in-der-grossregion\/\"},{\"@type\":\"ListItem\",\"position\":4,\"name\":\"Die allegemeinen Grunds\u00e4tze\",\"item\":\"https:\/\/frontaliers-grandest.eu\/de\/startseite\/arbeitgeber\/die-entsendung-in-der-grossregion\/die-allegemeinen-grundsatze\/\"},{\"@type\":\"ListItem\",\"position\":5,\"name\":\"Formalit\u00e4ten vor der Entsendung\"}]},{\"@type\":\"WebSite\",\"@id\":\"https:\/\/frontaliers-grandest.eu\/de\/#website\",\"url\":\"https:\/\/frontaliers-grandest.eu\/de\/\",\"name\":\"Frontaliers Grand Est\",\"description\":\"Le site ressource du travail frontalier\",\"publisher\":{\"@id\":\"https:\/\/frontaliers-grandest.eu\/de\/#organization\"},\"alternateName\":\"Frontaliers Grand Est\",\"potentialAction\":[{\"@type\":\"SearchAction\",\"target\":{\"@type\":\"EntryPoint\",\"urlTemplate\":\"https:\/\/frontaliers-grandest.eu\/de\/?s={search_term_string}\"},\"query-input\":{\"@type\":\"PropertyValueSpecification\",\"valueRequired\":true,\"valueName\":\"search_term_string\"}}],\"inLanguage\":\"de\"},{\"@type\":\"Organization\",\"@id\":\"https:\/\/frontaliers-grandest.eu\/de\/#organization\",\"name\":\"Frontaliers Grand Est\",\"alternateName\":\"Frontaliers Grand Est\",\"url\":\"https:\/\/frontaliers-grandest.eu\/de\/\",\"logo\":{\"@type\":\"ImageObject\",\"inLanguage\":\"de\",\"@id\":\"https:\/\/frontaliers-grandest.eu\/de\/#\/schema\/logo\/image\/\",\"url\":\"https:\/\/frontaliers-grandest.eu\/wp-content\/uploads\/2025\/07\/260328234_2966785176920310_3332838526503858160_n.jpg\",\"contentUrl\":\"https:\/\/frontaliers-grandest.eu\/wp-content\/uploads\/2025\/07\/260328234_2966785176920310_3332838526503858160_n.jpg\",\"width\":396,\"height\":396,\"caption\":\"Frontaliers Grand Est\"},\"image\":{\"@id\":\"https:\/\/frontaliers-grandest.eu\/de\/#\/schema\/logo\/image\/\"},\"sameAs\":[\"https:\/\/www.facebook.com\/frontaliers.GR.EST\/?locale=fr_FR\"]}]}<\/script>\n<!-- \/ Yoast SEO plugin. -->","yoast_head_json":{"title":"Formalit\u00e4ten vor der Entsendung - Frontaliers Grand Est","robots":{"index":"index","follow":"follow","max-snippet":"max-snippet:-1","max-image-preview":"max-image-preview:large","max-video-preview":"max-video-preview:-1"},"canonical":"https:\/\/frontaliers-grandest.eu\/de\/startseite\/arbeitgeber\/die-entsendung-in-der-grossregion\/die-allegemeinen-grundsatze\/formalitaten-vor-der-entsendung\/","og_locale":"de_DE","og_type":"article","og_title":"Formalit\u00e4ten vor der Entsendung - Frontaliers Grand Est","og_description":"Die freie Dienstleistungsverkehr ist eine der vier EG-Vetrag garantierten Grundfreiheiten f\u00fcr nat\u00fcrliche Personen mit Staatsangeh\u00f6rigkeit eines EWR-Mitgliedstaates oder der Schweiz und f\u00fcr Dienstleistungserbringer mit Standort in einem EWR-Mitgliedstaaten. Der Dienstleistungserbringer kann in einem anderen Staat einreisen, um dort eine Dienstleistung zu gewerblichen, kommerziellen, handwerklichen oder freiberuflichen Zwecken zu erbringen, wobei er zu diesem Zweck auch [&hellip;]","og_url":"https:\/\/frontaliers-grandest.eu\/de\/startseite\/arbeitgeber\/die-entsendung-in-der-grossregion\/die-allegemeinen-grundsatze\/formalitaten-vor-der-entsendung\/","og_site_name":"Frontaliers Grand Est","article_publisher":"https:\/\/www.facebook.com\/frontaliers.GR.EST\/?locale=fr_FR","article_modified_time":"2021-05-04T09:38:15+00:00","twitter_card":"summary_large_image","twitter_misc":{"Gesch\u00e4tzte Lesezeit":"1\u00a0Minute"},"schema":{"@context":"https:\/\/schema.org","@graph":[{"@type":"WebPage","@id":"https:\/\/frontaliers-grandest.eu\/de\/startseite\/arbeitgeber\/die-entsendung-in-der-grossregion\/die-allegemeinen-grundsatze\/formalitaten-vor-der-entsendung\/","url":"https:\/\/frontaliers-grandest.eu\/de\/startseite\/arbeitgeber\/die-entsendung-in-der-grossregion\/die-allegemeinen-grundsatze\/formalitaten-vor-der-entsendung\/","name":"Formalit\u00e4ten vor der Entsendung - Frontaliers Grand Est","isPartOf":{"@id":"https:\/\/frontaliers-grandest.eu\/de\/#website"},"datePublished":"2021-04-26T12:46:05+00:00","dateModified":"2021-05-04T09:38:15+00:00","breadcrumb":{"@id":"https:\/\/frontaliers-grandest.eu\/de\/startseite\/arbeitgeber\/die-entsendung-in-der-grossregion\/die-allegemeinen-grundsatze\/formalitaten-vor-der-entsendung\/#breadcrumb"},"inLanguage":"de","potentialAction":[{"@type":"ReadAction","target":["https:\/\/frontaliers-grandest.eu\/de\/startseite\/arbeitgeber\/die-entsendung-in-der-grossregion\/die-allegemeinen-grundsatze\/formalitaten-vor-der-entsendung\/"]}]},{"@type":"BreadcrumbList","@id":"https:\/\/frontaliers-grandest.eu\/de\/startseite\/arbeitgeber\/die-entsendung-in-der-grossregion\/die-allegemeinen-grundsatze\/formalitaten-vor-der-entsendung\/#breadcrumb","itemListElement":[{"@type":"ListItem","position":1,"name":"Startseite","item":"https:\/\/frontaliers-grandest.eu\/de\/"},{"@type":"ListItem","position":2,"name":"Arbeitgeber","item":"https:\/\/frontaliers-grandest.eu\/de\/startseite\/arbeitgeber\/"},{"@type":"ListItem","position":3,"name":"Die Entsendung in der Grossregion","item":"https:\/\/frontaliers-grandest.eu\/de\/startseite\/arbeitgeber\/die-entsendung-in-der-grossregion\/"},{"@type":"ListItem","position":4,"name":"Die allegemeinen Grunds\u00e4tze","item":"https:\/\/frontaliers-grandest.eu\/de\/startseite\/arbeitgeber\/die-entsendung-in-der-grossregion\/die-allegemeinen-grundsatze\/"},{"@type":"ListItem","position":5,"name":"Formalit\u00e4ten vor der Entsendung"}]},{"@type":"WebSite","@id":"https:\/\/frontaliers-grandest.eu\/de\/#website","url":"https:\/\/frontaliers-grandest.eu\/de\/","name":"Frontaliers Grand Est","description":"Le site ressource du travail frontalier","publisher":{"@id":"https:\/\/frontaliers-grandest.eu\/de\/#organization"},"alternateName":"Frontaliers Grand Est","potentialAction":[{"@type":"SearchAction","target":{"@type":"EntryPoint","urlTemplate":"https:\/\/frontaliers-grandest.eu\/de\/?s={search_term_string}"},"query-input":{"@type":"PropertyValueSpecification","valueRequired":true,"valueName":"search_term_string"}}],"inLanguage":"de"},{"@type":"Organization","@id":"https:\/\/frontaliers-grandest.eu\/de\/#organization","name":"Frontaliers Grand Est","alternateName":"Frontaliers Grand Est","url":"https:\/\/frontaliers-grandest.eu\/de\/","logo":{"@type":"ImageObject","inLanguage":"de","@id":"https:\/\/frontaliers-grandest.eu\/de\/#\/schema\/logo\/image\/","url":"https:\/\/frontaliers-grandest.eu\/wp-content\/uploads\/2025\/07\/260328234_2966785176920310_3332838526503858160_n.jpg","contentUrl":"https:\/\/frontaliers-grandest.eu\/wp-content\/uploads\/2025\/07\/260328234_2966785176920310_3332838526503858160_n.jpg","width":396,"height":396,"caption":"Frontaliers Grand Est"},"image":{"@id":"https:\/\/frontaliers-grandest.eu\/de\/#\/schema\/logo\/image\/"},"sameAs":["https:\/\/www.facebook.com\/frontaliers.GR.EST\/?locale=fr_FR"]}]}},"frge_page_order":0,"_links":{"self":[{"href":"https:\/\/frontaliers-grandest.eu\/de\/wp-json\/wp\/v2\/pages\/6556","targetHints":{"allow":["GET"]}}],"collection":[{"href":"https:\/\/frontaliers-grandest.eu\/de\/wp-json\/wp\/v2\/pages"}],"about":[{"href":"https:\/\/frontaliers-grandest.eu\/de\/wp-json\/wp\/v2\/types\/page"}],"author":[{"embeddable":true,"href":"https:\/\/frontaliers-grandest.eu\/de\/wp-json\/wp\/v2\/users\/7"}],"replies":[{"embeddable":true,"href":"https:\/\/frontaliers-grandest.eu\/de\/wp-json\/wp\/v2\/comments?post=6556"}],"version-history":[{"count":1,"href":"https:\/\/frontaliers-grandest.eu\/de\/wp-json\/wp\/v2\/pages\/6556\/revisions"}],"predecessor-version":[{"id":6557,"href":"https:\/\/frontaliers-grandest.eu\/de\/wp-json\/wp\/v2\/pages\/6556\/revisions\/6557"}],"up":[{"embeddable":true,"href":"https:\/\/frontaliers-grandest.eu\/de\/wp-json\/wp\/v2\/pages\/6554"}],"wp:attachment":[{"href":"https:\/\/frontaliers-grandest.eu\/de\/wp-json\/wp\/v2\/media?parent=6556"}],"wp:term":[{"taxonomy":"post_tag","embeddable":true,"href":"https:\/\/frontaliers-grandest.eu\/de\/wp-json\/wp\/v2\/tags?post=6556"},{"taxonomy":"frge_profile","embeddable":true,"href":"https:\/\/frontaliers-grandest.eu\/de\/wp-json\/wp\/v2\/frge_profile?post=6556"}],"curies":[{"name":"wp","href":"https:\/\/api.w.org\/{rel}","templated":true}]}}