{"id":58233,"date":"2026-03-04T15:42:41","date_gmt":"2026-03-04T14:42:41","guid":{"rendered":"https:\/\/frontaliers-grandest.eu\/?page_id=58233"},"modified":"2026-03-11T14:35:34","modified_gmt":"2026-03-11T13:35:34","slug":"die-deklarationsmodalitaet","status":"publish","type":"page","link":"https:\/\/frontaliers-grandest.eu\/de\/startseite\/grenzganger\/frankreich-deutschland\/besteuerung\/beamte-selbstaendige-und-rentner\/besteuerung-der-renten\/die-deklarationsmodalitaet\/","title":{"rendered":"Die Deklarationsmodalit\u00e4t"},"content":{"rendered":"\n<div class=\"wp-block-frontaliers-grandest-plugin-frge-accordion-block\"><div class=\"accordion-top\"><h4 class=\"accordion-title\"><strong>Wenn Sie eine Rente aus einer Besch\u00e4ftigung im Privatsektor in Deutschland beziehen:<\/strong><\/h4><svg viewBox=\"0 0 24 24\" stroke-width=\"1.5\" fill=\"none\" xmlns=\"http:\/\/www.w3.org\/2000\/svg\" class=\"accordion-top__icon\"><path d=\"M3 12L21 12M21 12L12.5 3.5M21 12L12.5 20.5\" stroke-width=\"1.5\" stroke-linecap=\"round\" stroke-linejoin=\"round\"><\/path><\/svg><\/div><div class=\"accordion-content\">\n<p><em>Diese Renten sind in<strong> Frankreich steuerpflichtig.<\/strong><\/em><\/p>\n\n\n\n<p><strong><em>Feld 1AM \/ 1BM auf dem Formular 2042 (und Abschnitt 1 auf dem Formular 2047 f\u00fcr die Details):<\/em><\/strong><\/p>\n\n\n\n<figure class=\"wp-block-image size-full\"><img loading=\"lazy\" decoding=\"async\" width=\"605\" height=\"61\" src=\"https:\/\/frontaliers-grandest.eu\/wp-content\/uploads\/2026\/03\/image-5.jpg\" alt=\"\" class=\"wp-image-58234\" srcset=\"https:\/\/frontaliers-grandest.eu\/wp-content\/uploads\/2026\/03\/image-5.jpg 605w, https:\/\/frontaliers-grandest.eu\/wp-content\/uploads\/2026\/03\/image-5-300x30.jpg 300w\" sizes=\"auto, (max-width: 605px) 100vw, 605px\" \/><\/figure>\n\n\n\n<p>2047:<\/p>\n\n\n\n<figure class=\"wp-block-image size-full\"><img loading=\"lazy\" decoding=\"async\" width=\"605\" height=\"123\" src=\"https:\/\/frontaliers-grandest.eu\/wp-content\/uploads\/2026\/03\/image-6.jpg\" alt=\"\" class=\"wp-image-58236\" srcset=\"https:\/\/frontaliers-grandest.eu\/wp-content\/uploads\/2026\/03\/image-6.jpg 605w, https:\/\/frontaliers-grandest.eu\/wp-content\/uploads\/2026\/03\/image-6-300x61.jpg 300w\" sizes=\"auto, (max-width: 605px) 100vw, 605px\" \/><\/figure>\n<\/div><\/div>\n\n\n\n<div class=\"wp-block-frontaliers-grandest-plugin-frge-accordion-block\"><div class=\"accordion-top\"><h4 class=\"accordion-title\"><strong>Wenn Sie eine Rente aus einer fr\u00fcheren Besch\u00e4ftigung bei einem \u00f6ffentlichen Arbeitgeber in Deutschland beziehen:<\/strong><\/h4><svg viewBox=\"0 0 24 24\" stroke-width=\"1.5\" fill=\"none\" xmlns=\"http:\/\/www.w3.org\/2000\/svg\" class=\"accordion-top__icon\"><path d=\"M3 12L21 12M21 12L12.5 3.5M21 12L12.5 20.5\" stroke-width=\"1.5\" stroke-linecap=\"round\" stroke-linejoin=\"round\"><\/path><\/svg><\/div><div class=\"accordion-content\">\n<ul class=\"wp-block-list\">\n<li>Wenn Sie ausschlie\u00dflich die <strong>franz\u00f6sische <\/strong>Staatsangeh\u00f6rigkeit besitzen, ist die Rente in Frankreich steuerpflichtig (1AM\/1BM + 2047):<\/li>\n<\/ul>\n\n\n\n<figure class=\"wp-block-image size-full\"><img loading=\"lazy\" decoding=\"async\" width=\"605\" height=\"61\" src=\"https:\/\/frontaliers-grandest.eu\/wp-content\/uploads\/2026\/03\/image-7.jpg\" alt=\"\" class=\"wp-image-58238\" srcset=\"https:\/\/frontaliers-grandest.eu\/wp-content\/uploads\/2026\/03\/image-7.jpg 605w, https:\/\/frontaliers-grandest.eu\/wp-content\/uploads\/2026\/03\/image-7-300x30.jpg 300w\" sizes=\"auto, (max-width: 605px) 100vw, 605px\" \/><\/figure>\n\n\n\n<p>2047:<\/p>\n\n\n\n<figure class=\"wp-block-image size-full\"><img loading=\"lazy\" decoding=\"async\" width=\"605\" height=\"123\" src=\"https:\/\/frontaliers-grandest.eu\/wp-content\/uploads\/2026\/03\/image-8.jpg\" alt=\"\" class=\"wp-image-58240\" srcset=\"https:\/\/frontaliers-grandest.eu\/wp-content\/uploads\/2026\/03\/image-8.jpg 605w, https:\/\/frontaliers-grandest.eu\/wp-content\/uploads\/2026\/03\/image-8-300x61.jpg 300w\" sizes=\"auto, (max-width: 605px) 100vw, 605px\" \/><\/figure>\n\n\n\n<ul class=\"wp-block-list\">\n<li>Wenn Sie die <strong>deutsche oder die deutsch-franz\u00f6sische<\/strong> Staatsangeh\u00f6rigkeit besitzen, ist die Rente in Deutschland steuerpflichtig \u2192 Steueranrechnung (Formulare 2042 AL\/BL und 8TK sowie Formular 2047, Abschnitt 6):<\/li>\n<\/ul>\n\n\n\n<figure class=\"wp-block-image size-full\"><img loading=\"lazy\" decoding=\"async\" width=\"605\" height=\"49\" src=\"https:\/\/frontaliers-grandest.eu\/wp-content\/uploads\/2026\/03\/image-9.jpg\" alt=\"\" class=\"wp-image-58242\" srcset=\"https:\/\/frontaliers-grandest.eu\/wp-content\/uploads\/2026\/03\/image-9.jpg 605w, https:\/\/frontaliers-grandest.eu\/wp-content\/uploads\/2026\/03\/image-9-300x24.jpg 300w\" sizes=\"auto, (max-width: 605px) 100vw, 605px\" \/><\/figure>\n\n\n\n<figure class=\"wp-block-image size-full\"><img loading=\"lazy\" decoding=\"async\" width=\"605\" height=\"21\" src=\"https:\/\/frontaliers-grandest.eu\/wp-content\/uploads\/2026\/03\/image-11.jpg\" alt=\"\" class=\"wp-image-58246\" srcset=\"https:\/\/frontaliers-grandest.eu\/wp-content\/uploads\/2026\/03\/image-11.jpg 605w, https:\/\/frontaliers-grandest.eu\/wp-content\/uploads\/2026\/03\/image-11-300x10.jpg 300w\" sizes=\"auto, (max-width: 605px) 100vw, 605px\" \/><\/figure>\n\n\n\n<figure class=\"wp-block-image size-full\"><img loading=\"lazy\" decoding=\"async\" width=\"605\" height=\"158\" src=\"https:\/\/frontaliers-grandest.eu\/wp-content\/uploads\/2026\/03\/image-10.jpg\" alt=\"\" class=\"wp-image-58243\" srcset=\"https:\/\/frontaliers-grandest.eu\/wp-content\/uploads\/2026\/03\/image-10.jpg 605w, https:\/\/frontaliers-grandest.eu\/wp-content\/uploads\/2026\/03\/image-10-300x78.jpg 300w\" sizes=\"auto, (max-width: 605px) 100vw, 605px\" \/><\/figure>\n<\/div><\/div>\n\n\n\n<p><\/p>\n","protected":false},"excerpt":{"rendered":"","protected":false},"author":32,"featured_media":0,"parent":58227,"menu_order":0,"comment_status":"closed","ping_status":"closed","template":"","meta":{"inline_featured_image":false,"footnotes":""},"tags":[],"frge_profile":[],"class_list":["post-58233","page","type-page","status-publish","hentry"],"yoast_head":"<!-- This site is optimized with the Yoast SEO plugin v27.1.1 - https:\/\/yoast.com\/product\/yoast-seo-wordpress\/ -->\n<title>Die Deklarationsmodalit\u00e4t - Frontaliers Grand Est<\/title>\n<meta name=\"description\" content=\"Wie funktioniert die Besteuerung von Renten und Pensionen? Erfahren Sie alles zu den steuerlichen Modalit\u00e4ten f\u00fcr den privaten und \u00f6ffentlichen Sektor.\" \/>\n<meta name=\"robots\" content=\"index, follow, max-snippet:-1, max-image-preview:large, max-video-preview:-1\" \/>\n<link rel=\"canonical\" href=\"https:\/\/frontaliers-grandest.eu\/de\/startseite\/grenzganger\/frankreich-deutschland\/besteuerung\/beamte-selbstaendige-und-rentner\/besteuerung-der-renten\/die-deklarationsmodalitaet\/\" \/>\n<meta property=\"og:locale\" content=\"de_DE\" \/>\n<meta property=\"og:type\" content=\"article\" \/>\n<meta property=\"og:title\" content=\"Die Deklarationsmodalit\u00e4t - Frontaliers Grand Est\" \/>\n<meta property=\"og:description\" content=\"Wie funktioniert die Besteuerung von Renten und Pensionen? Erfahren Sie alles zu den steuerlichen Modalit\u00e4ten f\u00fcr den privaten und \u00f6ffentlichen Sektor.\" \/>\n<meta property=\"og:url\" content=\"https:\/\/frontaliers-grandest.eu\/de\/startseite\/grenzganger\/frankreich-deutschland\/besteuerung\/beamte-selbstaendige-und-rentner\/besteuerung-der-renten\/die-deklarationsmodalitaet\/\" \/>\n<meta property=\"og:site_name\" content=\"Frontaliers Grand Est\" \/>\n<meta property=\"article:publisher\" content=\"https:\/\/www.facebook.com\/frontaliers.GR.EST\/?locale=fr_FR\" \/>\n<meta property=\"article:modified_time\" content=\"2026-03-11T13:35:34+00:00\" \/>\n<meta property=\"og:image\" content=\"https:\/\/frontaliers-grandest.eu\/wp-content\/uploads\/2026\/03\/image-5.jpg\" \/>\n\t<meta property=\"og:image:width\" content=\"605\" \/>\n\t<meta property=\"og:image:height\" content=\"61\" \/>\n\t<meta property=\"og:image:type\" content=\"image\/jpeg\" \/>\n<meta name=\"twitter:card\" content=\"summary_large_image\" \/>\n<meta name=\"twitter:label1\" content=\"Gesch\u00e4tzte Lesezeit\" \/>\n\t<meta name=\"twitter:data1\" content=\"2\u00a0Minuten\" \/>\n<script type=\"application\/ld+json\" class=\"yoast-schema-graph\">{\"@context\":\"https:\/\/schema.org\",\"@graph\":[{\"@type\":\"WebPage\",\"@id\":\"https:\/\/frontaliers-grandest.eu\/de\/startseite\/grenzganger\/frankreich-deutschland\/besteuerung\/beamte-selbstaendige-und-rentner\/besteuerung-der-renten\/die-deklarationsmodalitaet\/\",\"url\":\"https:\/\/frontaliers-grandest.eu\/de\/startseite\/grenzganger\/frankreich-deutschland\/besteuerung\/beamte-selbstaendige-und-rentner\/besteuerung-der-renten\/die-deklarationsmodalitaet\/\",\"name\":\"Die Deklarationsmodalit\u00e4t - Frontaliers Grand Est\",\"isPartOf\":{\"@id\":\"https:\/\/frontaliers-grandest.eu\/de\/#website\"},\"primaryImageOfPage\":{\"@id\":\"https:\/\/frontaliers-grandest.eu\/de\/startseite\/grenzganger\/frankreich-deutschland\/besteuerung\/beamte-selbstaendige-und-rentner\/besteuerung-der-renten\/die-deklarationsmodalitaet\/#primaryimage\"},\"image\":{\"@id\":\"https:\/\/frontaliers-grandest.eu\/de\/startseite\/grenzganger\/frankreich-deutschland\/besteuerung\/beamte-selbstaendige-und-rentner\/besteuerung-der-renten\/die-deklarationsmodalitaet\/#primaryimage\"},\"thumbnailUrl\":\"https:\/\/frontaliers-grandest.eu\/wp-content\/uploads\/2026\/03\/image-5.jpg\",\"datePublished\":\"2026-03-04T14:42:41+00:00\",\"dateModified\":\"2026-03-11T13:35:34+00:00\",\"description\":\"Wie funktioniert die Besteuerung von Renten und Pensionen? Erfahren Sie alles zu den steuerlichen Modalit\u00e4ten f\u00fcr den privaten und \u00f6ffentlichen Sektor.\",\"breadcrumb\":{\"@id\":\"https:\/\/frontaliers-grandest.eu\/de\/startseite\/grenzganger\/frankreich-deutschland\/besteuerung\/beamte-selbstaendige-und-rentner\/besteuerung-der-renten\/die-deklarationsmodalitaet\/#breadcrumb\"},\"inLanguage\":\"de\",\"potentialAction\":[{\"@type\":\"ReadAction\",\"target\":[\"https:\/\/frontaliers-grandest.eu\/de\/startseite\/grenzganger\/frankreich-deutschland\/besteuerung\/beamte-selbstaendige-und-rentner\/besteuerung-der-renten\/die-deklarationsmodalitaet\/\"]}]},{\"@type\":\"ImageObject\",\"inLanguage\":\"de\",\"@id\":\"https:\/\/frontaliers-grandest.eu\/de\/startseite\/grenzganger\/frankreich-deutschland\/besteuerung\/beamte-selbstaendige-und-rentner\/besteuerung-der-renten\/die-deklarationsmodalitaet\/#primaryimage\",\"url\":\"https:\/\/frontaliers-grandest.eu\/wp-content\/uploads\/2026\/03\/image-5.jpg\",\"contentUrl\":\"https:\/\/frontaliers-grandest.eu\/wp-content\/uploads\/2026\/03\/image-5.jpg\"},{\"@type\":\"BreadcrumbList\",\"@id\":\"https:\/\/frontaliers-grandest.eu\/de\/startseite\/grenzganger\/frankreich-deutschland\/besteuerung\/beamte-selbstaendige-und-rentner\/besteuerung-der-renten\/die-deklarationsmodalitaet\/#breadcrumb\",\"itemListElement\":[{\"@type\":\"ListItem\",\"position\":1,\"name\":\"Startseite\",\"item\":\"https:\/\/frontaliers-grandest.eu\/de\/\"},{\"@type\":\"ListItem\",\"position\":2,\"name\":\"Grenzg\u00e4nger\",\"item\":\"https:\/\/frontaliers-grandest.eu\/de\/startseite\/grenzganger\/\"},{\"@type\":\"ListItem\",\"position\":3,\"name\":\"Frankreich - Deutschland\",\"item\":\"https:\/\/frontaliers-grandest.eu\/de\/startseite\/grenzganger\/frankreich-deutschland\/\"},{\"@type\":\"ListItem\",\"position\":4,\"name\":\"Besteuerung in Deutschland\",\"item\":\"https:\/\/frontaliers-grandest.eu\/de\/startseite\/grenzganger\/frankreich-deutschland\/besteuerung\/\"},{\"@type\":\"ListItem\",\"position\":5,\"name\":\"Beamte, Selbst\u00e4ndige und Rentner\",\"item\":\"https:\/\/frontaliers-grandest.eu\/de\/startseite\/grenzganger\/frankreich-deutschland\/besteuerung\/beamte-selbstaendige-und-rentner\/\"},{\"@type\":\"ListItem\",\"position\":6,\"name\":\"Besteuerung der Renten\",\"item\":\"https:\/\/frontaliers-grandest.eu\/de\/startseite\/grenzganger\/frankreich-deutschland\/besteuerung\/beamte-selbstaendige-und-rentner\/besteuerung-der-renten\/\"},{\"@type\":\"ListItem\",\"position\":7,\"name\":\"Die Deklarationsmodalit\u00e4t\"}]},{\"@type\":\"WebSite\",\"@id\":\"https:\/\/frontaliers-grandest.eu\/de\/#website\",\"url\":\"https:\/\/frontaliers-grandest.eu\/de\/\",\"name\":\"Frontaliers Grand Est\",\"description\":\"Le site ressource du travail frontalier\",\"publisher\":{\"@id\":\"https:\/\/frontaliers-grandest.eu\/de\/#organization\"},\"alternateName\":\"Frontaliers Grand Est\",\"potentialAction\":[{\"@type\":\"SearchAction\",\"target\":{\"@type\":\"EntryPoint\",\"urlTemplate\":\"https:\/\/frontaliers-grandest.eu\/de\/?s={search_term_string}\"},\"query-input\":{\"@type\":\"PropertyValueSpecification\",\"valueRequired\":true,\"valueName\":\"search_term_string\"}}],\"inLanguage\":\"de\"},{\"@type\":\"Organization\",\"@id\":\"https:\/\/frontaliers-grandest.eu\/de\/#organization\",\"name\":\"Frontaliers Grand Est\",\"alternateName\":\"Frontaliers Grand Est\",\"url\":\"https:\/\/frontaliers-grandest.eu\/de\/\",\"logo\":{\"@type\":\"ImageObject\",\"inLanguage\":\"de\",\"@id\":\"https:\/\/frontaliers-grandest.eu\/de\/#\/schema\/logo\/image\/\",\"url\":\"https:\/\/frontaliers-grandest.eu\/wp-content\/uploads\/2025\/07\/260328234_2966785176920310_3332838526503858160_n.jpg\",\"contentUrl\":\"https:\/\/frontaliers-grandest.eu\/wp-content\/uploads\/2025\/07\/260328234_2966785176920310_3332838526503858160_n.jpg\",\"width\":396,\"height\":396,\"caption\":\"Frontaliers Grand Est\"},\"image\":{\"@id\":\"https:\/\/frontaliers-grandest.eu\/de\/#\/schema\/logo\/image\/\"},\"sameAs\":[\"https:\/\/www.facebook.com\/frontaliers.GR.EST\/?locale=fr_FR\"]}]}<\/script>\n<!-- \/ Yoast SEO plugin. -->","yoast_head_json":{"title":"Die Deklarationsmodalit\u00e4t - Frontaliers Grand Est","description":"Wie funktioniert die Besteuerung von Renten und Pensionen? Erfahren Sie alles zu den steuerlichen Modalit\u00e4ten f\u00fcr den privaten und \u00f6ffentlichen Sektor.","robots":{"index":"index","follow":"follow","max-snippet":"max-snippet:-1","max-image-preview":"max-image-preview:large","max-video-preview":"max-video-preview:-1"},"canonical":"https:\/\/frontaliers-grandest.eu\/de\/startseite\/grenzganger\/frankreich-deutschland\/besteuerung\/beamte-selbstaendige-und-rentner\/besteuerung-der-renten\/die-deklarationsmodalitaet\/","og_locale":"de_DE","og_type":"article","og_title":"Die Deklarationsmodalit\u00e4t - Frontaliers Grand Est","og_description":"Wie funktioniert die Besteuerung von Renten und Pensionen? Erfahren Sie alles zu den steuerlichen Modalit\u00e4ten f\u00fcr den privaten und \u00f6ffentlichen Sektor.","og_url":"https:\/\/frontaliers-grandest.eu\/de\/startseite\/grenzganger\/frankreich-deutschland\/besteuerung\/beamte-selbstaendige-und-rentner\/besteuerung-der-renten\/die-deklarationsmodalitaet\/","og_site_name":"Frontaliers Grand Est","article_publisher":"https:\/\/www.facebook.com\/frontaliers.GR.EST\/?locale=fr_FR","article_modified_time":"2026-03-11T13:35:34+00:00","og_image":[{"width":605,"height":61,"url":"https:\/\/frontaliers-grandest.eu\/wp-content\/uploads\/2026\/03\/image-5.jpg","type":"image\/jpeg"}],"twitter_card":"summary_large_image","twitter_misc":{"Gesch\u00e4tzte Lesezeit":"2\u00a0Minuten"},"schema":{"@context":"https:\/\/schema.org","@graph":[{"@type":"WebPage","@id":"https:\/\/frontaliers-grandest.eu\/de\/startseite\/grenzganger\/frankreich-deutschland\/besteuerung\/beamte-selbstaendige-und-rentner\/besteuerung-der-renten\/die-deklarationsmodalitaet\/","url":"https:\/\/frontaliers-grandest.eu\/de\/startseite\/grenzganger\/frankreich-deutschland\/besteuerung\/beamte-selbstaendige-und-rentner\/besteuerung-der-renten\/die-deklarationsmodalitaet\/","name":"Die Deklarationsmodalit\u00e4t - Frontaliers Grand Est","isPartOf":{"@id":"https:\/\/frontaliers-grandest.eu\/de\/#website"},"primaryImageOfPage":{"@id":"https:\/\/frontaliers-grandest.eu\/de\/startseite\/grenzganger\/frankreich-deutschland\/besteuerung\/beamte-selbstaendige-und-rentner\/besteuerung-der-renten\/die-deklarationsmodalitaet\/#primaryimage"},"image":{"@id":"https:\/\/frontaliers-grandest.eu\/de\/startseite\/grenzganger\/frankreich-deutschland\/besteuerung\/beamte-selbstaendige-und-rentner\/besteuerung-der-renten\/die-deklarationsmodalitaet\/#primaryimage"},"thumbnailUrl":"https:\/\/frontaliers-grandest.eu\/wp-content\/uploads\/2026\/03\/image-5.jpg","datePublished":"2026-03-04T14:42:41+00:00","dateModified":"2026-03-11T13:35:34+00:00","description":"Wie funktioniert die Besteuerung von Renten und Pensionen? Erfahren Sie alles zu den steuerlichen Modalit\u00e4ten f\u00fcr den privaten und \u00f6ffentlichen Sektor.","breadcrumb":{"@id":"https:\/\/frontaliers-grandest.eu\/de\/startseite\/grenzganger\/frankreich-deutschland\/besteuerung\/beamte-selbstaendige-und-rentner\/besteuerung-der-renten\/die-deklarationsmodalitaet\/#breadcrumb"},"inLanguage":"de","potentialAction":[{"@type":"ReadAction","target":["https:\/\/frontaliers-grandest.eu\/de\/startseite\/grenzganger\/frankreich-deutschland\/besteuerung\/beamte-selbstaendige-und-rentner\/besteuerung-der-renten\/die-deklarationsmodalitaet\/"]}]},{"@type":"ImageObject","inLanguage":"de","@id":"https:\/\/frontaliers-grandest.eu\/de\/startseite\/grenzganger\/frankreich-deutschland\/besteuerung\/beamte-selbstaendige-und-rentner\/besteuerung-der-renten\/die-deklarationsmodalitaet\/#primaryimage","url":"https:\/\/frontaliers-grandest.eu\/wp-content\/uploads\/2026\/03\/image-5.jpg","contentUrl":"https:\/\/frontaliers-grandest.eu\/wp-content\/uploads\/2026\/03\/image-5.jpg"},{"@type":"BreadcrumbList","@id":"https:\/\/frontaliers-grandest.eu\/de\/startseite\/grenzganger\/frankreich-deutschland\/besteuerung\/beamte-selbstaendige-und-rentner\/besteuerung-der-renten\/die-deklarationsmodalitaet\/#breadcrumb","itemListElement":[{"@type":"ListItem","position":1,"name":"Startseite","item":"https:\/\/frontaliers-grandest.eu\/de\/"},{"@type":"ListItem","position":2,"name":"Grenzg\u00e4nger","item":"https:\/\/frontaliers-grandest.eu\/de\/startseite\/grenzganger\/"},{"@type":"ListItem","position":3,"name":"Frankreich - Deutschland","item":"https:\/\/frontaliers-grandest.eu\/de\/startseite\/grenzganger\/frankreich-deutschland\/"},{"@type":"ListItem","position":4,"name":"Besteuerung in Deutschland","item":"https:\/\/frontaliers-grandest.eu\/de\/startseite\/grenzganger\/frankreich-deutschland\/besteuerung\/"},{"@type":"ListItem","position":5,"name":"Beamte, Selbst\u00e4ndige und Rentner","item":"https:\/\/frontaliers-grandest.eu\/de\/startseite\/grenzganger\/frankreich-deutschland\/besteuerung\/beamte-selbstaendige-und-rentner\/"},{"@type":"ListItem","position":6,"name":"Besteuerung der Renten","item":"https:\/\/frontaliers-grandest.eu\/de\/startseite\/grenzganger\/frankreich-deutschland\/besteuerung\/beamte-selbstaendige-und-rentner\/besteuerung-der-renten\/"},{"@type":"ListItem","position":7,"name":"Die Deklarationsmodalit\u00e4t"}]},{"@type":"WebSite","@id":"https:\/\/frontaliers-grandest.eu\/de\/#website","url":"https:\/\/frontaliers-grandest.eu\/de\/","name":"Frontaliers Grand Est","description":"Le site ressource du travail frontalier","publisher":{"@id":"https:\/\/frontaliers-grandest.eu\/de\/#organization"},"alternateName":"Frontaliers Grand Est","potentialAction":[{"@type":"SearchAction","target":{"@type":"EntryPoint","urlTemplate":"https:\/\/frontaliers-grandest.eu\/de\/?s={search_term_string}"},"query-input":{"@type":"PropertyValueSpecification","valueRequired":true,"valueName":"search_term_string"}}],"inLanguage":"de"},{"@type":"Organization","@id":"https:\/\/frontaliers-grandest.eu\/de\/#organization","name":"Frontaliers Grand Est","alternateName":"Frontaliers Grand Est","url":"https:\/\/frontaliers-grandest.eu\/de\/","logo":{"@type":"ImageObject","inLanguage":"de","@id":"https:\/\/frontaliers-grandest.eu\/de\/#\/schema\/logo\/image\/","url":"https:\/\/frontaliers-grandest.eu\/wp-content\/uploads\/2025\/07\/260328234_2966785176920310_3332838526503858160_n.jpg","contentUrl":"https:\/\/frontaliers-grandest.eu\/wp-content\/uploads\/2025\/07\/260328234_2966785176920310_3332838526503858160_n.jpg","width":396,"height":396,"caption":"Frontaliers Grand Est"},"image":{"@id":"https:\/\/frontaliers-grandest.eu\/de\/#\/schema\/logo\/image\/"},"sameAs":["https:\/\/www.facebook.com\/frontaliers.GR.EST\/?locale=fr_FR"]}]}},"frge_page_order":"0","_links":{"self":[{"href":"https:\/\/frontaliers-grandest.eu\/de\/wp-json\/wp\/v2\/pages\/58233","targetHints":{"allow":["GET"]}}],"collection":[{"href":"https:\/\/frontaliers-grandest.eu\/de\/wp-json\/wp\/v2\/pages"}],"about":[{"href":"https:\/\/frontaliers-grandest.eu\/de\/wp-json\/wp\/v2\/types\/page"}],"author":[{"embeddable":true,"href":"https:\/\/frontaliers-grandest.eu\/de\/wp-json\/wp\/v2\/users\/32"}],"replies":[{"embeddable":true,"href":"https:\/\/frontaliers-grandest.eu\/de\/wp-json\/wp\/v2\/comments?post=58233"}],"version-history":[{"count":1,"href":"https:\/\/frontaliers-grandest.eu\/de\/wp-json\/wp\/v2\/pages\/58233\/revisions"}],"predecessor-version":[{"id":58248,"href":"https:\/\/frontaliers-grandest.eu\/de\/wp-json\/wp\/v2\/pages\/58233\/revisions\/58248"}],"up":[{"embeddable":true,"href":"https:\/\/frontaliers-grandest.eu\/de\/wp-json\/wp\/v2\/pages\/58227"}],"wp:attachment":[{"href":"https:\/\/frontaliers-grandest.eu\/de\/wp-json\/wp\/v2\/media?parent=58233"}],"wp:term":[{"taxonomy":"post_tag","embeddable":true,"href":"https:\/\/frontaliers-grandest.eu\/de\/wp-json\/wp\/v2\/tags?post=58233"},{"taxonomy":"frge_profile","embeddable":true,"href":"https:\/\/frontaliers-grandest.eu\/de\/wp-json\/wp\/v2\/frge_profile?post=58233"}],"curies":[{"name":"wp","href":"https:\/\/api.w.org\/{rel}","templated":true}]}}