{"id":58003,"date":"2026-02-26T15:46:28","date_gmt":"2026-02-26T14:46:28","guid":{"rendered":"https:\/\/frontaliers-grandest.eu\/?page_id=58003"},"modified":"2026-03-11T14:51:41","modified_gmt":"2026-03-11T13:51:41","slug":"telearbeit","status":"publish","type":"page","link":"https:\/\/frontaliers-grandest.eu\/de\/startseite\/grenzganger\/frankreich-deutschland\/besteuerung\/telearbeit\/","title":{"rendered":"Telearbeit"},"content":{"rendered":"\n<p>Aus steuerlicher Sicht kann das Arbeiten im Homeoffice im Wohnsitzstaat Auswirkungen darauf haben, welcher Staat f\u00fcr die Besteuerung zust\u00e4ndig ist. Die Regelungen unterscheiden sich je nachdem, ob der Arbeitnehmer den steuerlichen Status eines Grenzg\u00e4ngers hat oder nicht.<\/p>\n\n\n\n<div class=\"wp-block-frontaliers-grandest-plugin-frge-accordion-block\"><div class=\"accordion-top\"><h4 class=\"accordion-title\">Telearbeit und Grenzg\u00e4ngerstatus<\/h4><svg viewBox=\"0 0 24 24\" stroke-width=\"1.5\" fill=\"none\" xmlns=\"http:\/\/www.w3.org\/2000\/svg\" class=\"accordion-top__icon\"><path d=\"M3 12L21 12M21 12L12.5 3.5M21 12L12.5 20.5\" stroke-width=\"1.5\" stroke-linecap=\"round\" stroke-linejoin=\"round\"><\/path><\/svg><\/div><div class=\"accordion-content\">\n<p>Der Arbeitnehmer verf\u00fcgt \u00fcber den steuerlichen Status eines Grenzg\u00e4ngers und zahlt seine Steuern somit in seinem Wohnsitzstaat, also in Frankreich.<\/p>\n\n\n\n<p>Das Arbeiten im Homeoffice innerhalb der franz\u00f6sischen Grenzzone hat keinerlei Auswirkungen auf die Besteuerung des Grenzg\u00e4ngers mit entsprechendem steuerlichen Status. Die im Homeoffice in der franz\u00f6sischen Grenzzone geleisteten Arbeitstage gelten n\u00e4mlich als innerhalb der \u201eGrenzzone\u201c erbracht und stellen kein Verlassen dieser Zone dar. Sie werden daher nicht auf die 45 zul\u00e4ssigen Tage au\u00dferhalb der Grenzzone angerechnet. Diese Regel ergibt sich unmittelbar aus dem Doppelbesteuerungsabkommen sowie aus dem Abkommen von 2006 und ist in keiner Weise von einer gesundheitlichen Ausnahmesituation abh\u00e4ngig.<\/p>\n\n\n\n<p>Folglich bleibt der Steuerpflichtige weiterhin vollst\u00e4ndig in Frankreich steuerpflichtig.<\/p>\n\n\n\n<p><strong>Quelle: Abkommen von 2006 (Punkt B 3)<\/strong><br><a href=\"https:\/\/www11.minefi.gouv.fr\/boi\/boi2006\/14aipub\/textes\/14a406\/14a406.pdf\" target=\"_blank\" rel=\"noreferrer noopener\">Amtsblatt der Steuern<\/a><\/p>\n\n\n\n<p>Die j\u00e4hrlich abzugebenden Steuererkl\u00e4rungen sind das Formular 2042 sowie zus\u00e4tzlich 2042 C oder 2047 (abh\u00e4ngig davon, welche Eink\u00fcnfte oder Verm\u00f6genswerte Sie in Deutschland besitzen). Au\u00dferdem m\u00fcssen Sie f\u00fcr jedes Bankkonto, das Sie in Deutschland f\u00fchren, eine Erkl\u00e4rung 3916 einreichen. Dabei handelt es sich um eine reine Erkl\u00e4rungspflicht, ohne dass hierf\u00fcr Steuern zu zahlen sind. Diese Verpflichtung ist jedoch sehr wichtig, da bei Nichteinhaltung eine Geldstrafe von 1.500 Euro pro Konto verh\u00e4ngt werden kann.<\/p>\n\n\n\n<p><strong>Genaue Bezeichnung des Formulars 3916:<\/strong><\/p>\n\n\n\n<figure class=\"wp-block-image size-full\"><img loading=\"lazy\" decoding=\"async\" width=\"768\" height=\"242\" src=\"https:\/\/frontaliers-grandest.eu\/wp-content\/uploads\/2026\/02\/image-1.png\" alt=\"\" class=\"wp-image-58004\" srcset=\"https:\/\/frontaliers-grandest.eu\/wp-content\/uploads\/2026\/02\/image-1.png 768w, https:\/\/frontaliers-grandest.eu\/wp-content\/uploads\/2026\/02\/image-1-300x95.png 300w\" sizes=\"auto, (max-width: 768px) 100vw, 768px\" \/><\/figure>\n\n\n\n<p><strong>Ausgabe 2024 verf\u00fcgbar \u00fcber:<\/strong><\/p>\n\n\n\n<p><strong><a href=\"https:\/\/www.impots.gouv.fr\/sites\/default\/files\/formulaires\/3916\/2024\/3916_4725.pdf\" target=\"_blank\" rel=\"noreferrer noopener\">Layout Version 1 (impots.gouv.fr)<\/a><\/strong><\/p>\n<\/div><\/div>\n\n\n\n<div class=\"wp-block-frontaliers-grandest-plugin-frge-accordion-block\"><div class=\"accordion-top\"><h4 class=\"accordion-title\">Telearbeit ohne Grenzg\u00e4ngerstatus<\/h4><svg viewBox=\"0 0 24 24\" stroke-width=\"1.5\" fill=\"none\" xmlns=\"http:\/\/www.w3.org\/2000\/svg\" class=\"accordion-top__icon\"><path d=\"M3 12L21 12M21 12L12.5 3.5M21 12L12.5 20.5\" stroke-width=\"1.5\" stroke-linecap=\"round\" stroke-linejoin=\"round\"><\/path><\/svg><\/div><div class=\"accordion-content\">\n<p>Eine Person, die in ihrem Wohnsitzstaat im Homeoffice arbeitet, ohne den Status eines Grenzg\u00e4ngers zu haben, unterliegt den allgemeinen Bestimmungen des zwischen Frankreich und Deutschland geschlossenen Doppelbesteuerungsabkommens.<\/p>\n\n\n\n<p>Dieses sieht in Artikel 13 \u00a7 1 vor:<br>Vorbehaltlich der Bestimmungen der nachstehenden Abs\u00e4tze sind Eink\u00fcnfte aus nichtselbst\u00e4ndiger Arbeit nur in dem Vertragsstaat steuerpflichtig, in dem die pers\u00f6nliche T\u00e4tigkeit ausge\u00fcbt wird, aus der diese Eink\u00fcnfte stammen. Als Eink\u00fcnfte aus nichtselbst\u00e4ndiger Arbeit gelten insbesondere Geh\u00e4lter, L\u00f6hne, Verg\u00fctungen, Gratifikationen oder sonstige Bez\u00fcge sowie alle \u00e4hnlichen Vorteile, die von anderen als den in Artikel 14 genannten Personen gezahlt oder gew\u00e4hrt werden.<\/p>\n\n\n\n<p>Der Telearbeitnehmer ist folglich:<\/p>\n\n\n\n<ul class=\"wp-block-list\">\n<li>in Frankreich steuerpflichtig f\u00fcr die in Frankreich geleisteten Arbeitstage<\/li>\n\n\n\n<li>in Deutschland steuerpflichtig f\u00fcr die in Deutschland geleisteten Arbeitstage<\/li>\n<\/ul>\n\n\n\n<p>Es wird empfohlen, gemeinsam mit dem Arbeitgeber einen Kalender zu f\u00fchren, um im Voraus festzulegen, welche Tage des Monats in Deutschland, welche in Frankreich und welche f\u00fcr Dienstreisen vorgesehen sind. So kann der Arbeitgeber den auf die in Deutschland geleisteten Arbeitstage entfallenden Anteil der Verg\u00fctung korrekt versteuern und den zutreffenden deutschen Steuerbetrag einbehalten.<\/p>\n\n\n\n<h2 class=\"wp-block-heading\">In Frankreich geleistete Arbeitstage<\/h2>\n\n\n\n<p>F\u00fcr die in Frankreich geleisteten Arbeitstage muss sich der Arbeitgeber nach franz\u00f6sischem Recht bei der franz\u00f6sischen Steuerverwaltung registrieren und den Quellensteuerabzug (Pr\u00e9l\u00e8vement \u00e0 la source) vornehmen. Erfolgt kein Quellensteuerabzug, muss der Arbeitnehmer seine steuerliche Situation in seinem Online-Steuerkonto aktualisieren oder im Folgejahr eine Steuererkl\u00e4rung abgeben.<\/p>\n\n\n\n<p>Die entsprechende franz\u00f6sische Einkommensteuer \u2013 abh\u00e4ngig von der in Frankreich erzielten Verg\u00fctung und der Zusammensetzung des Haushalts \u2013 wird dann jeweils am 15. eines Monats direkt vom angegebenen Bankkonto abgebucht.<\/p>\n\n\n\n<p>F\u00fcr die in Frankreich geleisteten Arbeitstage sind die Eink\u00fcnfte anteilig bei der franz\u00f6sischen Steuerverwaltung \u00fcber das Formular Nr. 2042 in den entsprechenden Rubriken zu erkl\u00e4ren.<\/p>\n\n\n\n<figure class=\"wp-block-image size-full\"><img loading=\"lazy\" decoding=\"async\" width=\"768\" height=\"389\" src=\"https:\/\/frontaliers-grandest.eu\/wp-content\/uploads\/2026\/02\/image-2.png\" alt=\"\" class=\"wp-image-58008\" srcset=\"https:\/\/frontaliers-grandest.eu\/wp-content\/uploads\/2026\/02\/image-2.png 768w, https:\/\/frontaliers-grandest.eu\/wp-content\/uploads\/2026\/02\/image-2-300x152.png 300w\" sizes=\"auto, (max-width: 768px) 100vw, 768px\" \/><\/figure>\n\n\n\n<p>Der Arbeitnehmer muss s\u00e4mtliche weltweiten Eink\u00fcnfte angeben (d. h. sowohl franz\u00f6sische als auch ausl\u00e4ndische Eink\u00fcnfte, einschlie\u00dflich der deutschen Eink\u00fcnfte). Diese werden in Frankreich nicht erneut besteuert, jedoch zur Berechnung des effektiven Steuersatzes herangezogen.<\/p>\n\n\n\n<p>F\u00fcr die in Deutschland geleisteten Arbeitstage sind die entsprechenden Betr\u00e4ge gegen\u00fcber der franz\u00f6sischen Steuerverwaltung mittels Formular Nr. 2047 sowie Formular Nr. 2042C zu erkl\u00e4ren.<\/p>\n\n\n\n<p>Einen offiziellen Simulator f\u00fcr die franz\u00f6sische Einkommensteuer finden Sie auf der Website der franz\u00f6sischen Steuerverwaltung (<a href=\"https:\/\/simulateur-ir-ifi.impots.gouv.fr\/calcul_impot\/2022\/index.htm\" target=\"_blank\" rel=\"noreferrer noopener\">impots.gouv.fr<\/a>). <\/p>\n\n\n\n<h2 class=\"wp-block-heading\">In Deutschland geleistete Arbeitstage<\/h2>\n\n\n\n<p>In Deutschland wird die Steuer vom Arbeitgeber im Wege des Lohnsteuerabzugs einbehalten.<\/p>\n\n\n\n<p>Da die Einkommensteuer in Deutschland grunds\u00e4tzlich mit dem Lohnsteuerabzug als abgegolten gilt, ist der Arbeitnehmer nicht verpflichtet, eine Steuererkl\u00e4rung abzugeben. Er kann jedoch einen Antrag auf unbeschr\u00e4nkte Einkommensteuerpflicht (auch \u201efiktive unbeschr\u00e4nkte Steuerpflicht\u201c genannt) stellen. Voraussetzung hierf\u00fcr ist:<\/p>\n\n\n\n<ul class=\"wp-block-list\">\n<li>mindestens 90 % der Eink\u00fcnfte (des Haushalts) unterliegen der deutschen Einkommensteuer,<br>oder<\/li>\n\n\n\n<li>die nicht der deutschen Einkommensteuer unterliegenden Eink\u00fcnfte (des Haushalts) \u00fcbersteigen nicht den Grundfreibetrag (12.096 \u20ac f\u00fcr 2025), wobei ein entsprechender Nachweis der ausl\u00e4ndischen Steuerbeh\u00f6rden (z. B. der franz\u00f6sischen Steuerverwaltung, sofern nur franz\u00f6sische Eink\u00fcnfte zus\u00e4tzlich zu den deutschen erzielt werden) vorzulegen ist.<\/li>\n<\/ul>\n\n\n\n<p>Kann der Arbeitnehmer von der fiktiven unbeschr\u00e4nkten Steuerpflicht profitieren, kann er Werbungskosten, Sonderausgaben sowie au\u00dfergew\u00f6hnliche Belastungen steuerlich geltend machen.<\/p>\n<\/div><\/div>\n\n\n\n<p><\/p>\n","protected":false},"excerpt":{"rendered":"<p>Aus steuerlicher Sicht kann das Arbeiten im Homeoffice im Wohnsitzstaat Auswirkungen darauf haben, welcher Staat f\u00fcr die Besteuerung zust\u00e4ndig ist. Die Regelungen unterscheiden sich je nachdem, ob der Arbeitnehmer den steuerlichen Status eines Grenzg\u00e4ngers hat oder nicht.<\/p>\n","protected":false},"author":32,"featured_media":0,"parent":8020,"menu_order":0,"comment_status":"closed","ping_status":"closed","template":"","meta":{"inline_featured_image":false,"footnotes":""},"tags":[],"frge_profile":[],"class_list":["post-58003","page","type-page","status-publish","hentry"],"yoast_head":"<!-- This site is optimized with the Yoast SEO plugin v27.1.1 - https:\/\/yoast.com\/product\/yoast-seo-wordpress\/ -->\n<title>Telearbeit - Frontaliers Grand Est<\/title>\n<meta name=\"description\" content=\"Alles zur Steuererkl\u00e4rung f\u00fcr Homeoffice-Eink\u00fcnfte. Erfahren Sie die genauen Modalit\u00e4ten, je nachdem, ob Sie den Grenzg\u00e4ngerstatus haben oder nicht.\" \/>\n<meta name=\"robots\" content=\"index, follow, max-snippet:-1, max-image-preview:large, max-video-preview:-1\" \/>\n<link rel=\"canonical\" href=\"https:\/\/frontaliers-grandest.eu\/de\/startseite\/grenzganger\/frankreich-deutschland\/besteuerung\/telearbeit\/\" \/>\n<meta property=\"og:locale\" content=\"de_DE\" \/>\n<meta property=\"og:type\" content=\"article\" \/>\n<meta property=\"og:title\" content=\"Telearbeit - Frontaliers Grand Est\" \/>\n<meta property=\"og:description\" content=\"Alles zur Steuererkl\u00e4rung f\u00fcr Homeoffice-Eink\u00fcnfte. Erfahren Sie die genauen Modalit\u00e4ten, je nachdem, ob Sie den Grenzg\u00e4ngerstatus haben oder nicht.\" \/>\n<meta property=\"og:url\" content=\"https:\/\/frontaliers-grandest.eu\/de\/startseite\/grenzganger\/frankreich-deutschland\/besteuerung\/telearbeit\/\" \/>\n<meta property=\"og:site_name\" content=\"Frontaliers Grand Est\" \/>\n<meta property=\"article:publisher\" content=\"https:\/\/www.facebook.com\/frontaliers.GR.EST\/?locale=fr_FR\" \/>\n<meta property=\"article:modified_time\" content=\"2026-03-11T13:51:41+00:00\" \/>\n<meta property=\"og:image\" content=\"https:\/\/frontaliers-grandest.eu\/wp-content\/uploads\/2026\/02\/image-1.png\" \/>\n\t<meta property=\"og:image:width\" content=\"768\" \/>\n\t<meta property=\"og:image:height\" content=\"242\" \/>\n\t<meta property=\"og:image:type\" content=\"image\/png\" \/>\n<meta name=\"twitter:card\" content=\"summary_large_image\" \/>\n<meta name=\"twitter:label1\" content=\"Gesch\u00e4tzte Lesezeit\" \/>\n\t<meta name=\"twitter:data1\" content=\"5\u00a0Minuten\" \/>\n<script type=\"application\/ld+json\" class=\"yoast-schema-graph\">{\"@context\":\"https:\/\/schema.org\",\"@graph\":[{\"@type\":\"WebPage\",\"@id\":\"https:\/\/frontaliers-grandest.eu\/de\/startseite\/grenzganger\/frankreich-deutschland\/besteuerung\/telearbeit\/\",\"url\":\"https:\/\/frontaliers-grandest.eu\/de\/startseite\/grenzganger\/frankreich-deutschland\/besteuerung\/telearbeit\/\",\"name\":\"Telearbeit - Frontaliers Grand Est\",\"isPartOf\":{\"@id\":\"https:\/\/frontaliers-grandest.eu\/de\/#website\"},\"primaryImageOfPage\":{\"@id\":\"https:\/\/frontaliers-grandest.eu\/de\/startseite\/grenzganger\/frankreich-deutschland\/besteuerung\/telearbeit\/#primaryimage\"},\"image\":{\"@id\":\"https:\/\/frontaliers-grandest.eu\/de\/startseite\/grenzganger\/frankreich-deutschland\/besteuerung\/telearbeit\/#primaryimage\"},\"thumbnailUrl\":\"https:\/\/frontaliers-grandest.eu\/wp-content\/uploads\/2026\/02\/image-1.png\",\"datePublished\":\"2026-02-26T14:46:28+00:00\",\"dateModified\":\"2026-03-11T13:51:41+00:00\",\"description\":\"Alles zur Steuererkl\u00e4rung f\u00fcr Homeoffice-Eink\u00fcnfte. Erfahren Sie die genauen Modalit\u00e4ten, je nachdem, ob Sie den Grenzg\u00e4ngerstatus haben oder nicht.\",\"breadcrumb\":{\"@id\":\"https:\/\/frontaliers-grandest.eu\/de\/startseite\/grenzganger\/frankreich-deutschland\/besteuerung\/telearbeit\/#breadcrumb\"},\"inLanguage\":\"de\",\"potentialAction\":[{\"@type\":\"ReadAction\",\"target\":[\"https:\/\/frontaliers-grandest.eu\/de\/startseite\/grenzganger\/frankreich-deutschland\/besteuerung\/telearbeit\/\"]}]},{\"@type\":\"ImageObject\",\"inLanguage\":\"de\",\"@id\":\"https:\/\/frontaliers-grandest.eu\/de\/startseite\/grenzganger\/frankreich-deutschland\/besteuerung\/telearbeit\/#primaryimage\",\"url\":\"https:\/\/frontaliers-grandest.eu\/wp-content\/uploads\/2026\/02\/image-1.png\",\"contentUrl\":\"https:\/\/frontaliers-grandest.eu\/wp-content\/uploads\/2026\/02\/image-1.png\"},{\"@type\":\"BreadcrumbList\",\"@id\":\"https:\/\/frontaliers-grandest.eu\/de\/startseite\/grenzganger\/frankreich-deutschland\/besteuerung\/telearbeit\/#breadcrumb\",\"itemListElement\":[{\"@type\":\"ListItem\",\"position\":1,\"name\":\"Startseite\",\"item\":\"https:\/\/frontaliers-grandest.eu\/de\/\"},{\"@type\":\"ListItem\",\"position\":2,\"name\":\"Grenzg\u00e4nger\",\"item\":\"https:\/\/frontaliers-grandest.eu\/de\/startseite\/grenzganger\/\"},{\"@type\":\"ListItem\",\"position\":3,\"name\":\"Frankreich - Deutschland\",\"item\":\"https:\/\/frontaliers-grandest.eu\/de\/startseite\/grenzganger\/frankreich-deutschland\/\"},{\"@type\":\"ListItem\",\"position\":4,\"name\":\"Besteuerung in Deutschland\",\"item\":\"https:\/\/frontaliers-grandest.eu\/de\/startseite\/grenzganger\/frankreich-deutschland\/besteuerung\/\"},{\"@type\":\"ListItem\",\"position\":5,\"name\":\"Telearbeit\"}]},{\"@type\":\"WebSite\",\"@id\":\"https:\/\/frontaliers-grandest.eu\/de\/#website\",\"url\":\"https:\/\/frontaliers-grandest.eu\/de\/\",\"name\":\"Frontaliers Grand Est\",\"description\":\"Le site ressource du travail frontalier\",\"publisher\":{\"@id\":\"https:\/\/frontaliers-grandest.eu\/de\/#organization\"},\"alternateName\":\"Frontaliers Grand Est\",\"potentialAction\":[{\"@type\":\"SearchAction\",\"target\":{\"@type\":\"EntryPoint\",\"urlTemplate\":\"https:\/\/frontaliers-grandest.eu\/de\/?s={search_term_string}\"},\"query-input\":{\"@type\":\"PropertyValueSpecification\",\"valueRequired\":true,\"valueName\":\"search_term_string\"}}],\"inLanguage\":\"de\"},{\"@type\":\"Organization\",\"@id\":\"https:\/\/frontaliers-grandest.eu\/de\/#organization\",\"name\":\"Frontaliers Grand Est\",\"alternateName\":\"Frontaliers Grand Est\",\"url\":\"https:\/\/frontaliers-grandest.eu\/de\/\",\"logo\":{\"@type\":\"ImageObject\",\"inLanguage\":\"de\",\"@id\":\"https:\/\/frontaliers-grandest.eu\/de\/#\/schema\/logo\/image\/\",\"url\":\"https:\/\/frontaliers-grandest.eu\/wp-content\/uploads\/2025\/07\/260328234_2966785176920310_3332838526503858160_n.jpg\",\"contentUrl\":\"https:\/\/frontaliers-grandest.eu\/wp-content\/uploads\/2025\/07\/260328234_2966785176920310_3332838526503858160_n.jpg\",\"width\":396,\"height\":396,\"caption\":\"Frontaliers Grand Est\"},\"image\":{\"@id\":\"https:\/\/frontaliers-grandest.eu\/de\/#\/schema\/logo\/image\/\"},\"sameAs\":[\"https:\/\/www.facebook.com\/frontaliers.GR.EST\/?locale=fr_FR\"]}]}<\/script>\n<!-- \/ Yoast SEO plugin. -->","yoast_head_json":{"title":"Telearbeit - Frontaliers Grand Est","description":"Alles zur Steuererkl\u00e4rung f\u00fcr Homeoffice-Eink\u00fcnfte. Erfahren Sie die genauen Modalit\u00e4ten, je nachdem, ob Sie den Grenzg\u00e4ngerstatus haben oder nicht.","robots":{"index":"index","follow":"follow","max-snippet":"max-snippet:-1","max-image-preview":"max-image-preview:large","max-video-preview":"max-video-preview:-1"},"canonical":"https:\/\/frontaliers-grandest.eu\/de\/startseite\/grenzganger\/frankreich-deutschland\/besteuerung\/telearbeit\/","og_locale":"de_DE","og_type":"article","og_title":"Telearbeit - Frontaliers Grand Est","og_description":"Alles zur Steuererkl\u00e4rung f\u00fcr Homeoffice-Eink\u00fcnfte. Erfahren Sie die genauen Modalit\u00e4ten, je nachdem, ob Sie den Grenzg\u00e4ngerstatus haben oder nicht.","og_url":"https:\/\/frontaliers-grandest.eu\/de\/startseite\/grenzganger\/frankreich-deutschland\/besteuerung\/telearbeit\/","og_site_name":"Frontaliers Grand Est","article_publisher":"https:\/\/www.facebook.com\/frontaliers.GR.EST\/?locale=fr_FR","article_modified_time":"2026-03-11T13:51:41+00:00","og_image":[{"width":768,"height":242,"url":"https:\/\/frontaliers-grandest.eu\/wp-content\/uploads\/2026\/02\/image-1.png","type":"image\/png"}],"twitter_card":"summary_large_image","twitter_misc":{"Gesch\u00e4tzte Lesezeit":"5\u00a0Minuten"},"schema":{"@context":"https:\/\/schema.org","@graph":[{"@type":"WebPage","@id":"https:\/\/frontaliers-grandest.eu\/de\/startseite\/grenzganger\/frankreich-deutschland\/besteuerung\/telearbeit\/","url":"https:\/\/frontaliers-grandest.eu\/de\/startseite\/grenzganger\/frankreich-deutschland\/besteuerung\/telearbeit\/","name":"Telearbeit - Frontaliers Grand Est","isPartOf":{"@id":"https:\/\/frontaliers-grandest.eu\/de\/#website"},"primaryImageOfPage":{"@id":"https:\/\/frontaliers-grandest.eu\/de\/startseite\/grenzganger\/frankreich-deutschland\/besteuerung\/telearbeit\/#primaryimage"},"image":{"@id":"https:\/\/frontaliers-grandest.eu\/de\/startseite\/grenzganger\/frankreich-deutschland\/besteuerung\/telearbeit\/#primaryimage"},"thumbnailUrl":"https:\/\/frontaliers-grandest.eu\/wp-content\/uploads\/2026\/02\/image-1.png","datePublished":"2026-02-26T14:46:28+00:00","dateModified":"2026-03-11T13:51:41+00:00","description":"Alles zur Steuererkl\u00e4rung f\u00fcr Homeoffice-Eink\u00fcnfte. Erfahren Sie die genauen Modalit\u00e4ten, je nachdem, ob Sie den Grenzg\u00e4ngerstatus haben oder nicht.","breadcrumb":{"@id":"https:\/\/frontaliers-grandest.eu\/de\/startseite\/grenzganger\/frankreich-deutschland\/besteuerung\/telearbeit\/#breadcrumb"},"inLanguage":"de","potentialAction":[{"@type":"ReadAction","target":["https:\/\/frontaliers-grandest.eu\/de\/startseite\/grenzganger\/frankreich-deutschland\/besteuerung\/telearbeit\/"]}]},{"@type":"ImageObject","inLanguage":"de","@id":"https:\/\/frontaliers-grandest.eu\/de\/startseite\/grenzganger\/frankreich-deutschland\/besteuerung\/telearbeit\/#primaryimage","url":"https:\/\/frontaliers-grandest.eu\/wp-content\/uploads\/2026\/02\/image-1.png","contentUrl":"https:\/\/frontaliers-grandest.eu\/wp-content\/uploads\/2026\/02\/image-1.png"},{"@type":"BreadcrumbList","@id":"https:\/\/frontaliers-grandest.eu\/de\/startseite\/grenzganger\/frankreich-deutschland\/besteuerung\/telearbeit\/#breadcrumb","itemListElement":[{"@type":"ListItem","position":1,"name":"Startseite","item":"https:\/\/frontaliers-grandest.eu\/de\/"},{"@type":"ListItem","position":2,"name":"Grenzg\u00e4nger","item":"https:\/\/frontaliers-grandest.eu\/de\/startseite\/grenzganger\/"},{"@type":"ListItem","position":3,"name":"Frankreich - Deutschland","item":"https:\/\/frontaliers-grandest.eu\/de\/startseite\/grenzganger\/frankreich-deutschland\/"},{"@type":"ListItem","position":4,"name":"Besteuerung in Deutschland","item":"https:\/\/frontaliers-grandest.eu\/de\/startseite\/grenzganger\/frankreich-deutschland\/besteuerung\/"},{"@type":"ListItem","position":5,"name":"Telearbeit"}]},{"@type":"WebSite","@id":"https:\/\/frontaliers-grandest.eu\/de\/#website","url":"https:\/\/frontaliers-grandest.eu\/de\/","name":"Frontaliers Grand Est","description":"Le site ressource du travail frontalier","publisher":{"@id":"https:\/\/frontaliers-grandest.eu\/de\/#organization"},"alternateName":"Frontaliers Grand Est","potentialAction":[{"@type":"SearchAction","target":{"@type":"EntryPoint","urlTemplate":"https:\/\/frontaliers-grandest.eu\/de\/?s={search_term_string}"},"query-input":{"@type":"PropertyValueSpecification","valueRequired":true,"valueName":"search_term_string"}}],"inLanguage":"de"},{"@type":"Organization","@id":"https:\/\/frontaliers-grandest.eu\/de\/#organization","name":"Frontaliers Grand Est","alternateName":"Frontaliers Grand Est","url":"https:\/\/frontaliers-grandest.eu\/de\/","logo":{"@type":"ImageObject","inLanguage":"de","@id":"https:\/\/frontaliers-grandest.eu\/de\/#\/schema\/logo\/image\/","url":"https:\/\/frontaliers-grandest.eu\/wp-content\/uploads\/2025\/07\/260328234_2966785176920310_3332838526503858160_n.jpg","contentUrl":"https:\/\/frontaliers-grandest.eu\/wp-content\/uploads\/2025\/07\/260328234_2966785176920310_3332838526503858160_n.jpg","width":396,"height":396,"caption":"Frontaliers Grand Est"},"image":{"@id":"https:\/\/frontaliers-grandest.eu\/de\/#\/schema\/logo\/image\/"},"sameAs":["https:\/\/www.facebook.com\/frontaliers.GR.EST\/?locale=fr_FR"]}]}},"frge_page_order":"0","_links":{"self":[{"href":"https:\/\/frontaliers-grandest.eu\/de\/wp-json\/wp\/v2\/pages\/58003","targetHints":{"allow":["GET"]}}],"collection":[{"href":"https:\/\/frontaliers-grandest.eu\/de\/wp-json\/wp\/v2\/pages"}],"about":[{"href":"https:\/\/frontaliers-grandest.eu\/de\/wp-json\/wp\/v2\/types\/page"}],"author":[{"embeddable":true,"href":"https:\/\/frontaliers-grandest.eu\/de\/wp-json\/wp\/v2\/users\/32"}],"replies":[{"embeddable":true,"href":"https:\/\/frontaliers-grandest.eu\/de\/wp-json\/wp\/v2\/comments?post=58003"}],"version-history":[{"count":3,"href":"https:\/\/frontaliers-grandest.eu\/de\/wp-json\/wp\/v2\/pages\/58003\/revisions"}],"predecessor-version":[{"id":58208,"href":"https:\/\/frontaliers-grandest.eu\/de\/wp-json\/wp\/v2\/pages\/58003\/revisions\/58208"}],"up":[{"embeddable":true,"href":"https:\/\/frontaliers-grandest.eu\/de\/wp-json\/wp\/v2\/pages\/8020"}],"wp:attachment":[{"href":"https:\/\/frontaliers-grandest.eu\/de\/wp-json\/wp\/v2\/media?parent=58003"}],"wp:term":[{"taxonomy":"post_tag","embeddable":true,"href":"https:\/\/frontaliers-grandest.eu\/de\/wp-json\/wp\/v2\/tags?post=58003"},{"taxonomy":"frge_profile","embeddable":true,"href":"https:\/\/frontaliers-grandest.eu\/de\/wp-json\/wp\/v2\/frge_profile?post=58003"}],"curies":[{"name":"wp","href":"https:\/\/api.w.org\/{rel}","templated":true}]}}