{"id":57985,"date":"2026-02-26T14:06:59","date_gmt":"2026-02-26T13:06:59","guid":{"rendered":"https:\/\/frontaliers-grandest.eu\/?page_id=57985"},"modified":"2026-03-11T14:38:11","modified_gmt":"2026-03-11T13:38:11","slug":"besteuerung-der-selbstaendigen","status":"publish","type":"page","link":"https:\/\/frontaliers-grandest.eu\/de\/startseite\/grenzganger\/frankreich-deutschland\/besteuerung\/beamte-selbstaendige-und-rentner\/besteuerung-der-selbstaendigen\/","title":{"rendered":"Besteuerung der Selbst\u00e4ndigen\u00a0"},"content":{"rendered":"\n<div class=\"wp-block-frontaliers-grandest-plugin-frge-accordion-block\"><div class=\"accordion-top\"><h4 class=\"accordion-title\">Besteuerung von Eink\u00fcnften aus selbst\u00e4ndiger Arbeit<\/h4><svg viewBox=\"0 0 24 24\" stroke-width=\"1.5\" fill=\"none\" xmlns=\"http:\/\/www.w3.org\/2000\/svg\" class=\"accordion-top__icon\"><path d=\"M3 12L21 12M21 12L12.5 3.5M21 12L12.5 20.5\" stroke-width=\"1.5\" stroke-linecap=\"round\" stroke-linejoin=\"round\"><\/path><\/svg><\/div><div class=\"accordion-content\">\n<p>In Artikel 12 des Doppelbesteuerungsabkommens ist folgendes Prinzip festgelegt:<\/p>\n\n\n\n<p>\u201e<em>Eink\u00fcnfte aus selbst\u00e4ndiger Arbeit und alle \u00fcbrigen Eink\u00fcnfte aus Arbeit, die nicht in den Artikeln 13 und 14 aufgef\u00fchrt sind, k\u00f6nnen nur in dem Vertragsstaat besteuert werden, in dem die pers\u00f6nliche T\u00e4tigkeit ausge\u00fcbt wird, aus der die Eink\u00fcnfte herr\u00fchren<\/em>.\u201c<\/p>\n\n\n\n<p>Die Eink\u00fcnfte aus einer freiberuflichen T\u00e4tigkeit k\u00f6nnen nur in dem Staat besteuert werden, in dem die pers\u00f6nliche T\u00e4tigkeit ausge\u00fcbt wird.<\/p>\n\n\n\n<p>Die pers\u00f6nliche T\u00e4tigkeit gilt nur dann als in einem der Vertragsstaaten ausge\u00fcbt, wenn sie unter Benutzung einer im betreffenden Staat zur Verf\u00fcgung stehenden&nbsp;<strong>st\u00e4ndigen Einrichtung<\/strong>&nbsp;ausge\u00fcbt wird.<\/p>\n\n\n\n<p>Folglich ist ein in Frankreich ans\u00e4ssiger Steuerpflichtiger, dem in Deutschland R\u00e4umlichkeiten zur Verf\u00fcgung stehen und in denen er seine berufliche T\u00e4tigkeit aus\u00fcbt,<strong>&nbsp;in Deutschland mit den Eink\u00fcnften aus seiner selbst\u00e4ndigen T\u00e4tigkeit steuerpflichtig<\/strong>.<\/p>\n<\/div><\/div>\n","protected":false},"excerpt":{"rendered":"","protected":false},"author":32,"featured_media":0,"parent":57983,"menu_order":0,"comment_status":"closed","ping_status":"closed","template":"","meta":{"inline_featured_image":false,"footnotes":""},"tags":[],"frge_profile":[],"class_list":["post-57985","page","type-page","status-publish","hentry"],"yoast_head":"<!-- This site is optimized with the Yoast SEO plugin v27.1.1 - https:\/\/yoast.com\/product\/yoast-seo-wordpress\/ -->\n<title>Besteuerung der Selbst\u00e4ndigen\u00a0 - Frontaliers Grand Est<\/title>\n<meta name=\"description\" content=\"Grenzg\u00e4nger und selbstst\u00e4ndig? Informieren Sie sich hier ganz genau, in welchem Land Sie als Freiberufler oder Gewerbetreibender Steuern zahlen.\" \/>\n<meta name=\"robots\" content=\"index, follow, max-snippet:-1, max-image-preview:large, max-video-preview:-1\" \/>\n<link rel=\"canonical\" href=\"https:\/\/frontaliers-grandest.eu\/de\/startseite\/grenzganger\/frankreich-deutschland\/besteuerung\/beamte-selbstaendige-und-rentner\/besteuerung-der-selbstaendigen\/\" \/>\n<meta property=\"og:locale\" content=\"de_DE\" \/>\n<meta property=\"og:type\" content=\"article\" \/>\n<meta property=\"og:title\" content=\"Besteuerung der Selbst\u00e4ndigen\u00a0 - Frontaliers Grand Est\" \/>\n<meta property=\"og:description\" content=\"Grenzg\u00e4nger und selbstst\u00e4ndig? Informieren Sie sich hier ganz genau, in welchem Land Sie als Freiberufler oder Gewerbetreibender Steuern zahlen.\" \/>\n<meta property=\"og:url\" content=\"https:\/\/frontaliers-grandest.eu\/de\/startseite\/grenzganger\/frankreich-deutschland\/besteuerung\/beamte-selbstaendige-und-rentner\/besteuerung-der-selbstaendigen\/\" \/>\n<meta property=\"og:site_name\" content=\"Frontaliers Grand Est\" \/>\n<meta property=\"article:publisher\" content=\"https:\/\/www.facebook.com\/frontaliers.GR.EST\/?locale=fr_FR\" \/>\n<meta property=\"article:modified_time\" content=\"2026-03-11T13:38:11+00:00\" \/>\n<meta name=\"twitter:card\" content=\"summary_large_image\" \/>\n<meta name=\"twitter:label1\" content=\"Gesch\u00e4tzte Lesezeit\" \/>\n\t<meta name=\"twitter:data1\" content=\"1\u00a0Minute\" \/>\n<script type=\"application\/ld+json\" class=\"yoast-schema-graph\">{\"@context\":\"https:\/\/schema.org\",\"@graph\":[{\"@type\":\"WebPage\",\"@id\":\"https:\/\/frontaliers-grandest.eu\/de\/startseite\/grenzganger\/frankreich-deutschland\/besteuerung\/beamte-selbstaendige-und-rentner\/besteuerung-der-selbstaendigen\/\",\"url\":\"https:\/\/frontaliers-grandest.eu\/de\/startseite\/grenzganger\/frankreich-deutschland\/besteuerung\/beamte-selbstaendige-und-rentner\/besteuerung-der-selbstaendigen\/\",\"name\":\"Besteuerung der Selbst\u00e4ndigen\u00a0 - Frontaliers Grand Est\",\"isPartOf\":{\"@id\":\"https:\/\/frontaliers-grandest.eu\/de\/#website\"},\"datePublished\":\"2026-02-26T13:06:59+00:00\",\"dateModified\":\"2026-03-11T13:38:11+00:00\",\"description\":\"Grenzg\u00e4nger und selbstst\u00e4ndig? Informieren Sie sich hier ganz genau, in welchem Land Sie als Freiberufler oder Gewerbetreibender Steuern zahlen.\",\"breadcrumb\":{\"@id\":\"https:\/\/frontaliers-grandest.eu\/de\/startseite\/grenzganger\/frankreich-deutschland\/besteuerung\/beamte-selbstaendige-und-rentner\/besteuerung-der-selbstaendigen\/#breadcrumb\"},\"inLanguage\":\"de\",\"potentialAction\":[{\"@type\":\"ReadAction\",\"target\":[\"https:\/\/frontaliers-grandest.eu\/de\/startseite\/grenzganger\/frankreich-deutschland\/besteuerung\/beamte-selbstaendige-und-rentner\/besteuerung-der-selbstaendigen\/\"]}]},{\"@type\":\"BreadcrumbList\",\"@id\":\"https:\/\/frontaliers-grandest.eu\/de\/startseite\/grenzganger\/frankreich-deutschland\/besteuerung\/beamte-selbstaendige-und-rentner\/besteuerung-der-selbstaendigen\/#breadcrumb\",\"itemListElement\":[{\"@type\":\"ListItem\",\"position\":1,\"name\":\"Startseite\",\"item\":\"https:\/\/frontaliers-grandest.eu\/de\/\"},{\"@type\":\"ListItem\",\"position\":2,\"name\":\"Grenzg\u00e4nger\",\"item\":\"https:\/\/frontaliers-grandest.eu\/de\/startseite\/grenzganger\/\"},{\"@type\":\"ListItem\",\"position\":3,\"name\":\"Frankreich - Deutschland\",\"item\":\"https:\/\/frontaliers-grandest.eu\/de\/startseite\/grenzganger\/frankreich-deutschland\/\"},{\"@type\":\"ListItem\",\"position\":4,\"name\":\"Besteuerung in Deutschland\",\"item\":\"https:\/\/frontaliers-grandest.eu\/de\/startseite\/grenzganger\/frankreich-deutschland\/besteuerung\/\"},{\"@type\":\"ListItem\",\"position\":5,\"name\":\"Beamte, Selbst\u00e4ndige und Rentner\",\"item\":\"https:\/\/frontaliers-grandest.eu\/de\/startseite\/grenzganger\/frankreich-deutschland\/besteuerung\/beamte-selbstaendige-und-rentner\/\"},{\"@type\":\"ListItem\",\"position\":6,\"name\":\"Besteuerung der Selbst\u00e4ndigen\u00a0\"}]},{\"@type\":\"WebSite\",\"@id\":\"https:\/\/frontaliers-grandest.eu\/de\/#website\",\"url\":\"https:\/\/frontaliers-grandest.eu\/de\/\",\"name\":\"Frontaliers Grand Est\",\"description\":\"Le site ressource du travail frontalier\",\"publisher\":{\"@id\":\"https:\/\/frontaliers-grandest.eu\/de\/#organization\"},\"alternateName\":\"Frontaliers Grand Est\",\"potentialAction\":[{\"@type\":\"SearchAction\",\"target\":{\"@type\":\"EntryPoint\",\"urlTemplate\":\"https:\/\/frontaliers-grandest.eu\/de\/?s={search_term_string}\"},\"query-input\":{\"@type\":\"PropertyValueSpecification\",\"valueRequired\":true,\"valueName\":\"search_term_string\"}}],\"inLanguage\":\"de\"},{\"@type\":\"Organization\",\"@id\":\"https:\/\/frontaliers-grandest.eu\/de\/#organization\",\"name\":\"Frontaliers Grand Est\",\"alternateName\":\"Frontaliers Grand Est\",\"url\":\"https:\/\/frontaliers-grandest.eu\/de\/\",\"logo\":{\"@type\":\"ImageObject\",\"inLanguage\":\"de\",\"@id\":\"https:\/\/frontaliers-grandest.eu\/de\/#\/schema\/logo\/image\/\",\"url\":\"https:\/\/frontaliers-grandest.eu\/wp-content\/uploads\/2025\/07\/260328234_2966785176920310_3332838526503858160_n.jpg\",\"contentUrl\":\"https:\/\/frontaliers-grandest.eu\/wp-content\/uploads\/2025\/07\/260328234_2966785176920310_3332838526503858160_n.jpg\",\"width\":396,\"height\":396,\"caption\":\"Frontaliers Grand Est\"},\"image\":{\"@id\":\"https:\/\/frontaliers-grandest.eu\/de\/#\/schema\/logo\/image\/\"},\"sameAs\":[\"https:\/\/www.facebook.com\/frontaliers.GR.EST\/?locale=fr_FR\"]}]}<\/script>\n<!-- \/ Yoast SEO plugin. -->","yoast_head_json":{"title":"Besteuerung der Selbst\u00e4ndigen\u00a0 - Frontaliers Grand Est","description":"Grenzg\u00e4nger und selbstst\u00e4ndig? Informieren Sie sich hier ganz genau, in welchem Land Sie als Freiberufler oder Gewerbetreibender Steuern zahlen.","robots":{"index":"index","follow":"follow","max-snippet":"max-snippet:-1","max-image-preview":"max-image-preview:large","max-video-preview":"max-video-preview:-1"},"canonical":"https:\/\/frontaliers-grandest.eu\/de\/startseite\/grenzganger\/frankreich-deutschland\/besteuerung\/beamte-selbstaendige-und-rentner\/besteuerung-der-selbstaendigen\/","og_locale":"de_DE","og_type":"article","og_title":"Besteuerung der Selbst\u00e4ndigen\u00a0 - Frontaliers Grand Est","og_description":"Grenzg\u00e4nger und selbstst\u00e4ndig? Informieren Sie sich hier ganz genau, in welchem Land Sie als Freiberufler oder Gewerbetreibender Steuern zahlen.","og_url":"https:\/\/frontaliers-grandest.eu\/de\/startseite\/grenzganger\/frankreich-deutschland\/besteuerung\/beamte-selbstaendige-und-rentner\/besteuerung-der-selbstaendigen\/","og_site_name":"Frontaliers Grand Est","article_publisher":"https:\/\/www.facebook.com\/frontaliers.GR.EST\/?locale=fr_FR","article_modified_time":"2026-03-11T13:38:11+00:00","twitter_card":"summary_large_image","twitter_misc":{"Gesch\u00e4tzte Lesezeit":"1\u00a0Minute"},"schema":{"@context":"https:\/\/schema.org","@graph":[{"@type":"WebPage","@id":"https:\/\/frontaliers-grandest.eu\/de\/startseite\/grenzganger\/frankreich-deutschland\/besteuerung\/beamte-selbstaendige-und-rentner\/besteuerung-der-selbstaendigen\/","url":"https:\/\/frontaliers-grandest.eu\/de\/startseite\/grenzganger\/frankreich-deutschland\/besteuerung\/beamte-selbstaendige-und-rentner\/besteuerung-der-selbstaendigen\/","name":"Besteuerung der Selbst\u00e4ndigen\u00a0 - Frontaliers Grand Est","isPartOf":{"@id":"https:\/\/frontaliers-grandest.eu\/de\/#website"},"datePublished":"2026-02-26T13:06:59+00:00","dateModified":"2026-03-11T13:38:11+00:00","description":"Grenzg\u00e4nger und selbstst\u00e4ndig? Informieren Sie sich hier ganz genau, in welchem Land Sie als Freiberufler oder Gewerbetreibender Steuern zahlen.","breadcrumb":{"@id":"https:\/\/frontaliers-grandest.eu\/de\/startseite\/grenzganger\/frankreich-deutschland\/besteuerung\/beamte-selbstaendige-und-rentner\/besteuerung-der-selbstaendigen\/#breadcrumb"},"inLanguage":"de","potentialAction":[{"@type":"ReadAction","target":["https:\/\/frontaliers-grandest.eu\/de\/startseite\/grenzganger\/frankreich-deutschland\/besteuerung\/beamte-selbstaendige-und-rentner\/besteuerung-der-selbstaendigen\/"]}]},{"@type":"BreadcrumbList","@id":"https:\/\/frontaliers-grandest.eu\/de\/startseite\/grenzganger\/frankreich-deutschland\/besteuerung\/beamte-selbstaendige-und-rentner\/besteuerung-der-selbstaendigen\/#breadcrumb","itemListElement":[{"@type":"ListItem","position":1,"name":"Startseite","item":"https:\/\/frontaliers-grandest.eu\/de\/"},{"@type":"ListItem","position":2,"name":"Grenzg\u00e4nger","item":"https:\/\/frontaliers-grandest.eu\/de\/startseite\/grenzganger\/"},{"@type":"ListItem","position":3,"name":"Frankreich - Deutschland","item":"https:\/\/frontaliers-grandest.eu\/de\/startseite\/grenzganger\/frankreich-deutschland\/"},{"@type":"ListItem","position":4,"name":"Besteuerung in Deutschland","item":"https:\/\/frontaliers-grandest.eu\/de\/startseite\/grenzganger\/frankreich-deutschland\/besteuerung\/"},{"@type":"ListItem","position":5,"name":"Beamte, Selbst\u00e4ndige und Rentner","item":"https:\/\/frontaliers-grandest.eu\/de\/startseite\/grenzganger\/frankreich-deutschland\/besteuerung\/beamte-selbstaendige-und-rentner\/"},{"@type":"ListItem","position":6,"name":"Besteuerung der Selbst\u00e4ndigen\u00a0"}]},{"@type":"WebSite","@id":"https:\/\/frontaliers-grandest.eu\/de\/#website","url":"https:\/\/frontaliers-grandest.eu\/de\/","name":"Frontaliers Grand Est","description":"Le site ressource du travail frontalier","publisher":{"@id":"https:\/\/frontaliers-grandest.eu\/de\/#organization"},"alternateName":"Frontaliers Grand Est","potentialAction":[{"@type":"SearchAction","target":{"@type":"EntryPoint","urlTemplate":"https:\/\/frontaliers-grandest.eu\/de\/?s={search_term_string}"},"query-input":{"@type":"PropertyValueSpecification","valueRequired":true,"valueName":"search_term_string"}}],"inLanguage":"de"},{"@type":"Organization","@id":"https:\/\/frontaliers-grandest.eu\/de\/#organization","name":"Frontaliers Grand Est","alternateName":"Frontaliers Grand Est","url":"https:\/\/frontaliers-grandest.eu\/de\/","logo":{"@type":"ImageObject","inLanguage":"de","@id":"https:\/\/frontaliers-grandest.eu\/de\/#\/schema\/logo\/image\/","url":"https:\/\/frontaliers-grandest.eu\/wp-content\/uploads\/2025\/07\/260328234_2966785176920310_3332838526503858160_n.jpg","contentUrl":"https:\/\/frontaliers-grandest.eu\/wp-content\/uploads\/2025\/07\/260328234_2966785176920310_3332838526503858160_n.jpg","width":396,"height":396,"caption":"Frontaliers Grand Est"},"image":{"@id":"https:\/\/frontaliers-grandest.eu\/de\/#\/schema\/logo\/image\/"},"sameAs":["https:\/\/www.facebook.com\/frontaliers.GR.EST\/?locale=fr_FR"]}]}},"frge_page_order":"0","_links":{"self":[{"href":"https:\/\/frontaliers-grandest.eu\/de\/wp-json\/wp\/v2\/pages\/57985","targetHints":{"allow":["GET"]}}],"collection":[{"href":"https:\/\/frontaliers-grandest.eu\/de\/wp-json\/wp\/v2\/pages"}],"about":[{"href":"https:\/\/frontaliers-grandest.eu\/de\/wp-json\/wp\/v2\/types\/page"}],"author":[{"embeddable":true,"href":"https:\/\/frontaliers-grandest.eu\/de\/wp-json\/wp\/v2\/users\/32"}],"replies":[{"embeddable":true,"href":"https:\/\/frontaliers-grandest.eu\/de\/wp-json\/wp\/v2\/comments?post=57985"}],"version-history":[{"count":2,"href":"https:\/\/frontaliers-grandest.eu\/de\/wp-json\/wp\/v2\/pages\/57985\/revisions"}],"predecessor-version":[{"id":57987,"href":"https:\/\/frontaliers-grandest.eu\/de\/wp-json\/wp\/v2\/pages\/57985\/revisions\/57987"}],"up":[{"embeddable":true,"href":"https:\/\/frontaliers-grandest.eu\/de\/wp-json\/wp\/v2\/pages\/57983"}],"wp:attachment":[{"href":"https:\/\/frontaliers-grandest.eu\/de\/wp-json\/wp\/v2\/media?parent=57985"}],"wp:term":[{"taxonomy":"post_tag","embeddable":true,"href":"https:\/\/frontaliers-grandest.eu\/de\/wp-json\/wp\/v2\/tags?post=57985"},{"taxonomy":"frge_profile","embeddable":true,"href":"https:\/\/frontaliers-grandest.eu\/de\/wp-json\/wp\/v2\/frge_profile?post=57985"}],"curies":[{"name":"wp","href":"https:\/\/api.w.org\/{rel}","templated":true}]}}