{"id":57979,"date":"2026-02-26T12:16:02","date_gmt":"2026-02-26T11:16:02","guid":{"rendered":"https:\/\/frontaliers-grandest.eu\/?page_id=57979"},"modified":"2026-03-11T10:55:59","modified_gmt":"2026-03-11T09:55:59","slug":"leiharbeit","status":"publish","type":"page","link":"https:\/\/frontaliers-grandest.eu\/de\/startseite\/grenzganger\/frankreich-deutschland\/besteuerung\/besteuerung-der-arbeitnehmer-2\/leiharbeit\/","title":{"rendered":"Leiharbeit"},"content":{"rendered":"\n<div class=\"wp-block-frontaliers-grandest-plugin-frge-accordion-block\"><div class=\"accordion-top\"><h4 class=\"accordion-title\">Einkommensbesteuerung<\/h4><svg viewBox=\"0 0 24 24\" stroke-width=\"1.5\" fill=\"none\" xmlns=\"http:\/\/www.w3.org\/2000\/svg\" class=\"accordion-top__icon\"><path d=\"M3 12L21 12M21 12L12.5 3.5M21 12L12.5 20.5\" stroke-width=\"1.5\" stroke-linecap=\"round\" stroke-linejoin=\"round\"><\/path><\/svg><\/div><div class=\"accordion-content\">\n<p>Eink\u00fcnfte aus einer <strong>Zeitarbeitst\u00e4tigkeit<\/strong> sind grunds\u00e4tzlich <strong>im Besch\u00e4ftigungsstaat (Deutschland)<\/strong> steuerpflichtig.<br>Der Zeitarbeitnehmer kann jedoch unter bestimmten Voraussetzungen vom <strong>Grenzg\u00e4ngerstatus<\/strong> profitieren. Aufgrund der besonderen Art der Zeitarbeit wird der <strong>steuerliche Grenzg\u00e4ngerstatus in der Regel nicht f\u00fcr das Besch\u00e4ftigungsjahr selbst<\/strong>, sondern <strong>r\u00fcckwirkend<\/strong> auf Grundlage der vom Grenzg\u00e4nger erbrachten Nachweise angewendet.<\/p>\n\n\n\n<p>Im Besch\u00e4ftigungsjahr werden die Eink\u00fcnfte daher <strong>zun\u00e4chst im Arbeitsstaat (Deutschland)<\/strong> besteuert. Erst <strong>ab dem 1. Januar des auf das Besch\u00e4ftigungsjahr folgenden Kalenderjahres<\/strong> kann die Anwendung des Grenzg\u00e4ngerstatus beantragt werden.<\/p>\n\n\n\n<p>\u2794 <strong>F\u00fcr grenz\u00fcberschreitend t\u00e4tige Zeitarbeitnehmer<\/strong> wird die Lohnsteuer zun\u00e4chst von der <strong>deutschen Finanzverwaltung einbehalten<\/strong> und direkt vom Einkommen abgezogen.<br>Die einbehaltene Steuer kann <strong>auf Antrag und nach Nachweis des steuerlichen Grenzg\u00e4ngerstatus<\/strong> am Jahresende erstattet werden.<\/p>\n\n\n\n<p>Aufgrund der Art der Zeitarbeit pr\u00fcft die deutsche Verwaltung <strong>nachtr\u00e4glich<\/strong>, ob die Voraussetzungen hinsichtlich der <strong>beruflich bedingten Tage au\u00dferhalb der Grenzzone<\/strong> eingehalten wurden (maximal <strong>45 Tage pro Jahr oder 20 % der Arbeitszeit<\/strong>, ohne dass 45 Tage \u00fcberschritten werden d\u00fcrfen).<br>Sind alle Voraussetzungen erf\u00fcllt, wird die <strong>deutsche Steuer erstattet<\/strong>.<br>Hierf\u00fcr muss <strong>jedes Jahr eine Steuererkl\u00e4rung in Deutschland<\/strong> abgegeben werden.<\/p>\n<\/div><\/div>\n\n\n\n<div class=\"wp-block-frontaliers-grandest-plugin-frge-accordion-block\"><div class=\"accordion-top\"><h4 class=\"accordion-title\">Schritte<\/h4><svg viewBox=\"0 0 24 24\" stroke-width=\"1.5\" fill=\"none\" xmlns=\"http:\/\/www.w3.org\/2000\/svg\" class=\"accordion-top__icon\"><path d=\"M3 12L21 12M21 12L12.5 3.5M21 12L12.5 20.5\" stroke-width=\"1.5\" stroke-linecap=\"round\" stroke-linejoin=\"round\"><\/path><\/svg><\/div><div class=\"accordion-content\">\n<p><strong>Zur Erinnerung: Um vom steuerlichen Grenzg\u00e4ngerstatus profitieren zu k\u00f6nnen, m\u00fcssen folgende Voraussetzungen erf\u00fcllt sein:<\/strong><\/p>\n\n\n\n<ul class=\"wp-block-list\">\n<li>Wohnsitz in der <strong>franz\u00f6sischen Grenzzone<\/strong> (D\u00e9partements <strong>57, 67 und 68<\/strong>) zum Zeitpunkt der Besch\u00e4ftigung<\/li>\n\n\n\n<li>Besch\u00e4ftigung in der <strong>deutschen Grenzzone<\/strong> (gesamtes Saarland sowie die in dieser Liste aufgef\u00fchrten Gemeinden in Baden-W\u00fcrttemberg und Rheinland-Pfalz):<br><a href=\"https:\/\/frontaliers-grandest.eu\/de\/startseite\/grenzganger\/frankreich-deutschland\/besteuerung\/liste-der-deutschen-gemeinden-in-der-grenzregion-in-einer-entfernung-von-30-km-luftlinie-ab-grenze-in-deutschland\/\">https:\/\/frontaliers-grandest.eu\/de\/startseite\/grenzganger\/frankreich-deutschland\/besteuerung\/liste-der-deutschen-gemeinden-in-der-grenzregion-in-einer-entfernung-von-30-km-luftlinie-ab-grenze-in-deutschland\/<\/a><\/li>\n\n\n\n<li>Nicht mehr als <strong>45 Tage pro Jahr<\/strong> au\u00dferhalb der Grenzzone im Rahmen der Zeitarbeit t\u00e4tig gewesen sein<\/li>\n<\/ul>\n\n\n\n<p><strong>Wenn alle oben genannten Voraussetzungen erf\u00fcllt sind, k\u00f6nnen Sie die Befreiung von der deutschen Steuer beantragen.<\/strong><br>Hierzu m\u00fcssen Sie sich an das zust\u00e4ndige <strong>deutsche Finanzamt<\/strong> wenden und folgende Unterlagen einreichen:<\/p>\n\n\n\n<ul class=\"wp-block-list\">\n<li>Ihre <strong>deutsche Einkommensteuererkl\u00e4rung<\/strong><\/li>\n\n\n\n<li><strong>Anlage N<\/strong>:<br><a href=\"https:\/\/finanzamt-bw.fv-bwl.de\/site\/pbs-bw-fa2\/get\/documents_E782166882\/finanzaemter\/Formulare\/Einkommensteuer\/Grenzg%C3%A4nger\/DBA-Frankreich\/Anlage\/Liste%20der%20Einsatzorte%20-%20Anlage%20zum%20Formular%205011%20A.pdf\" target=\"_blank\" rel=\"noreferrer noopener\">https:\/\/finanzamt-bw.fv-bwl.de\/site\/pbs-bw-fa2\/get\/documents_E782166882\/finanzaemter\/Formulare\/Einkommensteuer\/Grenzg%C3%A4nger\/DBA-Frankreich\/Anlage\/Liste%20der%20Einsatzorte%20-%20Anlage%20zum%20Formular%205011%20A.pdf<\/a><\/li>\n\n\n\n<li>Eine Kopie des auszuf\u00fcllenden <strong>Formulars 5011 A (Zeitarbeitnehmer)<\/strong>:<br><em>Antrag auf Erteilung einer Freistellungsbescheinigung f\u00fcr Grenzg\u00e4nger aus Frankreich \u2013 Leiharbeitnehmer \u2013 Formular 5011 A<\/em><\/li>\n\n\n\n<li>Die <strong>Liste der Einsatzorte<\/strong> im betreffenden Jahr<\/li>\n\n\n\n<li>Die <strong>Lohnsteuerbescheinigung<\/strong><\/li>\n\n\n\n<li>Ihre <strong>Bankverbindung (IBAN\/RIB)<\/strong><\/li>\n<\/ul>\n\n\n\n<p>Erhalten Sie eine <strong>positive Entscheidung der deutschen Finanzverwaltung<\/strong>, k\u00f6nnen Sie anschlie\u00dfend die <strong>franz\u00f6sische Steuerverwaltung<\/strong> kontaktieren, um <strong>als steuerlicher Grenzg\u00e4nger nach franz\u00f6sischem Recht besteuert<\/strong> zu werden.<\/p>\n<\/div><\/div>\n","protected":false},"excerpt":{"rendered":"","protected":false},"author":32,"featured_media":0,"parent":57953,"menu_order":0,"comment_status":"closed","ping_status":"closed","template":"","meta":{"inline_featured_image":false,"footnotes":""},"tags":[],"frge_profile":[],"class_list":["post-57979","page","type-page","status-publish","hentry"],"yoast_head":"<!-- This site is optimized with the Yoast SEO plugin v27.1.1 - https:\/\/yoast.com\/product\/yoast-seo-wordpress\/ -->\n<title>Leiharbeit - Frontaliers Grand Est<\/title>\n<meta name=\"description\" content=\"Alles zur Besteuerung von Leiharbeitern in Deutschland. Erfahren Sie Schritt f\u00fcr Schritt, wie das konkrete Verfahren f\u00fcr Ihre Steuererkl\u00e4rung abl\u00e4uft.\" \/>\n<meta name=\"robots\" content=\"index, follow, max-snippet:-1, max-image-preview:large, max-video-preview:-1\" \/>\n<link rel=\"canonical\" href=\"https:\/\/frontaliers-grandest.eu\/de\/startseite\/grenzganger\/frankreich-deutschland\/besteuerung\/besteuerung-der-arbeitnehmer-2\/leiharbeit\/\" \/>\n<meta property=\"og:locale\" content=\"de_DE\" \/>\n<meta property=\"og:type\" content=\"article\" \/>\n<meta property=\"og:title\" content=\"Leiharbeit - Frontaliers Grand Est\" \/>\n<meta property=\"og:description\" content=\"Alles zur Besteuerung von Leiharbeitern in Deutschland. Erfahren Sie Schritt f\u00fcr Schritt, wie das konkrete Verfahren f\u00fcr Ihre Steuererkl\u00e4rung abl\u00e4uft.\" \/>\n<meta property=\"og:url\" content=\"https:\/\/frontaliers-grandest.eu\/de\/startseite\/grenzganger\/frankreich-deutschland\/besteuerung\/besteuerung-der-arbeitnehmer-2\/leiharbeit\/\" \/>\n<meta property=\"og:site_name\" content=\"Frontaliers Grand Est\" \/>\n<meta property=\"article:publisher\" content=\"https:\/\/www.facebook.com\/frontaliers.GR.EST\/?locale=fr_FR\" \/>\n<meta property=\"article:modified_time\" content=\"2026-03-11T09:55:59+00:00\" \/>\n<meta name=\"twitter:card\" content=\"summary_large_image\" \/>\n<meta name=\"twitter:label1\" content=\"Gesch\u00e4tzte Lesezeit\" \/>\n\t<meta name=\"twitter:data1\" content=\"2\u00a0Minuten\" \/>\n<script type=\"application\/ld+json\" class=\"yoast-schema-graph\">{\"@context\":\"https:\/\/schema.org\",\"@graph\":[{\"@type\":\"WebPage\",\"@id\":\"https:\/\/frontaliers-grandest.eu\/de\/startseite\/grenzganger\/frankreich-deutschland\/besteuerung\/besteuerung-der-arbeitnehmer-2\/leiharbeit\/\",\"url\":\"https:\/\/frontaliers-grandest.eu\/de\/startseite\/grenzganger\/frankreich-deutschland\/besteuerung\/besteuerung-der-arbeitnehmer-2\/leiharbeit\/\",\"name\":\"Leiharbeit - Frontaliers Grand Est\",\"isPartOf\":{\"@id\":\"https:\/\/frontaliers-grandest.eu\/de\/#website\"},\"datePublished\":\"2026-02-26T11:16:02+00:00\",\"dateModified\":\"2026-03-11T09:55:59+00:00\",\"description\":\"Alles zur Besteuerung von Leiharbeitern in Deutschland. Erfahren Sie Schritt f\u00fcr Schritt, wie das konkrete Verfahren f\u00fcr Ihre Steuererkl\u00e4rung abl\u00e4uft.\",\"breadcrumb\":{\"@id\":\"https:\/\/frontaliers-grandest.eu\/de\/startseite\/grenzganger\/frankreich-deutschland\/besteuerung\/besteuerung-der-arbeitnehmer-2\/leiharbeit\/#breadcrumb\"},\"inLanguage\":\"de\",\"potentialAction\":[{\"@type\":\"ReadAction\",\"target\":[\"https:\/\/frontaliers-grandest.eu\/de\/startseite\/grenzganger\/frankreich-deutschland\/besteuerung\/besteuerung-der-arbeitnehmer-2\/leiharbeit\/\"]}]},{\"@type\":\"BreadcrumbList\",\"@id\":\"https:\/\/frontaliers-grandest.eu\/de\/startseite\/grenzganger\/frankreich-deutschland\/besteuerung\/besteuerung-der-arbeitnehmer-2\/leiharbeit\/#breadcrumb\",\"itemListElement\":[{\"@type\":\"ListItem\",\"position\":1,\"name\":\"Startseite\",\"item\":\"https:\/\/frontaliers-grandest.eu\/de\/\"},{\"@type\":\"ListItem\",\"position\":2,\"name\":\"Grenzg\u00e4nger\",\"item\":\"https:\/\/frontaliers-grandest.eu\/de\/startseite\/grenzganger\/\"},{\"@type\":\"ListItem\",\"position\":3,\"name\":\"Frankreich - Deutschland\",\"item\":\"https:\/\/frontaliers-grandest.eu\/de\/startseite\/grenzganger\/frankreich-deutschland\/\"},{\"@type\":\"ListItem\",\"position\":4,\"name\":\"Besteuerung in Deutschland\",\"item\":\"https:\/\/frontaliers-grandest.eu\/de\/startseite\/grenzganger\/frankreich-deutschland\/besteuerung\/\"},{\"@type\":\"ListItem\",\"position\":5,\"name\":\"Besteuerung der Arbeitnehmer\",\"item\":\"https:\/\/frontaliers-grandest.eu\/de\/startseite\/grenzganger\/frankreich-deutschland\/besteuerung\/besteuerung-der-arbeitnehmer-2\/\"},{\"@type\":\"ListItem\",\"position\":6,\"name\":\"Leiharbeit\"}]},{\"@type\":\"WebSite\",\"@id\":\"https:\/\/frontaliers-grandest.eu\/de\/#website\",\"url\":\"https:\/\/frontaliers-grandest.eu\/de\/\",\"name\":\"Frontaliers Grand Est\",\"description\":\"Le site ressource du travail frontalier\",\"publisher\":{\"@id\":\"https:\/\/frontaliers-grandest.eu\/de\/#organization\"},\"alternateName\":\"Frontaliers Grand Est\",\"potentialAction\":[{\"@type\":\"SearchAction\",\"target\":{\"@type\":\"EntryPoint\",\"urlTemplate\":\"https:\/\/frontaliers-grandest.eu\/de\/?s={search_term_string}\"},\"query-input\":{\"@type\":\"PropertyValueSpecification\",\"valueRequired\":true,\"valueName\":\"search_term_string\"}}],\"inLanguage\":\"de\"},{\"@type\":\"Organization\",\"@id\":\"https:\/\/frontaliers-grandest.eu\/de\/#organization\",\"name\":\"Frontaliers Grand Est\",\"alternateName\":\"Frontaliers Grand Est\",\"url\":\"https:\/\/frontaliers-grandest.eu\/de\/\",\"logo\":{\"@type\":\"ImageObject\",\"inLanguage\":\"de\",\"@id\":\"https:\/\/frontaliers-grandest.eu\/de\/#\/schema\/logo\/image\/\",\"url\":\"https:\/\/frontaliers-grandest.eu\/wp-content\/uploads\/2025\/07\/260328234_2966785176920310_3332838526503858160_n.jpg\",\"contentUrl\":\"https:\/\/frontaliers-grandest.eu\/wp-content\/uploads\/2025\/07\/260328234_2966785176920310_3332838526503858160_n.jpg\",\"width\":396,\"height\":396,\"caption\":\"Frontaliers Grand Est\"},\"image\":{\"@id\":\"https:\/\/frontaliers-grandest.eu\/de\/#\/schema\/logo\/image\/\"},\"sameAs\":[\"https:\/\/www.facebook.com\/frontaliers.GR.EST\/?locale=fr_FR\"]}]}<\/script>\n<!-- \/ Yoast SEO plugin. -->","yoast_head_json":{"title":"Leiharbeit - Frontaliers Grand Est","description":"Alles zur Besteuerung von Leiharbeitern in Deutschland. Erfahren Sie Schritt f\u00fcr Schritt, wie das konkrete Verfahren f\u00fcr Ihre Steuererkl\u00e4rung abl\u00e4uft.","robots":{"index":"index","follow":"follow","max-snippet":"max-snippet:-1","max-image-preview":"max-image-preview:large","max-video-preview":"max-video-preview:-1"},"canonical":"https:\/\/frontaliers-grandest.eu\/de\/startseite\/grenzganger\/frankreich-deutschland\/besteuerung\/besteuerung-der-arbeitnehmer-2\/leiharbeit\/","og_locale":"de_DE","og_type":"article","og_title":"Leiharbeit - Frontaliers Grand Est","og_description":"Alles zur Besteuerung von Leiharbeitern in Deutschland. Erfahren Sie Schritt f\u00fcr Schritt, wie das konkrete Verfahren f\u00fcr Ihre Steuererkl\u00e4rung abl\u00e4uft.","og_url":"https:\/\/frontaliers-grandest.eu\/de\/startseite\/grenzganger\/frankreich-deutschland\/besteuerung\/besteuerung-der-arbeitnehmer-2\/leiharbeit\/","og_site_name":"Frontaliers Grand Est","article_publisher":"https:\/\/www.facebook.com\/frontaliers.GR.EST\/?locale=fr_FR","article_modified_time":"2026-03-11T09:55:59+00:00","twitter_card":"summary_large_image","twitter_misc":{"Gesch\u00e4tzte Lesezeit":"2\u00a0Minuten"},"schema":{"@context":"https:\/\/schema.org","@graph":[{"@type":"WebPage","@id":"https:\/\/frontaliers-grandest.eu\/de\/startseite\/grenzganger\/frankreich-deutschland\/besteuerung\/besteuerung-der-arbeitnehmer-2\/leiharbeit\/","url":"https:\/\/frontaliers-grandest.eu\/de\/startseite\/grenzganger\/frankreich-deutschland\/besteuerung\/besteuerung-der-arbeitnehmer-2\/leiharbeit\/","name":"Leiharbeit - Frontaliers Grand Est","isPartOf":{"@id":"https:\/\/frontaliers-grandest.eu\/de\/#website"},"datePublished":"2026-02-26T11:16:02+00:00","dateModified":"2026-03-11T09:55:59+00:00","description":"Alles zur Besteuerung von Leiharbeitern in Deutschland. Erfahren Sie Schritt f\u00fcr Schritt, wie das konkrete Verfahren f\u00fcr Ihre Steuererkl\u00e4rung abl\u00e4uft.","breadcrumb":{"@id":"https:\/\/frontaliers-grandest.eu\/de\/startseite\/grenzganger\/frankreich-deutschland\/besteuerung\/besteuerung-der-arbeitnehmer-2\/leiharbeit\/#breadcrumb"},"inLanguage":"de","potentialAction":[{"@type":"ReadAction","target":["https:\/\/frontaliers-grandest.eu\/de\/startseite\/grenzganger\/frankreich-deutschland\/besteuerung\/besteuerung-der-arbeitnehmer-2\/leiharbeit\/"]}]},{"@type":"BreadcrumbList","@id":"https:\/\/frontaliers-grandest.eu\/de\/startseite\/grenzganger\/frankreich-deutschland\/besteuerung\/besteuerung-der-arbeitnehmer-2\/leiharbeit\/#breadcrumb","itemListElement":[{"@type":"ListItem","position":1,"name":"Startseite","item":"https:\/\/frontaliers-grandest.eu\/de\/"},{"@type":"ListItem","position":2,"name":"Grenzg\u00e4nger","item":"https:\/\/frontaliers-grandest.eu\/de\/startseite\/grenzganger\/"},{"@type":"ListItem","position":3,"name":"Frankreich - Deutschland","item":"https:\/\/frontaliers-grandest.eu\/de\/startseite\/grenzganger\/frankreich-deutschland\/"},{"@type":"ListItem","position":4,"name":"Besteuerung in Deutschland","item":"https:\/\/frontaliers-grandest.eu\/de\/startseite\/grenzganger\/frankreich-deutschland\/besteuerung\/"},{"@type":"ListItem","position":5,"name":"Besteuerung der Arbeitnehmer","item":"https:\/\/frontaliers-grandest.eu\/de\/startseite\/grenzganger\/frankreich-deutschland\/besteuerung\/besteuerung-der-arbeitnehmer-2\/"},{"@type":"ListItem","position":6,"name":"Leiharbeit"}]},{"@type":"WebSite","@id":"https:\/\/frontaliers-grandest.eu\/de\/#website","url":"https:\/\/frontaliers-grandest.eu\/de\/","name":"Frontaliers Grand Est","description":"Le site ressource du travail frontalier","publisher":{"@id":"https:\/\/frontaliers-grandest.eu\/de\/#organization"},"alternateName":"Frontaliers Grand Est","potentialAction":[{"@type":"SearchAction","target":{"@type":"EntryPoint","urlTemplate":"https:\/\/frontaliers-grandest.eu\/de\/?s={search_term_string}"},"query-input":{"@type":"PropertyValueSpecification","valueRequired":true,"valueName":"search_term_string"}}],"inLanguage":"de"},{"@type":"Organization","@id":"https:\/\/frontaliers-grandest.eu\/de\/#organization","name":"Frontaliers Grand Est","alternateName":"Frontaliers Grand Est","url":"https:\/\/frontaliers-grandest.eu\/de\/","logo":{"@type":"ImageObject","inLanguage":"de","@id":"https:\/\/frontaliers-grandest.eu\/de\/#\/schema\/logo\/image\/","url":"https:\/\/frontaliers-grandest.eu\/wp-content\/uploads\/2025\/07\/260328234_2966785176920310_3332838526503858160_n.jpg","contentUrl":"https:\/\/frontaliers-grandest.eu\/wp-content\/uploads\/2025\/07\/260328234_2966785176920310_3332838526503858160_n.jpg","width":396,"height":396,"caption":"Frontaliers Grand Est"},"image":{"@id":"https:\/\/frontaliers-grandest.eu\/de\/#\/schema\/logo\/image\/"},"sameAs":["https:\/\/www.facebook.com\/frontaliers.GR.EST\/?locale=fr_FR"]}]}},"frge_page_order":"0","_links":{"self":[{"href":"https:\/\/frontaliers-grandest.eu\/de\/wp-json\/wp\/v2\/pages\/57979","targetHints":{"allow":["GET"]}}],"collection":[{"href":"https:\/\/frontaliers-grandest.eu\/de\/wp-json\/wp\/v2\/pages"}],"about":[{"href":"https:\/\/frontaliers-grandest.eu\/de\/wp-json\/wp\/v2\/types\/page"}],"author":[{"embeddable":true,"href":"https:\/\/frontaliers-grandest.eu\/de\/wp-json\/wp\/v2\/users\/32"}],"replies":[{"embeddable":true,"href":"https:\/\/frontaliers-grandest.eu\/de\/wp-json\/wp\/v2\/comments?post=57979"}],"version-history":[{"count":1,"href":"https:\/\/frontaliers-grandest.eu\/de\/wp-json\/wp\/v2\/pages\/57979\/revisions"}],"predecessor-version":[{"id":57980,"href":"https:\/\/frontaliers-grandest.eu\/de\/wp-json\/wp\/v2\/pages\/57979\/revisions\/57980"}],"up":[{"embeddable":true,"href":"https:\/\/frontaliers-grandest.eu\/de\/wp-json\/wp\/v2\/pages\/57953"}],"wp:attachment":[{"href":"https:\/\/frontaliers-grandest.eu\/de\/wp-json\/wp\/v2\/media?parent=57979"}],"wp:term":[{"taxonomy":"post_tag","embeddable":true,"href":"https:\/\/frontaliers-grandest.eu\/de\/wp-json\/wp\/v2\/tags?post=57979"},{"taxonomy":"frge_profile","embeddable":true,"href":"https:\/\/frontaliers-grandest.eu\/de\/wp-json\/wp\/v2\/frge_profile?post=57979"}],"curies":[{"name":"wp","href":"https:\/\/api.w.org\/{rel}","templated":true}]}}