{"id":57967,"date":"2026-02-26T11:57:01","date_gmt":"2026-02-26T10:57:01","guid":{"rendered":"https:\/\/frontaliers-grandest.eu\/?page_id=57967"},"modified":"2026-03-11T10:53:38","modified_gmt":"2026-03-11T09:53:38","slug":"kein-grenzgaengerstatus-besteuerung-des-arbeitslohns-im-privaten-sektor","status":"publish","type":"page","link":"https:\/\/frontaliers-grandest.eu\/de\/startseite\/grenzganger\/frankreich-deutschland\/besteuerung\/besteuerung-der-arbeitnehmer-2\/kein-grenzgaengerstatus-besteuerung-des-arbeitslohns-im-privaten-sektor\/","title":{"rendered":"Kein Grenzg\u00e4ngerstatus im steuerrechtlichen Sinne: Besteuerung des Arbeitslohns im privaten Sektor\u00a0"},"content":{"rendered":"\n<div class=\"wp-block-frontaliers-grandest-plugin-frge-accordion-block\"><div class=\"accordion-top\"><h4 class=\"accordion-title\"><strong>Besteuerung des Arbeitslohns<\/strong><\/h4><svg viewBox=\"0 0 24 24\" stroke-width=\"1.5\" fill=\"none\" xmlns=\"http:\/\/www.w3.org\/2000\/svg\" class=\"accordion-top__icon\"><path d=\"M3 12L21 12M21 12L12.5 3.5M21 12L12.5 20.5\" stroke-width=\"1.5\" stroke-linecap=\"round\" stroke-linejoin=\"round\"><\/path><\/svg><\/div><div class=\"accordion-content\">\n<p>In Artikel 13 des Abkommens zur Vermeidung der Doppelbesteuerung wird festgelegt, welches Land f\u00fcr die Besteuerung zust\u00e4ndig ist:<\/p>\n\n\n\n<p>\u201e<em>Eink\u00fcnfte aus nichtselbstst\u00e4ndiger Arbeit k\u00f6nnen nur in dem Vertragsstaat besteuert werden, in dem die pers\u00f6nliche T\u00e4tigkeit, aus der die Eink\u00fcnfte herr\u00fchren, ausge\u00fcbt wird. Als Eink\u00fcnfte aus nichtselbstst\u00e4ndiger Arbeit gelten insbesondere Geh\u00e4lter, Besoldungen, L\u00f6hne, Gratifikationen oder sonstige Bez\u00fcge sowie alle \u00e4hnlichen Vorteile, die [\u2026] gezahlt oder gew\u00e4hrt werden<\/em>.\u201c<\/p>\n\n\n\n<p>Das mit diesem Artikel festgelegte Prinzip besagt Folgendes:&nbsp;<strong>Ein Besch\u00e4ftigter ist in dem Staat steuerpflichtig, in dem er seine Erwerbst\u00e4tigkeit aus\u00fcbt.<\/strong><\/p>\n\n\n\n<p>Beispiel: Ein in Paris wohnhafter Besch\u00e4ftigter, der ein Entgelt f\u00fcr seine T\u00e4tigkeit bei einem in Berlin ans\u00e4ssigen privaten Unternehmen erh\u00e4lt,\u00a0<strong>ist in Deutschland steuerpflichtig<\/strong>.<\/p>\n\n\n\n<p>Umgekehrt unterliegt ein in Lille t\u00e4tiger und in Deutschland ans\u00e4ssiger Arbeitnehmer\u00a0<strong>in Frankreich\u00a0<\/strong>als Nichtans\u00e4ssiger der Steuerpflicht<\/p>\n\n\n\n<p>Eine Ausnahme kann sich vor allem im Falle einer Entsendung ergeben.<strong>\u00a0Weitere Informationen hierzu finden Sie unter der Rubrik<\/strong>\u00a0\u201e<a href=\"https:\/\/frontaliers-grandest.eu\/de\/startseite\/arbeitgeber\/\" target=\"_blank\" rel=\"noreferrer noopener\">Arbeitgeber<\/a>\u201c.<\/p>\n<\/div><\/div>\n\n\n\n<div class=\"wp-block-frontaliers-grandest-plugin-frge-accordion-block\"><div class=\"accordion-top\"><h4 class=\"accordion-title\">Deklarationsmodalit\u00e4ten<\/h4><svg viewBox=\"0 0 24 24\" stroke-width=\"1.5\" fill=\"none\" xmlns=\"http:\/\/www.w3.org\/2000\/svg\" class=\"accordion-top__icon\"><path d=\"M3 12L21 12M21 12L12.5 3.5M21 12L12.5 20.5\" stroke-width=\"1.5\" stroke-linecap=\"round\" stroke-linejoin=\"round\"><\/path><\/svg><\/div><div class=\"accordion-content\">\n<p>Hier wird die Steuer in <strong>Deutschland<\/strong> gezahlt, die Eink\u00fcnfte m\u00fcssen jedoch <strong>in Frankreich<\/strong> als franz\u00f6sischer Steuerinl\u00e4nder erkl\u00e4rt werden.<br>Sie profitieren von einem <strong>Steuerguthaben in H\u00f6he der franz\u00f6sischen Steuer<\/strong>.<\/p>\n\n\n\n<p><strong>Anzugeben:<\/strong><br>Grenzg\u00e4nger tragen in den Formularen <strong>2042 und 2047<\/strong> den Betrag der <strong>privaten Arbeitsl\u00f6hne<\/strong> ein (Gesamtheit der Verg\u00fctungen, einschlie\u00dflich der <strong>Sachbez\u00fcge aus Deutschland<\/strong>, <strong>abz\u00fcglich der Sozialversicherungsbeitr\u00e4ge<\/strong>, jedoch <strong>ohne Abzug der deutschen Steuer<\/strong>).<\/p>\n\n\n\n<p><strong>Formular 2042: Feld AF (oder folgend) sowie Feld 8TK:<\/strong><\/p>\n\n\n\n<figure class=\"wp-block-image size-full\"><img loading=\"lazy\" decoding=\"async\" width=\"605\" height=\"52\" src=\"https:\/\/frontaliers-grandest.eu\/wp-content\/uploads\/2026\/02\/image.jpg\" alt=\"\" class=\"wp-image-57972\" srcset=\"https:\/\/frontaliers-grandest.eu\/wp-content\/uploads\/2026\/02\/image.jpg 605w, https:\/\/frontaliers-grandest.eu\/wp-content\/uploads\/2026\/02\/image-300x26.jpg 300w\" sizes=\"auto, (max-width: 605px) 100vw, 605px\" \/><\/figure>\n\n\n\n<figure class=\"wp-block-image size-full\"><img loading=\"lazy\" decoding=\"async\" width=\"605\" height=\"21\" src=\"https:\/\/frontaliers-grandest.eu\/wp-content\/uploads\/2026\/02\/image-2.jpg\" alt=\"\" class=\"wp-image-57975\" srcset=\"https:\/\/frontaliers-grandest.eu\/wp-content\/uploads\/2026\/02\/image-2.jpg 605w, https:\/\/frontaliers-grandest.eu\/wp-content\/uploads\/2026\/02\/image-2-300x10.jpg 300w\" sizes=\"auto, (max-width: 605px) 100vw, 605px\" \/><\/figure>\n\n\n\n<p><strong>Formular 2047 \u2013 Abschnitt 6: zur Eintragung der deutschen Arbeitsl\u00f6hne:<\/strong><\/p>\n\n\n\n<figure class=\"wp-block-image size-full\"><img loading=\"lazy\" decoding=\"async\" width=\"605\" height=\"158\" src=\"https:\/\/frontaliers-grandest.eu\/wp-content\/uploads\/2026\/02\/image-1.jpg\" alt=\"\" class=\"wp-image-57974\" srcset=\"https:\/\/frontaliers-grandest.eu\/wp-content\/uploads\/2026\/02\/image-1.jpg 605w, https:\/\/frontaliers-grandest.eu\/wp-content\/uploads\/2026\/02\/image-1-300x78.jpg 300w\" sizes=\"auto, (max-width: 605px) 100vw, 605px\" \/><\/figure>\n<\/div><\/div>\n","protected":false},"excerpt":{"rendered":"","protected":false},"author":32,"featured_media":0,"parent":57953,"menu_order":0,"comment_status":"closed","ping_status":"closed","template":"","meta":{"inline_featured_image":false,"footnotes":""},"tags":[],"frge_profile":[],"class_list":["post-57967","page","type-page","status-publish","hentry"],"yoast_head":"<!-- This site is optimized with the Yoast SEO plugin v27.1.1 - https:\/\/yoast.com\/product\/yoast-seo-wordpress\/ -->\n<title>Kein Grenzg\u00e4ngerstatus im steuerrechtlichen Sinne: Besteuerung des Arbeitslohns im privaten Sektor\u00a0 - Frontaliers Grand Est<\/title>\n<meta name=\"description\" content=\"Steuern ohne Grenzg\u00e4ngerstatus? Ihr Ratgeber zur Einkommensbesteuerung und den genauen Modalit\u00e4ten f\u00fcr eine korrekte Steuererkl\u00e4rung in Deutschland.\" \/>\n<meta name=\"robots\" content=\"index, follow, max-snippet:-1, max-image-preview:large, max-video-preview:-1\" \/>\n<link rel=\"canonical\" href=\"https:\/\/frontaliers-grandest.eu\/de\/startseite\/grenzganger\/frankreich-deutschland\/besteuerung\/besteuerung-der-arbeitnehmer-2\/kein-grenzgaengerstatus-besteuerung-des-arbeitslohns-im-privaten-sektor\/\" \/>\n<meta property=\"og:locale\" content=\"de_DE\" \/>\n<meta property=\"og:type\" content=\"article\" \/>\n<meta property=\"og:title\" content=\"Kein Grenzg\u00e4ngerstatus im steuerrechtlichen Sinne: Besteuerung des Arbeitslohns im privaten Sektor\u00a0 - Frontaliers Grand Est\" \/>\n<meta property=\"og:description\" content=\"Steuern ohne Grenzg\u00e4ngerstatus? Ihr Ratgeber zur Einkommensbesteuerung und den genauen Modalit\u00e4ten f\u00fcr eine korrekte Steuererkl\u00e4rung in Deutschland.\" \/>\n<meta property=\"og:url\" content=\"https:\/\/frontaliers-grandest.eu\/de\/startseite\/grenzganger\/frankreich-deutschland\/besteuerung\/besteuerung-der-arbeitnehmer-2\/kein-grenzgaengerstatus-besteuerung-des-arbeitslohns-im-privaten-sektor\/\" \/>\n<meta property=\"og:site_name\" content=\"Frontaliers Grand Est\" \/>\n<meta property=\"article:publisher\" content=\"https:\/\/www.facebook.com\/frontaliers.GR.EST\/?locale=fr_FR\" \/>\n<meta property=\"article:modified_time\" content=\"2026-03-11T09:53:38+00:00\" \/>\n<meta property=\"og:image\" content=\"https:\/\/frontaliers-grandest.eu\/wp-content\/uploads\/2026\/02\/image.jpg\" \/>\n\t<meta property=\"og:image:width\" content=\"605\" \/>\n\t<meta property=\"og:image:height\" content=\"52\" \/>\n\t<meta property=\"og:image:type\" content=\"image\/jpeg\" \/>\n<meta name=\"twitter:card\" content=\"summary_large_image\" \/>\n<meta name=\"twitter:label1\" content=\"Gesch\u00e4tzte Lesezeit\" \/>\n\t<meta name=\"twitter:data1\" content=\"2\u00a0Minuten\" \/>\n<script type=\"application\/ld+json\" class=\"yoast-schema-graph\">{\"@context\":\"https:\/\/schema.org\",\"@graph\":[{\"@type\":\"WebPage\",\"@id\":\"https:\/\/frontaliers-grandest.eu\/de\/startseite\/grenzganger\/frankreich-deutschland\/besteuerung\/besteuerung-der-arbeitnehmer-2\/kein-grenzgaengerstatus-besteuerung-des-arbeitslohns-im-privaten-sektor\/\",\"url\":\"https:\/\/frontaliers-grandest.eu\/de\/startseite\/grenzganger\/frankreich-deutschland\/besteuerung\/besteuerung-der-arbeitnehmer-2\/kein-grenzgaengerstatus-besteuerung-des-arbeitslohns-im-privaten-sektor\/\",\"name\":\"Kein Grenzg\u00e4ngerstatus im steuerrechtlichen Sinne: Besteuerung des Arbeitslohns im privaten Sektor\u00a0 - Frontaliers Grand Est\",\"isPartOf\":{\"@id\":\"https:\/\/frontaliers-grandest.eu\/de\/#website\"},\"primaryImageOfPage\":{\"@id\":\"https:\/\/frontaliers-grandest.eu\/de\/startseite\/grenzganger\/frankreich-deutschland\/besteuerung\/besteuerung-der-arbeitnehmer-2\/kein-grenzgaengerstatus-besteuerung-des-arbeitslohns-im-privaten-sektor\/#primaryimage\"},\"image\":{\"@id\":\"https:\/\/frontaliers-grandest.eu\/de\/startseite\/grenzganger\/frankreich-deutschland\/besteuerung\/besteuerung-der-arbeitnehmer-2\/kein-grenzgaengerstatus-besteuerung-des-arbeitslohns-im-privaten-sektor\/#primaryimage\"},\"thumbnailUrl\":\"https:\/\/frontaliers-grandest.eu\/wp-content\/uploads\/2026\/02\/image.jpg\",\"datePublished\":\"2026-02-26T10:57:01+00:00\",\"dateModified\":\"2026-03-11T09:53:38+00:00\",\"description\":\"Steuern ohne Grenzg\u00e4ngerstatus? Ihr Ratgeber zur Einkommensbesteuerung und den genauen Modalit\u00e4ten f\u00fcr eine korrekte Steuererkl\u00e4rung in Deutschland.\",\"breadcrumb\":{\"@id\":\"https:\/\/frontaliers-grandest.eu\/de\/startseite\/grenzganger\/frankreich-deutschland\/besteuerung\/besteuerung-der-arbeitnehmer-2\/kein-grenzgaengerstatus-besteuerung-des-arbeitslohns-im-privaten-sektor\/#breadcrumb\"},\"inLanguage\":\"de\",\"potentialAction\":[{\"@type\":\"ReadAction\",\"target\":[\"https:\/\/frontaliers-grandest.eu\/de\/startseite\/grenzganger\/frankreich-deutschland\/besteuerung\/besteuerung-der-arbeitnehmer-2\/kein-grenzgaengerstatus-besteuerung-des-arbeitslohns-im-privaten-sektor\/\"]}]},{\"@type\":\"ImageObject\",\"inLanguage\":\"de\",\"@id\":\"https:\/\/frontaliers-grandest.eu\/de\/startseite\/grenzganger\/frankreich-deutschland\/besteuerung\/besteuerung-der-arbeitnehmer-2\/kein-grenzgaengerstatus-besteuerung-des-arbeitslohns-im-privaten-sektor\/#primaryimage\",\"url\":\"https:\/\/frontaliers-grandest.eu\/wp-content\/uploads\/2026\/02\/image.jpg\",\"contentUrl\":\"https:\/\/frontaliers-grandest.eu\/wp-content\/uploads\/2026\/02\/image.jpg\"},{\"@type\":\"BreadcrumbList\",\"@id\":\"https:\/\/frontaliers-grandest.eu\/de\/startseite\/grenzganger\/frankreich-deutschland\/besteuerung\/besteuerung-der-arbeitnehmer-2\/kein-grenzgaengerstatus-besteuerung-des-arbeitslohns-im-privaten-sektor\/#breadcrumb\",\"itemListElement\":[{\"@type\":\"ListItem\",\"position\":1,\"name\":\"Startseite\",\"item\":\"https:\/\/frontaliers-grandest.eu\/de\/\"},{\"@type\":\"ListItem\",\"position\":2,\"name\":\"Grenzg\u00e4nger\",\"item\":\"https:\/\/frontaliers-grandest.eu\/de\/startseite\/grenzganger\/\"},{\"@type\":\"ListItem\",\"position\":3,\"name\":\"Frankreich - Deutschland\",\"item\":\"https:\/\/frontaliers-grandest.eu\/de\/startseite\/grenzganger\/frankreich-deutschland\/\"},{\"@type\":\"ListItem\",\"position\":4,\"name\":\"Besteuerung in Deutschland\",\"item\":\"https:\/\/frontaliers-grandest.eu\/de\/startseite\/grenzganger\/frankreich-deutschland\/besteuerung\/\"},{\"@type\":\"ListItem\",\"position\":5,\"name\":\"Besteuerung der Arbeitnehmer\",\"item\":\"https:\/\/frontaliers-grandest.eu\/de\/startseite\/grenzganger\/frankreich-deutschland\/besteuerung\/besteuerung-der-arbeitnehmer-2\/\"},{\"@type\":\"ListItem\",\"position\":6,\"name\":\"Kein Grenzg\u00e4ngerstatus im steuerrechtlichen Sinne: Besteuerung des Arbeitslohns im privaten Sektor\u00a0\"}]},{\"@type\":\"WebSite\",\"@id\":\"https:\/\/frontaliers-grandest.eu\/de\/#website\",\"url\":\"https:\/\/frontaliers-grandest.eu\/de\/\",\"name\":\"Frontaliers Grand Est\",\"description\":\"Le site ressource du travail frontalier\",\"publisher\":{\"@id\":\"https:\/\/frontaliers-grandest.eu\/de\/#organization\"},\"alternateName\":\"Frontaliers Grand Est\",\"potentialAction\":[{\"@type\":\"SearchAction\",\"target\":{\"@type\":\"EntryPoint\",\"urlTemplate\":\"https:\/\/frontaliers-grandest.eu\/de\/?s={search_term_string}\"},\"query-input\":{\"@type\":\"PropertyValueSpecification\",\"valueRequired\":true,\"valueName\":\"search_term_string\"}}],\"inLanguage\":\"de\"},{\"@type\":\"Organization\",\"@id\":\"https:\/\/frontaliers-grandest.eu\/de\/#organization\",\"name\":\"Frontaliers Grand Est\",\"alternateName\":\"Frontaliers Grand Est\",\"url\":\"https:\/\/frontaliers-grandest.eu\/de\/\",\"logo\":{\"@type\":\"ImageObject\",\"inLanguage\":\"de\",\"@id\":\"https:\/\/frontaliers-grandest.eu\/de\/#\/schema\/logo\/image\/\",\"url\":\"https:\/\/frontaliers-grandest.eu\/wp-content\/uploads\/2025\/07\/260328234_2966785176920310_3332838526503858160_n.jpg\",\"contentUrl\":\"https:\/\/frontaliers-grandest.eu\/wp-content\/uploads\/2025\/07\/260328234_2966785176920310_3332838526503858160_n.jpg\",\"width\":396,\"height\":396,\"caption\":\"Frontaliers Grand Est\"},\"image\":{\"@id\":\"https:\/\/frontaliers-grandest.eu\/de\/#\/schema\/logo\/image\/\"},\"sameAs\":[\"https:\/\/www.facebook.com\/frontaliers.GR.EST\/?locale=fr_FR\"]}]}<\/script>\n<!-- \/ Yoast SEO plugin. -->","yoast_head_json":{"title":"Kein Grenzg\u00e4ngerstatus im steuerrechtlichen Sinne: Besteuerung des Arbeitslohns im privaten Sektor\u00a0 - Frontaliers Grand Est","description":"Steuern ohne Grenzg\u00e4ngerstatus? Ihr Ratgeber zur Einkommensbesteuerung und den genauen Modalit\u00e4ten f\u00fcr eine korrekte Steuererkl\u00e4rung in Deutschland.","robots":{"index":"index","follow":"follow","max-snippet":"max-snippet:-1","max-image-preview":"max-image-preview:large","max-video-preview":"max-video-preview:-1"},"canonical":"https:\/\/frontaliers-grandest.eu\/de\/startseite\/grenzganger\/frankreich-deutschland\/besteuerung\/besteuerung-der-arbeitnehmer-2\/kein-grenzgaengerstatus-besteuerung-des-arbeitslohns-im-privaten-sektor\/","og_locale":"de_DE","og_type":"article","og_title":"Kein Grenzg\u00e4ngerstatus im steuerrechtlichen Sinne: Besteuerung des Arbeitslohns im privaten Sektor\u00a0 - Frontaliers Grand Est","og_description":"Steuern ohne Grenzg\u00e4ngerstatus? Ihr Ratgeber zur Einkommensbesteuerung und den genauen Modalit\u00e4ten f\u00fcr eine korrekte Steuererkl\u00e4rung in Deutschland.","og_url":"https:\/\/frontaliers-grandest.eu\/de\/startseite\/grenzganger\/frankreich-deutschland\/besteuerung\/besteuerung-der-arbeitnehmer-2\/kein-grenzgaengerstatus-besteuerung-des-arbeitslohns-im-privaten-sektor\/","og_site_name":"Frontaliers Grand Est","article_publisher":"https:\/\/www.facebook.com\/frontaliers.GR.EST\/?locale=fr_FR","article_modified_time":"2026-03-11T09:53:38+00:00","og_image":[{"width":605,"height":52,"url":"https:\/\/frontaliers-grandest.eu\/wp-content\/uploads\/2026\/02\/image.jpg","type":"image\/jpeg"}],"twitter_card":"summary_large_image","twitter_misc":{"Gesch\u00e4tzte Lesezeit":"2\u00a0Minuten"},"schema":{"@context":"https:\/\/schema.org","@graph":[{"@type":"WebPage","@id":"https:\/\/frontaliers-grandest.eu\/de\/startseite\/grenzganger\/frankreich-deutschland\/besteuerung\/besteuerung-der-arbeitnehmer-2\/kein-grenzgaengerstatus-besteuerung-des-arbeitslohns-im-privaten-sektor\/","url":"https:\/\/frontaliers-grandest.eu\/de\/startseite\/grenzganger\/frankreich-deutschland\/besteuerung\/besteuerung-der-arbeitnehmer-2\/kein-grenzgaengerstatus-besteuerung-des-arbeitslohns-im-privaten-sektor\/","name":"Kein Grenzg\u00e4ngerstatus im steuerrechtlichen Sinne: Besteuerung des Arbeitslohns im privaten Sektor\u00a0 - Frontaliers Grand Est","isPartOf":{"@id":"https:\/\/frontaliers-grandest.eu\/de\/#website"},"primaryImageOfPage":{"@id":"https:\/\/frontaliers-grandest.eu\/de\/startseite\/grenzganger\/frankreich-deutschland\/besteuerung\/besteuerung-der-arbeitnehmer-2\/kein-grenzgaengerstatus-besteuerung-des-arbeitslohns-im-privaten-sektor\/#primaryimage"},"image":{"@id":"https:\/\/frontaliers-grandest.eu\/de\/startseite\/grenzganger\/frankreich-deutschland\/besteuerung\/besteuerung-der-arbeitnehmer-2\/kein-grenzgaengerstatus-besteuerung-des-arbeitslohns-im-privaten-sektor\/#primaryimage"},"thumbnailUrl":"https:\/\/frontaliers-grandest.eu\/wp-content\/uploads\/2026\/02\/image.jpg","datePublished":"2026-02-26T10:57:01+00:00","dateModified":"2026-03-11T09:53:38+00:00","description":"Steuern ohne Grenzg\u00e4ngerstatus? Ihr Ratgeber zur Einkommensbesteuerung und den genauen Modalit\u00e4ten f\u00fcr eine korrekte Steuererkl\u00e4rung in Deutschland.","breadcrumb":{"@id":"https:\/\/frontaliers-grandest.eu\/de\/startseite\/grenzganger\/frankreich-deutschland\/besteuerung\/besteuerung-der-arbeitnehmer-2\/kein-grenzgaengerstatus-besteuerung-des-arbeitslohns-im-privaten-sektor\/#breadcrumb"},"inLanguage":"de","potentialAction":[{"@type":"ReadAction","target":["https:\/\/frontaliers-grandest.eu\/de\/startseite\/grenzganger\/frankreich-deutschland\/besteuerung\/besteuerung-der-arbeitnehmer-2\/kein-grenzgaengerstatus-besteuerung-des-arbeitslohns-im-privaten-sektor\/"]}]},{"@type":"ImageObject","inLanguage":"de","@id":"https:\/\/frontaliers-grandest.eu\/de\/startseite\/grenzganger\/frankreich-deutschland\/besteuerung\/besteuerung-der-arbeitnehmer-2\/kein-grenzgaengerstatus-besteuerung-des-arbeitslohns-im-privaten-sektor\/#primaryimage","url":"https:\/\/frontaliers-grandest.eu\/wp-content\/uploads\/2026\/02\/image.jpg","contentUrl":"https:\/\/frontaliers-grandest.eu\/wp-content\/uploads\/2026\/02\/image.jpg"},{"@type":"BreadcrumbList","@id":"https:\/\/frontaliers-grandest.eu\/de\/startseite\/grenzganger\/frankreich-deutschland\/besteuerung\/besteuerung-der-arbeitnehmer-2\/kein-grenzgaengerstatus-besteuerung-des-arbeitslohns-im-privaten-sektor\/#breadcrumb","itemListElement":[{"@type":"ListItem","position":1,"name":"Startseite","item":"https:\/\/frontaliers-grandest.eu\/de\/"},{"@type":"ListItem","position":2,"name":"Grenzg\u00e4nger","item":"https:\/\/frontaliers-grandest.eu\/de\/startseite\/grenzganger\/"},{"@type":"ListItem","position":3,"name":"Frankreich - Deutschland","item":"https:\/\/frontaliers-grandest.eu\/de\/startseite\/grenzganger\/frankreich-deutschland\/"},{"@type":"ListItem","position":4,"name":"Besteuerung in Deutschland","item":"https:\/\/frontaliers-grandest.eu\/de\/startseite\/grenzganger\/frankreich-deutschland\/besteuerung\/"},{"@type":"ListItem","position":5,"name":"Besteuerung der Arbeitnehmer","item":"https:\/\/frontaliers-grandest.eu\/de\/startseite\/grenzganger\/frankreich-deutschland\/besteuerung\/besteuerung-der-arbeitnehmer-2\/"},{"@type":"ListItem","position":6,"name":"Kein Grenzg\u00e4ngerstatus im steuerrechtlichen Sinne: Besteuerung des Arbeitslohns im privaten Sektor\u00a0"}]},{"@type":"WebSite","@id":"https:\/\/frontaliers-grandest.eu\/de\/#website","url":"https:\/\/frontaliers-grandest.eu\/de\/","name":"Frontaliers Grand Est","description":"Le site ressource du travail frontalier","publisher":{"@id":"https:\/\/frontaliers-grandest.eu\/de\/#organization"},"alternateName":"Frontaliers Grand Est","potentialAction":[{"@type":"SearchAction","target":{"@type":"EntryPoint","urlTemplate":"https:\/\/frontaliers-grandest.eu\/de\/?s={search_term_string}"},"query-input":{"@type":"PropertyValueSpecification","valueRequired":true,"valueName":"search_term_string"}}],"inLanguage":"de"},{"@type":"Organization","@id":"https:\/\/frontaliers-grandest.eu\/de\/#organization","name":"Frontaliers Grand Est","alternateName":"Frontaliers Grand Est","url":"https:\/\/frontaliers-grandest.eu\/de\/","logo":{"@type":"ImageObject","inLanguage":"de","@id":"https:\/\/frontaliers-grandest.eu\/de\/#\/schema\/logo\/image\/","url":"https:\/\/frontaliers-grandest.eu\/wp-content\/uploads\/2025\/07\/260328234_2966785176920310_3332838526503858160_n.jpg","contentUrl":"https:\/\/frontaliers-grandest.eu\/wp-content\/uploads\/2025\/07\/260328234_2966785176920310_3332838526503858160_n.jpg","width":396,"height":396,"caption":"Frontaliers Grand Est"},"image":{"@id":"https:\/\/frontaliers-grandest.eu\/de\/#\/schema\/logo\/image\/"},"sameAs":["https:\/\/www.facebook.com\/frontaliers.GR.EST\/?locale=fr_FR"]}]}},"frge_page_order":"0","_links":{"self":[{"href":"https:\/\/frontaliers-grandest.eu\/de\/wp-json\/wp\/v2\/pages\/57967","targetHints":{"allow":["GET"]}}],"collection":[{"href":"https:\/\/frontaliers-grandest.eu\/de\/wp-json\/wp\/v2\/pages"}],"about":[{"href":"https:\/\/frontaliers-grandest.eu\/de\/wp-json\/wp\/v2\/types\/page"}],"author":[{"embeddable":true,"href":"https:\/\/frontaliers-grandest.eu\/de\/wp-json\/wp\/v2\/users\/32"}],"replies":[{"embeddable":true,"href":"https:\/\/frontaliers-grandest.eu\/de\/wp-json\/wp\/v2\/comments?post=57967"}],"version-history":[{"count":2,"href":"https:\/\/frontaliers-grandest.eu\/de\/wp-json\/wp\/v2\/pages\/57967\/revisions"}],"predecessor-version":[{"id":57978,"href":"https:\/\/frontaliers-grandest.eu\/de\/wp-json\/wp\/v2\/pages\/57967\/revisions\/57978"}],"up":[{"embeddable":true,"href":"https:\/\/frontaliers-grandest.eu\/de\/wp-json\/wp\/v2\/pages\/57953"}],"wp:attachment":[{"href":"https:\/\/frontaliers-grandest.eu\/de\/wp-json\/wp\/v2\/media?parent=57967"}],"wp:term":[{"taxonomy":"post_tag","embeddable":true,"href":"https:\/\/frontaliers-grandest.eu\/de\/wp-json\/wp\/v2\/tags?post=57967"},{"taxonomy":"frge_profile","embeddable":true,"href":"https:\/\/frontaliers-grandest.eu\/de\/wp-json\/wp\/v2\/frge_profile?post=57967"}],"curies":[{"name":"wp","href":"https:\/\/api.w.org\/{rel}","templated":true}]}}