{"id":45886,"date":"2026-04-08T11:56:04","date_gmt":"2026-04-08T09:56:04","guid":{"rendered":"https:\/\/frontaliers-grandest.eu\/startseite\/transporte\/transport-suisse\/"},"modified":"2025-10-29T11:55:31","modified_gmt":"2025-10-29T10:55:31","slug":"schweiz","status":"publish","type":"page","link":"https:\/\/frontaliers-grandest.eu\/de\/startseite\/transporte\/schweiz\/","title":{"rendered":"Schweiz"},"content":{"rendered":"\n<div class=\"wp-block-frontaliers-grandest-plugin-frge-accordion-block\"><div class=\"accordion-top\"><h4 class=\"accordion-title\">\u00d6ffentliche Verkehrsmittel nach Basel<\/h4><svg viewBox=\"0 0 24 24\" stroke-width=\"1.5\" fill=\"none\" xmlns=\"http:\/\/www.w3.org\/2000\/svg\" class=\"accordion-top__icon\"><path d=\"M3 12L21 12M21 12L12.5 3.5M21 12L12.5 20.5\" stroke-width=\"1.5\" stroke-linecap=\"round\" stroke-linejoin=\"round\"><\/path><\/svg><\/div><div class=\"accordion-content\">\n<p class=\"has-small-medium-font-size\"><strong>Buslinien im Gro\u00dfraum Saint-Louis<\/strong><\/p>\n\n\n\n<p><br><strong>Bus 603: Village-Neuf &#8211; Huningue-Fronti\u00e8re &#8211; B\u00e2le<br><\/strong>Ein Bus alle 30 Minuten oder alle Stunden. Erste Abfahrt um 5:50, letzte R\u00fcckkehr um 20:30.<strong><br><br><\/strong><a href=\"http:\/\/www.distribus.com\/sites\/default\/files\/medias\/files\/2022-07\/distribus-fiche-l603-200622.pdf\">http:\/\/www.distribus.com\/sites\/default\/files\/medias\/files\/2022-07\/distribus-fiche-l603-20062<\/a><a href=\"http:\/\/www.distribus.com\/sites\/default\/files\/medias\/files\/2023-07\/distribus-fiche-l603-120723.pdf\">2.pdf<\/a><\/p>\n\n\n\n<p><br><strong>Bus 604: Saint-Louis Professeur Coste- Saint-Louis Bahnhof &#8211; Grenze &#8211; Basel Schiffl\u00e4nde<br><\/strong>Erste Abfahrt um 5.35 Uhr vom Bahnhof Saint-Louis. Bus alle 15 Minuten. Letzte R\u00fcckfahrt von Basel Schiffl\u00e4nde um 00.30 Uhr.<br><br><a href=\"http:\/\/www.distribus.com\/sites\/default\/files\/medias\/files\/2022-07\/distribus-fiche-l604-200622.pdf\">http:\/\/www.distribus.com\/sites\/default\/files\/medias\/files\/2022-07\/distribus-fiche-l604-200622.<\/a><a href=\"http:\/\/www.distribus.com\/sites\/default\/files\/medias\/files\/2023-07\/distribus-fiche-l604-050723.pdf\">pdf<\/a><\/p>\n\n\n\n<p><br><strong>Bus 608 : Sierentz zone commerciale &#8211; H\u00e9singue &#8211; B\u00e2le<br><\/strong>Erste Abfahrt um 5.34 Uhr von Sierentz Gewerbegebiet, letzte R\u00fcckfahrt von Basel Bachgraben um 19.16 Uhr.<br><br><a href=\"http:\/\/www.distribus.com\/sites\/default\/files\/medias\/files\/2022-07\/distribus-fiche-l608-160622.pdf\">http:\/\/www.distribus.com\/sites\/default\/files\/medias\/files\/2022-07\/distribus-fiche-l608-160622.pd<\/a><a href=\"http:\/\/www.distribus.com\/sites\/default\/files\/medias\/files\/2023-10\/distribus-fiche-l608-251023_0.pdf\">f<\/a><\/p>\n\n\n\n<p><br><strong>Tram 3&nbsp;: Gare de Saint-Louis &#8211; Universit\u00e9 &#8211; Birsfelden Hard (B\u00e2le)<\/strong><br><br>Ab Saint-Louis: 4 Stra\u00dfenbahnen pro Stunde in der Woche zwischen 6.00 und 20.00 Uhr. Ab Basel: 1 von 2 Stra\u00dfenbahnen f\u00e4hrt bis zum Bahnhof Saint-Louis.<br><br><a href=\"https:\/\/www.distribus.com\/sites\/default\/files\/medias\/files\/2023-07\/distribus-fiche-t3-110723.pdf\">https:\/\/www.bvb.ch\/wp-content\/bvb\/Dokumente\/Fahrplaene\/Haltestellen\/\/2023\/03Linie%2003\/ah_01003A_FPV23_rueck_F_GS02.pdf<\/a><br><br><strong>Tarife:<br><\/strong><br>Es gibt zwei Arten von Tarifen:<br><br><\/p>\n\n\n\n<figure class=\"wp-block-table\"><table><tbody><tr><td><strong>Tarif Distribus<\/strong>&nbsp;<br>Einzelfahrschein: 1,70 \u20ac<br>Monatsabonnement: 33 \u20ac pro Monat<br>Jahresabonnement: 330 \u20ac<br><br>Mit Bustransfer auf franz\u00f6sischem Staatsgebiet<\/td><td><br><strong>Tarif TNW<\/strong>: Ticket 2 Zonen (Distribus + Zone 10)<br><br>Abonnement: 91 \u20ac\/Monat<br><br>Mit Umstieg auf alle Verkehrstr\u00e4ger (Bus, Stra\u00dfenbahn, Zug)<br><br><\/td><\/tr><\/tbody><\/table><\/figure>\n\n\n\n<p>Kontakt:<br>Allo Distribus: 03 89 69 73 65<\/p>\n\n\n\n<p><a href=\"http:\/\/www.distribus.com\/\">http:\/\/www.distribus.com\/<\/a><\/p>\n<\/div><\/div>\n\n\n\n<div class=\"wp-block-frontaliers-grandest-plugin-frge-accordion-block\"><div class=\"accordion-top\"><h4 class=\"accordion-title\">Parkplatz P+R Bahnhof St. Louis<\/h4><svg viewBox=\"0 0 24 24\" stroke-width=\"1.5\" fill=\"none\" xmlns=\"http:\/\/www.w3.org\/2000\/svg\" class=\"accordion-top__icon\"><path d=\"M3 12L21 12M21 12L12.5 3.5M21 12L12.5 20.5\" stroke-width=\"1.5\" stroke-linecap=\"round\" stroke-linejoin=\"round\"><\/path><\/svg><\/div><div class=\"accordion-content\">\n<p><br>Das Hotel liegt an der Ausfahrt von der Autobahn A35, in der N\u00e4he des SNCF-Bahnhofs, der Endstation der Stra\u00dfenbahn 3 und der Buslinien des Distribus-Netzes.<br><br><strong>738 Stellpl\u00e4tze<\/strong> inkl. 10 Ladestationen f\u00fcr Elektrofahrzeuge.<br><br><br><strong>Kostenlose Parkpl\u00e4tze<\/strong> f\u00fcr die ersten 14 aufeinanderfolgenden Stunden.<br>Ab der 15. Stunde wird die zus\u00e4tzliche Viertelstunde 0,50 \u20ac und die zus\u00e4tzliche Stunde 2 \u20ac berechnet.<\/p>\n\n\n\n<p><br><br><\/p>\n<\/div><\/div>\n\n\n\n<div class=\"wp-block-frontaliers-grandest-plugin-frge-accordion-block\"><div class=\"accordion-top\"><h4 class=\"accordion-title\">Mitfahrgelegenheit<\/h4><svg viewBox=\"0 0 24 24\" stroke-width=\"1.5\" fill=\"none\" xmlns=\"http:\/\/www.w3.org\/2000\/svg\" class=\"accordion-top__icon\"><path d=\"M3 12L21 12M21 12L12.5 3.5M21 12L12.5 20.5\" stroke-width=\"1.5\" stroke-linecap=\"round\" stroke-linejoin=\"round\"><\/path><\/svg><\/div><div class=\"accordion-content\">\n<p>In der N\u00e4he von Sierentz wurden zwei Fahrgemeinschaften eingerichtet. Sie sind gut gelegen f\u00fcr die Anwohner, die nach St. Louis und Basel reisen:<\/p>\n\n\n\n<p><\/p>\n\n\n\n<ul class=\"wp-block-list\">\n<li>S\u00fcdlich von Sierentz, auf dem <strong>Parkplatz des LIDL-Gesch\u00e4fts<\/strong> entlang der RD 201, wo einige Pl\u00e4tze f\u00fcr Mitfahrgelegenheiten reserviert sind.<\/li>\n<\/ul>\n\n\n\n<p><\/p>\n\n\n\n<ul class=\"wp-block-list\">\n<li>In unmittelbarer N\u00e4he der <strong>A35\/RD 19 Bis<\/strong> Anschlussstelle in Sierentz. <strong>41-er Mitfahrplatz<\/strong>.<\/li>\n<\/ul>\n<\/div><\/div>\n","protected":false},"excerpt":{"rendered":"","protected":false},"author":7,"featured_media":36337,"parent":45742,"menu_order":4,"comment_status":"closed","ping_status":"closed","template":"page-transport.php","meta":{"inline_featured_image":false,"footnotes":""},"tags":[],"frge_profile":[],"class_list":["post-45886","page","type-page","status-publish","has-post-thumbnail","hentry"],"yoast_head":"<!-- This site is optimized with the Yoast SEO plugin v27.1.1 - https:\/\/yoast.com\/product\/yoast-seo-wordpress\/ -->\n<title>\u00d6ffentliche Verkehrsmittel, Parken und Mitfahrgelegenheiten in der Schweiz<\/title>\n<meta name=\"description\" content=\"Finden Sie die Informationen zum Transport f\u00fcr Grenzg\u00e4nger, die in der Schweiz arbeiten oder studieren.\" \/>\n<meta name=\"robots\" content=\"index, follow, max-snippet:-1, max-image-preview:large, max-video-preview:-1\" \/>\n<link rel=\"canonical\" href=\"https:\/\/frontaliers-grandest.eu\/de\/startseite\/transporte\/schweiz\/\" \/>\n<meta property=\"og:locale\" content=\"de_DE\" \/>\n<meta property=\"og:type\" content=\"article\" \/>\n<meta property=\"og:title\" content=\"\u00d6ffentliche Verkehrsmittel, Parken und Mitfahrgelegenheiten in der Schweiz\" \/>\n<meta property=\"og:description\" content=\"Finden Sie die Informationen zum Transport f\u00fcr Grenzg\u00e4nger, die in der Schweiz arbeiten oder studieren.\" \/>\n<meta property=\"og:url\" content=\"https:\/\/frontaliers-grandest.eu\/de\/startseite\/transporte\/schweiz\/\" \/>\n<meta property=\"og:site_name\" content=\"Frontaliers Grand Est\" \/>\n<meta property=\"article:publisher\" content=\"https:\/\/www.facebook.com\/frontaliers.GR.EST\/?locale=fr_FR\" \/>\n<meta property=\"og:image\" content=\"https:\/\/frontaliers-grandest.eu\/wp-content\/uploads\/2024\/05\/alessandro-prato-HNip-HjxrpQ-unsplash.jpg\" \/>\n\t<meta property=\"og:image:width\" content=\"1920\" \/>\n\t<meta property=\"og:image:height\" content=\"1491\" \/>\n\t<meta property=\"og:image:type\" content=\"image\/jpeg\" \/>\n<meta name=\"twitter:card\" content=\"summary_large_image\" \/>\n<meta name=\"twitter:label1\" content=\"Gesch\u00e4tzte Lesezeit\" \/>\n\t<meta name=\"twitter:data1\" content=\"2\u00a0Minuten\" \/>\n<script type=\"application\/ld+json\" class=\"yoast-schema-graph\">{\"@context\":\"https:\/\/schema.org\",\"@graph\":[{\"@type\":\"WebPage\",\"@id\":\"https:\/\/frontaliers-grandest.eu\/de\/startseite\/transporte\/schweiz\/\",\"url\":\"https:\/\/frontaliers-grandest.eu\/de\/startseite\/transporte\/schweiz\/\",\"name\":\"\u00d6ffentliche Verkehrsmittel, Parken und Mitfahrgelegenheiten in der Schweiz\",\"isPartOf\":{\"@id\":\"https:\/\/frontaliers-grandest.eu\/de\/#website\"},\"primaryImageOfPage\":{\"@id\":\"https:\/\/frontaliers-grandest.eu\/de\/startseite\/transporte\/schweiz\/#primaryimage\"},\"image\":{\"@id\":\"https:\/\/frontaliers-grandest.eu\/de\/startseite\/transporte\/schweiz\/#primaryimage\"},\"thumbnailUrl\":\"https:\/\/frontaliers-grandest.eu\/wp-content\/uploads\/2024\/05\/alessandro-prato-HNip-HjxrpQ-unsplash.jpg\",\"datePublished\":\"2026-04-08T09:56:04+00:00\",\"description\":\"Finden Sie die Informationen zum Transport f\u00fcr Grenzg\u00e4nger, die in der Schweiz arbeiten oder studieren.\",\"breadcrumb\":{\"@id\":\"https:\/\/frontaliers-grandest.eu\/de\/startseite\/transporte\/schweiz\/#breadcrumb\"},\"inLanguage\":\"de\",\"potentialAction\":[{\"@type\":\"ReadAction\",\"target\":[\"https:\/\/frontaliers-grandest.eu\/de\/startseite\/transporte\/schweiz\/\"]}]},{\"@type\":\"ImageObject\",\"inLanguage\":\"de\",\"@id\":\"https:\/\/frontaliers-grandest.eu\/de\/startseite\/transporte\/schweiz\/#primaryimage\",\"url\":\"https:\/\/frontaliers-grandest.eu\/wp-content\/uploads\/2024\/05\/alessandro-prato-HNip-HjxrpQ-unsplash.jpg\",\"contentUrl\":\"https:\/\/frontaliers-grandest.eu\/wp-content\/uploads\/2024\/05\/alessandro-prato-HNip-HjxrpQ-unsplash.jpg\",\"width\":1920,\"height\":1491},{\"@type\":\"BreadcrumbList\",\"@id\":\"https:\/\/frontaliers-grandest.eu\/de\/startseite\/transporte\/schweiz\/#breadcrumb\",\"itemListElement\":[{\"@type\":\"ListItem\",\"position\":1,\"name\":\"Startseite\",\"item\":\"https:\/\/frontaliers-grandest.eu\/de\/\"},{\"@type\":\"ListItem\",\"position\":2,\"name\":\"Transporte\",\"item\":\"https:\/\/frontaliers-grandest.eu\/de\/startseite\/transporte\/\"},{\"@type\":\"ListItem\",\"position\":3,\"name\":\"Schweiz\"}]},{\"@type\":\"WebSite\",\"@id\":\"https:\/\/frontaliers-grandest.eu\/de\/#website\",\"url\":\"https:\/\/frontaliers-grandest.eu\/de\/\",\"name\":\"Frontaliers Grand Est\",\"description\":\"Le site ressource du travail frontalier\",\"publisher\":{\"@id\":\"https:\/\/frontaliers-grandest.eu\/de\/#organization\"},\"alternateName\":\"Frontaliers Grand Est\",\"potentialAction\":[{\"@type\":\"SearchAction\",\"target\":{\"@type\":\"EntryPoint\",\"urlTemplate\":\"https:\/\/frontaliers-grandest.eu\/de\/?s={search_term_string}\"},\"query-input\":{\"@type\":\"PropertyValueSpecification\",\"valueRequired\":true,\"valueName\":\"search_term_string\"}}],\"inLanguage\":\"de\"},{\"@type\":\"Organization\",\"@id\":\"https:\/\/frontaliers-grandest.eu\/de\/#organization\",\"name\":\"Frontaliers Grand Est\",\"alternateName\":\"Frontaliers Grand Est\",\"url\":\"https:\/\/frontaliers-grandest.eu\/de\/\",\"logo\":{\"@type\":\"ImageObject\",\"inLanguage\":\"de\",\"@id\":\"https:\/\/frontaliers-grandest.eu\/de\/#\/schema\/logo\/image\/\",\"url\":\"https:\/\/frontaliers-grandest.eu\/wp-content\/uploads\/2025\/07\/260328234_2966785176920310_3332838526503858160_n.jpg\",\"contentUrl\":\"https:\/\/frontaliers-grandest.eu\/wp-content\/uploads\/2025\/07\/260328234_2966785176920310_3332838526503858160_n.jpg\",\"width\":396,\"height\":396,\"caption\":\"Frontaliers Grand Est\"},\"image\":{\"@id\":\"https:\/\/frontaliers-grandest.eu\/de\/#\/schema\/logo\/image\/\"},\"sameAs\":[\"https:\/\/www.facebook.com\/frontaliers.GR.EST\/?locale=fr_FR\"]}]}<\/script>\n<!-- \/ Yoast SEO plugin. -->","yoast_head_json":{"title":"\u00d6ffentliche Verkehrsmittel, Parken und Mitfahrgelegenheiten in der Schweiz","description":"Finden Sie die Informationen zum Transport f\u00fcr Grenzg\u00e4nger, die in der Schweiz arbeiten oder studieren.","robots":{"index":"index","follow":"follow","max-snippet":"max-snippet:-1","max-image-preview":"max-image-preview:large","max-video-preview":"max-video-preview:-1"},"canonical":"https:\/\/frontaliers-grandest.eu\/de\/startseite\/transporte\/schweiz\/","og_locale":"de_DE","og_type":"article","og_title":"\u00d6ffentliche Verkehrsmittel, Parken und Mitfahrgelegenheiten in der Schweiz","og_description":"Finden Sie die Informationen zum Transport f\u00fcr Grenzg\u00e4nger, die in der Schweiz arbeiten oder studieren.","og_url":"https:\/\/frontaliers-grandest.eu\/de\/startseite\/transporte\/schweiz\/","og_site_name":"Frontaliers Grand Est","article_publisher":"https:\/\/www.facebook.com\/frontaliers.GR.EST\/?locale=fr_FR","og_image":[{"width":1920,"height":1491,"url":"https:\/\/frontaliers-grandest.eu\/wp-content\/uploads\/2024\/05\/alessandro-prato-HNip-HjxrpQ-unsplash.jpg","type":"image\/jpeg"}],"twitter_card":"summary_large_image","twitter_misc":{"Gesch\u00e4tzte Lesezeit":"2\u00a0Minuten"},"schema":{"@context":"https:\/\/schema.org","@graph":[{"@type":"WebPage","@id":"https:\/\/frontaliers-grandest.eu\/de\/startseite\/transporte\/schweiz\/","url":"https:\/\/frontaliers-grandest.eu\/de\/startseite\/transporte\/schweiz\/","name":"\u00d6ffentliche Verkehrsmittel, Parken und Mitfahrgelegenheiten in der Schweiz","isPartOf":{"@id":"https:\/\/frontaliers-grandest.eu\/de\/#website"},"primaryImageOfPage":{"@id":"https:\/\/frontaliers-grandest.eu\/de\/startseite\/transporte\/schweiz\/#primaryimage"},"image":{"@id":"https:\/\/frontaliers-grandest.eu\/de\/startseite\/transporte\/schweiz\/#primaryimage"},"thumbnailUrl":"https:\/\/frontaliers-grandest.eu\/wp-content\/uploads\/2024\/05\/alessandro-prato-HNip-HjxrpQ-unsplash.jpg","datePublished":"2026-04-08T09:56:04+00:00","description":"Finden Sie die Informationen zum Transport f\u00fcr Grenzg\u00e4nger, die in der Schweiz arbeiten oder studieren.","breadcrumb":{"@id":"https:\/\/frontaliers-grandest.eu\/de\/startseite\/transporte\/schweiz\/#breadcrumb"},"inLanguage":"de","potentialAction":[{"@type":"ReadAction","target":["https:\/\/frontaliers-grandest.eu\/de\/startseite\/transporte\/schweiz\/"]}]},{"@type":"ImageObject","inLanguage":"de","@id":"https:\/\/frontaliers-grandest.eu\/de\/startseite\/transporte\/schweiz\/#primaryimage","url":"https:\/\/frontaliers-grandest.eu\/wp-content\/uploads\/2024\/05\/alessandro-prato-HNip-HjxrpQ-unsplash.jpg","contentUrl":"https:\/\/frontaliers-grandest.eu\/wp-content\/uploads\/2024\/05\/alessandro-prato-HNip-HjxrpQ-unsplash.jpg","width":1920,"height":1491},{"@type":"BreadcrumbList","@id":"https:\/\/frontaliers-grandest.eu\/de\/startseite\/transporte\/schweiz\/#breadcrumb","itemListElement":[{"@type":"ListItem","position":1,"name":"Startseite","item":"https:\/\/frontaliers-grandest.eu\/de\/"},{"@type":"ListItem","position":2,"name":"Transporte","item":"https:\/\/frontaliers-grandest.eu\/de\/startseite\/transporte\/"},{"@type":"ListItem","position":3,"name":"Schweiz"}]},{"@type":"WebSite","@id":"https:\/\/frontaliers-grandest.eu\/de\/#website","url":"https:\/\/frontaliers-grandest.eu\/de\/","name":"Frontaliers Grand Est","description":"Le site ressource du travail frontalier","publisher":{"@id":"https:\/\/frontaliers-grandest.eu\/de\/#organization"},"alternateName":"Frontaliers Grand Est","potentialAction":[{"@type":"SearchAction","target":{"@type":"EntryPoint","urlTemplate":"https:\/\/frontaliers-grandest.eu\/de\/?s={search_term_string}"},"query-input":{"@type":"PropertyValueSpecification","valueRequired":true,"valueName":"search_term_string"}}],"inLanguage":"de"},{"@type":"Organization","@id":"https:\/\/frontaliers-grandest.eu\/de\/#organization","name":"Frontaliers Grand Est","alternateName":"Frontaliers Grand Est","url":"https:\/\/frontaliers-grandest.eu\/de\/","logo":{"@type":"ImageObject","inLanguage":"de","@id":"https:\/\/frontaliers-grandest.eu\/de\/#\/schema\/logo\/image\/","url":"https:\/\/frontaliers-grandest.eu\/wp-content\/uploads\/2025\/07\/260328234_2966785176920310_3332838526503858160_n.jpg","contentUrl":"https:\/\/frontaliers-grandest.eu\/wp-content\/uploads\/2025\/07\/260328234_2966785176920310_3332838526503858160_n.jpg","width":396,"height":396,"caption":"Frontaliers Grand Est"},"image":{"@id":"https:\/\/frontaliers-grandest.eu\/de\/#\/schema\/logo\/image\/"},"sameAs":["https:\/\/www.facebook.com\/frontaliers.GR.EST\/?locale=fr_FR"]}]}},"frge_page_order":"0","_links":{"self":[{"href":"https:\/\/frontaliers-grandest.eu\/de\/wp-json\/wp\/v2\/pages\/45886","targetHints":{"allow":["GET"]}}],"collection":[{"href":"https:\/\/frontaliers-grandest.eu\/de\/wp-json\/wp\/v2\/pages"}],"about":[{"href":"https:\/\/frontaliers-grandest.eu\/de\/wp-json\/wp\/v2\/types\/page"}],"author":[{"embeddable":true,"href":"https:\/\/frontaliers-grandest.eu\/de\/wp-json\/wp\/v2\/users\/7"}],"replies":[{"embeddable":true,"href":"https:\/\/frontaliers-grandest.eu\/de\/wp-json\/wp\/v2\/comments?post=45886"}],"version-history":[{"count":2,"href":"https:\/\/frontaliers-grandest.eu\/de\/wp-json\/wp\/v2\/pages\/45886\/revisions"}],"predecessor-version":[{"id":54428,"href":"https:\/\/frontaliers-grandest.eu\/de\/wp-json\/wp\/v2\/pages\/45886\/revisions\/54428"}],"up":[{"embeddable":true,"href":"https:\/\/frontaliers-grandest.eu\/de\/wp-json\/wp\/v2\/pages\/45742"}],"wp:featuredmedia":[{"embeddable":true,"href":"https:\/\/frontaliers-grandest.eu\/de\/wp-json\/wp\/v2\/media\/36337"}],"wp:attachment":[{"href":"https:\/\/frontaliers-grandest.eu\/de\/wp-json\/wp\/v2\/media?parent=45886"}],"wp:term":[{"taxonomy":"post_tag","embeddable":true,"href":"https:\/\/frontaliers-grandest.eu\/de\/wp-json\/wp\/v2\/tags?post=45886"},{"taxonomy":"frge_profile","embeddable":true,"href":"https:\/\/frontaliers-grandest.eu\/de\/wp-json\/wp\/v2\/frge_profile?post=45886"}],"curies":[{"name":"wp","href":"https:\/\/api.w.org\/{rel}","templated":true}]}}