{"id":45877,"date":"2026-04-08T11:47:50","date_gmt":"2026-04-08T09:47:50","guid":{"rendered":"https:\/\/frontaliers-grandest.eu\/startseite\/transporte\/belgien\/trains\/"},"modified":"2025-10-29T11:40:21","modified_gmt":"2025-10-29T10:40:21","slug":"zuege","status":"publish","type":"page","link":"https:\/\/frontaliers-grandest.eu\/de\/startseite\/transporte\/belgien\/zuege\/","title":{"rendered":"Z\u00fcge"},"content":{"rendered":"\n<div class=\"wp-block-frontaliers-grandest-plugin-frge-accordion-block\"><div class=\"accordion-top\"><h4 class=\"accordion-title\">Luxemburg &#8211; Belgien<\/h4><svg viewBox=\"0 0 24 24\" stroke-width=\"1.5\" fill=\"none\" xmlns=\"http:\/\/www.w3.org\/2000\/svg\" class=\"accordion-top__icon\"><path d=\"M3 12L21 12M21 12L12.5 3.5M21 12L12.5 20.5\" stroke-width=\"1.5\" stroke-linecap=\"round\" stroke-linejoin=\"round\"><\/path><\/svg><\/div><div class=\"accordion-content\">\n<h5 class=\"wp-block-heading\"><strong>Z\u00fcge von Luxemburg aus&nbsp;<\/strong><\/h5>\n\n\n\n<p><strong>(Keine direkten Z\u00fcge zwischen Lothringen und Belgien. Umsteigen in Luxemburg notwendig)<\/strong><\/p>\n\n\n\n<h5 class=\"wp-block-heading\"><strong>Linie 50&nbsp;: <\/strong><\/h5>\n\n\n\n<h6 class=\"wp-block-heading\"><strong>Luxemburg &#8211; Bertrange &#8211; Mamer &#8211; Capellen &#8211; Kleinbettingen &#8211; Arlon<\/strong><\/h6>\n\n\n\n<p>Ungef\u00e4hr ein direkter Zug jede Stunde nach Arlon. Erste Abfahrt um 5:10. Letzte R\u00fcckkehr um 23:38.<br><a href=\"https:\/\/www.mobiliteit.lu\/wp-content\/uploads\/horaires\/cfl\/50.pdf?v=20201217\" target=\"_blank\" rel=\"noreferrer noopener\"><strong><em>Fahrplan<\/em><\/strong><\/a><\/p>\n\n\n\n<h5 class=\"wp-block-heading\"><strong>Weitere Z\u00fcge von Luxemburg nach Belgien:<\/strong><\/h5>\n\n\n\n<p>Siehe die Website der Verkehrsgemeinschaft Luxemburg:<br>Tel. 00 352 2465 2465<br><a href=\"https:\/\/www.mobiliteit.lu\/\" target=\"_blank\" rel=\"noreferrer noopener\">www.mobiliteit.lu&nbsp;<\/a><\/p>\n<\/div><\/div>\n","protected":false},"excerpt":{"rendered":"","protected":false},"author":7,"featured_media":33095,"parent":45864,"menu_order":1,"comment_status":"closed","ping_status":"closed","template":"page-transport.php","meta":{"inline_featured_image":false,"footnotes":""},"tags":[],"frge_profile":[],"class_list":["post-45877","page","type-page","status-publish","has-post-thumbnail","hentry"],"yoast_head":"<!-- This site is optimized with the Yoast SEO plugin v27.1.1 - https:\/\/yoast.com\/product\/yoast-seo-wordpress\/ -->\n<title>Zugverbindungen Luxemburg Belgien Preise &amp; Fahrpl\u00e4ne<\/title>\n<meta name=\"description\" content=\"Sie m\u00f6chten mit dem Zug nach Belgien reisen. Siehe Fahrplanauskunft f\u00fcr Belgien.\" \/>\n<meta name=\"robots\" content=\"index, follow, max-snippet:-1, max-image-preview:large, max-video-preview:-1\" \/>\n<link rel=\"canonical\" href=\"https:\/\/frontaliers-grandest.eu\/de\/startseite\/transporte\/belgien\/zuege\/\" \/>\n<meta property=\"og:locale\" content=\"de_DE\" \/>\n<meta property=\"og:type\" content=\"article\" \/>\n<meta property=\"og:title\" content=\"Zugverbindungen Luxemburg Belgien Preise &amp; Fahrpl\u00e4ne\" \/>\n<meta property=\"og:description\" content=\"Sie m\u00f6chten mit dem Zug nach Belgien reisen. Siehe Fahrplanauskunft f\u00fcr Belgien.\" \/>\n<meta property=\"og:url\" content=\"https:\/\/frontaliers-grandest.eu\/de\/startseite\/transporte\/belgien\/zuege\/\" \/>\n<meta property=\"og:site_name\" content=\"Frontaliers Grand Est\" \/>\n<meta property=\"article:publisher\" content=\"https:\/\/www.facebook.com\/frontaliers.GR.EST\/?locale=fr_FR\" \/>\n<meta property=\"og:image\" content=\"https:\/\/frontaliers-grandest.eu\/wp-content\/uploads\/2021\/07\/Train-scaled.jpg\" \/>\n\t<meta property=\"og:image:width\" content=\"2560\" \/>\n\t<meta property=\"og:image:height\" content=\"1756\" \/>\n\t<meta property=\"og:image:type\" content=\"image\/jpeg\" \/>\n<meta name=\"twitter:card\" content=\"summary_large_image\" \/>\n<meta name=\"twitter:label1\" content=\"Gesch\u00e4tzte Lesezeit\" \/>\n\t<meta name=\"twitter:data1\" content=\"1\u00a0Minute\" \/>\n<script type=\"application\/ld+json\" class=\"yoast-schema-graph\">{\"@context\":\"https:\/\/schema.org\",\"@graph\":[{\"@type\":\"WebPage\",\"@id\":\"https:\/\/frontaliers-grandest.eu\/de\/startseite\/transporte\/belgien\/zuege\/\",\"url\":\"https:\/\/frontaliers-grandest.eu\/de\/startseite\/transporte\/belgien\/zuege\/\",\"name\":\"Zugverbindungen Luxemburg Belgien Preise & Fahrpl\u00e4ne\",\"isPartOf\":{\"@id\":\"https:\/\/frontaliers-grandest.eu\/de\/#website\"},\"primaryImageOfPage\":{\"@id\":\"https:\/\/frontaliers-grandest.eu\/de\/startseite\/transporte\/belgien\/zuege\/#primaryimage\"},\"image\":{\"@id\":\"https:\/\/frontaliers-grandest.eu\/de\/startseite\/transporte\/belgien\/zuege\/#primaryimage\"},\"thumbnailUrl\":\"https:\/\/frontaliers-grandest.eu\/wp-content\/uploads\/2021\/07\/Train-scaled.jpg\",\"datePublished\":\"2026-04-08T09:47:50+00:00\",\"description\":\"Sie m\u00f6chten mit dem Zug nach Belgien reisen. Siehe Fahrplanauskunft f\u00fcr Belgien.\",\"breadcrumb\":{\"@id\":\"https:\/\/frontaliers-grandest.eu\/de\/startseite\/transporte\/belgien\/zuege\/#breadcrumb\"},\"inLanguage\":\"de\",\"potentialAction\":[{\"@type\":\"ReadAction\",\"target\":[\"https:\/\/frontaliers-grandest.eu\/de\/startseite\/transporte\/belgien\/zuege\/\"]}]},{\"@type\":\"ImageObject\",\"inLanguage\":\"de\",\"@id\":\"https:\/\/frontaliers-grandest.eu\/de\/startseite\/transporte\/belgien\/zuege\/#primaryimage\",\"url\":\"https:\/\/frontaliers-grandest.eu\/wp-content\/uploads\/2021\/07\/Train-scaled.jpg\",\"contentUrl\":\"https:\/\/frontaliers-grandest.eu\/wp-content\/uploads\/2021\/07\/Train-scaled.jpg\",\"width\":2560,\"height\":1756},{\"@type\":\"BreadcrumbList\",\"@id\":\"https:\/\/frontaliers-grandest.eu\/de\/startseite\/transporte\/belgien\/zuege\/#breadcrumb\",\"itemListElement\":[{\"@type\":\"ListItem\",\"position\":1,\"name\":\"Startseite\",\"item\":\"https:\/\/frontaliers-grandest.eu\/de\/\"},{\"@type\":\"ListItem\",\"position\":2,\"name\":\"Transporte\",\"item\":\"https:\/\/frontaliers-grandest.eu\/de\/startseite\/transporte\/\"},{\"@type\":\"ListItem\",\"position\":3,\"name\":\"Belgien\",\"item\":\"https:\/\/frontaliers-grandest.eu\/de\/startseite\/transporte\/belgien\/\"},{\"@type\":\"ListItem\",\"position\":4,\"name\":\"Z\u00fcge\"}]},{\"@type\":\"WebSite\",\"@id\":\"https:\/\/frontaliers-grandest.eu\/de\/#website\",\"url\":\"https:\/\/frontaliers-grandest.eu\/de\/\",\"name\":\"Frontaliers Grand Est\",\"description\":\"Le site ressource du travail frontalier\",\"publisher\":{\"@id\":\"https:\/\/frontaliers-grandest.eu\/de\/#organization\"},\"alternateName\":\"Frontaliers Grand Est\",\"potentialAction\":[{\"@type\":\"SearchAction\",\"target\":{\"@type\":\"EntryPoint\",\"urlTemplate\":\"https:\/\/frontaliers-grandest.eu\/de\/?s={search_term_string}\"},\"query-input\":{\"@type\":\"PropertyValueSpecification\",\"valueRequired\":true,\"valueName\":\"search_term_string\"}}],\"inLanguage\":\"de\"},{\"@type\":\"Organization\",\"@id\":\"https:\/\/frontaliers-grandest.eu\/de\/#organization\",\"name\":\"Frontaliers Grand Est\",\"alternateName\":\"Frontaliers Grand Est\",\"url\":\"https:\/\/frontaliers-grandest.eu\/de\/\",\"logo\":{\"@type\":\"ImageObject\",\"inLanguage\":\"de\",\"@id\":\"https:\/\/frontaliers-grandest.eu\/de\/#\/schema\/logo\/image\/\",\"url\":\"https:\/\/frontaliers-grandest.eu\/wp-content\/uploads\/2025\/07\/260328234_2966785176920310_3332838526503858160_n.jpg\",\"contentUrl\":\"https:\/\/frontaliers-grandest.eu\/wp-content\/uploads\/2025\/07\/260328234_2966785176920310_3332838526503858160_n.jpg\",\"width\":396,\"height\":396,\"caption\":\"Frontaliers Grand Est\"},\"image\":{\"@id\":\"https:\/\/frontaliers-grandest.eu\/de\/#\/schema\/logo\/image\/\"},\"sameAs\":[\"https:\/\/www.facebook.com\/frontaliers.GR.EST\/?locale=fr_FR\"]}]}<\/script>\n<!-- \/ Yoast SEO plugin. -->","yoast_head_json":{"title":"Zugverbindungen Luxemburg Belgien Preise & Fahrpl\u00e4ne","description":"Sie m\u00f6chten mit dem Zug nach Belgien reisen. Siehe Fahrplanauskunft f\u00fcr Belgien.","robots":{"index":"index","follow":"follow","max-snippet":"max-snippet:-1","max-image-preview":"max-image-preview:large","max-video-preview":"max-video-preview:-1"},"canonical":"https:\/\/frontaliers-grandest.eu\/de\/startseite\/transporte\/belgien\/zuege\/","og_locale":"de_DE","og_type":"article","og_title":"Zugverbindungen Luxemburg Belgien Preise & Fahrpl\u00e4ne","og_description":"Sie m\u00f6chten mit dem Zug nach Belgien reisen. Siehe Fahrplanauskunft f\u00fcr Belgien.","og_url":"https:\/\/frontaliers-grandest.eu\/de\/startseite\/transporte\/belgien\/zuege\/","og_site_name":"Frontaliers Grand Est","article_publisher":"https:\/\/www.facebook.com\/frontaliers.GR.EST\/?locale=fr_FR","og_image":[{"width":2560,"height":1756,"url":"https:\/\/frontaliers-grandest.eu\/wp-content\/uploads\/2021\/07\/Train-scaled.jpg","type":"image\/jpeg"}],"twitter_card":"summary_large_image","twitter_misc":{"Gesch\u00e4tzte Lesezeit":"1\u00a0Minute"},"schema":{"@context":"https:\/\/schema.org","@graph":[{"@type":"WebPage","@id":"https:\/\/frontaliers-grandest.eu\/de\/startseite\/transporte\/belgien\/zuege\/","url":"https:\/\/frontaliers-grandest.eu\/de\/startseite\/transporte\/belgien\/zuege\/","name":"Zugverbindungen Luxemburg Belgien Preise & Fahrpl\u00e4ne","isPartOf":{"@id":"https:\/\/frontaliers-grandest.eu\/de\/#website"},"primaryImageOfPage":{"@id":"https:\/\/frontaliers-grandest.eu\/de\/startseite\/transporte\/belgien\/zuege\/#primaryimage"},"image":{"@id":"https:\/\/frontaliers-grandest.eu\/de\/startseite\/transporte\/belgien\/zuege\/#primaryimage"},"thumbnailUrl":"https:\/\/frontaliers-grandest.eu\/wp-content\/uploads\/2021\/07\/Train-scaled.jpg","datePublished":"2026-04-08T09:47:50+00:00","description":"Sie m\u00f6chten mit dem Zug nach Belgien reisen. Siehe Fahrplanauskunft f\u00fcr Belgien.","breadcrumb":{"@id":"https:\/\/frontaliers-grandest.eu\/de\/startseite\/transporte\/belgien\/zuege\/#breadcrumb"},"inLanguage":"de","potentialAction":[{"@type":"ReadAction","target":["https:\/\/frontaliers-grandest.eu\/de\/startseite\/transporte\/belgien\/zuege\/"]}]},{"@type":"ImageObject","inLanguage":"de","@id":"https:\/\/frontaliers-grandest.eu\/de\/startseite\/transporte\/belgien\/zuege\/#primaryimage","url":"https:\/\/frontaliers-grandest.eu\/wp-content\/uploads\/2021\/07\/Train-scaled.jpg","contentUrl":"https:\/\/frontaliers-grandest.eu\/wp-content\/uploads\/2021\/07\/Train-scaled.jpg","width":2560,"height":1756},{"@type":"BreadcrumbList","@id":"https:\/\/frontaliers-grandest.eu\/de\/startseite\/transporte\/belgien\/zuege\/#breadcrumb","itemListElement":[{"@type":"ListItem","position":1,"name":"Startseite","item":"https:\/\/frontaliers-grandest.eu\/de\/"},{"@type":"ListItem","position":2,"name":"Transporte","item":"https:\/\/frontaliers-grandest.eu\/de\/startseite\/transporte\/"},{"@type":"ListItem","position":3,"name":"Belgien","item":"https:\/\/frontaliers-grandest.eu\/de\/startseite\/transporte\/belgien\/"},{"@type":"ListItem","position":4,"name":"Z\u00fcge"}]},{"@type":"WebSite","@id":"https:\/\/frontaliers-grandest.eu\/de\/#website","url":"https:\/\/frontaliers-grandest.eu\/de\/","name":"Frontaliers Grand Est","description":"Le site ressource du travail frontalier","publisher":{"@id":"https:\/\/frontaliers-grandest.eu\/de\/#organization"},"alternateName":"Frontaliers Grand Est","potentialAction":[{"@type":"SearchAction","target":{"@type":"EntryPoint","urlTemplate":"https:\/\/frontaliers-grandest.eu\/de\/?s={search_term_string}"},"query-input":{"@type":"PropertyValueSpecification","valueRequired":true,"valueName":"search_term_string"}}],"inLanguage":"de"},{"@type":"Organization","@id":"https:\/\/frontaliers-grandest.eu\/de\/#organization","name":"Frontaliers Grand Est","alternateName":"Frontaliers Grand Est","url":"https:\/\/frontaliers-grandest.eu\/de\/","logo":{"@type":"ImageObject","inLanguage":"de","@id":"https:\/\/frontaliers-grandest.eu\/de\/#\/schema\/logo\/image\/","url":"https:\/\/frontaliers-grandest.eu\/wp-content\/uploads\/2025\/07\/260328234_2966785176920310_3332838526503858160_n.jpg","contentUrl":"https:\/\/frontaliers-grandest.eu\/wp-content\/uploads\/2025\/07\/260328234_2966785176920310_3332838526503858160_n.jpg","width":396,"height":396,"caption":"Frontaliers Grand Est"},"image":{"@id":"https:\/\/frontaliers-grandest.eu\/de\/#\/schema\/logo\/image\/"},"sameAs":["https:\/\/www.facebook.com\/frontaliers.GR.EST\/?locale=fr_FR"]}]}},"frge_page_order":"0","_links":{"self":[{"href":"https:\/\/frontaliers-grandest.eu\/de\/wp-json\/wp\/v2\/pages\/45877","targetHints":{"allow":["GET"]}}],"collection":[{"href":"https:\/\/frontaliers-grandest.eu\/de\/wp-json\/wp\/v2\/pages"}],"about":[{"href":"https:\/\/frontaliers-grandest.eu\/de\/wp-json\/wp\/v2\/types\/page"}],"author":[{"embeddable":true,"href":"https:\/\/frontaliers-grandest.eu\/de\/wp-json\/wp\/v2\/users\/7"}],"replies":[{"embeddable":true,"href":"https:\/\/frontaliers-grandest.eu\/de\/wp-json\/wp\/v2\/comments?post=45877"}],"version-history":[{"count":3,"href":"https:\/\/frontaliers-grandest.eu\/de\/wp-json\/wp\/v2\/pages\/45877\/revisions"}],"predecessor-version":[{"id":54398,"href":"https:\/\/frontaliers-grandest.eu\/de\/wp-json\/wp\/v2\/pages\/45877\/revisions\/54398"}],"up":[{"embeddable":true,"href":"https:\/\/frontaliers-grandest.eu\/de\/wp-json\/wp\/v2\/pages\/45864"}],"wp:featuredmedia":[{"embeddable":true,"href":"https:\/\/frontaliers-grandest.eu\/de\/wp-json\/wp\/v2\/media\/33095"}],"wp:attachment":[{"href":"https:\/\/frontaliers-grandest.eu\/de\/wp-json\/wp\/v2\/media?parent=45877"}],"wp:term":[{"taxonomy":"post_tag","embeddable":true,"href":"https:\/\/frontaliers-grandest.eu\/de\/wp-json\/wp\/v2\/tags?post=45877"},{"taxonomy":"frge_profile","embeddable":true,"href":"https:\/\/frontaliers-grandest.eu\/de\/wp-json\/wp\/v2\/frge_profile?post=45877"}],"curies":[{"name":"wp","href":"https:\/\/api.w.org\/{rel}","templated":true}]}}