{"id":45873,"date":"2021-02-19T14:12:04","date_gmt":"2021-02-19T13:12:04","guid":{"rendered":"https:\/\/frontaliers-grandest.eu\/startseite\/transporte\/belgique\/parking-relais\/"},"modified":"2025-10-29T11:44:25","modified_gmt":"2025-10-29T10:44:25","slug":"park-and-ride","status":"publish","type":"page","link":"https:\/\/frontaliers-grandest.eu\/de\/startseite\/transporte\/belgien\/park-and-ride\/","title":{"rendered":"Park-and-Ride-Parkpl\u00e4tze (P + R)"},"content":{"rendered":"\n<div class=\"wp-block-frontaliers-grandest-plugin-frge-accordion-block\"><div class=\"accordion-top\"><h4 class=\"accordion-title\">Belgien<\/h4><svg viewBox=\"0 0 24 24\" stroke-width=\"1.5\" fill=\"none\" xmlns=\"http:\/\/www.w3.org\/2000\/svg\" class=\"accordion-top__icon\"><path d=\"M3 12L21 12M21 12L12.5 3.5M21 12L12.5 20.5\" stroke-width=\"1.5\" stroke-linecap=\"round\" stroke-linejoin=\"round\"><\/path><\/svg><\/div><div class=\"accordion-content\">\n<p><strong>Park-and-Ride-Parkpl\u00e4tze (P + R)<\/strong><\/p>\n\n\n\n<p><strong>P + R Rodange<\/strong> (Luxemburg)<br>P + R direkt neben dem Bahnhof von Rodange, aber auch nur einen Steinwurf von der belgischen und franz\u00f6sischen Grenze entfernt. 1.600 Parkpl\u00e4tze auf 7 Etagen.<\/p>\n\n\n\n<p><br><br><strong>P + R Charleroi<\/strong><br>In Charleroi befinden sich 3 P+R in der N\u00e4he einer Bus- oder U-Bahn-Station, die eine gute Anbindung an das Stadtzentrum mit \u00f6ffentlichen Verkehrsmitteln erm\u00f6glicht:<\/p>\n\n\n\n<ul class=\"wp-block-list\">\n<li>P+R de Madeleine (200 Pl\u00e4tze): Zugang \u00fcber die nationale N5 (Stra\u00dfenbahn von Br\u00fcssel) oder A54<\/li>\n\n\n\n<li>P+R de Soleilmont (145 Pl\u00e4tze, davon 130 in der Rue du V\u00e9lodrome und 15 in der Rue du Rambulant): Zugang \u00fcber Grand Ring R3 oder N29 (Chauss\u00e9e de Fleurus)<\/li>\n\n\n\n<li>P+R du Faubourg de Bruxelles (26 Pl\u00e4tze): Zugang \u00fcber die nationale N5 (Stra\u00dfenbahn von Br\u00fcssel) oder E42<\/li>\n<\/ul>\n\n\n\n<div class=\"wp-block-buttons is-layout-flex wp-block-buttons-is-layout-flex\">\n<div class=\"wp-block-button is-style-fill\"><a class=\"wp-block-button__link wp-element-button\" href=\"https:\/\/www.mobiregio.net\/\" target=\"_blank\" rel=\"noreferrer noopener\"><strong>Weitere Informationen<\/strong> \u00fcber das Mobilit\u00e4tsportal der Gro\u00dfregion Mobiregio.net<\/a><\/div>\n<\/div>\n<\/div><\/div>\n","protected":false},"excerpt":{"rendered":"","protected":false},"author":7,"featured_media":33091,"parent":45864,"menu_order":0,"comment_status":"closed","ping_status":"closed","template":"page-transport.php","meta":{"inline_featured_image":false,"footnotes":""},"tags":[],"frge_profile":[],"class_list":["post-45873","page","type-page","status-publish","has-post-thumbnail","hentry"],"yoast_head":"<!-- This site is optimized with the Yoast SEO plugin v27.1.1 - https:\/\/yoast.com\/product\/yoast-seo-wordpress\/ -->\n<title>Park-and-Ride-Parkpl\u00e4tze (P + R) - Frontaliers Grand Est<\/title>\n<meta name=\"description\" content=\"Wenn Sie mit dem Auto nach Belgien reisen m\u00f6chten, sollten Sie wissen, dass es Parkpl\u00e4tze gibt. Sehen Sie sich die verf\u00fcgbaren Stellpl\u00e4tze an.\" \/>\n<meta name=\"robots\" content=\"index, follow, max-snippet:-1, max-image-preview:large, max-video-preview:-1\" \/>\n<link rel=\"canonical\" href=\"https:\/\/frontaliers-grandest.eu\/de\/startseite\/transporte\/belgien\/park-and-ride\/\" \/>\n<meta property=\"og:locale\" content=\"de_DE\" \/>\n<meta property=\"og:type\" content=\"article\" \/>\n<meta property=\"og:title\" content=\"Park-and-Ride-Parkpl\u00e4tze (P + R) - Frontaliers Grand Est\" \/>\n<meta property=\"og:description\" content=\"Wenn Sie mit dem Auto nach Belgien reisen m\u00f6chten, sollten Sie wissen, dass es Parkpl\u00e4tze gibt. Sehen Sie sich die verf\u00fcgbaren Stellpl\u00e4tze an.\" \/>\n<meta property=\"og:url\" content=\"https:\/\/frontaliers-grandest.eu\/de\/startseite\/transporte\/belgien\/park-and-ride\/\" \/>\n<meta property=\"og:site_name\" content=\"Frontaliers Grand Est\" \/>\n<meta property=\"article:publisher\" content=\"https:\/\/www.facebook.com\/frontaliers.GR.EST\/?locale=fr_FR\" \/>\n<meta property=\"article:modified_time\" content=\"2025-10-29T10:44:25+00:00\" \/>\n<meta property=\"og:image\" content=\"https:\/\/frontaliers-grandest.eu\/wp-content\/uploads\/2021\/07\/Parking_relais-scaled.jpg\" \/>\n\t<meta property=\"og:image:width\" content=\"2560\" \/>\n\t<meta property=\"og:image:height\" content=\"1920\" \/>\n\t<meta property=\"og:image:type\" content=\"image\/jpeg\" \/>\n<meta name=\"twitter:card\" content=\"summary_large_image\" \/>\n<meta name=\"twitter:label1\" content=\"Gesch\u00e4tzte Lesezeit\" \/>\n\t<meta name=\"twitter:data1\" content=\"1\u00a0Minute\" \/>\n<script type=\"application\/ld+json\" class=\"yoast-schema-graph\">{\"@context\":\"https:\/\/schema.org\",\"@graph\":[{\"@type\":\"WebPage\",\"@id\":\"https:\/\/frontaliers-grandest.eu\/de\/startseite\/transporte\/belgien\/park-and-ride\/\",\"url\":\"https:\/\/frontaliers-grandest.eu\/de\/startseite\/transporte\/belgien\/park-and-ride\/\",\"name\":\"Park-and-Ride-Parkpl\u00e4tze (P + R) - Frontaliers Grand Est\",\"isPartOf\":{\"@id\":\"https:\/\/frontaliers-grandest.eu\/de\/#website\"},\"primaryImageOfPage\":{\"@id\":\"https:\/\/frontaliers-grandest.eu\/de\/startseite\/transporte\/belgien\/park-and-ride\/#primaryimage\"},\"image\":{\"@id\":\"https:\/\/frontaliers-grandest.eu\/de\/startseite\/transporte\/belgien\/park-and-ride\/#primaryimage\"},\"thumbnailUrl\":\"https:\/\/frontaliers-grandest.eu\/wp-content\/uploads\/2021\/07\/Parking_relais-scaled.jpg\",\"datePublished\":\"2021-02-19T13:12:04+00:00\",\"dateModified\":\"2025-10-29T10:44:25+00:00\",\"description\":\"Wenn Sie mit dem Auto nach Belgien reisen m\u00f6chten, sollten Sie wissen, dass es Parkpl\u00e4tze gibt. Sehen Sie sich die verf\u00fcgbaren Stellpl\u00e4tze an.\",\"breadcrumb\":{\"@id\":\"https:\/\/frontaliers-grandest.eu\/de\/startseite\/transporte\/belgien\/park-and-ride\/#breadcrumb\"},\"inLanguage\":\"de\",\"potentialAction\":[{\"@type\":\"ReadAction\",\"target\":[\"https:\/\/frontaliers-grandest.eu\/de\/startseite\/transporte\/belgien\/park-and-ride\/\"]}]},{\"@type\":\"ImageObject\",\"inLanguage\":\"de\",\"@id\":\"https:\/\/frontaliers-grandest.eu\/de\/startseite\/transporte\/belgien\/park-and-ride\/#primaryimage\",\"url\":\"https:\/\/frontaliers-grandest.eu\/wp-content\/uploads\/2021\/07\/Parking_relais-scaled.jpg\",\"contentUrl\":\"https:\/\/frontaliers-grandest.eu\/wp-content\/uploads\/2021\/07\/Parking_relais-scaled.jpg\",\"width\":2560,\"height\":1920},{\"@type\":\"BreadcrumbList\",\"@id\":\"https:\/\/frontaliers-grandest.eu\/de\/startseite\/transporte\/belgien\/park-and-ride\/#breadcrumb\",\"itemListElement\":[{\"@type\":\"ListItem\",\"position\":1,\"name\":\"Startseite\",\"item\":\"https:\/\/frontaliers-grandest.eu\/de\/\"},{\"@type\":\"ListItem\",\"position\":2,\"name\":\"Transporte\",\"item\":\"https:\/\/frontaliers-grandest.eu\/de\/startseite\/transporte\/\"},{\"@type\":\"ListItem\",\"position\":3,\"name\":\"Belgien\",\"item\":\"https:\/\/frontaliers-grandest.eu\/de\/startseite\/transporte\/belgien\/\"},{\"@type\":\"ListItem\",\"position\":4,\"name\":\"Park-and-Ride-Parkpl\u00e4tze (P + R)\"}]},{\"@type\":\"WebSite\",\"@id\":\"https:\/\/frontaliers-grandest.eu\/de\/#website\",\"url\":\"https:\/\/frontaliers-grandest.eu\/de\/\",\"name\":\"Frontaliers Grand Est\",\"description\":\"Le site ressource du travail frontalier\",\"publisher\":{\"@id\":\"https:\/\/frontaliers-grandest.eu\/de\/#organization\"},\"alternateName\":\"Frontaliers Grand Est\",\"potentialAction\":[{\"@type\":\"SearchAction\",\"target\":{\"@type\":\"EntryPoint\",\"urlTemplate\":\"https:\/\/frontaliers-grandest.eu\/de\/?s={search_term_string}\"},\"query-input\":{\"@type\":\"PropertyValueSpecification\",\"valueRequired\":true,\"valueName\":\"search_term_string\"}}],\"inLanguage\":\"de\"},{\"@type\":\"Organization\",\"@id\":\"https:\/\/frontaliers-grandest.eu\/de\/#organization\",\"name\":\"Frontaliers Grand Est\",\"alternateName\":\"Frontaliers Grand Est\",\"url\":\"https:\/\/frontaliers-grandest.eu\/de\/\",\"logo\":{\"@type\":\"ImageObject\",\"inLanguage\":\"de\",\"@id\":\"https:\/\/frontaliers-grandest.eu\/de\/#\/schema\/logo\/image\/\",\"url\":\"https:\/\/frontaliers-grandest.eu\/wp-content\/uploads\/2025\/07\/260328234_2966785176920310_3332838526503858160_n.jpg\",\"contentUrl\":\"https:\/\/frontaliers-grandest.eu\/wp-content\/uploads\/2025\/07\/260328234_2966785176920310_3332838526503858160_n.jpg\",\"width\":396,\"height\":396,\"caption\":\"Frontaliers Grand Est\"},\"image\":{\"@id\":\"https:\/\/frontaliers-grandest.eu\/de\/#\/schema\/logo\/image\/\"},\"sameAs\":[\"https:\/\/www.facebook.com\/frontaliers.GR.EST\/?locale=fr_FR\"]}]}<\/script>\n<!-- \/ Yoast SEO plugin. -->","yoast_head_json":{"title":"Park-and-Ride-Parkpl\u00e4tze (P + R) - Frontaliers Grand Est","description":"Wenn Sie mit dem Auto nach Belgien reisen m\u00f6chten, sollten Sie wissen, dass es Parkpl\u00e4tze gibt. Sehen Sie sich die verf\u00fcgbaren Stellpl\u00e4tze an.","robots":{"index":"index","follow":"follow","max-snippet":"max-snippet:-1","max-image-preview":"max-image-preview:large","max-video-preview":"max-video-preview:-1"},"canonical":"https:\/\/frontaliers-grandest.eu\/de\/startseite\/transporte\/belgien\/park-and-ride\/","og_locale":"de_DE","og_type":"article","og_title":"Park-and-Ride-Parkpl\u00e4tze (P + R) - Frontaliers Grand Est","og_description":"Wenn Sie mit dem Auto nach Belgien reisen m\u00f6chten, sollten Sie wissen, dass es Parkpl\u00e4tze gibt. Sehen Sie sich die verf\u00fcgbaren Stellpl\u00e4tze an.","og_url":"https:\/\/frontaliers-grandest.eu\/de\/startseite\/transporte\/belgien\/park-and-ride\/","og_site_name":"Frontaliers Grand Est","article_publisher":"https:\/\/www.facebook.com\/frontaliers.GR.EST\/?locale=fr_FR","article_modified_time":"2025-10-29T10:44:25+00:00","og_image":[{"width":2560,"height":1920,"url":"https:\/\/frontaliers-grandest.eu\/wp-content\/uploads\/2021\/07\/Parking_relais-scaled.jpg","type":"image\/jpeg"}],"twitter_card":"summary_large_image","twitter_misc":{"Gesch\u00e4tzte Lesezeit":"1\u00a0Minute"},"schema":{"@context":"https:\/\/schema.org","@graph":[{"@type":"WebPage","@id":"https:\/\/frontaliers-grandest.eu\/de\/startseite\/transporte\/belgien\/park-and-ride\/","url":"https:\/\/frontaliers-grandest.eu\/de\/startseite\/transporte\/belgien\/park-and-ride\/","name":"Park-and-Ride-Parkpl\u00e4tze (P + R) - Frontaliers Grand Est","isPartOf":{"@id":"https:\/\/frontaliers-grandest.eu\/de\/#website"},"primaryImageOfPage":{"@id":"https:\/\/frontaliers-grandest.eu\/de\/startseite\/transporte\/belgien\/park-and-ride\/#primaryimage"},"image":{"@id":"https:\/\/frontaliers-grandest.eu\/de\/startseite\/transporte\/belgien\/park-and-ride\/#primaryimage"},"thumbnailUrl":"https:\/\/frontaliers-grandest.eu\/wp-content\/uploads\/2021\/07\/Parking_relais-scaled.jpg","datePublished":"2021-02-19T13:12:04+00:00","dateModified":"2025-10-29T10:44:25+00:00","description":"Wenn Sie mit dem Auto nach Belgien reisen m\u00f6chten, sollten Sie wissen, dass es Parkpl\u00e4tze gibt. Sehen Sie sich die verf\u00fcgbaren Stellpl\u00e4tze an.","breadcrumb":{"@id":"https:\/\/frontaliers-grandest.eu\/de\/startseite\/transporte\/belgien\/park-and-ride\/#breadcrumb"},"inLanguage":"de","potentialAction":[{"@type":"ReadAction","target":["https:\/\/frontaliers-grandest.eu\/de\/startseite\/transporte\/belgien\/park-and-ride\/"]}]},{"@type":"ImageObject","inLanguage":"de","@id":"https:\/\/frontaliers-grandest.eu\/de\/startseite\/transporte\/belgien\/park-and-ride\/#primaryimage","url":"https:\/\/frontaliers-grandest.eu\/wp-content\/uploads\/2021\/07\/Parking_relais-scaled.jpg","contentUrl":"https:\/\/frontaliers-grandest.eu\/wp-content\/uploads\/2021\/07\/Parking_relais-scaled.jpg","width":2560,"height":1920},{"@type":"BreadcrumbList","@id":"https:\/\/frontaliers-grandest.eu\/de\/startseite\/transporte\/belgien\/park-and-ride\/#breadcrumb","itemListElement":[{"@type":"ListItem","position":1,"name":"Startseite","item":"https:\/\/frontaliers-grandest.eu\/de\/"},{"@type":"ListItem","position":2,"name":"Transporte","item":"https:\/\/frontaliers-grandest.eu\/de\/startseite\/transporte\/"},{"@type":"ListItem","position":3,"name":"Belgien","item":"https:\/\/frontaliers-grandest.eu\/de\/startseite\/transporte\/belgien\/"},{"@type":"ListItem","position":4,"name":"Park-and-Ride-Parkpl\u00e4tze (P + R)"}]},{"@type":"WebSite","@id":"https:\/\/frontaliers-grandest.eu\/de\/#website","url":"https:\/\/frontaliers-grandest.eu\/de\/","name":"Frontaliers Grand Est","description":"Le site ressource du travail frontalier","publisher":{"@id":"https:\/\/frontaliers-grandest.eu\/de\/#organization"},"alternateName":"Frontaliers Grand Est","potentialAction":[{"@type":"SearchAction","target":{"@type":"EntryPoint","urlTemplate":"https:\/\/frontaliers-grandest.eu\/de\/?s={search_term_string}"},"query-input":{"@type":"PropertyValueSpecification","valueRequired":true,"valueName":"search_term_string"}}],"inLanguage":"de"},{"@type":"Organization","@id":"https:\/\/frontaliers-grandest.eu\/de\/#organization","name":"Frontaliers Grand Est","alternateName":"Frontaliers Grand Est","url":"https:\/\/frontaliers-grandest.eu\/de\/","logo":{"@type":"ImageObject","inLanguage":"de","@id":"https:\/\/frontaliers-grandest.eu\/de\/#\/schema\/logo\/image\/","url":"https:\/\/frontaliers-grandest.eu\/wp-content\/uploads\/2025\/07\/260328234_2966785176920310_3332838526503858160_n.jpg","contentUrl":"https:\/\/frontaliers-grandest.eu\/wp-content\/uploads\/2025\/07\/260328234_2966785176920310_3332838526503858160_n.jpg","width":396,"height":396,"caption":"Frontaliers Grand Est"},"image":{"@id":"https:\/\/frontaliers-grandest.eu\/de\/#\/schema\/logo\/image\/"},"sameAs":["https:\/\/www.facebook.com\/frontaliers.GR.EST\/?locale=fr_FR"]}]}},"frge_page_order":"0","_links":{"self":[{"href":"https:\/\/frontaliers-grandest.eu\/de\/wp-json\/wp\/v2\/pages\/45873","targetHints":{"allow":["GET"]}}],"collection":[{"href":"https:\/\/frontaliers-grandest.eu\/de\/wp-json\/wp\/v2\/pages"}],"about":[{"href":"https:\/\/frontaliers-grandest.eu\/de\/wp-json\/wp\/v2\/types\/page"}],"author":[{"embeddable":true,"href":"https:\/\/frontaliers-grandest.eu\/de\/wp-json\/wp\/v2\/users\/7"}],"replies":[{"embeddable":true,"href":"https:\/\/frontaliers-grandest.eu\/de\/wp-json\/wp\/v2\/comments?post=45873"}],"version-history":[{"count":3,"href":"https:\/\/frontaliers-grandest.eu\/de\/wp-json\/wp\/v2\/pages\/45873\/revisions"}],"predecessor-version":[{"id":54408,"href":"https:\/\/frontaliers-grandest.eu\/de\/wp-json\/wp\/v2\/pages\/45873\/revisions\/54408"}],"up":[{"embeddable":true,"href":"https:\/\/frontaliers-grandest.eu\/de\/wp-json\/wp\/v2\/pages\/45864"}],"wp:featuredmedia":[{"embeddable":true,"href":"https:\/\/frontaliers-grandest.eu\/de\/wp-json\/wp\/v2\/media\/33091"}],"wp:attachment":[{"href":"https:\/\/frontaliers-grandest.eu\/de\/wp-json\/wp\/v2\/media?parent=45873"}],"wp:term":[{"taxonomy":"post_tag","embeddable":true,"href":"https:\/\/frontaliers-grandest.eu\/de\/wp-json\/wp\/v2\/tags?post=45873"},{"taxonomy":"frge_profile","embeddable":true,"href":"https:\/\/frontaliers-grandest.eu\/de\/wp-json\/wp\/v2\/frge_profile?post=45873"}],"curies":[{"name":"wp","href":"https:\/\/api.w.org\/{rel}","templated":true}]}}