{"id":45864,"date":"2021-02-19T13:45:43","date_gmt":"2021-02-19T12:45:43","guid":{"rendered":"https:\/\/frontaliers-grandest.eu\/startseite\/transporte\/belgique\/"},"modified":"2025-01-17T16:04:11","modified_gmt":"2025-01-17T15:04:11","slug":"belgien","status":"publish","type":"page","link":"https:\/\/frontaliers-grandest.eu\/de\/startseite\/transporte\/belgien\/","title":{"rendered":"Belgien"},"content":{"rendered":"\n<div class=\"wp-block-group is-layout-grid wp-container-core-group-is-layout-e766bbef wp-block-group-is-layout-grid\">\n<div class=\"wp-block-group wp-container-content-725258bd is-vertical is-content-justification-center is-layout-flex wp-container-core-group-is-layout-ce155fab wp-block-group-is-layout-flex\">\n<figure class=\"wp-block-image size-large is-resized\"><a href=\"https:\/\/frontaliers-grandest.eu\/de\/startseite\/transporte\/belgien\/park-and-ride\/\"><img loading=\"lazy\" decoding=\"async\" width=\"548\" height=\"548\" src=\"https:\/\/frontaliers-grandest.eu\/wp-content\/uploads\/2024\/12\/parking.svg\" alt=\"\" class=\"wp-image-44750\" style=\"object-fit:contain;width:120px;height:120px\"\/><\/a><\/figure>\n\n\n\n<h5 class=\"wp-block-heading has-text-align-center\" style=\"margin-top:0;margin-bottom:0\">Park-and-Ride-Parkpl\u00e4tze (P + R)<\/h5>\n<\/div>\n\n\n\n<div class=\"wp-block-group wp-container-content-725258bd is-vertical is-content-justification-center is-layout-flex wp-container-core-group-is-layout-ce155fab wp-block-group-is-layout-flex\">\n<figure class=\"wp-block-image size-large is-resized\"><a href=\"https:\/\/frontaliers-grandest.eu\/de\/startseite\/transporte\/belgien\/zuege\/\"><img loading=\"lazy\" decoding=\"async\" width=\"548\" height=\"548\" src=\"https:\/\/frontaliers-grandest.eu\/wp-content\/uploads\/2024\/12\/train.svg\" alt=\"\" class=\"wp-image-44752\" style=\"object-fit:contain;width:120px;height:120px\"\/><\/a><\/figure>\n\n\n\n<h5 class=\"wp-block-heading has-text-align-center\" style=\"margin-top:0;margin-bottom:0\">Z\u00fcge<\/h5>\n<\/div>\n\n\n\n<div class=\"wp-block-group wp-container-content-725258bd is-vertical is-content-justification-center is-layout-flex wp-container-core-group-is-layout-ce155fab wp-block-group-is-layout-flex\">\n<figure class=\"wp-block-image size-large is-resized\"><a href=\"https:\/\/frontaliers-grandest.eu\/de\/startseite\/transporte\/belgien\/bus\/\"><img loading=\"lazy\" decoding=\"async\" width=\"548\" height=\"548\" src=\"https:\/\/frontaliers-grandest.eu\/wp-content\/uploads\/2024\/12\/Design-sans-titre.svg\" alt=\"\" class=\"wp-image-44748\" style=\"object-fit:contain;width:120px;height:120px\"\/><\/a><\/figure>\n\n\n\n<h5 class=\"wp-block-heading has-text-align-center\" style=\"margin-top:0;margin-bottom:0\">Bus<\/h5>\n<\/div>\n\n\n\n<div class=\"wp-block-group wp-container-content-725258bd is-vertical is-content-justification-center is-layout-flex wp-container-core-group-is-layout-ce155fab wp-block-group-is-layout-flex\">\n<figure class=\"wp-block-image size-large is-resized\"><a href=\"https:\/\/frontaliers-grandest.eu\/de\/startseite\/transporte\/belgien\/mitfahrgelegenheit\/\"><img loading=\"lazy\" decoding=\"async\" width=\"548\" height=\"548\" src=\"https:\/\/frontaliers-grandest.eu\/wp-content\/uploads\/2024\/12\/car.svg\" alt=\"\" class=\"wp-image-44746\" style=\"object-fit:contain;width:120px;height:120px\"\/><\/a><\/figure>\n\n\n\n<h5 class=\"wp-block-heading has-text-align-center\" style=\"margin-top:0;margin-bottom:0\">Mitfahrgelegenheiten<\/h5>\n<\/div>\n<\/div>\n","protected":false},"excerpt":{"rendered":"<p>Park-and-Ride-Parkpl\u00e4tze (P + R) Z\u00fcge Bus Mitfahrgelegenheiten<\/p>\n","protected":false},"author":7,"featured_media":33094,"parent":45742,"menu_order":3,"comment_status":"closed","ping_status":"closed","template":"page-transport.php","meta":{"inline_featured_image":false,"footnotes":""},"tags":[],"frge_profile":[],"class_list":["post-45864","page","type-page","status-publish","has-post-thumbnail","hentry"],"yoast_head":"<!-- This site is optimized with the Yoast SEO plugin v27.1.1 - https:\/\/yoast.com\/product\/yoast-seo-wordpress\/ -->\n<title>Parkpl\u00e4tze, Z\u00fcge, Busse, Mitfahrgelegenheiten in Belgien<\/title>\n<meta name=\"description\" content=\"Um in Belgien zu reisen, k\u00f6nnen Sie die Z\u00fcge, Busse, Carsharing oder Parkpl\u00e4tze an der Grenze nutzen.\" \/>\n<meta name=\"robots\" content=\"index, follow, max-snippet:-1, max-image-preview:large, max-video-preview:-1\" \/>\n<link rel=\"canonical\" href=\"https:\/\/frontaliers-grandest.eu\/de\/startseite\/transporte\/belgien\/\" \/>\n<meta property=\"og:locale\" content=\"de_DE\" \/>\n<meta property=\"og:type\" content=\"article\" \/>\n<meta property=\"og:title\" content=\"Parkpl\u00e4tze, Z\u00fcge, Busse, Mitfahrgelegenheiten in Belgien\" \/>\n<meta property=\"og:description\" content=\"Um in Belgien zu reisen, k\u00f6nnen Sie die Z\u00fcge, Busse, Carsharing oder Parkpl\u00e4tze an der Grenze nutzen.\" \/>\n<meta property=\"og:url\" content=\"https:\/\/frontaliers-grandest.eu\/de\/startseite\/transporte\/belgien\/\" \/>\n<meta property=\"og:site_name\" content=\"Frontaliers Grand Est\" \/>\n<meta property=\"article:publisher\" content=\"https:\/\/www.facebook.com\/frontaliers.GR.EST\/?locale=fr_FR\" \/>\n<meta property=\"article:modified_time\" content=\"2025-01-17T15:04:11+00:00\" \/>\n<meta property=\"og:image\" content=\"https:\/\/frontaliers-grandest.eu\/wp-content\/uploads\/2021\/07\/Se-rendre-en-Belgique.jpg\" \/>\n\t<meta property=\"og:image:width\" content=\"1920\" \/>\n\t<meta property=\"og:image:height\" content=\"1080\" \/>\n\t<meta property=\"og:image:type\" content=\"image\/jpeg\" \/>\n<meta name=\"twitter:card\" content=\"summary_large_image\" \/>\n<meta name=\"twitter:label1\" content=\"Gesch\u00e4tzte Lesezeit\" \/>\n\t<meta name=\"twitter:data1\" content=\"2\u00a0Minuten\" \/>\n<script type=\"application\/ld+json\" class=\"yoast-schema-graph\">{\"@context\":\"https:\/\/schema.org\",\"@graph\":[{\"@type\":\"WebPage\",\"@id\":\"https:\/\/frontaliers-grandest.eu\/de\/startseite\/transporte\/belgien\/\",\"url\":\"https:\/\/frontaliers-grandest.eu\/de\/startseite\/transporte\/belgien\/\",\"name\":\"Parkpl\u00e4tze, Z\u00fcge, Busse, Mitfahrgelegenheiten in Belgien\",\"isPartOf\":{\"@id\":\"https:\/\/frontaliers-grandest.eu\/de\/#website\"},\"primaryImageOfPage\":{\"@id\":\"https:\/\/frontaliers-grandest.eu\/de\/startseite\/transporte\/belgien\/#primaryimage\"},\"image\":{\"@id\":\"https:\/\/frontaliers-grandest.eu\/de\/startseite\/transporte\/belgien\/#primaryimage\"},\"thumbnailUrl\":\"https:\/\/frontaliers-grandest.eu\/wp-content\/uploads\/2021\/07\/Se-rendre-en-Belgique.jpg\",\"datePublished\":\"2021-02-19T12:45:43+00:00\",\"dateModified\":\"2025-01-17T15:04:11+00:00\",\"description\":\"Um in Belgien zu reisen, k\u00f6nnen Sie die Z\u00fcge, Busse, Carsharing oder Parkpl\u00e4tze an der Grenze nutzen.\",\"breadcrumb\":{\"@id\":\"https:\/\/frontaliers-grandest.eu\/de\/startseite\/transporte\/belgien\/#breadcrumb\"},\"inLanguage\":\"de\",\"potentialAction\":[{\"@type\":\"ReadAction\",\"target\":[\"https:\/\/frontaliers-grandest.eu\/de\/startseite\/transporte\/belgien\/\"]}]},{\"@type\":\"ImageObject\",\"inLanguage\":\"de\",\"@id\":\"https:\/\/frontaliers-grandest.eu\/de\/startseite\/transporte\/belgien\/#primaryimage\",\"url\":\"https:\/\/frontaliers-grandest.eu\/wp-content\/uploads\/2021\/07\/Se-rendre-en-Belgique.jpg\",\"contentUrl\":\"https:\/\/frontaliers-grandest.eu\/wp-content\/uploads\/2021\/07\/Se-rendre-en-Belgique.jpg\",\"width\":1920,\"height\":1080},{\"@type\":\"BreadcrumbList\",\"@id\":\"https:\/\/frontaliers-grandest.eu\/de\/startseite\/transporte\/belgien\/#breadcrumb\",\"itemListElement\":[{\"@type\":\"ListItem\",\"position\":1,\"name\":\"Startseite\",\"item\":\"https:\/\/frontaliers-grandest.eu\/de\/\"},{\"@type\":\"ListItem\",\"position\":2,\"name\":\"Transporte\",\"item\":\"https:\/\/frontaliers-grandest.eu\/de\/startseite\/transporte\/\"},{\"@type\":\"ListItem\",\"position\":3,\"name\":\"Belgien\"}]},{\"@type\":\"WebSite\",\"@id\":\"https:\/\/frontaliers-grandest.eu\/de\/#website\",\"url\":\"https:\/\/frontaliers-grandest.eu\/de\/\",\"name\":\"Frontaliers Grand Est\",\"description\":\"Le site ressource du travail frontalier\",\"publisher\":{\"@id\":\"https:\/\/frontaliers-grandest.eu\/de\/#organization\"},\"alternateName\":\"Frontaliers Grand Est\",\"potentialAction\":[{\"@type\":\"SearchAction\",\"target\":{\"@type\":\"EntryPoint\",\"urlTemplate\":\"https:\/\/frontaliers-grandest.eu\/de\/?s={search_term_string}\"},\"query-input\":{\"@type\":\"PropertyValueSpecification\",\"valueRequired\":true,\"valueName\":\"search_term_string\"}}],\"inLanguage\":\"de\"},{\"@type\":\"Organization\",\"@id\":\"https:\/\/frontaliers-grandest.eu\/de\/#organization\",\"name\":\"Frontaliers Grand Est\",\"alternateName\":\"Frontaliers Grand Est\",\"url\":\"https:\/\/frontaliers-grandest.eu\/de\/\",\"logo\":{\"@type\":\"ImageObject\",\"inLanguage\":\"de\",\"@id\":\"https:\/\/frontaliers-grandest.eu\/de\/#\/schema\/logo\/image\/\",\"url\":\"https:\/\/frontaliers-grandest.eu\/wp-content\/uploads\/2025\/07\/260328234_2966785176920310_3332838526503858160_n.jpg\",\"contentUrl\":\"https:\/\/frontaliers-grandest.eu\/wp-content\/uploads\/2025\/07\/260328234_2966785176920310_3332838526503858160_n.jpg\",\"width\":396,\"height\":396,\"caption\":\"Frontaliers Grand Est\"},\"image\":{\"@id\":\"https:\/\/frontaliers-grandest.eu\/de\/#\/schema\/logo\/image\/\"},\"sameAs\":[\"https:\/\/www.facebook.com\/frontaliers.GR.EST\/?locale=fr_FR\"]}]}<\/script>\n<!-- \/ Yoast SEO plugin. -->","yoast_head_json":{"title":"Parkpl\u00e4tze, Z\u00fcge, Busse, Mitfahrgelegenheiten in Belgien","description":"Um in Belgien zu reisen, k\u00f6nnen Sie die Z\u00fcge, Busse, Carsharing oder Parkpl\u00e4tze an der Grenze nutzen.","robots":{"index":"index","follow":"follow","max-snippet":"max-snippet:-1","max-image-preview":"max-image-preview:large","max-video-preview":"max-video-preview:-1"},"canonical":"https:\/\/frontaliers-grandest.eu\/de\/startseite\/transporte\/belgien\/","og_locale":"de_DE","og_type":"article","og_title":"Parkpl\u00e4tze, Z\u00fcge, Busse, Mitfahrgelegenheiten in Belgien","og_description":"Um in Belgien zu reisen, k\u00f6nnen Sie die Z\u00fcge, Busse, Carsharing oder Parkpl\u00e4tze an der Grenze nutzen.","og_url":"https:\/\/frontaliers-grandest.eu\/de\/startseite\/transporte\/belgien\/","og_site_name":"Frontaliers Grand Est","article_publisher":"https:\/\/www.facebook.com\/frontaliers.GR.EST\/?locale=fr_FR","article_modified_time":"2025-01-17T15:04:11+00:00","og_image":[{"width":1920,"height":1080,"url":"https:\/\/frontaliers-grandest.eu\/wp-content\/uploads\/2021\/07\/Se-rendre-en-Belgique.jpg","type":"image\/jpeg"}],"twitter_card":"summary_large_image","twitter_misc":{"Gesch\u00e4tzte Lesezeit":"2\u00a0Minuten"},"schema":{"@context":"https:\/\/schema.org","@graph":[{"@type":"WebPage","@id":"https:\/\/frontaliers-grandest.eu\/de\/startseite\/transporte\/belgien\/","url":"https:\/\/frontaliers-grandest.eu\/de\/startseite\/transporte\/belgien\/","name":"Parkpl\u00e4tze, Z\u00fcge, Busse, Mitfahrgelegenheiten in Belgien","isPartOf":{"@id":"https:\/\/frontaliers-grandest.eu\/de\/#website"},"primaryImageOfPage":{"@id":"https:\/\/frontaliers-grandest.eu\/de\/startseite\/transporte\/belgien\/#primaryimage"},"image":{"@id":"https:\/\/frontaliers-grandest.eu\/de\/startseite\/transporte\/belgien\/#primaryimage"},"thumbnailUrl":"https:\/\/frontaliers-grandest.eu\/wp-content\/uploads\/2021\/07\/Se-rendre-en-Belgique.jpg","datePublished":"2021-02-19T12:45:43+00:00","dateModified":"2025-01-17T15:04:11+00:00","description":"Um in Belgien zu reisen, k\u00f6nnen Sie die Z\u00fcge, Busse, Carsharing oder Parkpl\u00e4tze an der Grenze nutzen.","breadcrumb":{"@id":"https:\/\/frontaliers-grandest.eu\/de\/startseite\/transporte\/belgien\/#breadcrumb"},"inLanguage":"de","potentialAction":[{"@type":"ReadAction","target":["https:\/\/frontaliers-grandest.eu\/de\/startseite\/transporte\/belgien\/"]}]},{"@type":"ImageObject","inLanguage":"de","@id":"https:\/\/frontaliers-grandest.eu\/de\/startseite\/transporte\/belgien\/#primaryimage","url":"https:\/\/frontaliers-grandest.eu\/wp-content\/uploads\/2021\/07\/Se-rendre-en-Belgique.jpg","contentUrl":"https:\/\/frontaliers-grandest.eu\/wp-content\/uploads\/2021\/07\/Se-rendre-en-Belgique.jpg","width":1920,"height":1080},{"@type":"BreadcrumbList","@id":"https:\/\/frontaliers-grandest.eu\/de\/startseite\/transporte\/belgien\/#breadcrumb","itemListElement":[{"@type":"ListItem","position":1,"name":"Startseite","item":"https:\/\/frontaliers-grandest.eu\/de\/"},{"@type":"ListItem","position":2,"name":"Transporte","item":"https:\/\/frontaliers-grandest.eu\/de\/startseite\/transporte\/"},{"@type":"ListItem","position":3,"name":"Belgien"}]},{"@type":"WebSite","@id":"https:\/\/frontaliers-grandest.eu\/de\/#website","url":"https:\/\/frontaliers-grandest.eu\/de\/","name":"Frontaliers Grand Est","description":"Le site ressource du travail frontalier","publisher":{"@id":"https:\/\/frontaliers-grandest.eu\/de\/#organization"},"alternateName":"Frontaliers Grand Est","potentialAction":[{"@type":"SearchAction","target":{"@type":"EntryPoint","urlTemplate":"https:\/\/frontaliers-grandest.eu\/de\/?s={search_term_string}"},"query-input":{"@type":"PropertyValueSpecification","valueRequired":true,"valueName":"search_term_string"}}],"inLanguage":"de"},{"@type":"Organization","@id":"https:\/\/frontaliers-grandest.eu\/de\/#organization","name":"Frontaliers Grand Est","alternateName":"Frontaliers Grand Est","url":"https:\/\/frontaliers-grandest.eu\/de\/","logo":{"@type":"ImageObject","inLanguage":"de","@id":"https:\/\/frontaliers-grandest.eu\/de\/#\/schema\/logo\/image\/","url":"https:\/\/frontaliers-grandest.eu\/wp-content\/uploads\/2025\/07\/260328234_2966785176920310_3332838526503858160_n.jpg","contentUrl":"https:\/\/frontaliers-grandest.eu\/wp-content\/uploads\/2025\/07\/260328234_2966785176920310_3332838526503858160_n.jpg","width":396,"height":396,"caption":"Frontaliers Grand Est"},"image":{"@id":"https:\/\/frontaliers-grandest.eu\/de\/#\/schema\/logo\/image\/"},"sameAs":["https:\/\/www.facebook.com\/frontaliers.GR.EST\/?locale=fr_FR"]}]}},"frge_page_order":0,"_links":{"self":[{"href":"https:\/\/frontaliers-grandest.eu\/de\/wp-json\/wp\/v2\/pages\/45864","targetHints":{"allow":["GET"]}}],"collection":[{"href":"https:\/\/frontaliers-grandest.eu\/de\/wp-json\/wp\/v2\/pages"}],"about":[{"href":"https:\/\/frontaliers-grandest.eu\/de\/wp-json\/wp\/v2\/types\/page"}],"author":[{"embeddable":true,"href":"https:\/\/frontaliers-grandest.eu\/de\/wp-json\/wp\/v2\/users\/7"}],"replies":[{"embeddable":true,"href":"https:\/\/frontaliers-grandest.eu\/de\/wp-json\/wp\/v2\/comments?post=45864"}],"version-history":[{"count":2,"href":"https:\/\/frontaliers-grandest.eu\/de\/wp-json\/wp\/v2\/pages\/45864\/revisions"}],"predecessor-version":[{"id":45908,"href":"https:\/\/frontaliers-grandest.eu\/de\/wp-json\/wp\/v2\/pages\/45864\/revisions\/45908"}],"up":[{"embeddable":true,"href":"https:\/\/frontaliers-grandest.eu\/de\/wp-json\/wp\/v2\/pages\/45742"}],"wp:featuredmedia":[{"embeddable":true,"href":"https:\/\/frontaliers-grandest.eu\/de\/wp-json\/wp\/v2\/media\/33094"}],"wp:attachment":[{"href":"https:\/\/frontaliers-grandest.eu\/de\/wp-json\/wp\/v2\/media?parent=45864"}],"wp:term":[{"taxonomy":"post_tag","embeddable":true,"href":"https:\/\/frontaliers-grandest.eu\/de\/wp-json\/wp\/v2\/tags?post=45864"},{"taxonomy":"frge_profile","embeddable":true,"href":"https:\/\/frontaliers-grandest.eu\/de\/wp-json\/wp\/v2\/frge_profile?post=45864"}],"curies":[{"name":"wp","href":"https:\/\/api.w.org\/{rel}","templated":true}]}}