{"id":45857,"date":"2021-02-19T13:53:54","date_gmt":"2021-02-19T12:53:54","guid":{"rendered":"https:\/\/frontaliers-grandest.eu\/startseite\/transporte\/luxemburg\/bus\/"},"modified":"2025-10-29T11:50:35","modified_gmt":"2025-10-29T10:50:35","slug":"bus","status":"publish","type":"page","link":"https:\/\/frontaliers-grandest.eu\/de\/startseite\/transporte\/luxemburg\/bus\/","title":{"rendered":"Bus"},"content":{"rendered":"\n<div class=\"wp-block-frontaliers-grandest-plugin-frge-accordion-block\"><div class=\"accordion-top\"><h4 class=\"accordion-title\">Grenz\u00fcberschreitende Verbindungen<\/h4><svg viewBox=\"0 0 24 24\" stroke-width=\"1.5\" fill=\"none\" xmlns=\"http:\/\/www.w3.org\/2000\/svg\" class=\"accordion-top__icon\"><path d=\"M3 12L21 12M21 12L12.5 3.5M21 12L12.5 20.5\" stroke-width=\"1.5\" stroke-linecap=\"round\" stroke-linejoin=\"round\"><\/path><\/svg><\/div><div class=\"accordion-content\">\n<h5 class=\"wp-block-heading\">Linie 501: Manom (F) &#8211; Catenom &#8211; Mondorf les Bains (Lux) &#8211; Hesperange &#8211; Luxembourg<\/h5>\n\n\n\n<p><a href=\"http:\/\/chrome-extension:\/\/efaidnbmnnnibpcajpcglclefindmkaj\/https:\/\/www.mobiliteit.lu\/wp-content\/uploads\/horaires-new\/rgtr\/501.pdf?v=20230615\"><strong><em>Fahrplan<\/em><\/strong><\/a><\/p>\n\n\n\n<h5 class=\"wp-block-heading\">Linie 502: Yutz (F) &#8211; Thionville &#8211; Hettange Grande &#8211; Luxembourg Kirchberg<\/h5>\n\n\n\n<p><em><strong><a href=\"https:\/\/www.mobiliteit.lu\/wp-content\/uploads\/horaires-new\/rgtr\/502.pdf?v=20200109\">Fahrplan<\/a><\/strong><\/em><\/p>\n\n\n\n<h5 class=\"wp-block-heading\">Linie 503: Thionville &#8211; Metzange &#8211; Luxembourg Kirchberg<\/h5>\n\n\n\n<p><em><strong><a href=\"https:\/\/www.mobiliteit.lu\/wp-content\/uploads\/horaires-new\/rgtr\/503.pdf?v=20230615\">Fahrplan<\/a><\/strong><\/em><\/p>\n\n\n\n<h5 class=\"wp-block-heading\">Linie 504: Leudelange &#8211; Metzange P &amp; R &#8211; Thionville<\/h5>\n\n\n\n<p><strong><em><a href=\"https:\/\/www.mobiliteit.lu\/wp-content\/uploads\/horaires-new\/rgtr\/504.pdf?v=20230615\">Fahrplan<\/a><\/em><\/strong><\/p>\n\n\n\n<h5 class=\"wp-block-heading\">Linie 508: Ottange (F) &#8211; Rumelange &#8211; T\u00e9tange &#8211; Luxembourg Gare<\/h5>\n\n\n\n<p><em><strong><a href=\"https:\/\/www.mobiliteit.lu\/wp-content\/uploads\/horaires-new\/rgtr\/508.pdf?v=20230615\">Fahrplan<\/a><\/strong><\/em><\/p>\n\n\n\n<h5 class=\"wp-block-heading\">Linie 600: Forbach &#8211; Luxemburg<\/h5>\n\n\n\n<p><em><strong><a href=\"https:\/\/storage.googleapis.com\/is-wp-130-prod\/uploads-prod\/2024\/12\/57R600.pdf\" target=\"_blank\" rel=\"noreferrer noopener\">Fahrplan<\/a><\/strong><\/em><\/p>\n\n\n\n<h5 class=\"wp-block-heading\">Linie 601: Luxemburg Zentrum &#8211; Ottange<\/h5>\n\n\n\n<p><a href=\"https:\/\/www.mobiliteit.lu\/wp-content\/uploads\/horaires-new\/rgtr\/601.pdf?v=20230615\"><strong>Fahrplan<\/strong><\/a><\/p>\n\n\n\n<h5 class=\"wp-block-heading\">Linie 602: Val de Briey &#8211; Aumetz &#8211; Audun-le-Tiche &#8211; Esch sur Alzette &#8211; Luxembourg Busbahnhof<\/h5>\n\n\n\n<p><em><strong><a href=\"https:\/\/www.mobiliteit.lu\/wp-content\/uploads\/horaires-new\/rgtr\/602.pdf?v=20230615\">Fahrplan<\/a><\/strong><\/em><\/p>\n\n\n\n<h5 class=\"wp-block-heading\">Linie 603: Piennes (F) &#8211; Landres- Audun le Tiche &#8211; Esch-sur-Alzette &#8211; Luxembourg (Busbahnhof)<\/h5>\n\n\n\n<p><em><strong><a href=\"https:\/\/www.mobiliteit.lu\/wp-content\/uploads\/horaires-new\/rgtr\/603.pdf?v=20230615\">Fahrplan<\/a><\/strong><\/em><\/p>\n\n\n\n<h5 class=\"wp-block-heading\">Linie 604: Villerupt &#8211; Audun le Tiche &#8211; Esch sur Alzette &#8211; Luxemburg<\/h5>\n\n\n\n<p><em><strong><a href=\"https:\/\/www.mobiliteit.lu\/wp-content\/uploads\/horaires-new\/rgtr\/604.pdf?v=20230615\">Fahrplan<\/a><\/strong><\/em><\/p>\n\n\n\n<h5 class=\"wp-block-heading\">Linie 606: Hussigny (F) &#8211; Differdange (Lux) &#8211; Esch sur Alzette &#8211; Luxemburg<\/h5>\n\n\n\n<p><em><strong><a href=\"https:\/\/www.mobiliteit.lu\/wp-content\/uploads\/horaires-new\/rgtr\/606.pdf?v=20200109\">Fahrplan<\/a><\/strong><\/em><\/p>\n\n\n\n<h5 class=\"wp-block-heading\">Linie 642: R\u00e9dange (F) &#8211; Belvaux (Lux)- Esch sur Alzette (Universit\u00e4t) &#8211; Esch sur Alzette (Goar)<\/h5>\n\n\n\n<p><em><a href=\"https:\/\/www.mobiliteit.lu\/wp-content\/uploads\/horaires-new\/rgtr\/642.pdf?v=20230615\"><strong>Fahrplan<\/strong><\/a><\/em><\/p>\n\n\n\n<h5 class=\"wp-block-heading\">Linie 703: Mont Saint Martin (F) &#8211; Aubange (B) &#8211; Athus (B) &#8211; P\u00e9tange (Lux) &#8211; Luxembourg Centre<\/h5>\n\n\n\n<p><em><a href=\"https:\/\/www.mobiliteit.lu\/wp-content\/uploads\/horaires-new\/rgtr\/703.pdf?v=20200109\"><strong>Fahrplan<\/strong><\/a><\/em><\/p>\n\n\n\n<p><\/p>\n\n\n\n<h5 class=\"wp-block-heading\">Linie 732: St. Charles (F) &#8211; Longwy &#8211; Rodange (Lux) &#8211; Luxemburg<\/h5>\n\n\n\n<p><em><strong><a href=\"https:\/\/www.mobiliteit.lu\/wp-content\/uploads\/horaires-new\/rgtr\/732.pdf?v=20200109\">Fahrplan<\/a><\/strong><\/em><\/p>\n\n\n\n<p><br><br><\/p>\n\n\n\n<h5 class=\"wp-block-heading\">Preise: das Regiozone-Ticket<\/h5>\n\n\n\n<figure class=\"wp-block-pullquote\"><blockquote><p><strong>Seit dem 1. M\u00e4rz 2020 ist die Nutzung der \u00f6ffentlichen Verkehrsmittel (Bahn, Bus, Tram) kostenlos. Die kostenlose Fahrt endet an der Grenze, so dass Sie ein grenz\u00fcberschreitendes Ticket oder Abonnement ben\u00f6tigen, um mit dem Bus zwischen Lothringen und dem Gro\u00dfherzogtum zu fahren.<\/strong><\/p><\/blockquote><\/figure>\n\n\n\n<p>Die RegioZone-Tarife f\u00fcr grenz\u00fcberschreitende Busverbindungen basieren auf einem einzigen, progressiven Preis pro Zone und Dauer. Zwei Zonen (RegioZone 1 und RegioZone 2) wurden entsprechend ihrer Entfernung von Luxemburg definiert. Die franz\u00f6sischen St\u00e4dte, die von der RGTR-Gesellschaft angebunden werden, befinden sich alle in Zone 1.<\/p>\n\n\n<div class=\"wp-block-wptb-table-block\"><div class=\"wptb-container-legacy\" data-table-id=\"2097\">\n    <table class=\"wptb-preview-table wptb-element-main-table_setting-2097\" style=\"border-spacing: 3px 3px; border-collapse:  !important; min-width: 100%; border: 1px solid rgb(209, 209, 209); \" data-border-spacing-columns=\"3\" data-border-spacing-rows=\"3\" data-reconstraction=\"1\" data-wptb-cells-width-auto-count=\"2\" data-wptb-horizontal-scroll-status=\"false\" data-wptb-extra-styles=\"LyogRW50ZXIgeW91ciBjdXN0b20gQ1NTIHJ1bGVzIGhlcmUgKi8=\" data-wptb-pro-pagination-top-row-header=\"false\" data-wptb-rows-per-page=\"10\" data-wptb-pro-search-top-row-header=\"false\" data-wptb-searchbar-position=\"left\" role=\"table\" data-table-columns=\"2\" data-wptb-table-alignment=\"center\" data-wptb-table-tds-sum-max-width=\"263\" ><tbody data-global-font-color=\"#000000\" data-global-link-color=\"#000000\" data-global-font-size=\"15\" ><tr  class=\"wptb-row \" style=\"\"><td class=\"wptb-cell \" style=\"border: 1px solid rgb(209, 209, 209); \" data-y-index=\"0\" data-x-index=\"0\" data-wptb-css-td-auto-width=\"true\" data-wptb-cell-vertical-alignment=\"center\" ><div class=\"wptb-text-container wptb-ph-element wptb-element-text-597\" style=\"color: rgb(74, 85, 104); font-size: 15px; \"><div style=\"position: relative;\"><p class=\"\"><strong>Tarifs RegioZone 1* (2023)<\/strong><br><\/p>\n<\/div><\/div><\/td><td class=\"wptb-cell \" style=\"border: 1px solid rgb(209, 209, 209); \" data-y-index=\"0\" data-x-index=\"1\" data-wptb-css-td-auto-width=\"true\" data-wptb-cell-vertical-alignment=\"center\" ><div class=\"wptb-text-container wptb-ph-element wptb-element-text-598\" style=\"color: rgb(74, 85, 104); font-size: 15px; \"><div style=\"position: relative;\"><p>Preis<\/p>\n<\/div><\/div><\/td><\/tr><tr  class=\"wptb-row \" style=\"\"><td class=\"wptb-cell \" style=\"border: 1px solid rgb(209, 209, 209); \" data-y-index=\"1\" data-x-index=\"0\" data-wptb-css-td-auto-width=\"true\" data-wptb-cell-vertical-alignment=\"center\" ><div class=\"wptb-text-container wptb-ph-element wptb-element-text-599\" style=\"color: rgb(74, 85, 104); font-size: 15px; \"><div style=\"position: relative;\"><p>2 Std. Ticket<\/p>\n<\/div><\/div><\/td><td class=\"wptb-cell \" style=\"border: 1px solid rgb(209, 209, 209); \" data-y-index=\"1\" data-x-index=\"1\" data-wptb-css-td-auto-width=\"true\" data-wptb-cell-vertical-alignment=\"center\" ><div class=\"wptb-text-container wptb-ph-element wptb-element-text-600\" style=\"color: rgb(74, 85, 104); font-size: 15px; \"><div style=\"position: relative;\"><p>3,00 &euro;<\/p>\n<\/div><\/div><\/td><\/tr><tr  class=\"wptb-row \" style=\"\"><td class=\"wptb-cell \" style=\"border: 1px solid rgb(209, 209, 209); \" data-y-index=\"2\" data-x-index=\"0\" data-wptb-css-td-auto-width=\"true\" data-wptb-cell-vertical-alignment=\"center\" ><div class=\"wptb-text-container wptb-ph-element wptb-element-text-601\" style=\"color: rgb(74, 85, 104); font-size: 15px; \"><div style=\"position: relative;\"><p>Tageskarte<\/p>\n<\/div><\/div><\/td><td class=\"wptb-cell \" style=\"border: 1px solid rgb(209, 209, 209); \" data-y-index=\"2\" data-x-index=\"1\" data-wptb-css-td-auto-width=\"true\" data-wptb-cell-vertical-alignment=\"center\" ><div class=\"wptb-text-container wptb-ph-element wptb-element-text-602\" style=\"color: rgb(74, 85, 104); font-size: 15px; \"><div style=\"position: relative;\"><p>5,00 &euro;<\/p>\n<\/div><\/div><\/td><\/tr><tr  class=\"wptb-row \" style=\"\"><td class=\"wptb-cell \" style=\"border: 1px solid rgb(209, 209, 209); \" data-y-index=\"3\" data-x-index=\"0\" data-wptb-css-td-auto-width=\"true\" data-wptb-cell-vertical-alignment=\"center\" ><div class=\"wptb-text-container wptb-ph-element wptb-element-text-603\" style=\"color: rgb(74, 85, 104); font-size: 15px; \"><div style=\"position: relative;\"><p>Monatsabonnement<\/p>\n<\/div><\/div><\/td><td class=\"wptb-cell \" style=\"border: 1px solid rgb(209, 209, 209); \" data-y-index=\"3\" data-x-index=\"1\" data-wptb-css-td-auto-width=\"true\" data-wptb-cell-vertical-alignment=\"center\" ><div class=\"wptb-text-container wptb-ph-element wptb-element-text-604\" style=\"color: rgb(74, 85, 104); font-size: 15px; \"><div style=\"position: relative;\"><p>40,00 &euro;<\/p>\n<\/div><\/div><\/td><\/tr><tr  class=\"wptb-row \" style=\"\"><td class=\"wptb-cell \" style=\"border: 1px solid rgb(209, 209, 209); \" data-y-index=\"4\" data-x-index=\"0\" data-wptb-css-td-auto-width=\"true\" data-wptb-cell-vertical-alignment=\"center\" ><div class=\"wptb-text-container wptb-ph-element wptb-element-text-605\" style=\"color: rgb(74, 85, 104); font-size: 15px; \"><div style=\"position: relative;\"><p>Jahresabonnement<\/p>\n<\/div><\/div><\/td><td class=\"wptb-cell \" style=\"border: 1px solid rgb(209, 209, 209); \" data-y-index=\"4\" data-x-index=\"1\" data-wptb-css-td-auto-width=\"true\" data-wptb-cell-vertical-alignment=\"center\" ><div class=\"wptb-text-container wptb-ph-element wptb-element-text-606\" style=\"color: rgb(74, 85, 104); font-size: 15px; \"><div style=\"position: relative;\"><p>360,00 &euro;<\/p>\n<\/div><\/div><\/td><\/tr><\/tbody><\/table>\n<\/div>\n<\/div>\n\n\n<p>*Der RegioZone 1-Tarif gilt ab Thionville, Manom, Cattenom, Audun-le-Tiche, Longwy.<\/p>\n\n\n\n<h5 class=\"wp-block-heading\">Informationen:<\/h5>\n\n\n\n<ul class=\"wp-block-list\">\n<li>Portal f\u00fcr Mobilit\u00e4t in Luxemburg <a href=\"https:\/\/www.mobiliteit.lu\/\" target=\"_blank\" rel=\"noreferrer noopener\">www.mobiliteit.lu<\/a><\/li>\n\n\n\n<li>Mobilit\u00e4tsportal der Gro\u00dfregion <a href=\"http:\/\/www.mobiregio.net\/\" target=\"_blank\" rel=\"noreferrer noopener\">www.mobiregio.net<\/a><\/li>\n\n\n\n<li>Mobilit\u00e4tsportal des Grand Est <a href=\"https:\/\/www.fluo.grandest.fr\/\" target=\"_blank\" rel=\"noreferrer noopener\">www.fluo.grandest.fr<\/a><br><\/li>\n<\/ul>\n<\/div><\/div>\n","protected":false},"excerpt":{"rendered":"","protected":false},"author":7,"featured_media":33096,"parent":45751,"menu_order":1,"comment_status":"closed","ping_status":"closed","template":"page-transport.php","meta":{"inline_featured_image":false,"footnotes":""},"tags":[],"frge_profile":[],"class_list":["post-45857","page","type-page","status-publish","has-post-thumbnail","hentry"],"yoast_head":"<!-- This site is optimized with the Yoast SEO plugin v27.1.1 - https:\/\/yoast.com\/product\/yoast-seo-wordpress\/ -->\n<title>Buslinien Lorraine Luxembourg: Preise &amp; Fahrpl\u00e4ne<\/title>\n<meta name=\"description\" content=\"Sie m\u00f6chten von Lothringen aus mit dem Bus nach Luxemburg. Sehen Sie sich die verf\u00fcgbaren Linien und Tarifangebote an.\" \/>\n<meta name=\"robots\" content=\"index, follow, max-snippet:-1, max-image-preview:large, max-video-preview:-1\" \/>\n<link rel=\"canonical\" href=\"https:\/\/frontaliers-grandest.eu\/de\/startseite\/transporte\/luxemburg\/bus\/\" \/>\n<meta property=\"og:locale\" content=\"de_DE\" \/>\n<meta property=\"og:type\" content=\"article\" \/>\n<meta property=\"og:title\" content=\"Buslinien Lorraine Luxembourg: Preise &amp; Fahrpl\u00e4ne\" \/>\n<meta property=\"og:description\" content=\"Sie m\u00f6chten von Lothringen aus mit dem Bus nach Luxemburg. Sehen Sie sich die verf\u00fcgbaren Linien und Tarifangebote an.\" \/>\n<meta property=\"og:url\" content=\"https:\/\/frontaliers-grandest.eu\/de\/startseite\/transporte\/luxemburg\/bus\/\" \/>\n<meta property=\"og:site_name\" content=\"Frontaliers Grand Est\" \/>\n<meta property=\"article:publisher\" content=\"https:\/\/www.facebook.com\/frontaliers.GR.EST\/?locale=fr_FR\" \/>\n<meta property=\"article:modified_time\" content=\"2025-10-29T10:50:35+00:00\" \/>\n<meta property=\"og:image\" content=\"https:\/\/frontaliers-grandest.eu\/wp-content\/uploads\/2021\/07\/Bus-scaled.jpg\" \/>\n\t<meta property=\"og:image:width\" content=\"2560\" \/>\n\t<meta property=\"og:image:height\" content=\"1709\" \/>\n\t<meta property=\"og:image:type\" content=\"image\/jpeg\" \/>\n<meta name=\"twitter:card\" content=\"summary_large_image\" \/>\n<meta name=\"twitter:label1\" content=\"Gesch\u00e4tzte Lesezeit\" \/>\n\t<meta name=\"twitter:data1\" content=\"2\u00a0Minuten\" \/>\n<script type=\"application\/ld+json\" class=\"yoast-schema-graph\">{\"@context\":\"https:\/\/schema.org\",\"@graph\":[{\"@type\":\"WebPage\",\"@id\":\"https:\/\/frontaliers-grandest.eu\/de\/startseite\/transporte\/luxemburg\/bus\/\",\"url\":\"https:\/\/frontaliers-grandest.eu\/de\/startseite\/transporte\/luxemburg\/bus\/\",\"name\":\"Buslinien Lorraine Luxembourg: Preise & Fahrpl\u00e4ne\",\"isPartOf\":{\"@id\":\"https:\/\/frontaliers-grandest.eu\/de\/#website\"},\"primaryImageOfPage\":{\"@id\":\"https:\/\/frontaliers-grandest.eu\/de\/startseite\/transporte\/luxemburg\/bus\/#primaryimage\"},\"image\":{\"@id\":\"https:\/\/frontaliers-grandest.eu\/de\/startseite\/transporte\/luxemburg\/bus\/#primaryimage\"},\"thumbnailUrl\":\"https:\/\/frontaliers-grandest.eu\/wp-content\/uploads\/2021\/07\/Bus-scaled.jpg\",\"datePublished\":\"2021-02-19T12:53:54+00:00\",\"dateModified\":\"2025-10-29T10:50:35+00:00\",\"description\":\"Sie m\u00f6chten von Lothringen aus mit dem Bus nach Luxemburg. Sehen Sie sich die verf\u00fcgbaren Linien und Tarifangebote an.\",\"breadcrumb\":{\"@id\":\"https:\/\/frontaliers-grandest.eu\/de\/startseite\/transporte\/luxemburg\/bus\/#breadcrumb\"},\"inLanguage\":\"de\",\"potentialAction\":[{\"@type\":\"ReadAction\",\"target\":[\"https:\/\/frontaliers-grandest.eu\/de\/startseite\/transporte\/luxemburg\/bus\/\"]}]},{\"@type\":\"ImageObject\",\"inLanguage\":\"de\",\"@id\":\"https:\/\/frontaliers-grandest.eu\/de\/startseite\/transporte\/luxemburg\/bus\/#primaryimage\",\"url\":\"https:\/\/frontaliers-grandest.eu\/wp-content\/uploads\/2021\/07\/Bus-scaled.jpg\",\"contentUrl\":\"https:\/\/frontaliers-grandest.eu\/wp-content\/uploads\/2021\/07\/Bus-scaled.jpg\",\"width\":2560,\"height\":1709},{\"@type\":\"BreadcrumbList\",\"@id\":\"https:\/\/frontaliers-grandest.eu\/de\/startseite\/transporte\/luxemburg\/bus\/#breadcrumb\",\"itemListElement\":[{\"@type\":\"ListItem\",\"position\":1,\"name\":\"Startseite\",\"item\":\"https:\/\/frontaliers-grandest.eu\/de\/\"},{\"@type\":\"ListItem\",\"position\":2,\"name\":\"Transporte\",\"item\":\"https:\/\/frontaliers-grandest.eu\/de\/startseite\/transporte\/\"},{\"@type\":\"ListItem\",\"position\":3,\"name\":\"Luxemburg\",\"item\":\"https:\/\/frontaliers-grandest.eu\/de\/startseite\/transporte\/luxemburg\/\"},{\"@type\":\"ListItem\",\"position\":4,\"name\":\"Bus\"}]},{\"@type\":\"WebSite\",\"@id\":\"https:\/\/frontaliers-grandest.eu\/de\/#website\",\"url\":\"https:\/\/frontaliers-grandest.eu\/de\/\",\"name\":\"Frontaliers Grand Est\",\"description\":\"Le site ressource du travail frontalier\",\"publisher\":{\"@id\":\"https:\/\/frontaliers-grandest.eu\/de\/#organization\"},\"alternateName\":\"Frontaliers Grand Est\",\"potentialAction\":[{\"@type\":\"SearchAction\",\"target\":{\"@type\":\"EntryPoint\",\"urlTemplate\":\"https:\/\/frontaliers-grandest.eu\/de\/?s={search_term_string}\"},\"query-input\":{\"@type\":\"PropertyValueSpecification\",\"valueRequired\":true,\"valueName\":\"search_term_string\"}}],\"inLanguage\":\"de\"},{\"@type\":\"Organization\",\"@id\":\"https:\/\/frontaliers-grandest.eu\/de\/#organization\",\"name\":\"Frontaliers Grand Est\",\"alternateName\":\"Frontaliers Grand Est\",\"url\":\"https:\/\/frontaliers-grandest.eu\/de\/\",\"logo\":{\"@type\":\"ImageObject\",\"inLanguage\":\"de\",\"@id\":\"https:\/\/frontaliers-grandest.eu\/de\/#\/schema\/logo\/image\/\",\"url\":\"https:\/\/frontaliers-grandest.eu\/wp-content\/uploads\/2025\/07\/260328234_2966785176920310_3332838526503858160_n.jpg\",\"contentUrl\":\"https:\/\/frontaliers-grandest.eu\/wp-content\/uploads\/2025\/07\/260328234_2966785176920310_3332838526503858160_n.jpg\",\"width\":396,\"height\":396,\"caption\":\"Frontaliers Grand Est\"},\"image\":{\"@id\":\"https:\/\/frontaliers-grandest.eu\/de\/#\/schema\/logo\/image\/\"},\"sameAs\":[\"https:\/\/www.facebook.com\/frontaliers.GR.EST\/?locale=fr_FR\"]}]}<\/script>\n<!-- \/ Yoast SEO plugin. -->","yoast_head_json":{"title":"Buslinien Lorraine Luxembourg: Preise & Fahrpl\u00e4ne","description":"Sie m\u00f6chten von Lothringen aus mit dem Bus nach Luxemburg. Sehen Sie sich die verf\u00fcgbaren Linien und Tarifangebote an.","robots":{"index":"index","follow":"follow","max-snippet":"max-snippet:-1","max-image-preview":"max-image-preview:large","max-video-preview":"max-video-preview:-1"},"canonical":"https:\/\/frontaliers-grandest.eu\/de\/startseite\/transporte\/luxemburg\/bus\/","og_locale":"de_DE","og_type":"article","og_title":"Buslinien Lorraine Luxembourg: Preise & Fahrpl\u00e4ne","og_description":"Sie m\u00f6chten von Lothringen aus mit dem Bus nach Luxemburg. Sehen Sie sich die verf\u00fcgbaren Linien und Tarifangebote an.","og_url":"https:\/\/frontaliers-grandest.eu\/de\/startseite\/transporte\/luxemburg\/bus\/","og_site_name":"Frontaliers Grand Est","article_publisher":"https:\/\/www.facebook.com\/frontaliers.GR.EST\/?locale=fr_FR","article_modified_time":"2025-10-29T10:50:35+00:00","og_image":[{"width":2560,"height":1709,"url":"https:\/\/frontaliers-grandest.eu\/wp-content\/uploads\/2021\/07\/Bus-scaled.jpg","type":"image\/jpeg"}],"twitter_card":"summary_large_image","twitter_misc":{"Gesch\u00e4tzte Lesezeit":"2\u00a0Minuten"},"schema":{"@context":"https:\/\/schema.org","@graph":[{"@type":"WebPage","@id":"https:\/\/frontaliers-grandest.eu\/de\/startseite\/transporte\/luxemburg\/bus\/","url":"https:\/\/frontaliers-grandest.eu\/de\/startseite\/transporte\/luxemburg\/bus\/","name":"Buslinien Lorraine Luxembourg: Preise & Fahrpl\u00e4ne","isPartOf":{"@id":"https:\/\/frontaliers-grandest.eu\/de\/#website"},"primaryImageOfPage":{"@id":"https:\/\/frontaliers-grandest.eu\/de\/startseite\/transporte\/luxemburg\/bus\/#primaryimage"},"image":{"@id":"https:\/\/frontaliers-grandest.eu\/de\/startseite\/transporte\/luxemburg\/bus\/#primaryimage"},"thumbnailUrl":"https:\/\/frontaliers-grandest.eu\/wp-content\/uploads\/2021\/07\/Bus-scaled.jpg","datePublished":"2021-02-19T12:53:54+00:00","dateModified":"2025-10-29T10:50:35+00:00","description":"Sie m\u00f6chten von Lothringen aus mit dem Bus nach Luxemburg. Sehen Sie sich die verf\u00fcgbaren Linien und Tarifangebote an.","breadcrumb":{"@id":"https:\/\/frontaliers-grandest.eu\/de\/startseite\/transporte\/luxemburg\/bus\/#breadcrumb"},"inLanguage":"de","potentialAction":[{"@type":"ReadAction","target":["https:\/\/frontaliers-grandest.eu\/de\/startseite\/transporte\/luxemburg\/bus\/"]}]},{"@type":"ImageObject","inLanguage":"de","@id":"https:\/\/frontaliers-grandest.eu\/de\/startseite\/transporte\/luxemburg\/bus\/#primaryimage","url":"https:\/\/frontaliers-grandest.eu\/wp-content\/uploads\/2021\/07\/Bus-scaled.jpg","contentUrl":"https:\/\/frontaliers-grandest.eu\/wp-content\/uploads\/2021\/07\/Bus-scaled.jpg","width":2560,"height":1709},{"@type":"BreadcrumbList","@id":"https:\/\/frontaliers-grandest.eu\/de\/startseite\/transporte\/luxemburg\/bus\/#breadcrumb","itemListElement":[{"@type":"ListItem","position":1,"name":"Startseite","item":"https:\/\/frontaliers-grandest.eu\/de\/"},{"@type":"ListItem","position":2,"name":"Transporte","item":"https:\/\/frontaliers-grandest.eu\/de\/startseite\/transporte\/"},{"@type":"ListItem","position":3,"name":"Luxemburg","item":"https:\/\/frontaliers-grandest.eu\/de\/startseite\/transporte\/luxemburg\/"},{"@type":"ListItem","position":4,"name":"Bus"}]},{"@type":"WebSite","@id":"https:\/\/frontaliers-grandest.eu\/de\/#website","url":"https:\/\/frontaliers-grandest.eu\/de\/","name":"Frontaliers Grand Est","description":"Le site ressource du travail frontalier","publisher":{"@id":"https:\/\/frontaliers-grandest.eu\/de\/#organization"},"alternateName":"Frontaliers Grand Est","potentialAction":[{"@type":"SearchAction","target":{"@type":"EntryPoint","urlTemplate":"https:\/\/frontaliers-grandest.eu\/de\/?s={search_term_string}"},"query-input":{"@type":"PropertyValueSpecification","valueRequired":true,"valueName":"search_term_string"}}],"inLanguage":"de"},{"@type":"Organization","@id":"https:\/\/frontaliers-grandest.eu\/de\/#organization","name":"Frontaliers Grand Est","alternateName":"Frontaliers Grand Est","url":"https:\/\/frontaliers-grandest.eu\/de\/","logo":{"@type":"ImageObject","inLanguage":"de","@id":"https:\/\/frontaliers-grandest.eu\/de\/#\/schema\/logo\/image\/","url":"https:\/\/frontaliers-grandest.eu\/wp-content\/uploads\/2025\/07\/260328234_2966785176920310_3332838526503858160_n.jpg","contentUrl":"https:\/\/frontaliers-grandest.eu\/wp-content\/uploads\/2025\/07\/260328234_2966785176920310_3332838526503858160_n.jpg","width":396,"height":396,"caption":"Frontaliers Grand Est"},"image":{"@id":"https:\/\/frontaliers-grandest.eu\/de\/#\/schema\/logo\/image\/"},"sameAs":["https:\/\/www.facebook.com\/frontaliers.GR.EST\/?locale=fr_FR"]}]}},"frge_page_order":"0","_links":{"self":[{"href":"https:\/\/frontaliers-grandest.eu\/de\/wp-json\/wp\/v2\/pages\/45857","targetHints":{"allow":["GET"]}}],"collection":[{"href":"https:\/\/frontaliers-grandest.eu\/de\/wp-json\/wp\/v2\/pages"}],"about":[{"href":"https:\/\/frontaliers-grandest.eu\/de\/wp-json\/wp\/v2\/types\/page"}],"author":[{"embeddable":true,"href":"https:\/\/frontaliers-grandest.eu\/de\/wp-json\/wp\/v2\/users\/7"}],"replies":[{"embeddable":true,"href":"https:\/\/frontaliers-grandest.eu\/de\/wp-json\/wp\/v2\/comments?post=45857"}],"version-history":[{"count":4,"href":"https:\/\/frontaliers-grandest.eu\/de\/wp-json\/wp\/v2\/pages\/45857\/revisions"}],"predecessor-version":[{"id":54423,"href":"https:\/\/frontaliers-grandest.eu\/de\/wp-json\/wp\/v2\/pages\/45857\/revisions\/54423"}],"up":[{"embeddable":true,"href":"https:\/\/frontaliers-grandest.eu\/de\/wp-json\/wp\/v2\/pages\/45751"}],"wp:featuredmedia":[{"embeddable":true,"href":"https:\/\/frontaliers-grandest.eu\/de\/wp-json\/wp\/v2\/media\/33096"}],"wp:attachment":[{"href":"https:\/\/frontaliers-grandest.eu\/de\/wp-json\/wp\/v2\/media?parent=45857"}],"wp:term":[{"taxonomy":"post_tag","embeddable":true,"href":"https:\/\/frontaliers-grandest.eu\/de\/wp-json\/wp\/v2\/tags?post=45857"},{"taxonomy":"frge_profile","embeddable":true,"href":"https:\/\/frontaliers-grandest.eu\/de\/wp-json\/wp\/v2\/frge_profile?post=45857"}],"curies":[{"name":"wp","href":"https:\/\/api.w.org\/{rel}","templated":true}]}}