{"id":45853,"date":"2021-02-19T14:07:54","date_gmt":"2021-02-19T13:07:54","guid":{"rendered":"https:\/\/frontaliers-grandest.eu\/startseite\/transporte\/allemagne\/bus\/"},"modified":"2025-10-29T11:50:04","modified_gmt":"2025-10-29T10:50:04","slug":"bus","status":"publish","type":"page","link":"https:\/\/frontaliers-grandest.eu\/de\/startseite\/transporte\/deutschland\/bus\/","title":{"rendered":"Bus"},"content":{"rendered":"\n<div class=\"wp-block-frontaliers-grandest-plugin-frge-accordion-block\"><div class=\"accordion-top\"><h4 class=\"accordion-title\">Lothringen &#8211; Saarland<\/h4><svg viewBox=\"0 0 24 24\" stroke-width=\"1.5\" fill=\"none\" xmlns=\"http:\/\/www.w3.org\/2000\/svg\" class=\"accordion-top__icon\"><path d=\"M3 12L21 12M21 12L12.5 3.5M21 12L12.5 20.5\" stroke-width=\"1.5\" stroke-linecap=\"round\" stroke-linejoin=\"round\"><\/path><\/svg><\/div><div class=\"accordion-content\">\n<h5 class=\"wp-block-heading\">Moselstrecke Saar (MS):<\/h5>\n\n\n\n<p class=\"has-small-medium-font-size\"><strong>Saint-Avold &#8211; Hombourg Haut &#8211; Freyming-Merlebach &#8211; Forbach &#8211; Sarrebruck<\/strong><\/p>\n\n\n\n<p>Erste Abfahrt um 5.50 Uhr. Letzte Abfahrt von Saarbr\u00fccken um 19.00 Uhr.<br><em><strong><a href=\"http:\/\/chrome-extension:\/\/efaidnbmnnnibpcajpcglclefindmkaj\/https:\/\/www.saarmoselle.org\/UserFiles\/File\/fichiers-pages-interieurs\/pi-3-urbanisme-et-mobilite\/ms-220901.pdf\">Fahrplan<\/a><\/strong><\/em><\/p>\n\n\n\n<p class=\"has-small-medium-font-size\"><strong>Tarife Linie Mosel-Saar (MS) nach Anzahl der Zonen<br>Einzel- und Tagestickets.<\/strong><\/p>\n\n\n\n<figure class=\"wp-block-table\"><table><thead><tr><th>Durchfahrgebiet<\/th><th><strong>Einzelticket<\/strong><\/th><th><strong>Tageskarte<\/strong><\/th><\/tr><\/thead><tbody><tr><td>1<\/td><td>2,10 \u20ac<\/td><td>4,40 \u20ac<\/td><\/tr><tr><td>2<\/td><td>2,60 \u20ac<\/td><td>5,40 \u20ac<\/td><\/tr><tr><td>3<\/td><td>3,10 \u20ac<\/td><td>6,50 \u20ac<\/td><\/tr><tr><td>4<\/td><td>3,70 \u20ac<\/td><td>7,90 \u20ac<\/td><\/tr><tr><td>5<\/td><td>4,40 \u20ac<\/td><td>9,40 \u20ac<\/td><\/tr><\/tbody><\/table><\/figure>\n\n\n\n<p class=\"has-small-medium-font-size\"><strong>Informationen bei den Spediteuren:<\/strong><\/p>\n\n\n\n<ul class=\"wp-block-list\">\n<li>Eurodisctrict SAARMoselle : <a href=\"http:\/\/www.saarmoselle.org\/\" target=\"_blank\" rel=\"noreferrer noopener\">www.saarmoselle.org<\/a><\/li>\n<\/ul>\n\n\n\n<h5 class=\"wp-block-heading\">Linie 30 (Agglomeration Forbach-Porte de France):<\/h5>\n\n\n\n<p class=\"has-small-medium-font-size\"><strong>Forbach (Busbahnhof) &#8211; Br\u00eame d\u2019or &#8211; Messegel\u00e4nde &#8211; Saarbr\u00fccken Hauptbahnhof&nbsp;<\/strong><\/p>\n\n\n\n<p>Von Forbus und der Saarbahn gemeinsam betriebene Strecke.<br>Ein Bus pro Stunde zwischen 6.00 und 20.00 Uhr unter der Woche. Letzte Abfahrt von Saarbr\u00fccken um 20.34 Uhr unter der Woche.<br><em><strong><a href=\"https:\/\/www.forbus.fr\/wp-content\/uploads\/2023\/03\/Fiches-horaires-Ligne-30.pdf\">Fahrplan<\/a><\/strong><\/em><\/p>\n\n\n\n<p class=\"has-small-medium-font-size\"><strong>Tarife Linie 30<\/strong><\/p>\n\n\n\n<figure class=\"wp-block-table\"><table><tbody><tr><td><strong>Einzelticket f\u00fcr Erwachsene<br>Bei den Fahrern erh\u00e4ltlich<\/strong><\/td><td>2,90 \u20ac<\/td><\/tr><tr><td><strong>Wochenkarte<br>Freier Verkehr w\u00e4hrend der Woche<br>Zum Verkauf am Busbahnhof Forbach<\/strong><\/td><td>24,30 \u20ac<\/td><\/tr><tr><td><strong>Monatskarte<br>Freier Personenverkehr w\u00e4hrend des Monats<br>Zum Verkauf am Busbahnhof Forbach<\/strong><\/td><td>67,50 \u20ac<\/td><\/tr><\/tbody><\/table><\/figure>\n\n\n\n<p class=\"has-small-medium-font-size\"><strong>Angaben:<\/strong><\/p>\n\n\n\n<h5 class=\"wp-block-heading\">Linie S1&nbsp;:<\/h5>\n\n\n\n<p class=\"has-small-medium-font-size\"><strong>Saarbahn Sarreguemines-Sarrebruck (Sarreguemines &#8211; Brebach &#8211; R\u00f6merkastell -Hauptbahnhof &#8211; Riegelsberg &#8211; G\u00fcchenbach &#8211; Heusweiler Markt-Lebach)<\/strong><\/p>\n\n\n\n<p><a href=\"https:\/\/www.saarbahn.de\/media\/download-60c991744f3c9\">Alle 30 Minuten ab Sarreguemines w\u00e4hrend der Hauptverkehrszeiten und st\u00fcndlich f\u00fcr den Rest des Tages.<br><strong>Fahrplan Sarreguemines Saarbr\u00fccken<\/strong><\/a><br><a href=\"https:\/\/www.saarbahn.de\/media\/download-60c99175ab188\"><strong><em>Fahrplan Saarbr\u00fccken-Sarreguemines<\/em><\/strong><\/a><\/p>\n\n\n\n<p class=\"has-small-medium-font-size\"><strong>Tarife Linie S1 (Strecke Sarreguemines-Saarbr\u00fccken)<\/strong><\/p>\n\n\n\n<figure class=\"wp-block-table\"><table><tbody><tr><td><strong>Einzelticket<\/strong><\/td><td>5,90 \u20ac<\/td><\/tr><tr><td><strong>Monatskarte<\/strong><\/td><td>99,92 \u20ac<\/td><\/tr><\/tbody><\/table><\/figure>\n\n\n\n<div class=\"wp-block-buttons is-layout-flex wp-block-buttons-is-layout-flex\">\n<div class=\"wp-block-button is-style-fill\"><a class=\"wp-block-button__link wp-element-button\" href=\"http:\/\/www.saarVV.de\" target=\"_blank\" rel=\"noreferrer noopener\"><strong>Angaben:<\/strong> Saar VV Call-center- www.saarVV.de<\/a><\/div>\n<\/div>\n\n\n\n<div class=\"wp-block-buttons is-layout-flex wp-block-buttons-is-layout-flex\">\n<div class=\"wp-block-button is-style-fill\"><a class=\"wp-block-button__link wp-element-button\" href=\"http:\/\/www.saarbahn.de\" target=\"_blank\" rel=\"noreferrer noopener\"><strong>Angaben:<\/strong> Saarl\u00e4ndischer Verkehrsverbund &#8211; www.saarbahn.de<\/a><\/div>\n<\/div>\n<\/div><\/div>\n\n\n\n<p><\/p>\n","protected":false},"excerpt":{"rendered":"","protected":false},"author":7,"featured_media":33096,"parent":45844,"menu_order":1,"comment_status":"closed","ping_status":"closed","template":"page-transport.php","meta":{"inline_featured_image":false,"footnotes":""},"tags":[],"frge_profile":[],"class_list":["post-45853","page","type-page","status-publish","has-post-thumbnail","hentry"],"yoast_head":"<!-- This site is optimized with the Yoast SEO plugin v27.1.1 - https:\/\/yoast.com\/product\/yoast-seo-wordpress\/ -->\n<title>Bus - Frontaliers Grand Est<\/title>\n<meta name=\"description\" content=\"Vous souhaitez vous rendre en Sarre en bus depuis la Lorraine. Consultez les lignes disponibles et les offres tarifaires .\" \/>\n<meta name=\"robots\" content=\"index, follow, max-snippet:-1, max-image-preview:large, max-video-preview:-1\" \/>\n<link rel=\"canonical\" href=\"https:\/\/frontaliers-grandest.eu\/de\/startseite\/transporte\/deutschland\/bus\/\" \/>\n<meta property=\"og:locale\" content=\"de_DE\" \/>\n<meta property=\"og:type\" content=\"article\" \/>\n<meta property=\"og:title\" content=\"Bus - Frontaliers Grand Est\" \/>\n<meta property=\"og:description\" content=\"Vous souhaitez vous rendre en Sarre en bus depuis la Lorraine. Consultez les lignes disponibles et les offres tarifaires .\" \/>\n<meta property=\"og:url\" content=\"https:\/\/frontaliers-grandest.eu\/de\/startseite\/transporte\/deutschland\/bus\/\" \/>\n<meta property=\"og:site_name\" content=\"Frontaliers Grand Est\" \/>\n<meta property=\"article:publisher\" content=\"https:\/\/www.facebook.com\/frontaliers.GR.EST\/?locale=fr_FR\" \/>\n<meta property=\"article:modified_time\" content=\"2025-10-29T10:50:04+00:00\" \/>\n<meta property=\"og:image\" content=\"https:\/\/frontaliers-grandest.eu\/wp-content\/uploads\/2021\/07\/Bus-scaled.jpg\" \/>\n\t<meta property=\"og:image:width\" content=\"2560\" \/>\n\t<meta property=\"og:image:height\" content=\"1709\" \/>\n\t<meta property=\"og:image:type\" content=\"image\/jpeg\" \/>\n<meta name=\"twitter:card\" content=\"summary_large_image\" \/>\n<meta name=\"twitter:label1\" content=\"Gesch\u00e4tzte Lesezeit\" \/>\n\t<meta name=\"twitter:data1\" content=\"2\u00a0Minuten\" \/>\n<script type=\"application\/ld+json\" class=\"yoast-schema-graph\">{\"@context\":\"https:\/\/schema.org\",\"@graph\":[{\"@type\":\"WebPage\",\"@id\":\"https:\/\/frontaliers-grandest.eu\/de\/startseite\/transporte\/deutschland\/bus\/\",\"url\":\"https:\/\/frontaliers-grandest.eu\/de\/startseite\/transporte\/deutschland\/bus\/\",\"name\":\"Bus - Frontaliers Grand Est\",\"isPartOf\":{\"@id\":\"https:\/\/frontaliers-grandest.eu\/de\/#website\"},\"primaryImageOfPage\":{\"@id\":\"https:\/\/frontaliers-grandest.eu\/de\/startseite\/transporte\/deutschland\/bus\/#primaryimage\"},\"image\":{\"@id\":\"https:\/\/frontaliers-grandest.eu\/de\/startseite\/transporte\/deutschland\/bus\/#primaryimage\"},\"thumbnailUrl\":\"https:\/\/frontaliers-grandest.eu\/wp-content\/uploads\/2021\/07\/Bus-scaled.jpg\",\"datePublished\":\"2021-02-19T13:07:54+00:00\",\"dateModified\":\"2025-10-29T10:50:04+00:00\",\"description\":\"Vous souhaitez vous rendre en Sarre en bus depuis la Lorraine. Consultez les lignes disponibles et les offres tarifaires .\",\"breadcrumb\":{\"@id\":\"https:\/\/frontaliers-grandest.eu\/de\/startseite\/transporte\/deutschland\/bus\/#breadcrumb\"},\"inLanguage\":\"de\",\"potentialAction\":[{\"@type\":\"ReadAction\",\"target\":[\"https:\/\/frontaliers-grandest.eu\/de\/startseite\/transporte\/deutschland\/bus\/\"]}]},{\"@type\":\"ImageObject\",\"inLanguage\":\"de\",\"@id\":\"https:\/\/frontaliers-grandest.eu\/de\/startseite\/transporte\/deutschland\/bus\/#primaryimage\",\"url\":\"https:\/\/frontaliers-grandest.eu\/wp-content\/uploads\/2021\/07\/Bus-scaled.jpg\",\"contentUrl\":\"https:\/\/frontaliers-grandest.eu\/wp-content\/uploads\/2021\/07\/Bus-scaled.jpg\",\"width\":2560,\"height\":1709},{\"@type\":\"BreadcrumbList\",\"@id\":\"https:\/\/frontaliers-grandest.eu\/de\/startseite\/transporte\/deutschland\/bus\/#breadcrumb\",\"itemListElement\":[{\"@type\":\"ListItem\",\"position\":1,\"name\":\"Startseite\",\"item\":\"https:\/\/frontaliers-grandest.eu\/de\/\"},{\"@type\":\"ListItem\",\"position\":2,\"name\":\"Transporte\",\"item\":\"https:\/\/frontaliers-grandest.eu\/de\/startseite\/transporte\/\"},{\"@type\":\"ListItem\",\"position\":3,\"name\":\"Deutschland\",\"item\":\"https:\/\/frontaliers-grandest.eu\/de\/startseite\/transporte\/deutschland\/\"},{\"@type\":\"ListItem\",\"position\":4,\"name\":\"Bus\"}]},{\"@type\":\"WebSite\",\"@id\":\"https:\/\/frontaliers-grandest.eu\/de\/#website\",\"url\":\"https:\/\/frontaliers-grandest.eu\/de\/\",\"name\":\"Frontaliers Grand Est\",\"description\":\"Le site ressource du travail frontalier\",\"publisher\":{\"@id\":\"https:\/\/frontaliers-grandest.eu\/de\/#organization\"},\"alternateName\":\"Frontaliers Grand Est\",\"potentialAction\":[{\"@type\":\"SearchAction\",\"target\":{\"@type\":\"EntryPoint\",\"urlTemplate\":\"https:\/\/frontaliers-grandest.eu\/de\/?s={search_term_string}\"},\"query-input\":{\"@type\":\"PropertyValueSpecification\",\"valueRequired\":true,\"valueName\":\"search_term_string\"}}],\"inLanguage\":\"de\"},{\"@type\":\"Organization\",\"@id\":\"https:\/\/frontaliers-grandest.eu\/de\/#organization\",\"name\":\"Frontaliers Grand Est\",\"alternateName\":\"Frontaliers Grand Est\",\"url\":\"https:\/\/frontaliers-grandest.eu\/de\/\",\"logo\":{\"@type\":\"ImageObject\",\"inLanguage\":\"de\",\"@id\":\"https:\/\/frontaliers-grandest.eu\/de\/#\/schema\/logo\/image\/\",\"url\":\"https:\/\/frontaliers-grandest.eu\/wp-content\/uploads\/2025\/07\/260328234_2966785176920310_3332838526503858160_n.jpg\",\"contentUrl\":\"https:\/\/frontaliers-grandest.eu\/wp-content\/uploads\/2025\/07\/260328234_2966785176920310_3332838526503858160_n.jpg\",\"width\":396,\"height\":396,\"caption\":\"Frontaliers Grand Est\"},\"image\":{\"@id\":\"https:\/\/frontaliers-grandest.eu\/de\/#\/schema\/logo\/image\/\"},\"sameAs\":[\"https:\/\/www.facebook.com\/frontaliers.GR.EST\/?locale=fr_FR\"]}]}<\/script>\n<!-- \/ Yoast SEO plugin. -->","yoast_head_json":{"title":"Bus - Frontaliers Grand Est","description":"Vous souhaitez vous rendre en Sarre en bus depuis la Lorraine. Consultez les lignes disponibles et les offres tarifaires .","robots":{"index":"index","follow":"follow","max-snippet":"max-snippet:-1","max-image-preview":"max-image-preview:large","max-video-preview":"max-video-preview:-1"},"canonical":"https:\/\/frontaliers-grandest.eu\/de\/startseite\/transporte\/deutschland\/bus\/","og_locale":"de_DE","og_type":"article","og_title":"Bus - Frontaliers Grand Est","og_description":"Vous souhaitez vous rendre en Sarre en bus depuis la Lorraine. Consultez les lignes disponibles et les offres tarifaires .","og_url":"https:\/\/frontaliers-grandest.eu\/de\/startseite\/transporte\/deutschland\/bus\/","og_site_name":"Frontaliers Grand Est","article_publisher":"https:\/\/www.facebook.com\/frontaliers.GR.EST\/?locale=fr_FR","article_modified_time":"2025-10-29T10:50:04+00:00","og_image":[{"width":2560,"height":1709,"url":"https:\/\/frontaliers-grandest.eu\/wp-content\/uploads\/2021\/07\/Bus-scaled.jpg","type":"image\/jpeg"}],"twitter_card":"summary_large_image","twitter_misc":{"Gesch\u00e4tzte Lesezeit":"2\u00a0Minuten"},"schema":{"@context":"https:\/\/schema.org","@graph":[{"@type":"WebPage","@id":"https:\/\/frontaliers-grandest.eu\/de\/startseite\/transporte\/deutschland\/bus\/","url":"https:\/\/frontaliers-grandest.eu\/de\/startseite\/transporte\/deutschland\/bus\/","name":"Bus - Frontaliers Grand Est","isPartOf":{"@id":"https:\/\/frontaliers-grandest.eu\/de\/#website"},"primaryImageOfPage":{"@id":"https:\/\/frontaliers-grandest.eu\/de\/startseite\/transporte\/deutschland\/bus\/#primaryimage"},"image":{"@id":"https:\/\/frontaliers-grandest.eu\/de\/startseite\/transporte\/deutschland\/bus\/#primaryimage"},"thumbnailUrl":"https:\/\/frontaliers-grandest.eu\/wp-content\/uploads\/2021\/07\/Bus-scaled.jpg","datePublished":"2021-02-19T13:07:54+00:00","dateModified":"2025-10-29T10:50:04+00:00","description":"Vous souhaitez vous rendre en Sarre en bus depuis la Lorraine. Consultez les lignes disponibles et les offres tarifaires .","breadcrumb":{"@id":"https:\/\/frontaliers-grandest.eu\/de\/startseite\/transporte\/deutschland\/bus\/#breadcrumb"},"inLanguage":"de","potentialAction":[{"@type":"ReadAction","target":["https:\/\/frontaliers-grandest.eu\/de\/startseite\/transporte\/deutschland\/bus\/"]}]},{"@type":"ImageObject","inLanguage":"de","@id":"https:\/\/frontaliers-grandest.eu\/de\/startseite\/transporte\/deutschland\/bus\/#primaryimage","url":"https:\/\/frontaliers-grandest.eu\/wp-content\/uploads\/2021\/07\/Bus-scaled.jpg","contentUrl":"https:\/\/frontaliers-grandest.eu\/wp-content\/uploads\/2021\/07\/Bus-scaled.jpg","width":2560,"height":1709},{"@type":"BreadcrumbList","@id":"https:\/\/frontaliers-grandest.eu\/de\/startseite\/transporte\/deutschland\/bus\/#breadcrumb","itemListElement":[{"@type":"ListItem","position":1,"name":"Startseite","item":"https:\/\/frontaliers-grandest.eu\/de\/"},{"@type":"ListItem","position":2,"name":"Transporte","item":"https:\/\/frontaliers-grandest.eu\/de\/startseite\/transporte\/"},{"@type":"ListItem","position":3,"name":"Deutschland","item":"https:\/\/frontaliers-grandest.eu\/de\/startseite\/transporte\/deutschland\/"},{"@type":"ListItem","position":4,"name":"Bus"}]},{"@type":"WebSite","@id":"https:\/\/frontaliers-grandest.eu\/de\/#website","url":"https:\/\/frontaliers-grandest.eu\/de\/","name":"Frontaliers Grand Est","description":"Le site ressource du travail frontalier","publisher":{"@id":"https:\/\/frontaliers-grandest.eu\/de\/#organization"},"alternateName":"Frontaliers Grand Est","potentialAction":[{"@type":"SearchAction","target":{"@type":"EntryPoint","urlTemplate":"https:\/\/frontaliers-grandest.eu\/de\/?s={search_term_string}"},"query-input":{"@type":"PropertyValueSpecification","valueRequired":true,"valueName":"search_term_string"}}],"inLanguage":"de"},{"@type":"Organization","@id":"https:\/\/frontaliers-grandest.eu\/de\/#organization","name":"Frontaliers Grand Est","alternateName":"Frontaliers Grand Est","url":"https:\/\/frontaliers-grandest.eu\/de\/","logo":{"@type":"ImageObject","inLanguage":"de","@id":"https:\/\/frontaliers-grandest.eu\/de\/#\/schema\/logo\/image\/","url":"https:\/\/frontaliers-grandest.eu\/wp-content\/uploads\/2025\/07\/260328234_2966785176920310_3332838526503858160_n.jpg","contentUrl":"https:\/\/frontaliers-grandest.eu\/wp-content\/uploads\/2025\/07\/260328234_2966785176920310_3332838526503858160_n.jpg","width":396,"height":396,"caption":"Frontaliers Grand Est"},"image":{"@id":"https:\/\/frontaliers-grandest.eu\/de\/#\/schema\/logo\/image\/"},"sameAs":["https:\/\/www.facebook.com\/frontaliers.GR.EST\/?locale=fr_FR"]}]}},"frge_page_order":"0","_links":{"self":[{"href":"https:\/\/frontaliers-grandest.eu\/de\/wp-json\/wp\/v2\/pages\/45853","targetHints":{"allow":["GET"]}}],"collection":[{"href":"https:\/\/frontaliers-grandest.eu\/de\/wp-json\/wp\/v2\/pages"}],"about":[{"href":"https:\/\/frontaliers-grandest.eu\/de\/wp-json\/wp\/v2\/types\/page"}],"author":[{"embeddable":true,"href":"https:\/\/frontaliers-grandest.eu\/de\/wp-json\/wp\/v2\/users\/7"}],"replies":[{"embeddable":true,"href":"https:\/\/frontaliers-grandest.eu\/de\/wp-json\/wp\/v2\/comments?post=45853"}],"version-history":[{"count":3,"href":"https:\/\/frontaliers-grandest.eu\/de\/wp-json\/wp\/v2\/pages\/45853\/revisions"}],"predecessor-version":[{"id":54421,"href":"https:\/\/frontaliers-grandest.eu\/de\/wp-json\/wp\/v2\/pages\/45853\/revisions\/54421"}],"up":[{"embeddable":true,"href":"https:\/\/frontaliers-grandest.eu\/de\/wp-json\/wp\/v2\/pages\/45844"}],"wp:featuredmedia":[{"embeddable":true,"href":"https:\/\/frontaliers-grandest.eu\/de\/wp-json\/wp\/v2\/media\/33096"}],"wp:attachment":[{"href":"https:\/\/frontaliers-grandest.eu\/de\/wp-json\/wp\/v2\/media?parent=45853"}],"wp:term":[{"taxonomy":"post_tag","embeddable":true,"href":"https:\/\/frontaliers-grandest.eu\/de\/wp-json\/wp\/v2\/tags?post=45853"},{"taxonomy":"frge_profile","embeddable":true,"href":"https:\/\/frontaliers-grandest.eu\/de\/wp-json\/wp\/v2\/frge_profile?post=45853"}],"curies":[{"name":"wp","href":"https:\/\/api.w.org\/{rel}","templated":true}]}}