{"id":45805,"date":"2022-08-10T15:08:19","date_gmt":"2022-08-10T13:08:19","guid":{"rendered":"https:\/\/frontaliers-grandest.eu\/startseite\/transporte\/luxemburg\/tram\/"},"modified":"2025-10-29T11:47:34","modified_gmt":"2025-10-29T10:47:34","slug":"tram","status":"publish","type":"page","link":"https:\/\/frontaliers-grandest.eu\/de\/startseite\/transporte\/luxemburg\/tram\/","title":{"rendered":"Tram"},"content":{"rendered":"\n<p>Die Tram des Gro\u00dfherzogtums Luxemburg ist in Luxemburg f\u00fcr Grenzg\u00e4nger, die aus dem Hauptbahnhof kommen, unumg\u00e4nglich geworden. Sie bildet ein <strong>8 km langes Netz mit 15 Stationen.<\/strong><\/p>\n\n\n\n<div class=\"wp-block-frontaliers-grandest-plugin-frge-accordion-block\"><div class=\"accordion-top\"><h4 class=\"accordion-title\">Tarife<\/h4><svg viewBox=\"0 0 24 24\" stroke-width=\"1.5\" fill=\"none\" xmlns=\"http:\/\/www.w3.org\/2000\/svg\" class=\"accordion-top__icon\"><path d=\"M3 12L21 12M21 12L12.5 3.5M21 12L12.5 20.5\" stroke-width=\"1.5\" stroke-linecap=\"round\" stroke-linejoin=\"round\"><\/path><\/svg><\/div><div class=\"accordion-content\">\n<h5 class=\"wp-block-heading\">Kostenlose Nutzung \u00f6ffentlicher Verkehrsmittel im Gro\u00dfherzogtum Luxemburg<\/h5>\n\n\n\n<p>Seit dem 1. M\u00e4rz 2020 sind die \u00f6ffentlichen Verkehrsmittel in Luxemburg kostenlos. Alle Busse, Stra\u00dfenbahnen und Z\u00fcge (mit Ausnahme der ersten Klasse) sind im gesamten Land und f\u00fcr alle Benutzer kostenlos.<\/p>\n\n\n\n<p>Sie brauchen also keine Fahrkarte, um mit der Stra\u00dfenbahn zu fahren.<\/p>\n<\/div><\/div>\n\n\n\n<div class=\"wp-block-frontaliers-grandest-plugin-frge-accordion-block\"><div class=\"accordion-top\"><h4 class=\"accordion-title\">Verschiedene Haltestellen<\/h4><svg viewBox=\"0 0 24 24\" stroke-width=\"1.5\" fill=\"none\" xmlns=\"http:\/\/www.w3.org\/2000\/svg\" class=\"accordion-top__icon\"><path d=\"M3 12L21 12M21 12L12.5 3.5M21 12L12.5 20.5\" stroke-width=\"1.5\" stroke-linecap=\"round\" stroke-linejoin=\"round\"><\/path><\/svg><\/div><div class=\"accordion-content\">\n<p>Die Stra\u00dfenbahnlinie bedient 17 Stationen, darunter 6 wichtige Umsteigepunkte:<\/p>\n\n\n\n<p><strong>\u2013 \u201eLuxexpo\u201c<\/strong>, mit Bussen und dem zuk\u00fcnftigen P&amp;R<\/p>\n\n\n\n<p><strong>\u2013 \u201ePfaffenthal-Kirchberg\u201c<\/strong>, mit Bussen und dem neuen Bahnhof am Fu\u00df der Roten Br\u00fccke.<\/p>\n\n\n\n<p><strong>\u2013 \u201eSt\u00e4replaz \/ \u00c9toile\u201c<\/strong>, mit den Bussen<\/p>\n\n\n\n<p><strong>\u2013&nbsp;<\/strong>\u201e<strong>Hamilius\u201c<\/strong>, mit den Bussen<\/p>\n\n\n\n<p><strong>\u2013&nbsp;\u201eHauptbahnhof\u201c<\/strong> mit Bussen und Z\u00fcgen<\/p>\n\n\n\n<p>&#8211; <strong>\u201eLyc\u00e9e Bouneweg\u201c<\/strong>, mit den Bussen<\/p>\n\n\n\n<p><\/p>\n\n\n\n<figure class=\"wp-block-image aligncenter size-full\"><img loading=\"lazy\" decoding=\"async\" width=\"2256\" height=\"1271\" src=\"https:\/\/frontaliers-grandest.eu\/wp-content\/uploads\/2024\/01\/ligne-tram-17-stations2.jpg\" alt=\"\" class=\"wp-image-32136\" srcset=\"https:\/\/frontaliers-grandest.eu\/wp-content\/uploads\/2024\/01\/ligne-tram-17-stations2.jpg 2256w, https:\/\/frontaliers-grandest.eu\/wp-content\/uploads\/2024\/01\/ligne-tram-17-stations2-300x169.jpg 300w, https:\/\/frontaliers-grandest.eu\/wp-content\/uploads\/2024\/01\/ligne-tram-17-stations2-1024x577.jpg 1024w, https:\/\/frontaliers-grandest.eu\/wp-content\/uploads\/2024\/01\/ligne-tram-17-stations2-768x433.jpg 768w, https:\/\/frontaliers-grandest.eu\/wp-content\/uploads\/2024\/01\/ligne-tram-17-stations2-1536x865.jpg 1536w, https:\/\/frontaliers-grandest.eu\/wp-content\/uploads\/2024\/01\/ligne-tram-17-stations2-2048x1154.jpg 2048w\" sizes=\"auto, (max-width: 2256px) 100vw, 2256px\" \/><\/figure>\n<\/div><\/div>\n\n\n\n<div class=\"wp-block-frontaliers-grandest-plugin-frge-accordion-block\"><div class=\"accordion-top\"><h4 class=\"accordion-title\">H\u00e4ufigkeit der Stra\u00dfenbahnfahrten<\/h4><svg viewBox=\"0 0 24 24\" stroke-width=\"1.5\" fill=\"none\" xmlns=\"http:\/\/www.w3.org\/2000\/svg\" class=\"accordion-top__icon\"><path d=\"M3 12L21 12M21 12L12.5 3.5M21 12L12.5 20.5\" stroke-width=\"1.5\" stroke-linecap=\"round\" stroke-linejoin=\"round\"><\/path><\/svg><\/div><div class=\"accordion-content\">\n<p>Die Fahrpl\u00e4ne und Frequenzen der Stra\u00dfenbahn finden Sie auf der Website von Luxtram.<\/p>\n\n\n\n<p>Informationen \u00fcber die Linie \u201eLuxexpo\u201c Richtung \u201eLyc\u00e9e Bouneweg\u201c und \u201eLyc\u00e9e Bouneweg\u201c Richtung \u201eLuxexpo\u201c <a href=\"https:\/\/www.luxtram.lu\/fr\/la-ligne\/horaires-et-frequences-de-circulation-du-tramway-2\/\">hier<\/a>.<\/p>\n\n\n\n<p><\/p>\n<\/div><\/div>\n","protected":false},"excerpt":{"rendered":"<p>Die Tram des Gro\u00dfherzogtums Luxemburg ist in Luxemburg f\u00fcr Grenzg\u00e4nger, die aus dem Hauptbahnhof kommen, unumg\u00e4nglich geworden. Sie bildet ein 8 km langes Netz mit 15 Stationen.<\/p>\n","protected":false},"author":7,"featured_media":33340,"parent":45751,"menu_order":4,"comment_status":"closed","ping_status":"closed","template":"page-transport.php","meta":{"inline_featured_image":false,"footnotes":""},"tags":[],"frge_profile":[],"class_list":["post-45805","page","type-page","status-publish","has-post-thumbnail","hentry"],"yoast_head":"<!-- This site is optimized with the Yoast SEO plugin v27.1.1 - https:\/\/yoast.com\/product\/yoast-seo-wordpress\/ -->\n<title>Stra\u00dfenbahn - Grenzg\u00e4nger - Luxemburg - Frontaliers Grand Est<\/title>\n<meta name=\"description\" content=\"Zus\u00e4tzlich zum Busnetz k\u00f6nnen die Grenzg\u00e4nger nach Luxemburg nun auch die Stra\u00dfenbahn Quartier Gare nutzen.\" \/>\n<meta name=\"robots\" content=\"index, follow, max-snippet:-1, max-image-preview:large, max-video-preview:-1\" \/>\n<link rel=\"canonical\" href=\"https:\/\/frontaliers-grandest.eu\/de\/startseite\/transporte\/luxemburg\/tram\/\" \/>\n<meta property=\"og:locale\" content=\"de_DE\" \/>\n<meta property=\"og:type\" content=\"article\" \/>\n<meta property=\"og:title\" content=\"Stra\u00dfenbahn - Grenzg\u00e4nger - Luxemburg - Frontaliers Grand Est\" \/>\n<meta property=\"og:description\" content=\"Zus\u00e4tzlich zum Busnetz k\u00f6nnen die Grenzg\u00e4nger nach Luxemburg nun auch die Stra\u00dfenbahn Quartier Gare nutzen.\" \/>\n<meta property=\"og:url\" content=\"https:\/\/frontaliers-grandest.eu\/de\/startseite\/transporte\/luxemburg\/tram\/\" \/>\n<meta property=\"og:site_name\" content=\"Frontaliers Grand Est\" \/>\n<meta property=\"article:publisher\" content=\"https:\/\/www.facebook.com\/frontaliers.GR.EST\/?locale=fr_FR\" \/>\n<meta property=\"article:modified_time\" content=\"2025-10-29T10:47:34+00:00\" \/>\n<meta property=\"og:image\" content=\"https:\/\/frontaliers-grandest.eu\/wp-content\/uploads\/2022\/08\/tram-1481395_1920.jpg\" \/>\n\t<meta property=\"og:image:width\" content=\"1920\" \/>\n\t<meta property=\"og:image:height\" content=\"1281\" \/>\n\t<meta property=\"og:image:type\" content=\"image\/jpeg\" \/>\n<meta name=\"twitter:card\" content=\"summary_large_image\" \/>\n<meta name=\"twitter:label1\" content=\"Gesch\u00e4tzte Lesezeit\" \/>\n\t<meta name=\"twitter:data1\" content=\"2\u00a0Minuten\" \/>\n<script type=\"application\/ld+json\" class=\"yoast-schema-graph\">{\"@context\":\"https:\/\/schema.org\",\"@graph\":[{\"@type\":\"WebPage\",\"@id\":\"https:\/\/frontaliers-grandest.eu\/de\/startseite\/transporte\/luxemburg\/tram\/\",\"url\":\"https:\/\/frontaliers-grandest.eu\/de\/startseite\/transporte\/luxemburg\/tram\/\",\"name\":\"Stra\u00dfenbahn - Grenzg\u00e4nger - Luxemburg - Frontaliers Grand Est\",\"isPartOf\":{\"@id\":\"https:\/\/frontaliers-grandest.eu\/de\/#website\"},\"primaryImageOfPage\":{\"@id\":\"https:\/\/frontaliers-grandest.eu\/de\/startseite\/transporte\/luxemburg\/tram\/#primaryimage\"},\"image\":{\"@id\":\"https:\/\/frontaliers-grandest.eu\/de\/startseite\/transporte\/luxemburg\/tram\/#primaryimage\"},\"thumbnailUrl\":\"https:\/\/frontaliers-grandest.eu\/wp-content\/uploads\/2022\/08\/tram-1481395_1920.jpg\",\"datePublished\":\"2022-08-10T13:08:19+00:00\",\"dateModified\":\"2025-10-29T10:47:34+00:00\",\"description\":\"Zus\u00e4tzlich zum Busnetz k\u00f6nnen die Grenzg\u00e4nger nach Luxemburg nun auch die Stra\u00dfenbahn Quartier Gare nutzen.\",\"breadcrumb\":{\"@id\":\"https:\/\/frontaliers-grandest.eu\/de\/startseite\/transporte\/luxemburg\/tram\/#breadcrumb\"},\"inLanguage\":\"de\",\"potentialAction\":[{\"@type\":\"ReadAction\",\"target\":[\"https:\/\/frontaliers-grandest.eu\/de\/startseite\/transporte\/luxemburg\/tram\/\"]}]},{\"@type\":\"ImageObject\",\"inLanguage\":\"de\",\"@id\":\"https:\/\/frontaliers-grandest.eu\/de\/startseite\/transporte\/luxemburg\/tram\/#primaryimage\",\"url\":\"https:\/\/frontaliers-grandest.eu\/wp-content\/uploads\/2022\/08\/tram-1481395_1920.jpg\",\"contentUrl\":\"https:\/\/frontaliers-grandest.eu\/wp-content\/uploads\/2022\/08\/tram-1481395_1920.jpg\",\"width\":1920,\"height\":1281},{\"@type\":\"BreadcrumbList\",\"@id\":\"https:\/\/frontaliers-grandest.eu\/de\/startseite\/transporte\/luxemburg\/tram\/#breadcrumb\",\"itemListElement\":[{\"@type\":\"ListItem\",\"position\":1,\"name\":\"Startseite\",\"item\":\"https:\/\/frontaliers-grandest.eu\/de\/\"},{\"@type\":\"ListItem\",\"position\":2,\"name\":\"Transporte\",\"item\":\"https:\/\/frontaliers-grandest.eu\/de\/startseite\/transporte\/\"},{\"@type\":\"ListItem\",\"position\":3,\"name\":\"Luxemburg\",\"item\":\"https:\/\/frontaliers-grandest.eu\/de\/startseite\/transporte\/luxemburg\/\"},{\"@type\":\"ListItem\",\"position\":4,\"name\":\"Tram\"}]},{\"@type\":\"WebSite\",\"@id\":\"https:\/\/frontaliers-grandest.eu\/de\/#website\",\"url\":\"https:\/\/frontaliers-grandest.eu\/de\/\",\"name\":\"Frontaliers Grand Est\",\"description\":\"Le site ressource du travail frontalier\",\"publisher\":{\"@id\":\"https:\/\/frontaliers-grandest.eu\/de\/#organization\"},\"alternateName\":\"Frontaliers Grand Est\",\"potentialAction\":[{\"@type\":\"SearchAction\",\"target\":{\"@type\":\"EntryPoint\",\"urlTemplate\":\"https:\/\/frontaliers-grandest.eu\/de\/?s={search_term_string}\"},\"query-input\":{\"@type\":\"PropertyValueSpecification\",\"valueRequired\":true,\"valueName\":\"search_term_string\"}}],\"inLanguage\":\"de\"},{\"@type\":\"Organization\",\"@id\":\"https:\/\/frontaliers-grandest.eu\/de\/#organization\",\"name\":\"Frontaliers Grand Est\",\"alternateName\":\"Frontaliers Grand Est\",\"url\":\"https:\/\/frontaliers-grandest.eu\/de\/\",\"logo\":{\"@type\":\"ImageObject\",\"inLanguage\":\"de\",\"@id\":\"https:\/\/frontaliers-grandest.eu\/de\/#\/schema\/logo\/image\/\",\"url\":\"https:\/\/frontaliers-grandest.eu\/wp-content\/uploads\/2025\/07\/260328234_2966785176920310_3332838526503858160_n.jpg\",\"contentUrl\":\"https:\/\/frontaliers-grandest.eu\/wp-content\/uploads\/2025\/07\/260328234_2966785176920310_3332838526503858160_n.jpg\",\"width\":396,\"height\":396,\"caption\":\"Frontaliers Grand Est\"},\"image\":{\"@id\":\"https:\/\/frontaliers-grandest.eu\/de\/#\/schema\/logo\/image\/\"},\"sameAs\":[\"https:\/\/www.facebook.com\/frontaliers.GR.EST\/?locale=fr_FR\"]}]}<\/script>\n<!-- \/ Yoast SEO plugin. -->","yoast_head_json":{"title":"Stra\u00dfenbahn - Grenzg\u00e4nger - Luxemburg - Frontaliers Grand Est","description":"Zus\u00e4tzlich zum Busnetz k\u00f6nnen die Grenzg\u00e4nger nach Luxemburg nun auch die Stra\u00dfenbahn Quartier Gare nutzen.","robots":{"index":"index","follow":"follow","max-snippet":"max-snippet:-1","max-image-preview":"max-image-preview:large","max-video-preview":"max-video-preview:-1"},"canonical":"https:\/\/frontaliers-grandest.eu\/de\/startseite\/transporte\/luxemburg\/tram\/","og_locale":"de_DE","og_type":"article","og_title":"Stra\u00dfenbahn - Grenzg\u00e4nger - Luxemburg - Frontaliers Grand Est","og_description":"Zus\u00e4tzlich zum Busnetz k\u00f6nnen die Grenzg\u00e4nger nach Luxemburg nun auch die Stra\u00dfenbahn Quartier Gare nutzen.","og_url":"https:\/\/frontaliers-grandest.eu\/de\/startseite\/transporte\/luxemburg\/tram\/","og_site_name":"Frontaliers Grand Est","article_publisher":"https:\/\/www.facebook.com\/frontaliers.GR.EST\/?locale=fr_FR","article_modified_time":"2025-10-29T10:47:34+00:00","og_image":[{"width":1920,"height":1281,"url":"https:\/\/frontaliers-grandest.eu\/wp-content\/uploads\/2022\/08\/tram-1481395_1920.jpg","type":"image\/jpeg"}],"twitter_card":"summary_large_image","twitter_misc":{"Gesch\u00e4tzte Lesezeit":"2\u00a0Minuten"},"schema":{"@context":"https:\/\/schema.org","@graph":[{"@type":"WebPage","@id":"https:\/\/frontaliers-grandest.eu\/de\/startseite\/transporte\/luxemburg\/tram\/","url":"https:\/\/frontaliers-grandest.eu\/de\/startseite\/transporte\/luxemburg\/tram\/","name":"Stra\u00dfenbahn - Grenzg\u00e4nger - Luxemburg - Frontaliers Grand Est","isPartOf":{"@id":"https:\/\/frontaliers-grandest.eu\/de\/#website"},"primaryImageOfPage":{"@id":"https:\/\/frontaliers-grandest.eu\/de\/startseite\/transporte\/luxemburg\/tram\/#primaryimage"},"image":{"@id":"https:\/\/frontaliers-grandest.eu\/de\/startseite\/transporte\/luxemburg\/tram\/#primaryimage"},"thumbnailUrl":"https:\/\/frontaliers-grandest.eu\/wp-content\/uploads\/2022\/08\/tram-1481395_1920.jpg","datePublished":"2022-08-10T13:08:19+00:00","dateModified":"2025-10-29T10:47:34+00:00","description":"Zus\u00e4tzlich zum Busnetz k\u00f6nnen die Grenzg\u00e4nger nach Luxemburg nun auch die Stra\u00dfenbahn Quartier Gare nutzen.","breadcrumb":{"@id":"https:\/\/frontaliers-grandest.eu\/de\/startseite\/transporte\/luxemburg\/tram\/#breadcrumb"},"inLanguage":"de","potentialAction":[{"@type":"ReadAction","target":["https:\/\/frontaliers-grandest.eu\/de\/startseite\/transporte\/luxemburg\/tram\/"]}]},{"@type":"ImageObject","inLanguage":"de","@id":"https:\/\/frontaliers-grandest.eu\/de\/startseite\/transporte\/luxemburg\/tram\/#primaryimage","url":"https:\/\/frontaliers-grandest.eu\/wp-content\/uploads\/2022\/08\/tram-1481395_1920.jpg","contentUrl":"https:\/\/frontaliers-grandest.eu\/wp-content\/uploads\/2022\/08\/tram-1481395_1920.jpg","width":1920,"height":1281},{"@type":"BreadcrumbList","@id":"https:\/\/frontaliers-grandest.eu\/de\/startseite\/transporte\/luxemburg\/tram\/#breadcrumb","itemListElement":[{"@type":"ListItem","position":1,"name":"Startseite","item":"https:\/\/frontaliers-grandest.eu\/de\/"},{"@type":"ListItem","position":2,"name":"Transporte","item":"https:\/\/frontaliers-grandest.eu\/de\/startseite\/transporte\/"},{"@type":"ListItem","position":3,"name":"Luxemburg","item":"https:\/\/frontaliers-grandest.eu\/de\/startseite\/transporte\/luxemburg\/"},{"@type":"ListItem","position":4,"name":"Tram"}]},{"@type":"WebSite","@id":"https:\/\/frontaliers-grandest.eu\/de\/#website","url":"https:\/\/frontaliers-grandest.eu\/de\/","name":"Frontaliers Grand Est","description":"Le site ressource du travail frontalier","publisher":{"@id":"https:\/\/frontaliers-grandest.eu\/de\/#organization"},"alternateName":"Frontaliers Grand Est","potentialAction":[{"@type":"SearchAction","target":{"@type":"EntryPoint","urlTemplate":"https:\/\/frontaliers-grandest.eu\/de\/?s={search_term_string}"},"query-input":{"@type":"PropertyValueSpecification","valueRequired":true,"valueName":"search_term_string"}}],"inLanguage":"de"},{"@type":"Organization","@id":"https:\/\/frontaliers-grandest.eu\/de\/#organization","name":"Frontaliers Grand Est","alternateName":"Frontaliers Grand Est","url":"https:\/\/frontaliers-grandest.eu\/de\/","logo":{"@type":"ImageObject","inLanguage":"de","@id":"https:\/\/frontaliers-grandest.eu\/de\/#\/schema\/logo\/image\/","url":"https:\/\/frontaliers-grandest.eu\/wp-content\/uploads\/2025\/07\/260328234_2966785176920310_3332838526503858160_n.jpg","contentUrl":"https:\/\/frontaliers-grandest.eu\/wp-content\/uploads\/2025\/07\/260328234_2966785176920310_3332838526503858160_n.jpg","width":396,"height":396,"caption":"Frontaliers Grand Est"},"image":{"@id":"https:\/\/frontaliers-grandest.eu\/de\/#\/schema\/logo\/image\/"},"sameAs":["https:\/\/www.facebook.com\/frontaliers.GR.EST\/?locale=fr_FR"]}]}},"frge_page_order":"0","_links":{"self":[{"href":"https:\/\/frontaliers-grandest.eu\/de\/wp-json\/wp\/v2\/pages\/45805","targetHints":{"allow":["GET"]}}],"collection":[{"href":"https:\/\/frontaliers-grandest.eu\/de\/wp-json\/wp\/v2\/pages"}],"about":[{"href":"https:\/\/frontaliers-grandest.eu\/de\/wp-json\/wp\/v2\/types\/page"}],"author":[{"embeddable":true,"href":"https:\/\/frontaliers-grandest.eu\/de\/wp-json\/wp\/v2\/users\/7"}],"replies":[{"embeddable":true,"href":"https:\/\/frontaliers-grandest.eu\/de\/wp-json\/wp\/v2\/comments?post=45805"}],"version-history":[{"count":2,"href":"https:\/\/frontaliers-grandest.eu\/de\/wp-json\/wp\/v2\/pages\/45805\/revisions"}],"predecessor-version":[{"id":54414,"href":"https:\/\/frontaliers-grandest.eu\/de\/wp-json\/wp\/v2\/pages\/45805\/revisions\/54414"}],"up":[{"embeddable":true,"href":"https:\/\/frontaliers-grandest.eu\/de\/wp-json\/wp\/v2\/pages\/45751"}],"wp:featuredmedia":[{"embeddable":true,"href":"https:\/\/frontaliers-grandest.eu\/de\/wp-json\/wp\/v2\/media\/33340"}],"wp:attachment":[{"href":"https:\/\/frontaliers-grandest.eu\/de\/wp-json\/wp\/v2\/media?parent=45805"}],"wp:term":[{"taxonomy":"post_tag","embeddable":true,"href":"https:\/\/frontaliers-grandest.eu\/de\/wp-json\/wp\/v2\/tags?post=45805"},{"taxonomy":"frge_profile","embeddable":true,"href":"https:\/\/frontaliers-grandest.eu\/de\/wp-json\/wp\/v2\/frge_profile?post=45805"}],"curies":[{"name":"wp","href":"https:\/\/api.w.org\/{rel}","templated":true}]}}