{"id":45795,"date":"2021-02-19T13:56:23","date_gmt":"2021-02-19T12:56:23","guid":{"rendered":"https:\/\/frontaliers-grandest.eu\/startseite\/transporte\/luxemburg\/parkings-relais-p-r\/"},"modified":"2025-10-29T11:45:13","modified_gmt":"2025-10-29T10:45:13","slug":"park-and-ride","status":"publish","type":"page","link":"https:\/\/frontaliers-grandest.eu\/de\/startseite\/transporte\/luxemburg\/park-and-ride\/","title":{"rendered":"Park-and-Ride-Parkpl\u00e4tze (P+R)"},"content":{"rendered":"\n<div class=\"wp-block-frontaliers-grandest-plugin-frge-accordion-block\"><div class=\"accordion-top\"><h4 class=\"accordion-title\">Luxemburgische Grenze<\/h4><svg viewBox=\"0 0 24 24\" stroke-width=\"1.5\" fill=\"none\" xmlns=\"http:\/\/www.w3.org\/2000\/svg\" class=\"accordion-top__icon\"><path d=\"M3 12L21 12M21 12L12.5 3.5M21 12L12.5 20.5\" stroke-width=\"1.5\" stroke-linecap=\"round\" stroke-linejoin=\"round\"><\/path><\/svg><\/div><div class=\"accordion-content\">\n<p>Diese Park-and-Ride-Parkpl\u00e4tze werden von Personen genutzt, die nach Luxemburg fahren und mit ihrem Fahrzeug auf ein Massenverkehrsmittel zugreifen m\u00f6chten. Von den Parkpl\u00e4tzen aus k\u00f6nnen sie eine Bushaltestelle oder einen Bahnhof erreichen.<\/p>\n\n\n\n<h5 class=\"wp-block-heading\"><strong>Park-and-Ride-Parkpl\u00e4tze f\u00fcr Bus und Bahn in Lothringen<\/strong><\/h5>\n\n\n\n<h4 class=\"wp-block-heading\"><\/h4>\n\n\n\n<figure class=\"wp-block-table\"><table><tbody><tr><td>Ort<\/td><td>Anzahl der Pl\u00e4tze<\/td><td>Anschluss an \u00f6ffentliche Verkehrsmittel<\/td><\/tr><tr><td>Audun-le-Tiche<\/td><td>167<\/td><td>Bus-Anschluss<\/td><\/tr><tr><td>Cattenom\/Roussy le Village<\/td><td>253<\/td><td>Bus 323<\/td><\/tr><tr><td>Hettange-Grande<\/td><td>216<\/td><td>CFL-Zug (Linie 90), RGTR-Bus (Linie 302)<\/td><\/tr><tr><td>Longwy<\/td><td>600<\/td><td>Bus 731<\/td><\/tr><tr><td>P+R Longwy<br><\/td><td>640<\/td><td>Zug nach Luxemburg<\/td><\/tr><tr><td>Metz<br>P+R Woippy<br>P+R Foire-Expo<br>P+R Rochambeau<\/td><td>250<\/td><td><br><br><br>Linie A Mettis<br>Linie B Mettis<br>Linie A Mettis<br>Kostenlose Park-and-Ride-Parkpl\u00e4tze f\u00fcr Inhaber eines am selben Tag entwerteten Fahrscheins.<br>Infos zu den P+R Metz: Espace mobilit\u00e9, 00800 00 29038<\/td><\/tr><tr><td>P+R Thionville-Metzange<\/td><td>764<\/td><td>Grenz\u00fcberschreitender Bus 300 und 301<\/td><\/tr><tr><td>P+R Ottange<\/td><td>89<\/td><td><\/td><\/tr><tr><td>P+R Volmerange<\/td><td>152<\/td><td>Bahnverbindung<\/td><\/tr><\/tbody><\/table><\/figure>\n\n\n\n<p>Anfahrtsplan der Park-and-Ride-Parkpl\u00e4tze in Metz auf der Website mobiregio.net :<br><a href=\"https:\/\/www.mobiregio.net\/fileadmin\/mobiregio\/documents\/P_R_Metz.pdf\" target=\"_blank\" rel=\"noreferrer noopener\">Klicken Sie hier<\/a><\/p>\n<\/div><\/div>\n\n\n\n<div class=\"wp-block-frontaliers-grandest-plugin-frge-accordion-block\"><div class=\"accordion-top\"><h4 class=\"accordion-title\">Luxemburg<\/h4><svg viewBox=\"0 0 24 24\" stroke-width=\"1.5\" fill=\"none\" xmlns=\"http:\/\/www.w3.org\/2000\/svg\" class=\"accordion-top__icon\"><path d=\"M3 12L21 12M21 12L12.5 3.5M21 12L12.5 20.5\" stroke-width=\"1.5\" stroke-linecap=\"round\" stroke-linejoin=\"round\"><\/path><\/svg><\/div><div class=\"accordion-content\">\n<h5 class=\"wp-block-heading\"><strong>Park-and-Ride-Z\u00fcge in Luxemburg (vollst\u00e4ndige Liste auf der Website Mobiregio.net)<\/strong><\/h5>\n\n\n<div class=\"wp-block-wptb-table-block\"><div class=\"wptb-container-legacy\" data-table-id=\"2106\">\n    <table class=\"wptb-preview-table wptb-element-main-table_setting-2106\" style=\"border-spacing: 3px 3px; border-collapse:  !important; min-width: 100%; border: 1px solid rgb(209, 209, 209); \" data-border-spacing-columns=\"3\" data-border-spacing-rows=\"3\" data-reconstraction=\"1\" data-wptb-cells-width-auto-count=\"2\" data-wptb-horizontal-scroll-status=\"false\" data-wptb-extra-styles=\"LyogRW50ZXIgeW91ciBjdXN0b20gQ1NTIHJ1bGVzIGhlcmUgKi8=\" data-wptb-pro-pagination-top-row-header=\"false\" data-wptb-rows-per-page=\"10\" data-wptb-pro-search-top-row-header=\"false\" data-wptb-searchbar-position=\"left\" role=\"table\" data-table-columns=\"2\" data-wptb-table-alignment=\"center\" data-wptb-table-tds-sum-max-width=\"263\" ><tbody data-global-font-color=\"#000000\" data-global-link-color=\"#000000\" data-global-font-size=\"15\" ><tr  class=\"wptb-row \" style=\"\"><td class=\"wptb-cell \" style=\"border: 1px solid rgb(209, 209, 209); \" data-y-index=\"0\" data-x-index=\"0\" data-wptb-css-td-auto-width=\"true\" data-wptb-cell-vertical-alignment=\"center\" ><div class=\"wptb-text-container wptb-ph-element wptb-element-text-597\" style=\"color: rgb(0, 0, 0); font-size: 15px; \"><div style=\"position: relative;\"><p>Ort<\/p>\n<\/div><\/div><\/td><td class=\"wptb-cell \" style=\"border: 1px solid rgb(209, 209, 209); \" data-y-index=\"0\" data-x-index=\"1\" data-wptb-css-td-auto-width=\"true\" data-wptb-cell-vertical-alignment=\"center\" ><div class=\"wptb-text-container wptb-ph-element wptb-element-text-598\" style=\"color: rgb(0, 0, 0); font-size: 15px; \"><div style=\"position: relative;\"><p>Anzahl der Pl&auml;tze<\/p>\n<\/div><\/div><\/td><\/tr><tr  class=\"wptb-row \" style=\"\"><td class=\"wptb-cell \" style=\"border: 1px solid rgb(209, 209, 209); \" data-y-index=\"1\" data-x-index=\"0\" data-wptb-css-td-auto-width=\"true\" data-wptb-cell-vertical-alignment=\"center\" ><div class=\"wptb-text-container wptb-ph-element wptb-element-text-599\" style=\"color: rgb(0, 0, 0); font-size: 15px; \"><div style=\"position: relative;\"><p>Belval-Universit&auml;t (CFL Linie 60\/80, TICE Linie 3, RGTR Linie 322).<br>&Uuml;berdachter Park-and-Ride-Parkplatz auf 5 Ebenen. Kostenlos f&uuml;r Nutzer der luxemburgischen &ouml;ffentlichen Verkehrsmittel.<\/p>\n<\/div><\/div><\/td><td class=\"wptb-cell \" style=\"border: 1px solid rgb(209, 209, 209); \" data-y-index=\"1\" data-x-index=\"1\" data-wptb-css-td-auto-width=\"true\" data-wptb-cell-vertical-alignment=\"center\" ><div class=\"wptb-text-container wptb-ph-element wptb-element-text-600\" style=\"\"><div style=\"position: relative;\"><p>1600<\/p>\n<\/div><\/div><\/td><\/tr><tr  class=\"wptb-row \" style=\"\"><td class=\"wptb-cell \" style=\"border: 1px solid rgb(209, 209, 209); \" data-y-index=\"2\" data-x-index=\"0\" data-wptb-css-td-auto-width=\"true\" data-wptb-cell-vertical-alignment=\"center\" ><div class=\"wptb-text-container wptb-ph-element wptb-element-text-601\" style=\"color: rgb(0, 0, 0); font-size: 15px; \"><div style=\"position: relative;\"><p>Berchem<\/p>\n<\/div><\/div><\/td><td class=\"wptb-cell \" style=\"border: 1px solid rgb(209, 209, 209); \" data-y-index=\"2\" data-x-index=\"1\" data-wptb-css-td-auto-width=\"true\" data-wptb-cell-vertical-alignment=\"center\" ><div class=\"wptb-text-container wptb-ph-element wptb-element-text-602\" style=\"\"><div style=\"position: relative;\"><p>167<\/p>\n<\/div><\/div><\/td><\/tr><tr  class=\"wptb-row \" style=\"\"><td class=\"wptb-cell \" style=\"border: 1px solid rgb(209, 209, 209); \" data-y-index=\"3\" data-x-index=\"0\" data-wptb-css-td-auto-width=\"true\" data-wptb-cell-vertical-alignment=\"center\" ><div class=\"wptb-text-container wptb-ph-element wptb-element-text-603\" style=\"color: rgb(0, 0, 0); font-size: 15px; \"><div style=\"position: relative;\"><p>Bettemburg (CFL Linie 60\/80\/90, RGTR Linie 194\/200)<\/p>\n<\/div><\/div><\/td><td class=\"wptb-cell \" style=\"border: 1px solid rgb(209, 209, 209); \" data-y-index=\"3\" data-x-index=\"1\" data-wptb-css-td-auto-width=\"true\" data-wptb-cell-vertical-alignment=\"center\" ><div class=\"wptb-text-container wptb-ph-element wptb-element-text-604\" style=\"\"><div style=\"position: relative;\"><p>308<\/p>\n<\/div><\/div><\/td><\/tr><tr  class=\"wptb-row \" style=\"\"><td class=\"wptb-cell \" style=\"border: 1px solid rgb(209, 209, 209); \" data-y-index=\"4\" data-x-index=\"0\" data-wptb-css-td-auto-width=\"true\" data-wptb-cell-vertical-alignment=\"center\" ><div class=\"wptb-text-container wptb-ph-element wptb-element-text-605\" style=\"\"><div style=\"position: relative;\"><p>Diekirch<\/p>\n<\/div><\/div><\/td><td class=\"wptb-cell \" style=\"border: 1px solid rgb(209, 209, 209); \" data-y-index=\"4\" data-x-index=\"1\" data-wptb-css-td-auto-width=\"true\" data-wptb-cell-vertical-alignment=\"center\" ><div class=\"wptb-text-container wptb-ph-element wptb-element-text-606\" style=\"\"><div style=\"position: relative;\"><p>376<\/p>\n<\/div><\/div><\/td><\/tr><tr  class=\"wptb-row \" style=\"\"><td class=\"wptb-cell \" style=\"border: 1px solid rgb(209, 209, 209); \" data-y-index=\"5\" data-x-index=\"0\" data-wptb-css-td-auto-width=\"true\" data-wptb-cell-vertical-alignment=\"center\" ><div class=\"wptb-text-container wptb-ph-element wptb-element-text-607\" style=\"color: rgb(0, 0, 0); font-size: 15px; \"><div style=\"position: relative;\"><p>Differdange (CFL Linie 60\/80)<\/p>\n<\/div><\/div><\/td><td class=\"wptb-cell \" style=\"border: 1px solid rgb(209, 209, 209); \" data-y-index=\"5\" data-x-index=\"1\" data-wptb-css-td-auto-width=\"true\" data-wptb-cell-vertical-alignment=\"center\" ><div class=\"wptb-text-container wptb-ph-element wptb-element-text-608\" style=\"\"><div style=\"position: relative;\"><p>271<\/p>\n<\/div><\/div><\/td><\/tr><tr  class=\"wptb-row \" style=\"\"><td class=\"wptb-cell \" style=\"border: 1px solid rgb(209, 209, 209); \" data-y-index=\"6\" data-x-index=\"0\" data-wptb-css-td-auto-width=\"true\" data-wptb-cell-vertical-alignment=\"center\" ><div class=\"wptb-text-container wptb-ph-element wptb-element-text-609\" style=\"color: rgb(0, 0, 0); font-size: 15px; \"><div style=\"position: relative;\"><p>Dudelange-Stadt (CFL, Linie 60)<\/p>\n<\/div><\/div><\/td><td class=\"wptb-cell \" style=\"border: 1px solid rgb(209, 209, 209); \" data-y-index=\"6\" data-x-index=\"1\" data-wptb-css-td-auto-width=\"true\" data-wptb-cell-vertical-alignment=\"center\" ><div class=\"wptb-text-container wptb-ph-element wptb-element-text-610\" style=\"\"><div style=\"position: relative;\"><p>267<\/p>\n<\/div><\/div><\/td><\/tr><tr  class=\"wptb-row \" style=\"\"><td class=\"wptb-cell \" style=\"border: 1px solid rgb(209, 209, 209); \" data-y-index=\"7\" data-x-index=\"0\" data-wptb-css-td-auto-width=\"true\" data-wptb-cell-vertical-alignment=\"center\" ><div class=\"wptb-text-container wptb-ph-element wptb-element-text-611\" style=\"color: rgb(0, 0, 0); font-size: 15px; \"><div style=\"position: relative;\"><p>Mersch<\/p>\n<\/div><\/div><\/td><td class=\"wptb-cell \" style=\"border: 1px solid rgb(209, 209, 209); \" data-y-index=\"7\" data-x-index=\"1\" data-wptb-css-td-auto-width=\"true\" data-wptb-cell-vertical-alignment=\"center\" ><div class=\"wptb-text-container wptb-ph-element wptb-element-text-612\" style=\"\"><div style=\"position: relative;\"><p>200<\/p>\n<\/div><\/div><\/td><\/tr><tr  class=\"wptb-row \" style=\"\"><td class=\"wptb-cell \" style=\"border: 1px solid rgb(209, 209, 209); \" data-y-index=\"8\" data-x-index=\"0\" data-wptb-css-td-auto-width=\"true\" data-wptb-cell-vertical-alignment=\"center\" ><div class=\"wptb-text-container wptb-ph-element wptb-element-text-613\" style=\"\"><div style=\"position: relative;\"><p>Rodange<\/p>\n<\/div><\/div><\/td><td class=\"wptb-cell \" style=\"border: 1px solid rgb(209, 209, 209); \" data-y-index=\"8\" data-x-index=\"1\" data-wptb-css-td-auto-width=\"true\" data-wptb-cell-vertical-alignment=\"center\" ><div class=\"wptb-text-container wptb-ph-element wptb-element-text-614\" style=\"\"><div style=\"position: relative;\"><p>166<\/p>\n<\/div><\/div><\/td><\/tr><tr  class=\"wptb-row \" style=\"\"><td class=\"wptb-cell \" style=\"border: 1px solid rgb(209, 209, 209); \" data-y-index=\"9\" data-x-index=\"0\" data-wptb-css-td-auto-width=\"true\" data-wptb-cell-vertical-alignment=\"center\" ><div class=\"wptb-text-container wptb-ph-element wptb-element-text-615\" style=\"\"><div style=\"position: relative;\"><p>Schifflange<\/p>\n<\/div><\/div><\/td><td class=\"wptb-cell \" style=\"border: 1px solid rgb(209, 209, 209); \" data-y-index=\"9\" data-x-index=\"1\" data-wptb-css-td-auto-width=\"true\" data-wptb-cell-vertical-alignment=\"center\" ><div class=\"wptb-text-container wptb-ph-element wptb-element-text-616\" style=\"\"><div style=\"position: relative;\"><p>118<\/p>\n<\/div><\/div><\/td><\/tr><tr  class=\"wptb-row \" style=\"\"><td class=\"wptb-cell \" style=\"border: 1px solid rgb(209, 209, 209); \" data-y-index=\"10\" data-x-index=\"0\" data-wptb-css-td-auto-width=\"true\" data-wptb-cell-vertical-alignment=\"center\" ><div class=\"wptb-text-container wptb-ph-element wptb-element-text-617\" style=\"\"><div style=\"position: relative;\"><p>T&eacute;tange<\/p>\n<\/div><\/div><\/td><td class=\"wptb-cell \" style=\"border: 1px solid rgb(209, 209, 209); \" data-y-index=\"10\" data-x-index=\"1\" data-wptb-css-td-auto-width=\"true\" data-wptb-cell-vertical-alignment=\"center\" ><div class=\"wptb-text-container wptb-ph-element wptb-element-text-618\" style=\"\"><div style=\"position: relative;\"><p>21<\/p>\n<\/div><\/div><\/td><\/tr><tr  class=\"wptb-row \" style=\"\"><td class=\"wptb-cell \" style=\"border: 1px solid rgb(209, 209, 209); \" data-y-index=\"11\" data-x-index=\"0\" data-wptb-css-td-auto-width=\"true\" data-wptb-cell-vertical-alignment=\"center\" ><div class=\"wptb-text-container wptb-ph-element wptb-element-text-619\" style=\"\"><div style=\"position: relative;\"><p>Troisvierges<\/p>\n<\/div><\/div><\/td><td class=\"wptb-cell \" style=\"border: 1px solid rgb(209, 209, 209); \" data-y-index=\"11\" data-x-index=\"1\" data-wptb-css-td-auto-width=\"true\" data-wptb-cell-vertical-alignment=\"center\" ><div class=\"wptb-text-container wptb-ph-element wptb-element-text-620\" style=\"\"><div style=\"position: relative;\"><p>148<\/p>\n<\/div><\/div><\/td><\/tr><\/tbody><\/table>\n<\/div>\n<\/div>\n\n\n<h5 class=\"wp-block-heading\"><strong>Park-and-Ride-Busse in Luxemburg (vollst\u00e4ndige Liste auf der Website Mobiregio.net)<\/strong><\/h5>\n\n\n\n<ul class=\"wp-block-list\">\n<li>Frisange &#8211; 268 Pl\u00e4tze<\/li>\n\n\n\n<li>Kirchberg Luxexpo &#8211; 265 Pl\u00e4tze<\/li>\n\n\n\n<li>Rumelange &#8211; 80 Pl\u00e4tze<\/li>\n<\/ul>\n\n\n\n<p><strong>Karte der P + R-Parkpl\u00e4tze auf der Website Mobiregio.net :<\/strong><br><a href=\"https:\/\/www.mobiregio.net\/fileadmin\/mobiregio\/pdf\/P%2BR%20Luxembourg%20et%20fronti%C3%A8res.pdf\" target=\"_blank\" rel=\"noreferrer noopener\">Klicken Sie hier<\/a><\/p>\n<\/div><\/div>\n\n\n\n<p><\/p>\n","protected":false},"excerpt":{"rendered":"","protected":false},"author":7,"featured_media":33091,"parent":45751,"menu_order":2,"comment_status":"closed","ping_status":"closed","template":"page-transport.php","meta":{"inline_featured_image":false,"footnotes":""},"tags":[],"frge_profile":[],"class_list":["post-45795","page","type-page","status-publish","has-post-thumbnail","hentry"],"yoast_head":"<!-- This site is optimized with the Yoast SEO plugin v27.1.1 - https:\/\/yoast.com\/product\/yoast-seo-wordpress\/ -->\n<title>Park-and-Ride-Parkpl\u00e4tze (P+R) - Frontaliers Grand Est<\/title>\n<meta name=\"description\" content=\"Wenn Sie mit dem Auto nach Luxemburg reisen m\u00f6chten, sollten Sie wissen, dass es Parkrelais gibt. Sehen Sie sich die verf\u00fcgbaren Pl\u00e4tze in der N\u00e4he der luxemburgischen Grenze an.\" \/>\n<meta name=\"robots\" content=\"index, follow, max-snippet:-1, max-image-preview:large, max-video-preview:-1\" \/>\n<link rel=\"canonical\" href=\"https:\/\/frontaliers-grandest.eu\/de\/startseite\/transporte\/luxemburg\/park-and-ride\/\" \/>\n<meta property=\"og:locale\" content=\"de_DE\" \/>\n<meta property=\"og:type\" content=\"article\" \/>\n<meta property=\"og:title\" content=\"Park-and-Ride-Parkpl\u00e4tze (P+R) - Frontaliers Grand Est\" \/>\n<meta property=\"og:description\" content=\"Wenn Sie mit dem Auto nach Luxemburg reisen m\u00f6chten, sollten Sie wissen, dass es Parkrelais gibt. Sehen Sie sich die verf\u00fcgbaren Pl\u00e4tze in der N\u00e4he der luxemburgischen Grenze an.\" \/>\n<meta property=\"og:url\" content=\"https:\/\/frontaliers-grandest.eu\/de\/startseite\/transporte\/luxemburg\/park-and-ride\/\" \/>\n<meta property=\"og:site_name\" content=\"Frontaliers Grand Est\" \/>\n<meta property=\"article:publisher\" content=\"https:\/\/www.facebook.com\/frontaliers.GR.EST\/?locale=fr_FR\" \/>\n<meta property=\"article:modified_time\" content=\"2025-10-29T10:45:13+00:00\" \/>\n<meta property=\"og:image\" content=\"https:\/\/frontaliers-grandest.eu\/wp-content\/uploads\/2021\/07\/Parking_relais-scaled.jpg\" \/>\n\t<meta property=\"og:image:width\" content=\"2560\" \/>\n\t<meta property=\"og:image:height\" content=\"1920\" \/>\n\t<meta property=\"og:image:type\" content=\"image\/jpeg\" \/>\n<meta name=\"twitter:card\" content=\"summary_large_image\" \/>\n<meta name=\"twitter:label1\" content=\"Gesch\u00e4tzte Lesezeit\" \/>\n\t<meta name=\"twitter:data1\" content=\"2\u00a0Minuten\" \/>\n<script type=\"application\/ld+json\" class=\"yoast-schema-graph\">{\"@context\":\"https:\/\/schema.org\",\"@graph\":[{\"@type\":\"WebPage\",\"@id\":\"https:\/\/frontaliers-grandest.eu\/de\/startseite\/transporte\/luxemburg\/park-and-ride\/\",\"url\":\"https:\/\/frontaliers-grandest.eu\/de\/startseite\/transporte\/luxemburg\/park-and-ride\/\",\"name\":\"Park-and-Ride-Parkpl\u00e4tze (P+R) - Frontaliers Grand Est\",\"isPartOf\":{\"@id\":\"https:\/\/frontaliers-grandest.eu\/de\/#website\"},\"primaryImageOfPage\":{\"@id\":\"https:\/\/frontaliers-grandest.eu\/de\/startseite\/transporte\/luxemburg\/park-and-ride\/#primaryimage\"},\"image\":{\"@id\":\"https:\/\/frontaliers-grandest.eu\/de\/startseite\/transporte\/luxemburg\/park-and-ride\/#primaryimage\"},\"thumbnailUrl\":\"https:\/\/frontaliers-grandest.eu\/wp-content\/uploads\/2021\/07\/Parking_relais-scaled.jpg\",\"datePublished\":\"2021-02-19T12:56:23+00:00\",\"dateModified\":\"2025-10-29T10:45:13+00:00\",\"description\":\"Wenn Sie mit dem Auto nach Luxemburg reisen m\u00f6chten, sollten Sie wissen, dass es Parkrelais gibt. Sehen Sie sich die verf\u00fcgbaren Pl\u00e4tze in der N\u00e4he der luxemburgischen Grenze an.\",\"breadcrumb\":{\"@id\":\"https:\/\/frontaliers-grandest.eu\/de\/startseite\/transporte\/luxemburg\/park-and-ride\/#breadcrumb\"},\"inLanguage\":\"de\",\"potentialAction\":[{\"@type\":\"ReadAction\",\"target\":[\"https:\/\/frontaliers-grandest.eu\/de\/startseite\/transporte\/luxemburg\/park-and-ride\/\"]}]},{\"@type\":\"ImageObject\",\"inLanguage\":\"de\",\"@id\":\"https:\/\/frontaliers-grandest.eu\/de\/startseite\/transporte\/luxemburg\/park-and-ride\/#primaryimage\",\"url\":\"https:\/\/frontaliers-grandest.eu\/wp-content\/uploads\/2021\/07\/Parking_relais-scaled.jpg\",\"contentUrl\":\"https:\/\/frontaliers-grandest.eu\/wp-content\/uploads\/2021\/07\/Parking_relais-scaled.jpg\",\"width\":2560,\"height\":1920},{\"@type\":\"BreadcrumbList\",\"@id\":\"https:\/\/frontaliers-grandest.eu\/de\/startseite\/transporte\/luxemburg\/park-and-ride\/#breadcrumb\",\"itemListElement\":[{\"@type\":\"ListItem\",\"position\":1,\"name\":\"Startseite\",\"item\":\"https:\/\/frontaliers-grandest.eu\/de\/\"},{\"@type\":\"ListItem\",\"position\":2,\"name\":\"Transporte\",\"item\":\"https:\/\/frontaliers-grandest.eu\/de\/startseite\/transporte\/\"},{\"@type\":\"ListItem\",\"position\":3,\"name\":\"Luxemburg\",\"item\":\"https:\/\/frontaliers-grandest.eu\/de\/startseite\/transporte\/luxemburg\/\"},{\"@type\":\"ListItem\",\"position\":4,\"name\":\"Park-and-Ride-Parkpl\u00e4tze (P+R)\"}]},{\"@type\":\"WebSite\",\"@id\":\"https:\/\/frontaliers-grandest.eu\/de\/#website\",\"url\":\"https:\/\/frontaliers-grandest.eu\/de\/\",\"name\":\"Frontaliers Grand Est\",\"description\":\"Le site ressource du travail frontalier\",\"publisher\":{\"@id\":\"https:\/\/frontaliers-grandest.eu\/de\/#organization\"},\"alternateName\":\"Frontaliers Grand Est\",\"potentialAction\":[{\"@type\":\"SearchAction\",\"target\":{\"@type\":\"EntryPoint\",\"urlTemplate\":\"https:\/\/frontaliers-grandest.eu\/de\/?s={search_term_string}\"},\"query-input\":{\"@type\":\"PropertyValueSpecification\",\"valueRequired\":true,\"valueName\":\"search_term_string\"}}],\"inLanguage\":\"de\"},{\"@type\":\"Organization\",\"@id\":\"https:\/\/frontaliers-grandest.eu\/de\/#organization\",\"name\":\"Frontaliers Grand Est\",\"alternateName\":\"Frontaliers Grand Est\",\"url\":\"https:\/\/frontaliers-grandest.eu\/de\/\",\"logo\":{\"@type\":\"ImageObject\",\"inLanguage\":\"de\",\"@id\":\"https:\/\/frontaliers-grandest.eu\/de\/#\/schema\/logo\/image\/\",\"url\":\"https:\/\/frontaliers-grandest.eu\/wp-content\/uploads\/2025\/07\/260328234_2966785176920310_3332838526503858160_n.jpg\",\"contentUrl\":\"https:\/\/frontaliers-grandest.eu\/wp-content\/uploads\/2025\/07\/260328234_2966785176920310_3332838526503858160_n.jpg\",\"width\":396,\"height\":396,\"caption\":\"Frontaliers Grand Est\"},\"image\":{\"@id\":\"https:\/\/frontaliers-grandest.eu\/de\/#\/schema\/logo\/image\/\"},\"sameAs\":[\"https:\/\/www.facebook.com\/frontaliers.GR.EST\/?locale=fr_FR\"]}]}<\/script>\n<!-- \/ Yoast SEO plugin. -->","yoast_head_json":{"title":"Park-and-Ride-Parkpl\u00e4tze (P+R) - Frontaliers Grand Est","description":"Wenn Sie mit dem Auto nach Luxemburg reisen m\u00f6chten, sollten Sie wissen, dass es Parkrelais gibt. Sehen Sie sich die verf\u00fcgbaren Pl\u00e4tze in der N\u00e4he der luxemburgischen Grenze an.","robots":{"index":"index","follow":"follow","max-snippet":"max-snippet:-1","max-image-preview":"max-image-preview:large","max-video-preview":"max-video-preview:-1"},"canonical":"https:\/\/frontaliers-grandest.eu\/de\/startseite\/transporte\/luxemburg\/park-and-ride\/","og_locale":"de_DE","og_type":"article","og_title":"Park-and-Ride-Parkpl\u00e4tze (P+R) - Frontaliers Grand Est","og_description":"Wenn Sie mit dem Auto nach Luxemburg reisen m\u00f6chten, sollten Sie wissen, dass es Parkrelais gibt. Sehen Sie sich die verf\u00fcgbaren Pl\u00e4tze in der N\u00e4he der luxemburgischen Grenze an.","og_url":"https:\/\/frontaliers-grandest.eu\/de\/startseite\/transporte\/luxemburg\/park-and-ride\/","og_site_name":"Frontaliers Grand Est","article_publisher":"https:\/\/www.facebook.com\/frontaliers.GR.EST\/?locale=fr_FR","article_modified_time":"2025-10-29T10:45:13+00:00","og_image":[{"width":2560,"height":1920,"url":"https:\/\/frontaliers-grandest.eu\/wp-content\/uploads\/2021\/07\/Parking_relais-scaled.jpg","type":"image\/jpeg"}],"twitter_card":"summary_large_image","twitter_misc":{"Gesch\u00e4tzte Lesezeit":"2\u00a0Minuten"},"schema":{"@context":"https:\/\/schema.org","@graph":[{"@type":"WebPage","@id":"https:\/\/frontaliers-grandest.eu\/de\/startseite\/transporte\/luxemburg\/park-and-ride\/","url":"https:\/\/frontaliers-grandest.eu\/de\/startseite\/transporte\/luxemburg\/park-and-ride\/","name":"Park-and-Ride-Parkpl\u00e4tze (P+R) - Frontaliers Grand Est","isPartOf":{"@id":"https:\/\/frontaliers-grandest.eu\/de\/#website"},"primaryImageOfPage":{"@id":"https:\/\/frontaliers-grandest.eu\/de\/startseite\/transporte\/luxemburg\/park-and-ride\/#primaryimage"},"image":{"@id":"https:\/\/frontaliers-grandest.eu\/de\/startseite\/transporte\/luxemburg\/park-and-ride\/#primaryimage"},"thumbnailUrl":"https:\/\/frontaliers-grandest.eu\/wp-content\/uploads\/2021\/07\/Parking_relais-scaled.jpg","datePublished":"2021-02-19T12:56:23+00:00","dateModified":"2025-10-29T10:45:13+00:00","description":"Wenn Sie mit dem Auto nach Luxemburg reisen m\u00f6chten, sollten Sie wissen, dass es Parkrelais gibt. Sehen Sie sich die verf\u00fcgbaren Pl\u00e4tze in der N\u00e4he der luxemburgischen Grenze an.","breadcrumb":{"@id":"https:\/\/frontaliers-grandest.eu\/de\/startseite\/transporte\/luxemburg\/park-and-ride\/#breadcrumb"},"inLanguage":"de","potentialAction":[{"@type":"ReadAction","target":["https:\/\/frontaliers-grandest.eu\/de\/startseite\/transporte\/luxemburg\/park-and-ride\/"]}]},{"@type":"ImageObject","inLanguage":"de","@id":"https:\/\/frontaliers-grandest.eu\/de\/startseite\/transporte\/luxemburg\/park-and-ride\/#primaryimage","url":"https:\/\/frontaliers-grandest.eu\/wp-content\/uploads\/2021\/07\/Parking_relais-scaled.jpg","contentUrl":"https:\/\/frontaliers-grandest.eu\/wp-content\/uploads\/2021\/07\/Parking_relais-scaled.jpg","width":2560,"height":1920},{"@type":"BreadcrumbList","@id":"https:\/\/frontaliers-grandest.eu\/de\/startseite\/transporte\/luxemburg\/park-and-ride\/#breadcrumb","itemListElement":[{"@type":"ListItem","position":1,"name":"Startseite","item":"https:\/\/frontaliers-grandest.eu\/de\/"},{"@type":"ListItem","position":2,"name":"Transporte","item":"https:\/\/frontaliers-grandest.eu\/de\/startseite\/transporte\/"},{"@type":"ListItem","position":3,"name":"Luxemburg","item":"https:\/\/frontaliers-grandest.eu\/de\/startseite\/transporte\/luxemburg\/"},{"@type":"ListItem","position":4,"name":"Park-and-Ride-Parkpl\u00e4tze (P+R)"}]},{"@type":"WebSite","@id":"https:\/\/frontaliers-grandest.eu\/de\/#website","url":"https:\/\/frontaliers-grandest.eu\/de\/","name":"Frontaliers Grand Est","description":"Le site ressource du travail frontalier","publisher":{"@id":"https:\/\/frontaliers-grandest.eu\/de\/#organization"},"alternateName":"Frontaliers Grand Est","potentialAction":[{"@type":"SearchAction","target":{"@type":"EntryPoint","urlTemplate":"https:\/\/frontaliers-grandest.eu\/de\/?s={search_term_string}"},"query-input":{"@type":"PropertyValueSpecification","valueRequired":true,"valueName":"search_term_string"}}],"inLanguage":"de"},{"@type":"Organization","@id":"https:\/\/frontaliers-grandest.eu\/de\/#organization","name":"Frontaliers Grand Est","alternateName":"Frontaliers Grand Est","url":"https:\/\/frontaliers-grandest.eu\/de\/","logo":{"@type":"ImageObject","inLanguage":"de","@id":"https:\/\/frontaliers-grandest.eu\/de\/#\/schema\/logo\/image\/","url":"https:\/\/frontaliers-grandest.eu\/wp-content\/uploads\/2025\/07\/260328234_2966785176920310_3332838526503858160_n.jpg","contentUrl":"https:\/\/frontaliers-grandest.eu\/wp-content\/uploads\/2025\/07\/260328234_2966785176920310_3332838526503858160_n.jpg","width":396,"height":396,"caption":"Frontaliers Grand Est"},"image":{"@id":"https:\/\/frontaliers-grandest.eu\/de\/#\/schema\/logo\/image\/"},"sameAs":["https:\/\/www.facebook.com\/frontaliers.GR.EST\/?locale=fr_FR"]}]}},"frge_page_order":"0","_links":{"self":[{"href":"https:\/\/frontaliers-grandest.eu\/de\/wp-json\/wp\/v2\/pages\/45795","targetHints":{"allow":["GET"]}}],"collection":[{"href":"https:\/\/frontaliers-grandest.eu\/de\/wp-json\/wp\/v2\/pages"}],"about":[{"href":"https:\/\/frontaliers-grandest.eu\/de\/wp-json\/wp\/v2\/types\/page"}],"author":[{"embeddable":true,"href":"https:\/\/frontaliers-grandest.eu\/de\/wp-json\/wp\/v2\/users\/7"}],"replies":[{"embeddable":true,"href":"https:\/\/frontaliers-grandest.eu\/de\/wp-json\/wp\/v2\/comments?post=45795"}],"version-history":[{"count":3,"href":"https:\/\/frontaliers-grandest.eu\/de\/wp-json\/wp\/v2\/pages\/45795\/revisions"}],"predecessor-version":[{"id":54411,"href":"https:\/\/frontaliers-grandest.eu\/de\/wp-json\/wp\/v2\/pages\/45795\/revisions\/54411"}],"up":[{"embeddable":true,"href":"https:\/\/frontaliers-grandest.eu\/de\/wp-json\/wp\/v2\/pages\/45751"}],"wp:featuredmedia":[{"embeddable":true,"href":"https:\/\/frontaliers-grandest.eu\/de\/wp-json\/wp\/v2\/media\/33091"}],"wp:attachment":[{"href":"https:\/\/frontaliers-grandest.eu\/de\/wp-json\/wp\/v2\/media?parent=45795"}],"wp:term":[{"taxonomy":"post_tag","embeddable":true,"href":"https:\/\/frontaliers-grandest.eu\/de\/wp-json\/wp\/v2\/tags?post=45795"},{"taxonomy":"frge_profile","embeddable":true,"href":"https:\/\/frontaliers-grandest.eu\/de\/wp-json\/wp\/v2\/frge_profile?post=45795"}],"curies":[{"name":"wp","href":"https:\/\/api.w.org\/{rel}","templated":true}]}}