{"id":44926,"date":"2026-04-08T11:30:43","date_gmt":"2026-04-08T09:30:43","guid":{"rendered":"https:\/\/frontaliers-grandest.eu\/trains\/"},"modified":"2025-10-29T11:39:51","modified_gmt":"2025-10-29T10:39:51","slug":"zuege","status":"publish","type":"page","link":"https:\/\/frontaliers-grandest.eu\/de\/startseite\/transporte\/luxemburg\/zuege\/","title":{"rendered":"Z\u00fcge"},"content":{"rendered":"\n<p>Sie m\u00f6chten mit dem Zug nach Luxemburg reisen. Sehen Sie sich die Fahrplanbl\u00e4tter und Tarifangebote zwischen Frankreich und Luxemburg an.<\/p>\n\n\n\n<div class=\"wp-block-frontaliers-grandest-plugin-frge-accordion-block\"><div class=\"accordion-top\"><h4 class=\"accordion-title\">TER Grand Est<\/h4><svg viewBox=\"0 0 24 24\" stroke-width=\"1.5\" fill=\"none\" xmlns=\"http:\/\/www.w3.org\/2000\/svg\" class=\"accordion-top__icon\"><path d=\"M3 12L21 12M21 12L12.5 3.5M21 12L12.5 20.5\" stroke-width=\"1.5\" stroke-linecap=\"round\" stroke-linejoin=\"round\"><\/path><\/svg><\/div><div class=\"accordion-content\">\n<h5 class=\"wp-block-heading\"><br>Linie 01A: Nancy &#8211; Pont-\u00e0-Mousson -Pagny-sur-Moselle &#8211; Metz<\/h5>\n\n\n\n<h5 class=\"wp-block-heading\">Aktuell<\/h5>\n\n\n\n<hr class=\"wp-block-separator has-alpha-channel-opacity\"\/>\n\n\n\n<ul class=\"wp-block-list\">\n<li><a href=\"https:\/\/ter-fiches-horaires.sncf.fr\/publish\/L01A_14.04_au_06.05_v2.pdf\" target=\"_blank\" rel=\"noreferrer noopener\">L01A Nancy Metz (du lundi 14 avril au vendredi 6 juin 2025 sauf les 26 et 27 avril, les 3 et 4 mai)<\/a><\/li>\n\n\n\n<li><a href=\"https:\/\/ter-fiches-horaires.sncf.fr\/publish\/L101A_du_15.12_au_04.07.pdf\" target=\"_blank\" rel=\"noreferrer noopener\">L101A Nancy Metz (cars) (du dimanche 15 d\u00e9cembre 2024 au vendredi 4 juillet 2025)<\/a><\/li>\n\n\n\n<li><a href=\"https:\/\/ter-fiches-horaires.sncf.fr\/publish\/L01A_du_15.12_au_04.07.pdf\" target=\"_blank\" rel=\"noreferrer noopener\">L01A Nancy Metz (du 1er mars au 4 juillet 2025)<\/a><\/li>\n<\/ul>\n\n\n\n<h5 class=\"wp-block-heading\">In K\u00fcrze<\/h5>\n\n\n\n<hr class=\"wp-block-separator has-alpha-channel-opacity\"\/>\n\n\n\n<p><\/p>\n\n\n\n<ul class=\"wp-block-list\">\n<li><a href=\"https:\/\/ter-fiches-horaires.sncf.fr\/publish\/L01A_Nancy_Metz_26.04_au_27.04.pdf\" target=\"_blank\" rel=\"noreferrer noopener\">L01A Nancy Metz (le samedi 26 et le dimanche 27 avril 2025)<\/a><\/li>\n\n\n\n<li><a href=\"https:\/\/ter-fiches-horaires.sncf.fr\/publish\/L01A_03.05_au_04.05_v2.pdf\" target=\"_blank\" rel=\"noreferrer noopener\">L01A Nancy Metz (samedi 3 et dimanche 4 mai 2025)<\/a><\/li>\n<\/ul>\n\n\n\n<h5 class=\"wp-block-heading\"><strong>Linie 01 B: Metz &#8211; Hagondange &#8211; Thionville -Luxemburg<\/strong><\/h5>\n\n\n\n<p><br><a href=\"https:\/\/ter-fiches-horaires.sncf.fr\/publish\/L01B_Metz_Luxembourg_du_22.04_au_01.06_(sauf_08.05_et_09.05).pdf\" target=\"_blank\" rel=\"noreferrer noopener\">L01B Metz Luxembourg (du mardi 22 avril au dimanche 1er juin sauf les 8 et 9 mai)<\/a><br><\/p>\n\n\n\n<h5 class=\"wp-block-heading\">Charleville-M\u00e9zi\u00e8res &#8211; Luxemburg (Umsteigen in Longwy).<br>Linie 26A: Longwy -Longuyon &#8211; Charleville M\u00e9zi\u00e8res<br><\/h5>\n\n\n\n<h5 class=\"wp-block-heading\">Aktuell<\/h5>\n\n\n\n<hr class=\"wp-block-separator has-alpha-channel-opacity\"\/>\n\n\n\n<ul class=\"wp-block-list\">\n<li><a href=\"https:\/\/ter-fiches-horaires.sncf.fr\/publish\/Affiche%20Horaires%20Travaux%20L26A%20Longwy%20Charleville-M%C3%83%C2%A9zi%C3%83%C2%A8res%20du%207%20avril%20au%202%20mai%202025.pdf\" target=\"_blank\" rel=\"noreferrer noopener\">Affiche Horaires Travaux L26A Longwy Charleville-M\u00e9zi\u00e8res du 7 avril au 2 mai 2025<\/a><\/li>\n\n\n\n<li><a href=\"https:\/\/ter-fiches-horaires.sncf.fr\/publish\/L126A_du_15.12_au_04.07.pdf\" target=\"_blank\" rel=\"noreferrer noopener\">L126A Longwy Longuyon (cars) (du dimanche 15 d\u00e9cembre 2024 au vendredi 4 juillet 2025)<\/a><\/li>\n<\/ul>\n\n\n\n<h5 class=\"wp-block-heading\">In K\u00fcrze<\/h5>\n\n\n\n<hr class=\"wp-block-separator has-alpha-channel-opacity\"\/>\n\n\n\n<ul class=\"wp-block-list\">\n<li><a href=\"https:\/\/ter-fiches-horaires.sncf.fr\/publish\/L26A%20Longwy%20Charleville-M%C3%83%C2%A9zi%C3%83%C2%A8res%20(du%205%20mai%20au%2011%20juillet%202025).pdf\" target=\"_blank\" rel=\"noreferrer noopener\">L26A Longwy Charleville-M\u00e9zi\u00e8res (du 5 mai au 11 juillet 2025)<\/a><\/li>\n\n\n\n<li><a href=\"https:\/\/ter-fiches-horaires.sncf.fr\/publish\/L26A_du_15.12_au_04.07.pdf\" target=\"_blank\" rel=\"noreferrer noopener\">L26A Longwy Longuyon Charleville-M\u00e9zi\u00e8res (du dimanche 15 d\u00e9cembre 2024 au vendredi 4 juillet 2025)<\/a><\/li>\n<\/ul>\n\n\n\n<h5 class=\"wp-block-heading\">Linie 26B: Longwy-Luxemburg<\/h5>\n\n\n\n<h5 class=\"wp-block-heading\">Aktuell<\/h5>\n\n\n\n<hr class=\"wp-block-separator has-alpha-channel-opacity\"\/>\n\n\n\n<p><br><a href=\"https:\/\/ter-fiches-horaires.sncf.fr\/publish\/L26B_du_15.12_au_04.07.pdf\"><\/a><a href=\"https:\/\/ter-fiches-horaires.sncf.fr\/publish\/L26B_du_15.12_au_04.07.pdf\" target=\"_blank\" rel=\"noreferrer noopener\">L26B Longwy Luxembourg (du dimanche 15 d\u00e9cembre 2024 au vendredi 4 juillet 2025)<\/a><\/p>\n\n\n\n<h5 class=\"wp-block-heading\">In K\u00fcrze<\/h5>\n\n\n\n<hr class=\"wp-block-separator has-alpha-channel-opacity\"\/>\n\n\n\n<p><a href=\"https:\/\/ter-fiches-horaires.sncf.fr\/publish\/L26B%20Longwy%20Luxembourg%20(du%205%20au%2016%20mai%202025).pdf\" target=\"_blank\" rel=\"noreferrer noopener\">L26B Longwy Luxembourg (du 5 au 16 mai 2025)<\/a><\/p>\n\n\n\n<p><br><\/p>\n\n\n\n<div class=\"wp-block-buttons is-layout-flex wp-block-buttons-is-layout-flex\">\n<div class=\"wp-block-button is-style-outline is-style-outline--1\"><a class=\"wp-block-button__link wp-element-button\" href=\"http:\/\/www.ter.sncf.com\/grand-est\" target=\"_blank\" rel=\"noreferrer noopener\"><strong>Informationen :&nbsp;<\/strong>www.ter.sncf.com\/grand-est<\/a><\/div>\n<\/div>\n<\/div><\/div>\n\n\n\n<div class=\"wp-block-frontaliers-grandest-plugin-frge-accordion-block\"><div class=\"accordion-top\"><h4 class=\"accordion-title\">Tarifangebote<\/h4><svg viewBox=\"0 0 24 24\" stroke-width=\"1.5\" fill=\"none\" xmlns=\"http:\/\/www.w3.org\/2000\/svg\" class=\"accordion-top__icon\"><path d=\"M3 12L21 12M21 12L12.5 3.5M21 12L12.5 20.5\" stroke-width=\"1.5\" stroke-linecap=\"round\" stroke-linejoin=\"round\"><\/path><\/svg><\/div><div class=\"accordion-content\">\n<p><strong>Seit M\u00e4rz 2020 sind die \u00f6ffentlichen Verkehrsmittel (Busse, Z\u00fcge, Stra\u00dfenbahnen) in Luxemburg in der 2. Klasse kostenlos.<br>Die Kostenfreiheit endet an der Grenze, in den Nachbarl\u00e4ndern sind die Verkehrsmittel weiterhin kostenpflichtig.<\/strong><\/p>\n\n\n\n<p class=\"has-text-align-left has-text-color\" style=\"color:#4a9db0\"><strong>Die Abonnements PRIMO (unter 26 Jahren) und PRESTO (ab 26 Jahren) gibt es als Monats-, Wochen- und Jahresabonnement. Sie verbinden St\u00e4dte in Lothringen mit Bettemburg, dem Grenzort in Luxemburg.<\/strong><\/p>\n\n\n\n<h5 class=\"wp-block-heading\">Wochen- oder Monatsabonnement PRESTO und PRIMO<\/h5>\n\n\n\n<hr class=\"wp-block-separator has-alpha-channel-opacity\"\/>\n\n\n\n<p>Es steht allen ohne Nachweis offen (abgesehen von der Altersgrenze) und muss auf die Carte TER SimpliCit\u00e9s (wiederaufladbare Fahrkartenkarte) geladen werden.<\/p>\n\n\n\n<p>Das Abonnement PRIMO und PRESTO bietet freie Fahrt in den TER-Z\u00fcgen zwischen Lothringen und dem Grenzpunkt in Luxemburg (Bettemburg).<\/p>\n\n\n\n<h5 class=\"wp-block-heading\">Monatliches Flexway-Abonnement<\/h5>\n\n\n\n<hr class=\"wp-block-separator has-alpha-channel-opacity\"\/>\n\n\n\n<p>Erm\u00f6glicht h\u00e4ufiges Reisen zwischen Lothringen und Luxemburg.<\/p>\n\n\n\n<ul class=\"wp-block-list\">\n<li>Freier Verkehr zwischen Longwy und Luxemburg<\/li>\n\n\n\n<li>Erlaubt die Nutzung aller st\u00e4dtischen Verkehrsmittel im Gro\u00dfherzogtum Luxemburg.<\/li>\n\n\n\n<li>Monatskarte, nur in der 1. Klasse g\u00fcltig.<\/li>\n\n\n\n<li>Kann ab dem 20. des vorherigen Minus gekauft werden<\/li>\n<\/ul>\n\n\n\n<h5 class=\"wp-block-heading\">Ticket Lothringen &#8211; Luxemburg<\/h5>\n\n\n\n<hr class=\"wp-block-separator has-alpha-channel-opacity\"\/>\n\n\n\n<p>Richtet sich an Reisende, die gelegentlich in Luxemburg unterwegs sind.<\/p>\n\n\n\n<ul class=\"wp-block-list\">\n<li>Ein Hin- und R\u00fcckflug an einem Tag<\/li>\n\n\n\n<li>Nutzbar in Z\u00fcgen\/Bussen von Lothringen zu einem luxemburgischen Bahnhof<\/li>\n\n\n\n<li>Tarif f\u00fcr Erwachsene oder Kinder<\/li>\n<\/ul>\n\n\n\n<h5 class=\"wp-block-heading\">Saar-Lor-Lux-Ticket<\/h5>\n\n\n\n<hr class=\"wp-block-separator has-alpha-channel-opacity\"\/>\n\n\n\n<p>Richtet sich an Reisende, die gelegentlich an Wochenenden und oder in Luxemburg und oder im Saarland (Deutschland) unterwegs sind.<\/p>\n\n\n\n<ul class=\"wp-block-list\">\n<li>Ein Hin- und R\u00fcckflug an einem Tag<\/li>\n\n\n\n<li>G\u00fcltig samstags, sonntags und an Feiertagen<\/li>\n\n\n\n<li>M\u00f6glichkeit, allein oder in einer Minigruppe (max. 5 Pers.) zu reisen<br><\/li>\n<\/ul>\n\n\n\n<p><\/p>\n<\/div><\/div>\n\n\n\n<div class=\"wp-block-frontaliers-grandest-plugin-frge-accordion-block\"><div class=\"accordion-top\"><h4 class=\"accordion-title\">Chemin de fer Luxembourgeois (CFL)<\/h4><svg viewBox=\"0 0 24 24\" stroke-width=\"1.5\" fill=\"none\" xmlns=\"http:\/\/www.w3.org\/2000\/svg\" class=\"accordion-top__icon\"><path d=\"M3 12L21 12M21 12L12.5 3.5M21 12L12.5 20.5\" stroke-width=\"1.5\" stroke-linecap=\"round\" stroke-linejoin=\"round\"><\/path><\/svg><\/div><div class=\"accordion-content\">\n<h5 class=\"wp-block-heading\">Linie 60a: Bettemburg -Dudelange -Volmerange les Mines<\/h5>\n\n\n\n<p><a href=\"https:\/\/www.mobiliteit.lu\/wp-content\/uploads\/horaires-new\/cfl\/60a.pdf?v=20231211\" target=\"_blank\" rel=\"noreferrer noopener\">Fahrplan<\/a><\/p>\n\n\n\n<h5 class=\"wp-block-heading\">Linie 60c : Luxemburg &#8211; Bettemburg &#8211; Schifflange &#8211; Esch-sur-Alzette &#8211; Audun-le-Tiche<\/h5>\n\n\n\n<p>Wechsel in Esch-sur-Alzette<br><a href=\"http:\/\/chrome-extension:\/\/efaidnbmnnnibpcajpcglclefindmkaj\/https:\/\/www.mobiliteit.lu\/wp-content\/uploads\/horaires-new\/cfl\/60c.pdf?v=20230209\">Fahrplan<\/a><\/p>\n\n\n\n<h5 class=\"wp-block-heading\">Linie 70: Luxemburg- Hollerich &#8211; Leudelange &#8211; Bascharage\/Sanem &#8211; P\u00e9tange &#8211; Lamadelaine &#8211; Rodange &#8211; Athus &#8211; Longwy<\/h5>\n\n\n\n<p>Einige Z\u00fcge enden in Athus, andere in Longwy.<br><a href=\"https:\/\/www.mobiliteit.lu\/wp-content\/uploads\/horaires-new\/cfl\/70.pdf?v=20231211\" target=\"_blank\" rel=\"noreferrer noopener\">Fahrplan<\/a><\/p>\n<\/div><\/div>\n","protected":false},"excerpt":{"rendered":"<p>Sie m\u00f6chten mit dem Zug nach Luxemburg reisen. Sehen Sie sich die Fahrplanbl\u00e4tter und Tarifangebote zwischen Frankreich und Luxemburg an.<\/p>\n","protected":false},"author":7,"featured_media":33095,"parent":45751,"menu_order":0,"comment_status":"closed","ping_status":"closed","template":"page-transport.php","meta":{"inline_featured_image":false,"footnotes":""},"tags":[],"frge_profile":[],"class_list":["post-44926","page","type-page","status-publish","has-post-thumbnail","hentry"],"yoast_head":"<!-- This site is optimized with the Yoast SEO plugin v27.1.1 - https:\/\/yoast.com\/product\/yoast-seo-wordpress\/ -->\n<title>Zugverbindung nach Luxemburg - Frontaliers Grand Est<\/title>\n<meta name=\"description\" content=\"Sie m\u00f6chten mit dem Zug nach Luxemburg reisen. Sehen Sie sich die Fahrpl\u00e4ne und Tarifangebote zwischen Frankreich und Luxemburg an.\" \/>\n<meta name=\"robots\" content=\"index, follow, max-snippet:-1, max-image-preview:large, max-video-preview:-1\" \/>\n<link rel=\"canonical\" href=\"https:\/\/frontaliers-grandest.eu\/de\/startseite\/transporte\/luxemburg\/zuege\/\" \/>\n<meta property=\"og:locale\" content=\"de_DE\" \/>\n<meta property=\"og:type\" content=\"article\" \/>\n<meta property=\"og:title\" content=\"Zugverbindung nach Luxemburg - Frontaliers Grand Est\" \/>\n<meta property=\"og:description\" content=\"Sie m\u00f6chten mit dem Zug nach Luxemburg reisen. Sehen Sie sich die Fahrpl\u00e4ne und Tarifangebote zwischen Frankreich und Luxemburg an.\" \/>\n<meta property=\"og:url\" content=\"https:\/\/frontaliers-grandest.eu\/de\/startseite\/transporte\/luxemburg\/zuege\/\" \/>\n<meta property=\"og:site_name\" content=\"Frontaliers Grand Est\" \/>\n<meta property=\"article:publisher\" content=\"https:\/\/www.facebook.com\/frontaliers.GR.EST\/?locale=fr_FR\" \/>\n<meta property=\"og:image\" content=\"https:\/\/frontaliers-grandest.eu\/wp-content\/uploads\/2021\/07\/Train-scaled.jpg\" \/>\n\t<meta property=\"og:image:width\" content=\"2560\" \/>\n\t<meta property=\"og:image:height\" content=\"1756\" \/>\n\t<meta property=\"og:image:type\" content=\"image\/jpeg\" \/>\n<meta name=\"twitter:card\" content=\"summary_large_image\" \/>\n<meta name=\"twitter:label1\" content=\"Gesch\u00e4tzte Lesezeit\" \/>\n\t<meta name=\"twitter:data1\" content=\"3\u00a0Minuten\" \/>\n<script type=\"application\/ld+json\" class=\"yoast-schema-graph\">{\"@context\":\"https:\/\/schema.org\",\"@graph\":[{\"@type\":\"WebPage\",\"@id\":\"https:\/\/frontaliers-grandest.eu\/de\/startseite\/transporte\/luxemburg\/zuege\/\",\"url\":\"https:\/\/frontaliers-grandest.eu\/de\/startseite\/transporte\/luxemburg\/zuege\/\",\"name\":\"Zugverbindung nach Luxemburg - Frontaliers Grand Est\",\"isPartOf\":{\"@id\":\"https:\/\/frontaliers-grandest.eu\/de\/#website\"},\"primaryImageOfPage\":{\"@id\":\"https:\/\/frontaliers-grandest.eu\/de\/startseite\/transporte\/luxemburg\/zuege\/#primaryimage\"},\"image\":{\"@id\":\"https:\/\/frontaliers-grandest.eu\/de\/startseite\/transporte\/luxemburg\/zuege\/#primaryimage\"},\"thumbnailUrl\":\"https:\/\/frontaliers-grandest.eu\/wp-content\/uploads\/2021\/07\/Train-scaled.jpg\",\"datePublished\":\"2026-04-08T09:30:43+00:00\",\"description\":\"Sie m\u00f6chten mit dem Zug nach Luxemburg reisen. Sehen Sie sich die Fahrpl\u00e4ne und Tarifangebote zwischen Frankreich und Luxemburg an.\",\"breadcrumb\":{\"@id\":\"https:\/\/frontaliers-grandest.eu\/de\/startseite\/transporte\/luxemburg\/zuege\/#breadcrumb\"},\"inLanguage\":\"de\",\"potentialAction\":[{\"@type\":\"ReadAction\",\"target\":[\"https:\/\/frontaliers-grandest.eu\/de\/startseite\/transporte\/luxemburg\/zuege\/\"]}]},{\"@type\":\"ImageObject\",\"inLanguage\":\"de\",\"@id\":\"https:\/\/frontaliers-grandest.eu\/de\/startseite\/transporte\/luxemburg\/zuege\/#primaryimage\",\"url\":\"https:\/\/frontaliers-grandest.eu\/wp-content\/uploads\/2021\/07\/Train-scaled.jpg\",\"contentUrl\":\"https:\/\/frontaliers-grandest.eu\/wp-content\/uploads\/2021\/07\/Train-scaled.jpg\",\"width\":2560,\"height\":1756},{\"@type\":\"BreadcrumbList\",\"@id\":\"https:\/\/frontaliers-grandest.eu\/de\/startseite\/transporte\/luxemburg\/zuege\/#breadcrumb\",\"itemListElement\":[{\"@type\":\"ListItem\",\"position\":1,\"name\":\"Startseite\",\"item\":\"https:\/\/frontaliers-grandest.eu\/de\/\"},{\"@type\":\"ListItem\",\"position\":2,\"name\":\"Transporte\",\"item\":\"https:\/\/frontaliers-grandest.eu\/de\/startseite\/transporte\/\"},{\"@type\":\"ListItem\",\"position\":3,\"name\":\"Luxemburg\",\"item\":\"https:\/\/frontaliers-grandest.eu\/de\/startseite\/transporte\/luxemburg\/\"},{\"@type\":\"ListItem\",\"position\":4,\"name\":\"Z\u00fcge\"}]},{\"@type\":\"WebSite\",\"@id\":\"https:\/\/frontaliers-grandest.eu\/de\/#website\",\"url\":\"https:\/\/frontaliers-grandest.eu\/de\/\",\"name\":\"Frontaliers Grand Est\",\"description\":\"Le site ressource du travail frontalier\",\"publisher\":{\"@id\":\"https:\/\/frontaliers-grandest.eu\/de\/#organization\"},\"alternateName\":\"Frontaliers Grand Est\",\"potentialAction\":[{\"@type\":\"SearchAction\",\"target\":{\"@type\":\"EntryPoint\",\"urlTemplate\":\"https:\/\/frontaliers-grandest.eu\/de\/?s={search_term_string}\"},\"query-input\":{\"@type\":\"PropertyValueSpecification\",\"valueRequired\":true,\"valueName\":\"search_term_string\"}}],\"inLanguage\":\"de\"},{\"@type\":\"Organization\",\"@id\":\"https:\/\/frontaliers-grandest.eu\/de\/#organization\",\"name\":\"Frontaliers Grand Est\",\"alternateName\":\"Frontaliers Grand Est\",\"url\":\"https:\/\/frontaliers-grandest.eu\/de\/\",\"logo\":{\"@type\":\"ImageObject\",\"inLanguage\":\"de\",\"@id\":\"https:\/\/frontaliers-grandest.eu\/de\/#\/schema\/logo\/image\/\",\"url\":\"https:\/\/frontaliers-grandest.eu\/wp-content\/uploads\/2025\/07\/260328234_2966785176920310_3332838526503858160_n.jpg\",\"contentUrl\":\"https:\/\/frontaliers-grandest.eu\/wp-content\/uploads\/2025\/07\/260328234_2966785176920310_3332838526503858160_n.jpg\",\"width\":396,\"height\":396,\"caption\":\"Frontaliers Grand Est\"},\"image\":{\"@id\":\"https:\/\/frontaliers-grandest.eu\/de\/#\/schema\/logo\/image\/\"},\"sameAs\":[\"https:\/\/www.facebook.com\/frontaliers.GR.EST\/?locale=fr_FR\"]}]}<\/script>\n<!-- \/ Yoast SEO plugin. -->","yoast_head_json":{"title":"Zugverbindung nach Luxemburg - Frontaliers Grand Est","description":"Sie m\u00f6chten mit dem Zug nach Luxemburg reisen. Sehen Sie sich die Fahrpl\u00e4ne und Tarifangebote zwischen Frankreich und Luxemburg an.","robots":{"index":"index","follow":"follow","max-snippet":"max-snippet:-1","max-image-preview":"max-image-preview:large","max-video-preview":"max-video-preview:-1"},"canonical":"https:\/\/frontaliers-grandest.eu\/de\/startseite\/transporte\/luxemburg\/zuege\/","og_locale":"de_DE","og_type":"article","og_title":"Zugverbindung nach Luxemburg - Frontaliers Grand Est","og_description":"Sie m\u00f6chten mit dem Zug nach Luxemburg reisen. Sehen Sie sich die Fahrpl\u00e4ne und Tarifangebote zwischen Frankreich und Luxemburg an.","og_url":"https:\/\/frontaliers-grandest.eu\/de\/startseite\/transporte\/luxemburg\/zuege\/","og_site_name":"Frontaliers Grand Est","article_publisher":"https:\/\/www.facebook.com\/frontaliers.GR.EST\/?locale=fr_FR","og_image":[{"width":2560,"height":1756,"url":"https:\/\/frontaliers-grandest.eu\/wp-content\/uploads\/2021\/07\/Train-scaled.jpg","type":"image\/jpeg"}],"twitter_card":"summary_large_image","twitter_misc":{"Gesch\u00e4tzte Lesezeit":"3\u00a0Minuten"},"schema":{"@context":"https:\/\/schema.org","@graph":[{"@type":"WebPage","@id":"https:\/\/frontaliers-grandest.eu\/de\/startseite\/transporte\/luxemburg\/zuege\/","url":"https:\/\/frontaliers-grandest.eu\/de\/startseite\/transporte\/luxemburg\/zuege\/","name":"Zugverbindung nach Luxemburg - Frontaliers Grand Est","isPartOf":{"@id":"https:\/\/frontaliers-grandest.eu\/de\/#website"},"primaryImageOfPage":{"@id":"https:\/\/frontaliers-grandest.eu\/de\/startseite\/transporte\/luxemburg\/zuege\/#primaryimage"},"image":{"@id":"https:\/\/frontaliers-grandest.eu\/de\/startseite\/transporte\/luxemburg\/zuege\/#primaryimage"},"thumbnailUrl":"https:\/\/frontaliers-grandest.eu\/wp-content\/uploads\/2021\/07\/Train-scaled.jpg","datePublished":"2026-04-08T09:30:43+00:00","description":"Sie m\u00f6chten mit dem Zug nach Luxemburg reisen. Sehen Sie sich die Fahrpl\u00e4ne und Tarifangebote zwischen Frankreich und Luxemburg an.","breadcrumb":{"@id":"https:\/\/frontaliers-grandest.eu\/de\/startseite\/transporte\/luxemburg\/zuege\/#breadcrumb"},"inLanguage":"de","potentialAction":[{"@type":"ReadAction","target":["https:\/\/frontaliers-grandest.eu\/de\/startseite\/transporte\/luxemburg\/zuege\/"]}]},{"@type":"ImageObject","inLanguage":"de","@id":"https:\/\/frontaliers-grandest.eu\/de\/startseite\/transporte\/luxemburg\/zuege\/#primaryimage","url":"https:\/\/frontaliers-grandest.eu\/wp-content\/uploads\/2021\/07\/Train-scaled.jpg","contentUrl":"https:\/\/frontaliers-grandest.eu\/wp-content\/uploads\/2021\/07\/Train-scaled.jpg","width":2560,"height":1756},{"@type":"BreadcrumbList","@id":"https:\/\/frontaliers-grandest.eu\/de\/startseite\/transporte\/luxemburg\/zuege\/#breadcrumb","itemListElement":[{"@type":"ListItem","position":1,"name":"Startseite","item":"https:\/\/frontaliers-grandest.eu\/de\/"},{"@type":"ListItem","position":2,"name":"Transporte","item":"https:\/\/frontaliers-grandest.eu\/de\/startseite\/transporte\/"},{"@type":"ListItem","position":3,"name":"Luxemburg","item":"https:\/\/frontaliers-grandest.eu\/de\/startseite\/transporte\/luxemburg\/"},{"@type":"ListItem","position":4,"name":"Z\u00fcge"}]},{"@type":"WebSite","@id":"https:\/\/frontaliers-grandest.eu\/de\/#website","url":"https:\/\/frontaliers-grandest.eu\/de\/","name":"Frontaliers Grand Est","description":"Le site ressource du travail frontalier","publisher":{"@id":"https:\/\/frontaliers-grandest.eu\/de\/#organization"},"alternateName":"Frontaliers Grand Est","potentialAction":[{"@type":"SearchAction","target":{"@type":"EntryPoint","urlTemplate":"https:\/\/frontaliers-grandest.eu\/de\/?s={search_term_string}"},"query-input":{"@type":"PropertyValueSpecification","valueRequired":true,"valueName":"search_term_string"}}],"inLanguage":"de"},{"@type":"Organization","@id":"https:\/\/frontaliers-grandest.eu\/de\/#organization","name":"Frontaliers Grand Est","alternateName":"Frontaliers Grand Est","url":"https:\/\/frontaliers-grandest.eu\/de\/","logo":{"@type":"ImageObject","inLanguage":"de","@id":"https:\/\/frontaliers-grandest.eu\/de\/#\/schema\/logo\/image\/","url":"https:\/\/frontaliers-grandest.eu\/wp-content\/uploads\/2025\/07\/260328234_2966785176920310_3332838526503858160_n.jpg","contentUrl":"https:\/\/frontaliers-grandest.eu\/wp-content\/uploads\/2025\/07\/260328234_2966785176920310_3332838526503858160_n.jpg","width":396,"height":396,"caption":"Frontaliers Grand Est"},"image":{"@id":"https:\/\/frontaliers-grandest.eu\/de\/#\/schema\/logo\/image\/"},"sameAs":["https:\/\/www.facebook.com\/frontaliers.GR.EST\/?locale=fr_FR"]}]}},"frge_page_order":"0","_links":{"self":[{"href":"https:\/\/frontaliers-grandest.eu\/de\/wp-json\/wp\/v2\/pages\/44926","targetHints":{"allow":["GET"]}}],"collection":[{"href":"https:\/\/frontaliers-grandest.eu\/de\/wp-json\/wp\/v2\/pages"}],"about":[{"href":"https:\/\/frontaliers-grandest.eu\/de\/wp-json\/wp\/v2\/types\/page"}],"author":[{"embeddable":true,"href":"https:\/\/frontaliers-grandest.eu\/de\/wp-json\/wp\/v2\/users\/7"}],"replies":[{"embeddable":true,"href":"https:\/\/frontaliers-grandest.eu\/de\/wp-json\/wp\/v2\/comments?post=44926"}],"version-history":[{"count":35,"href":"https:\/\/frontaliers-grandest.eu\/de\/wp-json\/wp\/v2\/pages\/44926\/revisions"}],"predecessor-version":[{"id":54397,"href":"https:\/\/frontaliers-grandest.eu\/de\/wp-json\/wp\/v2\/pages\/44926\/revisions\/54397"}],"up":[{"embeddable":true,"href":"https:\/\/frontaliers-grandest.eu\/de\/wp-json\/wp\/v2\/pages\/45751"}],"wp:featuredmedia":[{"embeddable":true,"href":"https:\/\/frontaliers-grandest.eu\/de\/wp-json\/wp\/v2\/media\/33095"}],"wp:attachment":[{"href":"https:\/\/frontaliers-grandest.eu\/de\/wp-json\/wp\/v2\/media?parent=44926"}],"wp:term":[{"taxonomy":"post_tag","embeddable":true,"href":"https:\/\/frontaliers-grandest.eu\/de\/wp-json\/wp\/v2\/tags?post=44926"},{"taxonomy":"frge_profile","embeddable":true,"href":"https:\/\/frontaliers-grandest.eu\/de\/wp-json\/wp\/v2\/frge_profile?post=44926"}],"curies":[{"name":"wp","href":"https:\/\/api.w.org\/{rel}","templated":true}]}}