{"id":20417,"date":"2022-08-30T15:41:32","date_gmt":"2022-08-30T13:41:32","guid":{"rendered":"https:\/\/frontaliers-grandest.eu\/startseite\/rente\/hinterbliebenenrente\/hinterbliebenenrente-in-der-schweiz\/"},"modified":"2022-08-30T16:04:25","modified_gmt":"2022-08-30T14:04:25","slug":"hinterbliebenenrente-in-der-schweiz","status":"publish","type":"page","link":"https:\/\/frontaliers-grandest.eu\/de\/startseite\/rente\/hinterbliebenenrente\/hinterbliebenenrente-in-der-schweiz\/","title":{"rendered":"Hinterbliebenenrente in der Schweiz"},"content":{"rendered":"\n<p>Nach Schweizer Recht gibt es <strong>drei verschiedene Arten<\/strong> der Hinterlassenenrente:<\/p>\n\n\n\n<ul class=\"wp-block-list\"><li>die Witwenrente,<\/li><li>die Witwerrente,<\/li><li>die Waisenrente.<\/li><\/ul>\n\n\n\n<p>Um einen Antrag auf Hinterlassenenrente stellen zu k\u00f6nnen, muss der Verstorbene unabh\u00e4ngig von der Rentenart <strong>vor seinem Ableben<\/strong> <strong>mindestens ein volles Jahr Beitr\u00e4ge <\/strong>geleistet haben. Diese Bedingung muss erf\u00fcllt sein, wenn:<\/p>\n\n\n\n<p>der Verstorbene mindestens ein Beitragsjahr vorweisen kann;<\/p>\n\n\n\n<p>der Verstorbene versichert war und sein Ehepartner ein Jahr lang doppelte Mindestbeitr\u00e4ge geleistet hat;<\/p>\n\n\n\n<p>der Verstorbene Boni f\u00fcr Erziehungs- oder Assistenzaufgaben nachweisen kann.<\/p>\n\n\n\n<h4 class=\"wp-block-heading\">BEDINGUNGEN F\u00dcR DEN BEZUG DIESER VERSCHIEDENEN RENTEN<\/h4>\n\n\n\n<h5 class=\"wp-block-heading\">1) Witwenrente<\/h5>\n\n\n\n<p><span style=\"text-decoration: underline\" class=\"underline\">Bei Tod des Grenzg\u00e4ngers kann seine Gattin eine Hinterlassenenrente erhalten, sofern<\/span>:<\/p>\n\n\n\n<ul class=\"wp-block-list\"><li>sie zum Zeitpunkt des Todes des Besch\u00e4ftigten ein Kind hatte (Kinder des Grenzg\u00e4ngers, die zum Haushalt geh\u00f6ren, z\u00e4hlen ebenfalls); oder<\/li><li>sie mindestens das 45. Lebensjahr vollendet und die Ehe mindestens f\u00fcnf Jahre gedauert hat.<\/li><\/ul>\n\n\n\n<p><span style=\"text-decoration: underline\" class=\"underline\">Bei einer Scheidung ist die Zahlung einer Witwenrente unter den folgenden drei Bedingungen m\u00f6glich<\/span>:<\/p>\n\n\n\n<ul class=\"wp-block-list\"><li>die Ex-Gattin hat Kinder und sie war mindestens 10 Jahre mit dem Verstorbenen verheiratet;<\/li><li>die Ex-Gattin hat vor Aufl\u00f6sung der Ehe das 45. Lebensjahr vollendet und die Ehe hat mindestens 10 Jahre gedauert;<\/li><\/ul>\n\n\n\n<ul class=\"wp-block-list\"><li>bei Vollendung des 45. Lebensjahres der Ex-Gattin war das j\u00fcngste Kind unter 18 Jahre alt.<\/li><\/ul>\n\n\n\n<h5 class=\"wp-block-heading\">2) Witwerrente<\/h5>\n\n\n\n<p>Es ist m\u00f6glich, eine Witwerrente zu erhalten, sofern die Gattin oder die Ex-Gattin des Antragstellers verstirbt und dieser Kinder unter 18 Jahren hat. Diese Rente wird demnach bis zum 18. Geburtstag des Kindes gezahlt.<\/p>\n\n\n\n<p>Dieselben Bestimmung gilt f\u00fcr Personen, die in einer eingetragenen Lebensgemeinschaft leben.<\/p>\n\n\n\n<h5 class=\"wp-block-heading\">3) Waisenrente<\/h5>\n\n\n\n<p>Eine Waisenrente erhalten die Kinder, deren Vater oder Mutter verstorben ist. Wenn beide Elternteile versterben, erh\u00e4lt das Kin<strong>d eine Rente f\u00fcr jeden Elternteil<\/strong>.<\/p>\n\n\n\n<p>Das Recht auf den Bezug der Rente beginnt mit dem Tod des Elternteils und endet mit dem 18. Geburtstag des Kindes oder bei Abschluss von dessen h\u00f6herer Ausbildung. Die Rente wird jedoch h\u00f6chstens bis zum 25. Altersjahr gezahlt.<\/p>\n\n\n\n<h4 class=\"wp-block-heading\">BEGINN UND ENDE DER RENTENZAHLUNG<\/h4>\n\n\n\n<p>Das Recht auf Bezug einer Hinterlassenenrente beginnt am ersten Tag des Monats, der dem Tod des betroffenen Versicherten folgt.<\/p>\n\n\n\n<p>Dieses Recht endet am Ende des Monats, in dem die Bedingungen f\u00fcr den Bezug der Rente nicht mehr erf\u00fcllt sind. Dar\u00fcber hinaus endet der Bezug der Witwen- bzw. Witwerrente mit der Wiederverheiratung.<\/p>\n\n\n\n<p><strong>Hierbei ist anzumerken<\/strong>, dass, wenn die Person gleichzeitig Anspruch auf eine Alters- oder Invaliden- und auf eine Hinterlassenenrente hat, die beiden Renten nicht addiert werden, sondern nur die h\u00f6here Rente gezahlt wird.<\/p>\n\n\n\n<h4 class=\"wp-block-heading\">ANTRAGSTELLUNG<\/h4>\n\n\n\n<p>Die zu erf\u00fcllenden Formalit\u00e4ten h\u00e4ngen davon ab, ob der Versicherte sein gesamtes Berufsleben in der Schweiz verbracht oder ob er in mehreren L\u00e4ndern gearbeitet hat.<\/p>\n\n\n\n<p>Wenn der Verstorbene nur in der Schweiz gearbeitet hat, ist der Rentenantrag bei d<strong>er letzten Ausgleichskasse <em>(caisse de compensation)<\/em><\/strong> zu stellen, in die der verstorbene Versicherte eingezahlt hat. Dazu ist das Formular \u201eDemande de rente de survivant\u201c \/ Anmeldung f\u00fcr eine Hinterlassenenrente auszuf\u00fcllen, das auf der Webseite der jeweiligen Ausgleichskassen, aber auch auf der Seite <a href=\"http:\/\/www.avs-ai.ch\" target=\"_blank\" rel=\"noreferrer noopener\"><strong>www.avs-ai.ch<\/strong><\/a> zur Verf\u00fcgung steht.<\/p>\n\n\n\n<p>Wenn der Verstorbene in mehreren L\u00e4ndern des Europ\u00e4ischen Wirtschaftsraums EWR gearbeitet hat, ist es ausreichend, einen Antrag im Wohnsitzland zu stellen. Von dort aus werden dann die verschiedenen ausl\u00e4ndischen Kassen benachrichtigt.<\/p>\n\n\n\n<h4 class=\"wp-block-heading\">BERECHNUNG DER RENTE<\/h4>\n\n\n\n<p><span style=\"text-decoration: underline\" class=\"underline\">Die Rente h\u00e4ngt sowohl<\/span>:<\/p>\n\n\n\n<ul class=\"wp-block-list\"><li>von den Beitragsjahren des Versicherten,<\/li><li>von den Eink\u00fcnften oder der Erwerbst\u00e4tigkeit als auch<\/li><li>von den Boni f\u00fcr Assistenz- oder Erziehungsaufgaben der verstorbenen Person ab.<\/li><\/ul>\n\n\n\n<p>Die Rente wird <strong>voll <\/strong>gezahlt, wenn der Versicherte ab dem 1. Januar nach seinem 20. Geburtstag 44 volle Beitragsjahre nachweisen kann. In allen anderen F\u00e4llen wird nur eine <strong>Teilrente<\/strong> gezahlt, d. h. anteilig zu den tats\u00e4chlichen Arbeitsjahren. In bestimmten F\u00e4llen, wenn vor 1979 Quartale fehlen, k\u00f6nnen <strong>zus\u00e4tzliche Quartale<\/strong> gew\u00e4hrt werden.<\/p>\n\n\n\n<p>Der Betrag, der f\u00fcr Erwerbst\u00e4tigkeit in der Schweiz ber\u00fccksichtigt wird, umfasst alle Eink\u00fcnfte, die bis zum 31. Dezember des Jahres vor Entstehung des Anspruchs auf Rente erzielt wurden. Diese Summe wird gem\u00e4\u00df der durchschnittlichen Lohn- und Preisentwicklung neu bewertet. Dann wird sie durch die Anzahl der gearbeiteten Monate und Jahre dividiert. Im Ergebnis erh\u00e4lt man das mittlere Einkommen.<\/p>\n\n\n\n<p>Zu diesem mittleren Einkommen kann ein Aufschlag kommen, wenn die Person vor ihrem 45. Altersjahr verstirbt. Dieser Betrag entspricht gem\u00e4\u00df der folgenden Tabelle einem Prozentsatz, der dem Alter entspricht:<\/p>\n\n\n\n<figure class=\"wp-block-table\"><table><tbody><tr><td>Bei Tod<\/td><td>Prozentsatz<\/td><td><\/td><\/tr><tr><td>Von Alter von<\/td><td>bis zum Alter von<\/td><td><\/td><\/tr><tr><td>&#8211;<\/td><td>23<\/td><td>100<\/td><\/tr><tr><td>23<\/td><td>24<\/td><td>90<\/td><\/tr><tr><td>24<\/td><td>25<\/td><td>80<\/td><\/tr><tr><td>25<\/td><td>26<\/td><td>70<\/td><\/tr><tr><td>26<\/td><td>27<\/td><td>60<\/td><\/tr><tr><td>27<\/td><td>28<\/td><td>50<\/td><\/tr><tr><td>28<\/td><td>30<\/td><td>40<\/td><\/tr><tr><td>30<\/td><td>32<\/td><td>30<\/td><\/tr><tr><td>32<\/td><td>35<\/td><td>20<\/td><\/tr><tr><td>35<\/td><td>39<\/td><td>10<\/td><\/tr><tr><td>39<\/td><td>45<\/td><td>5<\/td><\/tr><\/tbody><\/table><\/figure>\n\n\n\n<p>Bei voller Beitragszahlungsdauer k\u00f6nnen die Hinterlassenen eine Rente zum vollen Satz beanspruche. F\u00fcr das Jahr 2021 betr\u00e4gt die Mindestrente bei einer Witwer- oder Witwenrente 956 CHF pro Monat und 478 CHF pro Monat bei einer Waisenrente.<\/p>\n\n\n\n<p>Die maximale Rente betr\u00e4gt im Jahr 2021 1.912 CHF pro Monate bei einer Witwer- oder Witwenrente und 956 CHF pro Monat bei einer Waisenrente.<\/p>\n\n\n\n<h4 class=\"wp-block-heading\">RECHTSMITTEL<\/h4>\n\n\n\n<p>Versicherte, die mit der Entscheidung der Ausgleichskasse nicht einverstanden sind, k\u00f6nnen <strong>bei dieser Ausgleichskasse Rechtsmittel einlegen<\/strong>. Das Verfahren ist in dem Schreiben beschrieben, das der Entscheidung der Kasse beiliegt. Die Frist f\u00fcr die Einlegung dieser Rechtsmittel betr\u00e4gt <strong>30 Tage<\/strong>. Die betroffenen Personen k\u00f6nnen schriftlich und m\u00fcndlich Widerspruch vor der Instanz einlegen, von der der Bescheid stammt.<\/p>\n\n\n\n<p>Der Widerspruchsbescheid geht dem Versicherten direkt von der Ausgleichskasse zu.<\/p>\n\n\n\n<p>Wenn der Widerspruchsbescheid nicht zufriedenstellend ist, k\u00f6nnen <strong>Rechtsmittel bei dem Kantonalsgericht<\/strong> eingelegt werden, in dem sich die betreffende Kasse befindet. Wenn das Urteil dieser Instanz nicht zufriedenstellend ist, kann das <strong>Eidgen\u00f6ssische Versicherungsgericht in Luzern<\/strong> angerufen werden.<\/p>\n","protected":false},"excerpt":{"rendered":"<p>Nach Schweizer Recht gibt es drei verschiedene Arten der Hinterlassenenrente: die Witwenrente, die Witwerrente, die Waisenrente. Um einen Antrag auf Hinterlassenenrente stellen zu k\u00f6nnen, muss der Verstorbene unabh\u00e4ngig von der Rentenart vor seinem Ableben mindestens ein volles Jahr Beitr\u00e4ge geleistet haben. Diese Bedingung muss erf\u00fcllt sein, wenn: der Verstorbene mindestens ein Beitragsjahr vorweisen kann; der [&hellip;]<\/p>\n","protected":false},"author":4,"featured_media":20357,"parent":20360,"menu_order":4,"comment_status":"closed","ping_status":"closed","template":"","meta":{"inline_featured_image":false,"footnotes":""},"tags":[],"frge_profile":[],"class_list":["post-20417","page","type-page","status-publish","has-post-thumbnail","hentry"],"yoast_head":"<!-- This site is optimized with the Yoast SEO plugin v27.1.1 - https:\/\/yoast.com\/product\/yoast-seo-wordpress\/ -->\n<title>Hinterbliebenenrente in der Schweiz - Frontaliers Grand Est<\/title>\n<meta name=\"description\" content=\"Nach dem Tod Ihres in der Schweiz besch\u00e4ftigten Ehegatten haben Sie unter bestimmten Voraussetzungen Anspruch auf eine der drei schweizerischen Hinterbliebenenrenten.\" \/>\n<meta name=\"robots\" content=\"index, follow, max-snippet:-1, max-image-preview:large, max-video-preview:-1\" \/>\n<link rel=\"canonical\" href=\"https:\/\/frontaliers-grandest.eu\/de\/startseite\/rente\/hinterbliebenenrente\/hinterbliebenenrente-in-der-schweiz\/\" \/>\n<meta property=\"og:locale\" content=\"de_DE\" \/>\n<meta property=\"og:type\" content=\"article\" \/>\n<meta property=\"og:title\" content=\"Hinterbliebenenrente in der Schweiz - Frontaliers Grand Est\" \/>\n<meta property=\"og:description\" content=\"Nach dem Tod Ihres in der Schweiz besch\u00e4ftigten Ehegatten haben Sie unter bestimmten Voraussetzungen Anspruch auf eine der drei schweizerischen Hinterbliebenenrenten.\" \/>\n<meta property=\"og:url\" content=\"https:\/\/frontaliers-grandest.eu\/de\/startseite\/rente\/hinterbliebenenrente\/hinterbliebenenrente-in-der-schweiz\/\" \/>\n<meta property=\"og:site_name\" content=\"Frontaliers Grand Est\" \/>\n<meta property=\"article:publisher\" content=\"https:\/\/www.facebook.com\/frontaliers.GR.EST\/?locale=fr_FR\" \/>\n<meta property=\"article:modified_time\" content=\"2022-08-30T14:04:25+00:00\" \/>\n<meta property=\"og:image\" content=\"https:\/\/frontaliers-grandest.eu\/wp-content\/uploads\/2022\/08\/JHABITE-EN-France-JE-TRAVAILLE-EN-SUISSE.jpg\" \/>\n\t<meta property=\"og:image:width\" content=\"612\" \/>\n\t<meta property=\"og:image:height\" content=\"452\" \/>\n\t<meta property=\"og:image:type\" content=\"image\/jpeg\" \/>\n<meta name=\"twitter:card\" content=\"summary_large_image\" \/>\n<meta name=\"twitter:label1\" content=\"Gesch\u00e4tzte Lesezeit\" \/>\n\t<meta name=\"twitter:data1\" content=\"5\u00a0Minuten\" \/>\n<script type=\"application\/ld+json\" class=\"yoast-schema-graph\">{\"@context\":\"https:\/\/schema.org\",\"@graph\":[{\"@type\":\"WebPage\",\"@id\":\"https:\/\/frontaliers-grandest.eu\/de\/startseite\/rente\/hinterbliebenenrente\/hinterbliebenenrente-in-der-schweiz\/\",\"url\":\"https:\/\/frontaliers-grandest.eu\/de\/startseite\/rente\/hinterbliebenenrente\/hinterbliebenenrente-in-der-schweiz\/\",\"name\":\"Hinterbliebenenrente in der Schweiz - Frontaliers Grand Est\",\"isPartOf\":{\"@id\":\"https:\/\/frontaliers-grandest.eu\/de\/#website\"},\"primaryImageOfPage\":{\"@id\":\"https:\/\/frontaliers-grandest.eu\/de\/startseite\/rente\/hinterbliebenenrente\/hinterbliebenenrente-in-der-schweiz\/#primaryimage\"},\"image\":{\"@id\":\"https:\/\/frontaliers-grandest.eu\/de\/startseite\/rente\/hinterbliebenenrente\/hinterbliebenenrente-in-der-schweiz\/#primaryimage\"},\"thumbnailUrl\":\"https:\/\/frontaliers-grandest.eu\/wp-content\/uploads\/2022\/08\/JHABITE-EN-France-JE-TRAVAILLE-EN-SUISSE.jpg\",\"datePublished\":\"2022-08-30T13:41:32+00:00\",\"dateModified\":\"2022-08-30T14:04:25+00:00\",\"description\":\"Nach dem Tod Ihres in der Schweiz besch\u00e4ftigten Ehegatten haben Sie unter bestimmten Voraussetzungen Anspruch auf eine der drei schweizerischen Hinterbliebenenrenten.\",\"breadcrumb\":{\"@id\":\"https:\/\/frontaliers-grandest.eu\/de\/startseite\/rente\/hinterbliebenenrente\/hinterbliebenenrente-in-der-schweiz\/#breadcrumb\"},\"inLanguage\":\"de\",\"potentialAction\":[{\"@type\":\"ReadAction\",\"target\":[\"https:\/\/frontaliers-grandest.eu\/de\/startseite\/rente\/hinterbliebenenrente\/hinterbliebenenrente-in-der-schweiz\/\"]}]},{\"@type\":\"ImageObject\",\"inLanguage\":\"de\",\"@id\":\"https:\/\/frontaliers-grandest.eu\/de\/startseite\/rente\/hinterbliebenenrente\/hinterbliebenenrente-in-der-schweiz\/#primaryimage\",\"url\":\"https:\/\/frontaliers-grandest.eu\/wp-content\/uploads\/2022\/08\/JHABITE-EN-France-JE-TRAVAILLE-EN-SUISSE.jpg\",\"contentUrl\":\"https:\/\/frontaliers-grandest.eu\/wp-content\/uploads\/2022\/08\/JHABITE-EN-France-JE-TRAVAILLE-EN-SUISSE.jpg\",\"width\":612,\"height\":452,\"caption\":\"Can badge national flag on white background\"},{\"@type\":\"BreadcrumbList\",\"@id\":\"https:\/\/frontaliers-grandest.eu\/de\/startseite\/rente\/hinterbliebenenrente\/hinterbliebenenrente-in-der-schweiz\/#breadcrumb\",\"itemListElement\":[{\"@type\":\"ListItem\",\"position\":1,\"name\":\"Startseite\",\"item\":\"https:\/\/frontaliers-grandest.eu\/de\/\"},{\"@type\":\"ListItem\",\"position\":2,\"name\":\"Grenzg\u00e4nger-Rente\",\"item\":\"https:\/\/frontaliers-grandest.eu\/de\/startseite\/rente\/\"},{\"@type\":\"ListItem\",\"position\":3,\"name\":\"Hinterbliebenenrente\",\"item\":\"https:\/\/frontaliers-grandest.eu\/de\/startseite\/rente\/hinterbliebenenrente\/\"},{\"@type\":\"ListItem\",\"position\":4,\"name\":\"Hinterbliebenenrente in der Schweiz\"}]},{\"@type\":\"WebSite\",\"@id\":\"https:\/\/frontaliers-grandest.eu\/de\/#website\",\"url\":\"https:\/\/frontaliers-grandest.eu\/de\/\",\"name\":\"Frontaliers Grand Est\",\"description\":\"Le site ressource du travail frontalier\",\"publisher\":{\"@id\":\"https:\/\/frontaliers-grandest.eu\/de\/#organization\"},\"alternateName\":\"Frontaliers Grand Est\",\"potentialAction\":[{\"@type\":\"SearchAction\",\"target\":{\"@type\":\"EntryPoint\",\"urlTemplate\":\"https:\/\/frontaliers-grandest.eu\/de\/?s={search_term_string}\"},\"query-input\":{\"@type\":\"PropertyValueSpecification\",\"valueRequired\":true,\"valueName\":\"search_term_string\"}}],\"inLanguage\":\"de\"},{\"@type\":\"Organization\",\"@id\":\"https:\/\/frontaliers-grandest.eu\/de\/#organization\",\"name\":\"Frontaliers Grand Est\",\"alternateName\":\"Frontaliers Grand Est\",\"url\":\"https:\/\/frontaliers-grandest.eu\/de\/\",\"logo\":{\"@type\":\"ImageObject\",\"inLanguage\":\"de\",\"@id\":\"https:\/\/frontaliers-grandest.eu\/de\/#\/schema\/logo\/image\/\",\"url\":\"https:\/\/frontaliers-grandest.eu\/wp-content\/uploads\/2025\/07\/260328234_2966785176920310_3332838526503858160_n.jpg\",\"contentUrl\":\"https:\/\/frontaliers-grandest.eu\/wp-content\/uploads\/2025\/07\/260328234_2966785176920310_3332838526503858160_n.jpg\",\"width\":396,\"height\":396,\"caption\":\"Frontaliers Grand Est\"},\"image\":{\"@id\":\"https:\/\/frontaliers-grandest.eu\/de\/#\/schema\/logo\/image\/\"},\"sameAs\":[\"https:\/\/www.facebook.com\/frontaliers.GR.EST\/?locale=fr_FR\"]}]}<\/script>\n<!-- \/ Yoast SEO plugin. -->","yoast_head_json":{"title":"Hinterbliebenenrente in der Schweiz - Frontaliers Grand Est","description":"Nach dem Tod Ihres in der Schweiz besch\u00e4ftigten Ehegatten haben Sie unter bestimmten Voraussetzungen Anspruch auf eine der drei schweizerischen Hinterbliebenenrenten.","robots":{"index":"index","follow":"follow","max-snippet":"max-snippet:-1","max-image-preview":"max-image-preview:large","max-video-preview":"max-video-preview:-1"},"canonical":"https:\/\/frontaliers-grandest.eu\/de\/startseite\/rente\/hinterbliebenenrente\/hinterbliebenenrente-in-der-schweiz\/","og_locale":"de_DE","og_type":"article","og_title":"Hinterbliebenenrente in der Schweiz - Frontaliers Grand Est","og_description":"Nach dem Tod Ihres in der Schweiz besch\u00e4ftigten Ehegatten haben Sie unter bestimmten Voraussetzungen Anspruch auf eine der drei schweizerischen Hinterbliebenenrenten.","og_url":"https:\/\/frontaliers-grandest.eu\/de\/startseite\/rente\/hinterbliebenenrente\/hinterbliebenenrente-in-der-schweiz\/","og_site_name":"Frontaliers Grand Est","article_publisher":"https:\/\/www.facebook.com\/frontaliers.GR.EST\/?locale=fr_FR","article_modified_time":"2022-08-30T14:04:25+00:00","og_image":[{"width":612,"height":452,"url":"https:\/\/frontaliers-grandest.eu\/wp-content\/uploads\/2022\/08\/JHABITE-EN-France-JE-TRAVAILLE-EN-SUISSE.jpg","type":"image\/jpeg"}],"twitter_card":"summary_large_image","twitter_misc":{"Gesch\u00e4tzte Lesezeit":"5\u00a0Minuten"},"schema":{"@context":"https:\/\/schema.org","@graph":[{"@type":"WebPage","@id":"https:\/\/frontaliers-grandest.eu\/de\/startseite\/rente\/hinterbliebenenrente\/hinterbliebenenrente-in-der-schweiz\/","url":"https:\/\/frontaliers-grandest.eu\/de\/startseite\/rente\/hinterbliebenenrente\/hinterbliebenenrente-in-der-schweiz\/","name":"Hinterbliebenenrente in der Schweiz - Frontaliers Grand Est","isPartOf":{"@id":"https:\/\/frontaliers-grandest.eu\/de\/#website"},"primaryImageOfPage":{"@id":"https:\/\/frontaliers-grandest.eu\/de\/startseite\/rente\/hinterbliebenenrente\/hinterbliebenenrente-in-der-schweiz\/#primaryimage"},"image":{"@id":"https:\/\/frontaliers-grandest.eu\/de\/startseite\/rente\/hinterbliebenenrente\/hinterbliebenenrente-in-der-schweiz\/#primaryimage"},"thumbnailUrl":"https:\/\/frontaliers-grandest.eu\/wp-content\/uploads\/2022\/08\/JHABITE-EN-France-JE-TRAVAILLE-EN-SUISSE.jpg","datePublished":"2022-08-30T13:41:32+00:00","dateModified":"2022-08-30T14:04:25+00:00","description":"Nach dem Tod Ihres in der Schweiz besch\u00e4ftigten Ehegatten haben Sie unter bestimmten Voraussetzungen Anspruch auf eine der drei schweizerischen Hinterbliebenenrenten.","breadcrumb":{"@id":"https:\/\/frontaliers-grandest.eu\/de\/startseite\/rente\/hinterbliebenenrente\/hinterbliebenenrente-in-der-schweiz\/#breadcrumb"},"inLanguage":"de","potentialAction":[{"@type":"ReadAction","target":["https:\/\/frontaliers-grandest.eu\/de\/startseite\/rente\/hinterbliebenenrente\/hinterbliebenenrente-in-der-schweiz\/"]}]},{"@type":"ImageObject","inLanguage":"de","@id":"https:\/\/frontaliers-grandest.eu\/de\/startseite\/rente\/hinterbliebenenrente\/hinterbliebenenrente-in-der-schweiz\/#primaryimage","url":"https:\/\/frontaliers-grandest.eu\/wp-content\/uploads\/2022\/08\/JHABITE-EN-France-JE-TRAVAILLE-EN-SUISSE.jpg","contentUrl":"https:\/\/frontaliers-grandest.eu\/wp-content\/uploads\/2022\/08\/JHABITE-EN-France-JE-TRAVAILLE-EN-SUISSE.jpg","width":612,"height":452,"caption":"Can badge national flag on white background"},{"@type":"BreadcrumbList","@id":"https:\/\/frontaliers-grandest.eu\/de\/startseite\/rente\/hinterbliebenenrente\/hinterbliebenenrente-in-der-schweiz\/#breadcrumb","itemListElement":[{"@type":"ListItem","position":1,"name":"Startseite","item":"https:\/\/frontaliers-grandest.eu\/de\/"},{"@type":"ListItem","position":2,"name":"Grenzg\u00e4nger-Rente","item":"https:\/\/frontaliers-grandest.eu\/de\/startseite\/rente\/"},{"@type":"ListItem","position":3,"name":"Hinterbliebenenrente","item":"https:\/\/frontaliers-grandest.eu\/de\/startseite\/rente\/hinterbliebenenrente\/"},{"@type":"ListItem","position":4,"name":"Hinterbliebenenrente in der Schweiz"}]},{"@type":"WebSite","@id":"https:\/\/frontaliers-grandest.eu\/de\/#website","url":"https:\/\/frontaliers-grandest.eu\/de\/","name":"Frontaliers Grand Est","description":"Le site ressource du travail frontalier","publisher":{"@id":"https:\/\/frontaliers-grandest.eu\/de\/#organization"},"alternateName":"Frontaliers Grand Est","potentialAction":[{"@type":"SearchAction","target":{"@type":"EntryPoint","urlTemplate":"https:\/\/frontaliers-grandest.eu\/de\/?s={search_term_string}"},"query-input":{"@type":"PropertyValueSpecification","valueRequired":true,"valueName":"search_term_string"}}],"inLanguage":"de"},{"@type":"Organization","@id":"https:\/\/frontaliers-grandest.eu\/de\/#organization","name":"Frontaliers Grand Est","alternateName":"Frontaliers Grand Est","url":"https:\/\/frontaliers-grandest.eu\/de\/","logo":{"@type":"ImageObject","inLanguage":"de","@id":"https:\/\/frontaliers-grandest.eu\/de\/#\/schema\/logo\/image\/","url":"https:\/\/frontaliers-grandest.eu\/wp-content\/uploads\/2025\/07\/260328234_2966785176920310_3332838526503858160_n.jpg","contentUrl":"https:\/\/frontaliers-grandest.eu\/wp-content\/uploads\/2025\/07\/260328234_2966785176920310_3332838526503858160_n.jpg","width":396,"height":396,"caption":"Frontaliers Grand Est"},"image":{"@id":"https:\/\/frontaliers-grandest.eu\/de\/#\/schema\/logo\/image\/"},"sameAs":["https:\/\/www.facebook.com\/frontaliers.GR.EST\/?locale=fr_FR"]}]}},"frge_page_order":0,"_links":{"self":[{"href":"https:\/\/frontaliers-grandest.eu\/de\/wp-json\/wp\/v2\/pages\/20417","targetHints":{"allow":["GET"]}}],"collection":[{"href":"https:\/\/frontaliers-grandest.eu\/de\/wp-json\/wp\/v2\/pages"}],"about":[{"href":"https:\/\/frontaliers-grandest.eu\/de\/wp-json\/wp\/v2\/types\/page"}],"author":[{"embeddable":true,"href":"https:\/\/frontaliers-grandest.eu\/de\/wp-json\/wp\/v2\/users\/4"}],"replies":[{"embeddable":true,"href":"https:\/\/frontaliers-grandest.eu\/de\/wp-json\/wp\/v2\/comments?post=20417"}],"version-history":[{"count":9,"href":"https:\/\/frontaliers-grandest.eu\/de\/wp-json\/wp\/v2\/pages\/20417\/revisions"}],"predecessor-version":[{"id":20441,"href":"https:\/\/frontaliers-grandest.eu\/de\/wp-json\/wp\/v2\/pages\/20417\/revisions\/20441"}],"up":[{"embeddable":true,"href":"https:\/\/frontaliers-grandest.eu\/de\/wp-json\/wp\/v2\/pages\/20360"}],"wp:featuredmedia":[{"embeddable":true,"href":"https:\/\/frontaliers-grandest.eu\/de\/wp-json\/wp\/v2\/media\/20357"}],"wp:attachment":[{"href":"https:\/\/frontaliers-grandest.eu\/de\/wp-json\/wp\/v2\/media?parent=20417"}],"wp:term":[{"taxonomy":"post_tag","embeddable":true,"href":"https:\/\/frontaliers-grandest.eu\/de\/wp-json\/wp\/v2\/tags?post=20417"},{"taxonomy":"frge_profile","embeddable":true,"href":"https:\/\/frontaliers-grandest.eu\/de\/wp-json\/wp\/v2\/frge_profile?post=20417"}],"curies":[{"name":"wp","href":"https:\/\/api.w.org\/{rel}","templated":true}]}}