{"id":20398,"date":"2022-08-30T15:22:47","date_gmt":"2022-08-30T13:22:47","guid":{"rendered":"https:\/\/frontaliers-grandest.eu\/startseite\/rente\/hinterbliebenenrente\/hinterbliebenenrente-in-frankreich\/"},"modified":"2022-08-30T16:02:50","modified_gmt":"2022-08-30T14:02:50","slug":"hinterbliebenenrente-in-frankreich","status":"publish","type":"page","link":"https:\/\/frontaliers-grandest.eu\/de\/startseite\/rente\/hinterbliebenenrente\/hinterbliebenenrente-in-frankreich\/","title":{"rendered":"Hinterbliebenenrente in Frankreich"},"content":{"rendered":"\n<p>Nach dem Tod Ihres abh\u00e4ngig besch\u00e4ftigen Ehepartners oder Ex-Ehepartners k\u00f6nnen Sie unter bestimmten Bedingungen eine Hinterbliebenenrente erhalten.<\/p>\n\n\n\n<p>Die Hinterbliebenenrente ist ein Teil der Rente, die Ihr Ex-Ehepartner erhalten hat oder h\u00e4tte.<\/p>\n\n\n\n<p><span style=\"text-decoration: underline\" class=\"underline\">Diese k\u00f6nnen Sie unter den folgenden Bedingungen erhalten<\/span>:<\/p>\n\n\n\n<ul class=\"wp-block-list\"><li>Sie m\u00fcssen mit dem verstorbenen Versicherten verheiratet gewesen sein.<\/li><li>Sie m\u00fcssen mindesten 55 Jahre alt sein.<\/li><li>Ihr Jahreseinkommen darf 21.798,40 \u20ac nicht \u00fcberschreiten, wenn Sie allein leben (34.877,44 \u20ac, wenn der Hinterbliebene nicht allein lebt).<\/li><\/ul>\n\n\n\n<p><strong>N.B<\/strong>.: Diese Rente wird nicht an Zusammenlebende und an Partner einer eingetragenen Partnerschaft (PACS) gezahlt.<\/p>\n\n\n\n<p>Die <strong>Hinterbliebenenrente betr\u00e4gt<\/strong> <strong>54 % der Rente<\/strong>, die der Verstorbene bezogen hat oder h\u00e4tte.<\/p>\n\n\n\n<p>War der <strong>verstorbene Ehepartner mehrmals verheiratet<\/strong>, wird die Hinterbliebenenrente zwischen den Ex-Ehepartnern im Verh\u00e4ltnis der jeweiligen Ehedauer aufgeteilt.<\/p>\n\n\n\n<p><strong>Die Hinterbliebenenrente wird nicht automatisch gezahlt, sondern muss beantragt werden<\/strong>.<\/p>\n\n\n\n<p>Zur Beantragung der Hinterbliebenenrente ist das <strong>Formular cerfa n\u00b013364*02<\/strong> auszuf\u00fcllen.<\/p>\n\n\n\n<p>Die Antragsunterlagen sind an die Kasse an Ihrem Wohnort zu schicken. Die Zahlung der Hinterbliebenenrente erfolgt monatlich wie die normale Rente.<\/p>\n\n\n\n<p>F\u00fcr mehr Informationen hat die <strong>Caisse Nationale d\u2019Assurance Vieillesse<\/strong> einen Beratungsservice f\u00fcr Hinterbliebene eingerichtet, dessen Berater Sie \u00fcber Ihre Rechte und die Schritte informieren, die von Ihnen unternommen werden m\u00fcssen.<\/p>\n\n\n\n<p><strong>Tel<\/strong>.: 39 60<\/p>\n\n\n\n<p><strong>Telefon aus dem Ausland<\/strong>: 09 71 10 39 60<\/p>\n\n\n\n<p>Webseite: <a href=\"http:\/\/www.lassuranceretraite.fr\"><strong>www.lassuranceretraite.fr<\/strong><\/a><\/p>\n","protected":false},"excerpt":{"rendered":"<p>Nach dem Tod Ihres abh\u00e4ngig besch\u00e4ftigen Ehepartners oder Ex-Ehepartners k\u00f6nnen Sie unter bestimmten Bedingungen eine Hinterbliebenenrente erhalten. Die Hinterbliebenenrente ist ein Teil der Rente, die Ihr Ex-Ehepartner erhalten hat oder h\u00e4tte. Diese k\u00f6nnen Sie unter den folgenden Bedingungen erhalten: Sie m\u00fcssen mit dem verstorbenen Versicherten verheiratet gewesen sein. Sie m\u00fcssen mindesten 55 Jahre alt sein. [&hellip;]<\/p>\n","protected":false},"author":4,"featured_media":20356,"parent":20360,"menu_order":2,"comment_status":"closed","ping_status":"closed","template":"","meta":{"inline_featured_image":false,"footnotes":""},"tags":[],"frge_profile":[],"class_list":["post-20398","page","type-page","status-publish","has-post-thumbnail","hentry"],"yoast_head":"<!-- This site is optimized with the Yoast SEO plugin v27.1.1 - https:\/\/yoast.com\/product\/yoast-seo-wordpress\/ -->\n<title>Hinterbliebenenrente in Frankreich - Frontaliers Grand Est<\/title>\n<meta name=\"description\" content=\"Nach dem Tod Ihres besch\u00e4ftigten Ehegatten oder ehemaligen Ehegatten haben Sie unter bestimmten Voraussetzungen Anspruch auf Hinterbliebenenrente.\" \/>\n<meta name=\"robots\" content=\"index, follow, max-snippet:-1, max-image-preview:large, max-video-preview:-1\" \/>\n<link rel=\"canonical\" href=\"https:\/\/frontaliers-grandest.eu\/de\/startseite\/rente\/hinterbliebenenrente\/hinterbliebenenrente-in-frankreich\/\" \/>\n<meta property=\"og:locale\" content=\"de_DE\" \/>\n<meta property=\"og:type\" content=\"article\" \/>\n<meta property=\"og:title\" content=\"Hinterbliebenenrente in Frankreich - Frontaliers Grand Est\" \/>\n<meta property=\"og:description\" content=\"Nach dem Tod Ihres besch\u00e4ftigten Ehegatten oder ehemaligen Ehegatten haben Sie unter bestimmten Voraussetzungen Anspruch auf Hinterbliebenenrente.\" \/>\n<meta property=\"og:url\" content=\"https:\/\/frontaliers-grandest.eu\/de\/startseite\/rente\/hinterbliebenenrente\/hinterbliebenenrente-in-frankreich\/\" \/>\n<meta property=\"og:site_name\" content=\"Frontaliers Grand Est\" \/>\n<meta property=\"article:publisher\" content=\"https:\/\/www.facebook.com\/frontaliers.GR.EST\/?locale=fr_FR\" \/>\n<meta property=\"article:modified_time\" content=\"2022-08-30T14:02:50+00:00\" \/>\n<meta property=\"og:image\" content=\"https:\/\/frontaliers-grandest.eu\/wp-content\/uploads\/2022\/08\/JHABITE-EN-France-JE-TRAVAILLE-EN-BELGIQUE-scaled.jpg\" \/>\n\t<meta property=\"og:image:width\" content=\"2560\" \/>\n\t<meta property=\"og:image:height\" content=\"1501\" \/>\n\t<meta property=\"og:image:type\" content=\"image\/jpeg\" \/>\n<meta name=\"twitter:card\" content=\"summary_large_image\" \/>\n<meta name=\"twitter:label1\" content=\"Gesch\u00e4tzte Lesezeit\" \/>\n\t<meta name=\"twitter:data1\" content=\"2\u00a0Minuten\" \/>\n<script type=\"application\/ld+json\" class=\"yoast-schema-graph\">{\"@context\":\"https:\/\/schema.org\",\"@graph\":[{\"@type\":\"WebPage\",\"@id\":\"https:\/\/frontaliers-grandest.eu\/de\/startseite\/rente\/hinterbliebenenrente\/hinterbliebenenrente-in-frankreich\/\",\"url\":\"https:\/\/frontaliers-grandest.eu\/de\/startseite\/rente\/hinterbliebenenrente\/hinterbliebenenrente-in-frankreich\/\",\"name\":\"Hinterbliebenenrente in Frankreich - Frontaliers Grand Est\",\"isPartOf\":{\"@id\":\"https:\/\/frontaliers-grandest.eu\/de\/#website\"},\"primaryImageOfPage\":{\"@id\":\"https:\/\/frontaliers-grandest.eu\/de\/startseite\/rente\/hinterbliebenenrente\/hinterbliebenenrente-in-frankreich\/#primaryimage\"},\"image\":{\"@id\":\"https:\/\/frontaliers-grandest.eu\/de\/startseite\/rente\/hinterbliebenenrente\/hinterbliebenenrente-in-frankreich\/#primaryimage\"},\"thumbnailUrl\":\"https:\/\/frontaliers-grandest.eu\/wp-content\/uploads\/2022\/08\/JHABITE-EN-France-JE-TRAVAILLE-EN-BELGIQUE-scaled.jpg\",\"datePublished\":\"2022-08-30T13:22:47+00:00\",\"dateModified\":\"2022-08-30T14:02:50+00:00\",\"description\":\"Nach dem Tod Ihres besch\u00e4ftigten Ehegatten oder ehemaligen Ehegatten haben Sie unter bestimmten Voraussetzungen Anspruch auf Hinterbliebenenrente.\",\"breadcrumb\":{\"@id\":\"https:\/\/frontaliers-grandest.eu\/de\/startseite\/rente\/hinterbliebenenrente\/hinterbliebenenrente-in-frankreich\/#breadcrumb\"},\"inLanguage\":\"de\",\"potentialAction\":[{\"@type\":\"ReadAction\",\"target\":[\"https:\/\/frontaliers-grandest.eu\/de\/startseite\/rente\/hinterbliebenenrente\/hinterbliebenenrente-in-frankreich\/\"]}]},{\"@type\":\"ImageObject\",\"inLanguage\":\"de\",\"@id\":\"https:\/\/frontaliers-grandest.eu\/de\/startseite\/rente\/hinterbliebenenrente\/hinterbliebenenrente-in-frankreich\/#primaryimage\",\"url\":\"https:\/\/frontaliers-grandest.eu\/wp-content\/uploads\/2022\/08\/JHABITE-EN-France-JE-TRAVAILLE-EN-BELGIQUE-scaled.jpg\",\"contentUrl\":\"https:\/\/frontaliers-grandest.eu\/wp-content\/uploads\/2022\/08\/JHABITE-EN-France-JE-TRAVAILLE-EN-BELGIQUE-scaled.jpg\",\"width\":2560,\"height\":1501,\"caption\":\"France and Belgium, two flags waving against blue sky. 3d image\"},{\"@type\":\"BreadcrumbList\",\"@id\":\"https:\/\/frontaliers-grandest.eu\/de\/startseite\/rente\/hinterbliebenenrente\/hinterbliebenenrente-in-frankreich\/#breadcrumb\",\"itemListElement\":[{\"@type\":\"ListItem\",\"position\":1,\"name\":\"Startseite\",\"item\":\"https:\/\/frontaliers-grandest.eu\/de\/\"},{\"@type\":\"ListItem\",\"position\":2,\"name\":\"Grenzg\u00e4nger-Rente\",\"item\":\"https:\/\/frontaliers-grandest.eu\/de\/startseite\/rente\/\"},{\"@type\":\"ListItem\",\"position\":3,\"name\":\"Hinterbliebenenrente\",\"item\":\"https:\/\/frontaliers-grandest.eu\/de\/startseite\/rente\/hinterbliebenenrente\/\"},{\"@type\":\"ListItem\",\"position\":4,\"name\":\"Hinterbliebenenrente in Frankreich\"}]},{\"@type\":\"WebSite\",\"@id\":\"https:\/\/frontaliers-grandest.eu\/de\/#website\",\"url\":\"https:\/\/frontaliers-grandest.eu\/de\/\",\"name\":\"Frontaliers Grand Est\",\"description\":\"Le site ressource du travail frontalier\",\"publisher\":{\"@id\":\"https:\/\/frontaliers-grandest.eu\/de\/#organization\"},\"alternateName\":\"Frontaliers Grand Est\",\"potentialAction\":[{\"@type\":\"SearchAction\",\"target\":{\"@type\":\"EntryPoint\",\"urlTemplate\":\"https:\/\/frontaliers-grandest.eu\/de\/?s={search_term_string}\"},\"query-input\":{\"@type\":\"PropertyValueSpecification\",\"valueRequired\":true,\"valueName\":\"search_term_string\"}}],\"inLanguage\":\"de\"},{\"@type\":\"Organization\",\"@id\":\"https:\/\/frontaliers-grandest.eu\/de\/#organization\",\"name\":\"Frontaliers Grand Est\",\"alternateName\":\"Frontaliers Grand Est\",\"url\":\"https:\/\/frontaliers-grandest.eu\/de\/\",\"logo\":{\"@type\":\"ImageObject\",\"inLanguage\":\"de\",\"@id\":\"https:\/\/frontaliers-grandest.eu\/de\/#\/schema\/logo\/image\/\",\"url\":\"https:\/\/frontaliers-grandest.eu\/wp-content\/uploads\/2025\/07\/260328234_2966785176920310_3332838526503858160_n.jpg\",\"contentUrl\":\"https:\/\/frontaliers-grandest.eu\/wp-content\/uploads\/2025\/07\/260328234_2966785176920310_3332838526503858160_n.jpg\",\"width\":396,\"height\":396,\"caption\":\"Frontaliers Grand Est\"},\"image\":{\"@id\":\"https:\/\/frontaliers-grandest.eu\/de\/#\/schema\/logo\/image\/\"},\"sameAs\":[\"https:\/\/www.facebook.com\/frontaliers.GR.EST\/?locale=fr_FR\"]}]}<\/script>\n<!-- \/ Yoast SEO plugin. -->","yoast_head_json":{"title":"Hinterbliebenenrente in Frankreich - Frontaliers Grand Est","description":"Nach dem Tod Ihres besch\u00e4ftigten Ehegatten oder ehemaligen Ehegatten haben Sie unter bestimmten Voraussetzungen Anspruch auf Hinterbliebenenrente.","robots":{"index":"index","follow":"follow","max-snippet":"max-snippet:-1","max-image-preview":"max-image-preview:large","max-video-preview":"max-video-preview:-1"},"canonical":"https:\/\/frontaliers-grandest.eu\/de\/startseite\/rente\/hinterbliebenenrente\/hinterbliebenenrente-in-frankreich\/","og_locale":"de_DE","og_type":"article","og_title":"Hinterbliebenenrente in Frankreich - Frontaliers Grand Est","og_description":"Nach dem Tod Ihres besch\u00e4ftigten Ehegatten oder ehemaligen Ehegatten haben Sie unter bestimmten Voraussetzungen Anspruch auf Hinterbliebenenrente.","og_url":"https:\/\/frontaliers-grandest.eu\/de\/startseite\/rente\/hinterbliebenenrente\/hinterbliebenenrente-in-frankreich\/","og_site_name":"Frontaliers Grand Est","article_publisher":"https:\/\/www.facebook.com\/frontaliers.GR.EST\/?locale=fr_FR","article_modified_time":"2022-08-30T14:02:50+00:00","og_image":[{"width":2560,"height":1501,"url":"https:\/\/frontaliers-grandest.eu\/wp-content\/uploads\/2022\/08\/JHABITE-EN-France-JE-TRAVAILLE-EN-BELGIQUE-scaled.jpg","type":"image\/jpeg"}],"twitter_card":"summary_large_image","twitter_misc":{"Gesch\u00e4tzte Lesezeit":"2\u00a0Minuten"},"schema":{"@context":"https:\/\/schema.org","@graph":[{"@type":"WebPage","@id":"https:\/\/frontaliers-grandest.eu\/de\/startseite\/rente\/hinterbliebenenrente\/hinterbliebenenrente-in-frankreich\/","url":"https:\/\/frontaliers-grandest.eu\/de\/startseite\/rente\/hinterbliebenenrente\/hinterbliebenenrente-in-frankreich\/","name":"Hinterbliebenenrente in Frankreich - Frontaliers Grand Est","isPartOf":{"@id":"https:\/\/frontaliers-grandest.eu\/de\/#website"},"primaryImageOfPage":{"@id":"https:\/\/frontaliers-grandest.eu\/de\/startseite\/rente\/hinterbliebenenrente\/hinterbliebenenrente-in-frankreich\/#primaryimage"},"image":{"@id":"https:\/\/frontaliers-grandest.eu\/de\/startseite\/rente\/hinterbliebenenrente\/hinterbliebenenrente-in-frankreich\/#primaryimage"},"thumbnailUrl":"https:\/\/frontaliers-grandest.eu\/wp-content\/uploads\/2022\/08\/JHABITE-EN-France-JE-TRAVAILLE-EN-BELGIQUE-scaled.jpg","datePublished":"2022-08-30T13:22:47+00:00","dateModified":"2022-08-30T14:02:50+00:00","description":"Nach dem Tod Ihres besch\u00e4ftigten Ehegatten oder ehemaligen Ehegatten haben Sie unter bestimmten Voraussetzungen Anspruch auf Hinterbliebenenrente.","breadcrumb":{"@id":"https:\/\/frontaliers-grandest.eu\/de\/startseite\/rente\/hinterbliebenenrente\/hinterbliebenenrente-in-frankreich\/#breadcrumb"},"inLanguage":"de","potentialAction":[{"@type":"ReadAction","target":["https:\/\/frontaliers-grandest.eu\/de\/startseite\/rente\/hinterbliebenenrente\/hinterbliebenenrente-in-frankreich\/"]}]},{"@type":"ImageObject","inLanguage":"de","@id":"https:\/\/frontaliers-grandest.eu\/de\/startseite\/rente\/hinterbliebenenrente\/hinterbliebenenrente-in-frankreich\/#primaryimage","url":"https:\/\/frontaliers-grandest.eu\/wp-content\/uploads\/2022\/08\/JHABITE-EN-France-JE-TRAVAILLE-EN-BELGIQUE-scaled.jpg","contentUrl":"https:\/\/frontaliers-grandest.eu\/wp-content\/uploads\/2022\/08\/JHABITE-EN-France-JE-TRAVAILLE-EN-BELGIQUE-scaled.jpg","width":2560,"height":1501,"caption":"France and Belgium, two flags waving against blue sky. 3d image"},{"@type":"BreadcrumbList","@id":"https:\/\/frontaliers-grandest.eu\/de\/startseite\/rente\/hinterbliebenenrente\/hinterbliebenenrente-in-frankreich\/#breadcrumb","itemListElement":[{"@type":"ListItem","position":1,"name":"Startseite","item":"https:\/\/frontaliers-grandest.eu\/de\/"},{"@type":"ListItem","position":2,"name":"Grenzg\u00e4nger-Rente","item":"https:\/\/frontaliers-grandest.eu\/de\/startseite\/rente\/"},{"@type":"ListItem","position":3,"name":"Hinterbliebenenrente","item":"https:\/\/frontaliers-grandest.eu\/de\/startseite\/rente\/hinterbliebenenrente\/"},{"@type":"ListItem","position":4,"name":"Hinterbliebenenrente in Frankreich"}]},{"@type":"WebSite","@id":"https:\/\/frontaliers-grandest.eu\/de\/#website","url":"https:\/\/frontaliers-grandest.eu\/de\/","name":"Frontaliers Grand Est","description":"Le site ressource du travail frontalier","publisher":{"@id":"https:\/\/frontaliers-grandest.eu\/de\/#organization"},"alternateName":"Frontaliers Grand Est","potentialAction":[{"@type":"SearchAction","target":{"@type":"EntryPoint","urlTemplate":"https:\/\/frontaliers-grandest.eu\/de\/?s={search_term_string}"},"query-input":{"@type":"PropertyValueSpecification","valueRequired":true,"valueName":"search_term_string"}}],"inLanguage":"de"},{"@type":"Organization","@id":"https:\/\/frontaliers-grandest.eu\/de\/#organization","name":"Frontaliers Grand Est","alternateName":"Frontaliers Grand Est","url":"https:\/\/frontaliers-grandest.eu\/de\/","logo":{"@type":"ImageObject","inLanguage":"de","@id":"https:\/\/frontaliers-grandest.eu\/de\/#\/schema\/logo\/image\/","url":"https:\/\/frontaliers-grandest.eu\/wp-content\/uploads\/2025\/07\/260328234_2966785176920310_3332838526503858160_n.jpg","contentUrl":"https:\/\/frontaliers-grandest.eu\/wp-content\/uploads\/2025\/07\/260328234_2966785176920310_3332838526503858160_n.jpg","width":396,"height":396,"caption":"Frontaliers Grand Est"},"image":{"@id":"https:\/\/frontaliers-grandest.eu\/de\/#\/schema\/logo\/image\/"},"sameAs":["https:\/\/www.facebook.com\/frontaliers.GR.EST\/?locale=fr_FR"]}]}},"frge_page_order":0,"_links":{"self":[{"href":"https:\/\/frontaliers-grandest.eu\/de\/wp-json\/wp\/v2\/pages\/20398","targetHints":{"allow":["GET"]}}],"collection":[{"href":"https:\/\/frontaliers-grandest.eu\/de\/wp-json\/wp\/v2\/pages"}],"about":[{"href":"https:\/\/frontaliers-grandest.eu\/de\/wp-json\/wp\/v2\/types\/page"}],"author":[{"embeddable":true,"href":"https:\/\/frontaliers-grandest.eu\/de\/wp-json\/wp\/v2\/users\/4"}],"replies":[{"embeddable":true,"href":"https:\/\/frontaliers-grandest.eu\/de\/wp-json\/wp\/v2\/comments?post=20398"}],"version-history":[{"count":5,"href":"https:\/\/frontaliers-grandest.eu\/de\/wp-json\/wp\/v2\/pages\/20398\/revisions"}],"predecessor-version":[{"id":20404,"href":"https:\/\/frontaliers-grandest.eu\/de\/wp-json\/wp\/v2\/pages\/20398\/revisions\/20404"}],"up":[{"embeddable":true,"href":"https:\/\/frontaliers-grandest.eu\/de\/wp-json\/wp\/v2\/pages\/20360"}],"wp:featuredmedia":[{"embeddable":true,"href":"https:\/\/frontaliers-grandest.eu\/de\/wp-json\/wp\/v2\/media\/20356"}],"wp:attachment":[{"href":"https:\/\/frontaliers-grandest.eu\/de\/wp-json\/wp\/v2\/media?parent=20398"}],"wp:term":[{"taxonomy":"post_tag","embeddable":true,"href":"https:\/\/frontaliers-grandest.eu\/de\/wp-json\/wp\/v2\/tags?post=20398"},{"taxonomy":"frge_profile","embeddable":true,"href":"https:\/\/frontaliers-grandest.eu\/de\/wp-json\/wp\/v2\/frge_profile?post=20398"}],"curies":[{"name":"wp","href":"https:\/\/api.w.org\/{rel}","templated":true}]}}