{"id":20382,"date":"2022-08-30T15:08:33","date_gmt":"2022-08-30T13:08:33","guid":{"rendered":"https:\/\/frontaliers-grandest.eu\/startseite\/rente\/hinterbliebenenrente\/hinterbliebenenrente-in-deutschland\/"},"modified":"2022-09-12T12:31:37","modified_gmt":"2022-09-12T10:31:37","slug":"hinterbliebenenrente-in-deutschland","status":"publish","type":"page","link":"https:\/\/frontaliers-grandest.eu\/de\/startseite\/rente\/hinterbliebenenrente\/hinterbliebenenrente-in-deutschland\/","title":{"rendered":"Hinterbliebenenrente in Deutschland"},"content":{"rendered":"\n<p>Bei Tod des Versicherten oder Beg\u00fcnstigten einer deutschen Altersrente kann der hinterbliebene Ehepartner eine <strong>Witwenrente<\/strong> erhalten.<\/p>\n\n\n\n<p>Dabei unterscheidet das Gesetz zwischen dem <strong>alten und dem neuen Recht<\/strong>.<\/p>\n\n\n\n<p>F\u00fcr Witwer\/Witwen, deren Ehepartner <strong>vor dem 1. Januar 2002<\/strong> verstorben ist, gilt das alte Recht.<\/p>\n\n\n\n<p>F\u00fcr Witwer\/Witwen, deren Ehepartner <strong>nach dem 1. Januar 2002<\/strong> verstorben ist, gilt das neue Recht.<\/p>\n\n\n\n<p>W\u00e4hrend der ersten drei Monate nach dem Ableben erh\u00e4lt der hinterbliebene Ehepartner die volle Altersrente des Verstorbenen.<\/p>\n\n\n\n<h2 class=\"wp-block-heading\">DIE M\u00d6GLICHEN RENTENARTEN:<\/h2>\n\n\n\n<p>Wenn der Verstorbene mindestens 5 Jahre in die Rentenkasse eingezahlt hat, kann der Hinterbliebene eine von<strong> zwei Rentenarten<\/strong> erhalten:<\/p>\n\n\n\n<ul class=\"wp-block-list\"><li>die<strong> kleine Witwenrente<\/strong>: Sie wird dem hinterbliebenen Ehepartner gezahlt, wenn dieser keinen Anspruch auf die gro\u00dfe Witwenrente hat.<\/li><\/ul>\n\n\n\n<p>Personen, f\u00fcr die das alte Recht gilt, erhalten die Rente bis zum <strong>Alter von 45 Jahren.<\/strong><\/p>\n\n\n\n<p>Personen, f\u00fcr die das neue Recht gilt, wird die Rente <strong>zwei Jahre lang<\/strong> gezahlt.<\/p>\n\n\n\n<figure class=\"wp-block-pullquote\"><blockquote><p>Diese Rente (altes und neues Recht) bel\u00e4uft sich auf 25 % der Rente, die der Verstorbene zum Zeitpunkt seines Ablebens erhalten h\u00e4tte.<\/p><\/blockquote><\/figure>\n\n\n\n<ul class=\"wp-block-list\"><li>die <strong>gro\u00dfe Witwenrente<\/strong>:<\/li><\/ul>\n\n\n\n<p>Sie wird dem hinterbliebenen Ehepartner gezahlt, wenn dieser mindestens eine der folgenden Bedingungen erf\u00fcllt:<\/p>\n\n\n\n<p>Der hinterbliebene Ehepartner ist 45 Jahre alt (dieses Alter wird schrittweise auf 47 Jahre angehoben), oder er erzieht ein minderj\u00e4hriges Kind oder er ist Invalide.<\/p>\n\n\n\n<p>Die Ehe bestand l\u00e4nger als ein Jahr (von Ausnahmen abgesehen).<\/p>\n\n\n\n<p>Der hinterbliebene Ehepartner hat nicht wieder geheiratet.<\/p>\n\n\n\n<p>Gilt f\u00fcr Personen, f\u00fcr die <strong>das alte Recht<\/strong> gilt: Die H\u00f6he der Rente bel\u00e4uft sich auf <strong>60 % der Rente<\/strong>, die der Verstorbene erhalten h\u00e4tte.<\/p>\n\n\n\n<p>Gilt f\u00fcr Personen, f\u00fcr die das <strong>neue Recht<\/strong> gilt: Die H\u00f6he der Rente bel\u00e4uft sich auf<strong> 55 % der Rente<\/strong>, die der Verstorbene erhalten h\u00e4tte.<\/p>\n\n\n\n<p><strong>Die gro\u00dfe Witwenrente wird ohne zeitliche Begrenzung gezahlt, es sei denn, der hinterbliebene Ehepartner heiratet erneut.<\/strong><\/p>\n\n\n\n<p>Bei beiden Rentenarten werden die Eink\u00fcnfte des hinterbliebenen Ehepartners zur Bestimmung der H\u00f6he der Witwenrente herangezogen. Je h\u00f6her diese Eink\u00fcnfte, desto niedriger die Rente.<\/p>\n\n\n\n<p>Bei einer Scheidung gelten besondere Bedingungen.<\/p>\n\n\n\n<p><strong>Die Waisenrente<\/strong>:<\/p>\n\n\n\n<p>Vollwaisen haben Anspruch auf eine Waisenrente, die bis 18 Jahre gezahlt wird (oder 27 Jahre, wenn sich der Beg\u00fcnstigte in der Ausbildung befindet oder noch l\u00e4nger, wenn eine Behinderung vorliegt).<\/p>\n\n\n\n<p><strong>Die Hinterbliebenen versicherter Grenzg\u00e4nger stellen ihren Antrag auf Hinterbliebenenrente bei der Caisse Primaire d\u2019Assurance Maladie an ihrem Wohnort.<\/strong><\/p>\n","protected":false},"excerpt":{"rendered":"<p>Bei Tod des Versicherten oder Beg\u00fcnstigten einer deutschen Altersrente kann der hinterbliebene Ehepartner eine Witwenrente erhalten. Dabei unterscheidet das Gesetz zwischen dem alten und dem neuen Recht. F\u00fcr Witwer\/Witwen, deren Ehepartner vor dem 1. Januar 2002 verstorben ist, gilt das alte Recht. F\u00fcr Witwer\/Witwen, deren Ehepartner nach dem 1. Januar 2002 verstorben ist, gilt das [&hellip;]<\/p>\n","protected":false},"author":4,"featured_media":20354,"parent":20360,"menu_order":1,"comment_status":"closed","ping_status":"closed","template":"","meta":{"inline_featured_image":false,"footnotes":""},"tags":[],"frge_profile":[],"class_list":["post-20382","page","type-page","status-publish","has-post-thumbnail","hentry"],"yoast_head":"<!-- This site is optimized with the Yoast SEO plugin v27.1.1 - https:\/\/yoast.com\/product\/yoast-seo-wordpress\/ -->\n<title>Hinterbliebenenrente in Deutschland - Frontaliers Grand Est<\/title>\n<meta name=\"description\" content=\"Nach dem Tod Ihres in Deutschland besch\u00e4ftigten Ehegatten oder ehemaligen Ehegatten haben Sie unter bestimmten Voraussetzungen Anspruch auf Hinterbliebenenrente.\" \/>\n<meta name=\"robots\" content=\"index, follow, max-snippet:-1, max-image-preview:large, max-video-preview:-1\" \/>\n<link rel=\"canonical\" href=\"https:\/\/frontaliers-grandest.eu\/de\/startseite\/rente\/hinterbliebenenrente\/hinterbliebenenrente-in-deutschland\/\" \/>\n<meta property=\"og:locale\" content=\"de_DE\" \/>\n<meta property=\"og:type\" content=\"article\" \/>\n<meta property=\"og:title\" content=\"Hinterbliebenenrente in Deutschland - Frontaliers Grand Est\" \/>\n<meta property=\"og:description\" content=\"Nach dem Tod Ihres in Deutschland besch\u00e4ftigten Ehegatten oder ehemaligen Ehegatten haben Sie unter bestimmten Voraussetzungen Anspruch auf Hinterbliebenenrente.\" \/>\n<meta property=\"og:url\" content=\"https:\/\/frontaliers-grandest.eu\/de\/startseite\/rente\/hinterbliebenenrente\/hinterbliebenenrente-in-deutschland\/\" \/>\n<meta property=\"og:site_name\" content=\"Frontaliers Grand Est\" \/>\n<meta property=\"article:publisher\" content=\"https:\/\/www.facebook.com\/frontaliers.GR.EST\/?locale=fr_FR\" \/>\n<meta property=\"article:modified_time\" content=\"2022-09-12T10:31:37+00:00\" \/>\n<meta property=\"og:image\" content=\"https:\/\/frontaliers-grandest.eu\/wp-content\/uploads\/2022\/08\/JHABITE-EN-France-JE-TRAVAILLE-EN-ALLEMAGNE.jpg\" \/>\n\t<meta property=\"og:image:width\" content=\"508\" \/>\n\t<meta property=\"og:image:height\" content=\"339\" \/>\n\t<meta property=\"og:image:type\" content=\"image\/jpeg\" \/>\n<meta name=\"twitter:card\" content=\"summary_large_image\" \/>\n<meta name=\"twitter:label1\" content=\"Gesch\u00e4tzte Lesezeit\" \/>\n\t<meta name=\"twitter:data1\" content=\"2\u00a0Minuten\" \/>\n<script type=\"application\/ld+json\" class=\"yoast-schema-graph\">{\"@context\":\"https:\/\/schema.org\",\"@graph\":[{\"@type\":\"WebPage\",\"@id\":\"https:\/\/frontaliers-grandest.eu\/de\/startseite\/rente\/hinterbliebenenrente\/hinterbliebenenrente-in-deutschland\/\",\"url\":\"https:\/\/frontaliers-grandest.eu\/de\/startseite\/rente\/hinterbliebenenrente\/hinterbliebenenrente-in-deutschland\/\",\"name\":\"Hinterbliebenenrente in Deutschland - Frontaliers Grand Est\",\"isPartOf\":{\"@id\":\"https:\/\/frontaliers-grandest.eu\/de\/#website\"},\"primaryImageOfPage\":{\"@id\":\"https:\/\/frontaliers-grandest.eu\/de\/startseite\/rente\/hinterbliebenenrente\/hinterbliebenenrente-in-deutschland\/#primaryimage\"},\"image\":{\"@id\":\"https:\/\/frontaliers-grandest.eu\/de\/startseite\/rente\/hinterbliebenenrente\/hinterbliebenenrente-in-deutschland\/#primaryimage\"},\"thumbnailUrl\":\"https:\/\/frontaliers-grandest.eu\/wp-content\/uploads\/2022\/08\/JHABITE-EN-France-JE-TRAVAILLE-EN-ALLEMAGNE.jpg\",\"datePublished\":\"2022-08-30T13:08:33+00:00\",\"dateModified\":\"2022-09-12T10:31:37+00:00\",\"description\":\"Nach dem Tod Ihres in Deutschland besch\u00e4ftigten Ehegatten oder ehemaligen Ehegatten haben Sie unter bestimmten Voraussetzungen Anspruch auf Hinterbliebenenrente.\",\"breadcrumb\":{\"@id\":\"https:\/\/frontaliers-grandest.eu\/de\/startseite\/rente\/hinterbliebenenrente\/hinterbliebenenrente-in-deutschland\/#breadcrumb\"},\"inLanguage\":\"de\",\"potentialAction\":[{\"@type\":\"ReadAction\",\"target\":[\"https:\/\/frontaliers-grandest.eu\/de\/startseite\/rente\/hinterbliebenenrente\/hinterbliebenenrente-in-deutschland\/\"]}]},{\"@type\":\"ImageObject\",\"inLanguage\":\"de\",\"@id\":\"https:\/\/frontaliers-grandest.eu\/de\/startseite\/rente\/hinterbliebenenrente\/hinterbliebenenrente-in-deutschland\/#primaryimage\",\"url\":\"https:\/\/frontaliers-grandest.eu\/wp-content\/uploads\/2022\/08\/JHABITE-EN-France-JE-TRAVAILLE-EN-ALLEMAGNE.jpg\",\"contentUrl\":\"https:\/\/frontaliers-grandest.eu\/wp-content\/uploads\/2022\/08\/JHABITE-EN-France-JE-TRAVAILLE-EN-ALLEMAGNE.jpg\",\"width\":508,\"height\":339,\"caption\":\"A french and a german flag waving together\"},{\"@type\":\"BreadcrumbList\",\"@id\":\"https:\/\/frontaliers-grandest.eu\/de\/startseite\/rente\/hinterbliebenenrente\/hinterbliebenenrente-in-deutschland\/#breadcrumb\",\"itemListElement\":[{\"@type\":\"ListItem\",\"position\":1,\"name\":\"Startseite\",\"item\":\"https:\/\/frontaliers-grandest.eu\/de\/\"},{\"@type\":\"ListItem\",\"position\":2,\"name\":\"Grenzg\u00e4nger-Rente\",\"item\":\"https:\/\/frontaliers-grandest.eu\/de\/startseite\/rente\/\"},{\"@type\":\"ListItem\",\"position\":3,\"name\":\"Hinterbliebenenrente\",\"item\":\"https:\/\/frontaliers-grandest.eu\/de\/startseite\/rente\/hinterbliebenenrente\/\"},{\"@type\":\"ListItem\",\"position\":4,\"name\":\"Hinterbliebenenrente in Deutschland\"}]},{\"@type\":\"WebSite\",\"@id\":\"https:\/\/frontaliers-grandest.eu\/de\/#website\",\"url\":\"https:\/\/frontaliers-grandest.eu\/de\/\",\"name\":\"Frontaliers Grand Est\",\"description\":\"Le site ressource du travail frontalier\",\"publisher\":{\"@id\":\"https:\/\/frontaliers-grandest.eu\/de\/#organization\"},\"alternateName\":\"Frontaliers Grand Est\",\"potentialAction\":[{\"@type\":\"SearchAction\",\"target\":{\"@type\":\"EntryPoint\",\"urlTemplate\":\"https:\/\/frontaliers-grandest.eu\/de\/?s={search_term_string}\"},\"query-input\":{\"@type\":\"PropertyValueSpecification\",\"valueRequired\":true,\"valueName\":\"search_term_string\"}}],\"inLanguage\":\"de\"},{\"@type\":\"Organization\",\"@id\":\"https:\/\/frontaliers-grandest.eu\/de\/#organization\",\"name\":\"Frontaliers Grand Est\",\"alternateName\":\"Frontaliers Grand Est\",\"url\":\"https:\/\/frontaliers-grandest.eu\/de\/\",\"logo\":{\"@type\":\"ImageObject\",\"inLanguage\":\"de\",\"@id\":\"https:\/\/frontaliers-grandest.eu\/de\/#\/schema\/logo\/image\/\",\"url\":\"https:\/\/frontaliers-grandest.eu\/wp-content\/uploads\/2025\/07\/260328234_2966785176920310_3332838526503858160_n.jpg\",\"contentUrl\":\"https:\/\/frontaliers-grandest.eu\/wp-content\/uploads\/2025\/07\/260328234_2966785176920310_3332838526503858160_n.jpg\",\"width\":396,\"height\":396,\"caption\":\"Frontaliers Grand Est\"},\"image\":{\"@id\":\"https:\/\/frontaliers-grandest.eu\/de\/#\/schema\/logo\/image\/\"},\"sameAs\":[\"https:\/\/www.facebook.com\/frontaliers.GR.EST\/?locale=fr_FR\"]}]}<\/script>\n<!-- \/ Yoast SEO plugin. -->","yoast_head_json":{"title":"Hinterbliebenenrente in Deutschland - Frontaliers Grand Est","description":"Nach dem Tod Ihres in Deutschland besch\u00e4ftigten Ehegatten oder ehemaligen Ehegatten haben Sie unter bestimmten Voraussetzungen Anspruch auf Hinterbliebenenrente.","robots":{"index":"index","follow":"follow","max-snippet":"max-snippet:-1","max-image-preview":"max-image-preview:large","max-video-preview":"max-video-preview:-1"},"canonical":"https:\/\/frontaliers-grandest.eu\/de\/startseite\/rente\/hinterbliebenenrente\/hinterbliebenenrente-in-deutschland\/","og_locale":"de_DE","og_type":"article","og_title":"Hinterbliebenenrente in Deutschland - Frontaliers Grand Est","og_description":"Nach dem Tod Ihres in Deutschland besch\u00e4ftigten Ehegatten oder ehemaligen Ehegatten haben Sie unter bestimmten Voraussetzungen Anspruch auf Hinterbliebenenrente.","og_url":"https:\/\/frontaliers-grandest.eu\/de\/startseite\/rente\/hinterbliebenenrente\/hinterbliebenenrente-in-deutschland\/","og_site_name":"Frontaliers Grand Est","article_publisher":"https:\/\/www.facebook.com\/frontaliers.GR.EST\/?locale=fr_FR","article_modified_time":"2022-09-12T10:31:37+00:00","og_image":[{"width":508,"height":339,"url":"https:\/\/frontaliers-grandest.eu\/wp-content\/uploads\/2022\/08\/JHABITE-EN-France-JE-TRAVAILLE-EN-ALLEMAGNE.jpg","type":"image\/jpeg"}],"twitter_card":"summary_large_image","twitter_misc":{"Gesch\u00e4tzte Lesezeit":"2\u00a0Minuten"},"schema":{"@context":"https:\/\/schema.org","@graph":[{"@type":"WebPage","@id":"https:\/\/frontaliers-grandest.eu\/de\/startseite\/rente\/hinterbliebenenrente\/hinterbliebenenrente-in-deutschland\/","url":"https:\/\/frontaliers-grandest.eu\/de\/startseite\/rente\/hinterbliebenenrente\/hinterbliebenenrente-in-deutschland\/","name":"Hinterbliebenenrente in Deutschland - Frontaliers Grand Est","isPartOf":{"@id":"https:\/\/frontaliers-grandest.eu\/de\/#website"},"primaryImageOfPage":{"@id":"https:\/\/frontaliers-grandest.eu\/de\/startseite\/rente\/hinterbliebenenrente\/hinterbliebenenrente-in-deutschland\/#primaryimage"},"image":{"@id":"https:\/\/frontaliers-grandest.eu\/de\/startseite\/rente\/hinterbliebenenrente\/hinterbliebenenrente-in-deutschland\/#primaryimage"},"thumbnailUrl":"https:\/\/frontaliers-grandest.eu\/wp-content\/uploads\/2022\/08\/JHABITE-EN-France-JE-TRAVAILLE-EN-ALLEMAGNE.jpg","datePublished":"2022-08-30T13:08:33+00:00","dateModified":"2022-09-12T10:31:37+00:00","description":"Nach dem Tod Ihres in Deutschland besch\u00e4ftigten Ehegatten oder ehemaligen Ehegatten haben Sie unter bestimmten Voraussetzungen Anspruch auf Hinterbliebenenrente.","breadcrumb":{"@id":"https:\/\/frontaliers-grandest.eu\/de\/startseite\/rente\/hinterbliebenenrente\/hinterbliebenenrente-in-deutschland\/#breadcrumb"},"inLanguage":"de","potentialAction":[{"@type":"ReadAction","target":["https:\/\/frontaliers-grandest.eu\/de\/startseite\/rente\/hinterbliebenenrente\/hinterbliebenenrente-in-deutschland\/"]}]},{"@type":"ImageObject","inLanguage":"de","@id":"https:\/\/frontaliers-grandest.eu\/de\/startseite\/rente\/hinterbliebenenrente\/hinterbliebenenrente-in-deutschland\/#primaryimage","url":"https:\/\/frontaliers-grandest.eu\/wp-content\/uploads\/2022\/08\/JHABITE-EN-France-JE-TRAVAILLE-EN-ALLEMAGNE.jpg","contentUrl":"https:\/\/frontaliers-grandest.eu\/wp-content\/uploads\/2022\/08\/JHABITE-EN-France-JE-TRAVAILLE-EN-ALLEMAGNE.jpg","width":508,"height":339,"caption":"A french and a german flag waving together"},{"@type":"BreadcrumbList","@id":"https:\/\/frontaliers-grandest.eu\/de\/startseite\/rente\/hinterbliebenenrente\/hinterbliebenenrente-in-deutschland\/#breadcrumb","itemListElement":[{"@type":"ListItem","position":1,"name":"Startseite","item":"https:\/\/frontaliers-grandest.eu\/de\/"},{"@type":"ListItem","position":2,"name":"Grenzg\u00e4nger-Rente","item":"https:\/\/frontaliers-grandest.eu\/de\/startseite\/rente\/"},{"@type":"ListItem","position":3,"name":"Hinterbliebenenrente","item":"https:\/\/frontaliers-grandest.eu\/de\/startseite\/rente\/hinterbliebenenrente\/"},{"@type":"ListItem","position":4,"name":"Hinterbliebenenrente in Deutschland"}]},{"@type":"WebSite","@id":"https:\/\/frontaliers-grandest.eu\/de\/#website","url":"https:\/\/frontaliers-grandest.eu\/de\/","name":"Frontaliers Grand Est","description":"Le site ressource du travail frontalier","publisher":{"@id":"https:\/\/frontaliers-grandest.eu\/de\/#organization"},"alternateName":"Frontaliers Grand Est","potentialAction":[{"@type":"SearchAction","target":{"@type":"EntryPoint","urlTemplate":"https:\/\/frontaliers-grandest.eu\/de\/?s={search_term_string}"},"query-input":{"@type":"PropertyValueSpecification","valueRequired":true,"valueName":"search_term_string"}}],"inLanguage":"de"},{"@type":"Organization","@id":"https:\/\/frontaliers-grandest.eu\/de\/#organization","name":"Frontaliers Grand Est","alternateName":"Frontaliers Grand Est","url":"https:\/\/frontaliers-grandest.eu\/de\/","logo":{"@type":"ImageObject","inLanguage":"de","@id":"https:\/\/frontaliers-grandest.eu\/de\/#\/schema\/logo\/image\/","url":"https:\/\/frontaliers-grandest.eu\/wp-content\/uploads\/2025\/07\/260328234_2966785176920310_3332838526503858160_n.jpg","contentUrl":"https:\/\/frontaliers-grandest.eu\/wp-content\/uploads\/2025\/07\/260328234_2966785176920310_3332838526503858160_n.jpg","width":396,"height":396,"caption":"Frontaliers Grand Est"},"image":{"@id":"https:\/\/frontaliers-grandest.eu\/de\/#\/schema\/logo\/image\/"},"sameAs":["https:\/\/www.facebook.com\/frontaliers.GR.EST\/?locale=fr_FR"]}]}},"frge_page_order":0,"_links":{"self":[{"href":"https:\/\/frontaliers-grandest.eu\/de\/wp-json\/wp\/v2\/pages\/20382","targetHints":{"allow":["GET"]}}],"collection":[{"href":"https:\/\/frontaliers-grandest.eu\/de\/wp-json\/wp\/v2\/pages"}],"about":[{"href":"https:\/\/frontaliers-grandest.eu\/de\/wp-json\/wp\/v2\/types\/page"}],"author":[{"embeddable":true,"href":"https:\/\/frontaliers-grandest.eu\/de\/wp-json\/wp\/v2\/users\/4"}],"replies":[{"embeddable":true,"href":"https:\/\/frontaliers-grandest.eu\/de\/wp-json\/wp\/v2\/comments?post=20382"}],"version-history":[{"count":7,"href":"https:\/\/frontaliers-grandest.eu\/de\/wp-json\/wp\/v2\/pages\/20382\/revisions"}],"predecessor-version":[{"id":20751,"href":"https:\/\/frontaliers-grandest.eu\/de\/wp-json\/wp\/v2\/pages\/20382\/revisions\/20751"}],"up":[{"embeddable":true,"href":"https:\/\/frontaliers-grandest.eu\/de\/wp-json\/wp\/v2\/pages\/20360"}],"wp:featuredmedia":[{"embeddable":true,"href":"https:\/\/frontaliers-grandest.eu\/de\/wp-json\/wp\/v2\/media\/20354"}],"wp:attachment":[{"href":"https:\/\/frontaliers-grandest.eu\/de\/wp-json\/wp\/v2\/media?parent=20382"}],"wp:term":[{"taxonomy":"post_tag","embeddable":true,"href":"https:\/\/frontaliers-grandest.eu\/de\/wp-json\/wp\/v2\/tags?post=20382"},{"taxonomy":"frge_profile","embeddable":true,"href":"https:\/\/frontaliers-grandest.eu\/de\/wp-json\/wp\/v2\/frge_profile?post=20382"}],"curies":[{"name":"wp","href":"https:\/\/api.w.org\/{rel}","templated":true}]}}