{"id":20365,"date":"2022-08-30T14:45:23","date_gmt":"2022-08-30T12:45:23","guid":{"rendered":"https:\/\/frontaliers-grandest.eu\/startseite\/rente\/hinterbliebenenrente\/hinterbliebenenrente-in-luxemburg\/"},"modified":"2022-09-12T12:30:38","modified_gmt":"2022-09-12T10:30:38","slug":"hinterbliebenenrente-in-luxemburg","status":"publish","type":"page","link":"https:\/\/frontaliers-grandest.eu\/de\/startseite\/rente\/hinterbliebenenrente\/hinterbliebenenrente-in-luxemburg\/","title":{"rendered":"Hinterbliebenenrente in Luxemburg"},"content":{"rendered":"\n<p>Verstirbt der Versicherte oder der Bezieher einer luxemburgischen Rente (Alters- oder Invalidit\u00e4tsrente), <strong>kann von der Caisse Nationale d\u2019Assurance Pension (CNAP) eine Hinterbliebenenrente gezahlt werden<\/strong>.<\/p>\n\n\n\n<h2 class=\"wp-block-heading\">BEDINGUNGEN F\u00dcR DIE GEW\u00c4HR:<\/h2>\n\n\n\n<p>Sofern die speziellen Bedingungen f\u00fcr die Gew\u00e4hr einer derartigen Rente erf\u00fcllt sind, kann der folgende Personenkreis eine Hinterbliebenenrente erhalten:<\/p>\n\n\n\n<ul class=\"wp-block-list\"><li>der hinterbliebene Ehepartner<\/li><li>der hinterbliebene eingetragene Partner<\/li><li>der geschiedene Ehepartner<\/li><li>der ehemalige eingetragene Partner<\/li><li>die Verwandten und Verschw\u00e4gerten<\/li><li>die Waisen<\/li><\/ul>\n\n\n\n<p>Halbweisen erhalten bis zu ihrem 18. Geburtstag eine Teil-Hinterbliebenenrente (oder bis 27 Jahre, wenn sie sich in der Ausbildung befinden).<\/p>\n\n\n\n<p><strong>Mindestrente des hinterbliebenen Ehepartners<\/strong>: 1.985,56 \u20ac\/Monat per 1. Januar 2022<\/p>\n\n\n\n<p><strong>Maximale Hinterbliebenenrente<\/strong>: die f\u00fcr den Verstorbenen vorgesehene H\u00f6chstrente<\/p>\n\n\n\n<p><strong>Mindest-Waisenrente<\/strong>: 541,66 \u20ac\/Monat per 1. Januar 2022<\/p>\n\n\n\n<p>Damit eine Hinterbliebenenrente gezahlt werden kann, muss der Versicherte, der noch kein Rentenempf\u00e4nger war, in den 3 Jahren vor seinem Tod mindestens 12 Monate pflicht-, weiter- oder optional <a href=\"https:\/\/www.cnap.lu\/carriere-dassurance-et-periodes-au-luxembourg\/?L=\" target=\"_blank\" rel=\"noreferrer noopener\">versichert<\/a><a href=\"http:\/\/www.cnap.lu\/periodes-dassurance\/\" target=\"_blank\" rel=\"noreferrer noopener\"> <\/a>gewesen sein.<\/p>\n\n\n\n<p>Wenn der Tod des Versicherten auf einen Unfall oder eine anerkannte Berufskrankheit w\u00e4hrend seiner Mitgliedschaft zur\u00fcckzuf\u00fchren ist, wird keine Vorversicherungszeit \/ Wartezeit verlangt.<\/p>\n\n\n\n<p><strong>Wenn der Versicherte zum Zeitpunkt seines Todes bereits eine personenbezogene luxemburgische Rente bezogen hatte, besteht ein Anrecht auf Hinterbliebenenrente ohne zus\u00e4tzliche Wartezeit.<\/strong><\/p>\n\n\n\n<figure class=\"wp-block-pullquote\"><blockquote><p>Die Hinterbliebenenrente wird <strong>ab dem Tag gezahlt, an dem der Versicherte verstarb, oder wenn dem Versicherten am ersten Tag des Monats nach seinem Tod eine Rente gezahlt worden w\u00e4re<\/strong>.<\/p><p>Die Rentenzahlung wird <strong>am letzten Tag des Monats eingestellt, in dem der Beg\u00fcnstigte verstarb.<\/strong><\/p><\/blockquote><\/figure>\n\n\n\n<p>Die Zahlung der Hinterbliebenenrente an den Ehepartnern oder eingetragenen Partner wird ab dem Monat eingestellt, der der Wiederverheiratung bzw. dem Abschluss eines neuen Partnerschaftsvertrags folgt.<\/p>\n\n\n\n<p>Die Hinterbliebenenrente wird auf der Basis der personenbezogenen Rente gezahlt, die <strong>dem Verstorbenen zustand oder die ihm bei Invalidit\u00e4t gezahlt worden w\u00e4re.<\/strong><\/p>\n\n\n\n<p>Bei <strong>Scheidung oder Aufl\u00f6sung<\/strong> einer eingetragenen Partnerschaft und bei mehreren Anspruchsberechtigten wird <strong>die Hinterbliebenenrente anteilig entsprechend der Dauer der verschiedenen Ehen\/Partnerschaften aufgeteilt<\/strong>.<\/p>\n\n\n\n<p>Ohne Beteiligung eines hinterbliebenen Ehepartners\/eingetragenen Partners wird die Rente des geschiedenen Ehepartners\/ehemaligen Partner<strong>s in Abh\u00e4ngigkeit von der Dauer der Ehe\/der Partnerschaft w\u00e4hrend der Versicherungszeit des Verstorbenen im Verh\u00e4ltnis zur gesamten Versicherungslaufbahn festgelegt.<\/strong><\/p>\n\n\n\n<p>Wenn die Hinterbliebenenrente mit den pers\u00f6nlichen Eink\u00fcnften des Beg\u00fcnstigten eine bestimmte, gesetzlich festgelegte Schwelle \u00fcberschreitet, wird sie gek\u00fcrzt.<\/p>\n\n\n\n<h2 class=\"wp-block-heading\">ANTRAG AUF HINTERBLIEBENENRENTE:<\/h2>\n\n\n\n<p>Hinterbliebenenrenten werden nur nach einem f\u00f6rmlichen Antrag der Betroffenen gew\u00e4hrt.<\/p>\n\n\n\n<p><strong>Achtung<\/strong>: Die Hinterbliebenen versicherter Grenzg\u00e4nger m\u00fcssen ihren Antrag auf Hinterbliebenenrente bei der zust\u00e4ndigen Einrichtung an ihrem Wohnort stellen (zust\u00e4ndige Rentenkasse ODER Caisse Primaire d\u2019Assurance Maladie).<\/p>\n\n\n\n<p>Sie erhalten von der<strong> CNAP ein Antragsformular auf Hinterbliebenenrente<\/strong>, sobald diese von der zust\u00e4ndigen Einrichtung des <strong>Wohnorts \u00fcber das Ableben des Rentenbeziehers informiert<\/strong> wurde. Dieses Formular m\u00fcssen Sie dann ausgef\u00fcllt an die CNAP zur\u00fcckschicken (das Formular k\u00f6nnen Sie auch von der Seite der CNAP herunterladen: <a href=\"http:\/\/www.cnap.lu\" target=\"_blank\" rel=\"noreferrer noopener\">www.cnap.lu<\/a>, Rubrik FORMULARE).<\/p>\n\n\n\n<p><span style=\"text-decoration: underline\" class=\"underline\">Ihrem Antrag sind die folgenden Belege beizuf\u00fcgen<\/span>:<\/p>\n\n\n\n<ul class=\"wp-block-list\"><li>ein Auszug aus der Sterbeurkunde des\/der Versicherten<\/li><li>ein Auszug aus der Heiratsurkunde\/der Partnerschaftsurkunde, ausgestellt nach dem Tod des\/der Versicherten<\/li><li>eine Ausbildungs-\/Studienbescheinigung oder eine Kopie des Lehrvertrags f\u00fcr jedes Kind im Alter von 18 bis 27 Jahren<\/li><li>eine Kopie der Vormundschaftsurkunde f\u00fcr minderj\u00e4hrige Vollwaisen<\/li><\/ul>\n\n\n\n<p>Antr\u00e4ge auf Zahlung einer Hinterbliebenenrente werden durch <strong>Pr\u00e4sidentenbeschluss <em>[d\u00e9cision pr\u00e9sidentielle]<\/em> positiv beschieden oder abgelehnt, <\/strong>wogegen Beschwerde eingelegt werden kann.<\/p>\n\n\n\n<h2 class=\"wp-block-heading\">RECHTSMITTEL:<\/h2>\n\n\n\n<p>Sofern Sie mit der Entscheidung nicht einverstanden sind, k\u00f6nnen Sie gegen die Entscheidung des Pr\u00e4sidenten der CNAP informell <strong>Widerspruch<\/strong> einreichen.<\/p>\n\n\n\n<p>Dieser Widerspruch ist innerhalb einer <strong>Frist von 40 Tagen ab Zustellung des Bescheids <\/strong>einzureichen. Nach Ablauf dieser Frist ist Ihr Recht auf Widerspruch verwirkt, so dass Sie Ihre Anspr\u00fcche nicht mehr geltend machen k\u00f6nnen.<\/p>\n\n\n\n<p>Der Widerspruch ist <strong>schriftlich <\/strong>einzureichen und an den Direktionsausschuss der CNAP zu senden.<\/p>\n\n\n\n<p>Nach Ihrem Widerspruch erhalten Sie eine neue Verwaltungsentscheidung, die Sie ggf. innerhalb einer Frist von<strong> 40 Tagen nach Zustellung beim zust\u00e4ndigen Gericht <\/strong>mittels Klage anfechten k\u00f6nnen.<\/p>\n\n\n\n<p>Nach erfolgloser Verwaltungsbeschwerde wird der Streit vor einem Sozialgericht anh\u00e4ngig gemacht.<\/p>\n\n\n\n<figure class=\"wp-block-pullquote\"><blockquote><p>Bei Widerspruch gegen einen Bescheid der CNAP in Bezug auf eine Altersrente besteht die M\u00f6glichkeit der Beschwerde vor dem <strong>Conseil arbitral de la s\u00e9curit\u00e9 sociale (CASS)<\/strong> als erstinstanzliches Sozialgericht.<\/p><\/blockquote><\/figure>\n\n\n\n<p>Diese Beschwerde ist bei Strafe der Verwirkung innerhalb von <strong>40 Tagen ab Zustellung des strittigen Bescheids <\/strong>einzulegen.<\/p>\n\n\n\n<p>Daf\u00fcr ist ein <strong>formloser Antrag<\/strong> ausreichend, der bei Conseil arbitral de la s\u00e9curit\u00e9 social eingereicht wird.<\/p>\n\n\n\n<p>Gegen die Entscheidung des Conseil arbitral de la s\u00e9curit\u00e9 social kann vor dem <strong>Conseil sup\u00e9rieur de la s\u00e9curit\u00e9 sociale <\/strong>Berufung eingelegt werden.<\/p>\n","protected":false},"excerpt":{"rendered":"<p>Verstirbt der Versicherte oder der Bezieher einer luxemburgischen Rente (Alters- oder Invalidit\u00e4tsrente), kann von der Caisse Nationale d\u2019Assurance Pension (CNAP) eine Hinterbliebenenrente gezahlt werden. BEDINGUNGEN F\u00dcR DIE GEW\u00c4HR: Sofern die speziellen Bedingungen f\u00fcr die Gew\u00e4hr einer derartigen Rente erf\u00fcllt sind, kann der folgende Personenkreis eine Hinterbliebenenrente erhalten: der hinterbliebene Ehepartner der hinterbliebene eingetragene Partner der [&hellip;]<\/p>\n","protected":false},"author":4,"featured_media":20355,"parent":20360,"menu_order":0,"comment_status":"closed","ping_status":"closed","template":"","meta":{"inline_featured_image":false,"footnotes":""},"tags":[],"frge_profile":[],"class_list":["post-20365","page","type-page","status-publish","has-post-thumbnail","hentry"],"yoast_head":"<!-- This site is optimized with the Yoast SEO plugin v27.1.1 - https:\/\/yoast.com\/product\/yoast-seo-wordpress\/ -->\n<title>Hinterbliebenenrente in Luxemburg - Frontaliers Grand Est<\/title>\n<meta name=\"description\" content=\"Nach dem Tod Ihres Ehegatten, der in Luxemburg gearbeitet hat, haben Sie unter bestimmten Voraussetzungen Anspruch auf Hinterbliebenenrente.\" \/>\n<meta name=\"robots\" content=\"index, follow, max-snippet:-1, max-image-preview:large, max-video-preview:-1\" \/>\n<link rel=\"canonical\" href=\"https:\/\/frontaliers-grandest.eu\/de\/startseite\/rente\/hinterbliebenenrente\/hinterbliebenenrente-in-luxemburg\/\" \/>\n<meta property=\"og:locale\" content=\"de_DE\" \/>\n<meta property=\"og:type\" content=\"article\" \/>\n<meta property=\"og:title\" content=\"Hinterbliebenenrente in Luxemburg - Frontaliers Grand Est\" \/>\n<meta property=\"og:description\" content=\"Nach dem Tod Ihres Ehegatten, der in Luxemburg gearbeitet hat, haben Sie unter bestimmten Voraussetzungen Anspruch auf Hinterbliebenenrente.\" \/>\n<meta property=\"og:url\" content=\"https:\/\/frontaliers-grandest.eu\/de\/startseite\/rente\/hinterbliebenenrente\/hinterbliebenenrente-in-luxemburg\/\" \/>\n<meta property=\"og:site_name\" content=\"Frontaliers Grand Est\" \/>\n<meta property=\"article:publisher\" content=\"https:\/\/www.facebook.com\/frontaliers.GR.EST\/?locale=fr_FR\" \/>\n<meta property=\"article:modified_time\" content=\"2022-09-12T10:30:38+00:00\" \/>\n<meta property=\"og:image\" content=\"https:\/\/frontaliers-grandest.eu\/wp-content\/uploads\/2022\/08\/JHABITE-EN-France-JE-TRAVAILLE-AU-LUXEMBOURG-scaled.jpg\" \/>\n\t<meta property=\"og:image:width\" content=\"2560\" \/>\n\t<meta property=\"og:image:height\" content=\"1501\" \/>\n\t<meta property=\"og:image:type\" content=\"image\/jpeg\" \/>\n<meta name=\"twitter:card\" content=\"summary_large_image\" \/>\n<meta name=\"twitter:label1\" content=\"Gesch\u00e4tzte Lesezeit\" \/>\n\t<meta name=\"twitter:data1\" content=\"4\u00a0Minuten\" \/>\n<script type=\"application\/ld+json\" class=\"yoast-schema-graph\">{\"@context\":\"https:\/\/schema.org\",\"@graph\":[{\"@type\":\"WebPage\",\"@id\":\"https:\/\/frontaliers-grandest.eu\/de\/startseite\/rente\/hinterbliebenenrente\/hinterbliebenenrente-in-luxemburg\/\",\"url\":\"https:\/\/frontaliers-grandest.eu\/de\/startseite\/rente\/hinterbliebenenrente\/hinterbliebenenrente-in-luxemburg\/\",\"name\":\"Hinterbliebenenrente in Luxemburg - Frontaliers Grand Est\",\"isPartOf\":{\"@id\":\"https:\/\/frontaliers-grandest.eu\/de\/#website\"},\"primaryImageOfPage\":{\"@id\":\"https:\/\/frontaliers-grandest.eu\/de\/startseite\/rente\/hinterbliebenenrente\/hinterbliebenenrente-in-luxemburg\/#primaryimage\"},\"image\":{\"@id\":\"https:\/\/frontaliers-grandest.eu\/de\/startseite\/rente\/hinterbliebenenrente\/hinterbliebenenrente-in-luxemburg\/#primaryimage\"},\"thumbnailUrl\":\"https:\/\/frontaliers-grandest.eu\/wp-content\/uploads\/2022\/08\/JHABITE-EN-France-JE-TRAVAILLE-AU-LUXEMBOURG-scaled.jpg\",\"datePublished\":\"2022-08-30T12:45:23+00:00\",\"dateModified\":\"2022-09-12T10:30:38+00:00\",\"description\":\"Nach dem Tod Ihres Ehegatten, der in Luxemburg gearbeitet hat, haben Sie unter bestimmten Voraussetzungen Anspruch auf Hinterbliebenenrente.\",\"breadcrumb\":{\"@id\":\"https:\/\/frontaliers-grandest.eu\/de\/startseite\/rente\/hinterbliebenenrente\/hinterbliebenenrente-in-luxemburg\/#breadcrumb\"},\"inLanguage\":\"de\",\"potentialAction\":[{\"@type\":\"ReadAction\",\"target\":[\"https:\/\/frontaliers-grandest.eu\/de\/startseite\/rente\/hinterbliebenenrente\/hinterbliebenenrente-in-luxemburg\/\"]}]},{\"@type\":\"ImageObject\",\"inLanguage\":\"de\",\"@id\":\"https:\/\/frontaliers-grandest.eu\/de\/startseite\/rente\/hinterbliebenenrente\/hinterbliebenenrente-in-luxemburg\/#primaryimage\",\"url\":\"https:\/\/frontaliers-grandest.eu\/wp-content\/uploads\/2022\/08\/JHABITE-EN-France-JE-TRAVAILLE-AU-LUXEMBOURG-scaled.jpg\",\"contentUrl\":\"https:\/\/frontaliers-grandest.eu\/wp-content\/uploads\/2022\/08\/JHABITE-EN-France-JE-TRAVAILLE-AU-LUXEMBOURG-scaled.jpg\",\"width\":2560,\"height\":1501,\"caption\":\"France and Luxembourg, two flags waving against blue sky. 3d image\"},{\"@type\":\"BreadcrumbList\",\"@id\":\"https:\/\/frontaliers-grandest.eu\/de\/startseite\/rente\/hinterbliebenenrente\/hinterbliebenenrente-in-luxemburg\/#breadcrumb\",\"itemListElement\":[{\"@type\":\"ListItem\",\"position\":1,\"name\":\"Startseite\",\"item\":\"https:\/\/frontaliers-grandest.eu\/de\/\"},{\"@type\":\"ListItem\",\"position\":2,\"name\":\"Grenzg\u00e4nger-Rente\",\"item\":\"https:\/\/frontaliers-grandest.eu\/de\/startseite\/rente\/\"},{\"@type\":\"ListItem\",\"position\":3,\"name\":\"Hinterbliebenenrente\",\"item\":\"https:\/\/frontaliers-grandest.eu\/de\/startseite\/rente\/hinterbliebenenrente\/\"},{\"@type\":\"ListItem\",\"position\":4,\"name\":\"Hinterbliebenenrente in Luxemburg\"}]},{\"@type\":\"WebSite\",\"@id\":\"https:\/\/frontaliers-grandest.eu\/de\/#website\",\"url\":\"https:\/\/frontaliers-grandest.eu\/de\/\",\"name\":\"Frontaliers Grand Est\",\"description\":\"Le site ressource du travail frontalier\",\"publisher\":{\"@id\":\"https:\/\/frontaliers-grandest.eu\/de\/#organization\"},\"alternateName\":\"Frontaliers Grand Est\",\"potentialAction\":[{\"@type\":\"SearchAction\",\"target\":{\"@type\":\"EntryPoint\",\"urlTemplate\":\"https:\/\/frontaliers-grandest.eu\/de\/?s={search_term_string}\"},\"query-input\":{\"@type\":\"PropertyValueSpecification\",\"valueRequired\":true,\"valueName\":\"search_term_string\"}}],\"inLanguage\":\"de\"},{\"@type\":\"Organization\",\"@id\":\"https:\/\/frontaliers-grandest.eu\/de\/#organization\",\"name\":\"Frontaliers Grand Est\",\"alternateName\":\"Frontaliers Grand Est\",\"url\":\"https:\/\/frontaliers-grandest.eu\/de\/\",\"logo\":{\"@type\":\"ImageObject\",\"inLanguage\":\"de\",\"@id\":\"https:\/\/frontaliers-grandest.eu\/de\/#\/schema\/logo\/image\/\",\"url\":\"https:\/\/frontaliers-grandest.eu\/wp-content\/uploads\/2025\/07\/260328234_2966785176920310_3332838526503858160_n.jpg\",\"contentUrl\":\"https:\/\/frontaliers-grandest.eu\/wp-content\/uploads\/2025\/07\/260328234_2966785176920310_3332838526503858160_n.jpg\",\"width\":396,\"height\":396,\"caption\":\"Frontaliers Grand Est\"},\"image\":{\"@id\":\"https:\/\/frontaliers-grandest.eu\/de\/#\/schema\/logo\/image\/\"},\"sameAs\":[\"https:\/\/www.facebook.com\/frontaliers.GR.EST\/?locale=fr_FR\"]}]}<\/script>\n<!-- \/ Yoast SEO plugin. -->","yoast_head_json":{"title":"Hinterbliebenenrente in Luxemburg - Frontaliers Grand Est","description":"Nach dem Tod Ihres Ehegatten, der in Luxemburg gearbeitet hat, haben Sie unter bestimmten Voraussetzungen Anspruch auf Hinterbliebenenrente.","robots":{"index":"index","follow":"follow","max-snippet":"max-snippet:-1","max-image-preview":"max-image-preview:large","max-video-preview":"max-video-preview:-1"},"canonical":"https:\/\/frontaliers-grandest.eu\/de\/startseite\/rente\/hinterbliebenenrente\/hinterbliebenenrente-in-luxemburg\/","og_locale":"de_DE","og_type":"article","og_title":"Hinterbliebenenrente in Luxemburg - Frontaliers Grand Est","og_description":"Nach dem Tod Ihres Ehegatten, der in Luxemburg gearbeitet hat, haben Sie unter bestimmten Voraussetzungen Anspruch auf Hinterbliebenenrente.","og_url":"https:\/\/frontaliers-grandest.eu\/de\/startseite\/rente\/hinterbliebenenrente\/hinterbliebenenrente-in-luxemburg\/","og_site_name":"Frontaliers Grand Est","article_publisher":"https:\/\/www.facebook.com\/frontaliers.GR.EST\/?locale=fr_FR","article_modified_time":"2022-09-12T10:30:38+00:00","og_image":[{"width":2560,"height":1501,"url":"https:\/\/frontaliers-grandest.eu\/wp-content\/uploads\/2022\/08\/JHABITE-EN-France-JE-TRAVAILLE-AU-LUXEMBOURG-scaled.jpg","type":"image\/jpeg"}],"twitter_card":"summary_large_image","twitter_misc":{"Gesch\u00e4tzte Lesezeit":"4\u00a0Minuten"},"schema":{"@context":"https:\/\/schema.org","@graph":[{"@type":"WebPage","@id":"https:\/\/frontaliers-grandest.eu\/de\/startseite\/rente\/hinterbliebenenrente\/hinterbliebenenrente-in-luxemburg\/","url":"https:\/\/frontaliers-grandest.eu\/de\/startseite\/rente\/hinterbliebenenrente\/hinterbliebenenrente-in-luxemburg\/","name":"Hinterbliebenenrente in Luxemburg - Frontaliers Grand Est","isPartOf":{"@id":"https:\/\/frontaliers-grandest.eu\/de\/#website"},"primaryImageOfPage":{"@id":"https:\/\/frontaliers-grandest.eu\/de\/startseite\/rente\/hinterbliebenenrente\/hinterbliebenenrente-in-luxemburg\/#primaryimage"},"image":{"@id":"https:\/\/frontaliers-grandest.eu\/de\/startseite\/rente\/hinterbliebenenrente\/hinterbliebenenrente-in-luxemburg\/#primaryimage"},"thumbnailUrl":"https:\/\/frontaliers-grandest.eu\/wp-content\/uploads\/2022\/08\/JHABITE-EN-France-JE-TRAVAILLE-AU-LUXEMBOURG-scaled.jpg","datePublished":"2022-08-30T12:45:23+00:00","dateModified":"2022-09-12T10:30:38+00:00","description":"Nach dem Tod Ihres Ehegatten, der in Luxemburg gearbeitet hat, haben Sie unter bestimmten Voraussetzungen Anspruch auf Hinterbliebenenrente.","breadcrumb":{"@id":"https:\/\/frontaliers-grandest.eu\/de\/startseite\/rente\/hinterbliebenenrente\/hinterbliebenenrente-in-luxemburg\/#breadcrumb"},"inLanguage":"de","potentialAction":[{"@type":"ReadAction","target":["https:\/\/frontaliers-grandest.eu\/de\/startseite\/rente\/hinterbliebenenrente\/hinterbliebenenrente-in-luxemburg\/"]}]},{"@type":"ImageObject","inLanguage":"de","@id":"https:\/\/frontaliers-grandest.eu\/de\/startseite\/rente\/hinterbliebenenrente\/hinterbliebenenrente-in-luxemburg\/#primaryimage","url":"https:\/\/frontaliers-grandest.eu\/wp-content\/uploads\/2022\/08\/JHABITE-EN-France-JE-TRAVAILLE-AU-LUXEMBOURG-scaled.jpg","contentUrl":"https:\/\/frontaliers-grandest.eu\/wp-content\/uploads\/2022\/08\/JHABITE-EN-France-JE-TRAVAILLE-AU-LUXEMBOURG-scaled.jpg","width":2560,"height":1501,"caption":"France and Luxembourg, two flags waving against blue sky. 3d image"},{"@type":"BreadcrumbList","@id":"https:\/\/frontaliers-grandest.eu\/de\/startseite\/rente\/hinterbliebenenrente\/hinterbliebenenrente-in-luxemburg\/#breadcrumb","itemListElement":[{"@type":"ListItem","position":1,"name":"Startseite","item":"https:\/\/frontaliers-grandest.eu\/de\/"},{"@type":"ListItem","position":2,"name":"Grenzg\u00e4nger-Rente","item":"https:\/\/frontaliers-grandest.eu\/de\/startseite\/rente\/"},{"@type":"ListItem","position":3,"name":"Hinterbliebenenrente","item":"https:\/\/frontaliers-grandest.eu\/de\/startseite\/rente\/hinterbliebenenrente\/"},{"@type":"ListItem","position":4,"name":"Hinterbliebenenrente in Luxemburg"}]},{"@type":"WebSite","@id":"https:\/\/frontaliers-grandest.eu\/de\/#website","url":"https:\/\/frontaliers-grandest.eu\/de\/","name":"Frontaliers Grand Est","description":"Le site ressource du travail frontalier","publisher":{"@id":"https:\/\/frontaliers-grandest.eu\/de\/#organization"},"alternateName":"Frontaliers Grand Est","potentialAction":[{"@type":"SearchAction","target":{"@type":"EntryPoint","urlTemplate":"https:\/\/frontaliers-grandest.eu\/de\/?s={search_term_string}"},"query-input":{"@type":"PropertyValueSpecification","valueRequired":true,"valueName":"search_term_string"}}],"inLanguage":"de"},{"@type":"Organization","@id":"https:\/\/frontaliers-grandest.eu\/de\/#organization","name":"Frontaliers Grand Est","alternateName":"Frontaliers Grand Est","url":"https:\/\/frontaliers-grandest.eu\/de\/","logo":{"@type":"ImageObject","inLanguage":"de","@id":"https:\/\/frontaliers-grandest.eu\/de\/#\/schema\/logo\/image\/","url":"https:\/\/frontaliers-grandest.eu\/wp-content\/uploads\/2025\/07\/260328234_2966785176920310_3332838526503858160_n.jpg","contentUrl":"https:\/\/frontaliers-grandest.eu\/wp-content\/uploads\/2025\/07\/260328234_2966785176920310_3332838526503858160_n.jpg","width":396,"height":396,"caption":"Frontaliers Grand Est"},"image":{"@id":"https:\/\/frontaliers-grandest.eu\/de\/#\/schema\/logo\/image\/"},"sameAs":["https:\/\/www.facebook.com\/frontaliers.GR.EST\/?locale=fr_FR"]}]}},"frge_page_order":0,"_links":{"self":[{"href":"https:\/\/frontaliers-grandest.eu\/de\/wp-json\/wp\/v2\/pages\/20365","targetHints":{"allow":["GET"]}}],"collection":[{"href":"https:\/\/frontaliers-grandest.eu\/de\/wp-json\/wp\/v2\/pages"}],"about":[{"href":"https:\/\/frontaliers-grandest.eu\/de\/wp-json\/wp\/v2\/types\/page"}],"author":[{"embeddable":true,"href":"https:\/\/frontaliers-grandest.eu\/de\/wp-json\/wp\/v2\/users\/4"}],"replies":[{"embeddable":true,"href":"https:\/\/frontaliers-grandest.eu\/de\/wp-json\/wp\/v2\/comments?post=20365"}],"version-history":[{"count":12,"href":"https:\/\/frontaliers-grandest.eu\/de\/wp-json\/wp\/v2\/pages\/20365\/revisions"}],"predecessor-version":[{"id":20749,"href":"https:\/\/frontaliers-grandest.eu\/de\/wp-json\/wp\/v2\/pages\/20365\/revisions\/20749"}],"up":[{"embeddable":true,"href":"https:\/\/frontaliers-grandest.eu\/de\/wp-json\/wp\/v2\/pages\/20360"}],"wp:featuredmedia":[{"embeddable":true,"href":"https:\/\/frontaliers-grandest.eu\/de\/wp-json\/wp\/v2\/media\/20355"}],"wp:attachment":[{"href":"https:\/\/frontaliers-grandest.eu\/de\/wp-json\/wp\/v2\/media?parent=20365"}],"wp:term":[{"taxonomy":"post_tag","embeddable":true,"href":"https:\/\/frontaliers-grandest.eu\/de\/wp-json\/wp\/v2\/tags?post=20365"},{"taxonomy":"frge_profile","embeddable":true,"href":"https:\/\/frontaliers-grandest.eu\/de\/wp-json\/wp\/v2\/frge_profile?post=20365"}],"curies":[{"name":"wp","href":"https:\/\/api.w.org\/{rel}","templated":true}]}}