{"id":20360,"date":"2022-08-30T14:41:14","date_gmt":"2022-08-30T12:41:14","guid":{"rendered":"https:\/\/frontaliers-grandest.eu\/startseite\/rente\/hinterbliebenenrente\/"},"modified":"2022-09-09T11:51:02","modified_gmt":"2022-09-09T09:51:02","slug":"hinterbliebenenrente","status":"publish","type":"page","link":"https:\/\/frontaliers-grandest.eu\/de\/startseite\/rente\/hinterbliebenenrente\/","title":{"rendered":"Hinterbliebenenrente"},"content":{"rendered":"\n<p>Die Hinterbliebenenrente entspricht dem Teil der Rente, der dem verstorbenen Beg\u00fcnstigen gezahlt wurde oder gezahlt worden w\u00e4re (Arbeitnehmer oder Beamter). Um diese zu erhalten, muss der hinterbliebene Ehepartner (und\/oder Ex-Ehepartner) bzw. die Waise bestimmte Bedingungen erf\u00fcllen.<\/p>\n\n\n\n<figure class=\"wp-block-pullquote\"><blockquote><p>Dabei ist zu beachten, dass die Bedingungen f\u00fcr die Gew\u00e4hr einer Hinterbliebenenrente sowie die Antragstellung von jedem Land nach eigenem Ermessen festgelegt werden.<\/p><\/blockquote><\/figure>\n","protected":false},"excerpt":{"rendered":"<p>Die Hinterbliebenenrente entspricht dem Teil der Rente, der dem verstorbenen Beg\u00fcnstigen gezahlt wurde oder gezahlt worden w\u00e4re (Arbeitnehmer oder Beamter). Um diese zu erhalten, muss der hinterbliebene Ehepartner (und\/oder Ex-Ehepartner) bzw. die Waise bestimmte Bedingungen erf\u00fcllen. Dabei ist zu beachten, dass die Bedingungen f\u00fcr die Gew\u00e4hr einer Hinterbliebenenrente sowie die Antragstellung von jedem Land nach [&hellip;]<\/p>\n","protected":false},"author":4,"featured_media":20731,"parent":20155,"menu_order":4,"comment_status":"closed","ping_status":"closed","template":"","meta":{"inline_featured_image":false,"footnotes":""},"tags":[],"frge_profile":[],"class_list":["post-20360","page","type-page","status-publish","has-post-thumbnail","hentry"],"yoast_head":"<!-- This site is optimized with the Yoast SEO plugin v27.1.1 - https:\/\/yoast.com\/product\/yoast-seo-wordpress\/ -->\n<title>Hinterbliebenenrente f\u00fcr Grenzg\u00e4nger Frontaliers Grand Est<\/title>\n<meta name=\"description\" content=\"Jedes Land legt die Bedingungen f\u00fcr die Gew\u00e4hrung einer Hinterbliebenenrente sowie das Verfahren f\u00fcr die Gew\u00e4hrung einer Hinterbliebenenrente frei fest.\" \/>\n<meta name=\"robots\" content=\"index, follow, max-snippet:-1, max-image-preview:large, max-video-preview:-1\" \/>\n<link rel=\"canonical\" href=\"https:\/\/frontaliers-grandest.eu\/de\/startseite\/rente\/hinterbliebenenrente\/\" \/>\n<meta property=\"og:locale\" content=\"de_DE\" \/>\n<meta property=\"og:type\" content=\"article\" \/>\n<meta property=\"og:title\" content=\"Hinterbliebenenrente f\u00fcr Grenzg\u00e4nger Frontaliers Grand Est\" \/>\n<meta property=\"og:description\" content=\"Jedes Land legt die Bedingungen f\u00fcr die Gew\u00e4hrung einer Hinterbliebenenrente sowie das Verfahren f\u00fcr die Gew\u00e4hrung einer Hinterbliebenenrente frei fest.\" \/>\n<meta property=\"og:url\" content=\"https:\/\/frontaliers-grandest.eu\/de\/startseite\/rente\/hinterbliebenenrente\/\" \/>\n<meta property=\"og:site_name\" content=\"Frontaliers Grand Est\" \/>\n<meta property=\"article:publisher\" content=\"https:\/\/www.facebook.com\/frontaliers.GR.EST\/?locale=fr_FR\" \/>\n<meta property=\"article:modified_time\" content=\"2022-09-09T09:51:02+00:00\" \/>\n<meta property=\"og:image\" content=\"https:\/\/frontaliers-grandest.eu\/wp-content\/uploads\/2022\/09\/retraite2.jpg\" \/>\n\t<meta property=\"og:image:width\" content=\"1280\" \/>\n\t<meta property=\"og:image:height\" content=\"720\" \/>\n\t<meta property=\"og:image:type\" content=\"image\/jpeg\" \/>\n<meta name=\"twitter:card\" content=\"summary_large_image\" \/>\n<meta name=\"twitter:label1\" content=\"Gesch\u00e4tzte Lesezeit\" \/>\n\t<meta name=\"twitter:data1\" content=\"1\u00a0Minute\" \/>\n<script type=\"application\/ld+json\" class=\"yoast-schema-graph\">{\"@context\":\"https:\/\/schema.org\",\"@graph\":[{\"@type\":\"WebPage\",\"@id\":\"https:\/\/frontaliers-grandest.eu\/de\/startseite\/rente\/hinterbliebenenrente\/\",\"url\":\"https:\/\/frontaliers-grandest.eu\/de\/startseite\/rente\/hinterbliebenenrente\/\",\"name\":\"Hinterbliebenenrente f\u00fcr Grenzg\u00e4nger Frontaliers Grand Est\",\"isPartOf\":{\"@id\":\"https:\/\/frontaliers-grandest.eu\/de\/#website\"},\"primaryImageOfPage\":{\"@id\":\"https:\/\/frontaliers-grandest.eu\/de\/startseite\/rente\/hinterbliebenenrente\/#primaryimage\"},\"image\":{\"@id\":\"https:\/\/frontaliers-grandest.eu\/de\/startseite\/rente\/hinterbliebenenrente\/#primaryimage\"},\"thumbnailUrl\":\"https:\/\/frontaliers-grandest.eu\/wp-content\/uploads\/2022\/09\/retraite2.jpg\",\"datePublished\":\"2022-08-30T12:41:14+00:00\",\"dateModified\":\"2022-09-09T09:51:02+00:00\",\"description\":\"Jedes Land legt die Bedingungen f\u00fcr die Gew\u00e4hrung einer Hinterbliebenenrente sowie das Verfahren f\u00fcr die Gew\u00e4hrung einer Hinterbliebenenrente frei fest.\",\"breadcrumb\":{\"@id\":\"https:\/\/frontaliers-grandest.eu\/de\/startseite\/rente\/hinterbliebenenrente\/#breadcrumb\"},\"inLanguage\":\"de\",\"potentialAction\":[{\"@type\":\"ReadAction\",\"target\":[\"https:\/\/frontaliers-grandest.eu\/de\/startseite\/rente\/hinterbliebenenrente\/\"]}]},{\"@type\":\"ImageObject\",\"inLanguage\":\"de\",\"@id\":\"https:\/\/frontaliers-grandest.eu\/de\/startseite\/rente\/hinterbliebenenrente\/#primaryimage\",\"url\":\"https:\/\/frontaliers-grandest.eu\/wp-content\/uploads\/2022\/09\/retraite2.jpg\",\"contentUrl\":\"https:\/\/frontaliers-grandest.eu\/wp-content\/uploads\/2022\/09\/retraite2.jpg\",\"width\":1280,\"height\":720,\"caption\":\"Shot of a senior man using a laptop while going through paperwork at home\"},{\"@type\":\"BreadcrumbList\",\"@id\":\"https:\/\/frontaliers-grandest.eu\/de\/startseite\/rente\/hinterbliebenenrente\/#breadcrumb\",\"itemListElement\":[{\"@type\":\"ListItem\",\"position\":1,\"name\":\"Startseite\",\"item\":\"https:\/\/frontaliers-grandest.eu\/de\/\"},{\"@type\":\"ListItem\",\"position\":2,\"name\":\"Grenzg\u00e4nger-Rente\",\"item\":\"https:\/\/frontaliers-grandest.eu\/de\/startseite\/rente\/\"},{\"@type\":\"ListItem\",\"position\":3,\"name\":\"Hinterbliebenenrente\"}]},{\"@type\":\"WebSite\",\"@id\":\"https:\/\/frontaliers-grandest.eu\/de\/#website\",\"url\":\"https:\/\/frontaliers-grandest.eu\/de\/\",\"name\":\"Frontaliers Grand Est\",\"description\":\"Le site ressource du travail frontalier\",\"publisher\":{\"@id\":\"https:\/\/frontaliers-grandest.eu\/de\/#organization\"},\"alternateName\":\"Frontaliers Grand Est\",\"potentialAction\":[{\"@type\":\"SearchAction\",\"target\":{\"@type\":\"EntryPoint\",\"urlTemplate\":\"https:\/\/frontaliers-grandest.eu\/de\/?s={search_term_string}\"},\"query-input\":{\"@type\":\"PropertyValueSpecification\",\"valueRequired\":true,\"valueName\":\"search_term_string\"}}],\"inLanguage\":\"de\"},{\"@type\":\"Organization\",\"@id\":\"https:\/\/frontaliers-grandest.eu\/de\/#organization\",\"name\":\"Frontaliers Grand Est\",\"alternateName\":\"Frontaliers Grand Est\",\"url\":\"https:\/\/frontaliers-grandest.eu\/de\/\",\"logo\":{\"@type\":\"ImageObject\",\"inLanguage\":\"de\",\"@id\":\"https:\/\/frontaliers-grandest.eu\/de\/#\/schema\/logo\/image\/\",\"url\":\"https:\/\/frontaliers-grandest.eu\/wp-content\/uploads\/2025\/07\/260328234_2966785176920310_3332838526503858160_n.jpg\",\"contentUrl\":\"https:\/\/frontaliers-grandest.eu\/wp-content\/uploads\/2025\/07\/260328234_2966785176920310_3332838526503858160_n.jpg\",\"width\":396,\"height\":396,\"caption\":\"Frontaliers Grand Est\"},\"image\":{\"@id\":\"https:\/\/frontaliers-grandest.eu\/de\/#\/schema\/logo\/image\/\"},\"sameAs\":[\"https:\/\/www.facebook.com\/frontaliers.GR.EST\/?locale=fr_FR\"]}]}<\/script>\n<!-- \/ Yoast SEO plugin. -->","yoast_head_json":{"title":"Hinterbliebenenrente f\u00fcr Grenzg\u00e4nger Frontaliers Grand Est","description":"Jedes Land legt die Bedingungen f\u00fcr die Gew\u00e4hrung einer Hinterbliebenenrente sowie das Verfahren f\u00fcr die Gew\u00e4hrung einer Hinterbliebenenrente frei fest.","robots":{"index":"index","follow":"follow","max-snippet":"max-snippet:-1","max-image-preview":"max-image-preview:large","max-video-preview":"max-video-preview:-1"},"canonical":"https:\/\/frontaliers-grandest.eu\/de\/startseite\/rente\/hinterbliebenenrente\/","og_locale":"de_DE","og_type":"article","og_title":"Hinterbliebenenrente f\u00fcr Grenzg\u00e4nger Frontaliers Grand Est","og_description":"Jedes Land legt die Bedingungen f\u00fcr die Gew\u00e4hrung einer Hinterbliebenenrente sowie das Verfahren f\u00fcr die Gew\u00e4hrung einer Hinterbliebenenrente frei fest.","og_url":"https:\/\/frontaliers-grandest.eu\/de\/startseite\/rente\/hinterbliebenenrente\/","og_site_name":"Frontaliers Grand Est","article_publisher":"https:\/\/www.facebook.com\/frontaliers.GR.EST\/?locale=fr_FR","article_modified_time":"2022-09-09T09:51:02+00:00","og_image":[{"width":1280,"height":720,"url":"https:\/\/frontaliers-grandest.eu\/wp-content\/uploads\/2022\/09\/retraite2.jpg","type":"image\/jpeg"}],"twitter_card":"summary_large_image","twitter_misc":{"Gesch\u00e4tzte Lesezeit":"1\u00a0Minute"},"schema":{"@context":"https:\/\/schema.org","@graph":[{"@type":"WebPage","@id":"https:\/\/frontaliers-grandest.eu\/de\/startseite\/rente\/hinterbliebenenrente\/","url":"https:\/\/frontaliers-grandest.eu\/de\/startseite\/rente\/hinterbliebenenrente\/","name":"Hinterbliebenenrente f\u00fcr Grenzg\u00e4nger Frontaliers Grand Est","isPartOf":{"@id":"https:\/\/frontaliers-grandest.eu\/de\/#website"},"primaryImageOfPage":{"@id":"https:\/\/frontaliers-grandest.eu\/de\/startseite\/rente\/hinterbliebenenrente\/#primaryimage"},"image":{"@id":"https:\/\/frontaliers-grandest.eu\/de\/startseite\/rente\/hinterbliebenenrente\/#primaryimage"},"thumbnailUrl":"https:\/\/frontaliers-grandest.eu\/wp-content\/uploads\/2022\/09\/retraite2.jpg","datePublished":"2022-08-30T12:41:14+00:00","dateModified":"2022-09-09T09:51:02+00:00","description":"Jedes Land legt die Bedingungen f\u00fcr die Gew\u00e4hrung einer Hinterbliebenenrente sowie das Verfahren f\u00fcr die Gew\u00e4hrung einer Hinterbliebenenrente frei fest.","breadcrumb":{"@id":"https:\/\/frontaliers-grandest.eu\/de\/startseite\/rente\/hinterbliebenenrente\/#breadcrumb"},"inLanguage":"de","potentialAction":[{"@type":"ReadAction","target":["https:\/\/frontaliers-grandest.eu\/de\/startseite\/rente\/hinterbliebenenrente\/"]}]},{"@type":"ImageObject","inLanguage":"de","@id":"https:\/\/frontaliers-grandest.eu\/de\/startseite\/rente\/hinterbliebenenrente\/#primaryimage","url":"https:\/\/frontaliers-grandest.eu\/wp-content\/uploads\/2022\/09\/retraite2.jpg","contentUrl":"https:\/\/frontaliers-grandest.eu\/wp-content\/uploads\/2022\/09\/retraite2.jpg","width":1280,"height":720,"caption":"Shot of a senior man using a laptop while going through paperwork at home"},{"@type":"BreadcrumbList","@id":"https:\/\/frontaliers-grandest.eu\/de\/startseite\/rente\/hinterbliebenenrente\/#breadcrumb","itemListElement":[{"@type":"ListItem","position":1,"name":"Startseite","item":"https:\/\/frontaliers-grandest.eu\/de\/"},{"@type":"ListItem","position":2,"name":"Grenzg\u00e4nger-Rente","item":"https:\/\/frontaliers-grandest.eu\/de\/startseite\/rente\/"},{"@type":"ListItem","position":3,"name":"Hinterbliebenenrente"}]},{"@type":"WebSite","@id":"https:\/\/frontaliers-grandest.eu\/de\/#website","url":"https:\/\/frontaliers-grandest.eu\/de\/","name":"Frontaliers Grand Est","description":"Le site ressource du travail frontalier","publisher":{"@id":"https:\/\/frontaliers-grandest.eu\/de\/#organization"},"alternateName":"Frontaliers Grand Est","potentialAction":[{"@type":"SearchAction","target":{"@type":"EntryPoint","urlTemplate":"https:\/\/frontaliers-grandest.eu\/de\/?s={search_term_string}"},"query-input":{"@type":"PropertyValueSpecification","valueRequired":true,"valueName":"search_term_string"}}],"inLanguage":"de"},{"@type":"Organization","@id":"https:\/\/frontaliers-grandest.eu\/de\/#organization","name":"Frontaliers Grand Est","alternateName":"Frontaliers Grand Est","url":"https:\/\/frontaliers-grandest.eu\/de\/","logo":{"@type":"ImageObject","inLanguage":"de","@id":"https:\/\/frontaliers-grandest.eu\/de\/#\/schema\/logo\/image\/","url":"https:\/\/frontaliers-grandest.eu\/wp-content\/uploads\/2025\/07\/260328234_2966785176920310_3332838526503858160_n.jpg","contentUrl":"https:\/\/frontaliers-grandest.eu\/wp-content\/uploads\/2025\/07\/260328234_2966785176920310_3332838526503858160_n.jpg","width":396,"height":396,"caption":"Frontaliers Grand Est"},"image":{"@id":"https:\/\/frontaliers-grandest.eu\/de\/#\/schema\/logo\/image\/"},"sameAs":["https:\/\/www.facebook.com\/frontaliers.GR.EST\/?locale=fr_FR"]}]}},"frge_page_order":0,"_links":{"self":[{"href":"https:\/\/frontaliers-grandest.eu\/de\/wp-json\/wp\/v2\/pages\/20360","targetHints":{"allow":["GET"]}}],"collection":[{"href":"https:\/\/frontaliers-grandest.eu\/de\/wp-json\/wp\/v2\/pages"}],"about":[{"href":"https:\/\/frontaliers-grandest.eu\/de\/wp-json\/wp\/v2\/types\/page"}],"author":[{"embeddable":true,"href":"https:\/\/frontaliers-grandest.eu\/de\/wp-json\/wp\/v2\/users\/4"}],"replies":[{"embeddable":true,"href":"https:\/\/frontaliers-grandest.eu\/de\/wp-json\/wp\/v2\/comments?post=20360"}],"version-history":[{"count":2,"href":"https:\/\/frontaliers-grandest.eu\/de\/wp-json\/wp\/v2\/pages\/20360\/revisions"}],"predecessor-version":[{"id":20364,"href":"https:\/\/frontaliers-grandest.eu\/de\/wp-json\/wp\/v2\/pages\/20360\/revisions\/20364"}],"up":[{"embeddable":true,"href":"https:\/\/frontaliers-grandest.eu\/de\/wp-json\/wp\/v2\/pages\/20155"}],"wp:featuredmedia":[{"embeddable":true,"href":"https:\/\/frontaliers-grandest.eu\/de\/wp-json\/wp\/v2\/media\/20731"}],"wp:attachment":[{"href":"https:\/\/frontaliers-grandest.eu\/de\/wp-json\/wp\/v2\/media?parent=20360"}],"wp:term":[{"taxonomy":"post_tag","embeddable":true,"href":"https:\/\/frontaliers-grandest.eu\/de\/wp-json\/wp\/v2\/tags?post=20360"},{"taxonomy":"frge_profile","embeddable":true,"href":"https:\/\/frontaliers-grandest.eu\/de\/wp-json\/wp\/v2\/frge_profile?post=20360"}],"curies":[{"name":"wp","href":"https:\/\/api.w.org\/{rel}","templated":true}]}}