{"id":20334,"date":"2022-08-29T17:11:13","date_gmt":"2022-08-29T15:11:13","guid":{"rendered":"https:\/\/frontaliers-grandest.eu\/startseite\/rente\/rentenschaetzung\/"},"modified":"2022-08-29T17:14:12","modified_gmt":"2022-08-29T15:14:12","slug":"rentenschaetzung","status":"publish","type":"page","link":"https:\/\/frontaliers-grandest.eu\/de\/startseite\/rente\/rentenschaetzung\/","title":{"rendered":"Rentensch\u00e4tzung"},"content":{"rendered":"\n<p>Wenn Sie wissen m\u00f6chten, wie hoch Ihre Rente als Grenzg\u00e4nger sein wird, gibt es nur eine M\u00f6glichkeit: Sie bitten die zust\u00e4ndigen Institutionen um eine Sch\u00e4tzung der H\u00f6he Ihrer Rente.<\/p>\n\n\n\n<p>Die diversen Rentenkassen der Nachbarl\u00e4nder (sowie die franz\u00f6sische Rentenkasse) stellen im Allgemeinen fr\u00fchestens ab einem Alter von 55 Jahren eine Rentensch\u00e4tzung zur Verf\u00fcgung.<\/p>\n\n\n\n<p>Um die H\u00f6he Ihrer <strong>deutschen<\/strong> Rente zu erfahren, bitten Sie die Deutsche Rentenversicherung um eine Rentensch\u00e4tzung: <br><a href=\"https:\/\/www.deutsche-rentenversicherung.de\/DRV\/DE\/Rente\/Allgemeine-Informationen\/allgemeine-informationen-rente-node.html\">https:\/\/www.deutsche-rentenversicherung.de\/DRV\/DE\/Rente\/Allgemeine-Informationen\/allgemeine-informationen-rente-node.html<\/a><\/p>\n\n\n\n<p>Um die H\u00f6he Ihrer <strong>belgischen<\/strong> Rente zu erfahren, bitten Sie den Service f\u00e9d\u00e9ral des Pensions um eine Rentensch\u00e4tzung: <a href=\"https:\/\/www.sfpd.fgov.be\/fr\/montant-de-la-pension\/combien\">https:\/\/www.sfpd.fgov.be\/fr\/montant-de-la-pension\/combien<\/a><\/p>\n\n\n\n<p>Um die H\u00f6he Ihrer <strong>franz\u00f6sischen<\/strong> Rente zu erfahren, legen Sie sich einen Zugang auf der Webseite <a href=\"https:\/\/www.lassuranceretraite.fr\">https:\/\/www.lassuranceretraite.fr<\/a> an<\/p>\n\n\n\n<p>Um die H\u00f6he Ihrer <strong>luxemburgischen<\/strong> Rente zu erfahren, schicken Sie Ihren Antrag an den folgenden Link: <a href=\"https:\/\/www.cnap.lu\/accueil-mail-old\/email-futur-pensionne\/\">https:\/\/www.cnap.lu\/accueil-mail-old\/email-futur-pensionne\/<\/a><\/p>\n\n\n\n<p>Um die H\u00f6he Ihrer <strong>Schweizer<\/strong> Rente zu erfahren, wenden Sie sich an Ihre Caisse de compensation oder nutzen Sie den folgenden Link: <a href=\"https:\/\/www.acor-avs.ch\/conditions\">https:\/\/www.acor-avs.ch\/conditions<\/a><\/p>\n","protected":false},"excerpt":{"rendered":"<p>Wenn Sie wissen m\u00f6chten, wie hoch Ihre Rente als Grenzg\u00e4nger sein wird, gibt es nur eine M\u00f6glichkeit: Sie bitten die zust\u00e4ndigen Institutionen um eine Sch\u00e4tzung der H\u00f6he Ihrer Rente. Die diversen Rentenkassen der Nachbarl\u00e4nder (sowie die franz\u00f6sische Rentenkasse) stellen im Allgemeinen fr\u00fchestens ab einem Alter von 55 Jahren eine Rentensch\u00e4tzung zur Verf\u00fcgung. Um die H\u00f6he [&hellip;]<\/p>\n","protected":false},"author":4,"featured_media":20338,"parent":20155,"menu_order":3,"comment_status":"closed","ping_status":"closed","template":"","meta":{"inline_featured_image":false,"footnotes":""},"tags":[],"frge_profile":[],"class_list":["post-20334","page","type-page","status-publish","has-post-thumbnail","hentry"],"yoast_head":"<!-- This site is optimized with the Yoast SEO plugin v27.1.1 - https:\/\/yoast.com\/product\/yoast-seo-wordpress\/ -->\n<title>Gesch\u00e4tzte H\u00f6he der Altersrente f\u00fcr Grenzg\u00e4nger Frontaliers Grand Est<\/title>\n<meta name=\"description\" content=\"Eine Sch\u00e4tzung Ihrer Grenzg\u00e4ngerrente erhalten Sie von der zust\u00e4ndigen Rentenkasse des betreffenden Landes.\" \/>\n<meta name=\"robots\" content=\"index, follow, max-snippet:-1, max-image-preview:large, max-video-preview:-1\" \/>\n<link rel=\"canonical\" href=\"https:\/\/frontaliers-grandest.eu\/de\/startseite\/rente\/rentenschaetzung\/\" \/>\n<meta property=\"og:locale\" content=\"de_DE\" \/>\n<meta property=\"og:type\" content=\"article\" \/>\n<meta property=\"og:title\" content=\"Gesch\u00e4tzte H\u00f6he der Altersrente f\u00fcr Grenzg\u00e4nger Frontaliers Grand Est\" \/>\n<meta property=\"og:description\" content=\"Eine Sch\u00e4tzung Ihrer Grenzg\u00e4ngerrente erhalten Sie von der zust\u00e4ndigen Rentenkasse des betreffenden Landes.\" \/>\n<meta property=\"og:url\" content=\"https:\/\/frontaliers-grandest.eu\/de\/startseite\/rente\/rentenschaetzung\/\" \/>\n<meta property=\"og:site_name\" content=\"Frontaliers Grand Est\" \/>\n<meta property=\"article:publisher\" content=\"https:\/\/www.facebook.com\/frontaliers.GR.EST\/?locale=fr_FR\" \/>\n<meta property=\"article:modified_time\" content=\"2022-08-29T15:14:12+00:00\" \/>\n<meta property=\"og:image\" content=\"https:\/\/frontaliers-grandest.eu\/wp-content\/uploads\/2022\/08\/calculator-gfa17e4784_1920-1200x707-1.jpg\" \/>\n\t<meta property=\"og:image:width\" content=\"1200\" \/>\n\t<meta property=\"og:image:height\" content=\"707\" \/>\n\t<meta property=\"og:image:type\" content=\"image\/jpeg\" \/>\n<meta name=\"twitter:card\" content=\"summary_large_image\" \/>\n<meta name=\"twitter:label1\" content=\"Gesch\u00e4tzte Lesezeit\" \/>\n\t<meta name=\"twitter:data1\" content=\"1\u00a0Minute\" \/>\n<script type=\"application\/ld+json\" class=\"yoast-schema-graph\">{\"@context\":\"https:\/\/schema.org\",\"@graph\":[{\"@type\":\"WebPage\",\"@id\":\"https:\/\/frontaliers-grandest.eu\/de\/startseite\/rente\/rentenschaetzung\/\",\"url\":\"https:\/\/frontaliers-grandest.eu\/de\/startseite\/rente\/rentenschaetzung\/\",\"name\":\"Gesch\u00e4tzte H\u00f6he der Altersrente f\u00fcr Grenzg\u00e4nger Frontaliers Grand Est\",\"isPartOf\":{\"@id\":\"https:\/\/frontaliers-grandest.eu\/de\/#website\"},\"primaryImageOfPage\":{\"@id\":\"https:\/\/frontaliers-grandest.eu\/de\/startseite\/rente\/rentenschaetzung\/#primaryimage\"},\"image\":{\"@id\":\"https:\/\/frontaliers-grandest.eu\/de\/startseite\/rente\/rentenschaetzung\/#primaryimage\"},\"thumbnailUrl\":\"https:\/\/frontaliers-grandest.eu\/wp-content\/uploads\/2022\/08\/calculator-gfa17e4784_1920-1200x707-1.jpg\",\"datePublished\":\"2022-08-29T15:11:13+00:00\",\"dateModified\":\"2022-08-29T15:14:12+00:00\",\"description\":\"Eine Sch\u00e4tzung Ihrer Grenzg\u00e4ngerrente erhalten Sie von der zust\u00e4ndigen Rentenkasse des betreffenden Landes.\",\"breadcrumb\":{\"@id\":\"https:\/\/frontaliers-grandest.eu\/de\/startseite\/rente\/rentenschaetzung\/#breadcrumb\"},\"inLanguage\":\"de\",\"potentialAction\":[{\"@type\":\"ReadAction\",\"target\":[\"https:\/\/frontaliers-grandest.eu\/de\/startseite\/rente\/rentenschaetzung\/\"]}]},{\"@type\":\"ImageObject\",\"inLanguage\":\"de\",\"@id\":\"https:\/\/frontaliers-grandest.eu\/de\/startseite\/rente\/rentenschaetzung\/#primaryimage\",\"url\":\"https:\/\/frontaliers-grandest.eu\/wp-content\/uploads\/2022\/08\/calculator-gfa17e4784_1920-1200x707-1.jpg\",\"contentUrl\":\"https:\/\/frontaliers-grandest.eu\/wp-content\/uploads\/2022\/08\/calculator-gfa17e4784_1920-1200x707-1.jpg\",\"width\":1200,\"height\":707},{\"@type\":\"BreadcrumbList\",\"@id\":\"https:\/\/frontaliers-grandest.eu\/de\/startseite\/rente\/rentenschaetzung\/#breadcrumb\",\"itemListElement\":[{\"@type\":\"ListItem\",\"position\":1,\"name\":\"Startseite\",\"item\":\"https:\/\/frontaliers-grandest.eu\/de\/\"},{\"@type\":\"ListItem\",\"position\":2,\"name\":\"Grenzg\u00e4nger-Rente\",\"item\":\"https:\/\/frontaliers-grandest.eu\/de\/startseite\/rente\/\"},{\"@type\":\"ListItem\",\"position\":3,\"name\":\"Rentensch\u00e4tzung\"}]},{\"@type\":\"WebSite\",\"@id\":\"https:\/\/frontaliers-grandest.eu\/de\/#website\",\"url\":\"https:\/\/frontaliers-grandest.eu\/de\/\",\"name\":\"Frontaliers Grand Est\",\"description\":\"Le site ressource du travail frontalier\",\"publisher\":{\"@id\":\"https:\/\/frontaliers-grandest.eu\/de\/#organization\"},\"alternateName\":\"Frontaliers Grand Est\",\"potentialAction\":[{\"@type\":\"SearchAction\",\"target\":{\"@type\":\"EntryPoint\",\"urlTemplate\":\"https:\/\/frontaliers-grandest.eu\/de\/?s={search_term_string}\"},\"query-input\":{\"@type\":\"PropertyValueSpecification\",\"valueRequired\":true,\"valueName\":\"search_term_string\"}}],\"inLanguage\":\"de\"},{\"@type\":\"Organization\",\"@id\":\"https:\/\/frontaliers-grandest.eu\/de\/#organization\",\"name\":\"Frontaliers Grand Est\",\"alternateName\":\"Frontaliers Grand Est\",\"url\":\"https:\/\/frontaliers-grandest.eu\/de\/\",\"logo\":{\"@type\":\"ImageObject\",\"inLanguage\":\"de\",\"@id\":\"https:\/\/frontaliers-grandest.eu\/de\/#\/schema\/logo\/image\/\",\"url\":\"https:\/\/frontaliers-grandest.eu\/wp-content\/uploads\/2025\/07\/260328234_2966785176920310_3332838526503858160_n.jpg\",\"contentUrl\":\"https:\/\/frontaliers-grandest.eu\/wp-content\/uploads\/2025\/07\/260328234_2966785176920310_3332838526503858160_n.jpg\",\"width\":396,\"height\":396,\"caption\":\"Frontaliers Grand Est\"},\"image\":{\"@id\":\"https:\/\/frontaliers-grandest.eu\/de\/#\/schema\/logo\/image\/\"},\"sameAs\":[\"https:\/\/www.facebook.com\/frontaliers.GR.EST\/?locale=fr_FR\"]}]}<\/script>\n<!-- \/ Yoast SEO plugin. -->","yoast_head_json":{"title":"Gesch\u00e4tzte H\u00f6he der Altersrente f\u00fcr Grenzg\u00e4nger Frontaliers Grand Est","description":"Eine Sch\u00e4tzung Ihrer Grenzg\u00e4ngerrente erhalten Sie von der zust\u00e4ndigen Rentenkasse des betreffenden Landes.","robots":{"index":"index","follow":"follow","max-snippet":"max-snippet:-1","max-image-preview":"max-image-preview:large","max-video-preview":"max-video-preview:-1"},"canonical":"https:\/\/frontaliers-grandest.eu\/de\/startseite\/rente\/rentenschaetzung\/","og_locale":"de_DE","og_type":"article","og_title":"Gesch\u00e4tzte H\u00f6he der Altersrente f\u00fcr Grenzg\u00e4nger Frontaliers Grand Est","og_description":"Eine Sch\u00e4tzung Ihrer Grenzg\u00e4ngerrente erhalten Sie von der zust\u00e4ndigen Rentenkasse des betreffenden Landes.","og_url":"https:\/\/frontaliers-grandest.eu\/de\/startseite\/rente\/rentenschaetzung\/","og_site_name":"Frontaliers Grand Est","article_publisher":"https:\/\/www.facebook.com\/frontaliers.GR.EST\/?locale=fr_FR","article_modified_time":"2022-08-29T15:14:12+00:00","og_image":[{"width":1200,"height":707,"url":"https:\/\/frontaliers-grandest.eu\/wp-content\/uploads\/2022\/08\/calculator-gfa17e4784_1920-1200x707-1.jpg","type":"image\/jpeg"}],"twitter_card":"summary_large_image","twitter_misc":{"Gesch\u00e4tzte Lesezeit":"1\u00a0Minute"},"schema":{"@context":"https:\/\/schema.org","@graph":[{"@type":"WebPage","@id":"https:\/\/frontaliers-grandest.eu\/de\/startseite\/rente\/rentenschaetzung\/","url":"https:\/\/frontaliers-grandest.eu\/de\/startseite\/rente\/rentenschaetzung\/","name":"Gesch\u00e4tzte H\u00f6he der Altersrente f\u00fcr Grenzg\u00e4nger Frontaliers Grand Est","isPartOf":{"@id":"https:\/\/frontaliers-grandest.eu\/de\/#website"},"primaryImageOfPage":{"@id":"https:\/\/frontaliers-grandest.eu\/de\/startseite\/rente\/rentenschaetzung\/#primaryimage"},"image":{"@id":"https:\/\/frontaliers-grandest.eu\/de\/startseite\/rente\/rentenschaetzung\/#primaryimage"},"thumbnailUrl":"https:\/\/frontaliers-grandest.eu\/wp-content\/uploads\/2022\/08\/calculator-gfa17e4784_1920-1200x707-1.jpg","datePublished":"2022-08-29T15:11:13+00:00","dateModified":"2022-08-29T15:14:12+00:00","description":"Eine Sch\u00e4tzung Ihrer Grenzg\u00e4ngerrente erhalten Sie von der zust\u00e4ndigen Rentenkasse des betreffenden Landes.","breadcrumb":{"@id":"https:\/\/frontaliers-grandest.eu\/de\/startseite\/rente\/rentenschaetzung\/#breadcrumb"},"inLanguage":"de","potentialAction":[{"@type":"ReadAction","target":["https:\/\/frontaliers-grandest.eu\/de\/startseite\/rente\/rentenschaetzung\/"]}]},{"@type":"ImageObject","inLanguage":"de","@id":"https:\/\/frontaliers-grandest.eu\/de\/startseite\/rente\/rentenschaetzung\/#primaryimage","url":"https:\/\/frontaliers-grandest.eu\/wp-content\/uploads\/2022\/08\/calculator-gfa17e4784_1920-1200x707-1.jpg","contentUrl":"https:\/\/frontaliers-grandest.eu\/wp-content\/uploads\/2022\/08\/calculator-gfa17e4784_1920-1200x707-1.jpg","width":1200,"height":707},{"@type":"BreadcrumbList","@id":"https:\/\/frontaliers-grandest.eu\/de\/startseite\/rente\/rentenschaetzung\/#breadcrumb","itemListElement":[{"@type":"ListItem","position":1,"name":"Startseite","item":"https:\/\/frontaliers-grandest.eu\/de\/"},{"@type":"ListItem","position":2,"name":"Grenzg\u00e4nger-Rente","item":"https:\/\/frontaliers-grandest.eu\/de\/startseite\/rente\/"},{"@type":"ListItem","position":3,"name":"Rentensch\u00e4tzung"}]},{"@type":"WebSite","@id":"https:\/\/frontaliers-grandest.eu\/de\/#website","url":"https:\/\/frontaliers-grandest.eu\/de\/","name":"Frontaliers Grand Est","description":"Le site ressource du travail frontalier","publisher":{"@id":"https:\/\/frontaliers-grandest.eu\/de\/#organization"},"alternateName":"Frontaliers Grand Est","potentialAction":[{"@type":"SearchAction","target":{"@type":"EntryPoint","urlTemplate":"https:\/\/frontaliers-grandest.eu\/de\/?s={search_term_string}"},"query-input":{"@type":"PropertyValueSpecification","valueRequired":true,"valueName":"search_term_string"}}],"inLanguage":"de"},{"@type":"Organization","@id":"https:\/\/frontaliers-grandest.eu\/de\/#organization","name":"Frontaliers Grand Est","alternateName":"Frontaliers Grand Est","url":"https:\/\/frontaliers-grandest.eu\/de\/","logo":{"@type":"ImageObject","inLanguage":"de","@id":"https:\/\/frontaliers-grandest.eu\/de\/#\/schema\/logo\/image\/","url":"https:\/\/frontaliers-grandest.eu\/wp-content\/uploads\/2025\/07\/260328234_2966785176920310_3332838526503858160_n.jpg","contentUrl":"https:\/\/frontaliers-grandest.eu\/wp-content\/uploads\/2025\/07\/260328234_2966785176920310_3332838526503858160_n.jpg","width":396,"height":396,"caption":"Frontaliers Grand Est"},"image":{"@id":"https:\/\/frontaliers-grandest.eu\/de\/#\/schema\/logo\/image\/"},"sameAs":["https:\/\/www.facebook.com\/frontaliers.GR.EST\/?locale=fr_FR"]}]}},"frge_page_order":0,"_links":{"self":[{"href":"https:\/\/frontaliers-grandest.eu\/de\/wp-json\/wp\/v2\/pages\/20334","targetHints":{"allow":["GET"]}}],"collection":[{"href":"https:\/\/frontaliers-grandest.eu\/de\/wp-json\/wp\/v2\/pages"}],"about":[{"href":"https:\/\/frontaliers-grandest.eu\/de\/wp-json\/wp\/v2\/types\/page"}],"author":[{"embeddable":true,"href":"https:\/\/frontaliers-grandest.eu\/de\/wp-json\/wp\/v2\/users\/4"}],"replies":[{"embeddable":true,"href":"https:\/\/frontaliers-grandest.eu\/de\/wp-json\/wp\/v2\/comments?post=20334"}],"version-history":[{"count":3,"href":"https:\/\/frontaliers-grandest.eu\/de\/wp-json\/wp\/v2\/pages\/20334\/revisions"}],"predecessor-version":[{"id":20339,"href":"https:\/\/frontaliers-grandest.eu\/de\/wp-json\/wp\/v2\/pages\/20334\/revisions\/20339"}],"up":[{"embeddable":true,"href":"https:\/\/frontaliers-grandest.eu\/de\/wp-json\/wp\/v2\/pages\/20155"}],"wp:featuredmedia":[{"embeddable":true,"href":"https:\/\/frontaliers-grandest.eu\/de\/wp-json\/wp\/v2\/media\/20338"}],"wp:attachment":[{"href":"https:\/\/frontaliers-grandest.eu\/de\/wp-json\/wp\/v2\/media?parent=20334"}],"wp:term":[{"taxonomy":"post_tag","embeddable":true,"href":"https:\/\/frontaliers-grandest.eu\/de\/wp-json\/wp\/v2\/tags?post=20334"},{"taxonomy":"frge_profile","embeddable":true,"href":"https:\/\/frontaliers-grandest.eu\/de\/wp-json\/wp\/v2\/frge_profile?post=20334"}],"curies":[{"name":"wp","href":"https:\/\/api.w.org\/{rel}","templated":true}]}}