{"id":20323,"date":"2022-08-29T16:56:08","date_gmt":"2022-08-29T14:56:08","guid":{"rendered":"https:\/\/frontaliers-grandest.eu\/startseite\/rente\/ihre-mitgliedschaft\/"},"modified":"2022-08-29T17:10:01","modified_gmt":"2022-08-29T15:10:01","slug":"ihre-mitgliedschaft","status":"publish","type":"page","link":"https:\/\/frontaliers-grandest.eu\/de\/startseite\/rente\/ihre-mitgliedschaft\/","title":{"rendered":"Ihre Mitgliedschaft"},"content":{"rendered":"\n<p>In der EU ist eine einfache Regel gesetzlich verankert: Eine Person, die mehrere Einkommen in verschiedenen L\u00e4ndern bezieht, kann nur in einem Sozialversicherungssystem Mitglied sein.<\/p>\n\n\n\n<p>Damit sind mehrere Szenarien vorstellbar.<\/p>\n\n\n\n<h4 class=\"wp-block-heading\">SIE BEZIEHEN EINE RENTE NUR AUS EINEM NACHBARLAND<\/h4>\n\n\n\n<p>Ihr Wohnsitz befindet sich in Frankreich, Sie beziehen aber nur eine Grenzg\u00e4ngerrente. In diesem Fall sind Sie Mitglied im Sozialversicherungssystem des Landes, das Ihnen Ihre Rente zahlt.<\/p>\n\n\n\n<h4 class=\"wp-block-heading\">SIE BEZIEHEN MEHRERE RENTEN, U. A. EINE RENTE AUS IHREM WOHNSITZLAND<\/h4>\n\n\n\n<p>In diesem Fall sieht die EU-Gesetzgebung Folgendes vor: Sobald Sie eine Rente von Ihrem Wohnsitzland beziehen, sind Sie unabh\u00e4ngig von der Rentenh\u00f6he Mitglied im Sozialversicherungssystem dieses Landes.<\/p>\n\n\n\n<figure class=\"wp-block-pullquote\"><blockquote><p><strong>Beispiel<\/strong>: Ihr Wohnsitz befindet sich in Frankreich. Sie haben 5 Jahre in Frankreich gearbeitet und 35 Jahre in Luxemburg. Obwohl Ihre luxemburgische Rente h\u00f6her ist, weil Sie dort viel l\u00e4nger gearbeitet haben, sind Sie f\u00fcr alle Ihre Renten Mitglied in der franz\u00f6sischen Sozialversicherung.<\/p><\/blockquote><\/figure>\n\n\n\n<h4 class=\"wp-block-heading\">SIE BEZIEHEN MEHRERE RENTEN, ABER KEINE AUS IHREM WOHNSITZLAND<\/h4>\n\n\n\n<p>Sie wohnen in Frankreich, haben aber keine franz\u00f6sische Rente.<\/p>\n\n\n\n<p>In diesem Fall sind Sie Mitglied im Sozialversicherungssystem des Landes, in dem Sie am l\u00e4ngsten gearbeitet haben.<\/p>\n\n\n\n<h4 class=\"wp-block-heading\">SIE BEZIEHEN MEHRERE RENTEN, ARBEITEN ABER WEITER<\/h4>\n\n\n\n<p>In diesem Fall sind Sie f\u00fcr die Dauer Ihres Vertrags und\/oder Ihres Auftrags Mitglied im Sozialversicherungssystem des Landes, in dem Sie arbeiten<\/p>\n\n\n\n<p>Diese Regel gilt sowohl f\u00fcr abh\u00e4ngig Besch\u00e4ftigte als auch f\u00fcr Selbst\u00e4ndige.<\/p>\n","protected":false},"excerpt":{"rendered":"<p>In der EU ist eine einfache Regel gesetzlich verankert: Eine Person, die mehrere Einkommen in verschiedenen L\u00e4ndern bezieht, kann nur in einem Sozialversicherungssystem Mitglied sein. Damit sind mehrere Szenarien vorstellbar. SIE BEZIEHEN EINE RENTE NUR AUS EINEM NACHBARLAND Ihr Wohnsitz befindet sich in Frankreich, Sie beziehen aber nur eine Grenzg\u00e4ngerrente. In diesem Fall sind Sie [&hellip;]<\/p>\n","protected":false},"author":4,"featured_media":20333,"parent":20155,"menu_order":2,"comment_status":"closed","ping_status":"closed","template":"","meta":{"inline_featured_image":false,"footnotes":""},"tags":[],"frge_profile":[],"class_list":["post-20323","page","type-page","status-publish","has-post-thumbnail","hentry"],"yoast_head":"<!-- This site is optimized with the Yoast SEO plugin v27.1.1 - https:\/\/yoast.com\/product\/yoast-seo-wordpress\/ -->\n<title>Rente: Mitgliedschaft von Grenzg\u00e4ngern Frontaliers Grand Est<\/title>\n<meta name=\"description\" content=\"In Abh\u00e4ngigkeit von der H\u00f6he der Rente, die Sie beziehen, kann sich Ihre Sozialversicherung als Grenzrentner \u00e4ndern.\" \/>\n<meta name=\"robots\" content=\"index, follow, max-snippet:-1, max-image-preview:large, max-video-preview:-1\" \/>\n<link rel=\"canonical\" href=\"https:\/\/frontaliers-grandest.eu\/de\/startseite\/rente\/ihre-mitgliedschaft\/\" \/>\n<meta property=\"og:locale\" content=\"de_DE\" \/>\n<meta property=\"og:type\" content=\"article\" \/>\n<meta property=\"og:title\" content=\"Rente: Mitgliedschaft von Grenzg\u00e4ngern Frontaliers Grand Est\" \/>\n<meta property=\"og:description\" content=\"In Abh\u00e4ngigkeit von der H\u00f6he der Rente, die Sie beziehen, kann sich Ihre Sozialversicherung als Grenzrentner \u00e4ndern.\" \/>\n<meta property=\"og:url\" content=\"https:\/\/frontaliers-grandest.eu\/de\/startseite\/rente\/ihre-mitgliedschaft\/\" \/>\n<meta property=\"og:site_name\" content=\"Frontaliers Grand Est\" \/>\n<meta property=\"article:publisher\" content=\"https:\/\/www.facebook.com\/frontaliers.GR.EST\/?locale=fr_FR\" \/>\n<meta property=\"article:modified_time\" content=\"2022-08-29T15:10:01+00:00\" \/>\n<meta property=\"og:image\" content=\"https:\/\/frontaliers-grandest.eu\/wp-content\/uploads\/2022\/08\/Retraite.jpg\" \/>\n\t<meta property=\"og:image:width\" content=\"509\" \/>\n\t<meta property=\"og:image:height\" content=\"339\" \/>\n\t<meta property=\"og:image:type\" content=\"image\/jpeg\" \/>\n<meta name=\"twitter:card\" content=\"summary_large_image\" \/>\n<meta name=\"twitter:label1\" content=\"Gesch\u00e4tzte Lesezeit\" \/>\n\t<meta name=\"twitter:data1\" content=\"2\u00a0Minuten\" \/>\n<script type=\"application\/ld+json\" class=\"yoast-schema-graph\">{\"@context\":\"https:\/\/schema.org\",\"@graph\":[{\"@type\":\"WebPage\",\"@id\":\"https:\/\/frontaliers-grandest.eu\/de\/startseite\/rente\/ihre-mitgliedschaft\/\",\"url\":\"https:\/\/frontaliers-grandest.eu\/de\/startseite\/rente\/ihre-mitgliedschaft\/\",\"name\":\"Rente: Mitgliedschaft von Grenzg\u00e4ngern Frontaliers Grand Est\",\"isPartOf\":{\"@id\":\"https:\/\/frontaliers-grandest.eu\/de\/#website\"},\"primaryImageOfPage\":{\"@id\":\"https:\/\/frontaliers-grandest.eu\/de\/startseite\/rente\/ihre-mitgliedschaft\/#primaryimage\"},\"image\":{\"@id\":\"https:\/\/frontaliers-grandest.eu\/de\/startseite\/rente\/ihre-mitgliedschaft\/#primaryimage\"},\"thumbnailUrl\":\"https:\/\/frontaliers-grandest.eu\/wp-content\/uploads\/2022\/08\/Retraite.jpg\",\"datePublished\":\"2022-08-29T14:56:08+00:00\",\"dateModified\":\"2022-08-29T15:10:01+00:00\",\"description\":\"In Abh\u00e4ngigkeit von der H\u00f6he der Rente, die Sie beziehen, kann sich Ihre Sozialversicherung als Grenzrentner \u00e4ndern.\",\"breadcrumb\":{\"@id\":\"https:\/\/frontaliers-grandest.eu\/de\/startseite\/rente\/ihre-mitgliedschaft\/#breadcrumb\"},\"inLanguage\":\"de\",\"potentialAction\":[{\"@type\":\"ReadAction\",\"target\":[\"https:\/\/frontaliers-grandest.eu\/de\/startseite\/rente\/ihre-mitgliedschaft\/\"]}]},{\"@type\":\"ImageObject\",\"inLanguage\":\"de\",\"@id\":\"https:\/\/frontaliers-grandest.eu\/de\/startseite\/rente\/ihre-mitgliedschaft\/#primaryimage\",\"url\":\"https:\/\/frontaliers-grandest.eu\/wp-content\/uploads\/2022\/08\/Retraite.jpg\",\"contentUrl\":\"https:\/\/frontaliers-grandest.eu\/wp-content\/uploads\/2022\/08\/Retraite.jpg\",\"width\":509,\"height\":339,\"caption\":\"Senior couple looking at a laptop computer\"},{\"@type\":\"BreadcrumbList\",\"@id\":\"https:\/\/frontaliers-grandest.eu\/de\/startseite\/rente\/ihre-mitgliedschaft\/#breadcrumb\",\"itemListElement\":[{\"@type\":\"ListItem\",\"position\":1,\"name\":\"Startseite\",\"item\":\"https:\/\/frontaliers-grandest.eu\/de\/\"},{\"@type\":\"ListItem\",\"position\":2,\"name\":\"Grenzg\u00e4nger-Rente\",\"item\":\"https:\/\/frontaliers-grandest.eu\/de\/startseite\/rente\/\"},{\"@type\":\"ListItem\",\"position\":3,\"name\":\"Ihre Mitgliedschaft\"}]},{\"@type\":\"WebSite\",\"@id\":\"https:\/\/frontaliers-grandest.eu\/de\/#website\",\"url\":\"https:\/\/frontaliers-grandest.eu\/de\/\",\"name\":\"Frontaliers Grand Est\",\"description\":\"Le site ressource du travail frontalier\",\"publisher\":{\"@id\":\"https:\/\/frontaliers-grandest.eu\/de\/#organization\"},\"alternateName\":\"Frontaliers Grand Est\",\"potentialAction\":[{\"@type\":\"SearchAction\",\"target\":{\"@type\":\"EntryPoint\",\"urlTemplate\":\"https:\/\/frontaliers-grandest.eu\/de\/?s={search_term_string}\"},\"query-input\":{\"@type\":\"PropertyValueSpecification\",\"valueRequired\":true,\"valueName\":\"search_term_string\"}}],\"inLanguage\":\"de\"},{\"@type\":\"Organization\",\"@id\":\"https:\/\/frontaliers-grandest.eu\/de\/#organization\",\"name\":\"Frontaliers Grand Est\",\"alternateName\":\"Frontaliers Grand Est\",\"url\":\"https:\/\/frontaliers-grandest.eu\/de\/\",\"logo\":{\"@type\":\"ImageObject\",\"inLanguage\":\"de\",\"@id\":\"https:\/\/frontaliers-grandest.eu\/de\/#\/schema\/logo\/image\/\",\"url\":\"https:\/\/frontaliers-grandest.eu\/wp-content\/uploads\/2025\/07\/260328234_2966785176920310_3332838526503858160_n.jpg\",\"contentUrl\":\"https:\/\/frontaliers-grandest.eu\/wp-content\/uploads\/2025\/07\/260328234_2966785176920310_3332838526503858160_n.jpg\",\"width\":396,\"height\":396,\"caption\":\"Frontaliers Grand Est\"},\"image\":{\"@id\":\"https:\/\/frontaliers-grandest.eu\/de\/#\/schema\/logo\/image\/\"},\"sameAs\":[\"https:\/\/www.facebook.com\/frontaliers.GR.EST\/?locale=fr_FR\"]}]}<\/script>\n<!-- \/ Yoast SEO plugin. -->","yoast_head_json":{"title":"Rente: Mitgliedschaft von Grenzg\u00e4ngern Frontaliers Grand Est","description":"In Abh\u00e4ngigkeit von der H\u00f6he der Rente, die Sie beziehen, kann sich Ihre Sozialversicherung als Grenzrentner \u00e4ndern.","robots":{"index":"index","follow":"follow","max-snippet":"max-snippet:-1","max-image-preview":"max-image-preview:large","max-video-preview":"max-video-preview:-1"},"canonical":"https:\/\/frontaliers-grandest.eu\/de\/startseite\/rente\/ihre-mitgliedschaft\/","og_locale":"de_DE","og_type":"article","og_title":"Rente: Mitgliedschaft von Grenzg\u00e4ngern Frontaliers Grand Est","og_description":"In Abh\u00e4ngigkeit von der H\u00f6he der Rente, die Sie beziehen, kann sich Ihre Sozialversicherung als Grenzrentner \u00e4ndern.","og_url":"https:\/\/frontaliers-grandest.eu\/de\/startseite\/rente\/ihre-mitgliedschaft\/","og_site_name":"Frontaliers Grand Est","article_publisher":"https:\/\/www.facebook.com\/frontaliers.GR.EST\/?locale=fr_FR","article_modified_time":"2022-08-29T15:10:01+00:00","og_image":[{"width":509,"height":339,"url":"https:\/\/frontaliers-grandest.eu\/wp-content\/uploads\/2022\/08\/Retraite.jpg","type":"image\/jpeg"}],"twitter_card":"summary_large_image","twitter_misc":{"Gesch\u00e4tzte Lesezeit":"2\u00a0Minuten"},"schema":{"@context":"https:\/\/schema.org","@graph":[{"@type":"WebPage","@id":"https:\/\/frontaliers-grandest.eu\/de\/startseite\/rente\/ihre-mitgliedschaft\/","url":"https:\/\/frontaliers-grandest.eu\/de\/startseite\/rente\/ihre-mitgliedschaft\/","name":"Rente: Mitgliedschaft von Grenzg\u00e4ngern Frontaliers Grand Est","isPartOf":{"@id":"https:\/\/frontaliers-grandest.eu\/de\/#website"},"primaryImageOfPage":{"@id":"https:\/\/frontaliers-grandest.eu\/de\/startseite\/rente\/ihre-mitgliedschaft\/#primaryimage"},"image":{"@id":"https:\/\/frontaliers-grandest.eu\/de\/startseite\/rente\/ihre-mitgliedschaft\/#primaryimage"},"thumbnailUrl":"https:\/\/frontaliers-grandest.eu\/wp-content\/uploads\/2022\/08\/Retraite.jpg","datePublished":"2022-08-29T14:56:08+00:00","dateModified":"2022-08-29T15:10:01+00:00","description":"In Abh\u00e4ngigkeit von der H\u00f6he der Rente, die Sie beziehen, kann sich Ihre Sozialversicherung als Grenzrentner \u00e4ndern.","breadcrumb":{"@id":"https:\/\/frontaliers-grandest.eu\/de\/startseite\/rente\/ihre-mitgliedschaft\/#breadcrumb"},"inLanguage":"de","potentialAction":[{"@type":"ReadAction","target":["https:\/\/frontaliers-grandest.eu\/de\/startseite\/rente\/ihre-mitgliedschaft\/"]}]},{"@type":"ImageObject","inLanguage":"de","@id":"https:\/\/frontaliers-grandest.eu\/de\/startseite\/rente\/ihre-mitgliedschaft\/#primaryimage","url":"https:\/\/frontaliers-grandest.eu\/wp-content\/uploads\/2022\/08\/Retraite.jpg","contentUrl":"https:\/\/frontaliers-grandest.eu\/wp-content\/uploads\/2022\/08\/Retraite.jpg","width":509,"height":339,"caption":"Senior couple looking at a laptop computer"},{"@type":"BreadcrumbList","@id":"https:\/\/frontaliers-grandest.eu\/de\/startseite\/rente\/ihre-mitgliedschaft\/#breadcrumb","itemListElement":[{"@type":"ListItem","position":1,"name":"Startseite","item":"https:\/\/frontaliers-grandest.eu\/de\/"},{"@type":"ListItem","position":2,"name":"Grenzg\u00e4nger-Rente","item":"https:\/\/frontaliers-grandest.eu\/de\/startseite\/rente\/"},{"@type":"ListItem","position":3,"name":"Ihre Mitgliedschaft"}]},{"@type":"WebSite","@id":"https:\/\/frontaliers-grandest.eu\/de\/#website","url":"https:\/\/frontaliers-grandest.eu\/de\/","name":"Frontaliers Grand Est","description":"Le site ressource du travail frontalier","publisher":{"@id":"https:\/\/frontaliers-grandest.eu\/de\/#organization"},"alternateName":"Frontaliers Grand Est","potentialAction":[{"@type":"SearchAction","target":{"@type":"EntryPoint","urlTemplate":"https:\/\/frontaliers-grandest.eu\/de\/?s={search_term_string}"},"query-input":{"@type":"PropertyValueSpecification","valueRequired":true,"valueName":"search_term_string"}}],"inLanguage":"de"},{"@type":"Organization","@id":"https:\/\/frontaliers-grandest.eu\/de\/#organization","name":"Frontaliers Grand Est","alternateName":"Frontaliers Grand Est","url":"https:\/\/frontaliers-grandest.eu\/de\/","logo":{"@type":"ImageObject","inLanguage":"de","@id":"https:\/\/frontaliers-grandest.eu\/de\/#\/schema\/logo\/image\/","url":"https:\/\/frontaliers-grandest.eu\/wp-content\/uploads\/2025\/07\/260328234_2966785176920310_3332838526503858160_n.jpg","contentUrl":"https:\/\/frontaliers-grandest.eu\/wp-content\/uploads\/2025\/07\/260328234_2966785176920310_3332838526503858160_n.jpg","width":396,"height":396,"caption":"Frontaliers Grand Est"},"image":{"@id":"https:\/\/frontaliers-grandest.eu\/de\/#\/schema\/logo\/image\/"},"sameAs":["https:\/\/www.facebook.com\/frontaliers.GR.EST\/?locale=fr_FR"]}]}},"frge_page_order":0,"_links":{"self":[{"href":"https:\/\/frontaliers-grandest.eu\/de\/wp-json\/wp\/v2\/pages\/20323","targetHints":{"allow":["GET"]}}],"collection":[{"href":"https:\/\/frontaliers-grandest.eu\/de\/wp-json\/wp\/v2\/pages"}],"about":[{"href":"https:\/\/frontaliers-grandest.eu\/de\/wp-json\/wp\/v2\/types\/page"}],"author":[{"embeddable":true,"href":"https:\/\/frontaliers-grandest.eu\/de\/wp-json\/wp\/v2\/users\/4"}],"replies":[{"embeddable":true,"href":"https:\/\/frontaliers-grandest.eu\/de\/wp-json\/wp\/v2\/comments?post=20323"}],"version-history":[{"count":5,"href":"https:\/\/frontaliers-grandest.eu\/de\/wp-json\/wp\/v2\/pages\/20323\/revisions"}],"predecessor-version":[{"id":20332,"href":"https:\/\/frontaliers-grandest.eu\/de\/wp-json\/wp\/v2\/pages\/20323\/revisions\/20332"}],"up":[{"embeddable":true,"href":"https:\/\/frontaliers-grandest.eu\/de\/wp-json\/wp\/v2\/pages\/20155"}],"wp:featuredmedia":[{"embeddable":true,"href":"https:\/\/frontaliers-grandest.eu\/de\/wp-json\/wp\/v2\/media\/20333"}],"wp:attachment":[{"href":"https:\/\/frontaliers-grandest.eu\/de\/wp-json\/wp\/v2\/media?parent=20323"}],"wp:term":[{"taxonomy":"post_tag","embeddable":true,"href":"https:\/\/frontaliers-grandest.eu\/de\/wp-json\/wp\/v2\/tags?post=20323"},{"taxonomy":"frge_profile","embeddable":true,"href":"https:\/\/frontaliers-grandest.eu\/de\/wp-json\/wp\/v2\/frge_profile?post=20323"}],"curies":[{"name":"wp","href":"https:\/\/api.w.org\/{rel}","templated":true}]}}