{"id":20291,"date":"2022-08-29T16:37:47","date_gmt":"2022-08-29T14:37:47","guid":{"rendered":"https:\/\/frontaliers-grandest.eu\/startseite\/rente\/rentenantrag-3\/"},"modified":"2023-10-10T06:37:45","modified_gmt":"2023-10-10T04:37:45","slug":"rentenantrag","status":"publish","type":"page","link":"https:\/\/frontaliers-grandest.eu\/de\/startseite\/rente\/rentenantrag\/","title":{"rendered":"Rentenantrag"},"content":{"rendered":"\n<p>Um ihre nationale oder internationale Rente zu beantragen, wenden sich Versicherte in der Europ\u00e4ischen Union direkt an ihre Rentenkasse an ihrem Wohnort. <strong>Das bedeutet, dass Sie Ihre Rentenantragsunterlagen an die zust\u00e4ndige Rentenversicherungskasse an Ihrem Wohnort schicken m\u00fcssen.<\/strong><\/p>\n\n\n\n<p><strong>Sie haben zwei Jahre in Deutschland, drei Jahre in Belgien, sieben Jahre in Luxemburg und ein Jahr in Frankreich gearbeitet?<\/strong> Dann schicken Sie Ihren Rentenantrag an die zust\u00e4ndige franz\u00f6sische Rentenkasse, wenn Sie in Frankreich ans\u00e4ssig sind!<\/p>\n\n\n\n<p>Diese wird dann Ihre Unterlagen direkt an die anderen nationalen Rentenkassen der L\u00e4nder weiterleiten, in denen Sie besch\u00e4ftigt waren. Jede Kasse pr\u00fcft dann auf der Basis der jeweiligen nationalen Gesetze, ob ein Recht auf Rentenzahlung vorliegt.<\/p>\n\n\n\n<p>In Frankreich kann dieser Antrag direkt online gestellt werden:<br><a href=\"https:\/\/www.mademandederetraitenligne.fr\/\" target=\"_blank\" rel=\"noreferrer noopener\">https:\/\/www.mademandederetraitenligne.fr\/<\/a><\/p>\n\n\n\n<p>Die Antragstellung kann aber auch anhand eines Formulars erfolgen, das unter dem folgenden Link zur Verf\u00fcgung steht:<br><a href=\"https:\/\/www.lassuranceretraite.fr\/portail-info\/home\/actif\/salarie\/documents-utiles\/formulaires.html\" target=\"_blank\" rel=\"noreferrer noopener\">https:\/\/www.lassuranceretraite.fr\/portail-info\/home\/actif\/salarie\/documents-utiles\/formulaires.html<\/a><\/p>\n","protected":false},"excerpt":{"rendered":"<p>Um ihre nationale oder internationale Rente zu beantragen, wenden sich Versicherte in der Europ\u00e4ischen Union direkt an ihre Rentenkasse an ihrem Wohnort. Das bedeutet, dass Sie Ihre Rentenantragsunterlagen an die zust\u00e4ndige Rentenversicherungskasse an Ihrem Wohnort schicken m\u00fcssen. Sie haben zwei Jahre in Deutschland, drei Jahre in Belgien, sieben Jahre in Luxemburg und ein Jahr in [&hellip;]<\/p>\n","protected":false},"author":4,"featured_media":20320,"parent":20155,"menu_order":1,"comment_status":"closed","ping_status":"closed","template":"","meta":{"inline_featured_image":false,"footnotes":""},"tags":[],"frge_profile":[],"class_list":["post-20291","page","type-page","status-publish","has-post-thumbnail","hentry"],"yoast_head":"<!-- This site is optimized with the Yoast SEO plugin v27.1.1 - https:\/\/yoast.com\/product\/yoast-seo-wordpress\/ -->\n<title>Antrag auf Altersrente von Grenzg\u00e4ngern, wie machen wir das? Frontaliers Grand Est<\/title>\n<meta name=\"description\" content=\"Um Ihre Grenzrente zu beantragen, m\u00fcssen Sie Ihren Antrag ausschliesslich an das Land richten, in dem Sie wohnen.\" \/>\n<meta name=\"robots\" content=\"index, follow, max-snippet:-1, max-image-preview:large, max-video-preview:-1\" \/>\n<link rel=\"canonical\" href=\"https:\/\/frontaliers-grandest.eu\/de\/startseite\/rente\/rentenantrag\/\" \/>\n<meta property=\"og:locale\" content=\"de_DE\" \/>\n<meta property=\"og:type\" content=\"article\" \/>\n<meta property=\"og:title\" content=\"Antrag auf Altersrente von Grenzg\u00e4ngern, wie machen wir das? Frontaliers Grand Est\" \/>\n<meta property=\"og:description\" content=\"Um Ihre Grenzrente zu beantragen, m\u00fcssen Sie Ihren Antrag ausschliesslich an das Land richten, in dem Sie wohnen.\" \/>\n<meta property=\"og:url\" content=\"https:\/\/frontaliers-grandest.eu\/de\/startseite\/rente\/rentenantrag\/\" \/>\n<meta property=\"og:site_name\" content=\"Frontaliers Grand Est\" \/>\n<meta property=\"article:publisher\" content=\"https:\/\/www.facebook.com\/frontaliers.GR.EST\/?locale=fr_FR\" \/>\n<meta property=\"article:modified_time\" content=\"2023-10-10T04:37:45+00:00\" \/>\n<meta property=\"og:image\" content=\"https:\/\/frontaliers-grandest.eu\/wp-content\/uploads\/2022\/08\/hand-logs-in-to-laptop-1200x800-1.jpg\" \/>\n\t<meta property=\"og:image:width\" content=\"1200\" \/>\n\t<meta property=\"og:image:height\" content=\"800\" \/>\n\t<meta property=\"og:image:type\" content=\"image\/jpeg\" \/>\n<meta name=\"twitter:card\" content=\"summary_large_image\" \/>\n<meta name=\"twitter:label1\" content=\"Gesch\u00e4tzte Lesezeit\" \/>\n\t<meta name=\"twitter:data1\" content=\"1\u00a0Minute\" \/>\n<script type=\"application\/ld+json\" class=\"yoast-schema-graph\">{\"@context\":\"https:\/\/schema.org\",\"@graph\":[{\"@type\":\"WebPage\",\"@id\":\"https:\/\/frontaliers-grandest.eu\/de\/startseite\/rente\/rentenantrag\/\",\"url\":\"https:\/\/frontaliers-grandest.eu\/de\/startseite\/rente\/rentenantrag\/\",\"name\":\"Antrag auf Altersrente von Grenzg\u00e4ngern, wie machen wir das? Frontaliers Grand Est\",\"isPartOf\":{\"@id\":\"https:\/\/frontaliers-grandest.eu\/de\/#website\"},\"primaryImageOfPage\":{\"@id\":\"https:\/\/frontaliers-grandest.eu\/de\/startseite\/rente\/rentenantrag\/#primaryimage\"},\"image\":{\"@id\":\"https:\/\/frontaliers-grandest.eu\/de\/startseite\/rente\/rentenantrag\/#primaryimage\"},\"thumbnailUrl\":\"https:\/\/frontaliers-grandest.eu\/wp-content\/uploads\/2022\/08\/hand-logs-in-to-laptop-1200x800-1.jpg\",\"datePublished\":\"2022-08-29T14:37:47+00:00\",\"dateModified\":\"2023-10-10T04:37:45+00:00\",\"description\":\"Um Ihre Grenzrente zu beantragen, m\u00fcssen Sie Ihren Antrag ausschliesslich an das Land richten, in dem Sie wohnen.\",\"breadcrumb\":{\"@id\":\"https:\/\/frontaliers-grandest.eu\/de\/startseite\/rente\/rentenantrag\/#breadcrumb\"},\"inLanguage\":\"de\",\"potentialAction\":[{\"@type\":\"ReadAction\",\"target\":[\"https:\/\/frontaliers-grandest.eu\/de\/startseite\/rente\/rentenantrag\/\"]}]},{\"@type\":\"ImageObject\",\"inLanguage\":\"de\",\"@id\":\"https:\/\/frontaliers-grandest.eu\/de\/startseite\/rente\/rentenantrag\/#primaryimage\",\"url\":\"https:\/\/frontaliers-grandest.eu\/wp-content\/uploads\/2022\/08\/hand-logs-in-to-laptop-1200x800-1.jpg\",\"contentUrl\":\"https:\/\/frontaliers-grandest.eu\/wp-content\/uploads\/2022\/08\/hand-logs-in-to-laptop-1200x800-1.jpg\",\"width\":1200,\"height\":800},{\"@type\":\"BreadcrumbList\",\"@id\":\"https:\/\/frontaliers-grandest.eu\/de\/startseite\/rente\/rentenantrag\/#breadcrumb\",\"itemListElement\":[{\"@type\":\"ListItem\",\"position\":1,\"name\":\"Startseite\",\"item\":\"https:\/\/frontaliers-grandest.eu\/de\/\"},{\"@type\":\"ListItem\",\"position\":2,\"name\":\"Grenzg\u00e4nger-Rente\",\"item\":\"https:\/\/frontaliers-grandest.eu\/de\/startseite\/rente\/\"},{\"@type\":\"ListItem\",\"position\":3,\"name\":\"Rentenantrag\"}]},{\"@type\":\"WebSite\",\"@id\":\"https:\/\/frontaliers-grandest.eu\/de\/#website\",\"url\":\"https:\/\/frontaliers-grandest.eu\/de\/\",\"name\":\"Frontaliers Grand Est\",\"description\":\"Le site ressource du travail frontalier\",\"publisher\":{\"@id\":\"https:\/\/frontaliers-grandest.eu\/de\/#organization\"},\"alternateName\":\"Frontaliers Grand Est\",\"potentialAction\":[{\"@type\":\"SearchAction\",\"target\":{\"@type\":\"EntryPoint\",\"urlTemplate\":\"https:\/\/frontaliers-grandest.eu\/de\/?s={search_term_string}\"},\"query-input\":{\"@type\":\"PropertyValueSpecification\",\"valueRequired\":true,\"valueName\":\"search_term_string\"}}],\"inLanguage\":\"de\"},{\"@type\":\"Organization\",\"@id\":\"https:\/\/frontaliers-grandest.eu\/de\/#organization\",\"name\":\"Frontaliers Grand Est\",\"alternateName\":\"Frontaliers Grand Est\",\"url\":\"https:\/\/frontaliers-grandest.eu\/de\/\",\"logo\":{\"@type\":\"ImageObject\",\"inLanguage\":\"de\",\"@id\":\"https:\/\/frontaliers-grandest.eu\/de\/#\/schema\/logo\/image\/\",\"url\":\"https:\/\/frontaliers-grandest.eu\/wp-content\/uploads\/2025\/07\/260328234_2966785176920310_3332838526503858160_n.jpg\",\"contentUrl\":\"https:\/\/frontaliers-grandest.eu\/wp-content\/uploads\/2025\/07\/260328234_2966785176920310_3332838526503858160_n.jpg\",\"width\":396,\"height\":396,\"caption\":\"Frontaliers Grand Est\"},\"image\":{\"@id\":\"https:\/\/frontaliers-grandest.eu\/de\/#\/schema\/logo\/image\/\"},\"sameAs\":[\"https:\/\/www.facebook.com\/frontaliers.GR.EST\/?locale=fr_FR\"]}]}<\/script>\n<!-- \/ Yoast SEO plugin. -->","yoast_head_json":{"title":"Antrag auf Altersrente von Grenzg\u00e4ngern, wie machen wir das? Frontaliers Grand Est","description":"Um Ihre Grenzrente zu beantragen, m\u00fcssen Sie Ihren Antrag ausschliesslich an das Land richten, in dem Sie wohnen.","robots":{"index":"index","follow":"follow","max-snippet":"max-snippet:-1","max-image-preview":"max-image-preview:large","max-video-preview":"max-video-preview:-1"},"canonical":"https:\/\/frontaliers-grandest.eu\/de\/startseite\/rente\/rentenantrag\/","og_locale":"de_DE","og_type":"article","og_title":"Antrag auf Altersrente von Grenzg\u00e4ngern, wie machen wir das? Frontaliers Grand Est","og_description":"Um Ihre Grenzrente zu beantragen, m\u00fcssen Sie Ihren Antrag ausschliesslich an das Land richten, in dem Sie wohnen.","og_url":"https:\/\/frontaliers-grandest.eu\/de\/startseite\/rente\/rentenantrag\/","og_site_name":"Frontaliers Grand Est","article_publisher":"https:\/\/www.facebook.com\/frontaliers.GR.EST\/?locale=fr_FR","article_modified_time":"2023-10-10T04:37:45+00:00","og_image":[{"width":1200,"height":800,"url":"https:\/\/frontaliers-grandest.eu\/wp-content\/uploads\/2022\/08\/hand-logs-in-to-laptop-1200x800-1.jpg","type":"image\/jpeg"}],"twitter_card":"summary_large_image","twitter_misc":{"Gesch\u00e4tzte Lesezeit":"1\u00a0Minute"},"schema":{"@context":"https:\/\/schema.org","@graph":[{"@type":"WebPage","@id":"https:\/\/frontaliers-grandest.eu\/de\/startseite\/rente\/rentenantrag\/","url":"https:\/\/frontaliers-grandest.eu\/de\/startseite\/rente\/rentenantrag\/","name":"Antrag auf Altersrente von Grenzg\u00e4ngern, wie machen wir das? Frontaliers Grand Est","isPartOf":{"@id":"https:\/\/frontaliers-grandest.eu\/de\/#website"},"primaryImageOfPage":{"@id":"https:\/\/frontaliers-grandest.eu\/de\/startseite\/rente\/rentenantrag\/#primaryimage"},"image":{"@id":"https:\/\/frontaliers-grandest.eu\/de\/startseite\/rente\/rentenantrag\/#primaryimage"},"thumbnailUrl":"https:\/\/frontaliers-grandest.eu\/wp-content\/uploads\/2022\/08\/hand-logs-in-to-laptop-1200x800-1.jpg","datePublished":"2022-08-29T14:37:47+00:00","dateModified":"2023-10-10T04:37:45+00:00","description":"Um Ihre Grenzrente zu beantragen, m\u00fcssen Sie Ihren Antrag ausschliesslich an das Land richten, in dem Sie wohnen.","breadcrumb":{"@id":"https:\/\/frontaliers-grandest.eu\/de\/startseite\/rente\/rentenantrag\/#breadcrumb"},"inLanguage":"de","potentialAction":[{"@type":"ReadAction","target":["https:\/\/frontaliers-grandest.eu\/de\/startseite\/rente\/rentenantrag\/"]}]},{"@type":"ImageObject","inLanguage":"de","@id":"https:\/\/frontaliers-grandest.eu\/de\/startseite\/rente\/rentenantrag\/#primaryimage","url":"https:\/\/frontaliers-grandest.eu\/wp-content\/uploads\/2022\/08\/hand-logs-in-to-laptop-1200x800-1.jpg","contentUrl":"https:\/\/frontaliers-grandest.eu\/wp-content\/uploads\/2022\/08\/hand-logs-in-to-laptop-1200x800-1.jpg","width":1200,"height":800},{"@type":"BreadcrumbList","@id":"https:\/\/frontaliers-grandest.eu\/de\/startseite\/rente\/rentenantrag\/#breadcrumb","itemListElement":[{"@type":"ListItem","position":1,"name":"Startseite","item":"https:\/\/frontaliers-grandest.eu\/de\/"},{"@type":"ListItem","position":2,"name":"Grenzg\u00e4nger-Rente","item":"https:\/\/frontaliers-grandest.eu\/de\/startseite\/rente\/"},{"@type":"ListItem","position":3,"name":"Rentenantrag"}]},{"@type":"WebSite","@id":"https:\/\/frontaliers-grandest.eu\/de\/#website","url":"https:\/\/frontaliers-grandest.eu\/de\/","name":"Frontaliers Grand Est","description":"Le site ressource du travail frontalier","publisher":{"@id":"https:\/\/frontaliers-grandest.eu\/de\/#organization"},"alternateName":"Frontaliers Grand Est","potentialAction":[{"@type":"SearchAction","target":{"@type":"EntryPoint","urlTemplate":"https:\/\/frontaliers-grandest.eu\/de\/?s={search_term_string}"},"query-input":{"@type":"PropertyValueSpecification","valueRequired":true,"valueName":"search_term_string"}}],"inLanguage":"de"},{"@type":"Organization","@id":"https:\/\/frontaliers-grandest.eu\/de\/#organization","name":"Frontaliers Grand Est","alternateName":"Frontaliers Grand Est","url":"https:\/\/frontaliers-grandest.eu\/de\/","logo":{"@type":"ImageObject","inLanguage":"de","@id":"https:\/\/frontaliers-grandest.eu\/de\/#\/schema\/logo\/image\/","url":"https:\/\/frontaliers-grandest.eu\/wp-content\/uploads\/2025\/07\/260328234_2966785176920310_3332838526503858160_n.jpg","contentUrl":"https:\/\/frontaliers-grandest.eu\/wp-content\/uploads\/2025\/07\/260328234_2966785176920310_3332838526503858160_n.jpg","width":396,"height":396,"caption":"Frontaliers Grand Est"},"image":{"@id":"https:\/\/frontaliers-grandest.eu\/de\/#\/schema\/logo\/image\/"},"sameAs":["https:\/\/www.facebook.com\/frontaliers.GR.EST\/?locale=fr_FR"]}]}},"frge_page_order":0,"_links":{"self":[{"href":"https:\/\/frontaliers-grandest.eu\/de\/wp-json\/wp\/v2\/pages\/20291","targetHints":{"allow":["GET"]}}],"collection":[{"href":"https:\/\/frontaliers-grandest.eu\/de\/wp-json\/wp\/v2\/pages"}],"about":[{"href":"https:\/\/frontaliers-grandest.eu\/de\/wp-json\/wp\/v2\/types\/page"}],"author":[{"embeddable":true,"href":"https:\/\/frontaliers-grandest.eu\/de\/wp-json\/wp\/v2\/users\/4"}],"replies":[{"embeddable":true,"href":"https:\/\/frontaliers-grandest.eu\/de\/wp-json\/wp\/v2\/comments?post=20291"}],"version-history":[{"count":8,"href":"https:\/\/frontaliers-grandest.eu\/de\/wp-json\/wp\/v2\/pages\/20291\/revisions"}],"predecessor-version":[{"id":30724,"href":"https:\/\/frontaliers-grandest.eu\/de\/wp-json\/wp\/v2\/pages\/20291\/revisions\/30724"}],"up":[{"embeddable":true,"href":"https:\/\/frontaliers-grandest.eu\/de\/wp-json\/wp\/v2\/pages\/20155"}],"wp:featuredmedia":[{"embeddable":true,"href":"https:\/\/frontaliers-grandest.eu\/de\/wp-json\/wp\/v2\/media\/20320"}],"wp:attachment":[{"href":"https:\/\/frontaliers-grandest.eu\/de\/wp-json\/wp\/v2\/media?parent=20291"}],"wp:term":[{"taxonomy":"post_tag","embeddable":true,"href":"https:\/\/frontaliers-grandest.eu\/de\/wp-json\/wp\/v2\/tags?post=20291"},{"taxonomy":"frge_profile","embeddable":true,"href":"https:\/\/frontaliers-grandest.eu\/de\/wp-json\/wp\/v2\/frge_profile?post=20291"}],"curies":[{"name":"wp","href":"https:\/\/api.w.org\/{rel}","templated":true}]}}