{"id":20218,"date":"2022-08-26T16:42:44","date_gmt":"2022-08-26T14:42:44","guid":{"rendered":"https:\/\/frontaliers-grandest.eu\/startseite\/rente\/renteneintrittsalter\/das-renteneintrittsalter-in-deutschland\/"},"modified":"2024-07-25T15:27:20","modified_gmt":"2024-07-25T13:27:20","slug":"in-deutschland","status":"publish","type":"page","link":"https:\/\/frontaliers-grandest.eu\/de\/startseite\/rente\/renteneintrittsalter\/in-deutschland\/","title":{"rendered":"Das Renteneintrittsalter in Deutschland"},"content":{"rendered":"\n<p>Das gesetzliche Renteneintrittsalter h\u00e4ngt vom Geburtsjahr des Versicherten ab.<\/p>\n\n\n\n<p>Es steigt schrittweise von 65 auf 67 Jahre im Jahr 2029.<\/p>\n\n\n\n<p>Wenn Sie genau wissen wollen, ab wann Sie eine deutsche Rente beziehen k\u00f6nnen, k\u00f6nnen Sie ab Ihrem 55. Lebensjahr bei der Deutschen Rentenversicherung eine Rentensch\u00e4tzung beantragen (<a href=\"http:\/\/www.deutsche-rentenversicherung.de\">www.deutsche-rentenversicherung.de<\/a>).<\/p>\n\n\n\n<figure class=\"wp-block-table is-style-regular\"><table><tbody><tr><td><strong>Geburtsjahr<\/strong><\/td><td><strong>Gesetzliches Renteneintrittsalter<\/strong><\/td><\/tr><tr><td>1953<\/td><td>65 Jahre und 7 Monate<\/td><\/tr><tr><td>1954<\/td><td>65 Jahre und 8 Monate<\/td><\/tr><tr><td>1955<\/td><td>65 Jahre und 9 Monate<\/td><\/tr><tr><td>1956<\/td><td>65 Jahre und 10 Monate<\/td><\/tr><tr><td>1957<\/td><td>65 Jahre und 11 Monate<\/td><\/tr><tr><td>1958<\/td><td>66 Jahre<\/td><\/tr><tr><td>1959<\/td><td>66 Jahre und 2 Monate<\/td><\/tr><tr><td>1960<\/td><td>66 Jahre und 4 Monate<\/td><\/tr><tr><td>1961<\/td><td>66 Jahre und 6 Monate<\/td><\/tr><tr><td>1962<\/td><td>66 Jahre und 8 Monate<\/td><\/tr><tr><td>1963<\/td><td>66 Jahre und 10 Monate<\/td><\/tr><tr><td>1964<\/td><td>67 Jahre<\/td><\/tr><\/tbody><\/table><\/figure>\n\n\n\n<p>Um eine ungek\u00fcrzte Rente zu erhalten, m\u00fcssen Sie zum gesetzlichen Renteneintrittsalter in Rente gehen.<\/p>\n\n\n\n<p>Daneben m\u00fcssen Sie in Deutschland eine Mindestversicherungszeit von 5 Jahren nachweisen. Von diesen 5 Jahren m\u00fcssen Sie mindestens 1 Jahr in Deutschland versichert gewesen sein. Das bedeutet, dass Sie eine Versicherungszeit von 60 Monaten ben\u00f6tigen, um eine Rente zum vollen Satz zu erhalten.<\/p>\n\n\n\n<h2 class=\"wp-block-heading\">VORRUHESTAND<\/h2>\n\n\n\n<p>Sie k\u00f6nnen vor Erreichung des gesetzlichen Renteneintrittsalters in Rente gehen. Allerdings hat das in den meisten F\u00e4llen Abschl\u00e4ge von der eigentlichen Rentenh\u00f6he zur Folge.<\/p>\n\n\n\n<p>Dieser Abschlag betr\u00e4gt f\u00fcr jeden vorgezogenen Rentenmonat 0,3 % von der Rentenh\u00f6he.<\/p>\n\n\n\n<figure class=\"wp-block-pullquote has-blue-color has-text-color\"><blockquote><p><strong>Der Antrag kann gestellt werden<\/strong>:<\/p><p>\u2022 ab 60 Jahre und 1 Monat f\u00fcr Schwerbehinderte (Behinderungsgrad mindestens 50 %), die mindestens 35 Versicherungsjahre nachweisen k\u00f6nnen. F\u00fcr Personen, die ab 1952 geboren sind, wird das Mindestalter f\u00fcr die Antragstellung schrittweise auf 62 Jahre angehoben, wobei Abschl\u00e4ge m\u00f6glich sind;<\/p><p>\u2022 ab 63 Jahre f\u00fcr alle Versicherten, die eine Mindestversicherungszeit von 35 Jahren nachweisen k\u00f6nnen.<\/p><\/blockquote><\/figure>\n\n\n\n<p>In bestimmten, gesetzlich festgelegten F\u00e4llen kann der Versicherte eine abschlagfreie Vorruhestandsrente beantragen.<\/p>\n\n\n\n<p>Der Antrag kann dann gestellt werden:<\/p>\n\n\n\n<p>\u2022 ab 63 Jahre und 1 Monat f\u00fcr Schwerbehinderte (Behinderungsgrad mindestens 50 %), die mindestens 35 Versicherungsjahre nachweisen k\u00f6nnen. F\u00fcr Personen die ab 1952 geboren sind, wird das Alter schrittweise auf 65 Jahre angehoben.<\/p>\n\n\n\n<p>\u2022 ab 65 Jahre, wenn der Versicherte w\u00e4hrend seiner Besch\u00e4ftigungszeiten 45 Pflichtversicherungsjahre nachweist, wobei in diesem Fall auch Kindererziehungszeiten bei Kindern unter 10 Jahren ber\u00fccksichtigt werden.<\/p>\n","protected":false},"excerpt":{"rendered":"<p>Das gesetzliche Renteneintrittsalter h\u00e4ngt vom Geburtsjahr des Versicherten ab. Es steigt schrittweise von 65 auf 67 Jahre im Jahr 2029. Wenn Sie genau wissen wollen, ab wann Sie eine deutsche Rente beziehen k\u00f6nnen, k\u00f6nnen Sie ab Ihrem 55. Lebensjahr bei der Deutschen Rentenversicherung eine Rentensch\u00e4tzung beantragen (www.deutsche-rentenversicherung.de). Geburtsjahr Gesetzliches Renteneintrittsalter 1953 65 Jahre und 7 [&hellip;]<\/p>\n","protected":false},"author":4,"featured_media":20354,"parent":20170,"menu_order":0,"comment_status":"closed","ping_status":"closed","template":"","meta":{"inline_featured_image":false,"footnotes":""},"tags":[],"frge_profile":[],"class_list":["post-20218","page","type-page","status-publish","has-post-thumbnail","hentry"],"yoast_head":"<!-- This site is optimized with the Yoast SEO plugin v27.1.1 - https:\/\/yoast.com\/product\/yoast-seo-wordpress\/ -->\n<title>Das Renteneintrittsalter in Deutschland<\/title>\n<meta name=\"description\" content=\"Sie m\u00f6chten Ihre deutsche Rente beziehen? Ihre Arbeitsdauer und Ihr Geburtsjahr sind ausschlaggebend.\" \/>\n<meta name=\"robots\" content=\"index, follow, max-snippet:-1, max-image-preview:large, max-video-preview:-1\" \/>\n<link rel=\"canonical\" href=\"https:\/\/frontaliers-grandest.eu\/de\/startseite\/rente\/renteneintrittsalter\/in-deutschland\/\" \/>\n<meta property=\"og:locale\" content=\"de_DE\" \/>\n<meta property=\"og:type\" content=\"article\" \/>\n<meta property=\"og:title\" content=\"Das Renteneintrittsalter in Deutschland\" \/>\n<meta property=\"og:description\" content=\"Sie m\u00f6chten Ihre deutsche Rente beziehen? Ihre Arbeitsdauer und Ihr Geburtsjahr sind ausschlaggebend.\" \/>\n<meta property=\"og:url\" content=\"https:\/\/frontaliers-grandest.eu\/de\/startseite\/rente\/renteneintrittsalter\/in-deutschland\/\" \/>\n<meta property=\"og:site_name\" content=\"Frontaliers Grand Est\" \/>\n<meta property=\"article:publisher\" content=\"https:\/\/www.facebook.com\/frontaliers.GR.EST\/?locale=fr_FR\" \/>\n<meta property=\"article:modified_time\" content=\"2024-07-25T13:27:20+00:00\" \/>\n<meta property=\"og:image\" content=\"https:\/\/frontaliers-grandest.eu\/wp-content\/uploads\/2022\/08\/JHABITE-EN-France-JE-TRAVAILLE-EN-ALLEMAGNE.jpg\" \/>\n\t<meta property=\"og:image:width\" content=\"508\" \/>\n\t<meta property=\"og:image:height\" content=\"339\" \/>\n\t<meta property=\"og:image:type\" content=\"image\/jpeg\" \/>\n<meta name=\"twitter:card\" content=\"summary_large_image\" \/>\n<meta name=\"twitter:label1\" content=\"Gesch\u00e4tzte Lesezeit\" \/>\n\t<meta name=\"twitter:data1\" content=\"2\u00a0Minuten\" \/>\n<script type=\"application\/ld+json\" class=\"yoast-schema-graph\">{\"@context\":\"https:\/\/schema.org\",\"@graph\":[{\"@type\":\"WebPage\",\"@id\":\"https:\/\/frontaliers-grandest.eu\/de\/startseite\/rente\/renteneintrittsalter\/in-deutschland\/\",\"url\":\"https:\/\/frontaliers-grandest.eu\/de\/startseite\/rente\/renteneintrittsalter\/in-deutschland\/\",\"name\":\"Das Renteneintrittsalter in Deutschland\",\"isPartOf\":{\"@id\":\"https:\/\/frontaliers-grandest.eu\/de\/#website\"},\"primaryImageOfPage\":{\"@id\":\"https:\/\/frontaliers-grandest.eu\/de\/startseite\/rente\/renteneintrittsalter\/in-deutschland\/#primaryimage\"},\"image\":{\"@id\":\"https:\/\/frontaliers-grandest.eu\/de\/startseite\/rente\/renteneintrittsalter\/in-deutschland\/#primaryimage\"},\"thumbnailUrl\":\"https:\/\/frontaliers-grandest.eu\/wp-content\/uploads\/2022\/08\/JHABITE-EN-France-JE-TRAVAILLE-EN-ALLEMAGNE.jpg\",\"datePublished\":\"2022-08-26T14:42:44+00:00\",\"dateModified\":\"2024-07-25T13:27:20+00:00\",\"description\":\"Sie m\u00f6chten Ihre deutsche Rente beziehen? Ihre Arbeitsdauer und Ihr Geburtsjahr sind ausschlaggebend.\",\"breadcrumb\":{\"@id\":\"https:\/\/frontaliers-grandest.eu\/de\/startseite\/rente\/renteneintrittsalter\/in-deutschland\/#breadcrumb\"},\"inLanguage\":\"de\",\"potentialAction\":[{\"@type\":\"ReadAction\",\"target\":[\"https:\/\/frontaliers-grandest.eu\/de\/startseite\/rente\/renteneintrittsalter\/in-deutschland\/\"]}]},{\"@type\":\"ImageObject\",\"inLanguage\":\"de\",\"@id\":\"https:\/\/frontaliers-grandest.eu\/de\/startseite\/rente\/renteneintrittsalter\/in-deutschland\/#primaryimage\",\"url\":\"https:\/\/frontaliers-grandest.eu\/wp-content\/uploads\/2022\/08\/JHABITE-EN-France-JE-TRAVAILLE-EN-ALLEMAGNE.jpg\",\"contentUrl\":\"https:\/\/frontaliers-grandest.eu\/wp-content\/uploads\/2022\/08\/JHABITE-EN-France-JE-TRAVAILLE-EN-ALLEMAGNE.jpg\",\"width\":508,\"height\":339,\"caption\":\"A french and a german flag waving together\"},{\"@type\":\"BreadcrumbList\",\"@id\":\"https:\/\/frontaliers-grandest.eu\/de\/startseite\/rente\/renteneintrittsalter\/in-deutschland\/#breadcrumb\",\"itemListElement\":[{\"@type\":\"ListItem\",\"position\":1,\"name\":\"Startseite\",\"item\":\"https:\/\/frontaliers-grandest.eu\/de\/\"},{\"@type\":\"ListItem\",\"position\":2,\"name\":\"Grenzg\u00e4nger-Rente\",\"item\":\"https:\/\/frontaliers-grandest.eu\/de\/startseite\/rente\/\"},{\"@type\":\"ListItem\",\"position\":3,\"name\":\"Renteneintrittsalter\",\"item\":\"https:\/\/frontaliers-grandest.eu\/de\/startseite\/rente\/renteneintrittsalter\/\"},{\"@type\":\"ListItem\",\"position\":4,\"name\":\"Das Renteneintrittsalter in Deutschland\"}]},{\"@type\":\"WebSite\",\"@id\":\"https:\/\/frontaliers-grandest.eu\/de\/#website\",\"url\":\"https:\/\/frontaliers-grandest.eu\/de\/\",\"name\":\"Frontaliers Grand Est\",\"description\":\"Le site ressource du travail frontalier\",\"publisher\":{\"@id\":\"https:\/\/frontaliers-grandest.eu\/de\/#organization\"},\"alternateName\":\"Frontaliers Grand Est\",\"potentialAction\":[{\"@type\":\"SearchAction\",\"target\":{\"@type\":\"EntryPoint\",\"urlTemplate\":\"https:\/\/frontaliers-grandest.eu\/de\/?s={search_term_string}\"},\"query-input\":{\"@type\":\"PropertyValueSpecification\",\"valueRequired\":true,\"valueName\":\"search_term_string\"}}],\"inLanguage\":\"de\"},{\"@type\":\"Organization\",\"@id\":\"https:\/\/frontaliers-grandest.eu\/de\/#organization\",\"name\":\"Frontaliers Grand Est\",\"alternateName\":\"Frontaliers Grand Est\",\"url\":\"https:\/\/frontaliers-grandest.eu\/de\/\",\"logo\":{\"@type\":\"ImageObject\",\"inLanguage\":\"de\",\"@id\":\"https:\/\/frontaliers-grandest.eu\/de\/#\/schema\/logo\/image\/\",\"url\":\"https:\/\/frontaliers-grandest.eu\/wp-content\/uploads\/2025\/07\/260328234_2966785176920310_3332838526503858160_n.jpg\",\"contentUrl\":\"https:\/\/frontaliers-grandest.eu\/wp-content\/uploads\/2025\/07\/260328234_2966785176920310_3332838526503858160_n.jpg\",\"width\":396,\"height\":396,\"caption\":\"Frontaliers Grand Est\"},\"image\":{\"@id\":\"https:\/\/frontaliers-grandest.eu\/de\/#\/schema\/logo\/image\/\"},\"sameAs\":[\"https:\/\/www.facebook.com\/frontaliers.GR.EST\/?locale=fr_FR\"]}]}<\/script>\n<!-- \/ Yoast SEO plugin. -->","yoast_head_json":{"title":"Das Renteneintrittsalter in Deutschland","description":"Sie m\u00f6chten Ihre deutsche Rente beziehen? Ihre Arbeitsdauer und Ihr Geburtsjahr sind ausschlaggebend.","robots":{"index":"index","follow":"follow","max-snippet":"max-snippet:-1","max-image-preview":"max-image-preview:large","max-video-preview":"max-video-preview:-1"},"canonical":"https:\/\/frontaliers-grandest.eu\/de\/startseite\/rente\/renteneintrittsalter\/in-deutschland\/","og_locale":"de_DE","og_type":"article","og_title":"Das Renteneintrittsalter in Deutschland","og_description":"Sie m\u00f6chten Ihre deutsche Rente beziehen? Ihre Arbeitsdauer und Ihr Geburtsjahr sind ausschlaggebend.","og_url":"https:\/\/frontaliers-grandest.eu\/de\/startseite\/rente\/renteneintrittsalter\/in-deutschland\/","og_site_name":"Frontaliers Grand Est","article_publisher":"https:\/\/www.facebook.com\/frontaliers.GR.EST\/?locale=fr_FR","article_modified_time":"2024-07-25T13:27:20+00:00","og_image":[{"width":508,"height":339,"url":"https:\/\/frontaliers-grandest.eu\/wp-content\/uploads\/2022\/08\/JHABITE-EN-France-JE-TRAVAILLE-EN-ALLEMAGNE.jpg","type":"image\/jpeg"}],"twitter_card":"summary_large_image","twitter_misc":{"Gesch\u00e4tzte Lesezeit":"2\u00a0Minuten"},"schema":{"@context":"https:\/\/schema.org","@graph":[{"@type":"WebPage","@id":"https:\/\/frontaliers-grandest.eu\/de\/startseite\/rente\/renteneintrittsalter\/in-deutschland\/","url":"https:\/\/frontaliers-grandest.eu\/de\/startseite\/rente\/renteneintrittsalter\/in-deutschland\/","name":"Das Renteneintrittsalter in Deutschland","isPartOf":{"@id":"https:\/\/frontaliers-grandest.eu\/de\/#website"},"primaryImageOfPage":{"@id":"https:\/\/frontaliers-grandest.eu\/de\/startseite\/rente\/renteneintrittsalter\/in-deutschland\/#primaryimage"},"image":{"@id":"https:\/\/frontaliers-grandest.eu\/de\/startseite\/rente\/renteneintrittsalter\/in-deutschland\/#primaryimage"},"thumbnailUrl":"https:\/\/frontaliers-grandest.eu\/wp-content\/uploads\/2022\/08\/JHABITE-EN-France-JE-TRAVAILLE-EN-ALLEMAGNE.jpg","datePublished":"2022-08-26T14:42:44+00:00","dateModified":"2024-07-25T13:27:20+00:00","description":"Sie m\u00f6chten Ihre deutsche Rente beziehen? Ihre Arbeitsdauer und Ihr Geburtsjahr sind ausschlaggebend.","breadcrumb":{"@id":"https:\/\/frontaliers-grandest.eu\/de\/startseite\/rente\/renteneintrittsalter\/in-deutschland\/#breadcrumb"},"inLanguage":"de","potentialAction":[{"@type":"ReadAction","target":["https:\/\/frontaliers-grandest.eu\/de\/startseite\/rente\/renteneintrittsalter\/in-deutschland\/"]}]},{"@type":"ImageObject","inLanguage":"de","@id":"https:\/\/frontaliers-grandest.eu\/de\/startseite\/rente\/renteneintrittsalter\/in-deutschland\/#primaryimage","url":"https:\/\/frontaliers-grandest.eu\/wp-content\/uploads\/2022\/08\/JHABITE-EN-France-JE-TRAVAILLE-EN-ALLEMAGNE.jpg","contentUrl":"https:\/\/frontaliers-grandest.eu\/wp-content\/uploads\/2022\/08\/JHABITE-EN-France-JE-TRAVAILLE-EN-ALLEMAGNE.jpg","width":508,"height":339,"caption":"A french and a german flag waving together"},{"@type":"BreadcrumbList","@id":"https:\/\/frontaliers-grandest.eu\/de\/startseite\/rente\/renteneintrittsalter\/in-deutschland\/#breadcrumb","itemListElement":[{"@type":"ListItem","position":1,"name":"Startseite","item":"https:\/\/frontaliers-grandest.eu\/de\/"},{"@type":"ListItem","position":2,"name":"Grenzg\u00e4nger-Rente","item":"https:\/\/frontaliers-grandest.eu\/de\/startseite\/rente\/"},{"@type":"ListItem","position":3,"name":"Renteneintrittsalter","item":"https:\/\/frontaliers-grandest.eu\/de\/startseite\/rente\/renteneintrittsalter\/"},{"@type":"ListItem","position":4,"name":"Das Renteneintrittsalter in Deutschland"}]},{"@type":"WebSite","@id":"https:\/\/frontaliers-grandest.eu\/de\/#website","url":"https:\/\/frontaliers-grandest.eu\/de\/","name":"Frontaliers Grand Est","description":"Le site ressource du travail frontalier","publisher":{"@id":"https:\/\/frontaliers-grandest.eu\/de\/#organization"},"alternateName":"Frontaliers Grand Est","potentialAction":[{"@type":"SearchAction","target":{"@type":"EntryPoint","urlTemplate":"https:\/\/frontaliers-grandest.eu\/de\/?s={search_term_string}"},"query-input":{"@type":"PropertyValueSpecification","valueRequired":true,"valueName":"search_term_string"}}],"inLanguage":"de"},{"@type":"Organization","@id":"https:\/\/frontaliers-grandest.eu\/de\/#organization","name":"Frontaliers Grand Est","alternateName":"Frontaliers Grand Est","url":"https:\/\/frontaliers-grandest.eu\/de\/","logo":{"@type":"ImageObject","inLanguage":"de","@id":"https:\/\/frontaliers-grandest.eu\/de\/#\/schema\/logo\/image\/","url":"https:\/\/frontaliers-grandest.eu\/wp-content\/uploads\/2025\/07\/260328234_2966785176920310_3332838526503858160_n.jpg","contentUrl":"https:\/\/frontaliers-grandest.eu\/wp-content\/uploads\/2025\/07\/260328234_2966785176920310_3332838526503858160_n.jpg","width":396,"height":396,"caption":"Frontaliers Grand Est"},"image":{"@id":"https:\/\/frontaliers-grandest.eu\/de\/#\/schema\/logo\/image\/"},"sameAs":["https:\/\/www.facebook.com\/frontaliers.GR.EST\/?locale=fr_FR"]}]}},"frge_page_order":0,"_links":{"self":[{"href":"https:\/\/frontaliers-grandest.eu\/de\/wp-json\/wp\/v2\/pages\/20218","targetHints":{"allow":["GET"]}}],"collection":[{"href":"https:\/\/frontaliers-grandest.eu\/de\/wp-json\/wp\/v2\/pages"}],"about":[{"href":"https:\/\/frontaliers-grandest.eu\/de\/wp-json\/wp\/v2\/types\/page"}],"author":[{"embeddable":true,"href":"https:\/\/frontaliers-grandest.eu\/de\/wp-json\/wp\/v2\/users\/4"}],"replies":[{"embeddable":true,"href":"https:\/\/frontaliers-grandest.eu\/de\/wp-json\/wp\/v2\/comments?post=20218"}],"version-history":[{"count":10,"href":"https:\/\/frontaliers-grandest.eu\/de\/wp-json\/wp\/v2\/pages\/20218\/revisions"}],"predecessor-version":[{"id":20745,"href":"https:\/\/frontaliers-grandest.eu\/de\/wp-json\/wp\/v2\/pages\/20218\/revisions\/20745"}],"up":[{"embeddable":true,"href":"https:\/\/frontaliers-grandest.eu\/de\/wp-json\/wp\/v2\/pages\/20170"}],"wp:featuredmedia":[{"embeddable":true,"href":"https:\/\/frontaliers-grandest.eu\/de\/wp-json\/wp\/v2\/media\/20354"}],"wp:attachment":[{"href":"https:\/\/frontaliers-grandest.eu\/de\/wp-json\/wp\/v2\/media?parent=20218"}],"wp:term":[{"taxonomy":"post_tag","embeddable":true,"href":"https:\/\/frontaliers-grandest.eu\/de\/wp-json\/wp\/v2\/tags?post=20218"},{"taxonomy":"frge_profile","embeddable":true,"href":"https:\/\/frontaliers-grandest.eu\/de\/wp-json\/wp\/v2\/frge_profile?post=20218"}],"curies":[{"name":"wp","href":"https:\/\/api.w.org\/{rel}","templated":true}]}}