{"id":20178,"date":"2022-08-26T15:00:48","date_gmt":"2022-08-26T13:00:48","guid":{"rendered":"https:\/\/frontaliers-grandest.eu\/startseite\/rente\/renteneintrittsalter\/das-renteneintrittsalter-in-luxemburg\/"},"modified":"2024-07-25T15:27:59","modified_gmt":"2024-07-25T13:27:59","slug":"in-luxemburg","status":"publish","type":"page","link":"https:\/\/frontaliers-grandest.eu\/de\/startseite\/rente\/renteneintrittsalter\/in-luxemburg\/","title":{"rendered":"Das Renteneintrittsalter in Luxemburg"},"content":{"rendered":"\n<p>Das gesetzliche Renteneintrittsalter betr\u00e4gt 65 Jahre, sofern der Antragsteller mindestens 120 Versicherungsmonate vorweisen kann. Wurde die Berufst\u00e4tigkeit in mehreren Mitgliedsstaaten der Europ\u00e4ischen Union ausge\u00fcbt, werden die dortigen Versicherungsperioden f\u00fcr die Berechnung der 120 Monate ber\u00fccksichtigt.<\/p>\n\n\n\n<p>Sie m\u00f6chten Ihr genaues Renteneintrittsalter erfahren? Dann wenden Sie sich an die CNAP \u00fcber den folgenden Link: <a href=\"https:\/\/www.cnap.lu\/accueil-mail-old\/email-futur-pensionne\/\" target=\"_blank\" rel=\"noreferrer noopener\">https:\/\/www.cnap.lu\/accueil-mail-old\/email-futur-pensionne\/<\/a><\/p>\n\n\n\n<h4 class=\"wp-block-heading\">VORRUHESTAND<\/h4>\n\n\n\n<p>F\u00fcr die Beantragung des Vorruhestands haben Sie zwei M\u00f6glichkeiten:<\/p>\n\n\n\n<p>\u2022 im Alter von 57 Jahren, wenn Sie eine Pflichtversicherungszeit von 480 Monaten nachweisen k\u00f6nnen,<\/p>\n\n\n\n<p>\u2022 im Alter von 60 Jahren, wenn Sie Versicherte eine Pflichtversicherungs-, Weiterversicherungs- oder Optionsversicherungszeit, eine R\u00fcckkaufversicherungszeit und Erg\u00e4nzungsversicherungszeit von 480 Monaten nachweisen k\u00f6nnen, von denen mindestens 120 Monate auf Pflichtversicherungs-, Weiterversicherungs-, Optionsversicherungs- und R\u00fcckkaufversicherungszeiten entfallen m\u00fcssen.<\/p>\n\n\n\n<p>Aus der folgenden Tabelle gehen die Versicherungszeiten hervor, die f\u00fcr die Berechnung des Rechts auf Zahlung einer klassischen oder vorgezogenen Altersrente herangezogen werden:<\/p>\n\n\n\n<div class=\"wp-block-columns is-layout-flex wp-container-core-columns-is-layout-28f84493 wp-block-columns-is-layout-flex\">\n<div class=\"wp-block-column is-layout-flow wp-block-column-is-layout-flow\" style=\"flex-basis:100%\">\n<figure class=\"wp-block-image size-large\"><img loading=\"lazy\" decoding=\"async\" width=\"1024\" height=\"266\" src=\"https:\/\/frontaliers-grandest.eu\/wp-content\/uploads\/2022\/08\/tableau1-1024x266.jpg\" alt=\"\" class=\"wp-image-20206\" srcset=\"https:\/\/frontaliers-grandest.eu\/wp-content\/uploads\/2022\/08\/tableau1-1024x266.jpg 1024w, https:\/\/frontaliers-grandest.eu\/wp-content\/uploads\/2022\/08\/tableau1-300x78.jpg 300w, https:\/\/frontaliers-grandest.eu\/wp-content\/uploads\/2022\/08\/tableau1-768x199.jpg 768w, https:\/\/frontaliers-grandest.eu\/wp-content\/uploads\/2022\/08\/tableau1-1200x312.jpg 1200w, https:\/\/frontaliers-grandest.eu\/wp-content\/uploads\/2022\/08\/tableau1.jpg 1286w\" sizes=\"auto, (max-width: 1024px) 100vw, 1024px\" \/><\/figure>\n\n\n\n<p>In Blau: Versicherungszeiten, die f\u00fcr die Rente z\u00e4hlen<\/p>\n\n\n\n<p>In Grau: Versicherungszeiten, die nicht ber\u00fccksichtigt werden<\/p>\n\n\n\n<p>*<sup>1<\/sup> PVA = Vorruhestandsrente<\/p>\n\n\n\n<p>*\u00b2 PV = Altersrente<\/p>\n<\/div>\n<\/div>\n","protected":false},"excerpt":{"rendered":"<p>Das gesetzliche Renteneintrittsalter betr\u00e4gt 65 Jahre, sofern der Antragsteller mindestens 120 Versicherungsmonate vorweisen kann. Wurde die Berufst\u00e4tigkeit in mehreren Mitgliedsstaaten der Europ\u00e4ischen Union ausge\u00fcbt, werden die dortigen Versicherungsperioden f\u00fcr die Berechnung der 120 Monate ber\u00fccksichtigt. Sie m\u00f6chten Ihr genaues Renteneintrittsalter erfahren? Dann wenden Sie sich an die CNAP \u00fcber den folgenden Link: https:\/\/www.cnap.lu\/accueil-mail-old\/email-futur-pensionne\/ VORRUHESTAND F\u00fcr [&hellip;]<\/p>\n","protected":false},"author":4,"featured_media":20355,"parent":20170,"menu_order":3,"comment_status":"closed","ping_status":"closed","template":"","meta":{"inline_featured_image":false,"footnotes":""},"tags":[],"frge_profile":[],"class_list":["post-20178","page","type-page","status-publish","has-post-thumbnail","hentry"],"yoast_head":"<!-- This site is optimized with the Yoast SEO plugin v27.1.1 - https:\/\/yoast.com\/product\/yoast-seo-wordpress\/ -->\n<title>Das Renteneintrittsalter in Luxemburg<\/title>\n<meta name=\"description\" content=\"Um in Luxemburg als Grenzg\u00e4nger eine Rente in Anspruch nehmen zu k\u00f6nnen, sind nicht zehn Beitragsjahre im Grossherzogtum erforderlich.\" \/>\n<meta name=\"robots\" content=\"index, follow, max-snippet:-1, max-image-preview:large, max-video-preview:-1\" \/>\n<link rel=\"canonical\" href=\"https:\/\/frontaliers-grandest.eu\/de\/startseite\/rente\/renteneintrittsalter\/in-luxemburg\/\" \/>\n<meta property=\"og:locale\" content=\"de_DE\" \/>\n<meta property=\"og:type\" content=\"article\" \/>\n<meta property=\"og:title\" content=\"Das Renteneintrittsalter in Luxemburg\" \/>\n<meta property=\"og:description\" content=\"Um in Luxemburg als Grenzg\u00e4nger eine Rente in Anspruch nehmen zu k\u00f6nnen, sind nicht zehn Beitragsjahre im Grossherzogtum erforderlich.\" \/>\n<meta property=\"og:url\" content=\"https:\/\/frontaliers-grandest.eu\/de\/startseite\/rente\/renteneintrittsalter\/in-luxemburg\/\" \/>\n<meta property=\"og:site_name\" content=\"Frontaliers Grand Est\" \/>\n<meta property=\"article:publisher\" content=\"https:\/\/www.facebook.com\/frontaliers.GR.EST\/?locale=fr_FR\" \/>\n<meta property=\"article:modified_time\" content=\"2024-07-25T13:27:59+00:00\" \/>\n<meta property=\"og:image\" content=\"https:\/\/frontaliers-grandest.eu\/wp-content\/uploads\/2022\/08\/JHABITE-EN-France-JE-TRAVAILLE-AU-LUXEMBOURG-scaled.jpg\" \/>\n\t<meta property=\"og:image:width\" content=\"2560\" \/>\n\t<meta property=\"og:image:height\" content=\"1501\" \/>\n\t<meta property=\"og:image:type\" content=\"image\/jpeg\" \/>\n<meta name=\"twitter:card\" content=\"summary_large_image\" \/>\n<meta name=\"twitter:label1\" content=\"Gesch\u00e4tzte Lesezeit\" \/>\n\t<meta name=\"twitter:data1\" content=\"2\u00a0Minuten\" \/>\n<script type=\"application\/ld+json\" class=\"yoast-schema-graph\">{\"@context\":\"https:\/\/schema.org\",\"@graph\":[{\"@type\":\"WebPage\",\"@id\":\"https:\/\/frontaliers-grandest.eu\/de\/startseite\/rente\/renteneintrittsalter\/in-luxemburg\/\",\"url\":\"https:\/\/frontaliers-grandest.eu\/de\/startseite\/rente\/renteneintrittsalter\/in-luxemburg\/\",\"name\":\"Das Renteneintrittsalter in Luxemburg\",\"isPartOf\":{\"@id\":\"https:\/\/frontaliers-grandest.eu\/de\/#website\"},\"primaryImageOfPage\":{\"@id\":\"https:\/\/frontaliers-grandest.eu\/de\/startseite\/rente\/renteneintrittsalter\/in-luxemburg\/#primaryimage\"},\"image\":{\"@id\":\"https:\/\/frontaliers-grandest.eu\/de\/startseite\/rente\/renteneintrittsalter\/in-luxemburg\/#primaryimage\"},\"thumbnailUrl\":\"https:\/\/frontaliers-grandest.eu\/wp-content\/uploads\/2022\/08\/JHABITE-EN-France-JE-TRAVAILLE-AU-LUXEMBOURG-scaled.jpg\",\"datePublished\":\"2022-08-26T13:00:48+00:00\",\"dateModified\":\"2024-07-25T13:27:59+00:00\",\"description\":\"Um in Luxemburg als Grenzg\u00e4nger eine Rente in Anspruch nehmen zu k\u00f6nnen, sind nicht zehn Beitragsjahre im Grossherzogtum erforderlich.\",\"breadcrumb\":{\"@id\":\"https:\/\/frontaliers-grandest.eu\/de\/startseite\/rente\/renteneintrittsalter\/in-luxemburg\/#breadcrumb\"},\"inLanguage\":\"de\",\"potentialAction\":[{\"@type\":\"ReadAction\",\"target\":[\"https:\/\/frontaliers-grandest.eu\/de\/startseite\/rente\/renteneintrittsalter\/in-luxemburg\/\"]}]},{\"@type\":\"ImageObject\",\"inLanguage\":\"de\",\"@id\":\"https:\/\/frontaliers-grandest.eu\/de\/startseite\/rente\/renteneintrittsalter\/in-luxemburg\/#primaryimage\",\"url\":\"https:\/\/frontaliers-grandest.eu\/wp-content\/uploads\/2022\/08\/JHABITE-EN-France-JE-TRAVAILLE-AU-LUXEMBOURG-scaled.jpg\",\"contentUrl\":\"https:\/\/frontaliers-grandest.eu\/wp-content\/uploads\/2022\/08\/JHABITE-EN-France-JE-TRAVAILLE-AU-LUXEMBOURG-scaled.jpg\",\"width\":2560,\"height\":1501,\"caption\":\"France and Luxembourg, two flags waving against blue sky. 3d image\"},{\"@type\":\"BreadcrumbList\",\"@id\":\"https:\/\/frontaliers-grandest.eu\/de\/startseite\/rente\/renteneintrittsalter\/in-luxemburg\/#breadcrumb\",\"itemListElement\":[{\"@type\":\"ListItem\",\"position\":1,\"name\":\"Startseite\",\"item\":\"https:\/\/frontaliers-grandest.eu\/de\/\"},{\"@type\":\"ListItem\",\"position\":2,\"name\":\"Grenzg\u00e4nger-Rente\",\"item\":\"https:\/\/frontaliers-grandest.eu\/de\/startseite\/rente\/\"},{\"@type\":\"ListItem\",\"position\":3,\"name\":\"Renteneintrittsalter\",\"item\":\"https:\/\/frontaliers-grandest.eu\/de\/startseite\/rente\/renteneintrittsalter\/\"},{\"@type\":\"ListItem\",\"position\":4,\"name\":\"Das Renteneintrittsalter in Luxemburg\"}]},{\"@type\":\"WebSite\",\"@id\":\"https:\/\/frontaliers-grandest.eu\/de\/#website\",\"url\":\"https:\/\/frontaliers-grandest.eu\/de\/\",\"name\":\"Frontaliers Grand Est\",\"description\":\"Le site ressource du travail frontalier\",\"publisher\":{\"@id\":\"https:\/\/frontaliers-grandest.eu\/de\/#organization\"},\"alternateName\":\"Frontaliers Grand Est\",\"potentialAction\":[{\"@type\":\"SearchAction\",\"target\":{\"@type\":\"EntryPoint\",\"urlTemplate\":\"https:\/\/frontaliers-grandest.eu\/de\/?s={search_term_string}\"},\"query-input\":{\"@type\":\"PropertyValueSpecification\",\"valueRequired\":true,\"valueName\":\"search_term_string\"}}],\"inLanguage\":\"de\"},{\"@type\":\"Organization\",\"@id\":\"https:\/\/frontaliers-grandest.eu\/de\/#organization\",\"name\":\"Frontaliers Grand Est\",\"alternateName\":\"Frontaliers Grand Est\",\"url\":\"https:\/\/frontaliers-grandest.eu\/de\/\",\"logo\":{\"@type\":\"ImageObject\",\"inLanguage\":\"de\",\"@id\":\"https:\/\/frontaliers-grandest.eu\/de\/#\/schema\/logo\/image\/\",\"url\":\"https:\/\/frontaliers-grandest.eu\/wp-content\/uploads\/2025\/07\/260328234_2966785176920310_3332838526503858160_n.jpg\",\"contentUrl\":\"https:\/\/frontaliers-grandest.eu\/wp-content\/uploads\/2025\/07\/260328234_2966785176920310_3332838526503858160_n.jpg\",\"width\":396,\"height\":396,\"caption\":\"Frontaliers Grand Est\"},\"image\":{\"@id\":\"https:\/\/frontaliers-grandest.eu\/de\/#\/schema\/logo\/image\/\"},\"sameAs\":[\"https:\/\/www.facebook.com\/frontaliers.GR.EST\/?locale=fr_FR\"]}]}<\/script>\n<!-- \/ Yoast SEO plugin. -->","yoast_head_json":{"title":"Das Renteneintrittsalter in Luxemburg","description":"Um in Luxemburg als Grenzg\u00e4nger eine Rente in Anspruch nehmen zu k\u00f6nnen, sind nicht zehn Beitragsjahre im Grossherzogtum erforderlich.","robots":{"index":"index","follow":"follow","max-snippet":"max-snippet:-1","max-image-preview":"max-image-preview:large","max-video-preview":"max-video-preview:-1"},"canonical":"https:\/\/frontaliers-grandest.eu\/de\/startseite\/rente\/renteneintrittsalter\/in-luxemburg\/","og_locale":"de_DE","og_type":"article","og_title":"Das Renteneintrittsalter in Luxemburg","og_description":"Um in Luxemburg als Grenzg\u00e4nger eine Rente in Anspruch nehmen zu k\u00f6nnen, sind nicht zehn Beitragsjahre im Grossherzogtum erforderlich.","og_url":"https:\/\/frontaliers-grandest.eu\/de\/startseite\/rente\/renteneintrittsalter\/in-luxemburg\/","og_site_name":"Frontaliers Grand Est","article_publisher":"https:\/\/www.facebook.com\/frontaliers.GR.EST\/?locale=fr_FR","article_modified_time":"2024-07-25T13:27:59+00:00","og_image":[{"width":2560,"height":1501,"url":"https:\/\/frontaliers-grandest.eu\/wp-content\/uploads\/2022\/08\/JHABITE-EN-France-JE-TRAVAILLE-AU-LUXEMBOURG-scaled.jpg","type":"image\/jpeg"}],"twitter_card":"summary_large_image","twitter_misc":{"Gesch\u00e4tzte Lesezeit":"2\u00a0Minuten"},"schema":{"@context":"https:\/\/schema.org","@graph":[{"@type":"WebPage","@id":"https:\/\/frontaliers-grandest.eu\/de\/startseite\/rente\/renteneintrittsalter\/in-luxemburg\/","url":"https:\/\/frontaliers-grandest.eu\/de\/startseite\/rente\/renteneintrittsalter\/in-luxemburg\/","name":"Das Renteneintrittsalter in Luxemburg","isPartOf":{"@id":"https:\/\/frontaliers-grandest.eu\/de\/#website"},"primaryImageOfPage":{"@id":"https:\/\/frontaliers-grandest.eu\/de\/startseite\/rente\/renteneintrittsalter\/in-luxemburg\/#primaryimage"},"image":{"@id":"https:\/\/frontaliers-grandest.eu\/de\/startseite\/rente\/renteneintrittsalter\/in-luxemburg\/#primaryimage"},"thumbnailUrl":"https:\/\/frontaliers-grandest.eu\/wp-content\/uploads\/2022\/08\/JHABITE-EN-France-JE-TRAVAILLE-AU-LUXEMBOURG-scaled.jpg","datePublished":"2022-08-26T13:00:48+00:00","dateModified":"2024-07-25T13:27:59+00:00","description":"Um in Luxemburg als Grenzg\u00e4nger eine Rente in Anspruch nehmen zu k\u00f6nnen, sind nicht zehn Beitragsjahre im Grossherzogtum erforderlich.","breadcrumb":{"@id":"https:\/\/frontaliers-grandest.eu\/de\/startseite\/rente\/renteneintrittsalter\/in-luxemburg\/#breadcrumb"},"inLanguage":"de","potentialAction":[{"@type":"ReadAction","target":["https:\/\/frontaliers-grandest.eu\/de\/startseite\/rente\/renteneintrittsalter\/in-luxemburg\/"]}]},{"@type":"ImageObject","inLanguage":"de","@id":"https:\/\/frontaliers-grandest.eu\/de\/startseite\/rente\/renteneintrittsalter\/in-luxemburg\/#primaryimage","url":"https:\/\/frontaliers-grandest.eu\/wp-content\/uploads\/2022\/08\/JHABITE-EN-France-JE-TRAVAILLE-AU-LUXEMBOURG-scaled.jpg","contentUrl":"https:\/\/frontaliers-grandest.eu\/wp-content\/uploads\/2022\/08\/JHABITE-EN-France-JE-TRAVAILLE-AU-LUXEMBOURG-scaled.jpg","width":2560,"height":1501,"caption":"France and Luxembourg, two flags waving against blue sky. 3d image"},{"@type":"BreadcrumbList","@id":"https:\/\/frontaliers-grandest.eu\/de\/startseite\/rente\/renteneintrittsalter\/in-luxemburg\/#breadcrumb","itemListElement":[{"@type":"ListItem","position":1,"name":"Startseite","item":"https:\/\/frontaliers-grandest.eu\/de\/"},{"@type":"ListItem","position":2,"name":"Grenzg\u00e4nger-Rente","item":"https:\/\/frontaliers-grandest.eu\/de\/startseite\/rente\/"},{"@type":"ListItem","position":3,"name":"Renteneintrittsalter","item":"https:\/\/frontaliers-grandest.eu\/de\/startseite\/rente\/renteneintrittsalter\/"},{"@type":"ListItem","position":4,"name":"Das Renteneintrittsalter in Luxemburg"}]},{"@type":"WebSite","@id":"https:\/\/frontaliers-grandest.eu\/de\/#website","url":"https:\/\/frontaliers-grandest.eu\/de\/","name":"Frontaliers Grand Est","description":"Le site ressource du travail frontalier","publisher":{"@id":"https:\/\/frontaliers-grandest.eu\/de\/#organization"},"alternateName":"Frontaliers Grand Est","potentialAction":[{"@type":"SearchAction","target":{"@type":"EntryPoint","urlTemplate":"https:\/\/frontaliers-grandest.eu\/de\/?s={search_term_string}"},"query-input":{"@type":"PropertyValueSpecification","valueRequired":true,"valueName":"search_term_string"}}],"inLanguage":"de"},{"@type":"Organization","@id":"https:\/\/frontaliers-grandest.eu\/de\/#organization","name":"Frontaliers Grand Est","alternateName":"Frontaliers Grand Est","url":"https:\/\/frontaliers-grandest.eu\/de\/","logo":{"@type":"ImageObject","inLanguage":"de","@id":"https:\/\/frontaliers-grandest.eu\/de\/#\/schema\/logo\/image\/","url":"https:\/\/frontaliers-grandest.eu\/wp-content\/uploads\/2025\/07\/260328234_2966785176920310_3332838526503858160_n.jpg","contentUrl":"https:\/\/frontaliers-grandest.eu\/wp-content\/uploads\/2025\/07\/260328234_2966785176920310_3332838526503858160_n.jpg","width":396,"height":396,"caption":"Frontaliers Grand Est"},"image":{"@id":"https:\/\/frontaliers-grandest.eu\/de\/#\/schema\/logo\/image\/"},"sameAs":["https:\/\/www.facebook.com\/frontaliers.GR.EST\/?locale=fr_FR"]}]}},"frge_page_order":0,"_links":{"self":[{"href":"https:\/\/frontaliers-grandest.eu\/de\/wp-json\/wp\/v2\/pages\/20178","targetHints":{"allow":["GET"]}}],"collection":[{"href":"https:\/\/frontaliers-grandest.eu\/de\/wp-json\/wp\/v2\/pages"}],"about":[{"href":"https:\/\/frontaliers-grandest.eu\/de\/wp-json\/wp\/v2\/types\/page"}],"author":[{"embeddable":true,"href":"https:\/\/frontaliers-grandest.eu\/de\/wp-json\/wp\/v2\/users\/4"}],"replies":[{"embeddable":true,"href":"https:\/\/frontaliers-grandest.eu\/de\/wp-json\/wp\/v2\/comments?post=20178"}],"version-history":[{"count":8,"href":"https:\/\/frontaliers-grandest.eu\/de\/wp-json\/wp\/v2\/pages\/20178\/revisions"}],"predecessor-version":[{"id":20207,"href":"https:\/\/frontaliers-grandest.eu\/de\/wp-json\/wp\/v2\/pages\/20178\/revisions\/20207"}],"up":[{"embeddable":true,"href":"https:\/\/frontaliers-grandest.eu\/de\/wp-json\/wp\/v2\/pages\/20170"}],"wp:featuredmedia":[{"embeddable":true,"href":"https:\/\/frontaliers-grandest.eu\/de\/wp-json\/wp\/v2\/media\/20355"}],"wp:attachment":[{"href":"https:\/\/frontaliers-grandest.eu\/de\/wp-json\/wp\/v2\/media?parent=20178"}],"wp:term":[{"taxonomy":"post_tag","embeddable":true,"href":"https:\/\/frontaliers-grandest.eu\/de\/wp-json\/wp\/v2\/tags?post=20178"},{"taxonomy":"frge_profile","embeddable":true,"href":"https:\/\/frontaliers-grandest.eu\/de\/wp-json\/wp\/v2\/frge_profile?post=20178"}],"curies":[{"name":"wp","href":"https:\/\/api.w.org\/{rel}","templated":true}]}}