{"id":13234,"date":"2021-11-05T12:36:43","date_gmt":"2021-11-05T11:36:43","guid":{"rendered":"https:\/\/frontaliers-grandest.eu\/startseite\/impressum\/"},"modified":"2024-04-30T15:29:49","modified_gmt":"2024-04-30T13:29:49","slug":"impressum","status":"publish","type":"page","link":"https:\/\/frontaliers-grandest.eu\/de\/startseite\/impressum\/","title":{"rendered":"IMPRESSUM"},"content":{"rendered":"\n<p>Willkommen auf der Website frontaliers-grandest.eu. Mit der Nutzung dieser Website best\u00e4tigen Sie, dass Sie die allgemeinen Nutzungsbedingungen gelesen haben und erkl\u00e4ren sich damit einverstanden, diese einzuhalten. Der Inhalt dieses Handbuchs kann sich \u00e4ndern, daher sollten Sie es regelm\u00e4\u00dfig \u00fcberpr\u00fcfen.<\/p>\n\n\n\n<h2 class=\"wp-block-heading\">HERAUSGEBER :<\/h2>\n\n\n\n<p>CRD EURES \/ Frontaliers Grand Est<br>11, rue Claude Chappe<br>F- 57070 METZ<\/p>\n\n\n\n<h2 class=\"wp-block-heading\">LEITUNG:<\/h2>\n\n\n\n<p>Julien DAUER, Leiter des Vereins CRD EURES \/ Frontaliers Grand Est<\/p>\n\n\n\n<h2 class=\"wp-block-heading\">Gestaltung<\/h2>\n\n\n\n<p>Why.Vision<\/p>\n\n\n\n<h2 class=\"wp-block-heading\">UMSETZUNG<\/h2>\n\n\n\n<p>OCI<\/p>\n\n\n\n<h2 class=\"wp-block-heading\">URHEBERRECHT UND RECHT AUF GEISTIGES EIGENTUM<\/h2>\n\n\n\n<p>Die Website www. frontaliers-grandest.eu unterliegt der franz\u00f6sischen und internationalen Gesetzgebung \u00fcber Geistiges Eigentum und das Urheberrecht.\u00a0 Jede Darstellung, vollst\u00e4ndige oder teilweise Reproduktion ohne Zustimmung des Autors oder des Inhabers der ver\u00f6ffentlichten Informationen,\u00a0 auf der Website zitierter Marken, Namen oder Schilder ist illegal und strafbar gem\u00e4\u00df dem franz\u00f6sischen Code de la propri\u00e9t\u00e9 intellectuelle.<\/p>\n\n\n\n<h2 class=\"wp-block-heading\">SCHUTZ PERS\u00d6NLICHER DATEN<\/h2>\n\n\n\n<p>Gem\u00e4\u00df Bestimmungen des Datenschutzgesetzes vom 6. Januar 1978 (ge\u00e4ndert durch das Gesetzt vom 6. August 2004 zum Schutz nat\u00fcrlicher Personen hinsichtlich der Verarbeitung personenbezogener Daten), verf\u00fcgt jeder Nutzer \u00fcber das Recht auf Zugriff, Korrektur, L\u00f6schung und Widerspruch gegen ihn betreffende pers\u00f6nliche Daten. Dieses Recht k\u00f6nnen Sie geltend machen, indem Sie einen entsprechenden Antrag \u00fcber den Kontaktformular auf dieser Website schicken.<\/p>\n\n\n\n<h2 class=\"wp-block-heading\">HYPERLINKS<\/h2>\n\n\n\n<p>Hyperlinks auf dieser Website, die auf andere Internetseiten verweisen, werden eindeutig als solche markiert. Die Website www.frontaliers-grandest.eu lehnt jedwede Haftung gegen\u00fcber Inhalt und Praktiken aus diesen Quellen ab.<\/p>\n\n\n\n<h2 class=\"wp-block-heading\">HAFTUNG<\/h2>\n\n\n\n<p>Der Herausgeber der Website&nbsp;<a href=\"http:\/\/www.frontaliers-grandest.eu\/\"><strong>www.frontaliers-grandest.eu<\/strong><\/a>&nbsp;legt besonderen Wert auf die Genauigkeit der ver\u00f6ffentlichten Informationen. Trotz seiner Sorgfalt bei auf der Website verbreiteten Informationen kann der Herausgeber keine Haftung f\u00fcr inhaltliche Richtigkeit, Genauigkeit, Aktualit\u00e4t, Zuverl\u00e4ssigkeit und Vollst\u00e4ndigkeit dieser Informationen \u00fcbernehmen.<\/p>\n\n\n\n<p>Der Herausgeber der Website kann nicht haftbar gemacht werden f\u00fcr Fehler, Auslassungen, Zugang zu Informationen oder ihre Verwendung oder Nicht-Verwendung.<\/p>\n\n\n\n<p>Die Europ\u00e4ische Kommission und der Region Grand Est tragen keine Verantwortung f\u00fcr den Inhalt dieser Webseite und haftet nicht f\u00fcr die Nutzung der darin enthaltenen Informationen.<\/p>\n","protected":false},"excerpt":{"rendered":"<p>Willkommen auf der Website frontaliers-grandest.eu. Mit der Nutzung dieser Website best\u00e4tigen Sie, dass Sie die allgemeinen Nutzungsbedingungen gelesen haben und erkl\u00e4ren sich damit einverstanden, diese einzuhalten. Der Inhalt dieses Handbuchs kann sich \u00e4ndern, daher sollten Sie es regelm\u00e4\u00dfig \u00fcberpr\u00fcfen. HERAUSGEBER : CRD EURES \/ Frontaliers Grand Est11, rue Claude ChappeF- 57070 METZ LEITUNG: Julien DAUER, [&hellip;]<\/p>\n","protected":false},"author":4,"featured_media":0,"parent":40,"menu_order":12,"comment_status":"closed","ping_status":"closed","template":"","meta":{"inline_featured_image":false,"footnotes":""},"tags":[],"frge_profile":[],"class_list":["post-13234","page","type-page","status-publish","hentry"],"yoast_head":"<!-- This site is optimized with the Yoast SEO plugin v27.1.1 - https:\/\/yoast.com\/product\/yoast-seo-wordpress\/ -->\n<title>IMPRESSUM - Frontaliers Grand Est<\/title>\n<meta name=\"robots\" content=\"index, follow, max-snippet:-1, max-image-preview:large, max-video-preview:-1\" \/>\n<link rel=\"canonical\" href=\"https:\/\/frontaliers-grandest.eu\/de\/startseite\/impressum\/\" \/>\n<meta property=\"og:locale\" content=\"de_DE\" \/>\n<meta property=\"og:type\" content=\"article\" \/>\n<meta property=\"og:title\" content=\"IMPRESSUM - Frontaliers Grand Est\" \/>\n<meta property=\"og:description\" content=\"Willkommen auf der Website frontaliers-grandest.eu. Mit der Nutzung dieser Website best\u00e4tigen Sie, dass Sie die allgemeinen Nutzungsbedingungen gelesen haben und erkl\u00e4ren sich damit einverstanden, diese einzuhalten. Der Inhalt dieses Handbuchs kann sich \u00e4ndern, daher sollten Sie es regelm\u00e4\u00dfig \u00fcberpr\u00fcfen. HERAUSGEBER : CRD EURES \/ Frontaliers Grand Est11, rue Claude ChappeF- 57070 METZ LEITUNG: Julien DAUER, [&hellip;]\" \/>\n<meta property=\"og:url\" content=\"https:\/\/frontaliers-grandest.eu\/de\/startseite\/impressum\/\" \/>\n<meta property=\"og:site_name\" content=\"Frontaliers Grand Est\" \/>\n<meta property=\"article:publisher\" content=\"https:\/\/www.facebook.com\/frontaliers.GR.EST\/?locale=fr_FR\" \/>\n<meta property=\"article:modified_time\" content=\"2024-04-30T13:29:49+00:00\" \/>\n<meta name=\"twitter:card\" content=\"summary_large_image\" \/>\n<meta name=\"twitter:label1\" content=\"Gesch\u00e4tzte Lesezeit\" \/>\n\t<meta name=\"twitter:data1\" content=\"2\u00a0Minuten\" \/>\n<script type=\"application\/ld+json\" class=\"yoast-schema-graph\">{\"@context\":\"https:\/\/schema.org\",\"@graph\":[{\"@type\":\"WebPage\",\"@id\":\"https:\/\/frontaliers-grandest.eu\/de\/startseite\/impressum\/\",\"url\":\"https:\/\/frontaliers-grandest.eu\/de\/startseite\/impressum\/\",\"name\":\"IMPRESSUM - Frontaliers Grand Est\",\"isPartOf\":{\"@id\":\"https:\/\/frontaliers-grandest.eu\/de\/#website\"},\"datePublished\":\"2021-11-05T11:36:43+00:00\",\"dateModified\":\"2024-04-30T13:29:49+00:00\",\"breadcrumb\":{\"@id\":\"https:\/\/frontaliers-grandest.eu\/de\/startseite\/impressum\/#breadcrumb\"},\"inLanguage\":\"de\",\"potentialAction\":[{\"@type\":\"ReadAction\",\"target\":[\"https:\/\/frontaliers-grandest.eu\/de\/startseite\/impressum\/\"]}]},{\"@type\":\"BreadcrumbList\",\"@id\":\"https:\/\/frontaliers-grandest.eu\/de\/startseite\/impressum\/#breadcrumb\",\"itemListElement\":[{\"@type\":\"ListItem\",\"position\":1,\"name\":\"Startseite\",\"item\":\"https:\/\/frontaliers-grandest.eu\/de\/\"},{\"@type\":\"ListItem\",\"position\":2,\"name\":\"IMPRESSUM\"}]},{\"@type\":\"WebSite\",\"@id\":\"https:\/\/frontaliers-grandest.eu\/de\/#website\",\"url\":\"https:\/\/frontaliers-grandest.eu\/de\/\",\"name\":\"Frontaliers Grand Est\",\"description\":\"Le site ressource du travail frontalier\",\"publisher\":{\"@id\":\"https:\/\/frontaliers-grandest.eu\/de\/#organization\"},\"alternateName\":\"Frontaliers Grand Est\",\"potentialAction\":[{\"@type\":\"SearchAction\",\"target\":{\"@type\":\"EntryPoint\",\"urlTemplate\":\"https:\/\/frontaliers-grandest.eu\/de\/?s={search_term_string}\"},\"query-input\":{\"@type\":\"PropertyValueSpecification\",\"valueRequired\":true,\"valueName\":\"search_term_string\"}}],\"inLanguage\":\"de\"},{\"@type\":\"Organization\",\"@id\":\"https:\/\/frontaliers-grandest.eu\/de\/#organization\",\"name\":\"Frontaliers Grand Est\",\"alternateName\":\"Frontaliers Grand Est\",\"url\":\"https:\/\/frontaliers-grandest.eu\/de\/\",\"logo\":{\"@type\":\"ImageObject\",\"inLanguage\":\"de\",\"@id\":\"https:\/\/frontaliers-grandest.eu\/de\/#\/schema\/logo\/image\/\",\"url\":\"https:\/\/frontaliers-grandest.eu\/wp-content\/uploads\/2025\/07\/260328234_2966785176920310_3332838526503858160_n.jpg\",\"contentUrl\":\"https:\/\/frontaliers-grandest.eu\/wp-content\/uploads\/2025\/07\/260328234_2966785176920310_3332838526503858160_n.jpg\",\"width\":396,\"height\":396,\"caption\":\"Frontaliers Grand Est\"},\"image\":{\"@id\":\"https:\/\/frontaliers-grandest.eu\/de\/#\/schema\/logo\/image\/\"},\"sameAs\":[\"https:\/\/www.facebook.com\/frontaliers.GR.EST\/?locale=fr_FR\"]}]}<\/script>\n<!-- \/ Yoast SEO plugin. -->","yoast_head_json":{"title":"IMPRESSUM - Frontaliers Grand Est","robots":{"index":"index","follow":"follow","max-snippet":"max-snippet:-1","max-image-preview":"max-image-preview:large","max-video-preview":"max-video-preview:-1"},"canonical":"https:\/\/frontaliers-grandest.eu\/de\/startseite\/impressum\/","og_locale":"de_DE","og_type":"article","og_title":"IMPRESSUM - Frontaliers Grand Est","og_description":"Willkommen auf der Website frontaliers-grandest.eu. Mit der Nutzung dieser Website best\u00e4tigen Sie, dass Sie die allgemeinen Nutzungsbedingungen gelesen haben und erkl\u00e4ren sich damit einverstanden, diese einzuhalten. Der Inhalt dieses Handbuchs kann sich \u00e4ndern, daher sollten Sie es regelm\u00e4\u00dfig \u00fcberpr\u00fcfen. HERAUSGEBER : CRD EURES \/ Frontaliers Grand Est11, rue Claude ChappeF- 57070 METZ LEITUNG: Julien DAUER, [&hellip;]","og_url":"https:\/\/frontaliers-grandest.eu\/de\/startseite\/impressum\/","og_site_name":"Frontaliers Grand Est","article_publisher":"https:\/\/www.facebook.com\/frontaliers.GR.EST\/?locale=fr_FR","article_modified_time":"2024-04-30T13:29:49+00:00","twitter_card":"summary_large_image","twitter_misc":{"Gesch\u00e4tzte Lesezeit":"2\u00a0Minuten"},"schema":{"@context":"https:\/\/schema.org","@graph":[{"@type":"WebPage","@id":"https:\/\/frontaliers-grandest.eu\/de\/startseite\/impressum\/","url":"https:\/\/frontaliers-grandest.eu\/de\/startseite\/impressum\/","name":"IMPRESSUM - Frontaliers Grand Est","isPartOf":{"@id":"https:\/\/frontaliers-grandest.eu\/de\/#website"},"datePublished":"2021-11-05T11:36:43+00:00","dateModified":"2024-04-30T13:29:49+00:00","breadcrumb":{"@id":"https:\/\/frontaliers-grandest.eu\/de\/startseite\/impressum\/#breadcrumb"},"inLanguage":"de","potentialAction":[{"@type":"ReadAction","target":["https:\/\/frontaliers-grandest.eu\/de\/startseite\/impressum\/"]}]},{"@type":"BreadcrumbList","@id":"https:\/\/frontaliers-grandest.eu\/de\/startseite\/impressum\/#breadcrumb","itemListElement":[{"@type":"ListItem","position":1,"name":"Startseite","item":"https:\/\/frontaliers-grandest.eu\/de\/"},{"@type":"ListItem","position":2,"name":"IMPRESSUM"}]},{"@type":"WebSite","@id":"https:\/\/frontaliers-grandest.eu\/de\/#website","url":"https:\/\/frontaliers-grandest.eu\/de\/","name":"Frontaliers Grand Est","description":"Le site ressource du travail frontalier","publisher":{"@id":"https:\/\/frontaliers-grandest.eu\/de\/#organization"},"alternateName":"Frontaliers Grand Est","potentialAction":[{"@type":"SearchAction","target":{"@type":"EntryPoint","urlTemplate":"https:\/\/frontaliers-grandest.eu\/de\/?s={search_term_string}"},"query-input":{"@type":"PropertyValueSpecification","valueRequired":true,"valueName":"search_term_string"}}],"inLanguage":"de"},{"@type":"Organization","@id":"https:\/\/frontaliers-grandest.eu\/de\/#organization","name":"Frontaliers Grand Est","alternateName":"Frontaliers Grand Est","url":"https:\/\/frontaliers-grandest.eu\/de\/","logo":{"@type":"ImageObject","inLanguage":"de","@id":"https:\/\/frontaliers-grandest.eu\/de\/#\/schema\/logo\/image\/","url":"https:\/\/frontaliers-grandest.eu\/wp-content\/uploads\/2025\/07\/260328234_2966785176920310_3332838526503858160_n.jpg","contentUrl":"https:\/\/frontaliers-grandest.eu\/wp-content\/uploads\/2025\/07\/260328234_2966785176920310_3332838526503858160_n.jpg","width":396,"height":396,"caption":"Frontaliers Grand Est"},"image":{"@id":"https:\/\/frontaliers-grandest.eu\/de\/#\/schema\/logo\/image\/"},"sameAs":["https:\/\/www.facebook.com\/frontaliers.GR.EST\/?locale=fr_FR"]}]}},"frge_page_order":0,"_links":{"self":[{"href":"https:\/\/frontaliers-grandest.eu\/de\/wp-json\/wp\/v2\/pages\/13234","targetHints":{"allow":["GET"]}}],"collection":[{"href":"https:\/\/frontaliers-grandest.eu\/de\/wp-json\/wp\/v2\/pages"}],"about":[{"href":"https:\/\/frontaliers-grandest.eu\/de\/wp-json\/wp\/v2\/types\/page"}],"author":[{"embeddable":true,"href":"https:\/\/frontaliers-grandest.eu\/de\/wp-json\/wp\/v2\/users\/4"}],"replies":[{"embeddable":true,"href":"https:\/\/frontaliers-grandest.eu\/de\/wp-json\/wp\/v2\/comments?post=13234"}],"version-history":[{"count":4,"href":"https:\/\/frontaliers-grandest.eu\/de\/wp-json\/wp\/v2\/pages\/13234\/revisions"}],"predecessor-version":[{"id":36039,"href":"https:\/\/frontaliers-grandest.eu\/de\/wp-json\/wp\/v2\/pages\/13234\/revisions\/36039"}],"up":[{"embeddable":true,"href":"https:\/\/frontaliers-grandest.eu\/de\/wp-json\/wp\/v2\/pages\/40"}],"wp:attachment":[{"href":"https:\/\/frontaliers-grandest.eu\/de\/wp-json\/wp\/v2\/media?parent=13234"}],"wp:term":[{"taxonomy":"post_tag","embeddable":true,"href":"https:\/\/frontaliers-grandest.eu\/de\/wp-json\/wp\/v2\/tags?post=13234"},{"taxonomy":"frge_profile","embeddable":true,"href":"https:\/\/frontaliers-grandest.eu\/de\/wp-json\/wp\/v2\/frge_profile?post=13234"}],"curies":[{"name":"wp","href":"https:\/\/api.w.org\/{rel}","templated":true}]}}